{"id":3677,"date":"2017-02-27T12:48:06","date_gmt":"2017-02-27T11:48:06","guid":{"rendered":"https:\/\/www.rijeka.hr\/it\/?page_id=3677"},"modified":"2019-04-23T09:30:53","modified_gmt":"2019-04-23T07:30:53","slug":"la-riqualificazione-la-rivitalizzazione-dellex-complesso-rikard-bencic-fiume","status":"publish","type":"page","link":"https:\/\/www.rijeka.hr\/it\/temi-per-i-cittadini\/cultura\/patrimonio-culturale\/programmi-dinvestimento-inerenti-alla-protezione-alla-conservazione-del-patrimonio-culturale\/la-riqualificazione-la-rivitalizzazione-dellex-complesso-rikard-bencic-fiume\/","title":{"rendered":"Cambio di destinazione d&#8217;uso e la rivitalizzazione dell\u2019ex complesso Rikard Ben\u010di\u0107 a Fiume"},"content":{"rendered":"<p>Il progetto intitolato &#8220;Il cambio di destinazione d\u2019uso e la rivitalizzazione dell&#8217;ex complesso Rikard Ben\u010di\u0107 a Fiume&#8221; comprende la rivitalizzazione dell&#8217;ex complesso industriale &#8220;Rikard Ben\u010di\u0107&#8221; nel centro di Fiume e il cambio di destinazione d\u2019uso a scopi pubblici, culturali ed educativi attraverso investimenti e attrezzamento delle seguenti strutture:<\/p>\n<p><strong>La ricostruzione e l&#8217;attrezzamento delle strutture esistenti:<\/strong><\/p>\n<ul>\n<li>Edificio amministrativo \u2013 il palazzo dello Zuccherificio sar\u00e0 trasformato nel Museo civico di Fiume, di una superficie lorda di 5.700 mq.<\/li>\n<li>Edificio T sar\u00e0 trasformato nella Biblioteca civica di Fiume di una superficie lorda di 5.750 mq.<\/li>\n<li>L&#8217;edificio di mattoni sar\u00e0 trasformato nella Casa dell&#8217;infanzia nell&#8217;ambito del programma promosso dall\u2019Art cinema, dal Teatro dei burattini di Fiume e dalla Biblioteca civica di un\u2019area lorda di 2.971 mq.<\/li>\n<li>Edificio H sar\u00e0 trasformato nel Museo di arte moderna e contemporanea di Fiume.<\/li>\n<\/ul>\n<p>&nbsp;<\/p>\n<p><strong>L\u2019assestamento delle aree pubbliche (12.690 mq) all&#8217;interno del complesso<\/strong><\/p>\n<p><strong>La ricostruzione e l&#8217;attrezzamento dell\u2019edificio T nella Biblioteca civica e la ricostruzione e la rivitalizzazione dell&#8217;edificio di mattoni nella Casa dell\u2019infanzia vengono attuati nell&#8217;ambito del progetto &#8220;La rivitalizzazione del complesso Ben\u010di\u0107 \u2013 L\u2019edificio di mattoni e l\u2019edificio T&#8221; a favore del quale il Ministero dello sviluppo regionale e dei fondi dell&#8217;UE ha stanziato 68,21 milioni di kune a fondo perduto, attraverso il programma operativo &#8220;Competitivit\u00e0 e coesione 2014-2020&#8221;.<\/strong><\/p>\n<p><img decoding=\"async\" class=\"size-medium wp-image-8465 aligncenter\" src=\"https:\/\/www.rijeka.hr\/it\/wp-content\/uploads\/sites\/3\/2019\/04\/Kompleks-Rikard-Ben\u010di\u0107-H-objekt-i-upravna-zgrada07-600x400-300x200.jpg\" alt=\"\" \/><\/p>\n<p>La ricostruzione dell&#8217;edificio amministrativo \u2013 palazzo dello Zuccherificio viene attuata attraverso il progetto &#8220;La valorizzazione turistica dei monumenti importanti del patrimonio industriale di Fiume&#8221;, per il quale \u00e8 stata approvato l\u2019importo di 69 milioni di kune a fondo perduto a favore della Citt\u00e0 dal Fondo europeo di sviluppo regionale nell&#8217;ambito del programma operativo &#8220;Competitivit\u00e0 e coesione 2014-2020\u201d.<\/p>\n<p>Il richiedente e il promotore del progetto \u00e8 la Citt\u00e0 di Fiume con la partecipazione delle seguenti istituzioni partner nella sua attuazione: la Biblioteca civica, il Museo di arte moderna e contemporanea, il Museo civico, il Teatro dei burattini di Fiume e l&#8217;Art-cinema.<\/p>\n<p>&nbsp;<\/p>\n","protected":false},"excerpt":{"rendered":"<p>Il progetto intitolato &#8220;Il cambio di destinazione d\u2019uso e la rivitalizzazione dell&#8217;ex complesso Rikard Ben\u010di\u0107 a Fiume&#8221; comprende la rivitalizzazione dell&#8217;ex complesso industriale &#8220;Rikard Ben\u010di\u0107&#8221; nel centro di Fiume e il cambio di destinazione d\u2019uso a scopi pubblici, culturali ed educativi attraverso investimenti e attrezzamento delle seguenti strutture: La ricostruzione e l&#8217;attrezzamento delle strutture esistenti:&#8230;<\/p>\n","protected":false},"author":6,"featured_media":0,"parent":3673,"menu_order":0,"comment_status":"closed","ping_status":"closed","template":"","meta":{"_acf_changed":false,"_trash_the_other_posts":false,"footnotes":"","_links_to":"","_links_to_target":""},"tags":[],"class_list":["post-3677","page","type-page","status-publish","hentry"],"acf":[],"yoast_head":"<!-- This site is optimized with the Yoast SEO plugin v24.4 - https:\/\/yoast.com\/wordpress\/plugins\/seo\/ -->\n<title>Cambio di destinazione d&#039;uso e la rivitalizzazione dell\u2019ex complesso Rikard Ben\u010di\u0107 a Fiume - Citt\u00e0 di Fiume<\/title>\n<meta name=\"robots\" content=\"index, follow, max-snippet:-1, max-image-preview:large, max-video-preview:-1\" \/>\n<link rel=\"canonical\" href=\"https:\/\/www.rijeka.hr\/it\/temi-per-i-cittadini\/cultura\/patrimonio-culturale\/programmi-dinvestimento-inerenti-alla-protezione-alla-conservazione-del-patrimonio-culturale\/la-riqualificazione-la-rivitalizzazione-dellex-complesso-rikard-bencic-fiume\/\" \/>\n<meta property=\"og:locale\" content=\"it_IT\" \/>\n<meta property=\"og:type\" content=\"article\" \/>\n<meta property=\"og:title\" content=\"Cambio di destinazione d&#039;uso e la rivitalizzazione dell\u2019ex complesso Rikard Ben\u010di\u0107 a Fiume - Citt\u00e0 di Fiume\" \/>\n<meta property=\"og:description\" content=\"Il progetto intitolato &#8220;Il cambio di destinazione d\u2019uso e la rivitalizzazione dell&#8217;ex complesso Rikard Ben\u010di\u0107 a Fiume&#8221; comprende la rivitalizzazione dell&#8217;ex complesso industriale &#8220;Rikard Ben\u010di\u0107&#8221; nel centro di Fiume e il cambio di destinazione d\u2019uso a scopi pubblici, culturali ed educativi attraverso investimenti e attrezzamento delle seguenti strutture: La ricostruzione e l&#8217;attrezzamento delle strutture esistenti:...\" \/>\n<meta property=\"og:url\" content=\"https:\/\/www.rijeka.hr\/it\/temi-per-i-cittadini\/cultura\/patrimonio-culturale\/programmi-dinvestimento-inerenti-alla-protezione-alla-conservazione-del-patrimonio-culturale\/la-riqualificazione-la-rivitalizzazione-dellex-complesso-rikard-bencic-fiume\/\" \/>\n<meta property=\"og:site_name\" content=\"Citt\u00e0 di Fiume\" \/>\n<meta property=\"article:modified_time\" content=\"2019-04-23T07:30:53+00:00\" \/>\n<meta name=\"twitter:card\" content=\"summary_large_image\" \/>\n<meta name=\"twitter:label1\" content=\"Est. reading time\" \/>\n\t<meta name=\"twitter:data1\" content=\"2 minutes\" \/>\n<script type=\"application\/ld+json\" class=\"yoast-schema-graph\">{\"@context\":\"https:\/\/schema.org\",\"@graph\":[{\"@type\":\"WebPage\",\"@id\":\"https:\/\/www.rijeka.hr\/it\/temi-per-i-cittadini\/cultura\/patrimonio-culturale\/programmi-dinvestimento-inerenti-alla-protezione-alla-conservazione-del-patrimonio-culturale\/la-riqualificazione-la-rivitalizzazione-dellex-complesso-rikard-bencic-fiume\/\",\"url\":\"https:\/\/www.rijeka.hr\/it\/temi-per-i-cittadini\/cultura\/patrimonio-culturale\/programmi-dinvestimento-inerenti-alla-protezione-alla-conservazione-del-patrimonio-culturale\/la-riqualificazione-la-rivitalizzazione-dellex-complesso-rikard-bencic-fiume\/\",\"name\":\"Cambio di destinazione d'uso e la rivitalizzazione dell\u2019ex complesso Rikard Ben\u010di\u0107 a Fiume - Citt\u00e0 di Fiume\",\"isPartOf\":{\"@id\":\"https:\/\/www.rijeka.hr\/it\/#website\"},\"datePublished\":\"2017-02-27T11:48:06+00:00\",\"dateModified\":\"2019-04-23T07:30:53+00:00\",\"breadcrumb\":{\"@id\":\"https:\/\/www.rijeka.hr\/it\/temi-per-i-cittadini\/cultura\/patrimonio-culturale\/programmi-dinvestimento-inerenti-alla-protezione-alla-conservazione-del-patrimonio-culturale\/la-riqualificazione-la-rivitalizzazione-dellex-complesso-rikard-bencic-fiume\/#breadcrumb\"},\"inLanguage\":\"it-IT\",\"potentialAction\":[{\"@type\":\"ReadAction\",\"target\":[\"https:\/\/www.rijeka.hr\/it\/temi-per-i-cittadini\/cultura\/patrimonio-culturale\/programmi-dinvestimento-inerenti-alla-protezione-alla-conservazione-del-patrimonio-culturale\/la-riqualificazione-la-rivitalizzazione-dellex-complesso-rikard-bencic-fiume\/\"]}]},{\"@type\":\"BreadcrumbList\",\"@id\":\"https:\/\/www.rijeka.hr\/it\/temi-per-i-cittadini\/cultura\/patrimonio-culturale\/programmi-dinvestimento-inerenti-alla-protezione-alla-conservazione-del-patrimonio-culturale\/la-riqualificazione-la-rivitalizzazione-dellex-complesso-rikard-bencic-fiume\/#breadcrumb\",\"itemListElement\":[{\"@type\":\"ListItem\",\"position\":1,\"name\":\"Po\u010detna stranica\",\"item\":\"https:\/\/www.rijeka.hr\/it\/\"},{\"@type\":\"ListItem\",\"position\":2,\"name\":\"Temi per i cittadini\",\"item\":\"https:\/\/www.rijeka.hr\/it\/temi-per-i-cittadini\/\"},{\"@type\":\"ListItem\",\"position\":3,\"name\":\"Cultura\",\"item\":\"https:\/\/www.rijeka.hr\/it\/temi-per-i-cittadini\/cultura\/\"},{\"@type\":\"ListItem\",\"position\":4,\"name\":\"Patrimonio culturale\",\"item\":\"https:\/\/www.rijeka.hr\/it\/temi-per-i-cittadini\/cultura\/patrimonio-culturale\/\"},{\"@type\":\"ListItem\",\"position\":5,\"name\":\"Programmi d\u2019investimento inerenti alla protezione e alla conservazione del patrimonio culturale\",\"item\":\"https:\/\/www.rijeka.hr\/it\/temi-per-i-cittadini\/cultura\/patrimonio-culturale\/programmi-dinvestimento-inerenti-alla-protezione-alla-conservazione-del-patrimonio-culturale\/\"},{\"@type\":\"ListItem\",\"position\":6,\"name\":\"Cambio di destinazione d&#8217;uso e la rivitalizzazione dell\u2019ex complesso Rikard Ben\u010di\u0107 a Fiume\"}]},{\"@type\":\"WebSite\",\"@id\":\"https:\/\/www.rijeka.hr\/it\/#website\",\"url\":\"https:\/\/www.rijeka.hr\/it\/\",\"name\":\"Citt\u00e0 di Fiume\",\"description\":\"Portale web della Citta&#039; di Fiume\",\"potentialAction\":[{\"@type\":\"SearchAction\",\"target\":{\"@type\":\"EntryPoint\",\"urlTemplate\":\"https:\/\/www.rijeka.hr\/it\/?s={search_term_string}\"},\"query-input\":{\"@type\":\"PropertyValueSpecification\",\"valueRequired\":true,\"valueName\":\"search_term_string\"}}],\"inLanguage\":\"it-IT\"}]}<\/script>\n<!-- \/ Yoast SEO plugin. -->","yoast_head_json":{"title":"Cambio di destinazione d'uso e la rivitalizzazione dell\u2019ex complesso Rikard Ben\u010di\u0107 a Fiume - Citt\u00e0 di Fiume","robots":{"index":"index","follow":"follow","max-snippet":"max-snippet:-1","max-image-preview":"max-image-preview:large","max-video-preview":"max-video-preview:-1"},"canonical":"https:\/\/www.rijeka.hr\/it\/temi-per-i-cittadini\/cultura\/patrimonio-culturale\/programmi-dinvestimento-inerenti-alla-protezione-alla-conservazione-del-patrimonio-culturale\/la-riqualificazione-la-rivitalizzazione-dellex-complesso-rikard-bencic-fiume\/","og_locale":"it_IT","og_type":"article","og_title":"Cambio di destinazione d'uso e la rivitalizzazione dell\u2019ex complesso Rikard Ben\u010di\u0107 a Fiume - Citt\u00e0 di Fiume","og_description":"Il progetto intitolato &#8220;Il cambio di destinazione d\u2019uso e la rivitalizzazione dell&#8217;ex complesso Rikard Ben\u010di\u0107 a Fiume&#8221; comprende la rivitalizzazione dell&#8217;ex complesso industriale &#8220;Rikard Ben\u010di\u0107&#8221; nel centro di Fiume e il cambio di destinazione d\u2019uso a scopi pubblici, culturali ed educativi attraverso investimenti e attrezzamento delle seguenti strutture: La ricostruzione e l&#8217;attrezzamento delle strutture esistenti:...","og_url":"https:\/\/www.rijeka.hr\/it\/temi-per-i-cittadini\/cultura\/patrimonio-culturale\/programmi-dinvestimento-inerenti-alla-protezione-alla-conservazione-del-patrimonio-culturale\/la-riqualificazione-la-rivitalizzazione-dellex-complesso-rikard-bencic-fiume\/","og_site_name":"Citt\u00e0 di Fiume","article_modified_time":"2019-04-23T07:30:53+00:00","twitter_card":"summary_large_image","twitter_misc":{"Est. reading time":"2 minutes"},"schema":{"@context":"https:\/\/schema.org","@graph":[{"@type":"WebPage","@id":"https:\/\/www.rijeka.hr\/it\/temi-per-i-cittadini\/cultura\/patrimonio-culturale\/programmi-dinvestimento-inerenti-alla-protezione-alla-conservazione-del-patrimonio-culturale\/la-riqualificazione-la-rivitalizzazione-dellex-complesso-rikard-bencic-fiume\/","url":"https:\/\/www.rijeka.hr\/it\/temi-per-i-cittadini\/cultura\/patrimonio-culturale\/programmi-dinvestimento-inerenti-alla-protezione-alla-conservazione-del-patrimonio-culturale\/la-riqualificazione-la-rivitalizzazione-dellex-complesso-rikard-bencic-fiume\/","name":"Cambio di destinazione d'uso e la rivitalizzazione dell\u2019ex complesso Rikard Ben\u010di\u0107 a Fiume - Citt\u00e0 di Fiume","isPartOf":{"@id":"https:\/\/www.rijeka.hr\/it\/#website"},"datePublished":"2017-02-27T11:48:06+00:00","dateModified":"2019-04-23T07:30:53+00:00","breadcrumb":{"@id":"https:\/\/www.rijeka.hr\/it\/temi-per-i-cittadini\/cultura\/patrimonio-culturale\/programmi-dinvestimento-inerenti-alla-protezione-alla-conservazione-del-patrimonio-culturale\/la-riqualificazione-la-rivitalizzazione-dellex-complesso-rikard-bencic-fiume\/#breadcrumb"},"inLanguage":"it-IT","potentialAction":[{"@type":"ReadAction","target":["https:\/\/www.rijeka.hr\/it\/temi-per-i-cittadini\/cultura\/patrimonio-culturale\/programmi-dinvestimento-inerenti-alla-protezione-alla-conservazione-del-patrimonio-culturale\/la-riqualificazione-la-rivitalizzazione-dellex-complesso-rikard-bencic-fiume\/"]}]},{"@type":"BreadcrumbList","@id":"https:\/\/www.rijeka.hr\/it\/temi-per-i-cittadini\/cultura\/patrimonio-culturale\/programmi-dinvestimento-inerenti-alla-protezione-alla-conservazione-del-patrimonio-culturale\/la-riqualificazione-la-rivitalizzazione-dellex-complesso-rikard-bencic-fiume\/#breadcrumb","itemListElement":[{"@type":"ListItem","position":1,"name":"Po\u010detna stranica","item":"https:\/\/www.rijeka.hr\/it\/"},{"@type":"ListItem","position":2,"name":"Temi per i cittadini","item":"https:\/\/www.rijeka.hr\/it\/temi-per-i-cittadini\/"},{"@type":"ListItem","position":3,"name":"Cultura","item":"https:\/\/www.rijeka.hr\/it\/temi-per-i-cittadini\/cultura\/"},{"@type":"ListItem","position":4,"name":"Patrimonio culturale","item":"https:\/\/www.rijeka.hr\/it\/temi-per-i-cittadini\/cultura\/patrimonio-culturale\/"},{"@type":"ListItem","position":5,"name":"Programmi d\u2019investimento inerenti alla protezione e alla conservazione del patrimonio culturale","item":"https:\/\/www.rijeka.hr\/it\/temi-per-i-cittadini\/cultura\/patrimonio-culturale\/programmi-dinvestimento-inerenti-alla-protezione-alla-conservazione-del-patrimonio-culturale\/"},{"@type":"ListItem","position":6,"name":"Cambio di destinazione d&#8217;uso e la rivitalizzazione dell\u2019ex complesso Rikard Ben\u010di\u0107 a Fiume"}]},{"@type":"WebSite","@id":"https:\/\/www.rijeka.hr\/it\/#website","url":"https:\/\/www.rijeka.hr\/it\/","name":"Citt\u00e0 di Fiume","description":"Portale web della Citta&#039; di Fiume","potentialAction":[{"@type":"SearchAction","target":{"@type":"EntryPoint","urlTemplate":"https:\/\/www.rijeka.hr\/it\/?s={search_term_string}"},"query-input":{"@type":"PropertyValueSpecification","valueRequired":true,"valueName":"search_term_string"}}],"inLanguage":"it-IT"}]}},"_links":{"self":[{"href":"https:\/\/www.rijeka.hr\/it\/wp-json\/wp\/v2\/pages\/3677","targetHints":{"allow":["GET"]}}],"collection":[{"href":"https:\/\/www.rijeka.hr\/it\/wp-json\/wp\/v2\/pages"}],"about":[{"href":"https:\/\/www.rijeka.hr\/it\/wp-json\/wp\/v2\/types\/page"}],"author":[{"embeddable":true,"href":"https:\/\/www.rijeka.hr\/it\/wp-json\/wp\/v2\/users\/6"}],"replies":[{"embeddable":true,"href":"https:\/\/www.rijeka.hr\/it\/wp-json\/wp\/v2\/comments?post=3677"}],"version-history":[{"count":5,"href":"https:\/\/www.rijeka.hr\/it\/wp-json\/wp\/v2\/pages\/3677\/revisions"}],"predecessor-version":[{"id":8467,"href":"https:\/\/www.rijeka.hr\/it\/wp-json\/wp\/v2\/pages\/3677\/revisions\/8467"}],"up":[{"embeddable":true,"href":"https:\/\/www.rijeka.hr\/it\/wp-json\/wp\/v2\/pages\/3673"}],"wp:attachment":[{"href":"https:\/\/www.rijeka.hr\/it\/wp-json\/wp\/v2\/media?parent=3677"}],"wp:term":[{"taxonomy":"post_tag","embeddable":true,"href":"https:\/\/www.rijeka.hr\/it\/wp-json\/wp\/v2\/tags?post=3677"}],"curies":[{"name":"wp","href":"https:\/\/api.w.org\/{rel}","templated":true}]}}