{"id":3680,"date":"2017-02-27T12:49:21","date_gmt":"2017-02-27T11:49:21","guid":{"rendered":"https:\/\/www.rijeka.hr\/it\/?page_id=3680"},"modified":"2021-09-02T12:13:44","modified_gmt":"2021-09-02T10:13:44","slug":"motonave-galeb","status":"publish","type":"page","link":"https:\/\/www.rijeka.hr\/it\/temi-per-i-cittadini\/cultura\/patrimonio-culturale\/programmi-dinvestimento-inerenti-alla-protezione-alla-conservazione-del-patrimonio-culturale\/motonave-galeb\/","title":{"rendered":"Il panfilo Galeb"},"content":{"rendered":"<p>Ancora oggi la nave \u00e8 rinomata come le residenza marittima del presidente jugoslavo Josip Broz Tito. Dal marzo 1953, quando salp\u00f2 per fare la sua prima visita in Gran Bretagna, Tito fece 14 viaggi con la nave &#8220;Galeb&#8221;, visitando 18 paesi in tre continenti: Europa, Asia e Africa. Durante queste visite la nave ospit\u00f2 molti capi di stato, come il primo ministro inglese Winston Churchill, Re Paolo di Grecia e regina Federica di Grecia, Haile Selassie, imperatore etiope e il re del Marocco Hassan II, come pure molti presidenti dei paesi non allineati, Gamal Abdel Nasser, Jawaharlal Nehru, Ahmed Sukarno, generale Abboud, Kwame Nkrumah, Habib Bourguiba, Sirimavo Bandaranaike, U Nu, Ne Win, Modibo Keita, Sekou Toure, l&#8217;arcivescovo Makarios, e anche Nikita Khrushchev, premier Sovietico.<\/p>\n<p>Il significato storico della nave &#8220;Galeb&#8221; si estende a livello internazionale poich\u00e9 sulla sua coperta \u00e8 nato il movimento non allineato. Oltre agli statisti, la nave Galeb ospit\u00f2 molti scienziati, artisti e ufficiali militari di alto livello di fama internazionale. L&#8217;ultimo viaggio di Tito con questa nave risale al 1979.<\/p>\n<p>Il 10 ottobre 2006, il Ministero della Cultura ha dichiarato la nave &#8220;Galeb&#8221; patrimonio culturale.<\/p>\n<p>Nel 2009, la citt\u00e0 di Fiume \u00e8 diventata proprietario del patrimonio culturale &#8220;Galeb&#8221;.<\/p>\n<p>Dal giugno 2017 la nave Galeb fa parte del progetto intitolato &#8220;Valorizzazione turistica dei monumenti di rilievo del patrimonio industriale fiumano&#8221; che, attraverso bandi di gara pubblicati dal Ministero dello Sviluppo Regionale e dei Fondi dell\u2019UE, ha ricevuto 68.891.606,18 kune a fondo perduto dal Fondo Europeo di Sviluppo Regionale. Nell&#8217;ambito del detto progetto, il palazzo amministrativo dell&#8217;ex Zuccherificio sar\u00e0 ristrutturato ed entrambe le localit\u00e0 faranno parte del Museo Civico di Fiume.<\/p>\n<p>Il cantiere navale Dalmont di Kraljevica, precedentemente intitolato a Tito, si aggiudic\u00f2 il contratto per la ricostruzione della nave Galeb. La Citt\u00e0 di Fiume ha firmato il contratto con il cantiere Dalmont verso la fine del mese di novembre 2019 e, all&#8217;inizio di dicembre, la nave Galeb \u00e8 stata rimorchiata a Kraljevica, dove \u00e8 in attesa della ricostruzione, con una scadenza prevista di 14 mesi. Il valore totale delle opere ammonta a 58.572.773,64 kune (IVA inclusa). Il previsto completamento dei lavori, comprese le attrezzature e la sistemazione del Museo Civico si attende all&#8217;inizio del 2022.<\/p>\n<p>&nbsp;<\/p>\n<p>&nbsp;<\/p>\n","protected":false},"excerpt":{"rendered":"<p>Ancora oggi la nave \u00e8 rinomata come le residenza marittima del presidente jugoslavo Josip Broz Tito. Dal marzo 1953, quando salp\u00f2 per fare la sua prima visita in Gran Bretagna, Tito fece 14 viaggi con la nave &#8220;Galeb&#8221;, visitando 18 paesi in tre continenti: Europa, Asia e Africa. Durante queste visite la nave ospit\u00f2 molti&#8230;<\/p>\n","protected":false},"author":6,"featured_media":0,"parent":3673,"menu_order":0,"comment_status":"closed","ping_status":"closed","template":"","meta":{"_acf_changed":false,"_trash_the_other_posts":false,"footnotes":"","_links_to":"","_links_to_target":""},"tags":[],"class_list":["post-3680","page","type-page","status-publish","hentry"],"acf":[],"yoast_head":"<!-- This site is optimized with the Yoast SEO plugin v24.4 - https:\/\/yoast.com\/wordpress\/plugins\/seo\/ -->\n<title>Il panfilo Galeb - Citt\u00e0 di Fiume<\/title>\n<meta name=\"robots\" content=\"index, follow, max-snippet:-1, max-image-preview:large, max-video-preview:-1\" \/>\n<link rel=\"canonical\" href=\"https:\/\/www.rijeka.hr\/it\/temi-per-i-cittadini\/cultura\/patrimonio-culturale\/programmi-dinvestimento-inerenti-alla-protezione-alla-conservazione-del-patrimonio-culturale\/motonave-galeb\/\" \/>\n<meta property=\"og:locale\" content=\"it_IT\" \/>\n<meta property=\"og:type\" content=\"article\" \/>\n<meta property=\"og:title\" content=\"Il panfilo Galeb - Citt\u00e0 di Fiume\" \/>\n<meta property=\"og:description\" content=\"Ancora oggi la nave \u00e8 rinomata come le residenza marittima del presidente jugoslavo Josip Broz Tito. Dal marzo 1953, quando salp\u00f2 per fare la sua prima visita in Gran Bretagna, Tito fece 14 viaggi con la nave &#8220;Galeb&#8221;, visitando 18 paesi in tre continenti: Europa, Asia e Africa. Durante queste visite la nave ospit\u00f2 molti...\" \/>\n<meta property=\"og:url\" content=\"https:\/\/www.rijeka.hr\/it\/temi-per-i-cittadini\/cultura\/patrimonio-culturale\/programmi-dinvestimento-inerenti-alla-protezione-alla-conservazione-del-patrimonio-culturale\/motonave-galeb\/\" \/>\n<meta property=\"og:site_name\" content=\"Citt\u00e0 di Fiume\" \/>\n<meta property=\"article:modified_time\" content=\"2021-09-02T10:13:44+00:00\" \/>\n<meta name=\"twitter:card\" content=\"summary_large_image\" \/>\n<meta name=\"twitter:label1\" content=\"Est. reading time\" \/>\n\t<meta name=\"twitter:data1\" content=\"2 minutes\" \/>\n<script type=\"application\/ld+json\" class=\"yoast-schema-graph\">{\"@context\":\"https:\/\/schema.org\",\"@graph\":[{\"@type\":\"WebPage\",\"@id\":\"https:\/\/www.rijeka.hr\/it\/temi-per-i-cittadini\/cultura\/patrimonio-culturale\/programmi-dinvestimento-inerenti-alla-protezione-alla-conservazione-del-patrimonio-culturale\/motonave-galeb\/\",\"url\":\"https:\/\/www.rijeka.hr\/it\/temi-per-i-cittadini\/cultura\/patrimonio-culturale\/programmi-dinvestimento-inerenti-alla-protezione-alla-conservazione-del-patrimonio-culturale\/motonave-galeb\/\",\"name\":\"Il panfilo Galeb - Citt\u00e0 di Fiume\",\"isPartOf\":{\"@id\":\"https:\/\/www.rijeka.hr\/it\/#website\"},\"datePublished\":\"2017-02-27T11:49:21+00:00\",\"dateModified\":\"2021-09-02T10:13:44+00:00\",\"breadcrumb\":{\"@id\":\"https:\/\/www.rijeka.hr\/it\/temi-per-i-cittadini\/cultura\/patrimonio-culturale\/programmi-dinvestimento-inerenti-alla-protezione-alla-conservazione-del-patrimonio-culturale\/motonave-galeb\/#breadcrumb\"},\"inLanguage\":\"it-IT\",\"potentialAction\":[{\"@type\":\"ReadAction\",\"target\":[\"https:\/\/www.rijeka.hr\/it\/temi-per-i-cittadini\/cultura\/patrimonio-culturale\/programmi-dinvestimento-inerenti-alla-protezione-alla-conservazione-del-patrimonio-culturale\/motonave-galeb\/\"]}]},{\"@type\":\"BreadcrumbList\",\"@id\":\"https:\/\/www.rijeka.hr\/it\/temi-per-i-cittadini\/cultura\/patrimonio-culturale\/programmi-dinvestimento-inerenti-alla-protezione-alla-conservazione-del-patrimonio-culturale\/motonave-galeb\/#breadcrumb\",\"itemListElement\":[{\"@type\":\"ListItem\",\"position\":1,\"name\":\"Po\u010detna stranica\",\"item\":\"https:\/\/www.rijeka.hr\/it\/\"},{\"@type\":\"ListItem\",\"position\":2,\"name\":\"Temi per i cittadini\",\"item\":\"https:\/\/www.rijeka.hr\/it\/temi-per-i-cittadini\/\"},{\"@type\":\"ListItem\",\"position\":3,\"name\":\"Cultura\",\"item\":\"https:\/\/www.rijeka.hr\/it\/temi-per-i-cittadini\/cultura\/\"},{\"@type\":\"ListItem\",\"position\":4,\"name\":\"Patrimonio culturale\",\"item\":\"https:\/\/www.rijeka.hr\/it\/temi-per-i-cittadini\/cultura\/patrimonio-culturale\/\"},{\"@type\":\"ListItem\",\"position\":5,\"name\":\"Programmi d\u2019investimento inerenti alla protezione e alla conservazione del patrimonio culturale\",\"item\":\"https:\/\/www.rijeka.hr\/it\/temi-per-i-cittadini\/cultura\/patrimonio-culturale\/programmi-dinvestimento-inerenti-alla-protezione-alla-conservazione-del-patrimonio-culturale\/\"},{\"@type\":\"ListItem\",\"position\":6,\"name\":\"Il panfilo Galeb\"}]},{\"@type\":\"WebSite\",\"@id\":\"https:\/\/www.rijeka.hr\/it\/#website\",\"url\":\"https:\/\/www.rijeka.hr\/it\/\",\"name\":\"Citt\u00e0 di Fiume\",\"description\":\"Portale web della Citta&#039; di Fiume\",\"potentialAction\":[{\"@type\":\"SearchAction\",\"target\":{\"@type\":\"EntryPoint\",\"urlTemplate\":\"https:\/\/www.rijeka.hr\/it\/?s={search_term_string}\"},\"query-input\":{\"@type\":\"PropertyValueSpecification\",\"valueRequired\":true,\"valueName\":\"search_term_string\"}}],\"inLanguage\":\"it-IT\"}]}<\/script>\n<!-- \/ Yoast SEO plugin. -->","yoast_head_json":{"title":"Il panfilo Galeb - Citt\u00e0 di Fiume","robots":{"index":"index","follow":"follow","max-snippet":"max-snippet:-1","max-image-preview":"max-image-preview:large","max-video-preview":"max-video-preview:-1"},"canonical":"https:\/\/www.rijeka.hr\/it\/temi-per-i-cittadini\/cultura\/patrimonio-culturale\/programmi-dinvestimento-inerenti-alla-protezione-alla-conservazione-del-patrimonio-culturale\/motonave-galeb\/","og_locale":"it_IT","og_type":"article","og_title":"Il panfilo Galeb - Citt\u00e0 di Fiume","og_description":"Ancora oggi la nave \u00e8 rinomata come le residenza marittima del presidente jugoslavo Josip Broz Tito. Dal marzo 1953, quando salp\u00f2 per fare la sua prima visita in Gran Bretagna, Tito fece 14 viaggi con la nave &#8220;Galeb&#8221;, visitando 18 paesi in tre continenti: Europa, Asia e Africa. Durante queste visite la nave ospit\u00f2 molti...","og_url":"https:\/\/www.rijeka.hr\/it\/temi-per-i-cittadini\/cultura\/patrimonio-culturale\/programmi-dinvestimento-inerenti-alla-protezione-alla-conservazione-del-patrimonio-culturale\/motonave-galeb\/","og_site_name":"Citt\u00e0 di Fiume","article_modified_time":"2021-09-02T10:13:44+00:00","twitter_card":"summary_large_image","twitter_misc":{"Est. reading time":"2 minutes"},"schema":{"@context":"https:\/\/schema.org","@graph":[{"@type":"WebPage","@id":"https:\/\/www.rijeka.hr\/it\/temi-per-i-cittadini\/cultura\/patrimonio-culturale\/programmi-dinvestimento-inerenti-alla-protezione-alla-conservazione-del-patrimonio-culturale\/motonave-galeb\/","url":"https:\/\/www.rijeka.hr\/it\/temi-per-i-cittadini\/cultura\/patrimonio-culturale\/programmi-dinvestimento-inerenti-alla-protezione-alla-conservazione-del-patrimonio-culturale\/motonave-galeb\/","name":"Il panfilo Galeb - Citt\u00e0 di Fiume","isPartOf":{"@id":"https:\/\/www.rijeka.hr\/it\/#website"},"datePublished":"2017-02-27T11:49:21+00:00","dateModified":"2021-09-02T10:13:44+00:00","breadcrumb":{"@id":"https:\/\/www.rijeka.hr\/it\/temi-per-i-cittadini\/cultura\/patrimonio-culturale\/programmi-dinvestimento-inerenti-alla-protezione-alla-conservazione-del-patrimonio-culturale\/motonave-galeb\/#breadcrumb"},"inLanguage":"it-IT","potentialAction":[{"@type":"ReadAction","target":["https:\/\/www.rijeka.hr\/it\/temi-per-i-cittadini\/cultura\/patrimonio-culturale\/programmi-dinvestimento-inerenti-alla-protezione-alla-conservazione-del-patrimonio-culturale\/motonave-galeb\/"]}]},{"@type":"BreadcrumbList","@id":"https:\/\/www.rijeka.hr\/it\/temi-per-i-cittadini\/cultura\/patrimonio-culturale\/programmi-dinvestimento-inerenti-alla-protezione-alla-conservazione-del-patrimonio-culturale\/motonave-galeb\/#breadcrumb","itemListElement":[{"@type":"ListItem","position":1,"name":"Po\u010detna stranica","item":"https:\/\/www.rijeka.hr\/it\/"},{"@type":"ListItem","position":2,"name":"Temi per i cittadini","item":"https:\/\/www.rijeka.hr\/it\/temi-per-i-cittadini\/"},{"@type":"ListItem","position":3,"name":"Cultura","item":"https:\/\/www.rijeka.hr\/it\/temi-per-i-cittadini\/cultura\/"},{"@type":"ListItem","position":4,"name":"Patrimonio culturale","item":"https:\/\/www.rijeka.hr\/it\/temi-per-i-cittadini\/cultura\/patrimonio-culturale\/"},{"@type":"ListItem","position":5,"name":"Programmi d\u2019investimento inerenti alla protezione e alla conservazione del patrimonio culturale","item":"https:\/\/www.rijeka.hr\/it\/temi-per-i-cittadini\/cultura\/patrimonio-culturale\/programmi-dinvestimento-inerenti-alla-protezione-alla-conservazione-del-patrimonio-culturale\/"},{"@type":"ListItem","position":6,"name":"Il panfilo Galeb"}]},{"@type":"WebSite","@id":"https:\/\/www.rijeka.hr\/it\/#website","url":"https:\/\/www.rijeka.hr\/it\/","name":"Citt\u00e0 di Fiume","description":"Portale web della Citta&#039; di Fiume","potentialAction":[{"@type":"SearchAction","target":{"@type":"EntryPoint","urlTemplate":"https:\/\/www.rijeka.hr\/it\/?s={search_term_string}"},"query-input":{"@type":"PropertyValueSpecification","valueRequired":true,"valueName":"search_term_string"}}],"inLanguage":"it-IT"}]}},"_links":{"self":[{"href":"https:\/\/www.rijeka.hr\/it\/wp-json\/wp\/v2\/pages\/3680","targetHints":{"allow":["GET"]}}],"collection":[{"href":"https:\/\/www.rijeka.hr\/it\/wp-json\/wp\/v2\/pages"}],"about":[{"href":"https:\/\/www.rijeka.hr\/it\/wp-json\/wp\/v2\/types\/page"}],"author":[{"embeddable":true,"href":"https:\/\/www.rijeka.hr\/it\/wp-json\/wp\/v2\/users\/6"}],"replies":[{"embeddable":true,"href":"https:\/\/www.rijeka.hr\/it\/wp-json\/wp\/v2\/comments?post=3680"}],"version-history":[{"count":3,"href":"https:\/\/www.rijeka.hr\/it\/wp-json\/wp\/v2\/pages\/3680\/revisions"}],"predecessor-version":[{"id":13493,"href":"https:\/\/www.rijeka.hr\/it\/wp-json\/wp\/v2\/pages\/3680\/revisions\/13493"}],"up":[{"embeddable":true,"href":"https:\/\/www.rijeka.hr\/it\/wp-json\/wp\/v2\/pages\/3673"}],"wp:attachment":[{"href":"https:\/\/www.rijeka.hr\/it\/wp-json\/wp\/v2\/media?parent=3680"}],"wp:term":[{"taxonomy":"post_tag","embeddable":true,"href":"https:\/\/www.rijeka.hr\/it\/wp-json\/wp\/v2\/tags?post=3680"}],"curies":[{"name":"wp","href":"https:\/\/api.w.org\/{rel}","templated":true}]}}