{"id":3684,"date":"2017-02-27T12:54:33","date_gmt":"2017-02-27T11:54:33","guid":{"rendered":"https:\/\/www.rijeka.hr\/it\/?page_id=3684"},"modified":"2019-07-18T15:07:17","modified_gmt":"2019-07-18T13:07:17","slug":"edificio-amministrativo-dellex-zuccherificio","status":"publish","type":"page","link":"https:\/\/www.rijeka.hr\/it\/temi-per-i-cittadini\/cultura\/patrimonio-culturale\/programmi-dinvestimento-inerenti-alla-protezione-alla-conservazione-del-patrimonio-culturale\/edificio-amministrativo-dellex-zuccherificio\/","title":{"rendered":"Edificio amministrativo dell\u2019ex Zuccherificio"},"content":{"rendered":"<h2>Dal 1970 l&#8217;edificio amministrativo dell&#8217;ex zuccherificio \u00e8 protetto come patrimonio culturale.<\/h2>\n<p>L&#8217;edificio monumentale all&#8217;indirizzo via Petar Kre\u0161imir IV n. 28 \u00e8 stato costruito nel 1752 per le esigenze dello zuccherificio come edificio amministrativo, e fa parte del complesso industriale che testimonia lo sviluppo industriale della citt\u00e0 di Fiume nel XVIII secolo. Nel 1851 l&#8217;amministrazione della fabbrica di tabacco si trasloc\u00f2 nell&#8217;edificio, e dopo il 1945 lo stabilimento cambi\u00f2 di nuovo la sua destinazione d\u2019uso e divenne sede della fabbrica di motori &#8220;Rikard Ben\u010di\u0107&#8221;.<\/p>\n<p>Il suo interno lussuosamente attrezzato con decorazioni a stucco e dipinti che presentano medaglioni di contenuti mitologici e scene storiche antiche in camere e sale sono un\u2019opera superba di un autore sconosciuto ordinata da Peter de Vierendeels nel 1786, mentre la grande parete che presenta l\u2019allegoria delle Quattro stagioni in una camera situata al primo piano \u00e8 l&#8217;opera del famoso pittore fiumano Giovanni Fumi.<\/p>\n<p>Nel periodo dal 2003 al 2007 \u00e8 stata preparata la relazione in materia di ricerca sugli interventi di conservazione-restauro nell&#8217;edificio amministrativo dello zuccherificio, in base alla quale sono state proposte le linee guida per la stesura della documentazione progettuale per il ripristino. La Citt\u00e0 di Fiume e l&#8217;Istituto croato per la conservazione hanno pubblicato la monografia &#8220;Il palazzo dello zuccherificio di Fiume &#8211; ricerca sugli interventi di conservazione-restauro\u201d ed \u00e8 stato preparato un CD ROM interattivo.<\/p>\n<p>Dal 2017 l&#8217;edificio amministrativo dell&#8217;ex zuccherificio fa parte del progetto &#8220;Valorizzazione turistica dei monumenti di rilievo del patrimonio industriale di Fiume&#8221;, a favore del quale il Ministero dello sviluppo regionale e i fondi dell\u2019UE hanno stanziato una sovvenzione nell\u2019ammontare di 68.891.606,18 kune dal Fondo europeo di sviluppo regionale, mentre il valore totale del progetto ammonta a 81.339.442,05 kune. Nell&#8217;ambito del progetto menzionato, il panfilo Galeb sar\u00e0 rinnovato e entrambe le localit\u00e0 diventeranno parte integrante del Museo Civico.<\/p>\n<p>La documentazione progettuale per l&#8217;esecuzione dei lavori di ricostruzione del palazzo dello zuccherificio \u00e8 stata preparata dall&#8217;Istituto croato per la conservazione, mentre il progetto concettuale per la nuova esposizione permanente del Museo civico \u00e8 stato preparato dal designer Nikolina Jelavi\u0107 Mitrovi\u0107.<\/p>\n<p>I lavori per la ricostruzione dell&#8217;edificio amministrativo dell&#8217;ex zuccherificio sono stati avviati nel mese di marzo del 2018 e la loro scadenza \u00e8 prevista in marzo 2020. L&#8217;appaltatore \u00e8 la societ\u00e0 slovena VG5.<\/p>\n<p>Dopo la ricostruzione e l\u2019attrezzamento dei vani del Palazzo, l&#8217;amministrazione del museo e l\u2019inventario completo del museo si trasferir\u00e0 l\u00ec. Oltre al suo scopo culturale, il palazzo dello zuccherificio avr\u00e0 il suo scopo commerciale su una piccola superficie.<\/p>\n","protected":false},"excerpt":{"rendered":"<p>Dal 1970 l&#8217;edificio amministrativo dell&#8217;ex zuccherificio \u00e8 protetto come patrimonio culturale. L&#8217;edificio monumentale all&#8217;indirizzo via Petar Kre\u0161imir IV n. 28 \u00e8 stato costruito nel 1752 per le esigenze dello zuccherificio come edificio amministrativo, e fa parte del complesso industriale che testimonia lo sviluppo industriale della citt\u00e0 di Fiume nel XVIII secolo. Nel 1851 l&#8217;amministrazione della&#8230;<\/p>\n","protected":false},"author":14,"featured_media":0,"parent":3673,"menu_order":0,"comment_status":"closed","ping_status":"closed","template":"","meta":{"_acf_changed":false,"_trash_the_other_posts":false,"footnotes":"","_links_to":"","_links_to_target":""},"tags":[],"class_list":["post-3684","page","type-page","status-publish","hentry"],"acf":[],"yoast_head":"<!-- This site is optimized with the Yoast SEO plugin v24.4 - https:\/\/yoast.com\/wordpress\/plugins\/seo\/ -->\n<title>Edificio amministrativo dell\u2019ex Zuccherificio - Citt\u00e0 di Fiume<\/title>\n<meta name=\"robots\" content=\"index, follow, max-snippet:-1, max-image-preview:large, max-video-preview:-1\" \/>\n<link rel=\"canonical\" href=\"https:\/\/www.rijeka.hr\/it\/temi-per-i-cittadini\/cultura\/patrimonio-culturale\/programmi-dinvestimento-inerenti-alla-protezione-alla-conservazione-del-patrimonio-culturale\/edificio-amministrativo-dellex-zuccherificio\/\" \/>\n<meta property=\"og:locale\" content=\"it_IT\" \/>\n<meta property=\"og:type\" content=\"article\" \/>\n<meta property=\"og:title\" content=\"Edificio amministrativo dell\u2019ex Zuccherificio - Citt\u00e0 di Fiume\" \/>\n<meta property=\"og:description\" content=\"Dal 1970 l&#8217;edificio amministrativo dell&#8217;ex zuccherificio \u00e8 protetto come patrimonio culturale. L&#8217;edificio monumentale all&#8217;indirizzo via Petar Kre\u0161imir IV n. 28 \u00e8 stato costruito nel 1752 per le esigenze dello zuccherificio come edificio amministrativo, e fa parte del complesso industriale che testimonia lo sviluppo industriale della citt\u00e0 di Fiume nel XVIII secolo. Nel 1851 l&#8217;amministrazione della...\" \/>\n<meta property=\"og:url\" content=\"https:\/\/www.rijeka.hr\/it\/temi-per-i-cittadini\/cultura\/patrimonio-culturale\/programmi-dinvestimento-inerenti-alla-protezione-alla-conservazione-del-patrimonio-culturale\/edificio-amministrativo-dellex-zuccherificio\/\" \/>\n<meta property=\"og:site_name\" content=\"Citt\u00e0 di Fiume\" \/>\n<meta property=\"article:modified_time\" content=\"2019-07-18T13:07:17+00:00\" \/>\n<meta name=\"twitter:card\" content=\"summary_large_image\" \/>\n<meta name=\"twitter:label1\" content=\"Est. reading time\" \/>\n\t<meta name=\"twitter:data1\" content=\"2 minutes\" \/>\n<script type=\"application\/ld+json\" class=\"yoast-schema-graph\">{\"@context\":\"https:\/\/schema.org\",\"@graph\":[{\"@type\":\"WebPage\",\"@id\":\"https:\/\/www.rijeka.hr\/it\/temi-per-i-cittadini\/cultura\/patrimonio-culturale\/programmi-dinvestimento-inerenti-alla-protezione-alla-conservazione-del-patrimonio-culturale\/edificio-amministrativo-dellex-zuccherificio\/\",\"url\":\"https:\/\/www.rijeka.hr\/it\/temi-per-i-cittadini\/cultura\/patrimonio-culturale\/programmi-dinvestimento-inerenti-alla-protezione-alla-conservazione-del-patrimonio-culturale\/edificio-amministrativo-dellex-zuccherificio\/\",\"name\":\"Edificio amministrativo dell\u2019ex Zuccherificio - Citt\u00e0 di Fiume\",\"isPartOf\":{\"@id\":\"https:\/\/www.rijeka.hr\/it\/#website\"},\"datePublished\":\"2017-02-27T11:54:33+00:00\",\"dateModified\":\"2019-07-18T13:07:17+00:00\",\"breadcrumb\":{\"@id\":\"https:\/\/www.rijeka.hr\/it\/temi-per-i-cittadini\/cultura\/patrimonio-culturale\/programmi-dinvestimento-inerenti-alla-protezione-alla-conservazione-del-patrimonio-culturale\/edificio-amministrativo-dellex-zuccherificio\/#breadcrumb\"},\"inLanguage\":\"it-IT\",\"potentialAction\":[{\"@type\":\"ReadAction\",\"target\":[\"https:\/\/www.rijeka.hr\/it\/temi-per-i-cittadini\/cultura\/patrimonio-culturale\/programmi-dinvestimento-inerenti-alla-protezione-alla-conservazione-del-patrimonio-culturale\/edificio-amministrativo-dellex-zuccherificio\/\"]}]},{\"@type\":\"BreadcrumbList\",\"@id\":\"https:\/\/www.rijeka.hr\/it\/temi-per-i-cittadini\/cultura\/patrimonio-culturale\/programmi-dinvestimento-inerenti-alla-protezione-alla-conservazione-del-patrimonio-culturale\/edificio-amministrativo-dellex-zuccherificio\/#breadcrumb\",\"itemListElement\":[{\"@type\":\"ListItem\",\"position\":1,\"name\":\"Po\u010detna stranica\",\"item\":\"https:\/\/www.rijeka.hr\/it\/\"},{\"@type\":\"ListItem\",\"position\":2,\"name\":\"Temi per i cittadini\",\"item\":\"https:\/\/www.rijeka.hr\/it\/temi-per-i-cittadini\/\"},{\"@type\":\"ListItem\",\"position\":3,\"name\":\"Cultura\",\"item\":\"https:\/\/www.rijeka.hr\/it\/temi-per-i-cittadini\/cultura\/\"},{\"@type\":\"ListItem\",\"position\":4,\"name\":\"Patrimonio culturale\",\"item\":\"https:\/\/www.rijeka.hr\/it\/temi-per-i-cittadini\/cultura\/patrimonio-culturale\/\"},{\"@type\":\"ListItem\",\"position\":5,\"name\":\"Programmi d\u2019investimento inerenti alla protezione e alla conservazione del patrimonio culturale\",\"item\":\"https:\/\/www.rijeka.hr\/it\/temi-per-i-cittadini\/cultura\/patrimonio-culturale\/programmi-dinvestimento-inerenti-alla-protezione-alla-conservazione-del-patrimonio-culturale\/\"},{\"@type\":\"ListItem\",\"position\":6,\"name\":\"Edificio amministrativo dell\u2019ex Zuccherificio\"}]},{\"@type\":\"WebSite\",\"@id\":\"https:\/\/www.rijeka.hr\/it\/#website\",\"url\":\"https:\/\/www.rijeka.hr\/it\/\",\"name\":\"Citt\u00e0 di Fiume\",\"description\":\"Portale web della Citta&#039; di Fiume\",\"potentialAction\":[{\"@type\":\"SearchAction\",\"target\":{\"@type\":\"EntryPoint\",\"urlTemplate\":\"https:\/\/www.rijeka.hr\/it\/?s={search_term_string}\"},\"query-input\":{\"@type\":\"PropertyValueSpecification\",\"valueRequired\":true,\"valueName\":\"search_term_string\"}}],\"inLanguage\":\"it-IT\"}]}<\/script>\n<!-- \/ Yoast SEO plugin. -->","yoast_head_json":{"title":"Edificio amministrativo dell\u2019ex Zuccherificio - Citt\u00e0 di Fiume","robots":{"index":"index","follow":"follow","max-snippet":"max-snippet:-1","max-image-preview":"max-image-preview:large","max-video-preview":"max-video-preview:-1"},"canonical":"https:\/\/www.rijeka.hr\/it\/temi-per-i-cittadini\/cultura\/patrimonio-culturale\/programmi-dinvestimento-inerenti-alla-protezione-alla-conservazione-del-patrimonio-culturale\/edificio-amministrativo-dellex-zuccherificio\/","og_locale":"it_IT","og_type":"article","og_title":"Edificio amministrativo dell\u2019ex Zuccherificio - Citt\u00e0 di Fiume","og_description":"Dal 1970 l&#8217;edificio amministrativo dell&#8217;ex zuccherificio \u00e8 protetto come patrimonio culturale. L&#8217;edificio monumentale all&#8217;indirizzo via Petar Kre\u0161imir IV n. 28 \u00e8 stato costruito nel 1752 per le esigenze dello zuccherificio come edificio amministrativo, e fa parte del complesso industriale che testimonia lo sviluppo industriale della citt\u00e0 di Fiume nel XVIII secolo. Nel 1851 l&#8217;amministrazione della...","og_url":"https:\/\/www.rijeka.hr\/it\/temi-per-i-cittadini\/cultura\/patrimonio-culturale\/programmi-dinvestimento-inerenti-alla-protezione-alla-conservazione-del-patrimonio-culturale\/edificio-amministrativo-dellex-zuccherificio\/","og_site_name":"Citt\u00e0 di Fiume","article_modified_time":"2019-07-18T13:07:17+00:00","twitter_card":"summary_large_image","twitter_misc":{"Est. reading time":"2 minutes"},"schema":{"@context":"https:\/\/schema.org","@graph":[{"@type":"WebPage","@id":"https:\/\/www.rijeka.hr\/it\/temi-per-i-cittadini\/cultura\/patrimonio-culturale\/programmi-dinvestimento-inerenti-alla-protezione-alla-conservazione-del-patrimonio-culturale\/edificio-amministrativo-dellex-zuccherificio\/","url":"https:\/\/www.rijeka.hr\/it\/temi-per-i-cittadini\/cultura\/patrimonio-culturale\/programmi-dinvestimento-inerenti-alla-protezione-alla-conservazione-del-patrimonio-culturale\/edificio-amministrativo-dellex-zuccherificio\/","name":"Edificio amministrativo dell\u2019ex Zuccherificio - Citt\u00e0 di Fiume","isPartOf":{"@id":"https:\/\/www.rijeka.hr\/it\/#website"},"datePublished":"2017-02-27T11:54:33+00:00","dateModified":"2019-07-18T13:07:17+00:00","breadcrumb":{"@id":"https:\/\/www.rijeka.hr\/it\/temi-per-i-cittadini\/cultura\/patrimonio-culturale\/programmi-dinvestimento-inerenti-alla-protezione-alla-conservazione-del-patrimonio-culturale\/edificio-amministrativo-dellex-zuccherificio\/#breadcrumb"},"inLanguage":"it-IT","potentialAction":[{"@type":"ReadAction","target":["https:\/\/www.rijeka.hr\/it\/temi-per-i-cittadini\/cultura\/patrimonio-culturale\/programmi-dinvestimento-inerenti-alla-protezione-alla-conservazione-del-patrimonio-culturale\/edificio-amministrativo-dellex-zuccherificio\/"]}]},{"@type":"BreadcrumbList","@id":"https:\/\/www.rijeka.hr\/it\/temi-per-i-cittadini\/cultura\/patrimonio-culturale\/programmi-dinvestimento-inerenti-alla-protezione-alla-conservazione-del-patrimonio-culturale\/edificio-amministrativo-dellex-zuccherificio\/#breadcrumb","itemListElement":[{"@type":"ListItem","position":1,"name":"Po\u010detna stranica","item":"https:\/\/www.rijeka.hr\/it\/"},{"@type":"ListItem","position":2,"name":"Temi per i cittadini","item":"https:\/\/www.rijeka.hr\/it\/temi-per-i-cittadini\/"},{"@type":"ListItem","position":3,"name":"Cultura","item":"https:\/\/www.rijeka.hr\/it\/temi-per-i-cittadini\/cultura\/"},{"@type":"ListItem","position":4,"name":"Patrimonio culturale","item":"https:\/\/www.rijeka.hr\/it\/temi-per-i-cittadini\/cultura\/patrimonio-culturale\/"},{"@type":"ListItem","position":5,"name":"Programmi d\u2019investimento inerenti alla protezione e alla conservazione del patrimonio culturale","item":"https:\/\/www.rijeka.hr\/it\/temi-per-i-cittadini\/cultura\/patrimonio-culturale\/programmi-dinvestimento-inerenti-alla-protezione-alla-conservazione-del-patrimonio-culturale\/"},{"@type":"ListItem","position":6,"name":"Edificio amministrativo dell\u2019ex Zuccherificio"}]},{"@type":"WebSite","@id":"https:\/\/www.rijeka.hr\/it\/#website","url":"https:\/\/www.rijeka.hr\/it\/","name":"Citt\u00e0 di Fiume","description":"Portale web della Citta&#039; di Fiume","potentialAction":[{"@type":"SearchAction","target":{"@type":"EntryPoint","urlTemplate":"https:\/\/www.rijeka.hr\/it\/?s={search_term_string}"},"query-input":{"@type":"PropertyValueSpecification","valueRequired":true,"valueName":"search_term_string"}}],"inLanguage":"it-IT"}]}},"_links":{"self":[{"href":"https:\/\/www.rijeka.hr\/it\/wp-json\/wp\/v2\/pages\/3684","targetHints":{"allow":["GET"]}}],"collection":[{"href":"https:\/\/www.rijeka.hr\/it\/wp-json\/wp\/v2\/pages"}],"about":[{"href":"https:\/\/www.rijeka.hr\/it\/wp-json\/wp\/v2\/types\/page"}],"author":[{"embeddable":true,"href":"https:\/\/www.rijeka.hr\/it\/wp-json\/wp\/v2\/users\/14"}],"replies":[{"embeddable":true,"href":"https:\/\/www.rijeka.hr\/it\/wp-json\/wp\/v2\/comments?post=3684"}],"version-history":[{"count":4,"href":"https:\/\/www.rijeka.hr\/it\/wp-json\/wp\/v2\/pages\/3684\/revisions"}],"predecessor-version":[{"id":8468,"href":"https:\/\/www.rijeka.hr\/it\/wp-json\/wp\/v2\/pages\/3684\/revisions\/8468"}],"up":[{"embeddable":true,"href":"https:\/\/www.rijeka.hr\/it\/wp-json\/wp\/v2\/pages\/3673"}],"wp:attachment":[{"href":"https:\/\/www.rijeka.hr\/it\/wp-json\/wp\/v2\/media?parent=3684"}],"wp:term":[{"taxonomy":"post_tag","embeddable":true,"href":"https:\/\/www.rijeka.hr\/it\/wp-json\/wp\/v2\/tags?post=3684"}],"curies":[{"name":"wp","href":"https:\/\/api.w.org\/{rel}","templated":true}]}}