{"id":3686,"date":"2017-02-27T12:56:43","date_gmt":"2017-02-27T11:56:43","guid":{"rendered":"https:\/\/www.rijeka.hr\/it\/?page_id=3686"},"modified":"2019-05-07T15:18:16","modified_gmt":"2019-05-07T13:18:16","slug":"mausoleo-della-famiglia-gorup-nel-cimitero-cosala","status":"publish","type":"page","link":"https:\/\/www.rijeka.hr\/it\/temi-per-i-cittadini\/cultura\/patrimonio-culturale\/programmi-dinvestimento-inerenti-alla-protezione-alla-conservazione-del-patrimonio-culturale\/mausoleo-della-famiglia-gorup-nel-cimitero-cosala\/","title":{"rendered":"Mausoleo della famiglia Gorup nel cimitero di Cosala"},"content":{"rendered":"<p>Il mausoleo della famiglia Gorup nel cimitero di Cosala a Fiume fu costruito nel 1882 secondo il progetto creato dal famoso scultore croato Ivan Rendi\u0107. Il sollievo intitolato &#8220;Dipartita&#8221;, una presentazione realistica del cliente che lo ha ordinato e dei suoi otto figli \u00e8 una delle opere d&#8217;arte di prim&#8217;ordine create da Rendi\u0107. L&#8217;opera \u00e8 stata ordinata da Josip Gorup, imprenditore e grossista e persona che ha ordinato la costruzione dell&#8217;albergo &#8220;Europa&#8221;, una persona importante nella storia di Fiume. Dal 19 febbraio 2003, il Mausoleo di Gorup \u00e8 tutelato come bene culturale.<\/p>\n<p>La ricostruzione del Mausoleo della famiglia Gorup \u00e8 stata effettuata nel 2006, e comprendeva opere di restauro delle parti in pietra e metallo e del mosaico.<\/p>\n","protected":false},"excerpt":{"rendered":"<p>Il mausoleo della famiglia Gorup nel cimitero di Cosala a Fiume fu costruito nel 1882 secondo il progetto creato dal famoso scultore croato Ivan Rendi\u0107. Il sollievo intitolato &#8220;Dipartita&#8221;, una presentazione realistica del cliente che lo ha ordinato e dei suoi otto figli \u00e8 una delle opere d&#8217;arte di prim&#8217;ordine create da Rendi\u0107. L&#8217;opera \u00e8&#8230;<\/p>\n","protected":false},"author":14,"featured_media":0,"parent":3673,"menu_order":0,"comment_status":"closed","ping_status":"closed","template":"","meta":{"_acf_changed":false,"_trash_the_other_posts":false,"footnotes":"","_links_to":"","_links_to_target":""},"tags":[],"class_list":["post-3686","page","type-page","status-publish","hentry"],"acf":[],"yoast_head":"<!-- This site is optimized with the Yoast SEO plugin v24.4 - https:\/\/yoast.com\/wordpress\/plugins\/seo\/ -->\n<title>Mausoleo della famiglia Gorup nel cimitero di Cosala - Citt\u00e0 di Fiume<\/title>\n<meta name=\"robots\" content=\"index, follow, max-snippet:-1, max-image-preview:large, max-video-preview:-1\" \/>\n<link rel=\"canonical\" href=\"https:\/\/www.rijeka.hr\/it\/temi-per-i-cittadini\/cultura\/patrimonio-culturale\/programmi-dinvestimento-inerenti-alla-protezione-alla-conservazione-del-patrimonio-culturale\/mausoleo-della-famiglia-gorup-nel-cimitero-cosala\/\" \/>\n<meta property=\"og:locale\" content=\"it_IT\" \/>\n<meta property=\"og:type\" content=\"article\" \/>\n<meta property=\"og:title\" content=\"Mausoleo della famiglia Gorup nel cimitero di Cosala - Citt\u00e0 di Fiume\" \/>\n<meta property=\"og:description\" content=\"Il mausoleo della famiglia Gorup nel cimitero di Cosala a Fiume fu costruito nel 1882 secondo il progetto creato dal famoso scultore croato Ivan Rendi\u0107. Il sollievo intitolato &#8220;Dipartita&#8221;, una presentazione realistica del cliente che lo ha ordinato e dei suoi otto figli \u00e8 una delle opere d&#8217;arte di prim&#8217;ordine create da Rendi\u0107. L&#8217;opera \u00e8...\" \/>\n<meta property=\"og:url\" content=\"https:\/\/www.rijeka.hr\/it\/temi-per-i-cittadini\/cultura\/patrimonio-culturale\/programmi-dinvestimento-inerenti-alla-protezione-alla-conservazione-del-patrimonio-culturale\/mausoleo-della-famiglia-gorup-nel-cimitero-cosala\/\" \/>\n<meta property=\"og:site_name\" content=\"Citt\u00e0 di Fiume\" \/>\n<meta property=\"article:modified_time\" content=\"2019-05-07T13:18:16+00:00\" \/>\n<meta name=\"twitter:card\" content=\"summary_large_image\" \/>\n<meta name=\"twitter:label1\" content=\"Est. reading time\" \/>\n\t<meta name=\"twitter:data1\" content=\"1 minute\" \/>\n<script type=\"application\/ld+json\" class=\"yoast-schema-graph\">{\"@context\":\"https:\/\/schema.org\",\"@graph\":[{\"@type\":\"WebPage\",\"@id\":\"https:\/\/www.rijeka.hr\/it\/temi-per-i-cittadini\/cultura\/patrimonio-culturale\/programmi-dinvestimento-inerenti-alla-protezione-alla-conservazione-del-patrimonio-culturale\/mausoleo-della-famiglia-gorup-nel-cimitero-cosala\/\",\"url\":\"https:\/\/www.rijeka.hr\/it\/temi-per-i-cittadini\/cultura\/patrimonio-culturale\/programmi-dinvestimento-inerenti-alla-protezione-alla-conservazione-del-patrimonio-culturale\/mausoleo-della-famiglia-gorup-nel-cimitero-cosala\/\",\"name\":\"Mausoleo della famiglia Gorup nel cimitero di Cosala - Citt\u00e0 di Fiume\",\"isPartOf\":{\"@id\":\"https:\/\/www.rijeka.hr\/it\/#website\"},\"datePublished\":\"2017-02-27T11:56:43+00:00\",\"dateModified\":\"2019-05-07T13:18:16+00:00\",\"breadcrumb\":{\"@id\":\"https:\/\/www.rijeka.hr\/it\/temi-per-i-cittadini\/cultura\/patrimonio-culturale\/programmi-dinvestimento-inerenti-alla-protezione-alla-conservazione-del-patrimonio-culturale\/mausoleo-della-famiglia-gorup-nel-cimitero-cosala\/#breadcrumb\"},\"inLanguage\":\"it-IT\",\"potentialAction\":[{\"@type\":\"ReadAction\",\"target\":[\"https:\/\/www.rijeka.hr\/it\/temi-per-i-cittadini\/cultura\/patrimonio-culturale\/programmi-dinvestimento-inerenti-alla-protezione-alla-conservazione-del-patrimonio-culturale\/mausoleo-della-famiglia-gorup-nel-cimitero-cosala\/\"]}]},{\"@type\":\"BreadcrumbList\",\"@id\":\"https:\/\/www.rijeka.hr\/it\/temi-per-i-cittadini\/cultura\/patrimonio-culturale\/programmi-dinvestimento-inerenti-alla-protezione-alla-conservazione-del-patrimonio-culturale\/mausoleo-della-famiglia-gorup-nel-cimitero-cosala\/#breadcrumb\",\"itemListElement\":[{\"@type\":\"ListItem\",\"position\":1,\"name\":\"Po\u010detna stranica\",\"item\":\"https:\/\/www.rijeka.hr\/it\/\"},{\"@type\":\"ListItem\",\"position\":2,\"name\":\"Temi per i cittadini\",\"item\":\"https:\/\/www.rijeka.hr\/it\/temi-per-i-cittadini\/\"},{\"@type\":\"ListItem\",\"position\":3,\"name\":\"Cultura\",\"item\":\"https:\/\/www.rijeka.hr\/it\/temi-per-i-cittadini\/cultura\/\"},{\"@type\":\"ListItem\",\"position\":4,\"name\":\"Patrimonio culturale\",\"item\":\"https:\/\/www.rijeka.hr\/it\/temi-per-i-cittadini\/cultura\/patrimonio-culturale\/\"},{\"@type\":\"ListItem\",\"position\":5,\"name\":\"Programmi d\u2019investimento inerenti alla protezione e alla conservazione del patrimonio culturale\",\"item\":\"https:\/\/www.rijeka.hr\/it\/temi-per-i-cittadini\/cultura\/patrimonio-culturale\/programmi-dinvestimento-inerenti-alla-protezione-alla-conservazione-del-patrimonio-culturale\/\"},{\"@type\":\"ListItem\",\"position\":6,\"name\":\"Mausoleo della famiglia Gorup nel cimitero di Cosala\"}]},{\"@type\":\"WebSite\",\"@id\":\"https:\/\/www.rijeka.hr\/it\/#website\",\"url\":\"https:\/\/www.rijeka.hr\/it\/\",\"name\":\"Citt\u00e0 di Fiume\",\"description\":\"Portale web della Citta&#039; di Fiume\",\"potentialAction\":[{\"@type\":\"SearchAction\",\"target\":{\"@type\":\"EntryPoint\",\"urlTemplate\":\"https:\/\/www.rijeka.hr\/it\/?s={search_term_string}\"},\"query-input\":{\"@type\":\"PropertyValueSpecification\",\"valueRequired\":true,\"valueName\":\"search_term_string\"}}],\"inLanguage\":\"it-IT\"}]}<\/script>\n<!-- \/ Yoast SEO plugin. -->","yoast_head_json":{"title":"Mausoleo della famiglia Gorup nel cimitero di Cosala - Citt\u00e0 di Fiume","robots":{"index":"index","follow":"follow","max-snippet":"max-snippet:-1","max-image-preview":"max-image-preview:large","max-video-preview":"max-video-preview:-1"},"canonical":"https:\/\/www.rijeka.hr\/it\/temi-per-i-cittadini\/cultura\/patrimonio-culturale\/programmi-dinvestimento-inerenti-alla-protezione-alla-conservazione-del-patrimonio-culturale\/mausoleo-della-famiglia-gorup-nel-cimitero-cosala\/","og_locale":"it_IT","og_type":"article","og_title":"Mausoleo della famiglia Gorup nel cimitero di Cosala - Citt\u00e0 di Fiume","og_description":"Il mausoleo della famiglia Gorup nel cimitero di Cosala a Fiume fu costruito nel 1882 secondo il progetto creato dal famoso scultore croato Ivan Rendi\u0107. Il sollievo intitolato &#8220;Dipartita&#8221;, una presentazione realistica del cliente che lo ha ordinato e dei suoi otto figli \u00e8 una delle opere d&#8217;arte di prim&#8217;ordine create da Rendi\u0107. L&#8217;opera \u00e8...","og_url":"https:\/\/www.rijeka.hr\/it\/temi-per-i-cittadini\/cultura\/patrimonio-culturale\/programmi-dinvestimento-inerenti-alla-protezione-alla-conservazione-del-patrimonio-culturale\/mausoleo-della-famiglia-gorup-nel-cimitero-cosala\/","og_site_name":"Citt\u00e0 di Fiume","article_modified_time":"2019-05-07T13:18:16+00:00","twitter_card":"summary_large_image","twitter_misc":{"Est. reading time":"1 minute"},"schema":{"@context":"https:\/\/schema.org","@graph":[{"@type":"WebPage","@id":"https:\/\/www.rijeka.hr\/it\/temi-per-i-cittadini\/cultura\/patrimonio-culturale\/programmi-dinvestimento-inerenti-alla-protezione-alla-conservazione-del-patrimonio-culturale\/mausoleo-della-famiglia-gorup-nel-cimitero-cosala\/","url":"https:\/\/www.rijeka.hr\/it\/temi-per-i-cittadini\/cultura\/patrimonio-culturale\/programmi-dinvestimento-inerenti-alla-protezione-alla-conservazione-del-patrimonio-culturale\/mausoleo-della-famiglia-gorup-nel-cimitero-cosala\/","name":"Mausoleo della famiglia Gorup nel cimitero di Cosala - Citt\u00e0 di Fiume","isPartOf":{"@id":"https:\/\/www.rijeka.hr\/it\/#website"},"datePublished":"2017-02-27T11:56:43+00:00","dateModified":"2019-05-07T13:18:16+00:00","breadcrumb":{"@id":"https:\/\/www.rijeka.hr\/it\/temi-per-i-cittadini\/cultura\/patrimonio-culturale\/programmi-dinvestimento-inerenti-alla-protezione-alla-conservazione-del-patrimonio-culturale\/mausoleo-della-famiglia-gorup-nel-cimitero-cosala\/#breadcrumb"},"inLanguage":"it-IT","potentialAction":[{"@type":"ReadAction","target":["https:\/\/www.rijeka.hr\/it\/temi-per-i-cittadini\/cultura\/patrimonio-culturale\/programmi-dinvestimento-inerenti-alla-protezione-alla-conservazione-del-patrimonio-culturale\/mausoleo-della-famiglia-gorup-nel-cimitero-cosala\/"]}]},{"@type":"BreadcrumbList","@id":"https:\/\/www.rijeka.hr\/it\/temi-per-i-cittadini\/cultura\/patrimonio-culturale\/programmi-dinvestimento-inerenti-alla-protezione-alla-conservazione-del-patrimonio-culturale\/mausoleo-della-famiglia-gorup-nel-cimitero-cosala\/#breadcrumb","itemListElement":[{"@type":"ListItem","position":1,"name":"Po\u010detna stranica","item":"https:\/\/www.rijeka.hr\/it\/"},{"@type":"ListItem","position":2,"name":"Temi per i cittadini","item":"https:\/\/www.rijeka.hr\/it\/temi-per-i-cittadini\/"},{"@type":"ListItem","position":3,"name":"Cultura","item":"https:\/\/www.rijeka.hr\/it\/temi-per-i-cittadini\/cultura\/"},{"@type":"ListItem","position":4,"name":"Patrimonio culturale","item":"https:\/\/www.rijeka.hr\/it\/temi-per-i-cittadini\/cultura\/patrimonio-culturale\/"},{"@type":"ListItem","position":5,"name":"Programmi d\u2019investimento inerenti alla protezione e alla conservazione del patrimonio culturale","item":"https:\/\/www.rijeka.hr\/it\/temi-per-i-cittadini\/cultura\/patrimonio-culturale\/programmi-dinvestimento-inerenti-alla-protezione-alla-conservazione-del-patrimonio-culturale\/"},{"@type":"ListItem","position":6,"name":"Mausoleo della famiglia Gorup nel cimitero di Cosala"}]},{"@type":"WebSite","@id":"https:\/\/www.rijeka.hr\/it\/#website","url":"https:\/\/www.rijeka.hr\/it\/","name":"Citt\u00e0 di Fiume","description":"Portale web della Citta&#039; di Fiume","potentialAction":[{"@type":"SearchAction","target":{"@type":"EntryPoint","urlTemplate":"https:\/\/www.rijeka.hr\/it\/?s={search_term_string}"},"query-input":{"@type":"PropertyValueSpecification","valueRequired":true,"valueName":"search_term_string"}}],"inLanguage":"it-IT"}]}},"_links":{"self":[{"href":"https:\/\/www.rijeka.hr\/it\/wp-json\/wp\/v2\/pages\/3686","targetHints":{"allow":["GET"]}}],"collection":[{"href":"https:\/\/www.rijeka.hr\/it\/wp-json\/wp\/v2\/pages"}],"about":[{"href":"https:\/\/www.rijeka.hr\/it\/wp-json\/wp\/v2\/types\/page"}],"author":[{"embeddable":true,"href":"https:\/\/www.rijeka.hr\/it\/wp-json\/wp\/v2\/users\/14"}],"replies":[{"embeddable":true,"href":"https:\/\/www.rijeka.hr\/it\/wp-json\/wp\/v2\/comments?post=3686"}],"version-history":[{"count":3,"href":"https:\/\/www.rijeka.hr\/it\/wp-json\/wp\/v2\/pages\/3686\/revisions"}],"predecessor-version":[{"id":8484,"href":"https:\/\/www.rijeka.hr\/it\/wp-json\/wp\/v2\/pages\/3686\/revisions\/8484"}],"up":[{"embeddable":true,"href":"https:\/\/www.rijeka.hr\/it\/wp-json\/wp\/v2\/pages\/3673"}],"wp:attachment":[{"href":"https:\/\/www.rijeka.hr\/it\/wp-json\/wp\/v2\/media?parent=3686"}],"wp:term":[{"taxonomy":"post_tag","embeddable":true,"href":"https:\/\/www.rijeka.hr\/it\/wp-json\/wp\/v2\/tags?post=3686"}],"curies":[{"name":"wp","href":"https:\/\/api.w.org\/{rel}","templated":true}]}}