{"id":3699,"date":"2017-02-27T13:54:00","date_gmt":"2017-02-27T12:54:00","guid":{"rendered":"https:\/\/www.rijeka.hr\/it\/?page_id=3699"},"modified":"2019-04-23T10:09:43","modified_gmt":"2019-04-23T08:09:43","slug":"gru-portuali-ganz-sulla-diga-foranea","status":"publish","type":"page","link":"https:\/\/www.rijeka.hr\/it\/temi-per-i-cittadini\/cultura\/patrimonio-culturale\/programmi-dinvestimento-inerenti-alla-protezione-alla-conservazione-del-patrimonio-culturale\/gru-portuali-ganz-sulla-diga-foranea\/","title":{"rendered":"Le gru a ponte Ganz sulla diga foranea"},"content":{"rendered":"<p>Le gru sono situate sulla diga foranea, su un&#8217;area che fa parte del complesso urbano protetto della citt\u00e0 di Fiume.<\/p>\n<p>Le gru sono sotto la competenza e di propriet\u00e0 della Port Authority di Fiume.<\/p>\n<div id=\"attachment_8459\" class=\"wp-caption alignleft\"><img loading=\"lazy\" decoding=\"async\" width=\"399\" height=\"600\" class=\"wp-image-8459 size-full\" src=\"https:\/\/www.rijeka.hr\/it\/wp-content\/uploads\/sites\/3\/2019\/04\/Dizalice_molo_longo-3-399x600.jpg\" alt=\"\" srcset=\"https:\/\/www.rijeka.hr\/it\/wp-content\/uploads\/sites\/3\/2019\/04\/Dizalice_molo_longo-3-399x600.jpg 399w, https:\/\/www.rijeka.hr\/it\/wp-content\/uploads\/sites\/3\/2019\/04\/Dizalice_molo_longo-3-399x600-266x400.jpg 266w\" sizes=\"(max-width: 399px) 100vw, 399px\" \/><p class=\"wp-caption-text\">Le gru a ponte sulla diga foranea<\/p><\/div>\n<p>Le gru a semi-portale n. 8 e 10 sono state prodotte dalla azienda GANZ &#8211; Budapest. La gru n. 8 \u00e8 stata prodotta nel 1957, mentre la gru n. 10 risale al 1948.<\/p>\n<p>Sull&#8217;intervento della citt\u00e0 di Fiume \u00e8 stato avviato il restauro e il risanamento delle gru, protrattisi dal 2010 al 2014. Il programma \u00e8 stato realizzato sotto la supervisione del competente Dipartimento per la conservazione.<\/p>\n<p>La Citt\u00e0 di Fiume ha cofinanziato il progetto con i fondi raccolti a titolo della tassa sui monumenti storici nell\u2019importo di 1.896.450,00 kune.<\/p>\n<p>Le parti superiori mobili delle gru sono state sostituite con le parti idonee da altre gru di propriet\u00e0 della Port Authority in quanto quelle situate sulla diga erano in pessime condizioni. Il risanamento \u00e8 stato completato nel 2013.<\/p>\n<p>Le gru sono dotate di riflettori con sorgenti luminose LED RGB che hanno la possibilit\u00e0 di produrre vari colori di diverse intensit\u00e0. Le date significative sono contrassegnate da particolari luci colorate.<\/p>\n","protected":false},"excerpt":{"rendered":"<p>Le gru sono situate sulla diga foranea, su un&#8217;area che fa parte del complesso urbano protetto della citt\u00e0 di Fiume. Le gru sono sotto la competenza e di propriet\u00e0 della Port Authority di Fiume. Le gru a semi-portale n. 8 e 10 sono state prodotte dalla azienda GANZ &#8211; Budapest. La gru n. 8 \u00e8&#8230;<\/p>\n","protected":false},"author":14,"featured_media":0,"parent":3673,"menu_order":0,"comment_status":"closed","ping_status":"closed","template":"","meta":{"_acf_changed":false,"_trash_the_other_posts":false,"footnotes":"","_links_to":"","_links_to_target":""},"tags":[],"class_list":["post-3699","page","type-page","status-publish","hentry"],"acf":[],"yoast_head":"<!-- This site is optimized with the Yoast SEO plugin v24.4 - https:\/\/yoast.com\/wordpress\/plugins\/seo\/ -->\n<title>Le gru a ponte Ganz sulla diga foranea - Citt\u00e0 di Fiume<\/title>\n<meta name=\"robots\" content=\"index, follow, max-snippet:-1, max-image-preview:large, max-video-preview:-1\" \/>\n<link rel=\"canonical\" href=\"https:\/\/www.rijeka.hr\/it\/temi-per-i-cittadini\/cultura\/patrimonio-culturale\/programmi-dinvestimento-inerenti-alla-protezione-alla-conservazione-del-patrimonio-culturale\/gru-portuali-ganz-sulla-diga-foranea\/\" \/>\n<meta property=\"og:locale\" content=\"it_IT\" \/>\n<meta property=\"og:type\" content=\"article\" \/>\n<meta property=\"og:title\" content=\"Le gru a ponte Ganz sulla diga foranea - Citt\u00e0 di Fiume\" \/>\n<meta property=\"og:description\" content=\"Le gru sono situate sulla diga foranea, su un&#8217;area che fa parte del complesso urbano protetto della citt\u00e0 di Fiume. Le gru sono sotto la competenza e di propriet\u00e0 della Port Authority di Fiume. Le gru a semi-portale n. 8 e 10 sono state prodotte dalla azienda GANZ &#8211; Budapest. La gru n. 8 \u00e8...\" \/>\n<meta property=\"og:url\" content=\"https:\/\/www.rijeka.hr\/it\/temi-per-i-cittadini\/cultura\/patrimonio-culturale\/programmi-dinvestimento-inerenti-alla-protezione-alla-conservazione-del-patrimonio-culturale\/gru-portuali-ganz-sulla-diga-foranea\/\" \/>\n<meta property=\"og:site_name\" content=\"Citt\u00e0 di Fiume\" \/>\n<meta property=\"article:modified_time\" content=\"2019-04-23T08:09:43+00:00\" \/>\n<meta property=\"og:image\" content=\"https:\/\/www.rijeka.hr\/it\/wp-content\/uploads\/sites\/3\/2019\/04\/Dizalice_molo_longo-3-399x600.jpg\" \/>\n<meta name=\"twitter:card\" content=\"summary_large_image\" \/>\n<meta name=\"twitter:label1\" content=\"Est. reading time\" \/>\n\t<meta name=\"twitter:data1\" content=\"1 minute\" \/>\n<script type=\"application\/ld+json\" class=\"yoast-schema-graph\">{\"@context\":\"https:\/\/schema.org\",\"@graph\":[{\"@type\":\"WebPage\",\"@id\":\"https:\/\/www.rijeka.hr\/it\/temi-per-i-cittadini\/cultura\/patrimonio-culturale\/programmi-dinvestimento-inerenti-alla-protezione-alla-conservazione-del-patrimonio-culturale\/gru-portuali-ganz-sulla-diga-foranea\/\",\"url\":\"https:\/\/www.rijeka.hr\/it\/temi-per-i-cittadini\/cultura\/patrimonio-culturale\/programmi-dinvestimento-inerenti-alla-protezione-alla-conservazione-del-patrimonio-culturale\/gru-portuali-ganz-sulla-diga-foranea\/\",\"name\":\"Le gru a ponte Ganz sulla diga foranea - Citt\u00e0 di Fiume\",\"isPartOf\":{\"@id\":\"https:\/\/www.rijeka.hr\/it\/#website\"},\"primaryImageOfPage\":{\"@id\":\"https:\/\/www.rijeka.hr\/it\/temi-per-i-cittadini\/cultura\/patrimonio-culturale\/programmi-dinvestimento-inerenti-alla-protezione-alla-conservazione-del-patrimonio-culturale\/gru-portuali-ganz-sulla-diga-foranea\/#primaryimage\"},\"image\":{\"@id\":\"https:\/\/www.rijeka.hr\/it\/temi-per-i-cittadini\/cultura\/patrimonio-culturale\/programmi-dinvestimento-inerenti-alla-protezione-alla-conservazione-del-patrimonio-culturale\/gru-portuali-ganz-sulla-diga-foranea\/#primaryimage\"},\"thumbnailUrl\":\"https:\/\/www.rijeka.hr\/it\/wp-content\/uploads\/sites\/3\/2019\/04\/Dizalice_molo_longo-3-399x600.jpg\",\"datePublished\":\"2017-02-27T12:54:00+00:00\",\"dateModified\":\"2019-04-23T08:09:43+00:00\",\"breadcrumb\":{\"@id\":\"https:\/\/www.rijeka.hr\/it\/temi-per-i-cittadini\/cultura\/patrimonio-culturale\/programmi-dinvestimento-inerenti-alla-protezione-alla-conservazione-del-patrimonio-culturale\/gru-portuali-ganz-sulla-diga-foranea\/#breadcrumb\"},\"inLanguage\":\"it-IT\",\"potentialAction\":[{\"@type\":\"ReadAction\",\"target\":[\"https:\/\/www.rijeka.hr\/it\/temi-per-i-cittadini\/cultura\/patrimonio-culturale\/programmi-dinvestimento-inerenti-alla-protezione-alla-conservazione-del-patrimonio-culturale\/gru-portuali-ganz-sulla-diga-foranea\/\"]}]},{\"@type\":\"ImageObject\",\"inLanguage\":\"it-IT\",\"@id\":\"https:\/\/www.rijeka.hr\/it\/temi-per-i-cittadini\/cultura\/patrimonio-culturale\/programmi-dinvestimento-inerenti-alla-protezione-alla-conservazione-del-patrimonio-culturale\/gru-portuali-ganz-sulla-diga-foranea\/#primaryimage\",\"url\":\"https:\/\/www.rijeka.hr\/it\/wp-content\/uploads\/sites\/3\/2019\/04\/Dizalice_molo_longo-3-399x600.jpg\",\"contentUrl\":\"https:\/\/www.rijeka.hr\/it\/wp-content\/uploads\/sites\/3\/2019\/04\/Dizalice_molo_longo-3-399x600.jpg\"},{\"@type\":\"BreadcrumbList\",\"@id\":\"https:\/\/www.rijeka.hr\/it\/temi-per-i-cittadini\/cultura\/patrimonio-culturale\/programmi-dinvestimento-inerenti-alla-protezione-alla-conservazione-del-patrimonio-culturale\/gru-portuali-ganz-sulla-diga-foranea\/#breadcrumb\",\"itemListElement\":[{\"@type\":\"ListItem\",\"position\":1,\"name\":\"Po\u010detna stranica\",\"item\":\"https:\/\/www.rijeka.hr\/it\/\"},{\"@type\":\"ListItem\",\"position\":2,\"name\":\"Temi per i cittadini\",\"item\":\"https:\/\/www.rijeka.hr\/it\/temi-per-i-cittadini\/\"},{\"@type\":\"ListItem\",\"position\":3,\"name\":\"Cultura\",\"item\":\"https:\/\/www.rijeka.hr\/it\/temi-per-i-cittadini\/cultura\/\"},{\"@type\":\"ListItem\",\"position\":4,\"name\":\"Patrimonio culturale\",\"item\":\"https:\/\/www.rijeka.hr\/it\/temi-per-i-cittadini\/cultura\/patrimonio-culturale\/\"},{\"@type\":\"ListItem\",\"position\":5,\"name\":\"Programmi d\u2019investimento inerenti alla protezione e alla conservazione del patrimonio culturale\",\"item\":\"https:\/\/www.rijeka.hr\/it\/temi-per-i-cittadini\/cultura\/patrimonio-culturale\/programmi-dinvestimento-inerenti-alla-protezione-alla-conservazione-del-patrimonio-culturale\/\"},{\"@type\":\"ListItem\",\"position\":6,\"name\":\"Le gru a ponte Ganz sulla diga foranea\"}]},{\"@type\":\"WebSite\",\"@id\":\"https:\/\/www.rijeka.hr\/it\/#website\",\"url\":\"https:\/\/www.rijeka.hr\/it\/\",\"name\":\"Citt\u00e0 di Fiume\",\"description\":\"Portale web della Citta&#039; di Fiume\",\"potentialAction\":[{\"@type\":\"SearchAction\",\"target\":{\"@type\":\"EntryPoint\",\"urlTemplate\":\"https:\/\/www.rijeka.hr\/it\/?s={search_term_string}\"},\"query-input\":{\"@type\":\"PropertyValueSpecification\",\"valueRequired\":true,\"valueName\":\"search_term_string\"}}],\"inLanguage\":\"it-IT\"}]}<\/script>\n<!-- \/ Yoast SEO plugin. -->","yoast_head_json":{"title":"Le gru a ponte Ganz sulla diga foranea - Citt\u00e0 di Fiume","robots":{"index":"index","follow":"follow","max-snippet":"max-snippet:-1","max-image-preview":"max-image-preview:large","max-video-preview":"max-video-preview:-1"},"canonical":"https:\/\/www.rijeka.hr\/it\/temi-per-i-cittadini\/cultura\/patrimonio-culturale\/programmi-dinvestimento-inerenti-alla-protezione-alla-conservazione-del-patrimonio-culturale\/gru-portuali-ganz-sulla-diga-foranea\/","og_locale":"it_IT","og_type":"article","og_title":"Le gru a ponte Ganz sulla diga foranea - Citt\u00e0 di Fiume","og_description":"Le gru sono situate sulla diga foranea, su un&#8217;area che fa parte del complesso urbano protetto della citt\u00e0 di Fiume. Le gru sono sotto la competenza e di propriet\u00e0 della Port Authority di Fiume. Le gru a semi-portale n. 8 e 10 sono state prodotte dalla azienda GANZ &#8211; Budapest. La gru n. 8 \u00e8...","og_url":"https:\/\/www.rijeka.hr\/it\/temi-per-i-cittadini\/cultura\/patrimonio-culturale\/programmi-dinvestimento-inerenti-alla-protezione-alla-conservazione-del-patrimonio-culturale\/gru-portuali-ganz-sulla-diga-foranea\/","og_site_name":"Citt\u00e0 di Fiume","article_modified_time":"2019-04-23T08:09:43+00:00","og_image":[{"url":"https:\/\/www.rijeka.hr\/it\/wp-content\/uploads\/sites\/3\/2019\/04\/Dizalice_molo_longo-3-399x600.jpg","type":"","width":"","height":""}],"twitter_card":"summary_large_image","twitter_misc":{"Est. reading time":"1 minute"},"schema":{"@context":"https:\/\/schema.org","@graph":[{"@type":"WebPage","@id":"https:\/\/www.rijeka.hr\/it\/temi-per-i-cittadini\/cultura\/patrimonio-culturale\/programmi-dinvestimento-inerenti-alla-protezione-alla-conservazione-del-patrimonio-culturale\/gru-portuali-ganz-sulla-diga-foranea\/","url":"https:\/\/www.rijeka.hr\/it\/temi-per-i-cittadini\/cultura\/patrimonio-culturale\/programmi-dinvestimento-inerenti-alla-protezione-alla-conservazione-del-patrimonio-culturale\/gru-portuali-ganz-sulla-diga-foranea\/","name":"Le gru a ponte Ganz sulla diga foranea - Citt\u00e0 di Fiume","isPartOf":{"@id":"https:\/\/www.rijeka.hr\/it\/#website"},"primaryImageOfPage":{"@id":"https:\/\/www.rijeka.hr\/it\/temi-per-i-cittadini\/cultura\/patrimonio-culturale\/programmi-dinvestimento-inerenti-alla-protezione-alla-conservazione-del-patrimonio-culturale\/gru-portuali-ganz-sulla-diga-foranea\/#primaryimage"},"image":{"@id":"https:\/\/www.rijeka.hr\/it\/temi-per-i-cittadini\/cultura\/patrimonio-culturale\/programmi-dinvestimento-inerenti-alla-protezione-alla-conservazione-del-patrimonio-culturale\/gru-portuali-ganz-sulla-diga-foranea\/#primaryimage"},"thumbnailUrl":"https:\/\/www.rijeka.hr\/it\/wp-content\/uploads\/sites\/3\/2019\/04\/Dizalice_molo_longo-3-399x600.jpg","datePublished":"2017-02-27T12:54:00+00:00","dateModified":"2019-04-23T08:09:43+00:00","breadcrumb":{"@id":"https:\/\/www.rijeka.hr\/it\/temi-per-i-cittadini\/cultura\/patrimonio-culturale\/programmi-dinvestimento-inerenti-alla-protezione-alla-conservazione-del-patrimonio-culturale\/gru-portuali-ganz-sulla-diga-foranea\/#breadcrumb"},"inLanguage":"it-IT","potentialAction":[{"@type":"ReadAction","target":["https:\/\/www.rijeka.hr\/it\/temi-per-i-cittadini\/cultura\/patrimonio-culturale\/programmi-dinvestimento-inerenti-alla-protezione-alla-conservazione-del-patrimonio-culturale\/gru-portuali-ganz-sulla-diga-foranea\/"]}]},{"@type":"ImageObject","inLanguage":"it-IT","@id":"https:\/\/www.rijeka.hr\/it\/temi-per-i-cittadini\/cultura\/patrimonio-culturale\/programmi-dinvestimento-inerenti-alla-protezione-alla-conservazione-del-patrimonio-culturale\/gru-portuali-ganz-sulla-diga-foranea\/#primaryimage","url":"https:\/\/www.rijeka.hr\/it\/wp-content\/uploads\/sites\/3\/2019\/04\/Dizalice_molo_longo-3-399x600.jpg","contentUrl":"https:\/\/www.rijeka.hr\/it\/wp-content\/uploads\/sites\/3\/2019\/04\/Dizalice_molo_longo-3-399x600.jpg"},{"@type":"BreadcrumbList","@id":"https:\/\/www.rijeka.hr\/it\/temi-per-i-cittadini\/cultura\/patrimonio-culturale\/programmi-dinvestimento-inerenti-alla-protezione-alla-conservazione-del-patrimonio-culturale\/gru-portuali-ganz-sulla-diga-foranea\/#breadcrumb","itemListElement":[{"@type":"ListItem","position":1,"name":"Po\u010detna stranica","item":"https:\/\/www.rijeka.hr\/it\/"},{"@type":"ListItem","position":2,"name":"Temi per i cittadini","item":"https:\/\/www.rijeka.hr\/it\/temi-per-i-cittadini\/"},{"@type":"ListItem","position":3,"name":"Cultura","item":"https:\/\/www.rijeka.hr\/it\/temi-per-i-cittadini\/cultura\/"},{"@type":"ListItem","position":4,"name":"Patrimonio culturale","item":"https:\/\/www.rijeka.hr\/it\/temi-per-i-cittadini\/cultura\/patrimonio-culturale\/"},{"@type":"ListItem","position":5,"name":"Programmi d\u2019investimento inerenti alla protezione e alla conservazione del patrimonio culturale","item":"https:\/\/www.rijeka.hr\/it\/temi-per-i-cittadini\/cultura\/patrimonio-culturale\/programmi-dinvestimento-inerenti-alla-protezione-alla-conservazione-del-patrimonio-culturale\/"},{"@type":"ListItem","position":6,"name":"Le gru a ponte Ganz sulla diga foranea"}]},{"@type":"WebSite","@id":"https:\/\/www.rijeka.hr\/it\/#website","url":"https:\/\/www.rijeka.hr\/it\/","name":"Citt\u00e0 di Fiume","description":"Portale web della Citta&#039; di Fiume","potentialAction":[{"@type":"SearchAction","target":{"@type":"EntryPoint","urlTemplate":"https:\/\/www.rijeka.hr\/it\/?s={search_term_string}"},"query-input":{"@type":"PropertyValueSpecification","valueRequired":true,"valueName":"search_term_string"}}],"inLanguage":"it-IT"}]}},"_links":{"self":[{"href":"https:\/\/www.rijeka.hr\/it\/wp-json\/wp\/v2\/pages\/3699","targetHints":{"allow":["GET"]}}],"collection":[{"href":"https:\/\/www.rijeka.hr\/it\/wp-json\/wp\/v2\/pages"}],"about":[{"href":"https:\/\/www.rijeka.hr\/it\/wp-json\/wp\/v2\/types\/page"}],"author":[{"embeddable":true,"href":"https:\/\/www.rijeka.hr\/it\/wp-json\/wp\/v2\/users\/14"}],"replies":[{"embeddable":true,"href":"https:\/\/www.rijeka.hr\/it\/wp-json\/wp\/v2\/comments?post=3699"}],"version-history":[{"count":5,"href":"https:\/\/www.rijeka.hr\/it\/wp-json\/wp\/v2\/pages\/3699\/revisions"}],"predecessor-version":[{"id":8458,"href":"https:\/\/www.rijeka.hr\/it\/wp-json\/wp\/v2\/pages\/3699\/revisions\/8458"}],"up":[{"embeddable":true,"href":"https:\/\/www.rijeka.hr\/it\/wp-json\/wp\/v2\/pages\/3673"}],"wp:attachment":[{"href":"https:\/\/www.rijeka.hr\/it\/wp-json\/wp\/v2\/media?parent=3699"}],"wp:term":[{"taxonomy":"post_tag","embeddable":true,"href":"https:\/\/www.rijeka.hr\/it\/wp-json\/wp\/v2\/tags?post=3699"}],"curies":[{"name":"wp","href":"https:\/\/api.w.org\/{rel}","templated":true}]}}