{"id":372,"date":"2016-07-28T09:40:24","date_gmt":"2016-07-28T07:40:24","guid":{"rendered":"https:\/\/www.rijeka.hr\/it\/?page_id=372"},"modified":"2024-02-14T15:30:05","modified_gmt":"2024-02-14T14:30:05","slug":"debiti","status":"publish","type":"page","link":"https:\/\/www.rijeka.hr\/it\/temi-per-i-cittadini\/affari-e-investimenti\/debiti\/","title":{"rendered":"Debiti"},"content":{"rendered":"<p>Persone fisiche e giuridiche possono richiedere il differimento del pagamento, il pagamento rateale del debito o la vendita, la cancellazione o l\u2019ammortamento parziale dei debiti che rappresentano il reddito di bilancio della Citt\u00e0 di Fiume.<\/p>\n<p>&nbsp;<\/p>\n<h2>La richiesta riguarda i seguenti redditi:<\/h2>\n<ul>\n<li>affitto di un vano d\u2019affari e di aree pubbliche sulla base del contratto di affitto,<\/li>\n<li>affitto di alloggi;<\/li>\n<li>indennizzo per concessioni;<\/li>\n<li>indennizzo per autorizzazioni in materia di concessioni, ad eccezione delle concessioni per l\u2019usufrutto economico del demanio marittimo;<\/li>\n<li>multe cittadine;<\/li>\n<li>crediti derivanti dalla vendita dei beni immobili e mobili di propriet\u00e0 della Citt\u00e0 di Fiume;<\/li>\n<li>altri crediti della Citt\u00e0 di Fiume;<\/li>\n<li>crediti derivanti dal reddito dalla propria attivit\u00e0;<\/li>\n<li>reddito derivante da specifici contratti e altri redditi cittadini;<\/li>\n<li>crediti riconosciuti da sentenze passate in giudicato e da altri provvedimenti dell&#8217;autorit\u00e0 giudiziaria;<\/li>\n<\/ul>\n<p>Richieste non possono essere presentate rispetto i debiti e crediti derivanti da:<\/p>\n<ul>\n<li>obblighi pubblici (contributo comunale, indennizzo comunale, tassa sui monumenti storici e redditi fiscali della Citt\u00e0 di Fiume), tranne quelli derivanti dall\u2019indennizzo per le concessioni;<\/li>\n<li>crediti reciproci tra la pubblica amministrazione e unit\u00e0 di autogoverno locale e regionale;<\/li>\n<li>reddito acquisito senza fondamento;<\/li>\n<li>mutui con finalit\u00e0 abitativa e altri mutui che non sono approvati dallo stato oppure da un\u2019unit\u00e0 di autogoverno locale e regionale oppure quelli non accompagnati da una garanzia rilasciata dallo stato o da unit\u00e0 di autogoverno locale e regionale;<\/li>\n<li>contratti di vendita degli appartamenti per i quali sussiste il diritto di abitazione<a href=\"#_ftn1\" name=\"_ftnref1\">[1]<\/a><\/li>\n<li>contratti di vendita degli appartamenti sulla base dei regolamenti che disciplinano l\u2019edilizia residenziale agevolata e di altre regole;<\/li>\n<li>concessione del demanio marittimo per l\u2019utilizzo economico;<\/li>\n<li>crediti rispetto ai quali il differimento del pagamento, il rimborso rateale del debito e la vendita, la cancellazione o l\u2019ammortamento parziale sono disciplinati da specifici regolamenti.<\/li>\n<\/ul>\n<p>Si considera il nucleo familiare una famiglia o un\u2019altra comunit\u00e0 delle persone conviventi che fanno fronte alle spese della vita quotidiana noncurante la parentela.<\/p>\n<p>Il differimento del pagamento, il rimborso rateale del debito, la vendita e la cancellazione del debito possono essere consentiti al debitore una volta ogni cinque anni.<\/p>\n<p>Il procedimento per realizzare il differimento del pagamento, il rimborso rateale del debito e la vendita, la cancellazione e l\u2019ammortamento parziale dei crediti si svolge in conformit\u00e0 al metodo e alle condizioni disciplinati dal Regolamento sui criteri, sugli standard e sul procedimento per il differimento del pagamento, il pagamento rateale del debito e la vendita, la cancellazione oppure l\u2019ammortamento parziale dei crediti (\u201cGazzetta ufficiale\u201c n. 52\/13, 94\/14).<\/p>\n<h2>Differimento del pagamento e il rimborso rateale del debito<\/h2>\n<p>Domande possono essere inviate da persone giuridiche, da persone fisiche \u2013 cittadini, persone fisiche artigiani e persone fisiche che svolgono un\u2019attivit\u00e0 indipendente compilando il modulo ZFO (per persone fisiche) e il modulo ZPO (per persone giuridiche) previsti dal Regolamento.<\/p>\n<p>Persone fisiche devono soddisfare \u201cla condizione sociale\u201c se sulla base della decisione del competente organo ottengono il diritto al minimo compenso garantito, ovvero il diritto all\u2019assegno di mantenimento nell\u2019ambito del sistema di previdenza sociale oppure la \u201csituazione proprietaria\u201c se la situazione proprietaria complessiva del richiedente e dei suoi familiari maggiorenni corrisponde alle seguenti condizioni: la propriet\u00e0 deve essere in forma monetaria fino all\u2019ammontare di 6 stipendi di base per percepire vari diritti e compensi dall\u2019Erario nella data di presentazione della domanda per ogni membro del nucleo familiare (denaro contante in valuta domestica e in valute estere, titoli, quote di partecipazione al capitale, altre propriet\u00e0 all\u2019estero) e il reddito e introiti ammontano a uno stipendio di base per ogni membro del nucleo familiare nella data di presentazione della domanda.<\/p>\n<p>Persone giuridiche e fisiche \u2013 artigiani e persone fisiche che svolgono un\u2019attivit\u00e0 indipendente, devono soddisfare le seguenti condizioni: non hanno dei debiti insoluti nella documentazione mantenuta dall\u2019Amministrazione fiscale (in base agli obblighi fiscali e contributi per l\u2019assicurazione pensionistica e sanitaria), non \u00e8 stato pagato il dividendo, quote nel profitto oppure un avanzo nel profitto nell\u2019anno precedente e corrente con la concomitanza di un debito tributario, che l\u2019estinzione del debito con un\u2019unica rata per la persona giuridica sia un carico inappropriato oppure causerebbe un danno economico significativo, e il piano finanziario dovrebbe essere stimato quale commercialmente sostenibile con la consegna della prescritta documentazione.<\/p>\n<p>Il richiedente deve inserire i dati richiesti nel modulo di domanda sotto responsabilit\u00e0 materiale e penale personale, inoltrandola al dipartimento amministrativo competente per ogni tipo del reddito \/ credito di bilancio.<\/p>\n<h2>Cancellazione e parziale ammortamento del credito per la persona fisica \u2013 cittadino<\/h2>\n<p>La domanda pu\u00f2 essere presentata dalle persone fisiche \u2013 cittadini compilando il modulo ZFO di domanda prescritto dal Regolamento.<\/p>\n<p>Persone fisiche devono soddisfare \u201cla condizione sociale\u201c se sulla base della decisione dell\u2019organo competente ottengono il diritto al minimo compenso garantito, ovvero il diritto all\u2019assegno di mantenimento nell\u2019ambito della previdenza sociale oppure alla \u201csituazione proprietaria\u201c se la situazione proprietaria complessiva del richiedente e dei suoi familiari maggiorenni corrisponde alle seguenti condizioni: la propriet\u00e0 deve essere in forma monetaria fino all\u2019ammontare di 2 stipendi di base per percepire vari diritti e compensi dall\u2019Erario nella data di presentazione della domanda per ogni membro del nucleo familiare (denaro contante in valuta domestica e in valute estere, titoli, quote di partecipazione al capitale, altre propriet\u00e0 all\u2019estero), di possedere un appartamento o una casa che utilizza esclusivamente per scopi abitativi, di possedere un\u2019automobile o un natante nel valore di due stipendi di base nella data di presentazione della domanda. per ogni membro del nucleo familiare e il reddito e introiti sono fino all\u2019importo di uno stipendio di base per ogni membro del nucleo familiare.<\/p>\n<p>Il richiedente deve inserire i dati richiesti nel modulo di domanda sotto responsabilit\u00e0 materiale e penale personale, inoltrandola al dipartimento amministrativo competente per ogni tipo del reddito \/ credito di bilancio.<\/p>\n<p>Se alla persona fisica \u2013 cittadino \u00e8 stata concessa la cancellazione del debito, \u00e8 prescritto che la seguente domanda per la cancellazione del debito, a prescindere dalla ragione per cui il debito \u00e8 stato creato, non pu\u00f2 essere inviata prima della scadenza del termine di cinque anni dall\u2019adozione della decisione sulla cancellazione del credito derivante da un previo debito.<\/p>\n<p>&nbsp;<\/p>\n<h2>Cancellazione del debito a titolo di interessi nel caso dell\u2019intera estinzione della somma principale in un unico pagamento.<\/h2>\n<p>La domanda pu\u00f2 essere inviata dalle persone giuridiche e fisiche artigiani e dalle presone fisiche che svolgono un\u2019attivit\u00e0 indipendente e persone fisiche \u2013 cittadini, senza un termine limitato per la presentazione.<\/p>\n<p>Il debito a titolo di interessi pu\u00f2 essere cancellato se la somma principale insoluta e quella non ancora scaduta del debito viene pagata interamente entro 30 giorni dalla data di armonizzazione del saldo. Il richiedente della domanda relativa agli interessi non pu\u00f2 presentare contemporaneamente la domanda per il differimento e per il rimborso rateale del debito.<\/p>\n<h2>Altre cancellazioni<\/h2>\n<p>Per quanto riguarda i crediti verso il debitore persona giuridica che non possono essere rimborsati nell\u2019ambito del processo fallimentare sulla base di una sentenza passata in giudicato relativa alla conclusione del processo fallimentare o del processo di liquidazione sulla base di una sentenza passata in giudicato relativa alla cancellazione della persona giuridica dal registro giudiziario, i competenti uffici di contabilit\u00e0 analitica e il Dipartimento municipale delle finanze svolgono la cancellazione verso il debitore nei libri di affari.<\/p>\n<p>I competenti uffici di contabilit\u00e0 analitica possono per dovere d\u2019ufficio cancellare il debito dello stesso debitore fino a 50,00 kune.<\/p>\n<p>I competenti uffici di contabilit\u00e0 analitica per dovere d\u2019ufficio cancelleranno il credito verso il debitore persona fisica e giuridica nel caso in cui si verifichi la prescrizione del diritto al rimborso del credito, in conformit\u00e0 alle regole di legge.<\/p>\n<p>\u00c8 stato prescritto che saranno cancellati i crediti che secondo il valore dell\u2019oggetto di controversia rientrano nella categoria di controversie di piccolo importo, ovvero che ammontano fino a 10.000,00 kune, e il processo di rimborso deve essere avviato all\u2019estero e i crediti verso persone fisiche che non superano 10.000,00 kune, ovvero l\u2019importo di 50.000,00 kune verso persone giuridiche sulla base della motivata proposta a dell\u2019Avvocatura di Stato della Repubblica di Croazia quando l\u2019avvio del procedimento davanti a una corte straniera non \u00e8 giustificato, viste le spese dello svolgimento del procedimento davanti a corti estere.<\/p>\n<p>\u00c8 stato prescritto che su proposta della competente Avvocatura di Stato sar\u00e0 concesso il rimborso rateale dei crediti sostenuti a causa delle spese di processo se la domanda per il differimento del pagamento, per il rimborso rateale del debito o per la cancellazione del credito \u00e8 stata presentata prima dell\u2019avvio del processo di esecuzione forzata e sar\u00e0 concluso un accordo sui reciproci rapporti.<\/p>\n<h2>Factoring<\/h2>\n<p>I crediti possono essere venduti solo al debitore persona giuridica. I crediti vengono venduti a mezzo di asta pubblica, pubblicando un bando di gara o attraverso un accordo diretto con il consenso del Governo della Repubblica di Croazia.<\/p>\n<p>Per quanto riguarda il factoring, sono stati prescritti i seguenti criteri e le condizioni: l\u2019immobile ha un valore inferiore rispetto al valore del credito, ovvero il valore dell\u2019immobile su cui \u00e8 stato registrato un interesse di sicurezza ha un valore inferiore rispetto al valore del credito, esiste il rischio che il credito non sar\u00e0 rimborsato dal debitore (illiquidit\u00e0, insolvenza, eccessivi debiti), la vendita si svolge in conformit\u00e0 alle disposizioni del procedimento fallimentare, non pu\u00f2 essere venduto il credito di un debitore di propriet\u00e0 di maggioranza dello stato, ovvero di un\u2019unit\u00e0 di autogoverno locale e regionale, alla prima asta o al primo bando di gara il prezzo iniziale ammonta al 75% dell\u2019importo nominale del debito (soma principale con interessi), la seconda asta o il secondo bando di gara viene fissato una volta terminato il periodo di 30 giorni dalla prima asta e il prezzo iniziale non pu\u00f2 essere inferiore al 50% rispetto all\u2019importo nominale del debito (somma principale con interessi), a patto che l\u2019immobile della persona giuridica \u00e8 del 50% inferiore del credito, la terza asta o il terzo bando di gara viene fissato una volta terminato il periodo di 30 giorni dalla seconda asta e il prezzo iniziale non pu\u00f2 essere inferiore al 35% rispetto all\u2019importo nominale del credito (somma principale con interessi) a patto che l\u2019immobile della persona giuridica \u00e8 del 35% inferiore rispetto al credito.<\/p>\n<h2>Presentazione della domanda<\/h2>\n<p>Le domande vengono presentate utilizzano i moduli prescritti ZPO (persone giuridiche) e ZFO (persone fisiche, persone fisiche artigiani, e persone fisiche che svolgono un\u2019attivit\u00e0 indipendente.<\/p>\n<p>La domanda per la cancellazione del debito a titolo di interessi, se la somma principale insoluta e quella non ancora scaduta del debito viene rimborsata in un unico pagamento ai sensi dell\u2019articolo 28 del Regolamento, deve essere firmata e motivata, e pu\u00f2 essere presentata riempiendo i moduli della Citt\u00e0 di Fiume ZPO-KTE (persone giuridiche) e ZFO-KTE (presone fisiche, persone fisiche artigiani e persone fisiche che svolgono un\u2019attivit\u00e0 indipendente).<\/p>\n<p>La domanda deve essere consegnata al Dipartimento delle Finanze della Citt\u00e0 di Fiume, all\u2019indirizzo Fiume, Corso 16, per posta o direttamente all\u2019ufficio della Citt\u00e0 di Fiume all\u2019indirizzo piazza Tito n. 3.<\/p>\n<p>Il procedimento per realizzare il differimento del pagamento, per il rimborso rateale del debito e la vendita, la cancellazione o l\u2019ammortamento parziale che riguarda l\u2019affitto viene attuato attraverso il Dipartimento municipale per la gestione del patrimonio immobiliare, Direzione per la gestione degli edifici abitativi, l\u2019azienda Ri stan di Fiume e il Dipartimento municipale delle finanze.<\/p>\n<p>Il Dipartimento municipale delle finanze ovvero il sindaco adottano decisioni in conformit\u00e0 al Regolamento.<\/p>\n<p><span style=\"color: #ff0000\">Domanda \u2013 persone fisiche (modulo ZFO)<\/span><\/p>\n<p><span style=\"color: #ff0000\">Domanda \u2013 persone giuridiche (modulo ZPO)<\/span><\/p>\n<p><span style=\"color: #ff0000\">Domanda per la cancellazione di interessi \u00a0\u2013 persone fisiche (modulo ZFO \u2013 KTE)<\/span><\/p>\n<p><span style=\"color: #ff0000\">Domanda per la cancellazione di interessi \u2013 persone giuridiche (modulo ZPO \u2013 KTE)<\/span><\/p>\n<p>Invito a presentare la domanda per la cancellazione del debito<\/p>\n<p>Invito a presentare la domanda per la cancellazione del debito a titolo di interessi se la somma principale insoluta e quella non ancora scaduta del debito viene rimborsata in un unico pagamento ai sensi del Regolamento sui criteri, sugli standard e sul procedimento per il differimento del pagamento, per il rimborso rateale del debito e la vendita, la cancellazione e l\u2019ammortamento parziale del credito.<\/p>\n<p>&nbsp;<\/p>\n<p><a href=\"#_ftnref1\" name=\"_ftn1\">[1]<\/a> Diritto di abitazione &#8211; particolare diritto di abitazione\/occupazione che permetteva alle famiglie di alloggiare in modo vitalizio presso appartamenti di propriet\u00e0 di varie aziende e enti secondo i meriti acquisiti professionalmente, con possibilit\u00e0 di trasferire tale diritto ai propri familiari.<\/p>\n<p>&nbsp;<\/p>\n","protected":false},"excerpt":{"rendered":"<p>Persone fisiche e giuridiche possono richiedere il differimento del pagamento, il pagamento rateale del debito o la vendita, la cancellazione o l\u2019ammortamento parziale dei debiti che rappresentano il reddito di bilancio della Citt\u00e0 di Fiume. &nbsp; La richiesta riguarda i seguenti redditi: affitto di un vano d\u2019affari e di aree pubbliche sulla base del contratto&#8230;<\/p>\n","protected":false},"author":12,"featured_media":0,"parent":357,"menu_order":0,"comment_status":"closed","ping_status":"closed","template":"","meta":{"_acf_changed":false,"_trash_the_other_posts":false,"footnotes":"","_links_to":"","_links_to_target":""},"tags":[],"class_list":["post-372","page","type-page","status-publish","hentry"],"acf":[],"yoast_head":"<!-- This site is optimized with the Yoast SEO plugin v24.4 - https:\/\/yoast.com\/wordpress\/plugins\/seo\/ -->\n<title>Debiti - Citt\u00e0 di Fiume<\/title>\n<meta name=\"robots\" content=\"index, follow, max-snippet:-1, max-image-preview:large, max-video-preview:-1\" \/>\n<link rel=\"canonical\" href=\"https:\/\/www.rijeka.hr\/it\/temi-per-i-cittadini\/affari-e-investimenti\/debiti\/\" \/>\n<meta property=\"og:locale\" content=\"it_IT\" \/>\n<meta property=\"og:type\" content=\"article\" \/>\n<meta property=\"og:title\" content=\"Debiti - Citt\u00e0 di Fiume\" \/>\n<meta property=\"og:description\" content=\"Persone fisiche e giuridiche possono richiedere il differimento del pagamento, il pagamento rateale del debito o la vendita, la cancellazione o l\u2019ammortamento parziale dei debiti che rappresentano il reddito di bilancio della Citt\u00e0 di Fiume. &nbsp; La richiesta riguarda i seguenti redditi: affitto di un vano d\u2019affari e di aree pubbliche sulla base del contratto...\" \/>\n<meta property=\"og:url\" content=\"https:\/\/www.rijeka.hr\/it\/temi-per-i-cittadini\/affari-e-investimenti\/debiti\/\" \/>\n<meta property=\"og:site_name\" content=\"Citt\u00e0 di Fiume\" \/>\n<meta property=\"article:modified_time\" content=\"2024-02-14T14:30:05+00:00\" \/>\n<meta name=\"twitter:card\" content=\"summary_large_image\" \/>\n<meta name=\"twitter:label1\" content=\"Est. reading time\" \/>\n\t<meta name=\"twitter:data1\" content=\"10 minutes\" \/>\n<script type=\"application\/ld+json\" class=\"yoast-schema-graph\">{\"@context\":\"https:\/\/schema.org\",\"@graph\":[{\"@type\":\"WebPage\",\"@id\":\"https:\/\/www.rijeka.hr\/it\/temi-per-i-cittadini\/affari-e-investimenti\/debiti\/\",\"url\":\"https:\/\/www.rijeka.hr\/it\/temi-per-i-cittadini\/affari-e-investimenti\/debiti\/\",\"name\":\"Debiti - Citt\u00e0 di Fiume\",\"isPartOf\":{\"@id\":\"https:\/\/www.rijeka.hr\/it\/#website\"},\"datePublished\":\"2016-07-28T07:40:24+00:00\",\"dateModified\":\"2024-02-14T14:30:05+00:00\",\"breadcrumb\":{\"@id\":\"https:\/\/www.rijeka.hr\/it\/temi-per-i-cittadini\/affari-e-investimenti\/debiti\/#breadcrumb\"},\"inLanguage\":\"it-IT\",\"potentialAction\":[{\"@type\":\"ReadAction\",\"target\":[\"https:\/\/www.rijeka.hr\/it\/temi-per-i-cittadini\/affari-e-investimenti\/debiti\/\"]}]},{\"@type\":\"BreadcrumbList\",\"@id\":\"https:\/\/www.rijeka.hr\/it\/temi-per-i-cittadini\/affari-e-investimenti\/debiti\/#breadcrumb\",\"itemListElement\":[{\"@type\":\"ListItem\",\"position\":1,\"name\":\"Po\u010detna stranica\",\"item\":\"https:\/\/www.rijeka.hr\/it\/\"},{\"@type\":\"ListItem\",\"position\":2,\"name\":\"Temi per i cittadini\",\"item\":\"https:\/\/www.rijeka.hr\/it\/temi-per-i-cittadini\/\"},{\"@type\":\"ListItem\",\"position\":3,\"name\":\"Affari e investimenti\",\"item\":\"https:\/\/www.rijeka.hr\/it\/temi-per-i-cittadini\/affari-e-investimenti\/\"},{\"@type\":\"ListItem\",\"position\":4,\"name\":\"Debiti\"}]},{\"@type\":\"WebSite\",\"@id\":\"https:\/\/www.rijeka.hr\/it\/#website\",\"url\":\"https:\/\/www.rijeka.hr\/it\/\",\"name\":\"Citt\u00e0 di Fiume\",\"description\":\"Portale web della Citta&#039; di Fiume\",\"potentialAction\":[{\"@type\":\"SearchAction\",\"target\":{\"@type\":\"EntryPoint\",\"urlTemplate\":\"https:\/\/www.rijeka.hr\/it\/?s={search_term_string}\"},\"query-input\":{\"@type\":\"PropertyValueSpecification\",\"valueRequired\":true,\"valueName\":\"search_term_string\"}}],\"inLanguage\":\"it-IT\"}]}<\/script>\n<!-- \/ Yoast SEO plugin. -->","yoast_head_json":{"title":"Debiti - Citt\u00e0 di Fiume","robots":{"index":"index","follow":"follow","max-snippet":"max-snippet:-1","max-image-preview":"max-image-preview:large","max-video-preview":"max-video-preview:-1"},"canonical":"https:\/\/www.rijeka.hr\/it\/temi-per-i-cittadini\/affari-e-investimenti\/debiti\/","og_locale":"it_IT","og_type":"article","og_title":"Debiti - Citt\u00e0 di Fiume","og_description":"Persone fisiche e giuridiche possono richiedere il differimento del pagamento, il pagamento rateale del debito o la vendita, la cancellazione o l\u2019ammortamento parziale dei debiti che rappresentano il reddito di bilancio della Citt\u00e0 di Fiume. &nbsp; La richiesta riguarda i seguenti redditi: affitto di un vano d\u2019affari e di aree pubbliche sulla base del contratto...","og_url":"https:\/\/www.rijeka.hr\/it\/temi-per-i-cittadini\/affari-e-investimenti\/debiti\/","og_site_name":"Citt\u00e0 di Fiume","article_modified_time":"2024-02-14T14:30:05+00:00","twitter_card":"summary_large_image","twitter_misc":{"Est. reading time":"10 minutes"},"schema":{"@context":"https:\/\/schema.org","@graph":[{"@type":"WebPage","@id":"https:\/\/www.rijeka.hr\/it\/temi-per-i-cittadini\/affari-e-investimenti\/debiti\/","url":"https:\/\/www.rijeka.hr\/it\/temi-per-i-cittadini\/affari-e-investimenti\/debiti\/","name":"Debiti - Citt\u00e0 di Fiume","isPartOf":{"@id":"https:\/\/www.rijeka.hr\/it\/#website"},"datePublished":"2016-07-28T07:40:24+00:00","dateModified":"2024-02-14T14:30:05+00:00","breadcrumb":{"@id":"https:\/\/www.rijeka.hr\/it\/temi-per-i-cittadini\/affari-e-investimenti\/debiti\/#breadcrumb"},"inLanguage":"it-IT","potentialAction":[{"@type":"ReadAction","target":["https:\/\/www.rijeka.hr\/it\/temi-per-i-cittadini\/affari-e-investimenti\/debiti\/"]}]},{"@type":"BreadcrumbList","@id":"https:\/\/www.rijeka.hr\/it\/temi-per-i-cittadini\/affari-e-investimenti\/debiti\/#breadcrumb","itemListElement":[{"@type":"ListItem","position":1,"name":"Po\u010detna stranica","item":"https:\/\/www.rijeka.hr\/it\/"},{"@type":"ListItem","position":2,"name":"Temi per i cittadini","item":"https:\/\/www.rijeka.hr\/it\/temi-per-i-cittadini\/"},{"@type":"ListItem","position":3,"name":"Affari e investimenti","item":"https:\/\/www.rijeka.hr\/it\/temi-per-i-cittadini\/affari-e-investimenti\/"},{"@type":"ListItem","position":4,"name":"Debiti"}]},{"@type":"WebSite","@id":"https:\/\/www.rijeka.hr\/it\/#website","url":"https:\/\/www.rijeka.hr\/it\/","name":"Citt\u00e0 di Fiume","description":"Portale web della Citta&#039; di Fiume","potentialAction":[{"@type":"SearchAction","target":{"@type":"EntryPoint","urlTemplate":"https:\/\/www.rijeka.hr\/it\/?s={search_term_string}"},"query-input":{"@type":"PropertyValueSpecification","valueRequired":true,"valueName":"search_term_string"}}],"inLanguage":"it-IT"}]}},"_links":{"self":[{"href":"https:\/\/www.rijeka.hr\/it\/wp-json\/wp\/v2\/pages\/372","targetHints":{"allow":["GET"]}}],"collection":[{"href":"https:\/\/www.rijeka.hr\/it\/wp-json\/wp\/v2\/pages"}],"about":[{"href":"https:\/\/www.rijeka.hr\/it\/wp-json\/wp\/v2\/types\/page"}],"author":[{"embeddable":true,"href":"https:\/\/www.rijeka.hr\/it\/wp-json\/wp\/v2\/users\/12"}],"replies":[{"embeddable":true,"href":"https:\/\/www.rijeka.hr\/it\/wp-json\/wp\/v2\/comments?post=372"}],"version-history":[{"count":8,"href":"https:\/\/www.rijeka.hr\/it\/wp-json\/wp\/v2\/pages\/372\/revisions"}],"predecessor-version":[{"id":1440,"href":"https:\/\/www.rijeka.hr\/it\/wp-json\/wp\/v2\/pages\/372\/revisions\/1440"}],"up":[{"embeddable":true,"href":"https:\/\/www.rijeka.hr\/it\/wp-json\/wp\/v2\/pages\/357"}],"wp:attachment":[{"href":"https:\/\/www.rijeka.hr\/it\/wp-json\/wp\/v2\/media?parent=372"}],"wp:term":[{"taxonomy":"post_tag","embeddable":true,"href":"https:\/\/www.rijeka.hr\/it\/wp-json\/wp\/v2\/tags?post=372"}],"curies":[{"name":"wp","href":"https:\/\/api.w.org\/{rel}","templated":true}]}}