{"id":377,"date":"2016-10-20T14:08:12","date_gmt":"2016-10-20T12:08:12","guid":{"rendered":"https:\/\/www.rijeka.hr\/it\/?page_id=377"},"modified":"2021-01-04T08:33:27","modified_gmt":"2021-01-04T07:33:27","slug":"concessioni","status":"publish","type":"page","link":"https:\/\/www.rijeka.hr\/it\/temi-per-i-cittadini\/affari-e-investimenti\/concessioni\/","title":{"rendered":"Concessioni"},"content":{"rendered":"<p>La concessione per le attivit\u00e0 di spazzacamino \u00e8 stata assegnata all\u2019azienda \u201cDimnja\u010dar\u201d di Fiume, mentre la concessione per la distribuzione dell\u2019energia termica all\u2019azienda \u201cEnergo\u201d.<\/p>\n<p>La procedura per l\u2019assegnazione dell\u2019autorizzazione in materia di concessione demaniale marittima, la tariffa per l\u2019assegnazione dell\u2019autorizzazione <em>di concessione<\/em><strong>,<\/strong> e la composizione del Consiglio per il rilascio dell\u2019autorizzazione di concessione sono determinati dal Regolamento (\u00a0<a href=\"http:\/\/narodne-novine.nn.hr\/clanci\/sluzbeni\/2004_03_36_916.html\">36\/04<\/a>,\u00a0<a href=\"http:\/\/narodne-novine.nn.hr\/clanci\/sluzbeni\/2008_06_63_2132.html\">63\/08<\/a>,\u00a0<a href=\"http:\/\/narodne-novine.nn.hr\/clanci\/sluzbeni\/2013_11_133_2885.html\">133\/13<\/a>\u00a0e\u00a0<a href=\"http:\/\/narodne-novine.nn.hr\/clanci\/sluzbeni\/2014_05_63_1163.html\">63\/14<\/a>).<\/p>\n<p>&nbsp;<\/p>\n\n    <div class=\"featured-pages\">\n\n        <ul>\n                            <li><a href=\"https:\/\/www.rijeka.hr\/it\/temi-per-i-cittadini\/affari-e-investimenti\/concessioni\/attivita-di-spazzacamino\/\">Attivit\u00e0 di spazzacamino<\/a><\/li>\n                            <li><a href=\"https:\/\/www.rijeka.hr\/it\/temi-per-i-cittadini\/affari-e-investimenti\/concessioni\/distribuzione-dellenergia-termica\/\">Distribuzione dell\u2019energia termica<\/a><\/li>\n                            <li><a href=\"https:\/\/www.rijeka.hr\/it\/temi-per-i-cittadini\/affari-e-investimenti\/concessioni\/concessione-e-lautorizzazione-materia-di-concessione-demaniale-marittima\/\">Concessione e l\u2019autorizzazione in materia di concessione demaniale marittima<\/a><\/li>\n                            <li><a href=\"https:\/\/www.rijeka.hr\/it\/temi-per-i-cittadini\/affari-e-investimenti\/concessioni\/registro-di-concessioni\/\">Registro delle concessioni<\/a><\/li>\n                    <\/ul>\n \n    <\/div>\n\n    \n","protected":false},"excerpt":{"rendered":"<p>La concessione per le attivit\u00e0 di spazzacamino \u00e8 stata assegnata all\u2019azienda \u201cDimnja\u010dar\u201d di Fiume, mentre la concessione per la distribuzione dell\u2019energia termica all\u2019azienda \u201cEnergo\u201d. La procedura per l\u2019assegnazione dell\u2019autorizzazione in materia di concessione demaniale marittima, la tariffa per l\u2019assegnazione dell\u2019autorizzazione di concessione, e la composizione del Consiglio per il rilascio dell\u2019autorizzazione di concessione sono determinati&#8230;<\/p>\n","protected":false},"author":12,"featured_media":0,"parent":357,"menu_order":0,"comment_status":"closed","ping_status":"closed","template":"","meta":{"_acf_changed":false,"_trash_the_other_posts":false,"footnotes":"","_links_to":"","_links_to_target":""},"tags":[],"class_list":["post-377","page","type-page","status-publish","hentry"],"acf":[],"yoast_head":"<!-- This site is optimized with the Yoast SEO plugin v24.4 - https:\/\/yoast.com\/wordpress\/plugins\/seo\/ -->\n<title>Concessioni - Citt\u00e0 di Fiume<\/title>\n<meta name=\"robots\" content=\"index, follow, max-snippet:-1, max-image-preview:large, max-video-preview:-1\" \/>\n<link rel=\"canonical\" href=\"https:\/\/www.rijeka.hr\/it\/temi-per-i-cittadini\/affari-e-investimenti\/concessioni\/\" \/>\n<meta property=\"og:locale\" content=\"it_IT\" \/>\n<meta property=\"og:type\" content=\"article\" \/>\n<meta property=\"og:title\" content=\"Concessioni - Citt\u00e0 di Fiume\" \/>\n<meta property=\"og:description\" content=\"La concessione per le attivit\u00e0 di spazzacamino \u00e8 stata assegnata all\u2019azienda \u201cDimnja\u010dar\u201d di Fiume, mentre la concessione per la distribuzione dell\u2019energia termica all\u2019azienda \u201cEnergo\u201d. La procedura per l\u2019assegnazione dell\u2019autorizzazione in materia di concessione demaniale marittima, la tariffa per l\u2019assegnazione dell\u2019autorizzazione di concessione, e la composizione del Consiglio per il rilascio dell\u2019autorizzazione di concessione sono determinati...\" \/>\n<meta property=\"og:url\" content=\"https:\/\/www.rijeka.hr\/it\/temi-per-i-cittadini\/affari-e-investimenti\/concessioni\/\" \/>\n<meta property=\"og:site_name\" content=\"Citt\u00e0 di Fiume\" \/>\n<meta property=\"article:modified_time\" content=\"2021-01-04T07:33:27+00:00\" \/>\n<meta name=\"twitter:card\" content=\"summary_large_image\" \/>\n<script type=\"application\/ld+json\" class=\"yoast-schema-graph\">{\"@context\":\"https:\/\/schema.org\",\"@graph\":[{\"@type\":\"WebPage\",\"@id\":\"https:\/\/www.rijeka.hr\/it\/temi-per-i-cittadini\/affari-e-investimenti\/concessioni\/\",\"url\":\"https:\/\/www.rijeka.hr\/it\/temi-per-i-cittadini\/affari-e-investimenti\/concessioni\/\",\"name\":\"Concessioni - Citt\u00e0 di Fiume\",\"isPartOf\":{\"@id\":\"https:\/\/www.rijeka.hr\/it\/#website\"},\"datePublished\":\"2016-10-20T12:08:12+00:00\",\"dateModified\":\"2021-01-04T07:33:27+00:00\",\"breadcrumb\":{\"@id\":\"https:\/\/www.rijeka.hr\/it\/temi-per-i-cittadini\/affari-e-investimenti\/concessioni\/#breadcrumb\"},\"inLanguage\":\"it-IT\",\"potentialAction\":[{\"@type\":\"ReadAction\",\"target\":[\"https:\/\/www.rijeka.hr\/it\/temi-per-i-cittadini\/affari-e-investimenti\/concessioni\/\"]}]},{\"@type\":\"BreadcrumbList\",\"@id\":\"https:\/\/www.rijeka.hr\/it\/temi-per-i-cittadini\/affari-e-investimenti\/concessioni\/#breadcrumb\",\"itemListElement\":[{\"@type\":\"ListItem\",\"position\":1,\"name\":\"Po\u010detna stranica\",\"item\":\"https:\/\/www.rijeka.hr\/it\/\"},{\"@type\":\"ListItem\",\"position\":2,\"name\":\"Temi per i cittadini\",\"item\":\"https:\/\/www.rijeka.hr\/it\/temi-per-i-cittadini\/\"},{\"@type\":\"ListItem\",\"position\":3,\"name\":\"Affari e investimenti\",\"item\":\"https:\/\/www.rijeka.hr\/it\/temi-per-i-cittadini\/affari-e-investimenti\/\"},{\"@type\":\"ListItem\",\"position\":4,\"name\":\"Concessioni\"}]},{\"@type\":\"WebSite\",\"@id\":\"https:\/\/www.rijeka.hr\/it\/#website\",\"url\":\"https:\/\/www.rijeka.hr\/it\/\",\"name\":\"Citt\u00e0 di Fiume\",\"description\":\"Portale web della Citta&#039; di Fiume\",\"potentialAction\":[{\"@type\":\"SearchAction\",\"target\":{\"@type\":\"EntryPoint\",\"urlTemplate\":\"https:\/\/www.rijeka.hr\/it\/?s={search_term_string}\"},\"query-input\":{\"@type\":\"PropertyValueSpecification\",\"valueRequired\":true,\"valueName\":\"search_term_string\"}}],\"inLanguage\":\"it-IT\"}]}<\/script>\n<!-- \/ Yoast SEO plugin. -->","yoast_head_json":{"title":"Concessioni - Citt\u00e0 di Fiume","robots":{"index":"index","follow":"follow","max-snippet":"max-snippet:-1","max-image-preview":"max-image-preview:large","max-video-preview":"max-video-preview:-1"},"canonical":"https:\/\/www.rijeka.hr\/it\/temi-per-i-cittadini\/affari-e-investimenti\/concessioni\/","og_locale":"it_IT","og_type":"article","og_title":"Concessioni - Citt\u00e0 di Fiume","og_description":"La concessione per le attivit\u00e0 di spazzacamino \u00e8 stata assegnata all\u2019azienda \u201cDimnja\u010dar\u201d di Fiume, mentre la concessione per la distribuzione dell\u2019energia termica all\u2019azienda \u201cEnergo\u201d. La procedura per l\u2019assegnazione dell\u2019autorizzazione in materia di concessione demaniale marittima, la tariffa per l\u2019assegnazione dell\u2019autorizzazione di concessione, e la composizione del Consiglio per il rilascio dell\u2019autorizzazione di concessione sono determinati...","og_url":"https:\/\/www.rijeka.hr\/it\/temi-per-i-cittadini\/affari-e-investimenti\/concessioni\/","og_site_name":"Citt\u00e0 di Fiume","article_modified_time":"2021-01-04T07:33:27+00:00","twitter_card":"summary_large_image","schema":{"@context":"https:\/\/schema.org","@graph":[{"@type":"WebPage","@id":"https:\/\/www.rijeka.hr\/it\/temi-per-i-cittadini\/affari-e-investimenti\/concessioni\/","url":"https:\/\/www.rijeka.hr\/it\/temi-per-i-cittadini\/affari-e-investimenti\/concessioni\/","name":"Concessioni - Citt\u00e0 di Fiume","isPartOf":{"@id":"https:\/\/www.rijeka.hr\/it\/#website"},"datePublished":"2016-10-20T12:08:12+00:00","dateModified":"2021-01-04T07:33:27+00:00","breadcrumb":{"@id":"https:\/\/www.rijeka.hr\/it\/temi-per-i-cittadini\/affari-e-investimenti\/concessioni\/#breadcrumb"},"inLanguage":"it-IT","potentialAction":[{"@type":"ReadAction","target":["https:\/\/www.rijeka.hr\/it\/temi-per-i-cittadini\/affari-e-investimenti\/concessioni\/"]}]},{"@type":"BreadcrumbList","@id":"https:\/\/www.rijeka.hr\/it\/temi-per-i-cittadini\/affari-e-investimenti\/concessioni\/#breadcrumb","itemListElement":[{"@type":"ListItem","position":1,"name":"Po\u010detna stranica","item":"https:\/\/www.rijeka.hr\/it\/"},{"@type":"ListItem","position":2,"name":"Temi per i cittadini","item":"https:\/\/www.rijeka.hr\/it\/temi-per-i-cittadini\/"},{"@type":"ListItem","position":3,"name":"Affari e investimenti","item":"https:\/\/www.rijeka.hr\/it\/temi-per-i-cittadini\/affari-e-investimenti\/"},{"@type":"ListItem","position":4,"name":"Concessioni"}]},{"@type":"WebSite","@id":"https:\/\/www.rijeka.hr\/it\/#website","url":"https:\/\/www.rijeka.hr\/it\/","name":"Citt\u00e0 di Fiume","description":"Portale web della Citta&#039; di Fiume","potentialAction":[{"@type":"SearchAction","target":{"@type":"EntryPoint","urlTemplate":"https:\/\/www.rijeka.hr\/it\/?s={search_term_string}"},"query-input":{"@type":"PropertyValueSpecification","valueRequired":true,"valueName":"search_term_string"}}],"inLanguage":"it-IT"}]}},"_links":{"self":[{"href":"https:\/\/www.rijeka.hr\/it\/wp-json\/wp\/v2\/pages\/377","targetHints":{"allow":["GET"]}}],"collection":[{"href":"https:\/\/www.rijeka.hr\/it\/wp-json\/wp\/v2\/pages"}],"about":[{"href":"https:\/\/www.rijeka.hr\/it\/wp-json\/wp\/v2\/types\/page"}],"author":[{"embeddable":true,"href":"https:\/\/www.rijeka.hr\/it\/wp-json\/wp\/v2\/users\/12"}],"replies":[{"embeddable":true,"href":"https:\/\/www.rijeka.hr\/it\/wp-json\/wp\/v2\/comments?post=377"}],"version-history":[{"count":8,"href":"https:\/\/www.rijeka.hr\/it\/wp-json\/wp\/v2\/pages\/377\/revisions"}],"predecessor-version":[{"id":5490,"href":"https:\/\/www.rijeka.hr\/it\/wp-json\/wp\/v2\/pages\/377\/revisions\/5490"}],"up":[{"embeddable":true,"href":"https:\/\/www.rijeka.hr\/it\/wp-json\/wp\/v2\/pages\/357"}],"wp:attachment":[{"href":"https:\/\/www.rijeka.hr\/it\/wp-json\/wp\/v2\/media?parent=377"}],"wp:term":[{"taxonomy":"post_tag","embeddable":true,"href":"https:\/\/www.rijeka.hr\/it\/wp-json\/wp\/v2\/tags?post=377"}],"curies":[{"name":"wp","href":"https:\/\/api.w.org\/{rel}","templated":true}]}}