{"id":391,"date":"2016-07-28T13:55:44","date_gmt":"2016-07-28T11:55:44","guid":{"rendered":"https:\/\/www.rijeka.hr\/it\/?page_id=391"},"modified":"2025-01-15T15:29:24","modified_gmt":"2025-01-15T14:29:24","slug":"finanziamento-dei-programmi-progetti","status":"publish","type":"page","link":"https:\/\/www.rijeka.hr\/it\/temi-per-i-cittadini\/famiglia-e-assistenza-sociale\/finanziamento-dei-programmi-progetti\/","title":{"rendered":"Finanziamento dei programmi e progetti"},"content":{"rendered":"<p>In base all\u2019Invito annuale che mira a raccogliere offerte per progetti\/programmi nell\u2019ambito della tutela sanitaria e della previdenza sociale, vengono cofinanziati progetti\/programmi inerenti ai seguenti campi:<\/p>\n<ul>\n<li>attivit\u00e0 sociali<\/li>\n<li>tutela della salute<\/li>\n<li>tutela degli animali<\/li>\n<\/ul>\n<p>Il vantaggio \u00e8 dato ai progetti e programmi che sono allineati con la Strategia di sviluppo della Citt\u00e0 di Fiume per il periodo 2014 &#8211; 2020.<\/p>\n<p>Lo scopo dell\u2019invito pubblico \u00e8 quello di instaurare la collaborazione con il pubblico professionale e il settore civile allo scopo di proteggere e migliorare la salute dei cittadini e migliorare la tutela psicosociale di certe fasce dei cittadini particolarmente vulnerabili (difensori e vittime di guerra, persone anziane, bambini con difficolt\u00e0 nello sviluppo, persone con disabilit\u00e0, senzatetto, vittime di violenza ecc.)<\/p>\n<h2>Documenti<\/h2>\n<p>Gli attuatori dei programmi e progetti scelti, hanno l\u2019obbligo di presentare relazioni finanziarie e programmatiche secondo la dinamica prevista nel contratto.<\/p>\n<p>&nbsp;<\/p>\n","protected":false},"excerpt":{"rendered":"<p>In base all\u2019Invito annuale che mira a raccogliere offerte per progetti\/programmi nell\u2019ambito della tutela sanitaria e della previdenza sociale, vengono cofinanziati progetti\/programmi inerenti ai seguenti campi: attivit\u00e0 sociali tutela della salute tutela degli animali Il vantaggio \u00e8 dato ai progetti e programmi che sono allineati con la Strategia di sviluppo della Citt\u00e0 di Fiume per&#8230;<\/p>\n","protected":false},"author":6,"featured_media":0,"parent":186,"menu_order":114,"comment_status":"closed","ping_status":"closed","template":"","meta":{"_acf_changed":false,"_trash_the_other_posts":false,"footnotes":"","_links_to":"","_links_to_target":""},"tags":[],"class_list":["post-391","page","type-page","status-publish","hentry"],"acf":[],"yoast_head":"<!-- This site is optimized with the Yoast SEO plugin v24.4 - https:\/\/yoast.com\/wordpress\/plugins\/seo\/ -->\n<title>Finanziamento dei programmi e progetti - Citt\u00e0 di Fiume<\/title>\n<meta name=\"robots\" content=\"index, follow, max-snippet:-1, max-image-preview:large, max-video-preview:-1\" \/>\n<link rel=\"canonical\" href=\"https:\/\/www.rijeka.hr\/it\/temi-per-i-cittadini\/famiglia-e-assistenza-sociale\/finanziamento-dei-programmi-progetti\/\" \/>\n<meta property=\"og:locale\" content=\"it_IT\" \/>\n<meta property=\"og:type\" content=\"article\" \/>\n<meta property=\"og:title\" content=\"Finanziamento dei programmi e progetti - Citt\u00e0 di Fiume\" \/>\n<meta property=\"og:description\" content=\"In base all\u2019Invito annuale che mira a raccogliere offerte per progetti\/programmi nell\u2019ambito della tutela sanitaria e della previdenza sociale, vengono cofinanziati progetti\/programmi inerenti ai seguenti campi: attivit\u00e0 sociali tutela della salute tutela degli animali Il vantaggio \u00e8 dato ai progetti e programmi che sono allineati con la Strategia di sviluppo della Citt\u00e0 di Fiume per...\" \/>\n<meta property=\"og:url\" content=\"https:\/\/www.rijeka.hr\/it\/temi-per-i-cittadini\/famiglia-e-assistenza-sociale\/finanziamento-dei-programmi-progetti\/\" \/>\n<meta property=\"og:site_name\" content=\"Citt\u00e0 di Fiume\" \/>\n<meta property=\"article:modified_time\" content=\"2025-01-15T14:29:24+00:00\" \/>\n<meta name=\"twitter:card\" content=\"summary_large_image\" \/>\n<meta name=\"twitter:label1\" content=\"Est. reading time\" \/>\n\t<meta name=\"twitter:data1\" content=\"1 minute\" \/>\n<script type=\"application\/ld+json\" class=\"yoast-schema-graph\">{\"@context\":\"https:\/\/schema.org\",\"@graph\":[{\"@type\":\"WebPage\",\"@id\":\"https:\/\/www.rijeka.hr\/it\/temi-per-i-cittadini\/famiglia-e-assistenza-sociale\/finanziamento-dei-programmi-progetti\/\",\"url\":\"https:\/\/www.rijeka.hr\/it\/temi-per-i-cittadini\/famiglia-e-assistenza-sociale\/finanziamento-dei-programmi-progetti\/\",\"name\":\"Finanziamento dei programmi e progetti - Citt\u00e0 di Fiume\",\"isPartOf\":{\"@id\":\"https:\/\/www.rijeka.hr\/it\/#website\"},\"datePublished\":\"2016-07-28T11:55:44+00:00\",\"dateModified\":\"2025-01-15T14:29:24+00:00\",\"breadcrumb\":{\"@id\":\"https:\/\/www.rijeka.hr\/it\/temi-per-i-cittadini\/famiglia-e-assistenza-sociale\/finanziamento-dei-programmi-progetti\/#breadcrumb\"},\"inLanguage\":\"it-IT\",\"potentialAction\":[{\"@type\":\"ReadAction\",\"target\":[\"https:\/\/www.rijeka.hr\/it\/temi-per-i-cittadini\/famiglia-e-assistenza-sociale\/finanziamento-dei-programmi-progetti\/\"]}]},{\"@type\":\"BreadcrumbList\",\"@id\":\"https:\/\/www.rijeka.hr\/it\/temi-per-i-cittadini\/famiglia-e-assistenza-sociale\/finanziamento-dei-programmi-progetti\/#breadcrumb\",\"itemListElement\":[{\"@type\":\"ListItem\",\"position\":1,\"name\":\"Po\u010detna stranica\",\"item\":\"https:\/\/www.rijeka.hr\/it\/\"},{\"@type\":\"ListItem\",\"position\":2,\"name\":\"Temi per i cittadini\",\"item\":\"https:\/\/www.rijeka.hr\/it\/temi-per-i-cittadini\/\"},{\"@type\":\"ListItem\",\"position\":3,\"name\":\"Famiglia e previdenza sociale\",\"item\":\"https:\/\/www.rijeka.hr\/it\/temi-per-i-cittadini\/famiglia-e-assistenza-sociale\/\"},{\"@type\":\"ListItem\",\"position\":4,\"name\":\"Finanziamento dei programmi e progetti\"}]},{\"@type\":\"WebSite\",\"@id\":\"https:\/\/www.rijeka.hr\/it\/#website\",\"url\":\"https:\/\/www.rijeka.hr\/it\/\",\"name\":\"Citt\u00e0 di Fiume\",\"description\":\"Portale web della Citta&#039; di Fiume\",\"potentialAction\":[{\"@type\":\"SearchAction\",\"target\":{\"@type\":\"EntryPoint\",\"urlTemplate\":\"https:\/\/www.rijeka.hr\/it\/?s={search_term_string}\"},\"query-input\":{\"@type\":\"PropertyValueSpecification\",\"valueRequired\":true,\"valueName\":\"search_term_string\"}}],\"inLanguage\":\"it-IT\"}]}<\/script>\n<!-- \/ Yoast SEO plugin. -->","yoast_head_json":{"title":"Finanziamento dei programmi e progetti - Citt\u00e0 di Fiume","robots":{"index":"index","follow":"follow","max-snippet":"max-snippet:-1","max-image-preview":"max-image-preview:large","max-video-preview":"max-video-preview:-1"},"canonical":"https:\/\/www.rijeka.hr\/it\/temi-per-i-cittadini\/famiglia-e-assistenza-sociale\/finanziamento-dei-programmi-progetti\/","og_locale":"it_IT","og_type":"article","og_title":"Finanziamento dei programmi e progetti - Citt\u00e0 di Fiume","og_description":"In base all\u2019Invito annuale che mira a raccogliere offerte per progetti\/programmi nell\u2019ambito della tutela sanitaria e della previdenza sociale, vengono cofinanziati progetti\/programmi inerenti ai seguenti campi: attivit\u00e0 sociali tutela della salute tutela degli animali Il vantaggio \u00e8 dato ai progetti e programmi che sono allineati con la Strategia di sviluppo della Citt\u00e0 di Fiume per...","og_url":"https:\/\/www.rijeka.hr\/it\/temi-per-i-cittadini\/famiglia-e-assistenza-sociale\/finanziamento-dei-programmi-progetti\/","og_site_name":"Citt\u00e0 di Fiume","article_modified_time":"2025-01-15T14:29:24+00:00","twitter_card":"summary_large_image","twitter_misc":{"Est. reading time":"1 minute"},"schema":{"@context":"https:\/\/schema.org","@graph":[{"@type":"WebPage","@id":"https:\/\/www.rijeka.hr\/it\/temi-per-i-cittadini\/famiglia-e-assistenza-sociale\/finanziamento-dei-programmi-progetti\/","url":"https:\/\/www.rijeka.hr\/it\/temi-per-i-cittadini\/famiglia-e-assistenza-sociale\/finanziamento-dei-programmi-progetti\/","name":"Finanziamento dei programmi e progetti - Citt\u00e0 di Fiume","isPartOf":{"@id":"https:\/\/www.rijeka.hr\/it\/#website"},"datePublished":"2016-07-28T11:55:44+00:00","dateModified":"2025-01-15T14:29:24+00:00","breadcrumb":{"@id":"https:\/\/www.rijeka.hr\/it\/temi-per-i-cittadini\/famiglia-e-assistenza-sociale\/finanziamento-dei-programmi-progetti\/#breadcrumb"},"inLanguage":"it-IT","potentialAction":[{"@type":"ReadAction","target":["https:\/\/www.rijeka.hr\/it\/temi-per-i-cittadini\/famiglia-e-assistenza-sociale\/finanziamento-dei-programmi-progetti\/"]}]},{"@type":"BreadcrumbList","@id":"https:\/\/www.rijeka.hr\/it\/temi-per-i-cittadini\/famiglia-e-assistenza-sociale\/finanziamento-dei-programmi-progetti\/#breadcrumb","itemListElement":[{"@type":"ListItem","position":1,"name":"Po\u010detna stranica","item":"https:\/\/www.rijeka.hr\/it\/"},{"@type":"ListItem","position":2,"name":"Temi per i cittadini","item":"https:\/\/www.rijeka.hr\/it\/temi-per-i-cittadini\/"},{"@type":"ListItem","position":3,"name":"Famiglia e previdenza sociale","item":"https:\/\/www.rijeka.hr\/it\/temi-per-i-cittadini\/famiglia-e-assistenza-sociale\/"},{"@type":"ListItem","position":4,"name":"Finanziamento dei programmi e progetti"}]},{"@type":"WebSite","@id":"https:\/\/www.rijeka.hr\/it\/#website","url":"https:\/\/www.rijeka.hr\/it\/","name":"Citt\u00e0 di Fiume","description":"Portale web della Citta&#039; di Fiume","potentialAction":[{"@type":"SearchAction","target":{"@type":"EntryPoint","urlTemplate":"https:\/\/www.rijeka.hr\/it\/?s={search_term_string}"},"query-input":{"@type":"PropertyValueSpecification","valueRequired":true,"valueName":"search_term_string"}}],"inLanguage":"it-IT"}]}},"_links":{"self":[{"href":"https:\/\/www.rijeka.hr\/it\/wp-json\/wp\/v2\/pages\/391","targetHints":{"allow":["GET"]}}],"collection":[{"href":"https:\/\/www.rijeka.hr\/it\/wp-json\/wp\/v2\/pages"}],"about":[{"href":"https:\/\/www.rijeka.hr\/it\/wp-json\/wp\/v2\/types\/page"}],"author":[{"embeddable":true,"href":"https:\/\/www.rijeka.hr\/it\/wp-json\/wp\/v2\/users\/6"}],"replies":[{"embeddable":true,"href":"https:\/\/www.rijeka.hr\/it\/wp-json\/wp\/v2\/comments?post=391"}],"version-history":[{"count":16,"href":"https:\/\/www.rijeka.hr\/it\/wp-json\/wp\/v2\/pages\/391\/revisions"}],"predecessor-version":[{"id":6738,"href":"https:\/\/www.rijeka.hr\/it\/wp-json\/wp\/v2\/pages\/391\/revisions\/6738"}],"up":[{"embeddable":true,"href":"https:\/\/www.rijeka.hr\/it\/wp-json\/wp\/v2\/pages\/186"}],"wp:attachment":[{"href":"https:\/\/www.rijeka.hr\/it\/wp-json\/wp\/v2\/media?parent=391"}],"wp:term":[{"taxonomy":"post_tag","embeddable":true,"href":"https:\/\/www.rijeka.hr\/it\/wp-json\/wp\/v2\/tags?post=391"}],"curies":[{"name":"wp","href":"https:\/\/api.w.org\/{rel}","templated":true}]}}