{"id":4046,"date":"2017-03-24T14:52:28","date_gmt":"2017-03-24T13:52:28","guid":{"rendered":"https:\/\/www.rijeka.hr\/it\/?page_id=4046"},"modified":"2017-03-24T14:54:43","modified_gmt":"2017-03-24T13:54:43","slug":"perche-fiume","status":"publish","type":"page","link":"https:\/\/www.rijeka.hr\/it\/temi-per-i-cittadini\/affari-e-investimenti\/investite-in-fiume\/perche-fiume\/","title":{"rendered":"Perch\u00e9 Fiume?"},"content":{"rendered":"<p>Con la sua posizione geografica, collegamenti stradali e infrastrutture sviluppate, come pure lo spirito aperto e multiculturale dei suoi cittadini, Fiume \u00e8 una localit\u00e0 idonea per avviare business e in cui investire.<\/p>\n<p>Fiume \u00e8 il pi\u00f9 grande porto croato, che si trova al crocevia tra i corridoi dell\u2019Europa centrale, dell\u2019Adriatico e del Mediterraneo e le rotte marittime pi\u00f9 brevi fino alla destinazione finale. La citt\u00e0 basa la sua storia sulla tradizione nella produzione, sulla cantieristica navale, sulla produzione di prodotti petroliferi, prodotti farmaceutici, sul settore dei servizi e sull\u2019applicazione delle nuove tecnologie, in collaborazione con la comunit\u00e0 accademica.<\/p>\n<p>Le infrastrutture comunali sistemate, il Piano di assestamento territoriale approvato come pure il Piano urbanistico generale, le risorse umane qualitative e professionali, e l\u2019orientamento verso innovazioni, nuove tecnologie, e il supporto allo sviluppo economico, rendono Fiume una citt\u00e0 in cui conviene fare nuovi investimenti.<\/p>\n<p>Grazie alla sua posizione geo-trasportistica, infrastrutture di qualit\u00e0 e il patrimonio industriale e culturale, e il circondario che offre una scelta per investimenti nel settore turistico, nell\u2019acquacoltura e vari prodotti, Fiume \u00e8 un centro molto attraente per business nell\u2019ambito di una gamma pi\u00f9 vasta delle attivit\u00e0.<\/p>\n<p>Qualche anno fa a Fiume \u00e8 stato avviato un grande ciclo d\u2019investimenti, sono state costruite alcune strutture sportive, aumentate le capacit\u00e0 portuali e investiti milioni di kune nell\u2019infrastruttura comunale. Gli investimenti fatti nelle capacit\u00e0 turistiche, con il rafforzamento della cantieristica navale e investimenti nei contenuti culturali, dimostrano la diversit\u00e0 dell\u2019economia fiumana e i suoi potenziali commerciali.<\/p>\n<p>La promozione di Fiume come una destinazione di crociere e di nautica da diporto e la decisione con la quale Fiume ha vinto il titolo di Capitale europea della cultura 2020, hanno una grande rilevanza per l&#8217;economia di Fiume.<\/p>\n","protected":false},"excerpt":{"rendered":"<p>Con la sua posizione geografica, collegamenti stradali e infrastrutture sviluppate, come pure lo spirito aperto e multiculturale dei suoi cittadini, Fiume \u00e8 una localit\u00e0 idonea per avviare business e in cui investire. Fiume \u00e8 il pi\u00f9 grande porto croato, che si trova al crocevia tra i corridoi dell\u2019Europa centrale, dell\u2019Adriatico e del Mediterraneo e le&#8230;<\/p>\n","protected":false},"author":2,"featured_media":0,"parent":1099,"menu_order":0,"comment_status":"closed","ping_status":"closed","template":"","meta":{"_acf_changed":false,"_trash_the_other_posts":false,"footnotes":"","_links_to":"","_links_to_target":""},"tags":[],"class_list":["post-4046","page","type-page","status-publish","hentry"],"acf":[],"yoast_head":"<!-- This site is optimized with the Yoast SEO plugin v24.4 - https:\/\/yoast.com\/wordpress\/plugins\/seo\/ -->\n<title>Perch\u00e9 Fiume? - Citt\u00e0 di Fiume<\/title>\n<meta name=\"robots\" content=\"index, follow, max-snippet:-1, max-image-preview:large, max-video-preview:-1\" \/>\n<link rel=\"canonical\" href=\"https:\/\/www.rijeka.hr\/it\/temi-per-i-cittadini\/affari-e-investimenti\/investite-in-fiume\/perche-fiume\/\" \/>\n<meta property=\"og:locale\" content=\"it_IT\" \/>\n<meta property=\"og:type\" content=\"article\" \/>\n<meta property=\"og:title\" content=\"Perch\u00e9 Fiume? - Citt\u00e0 di Fiume\" \/>\n<meta property=\"og:description\" content=\"Con la sua posizione geografica, collegamenti stradali e infrastrutture sviluppate, come pure lo spirito aperto e multiculturale dei suoi cittadini, Fiume \u00e8 una localit\u00e0 idonea per avviare business e in cui investire. Fiume \u00e8 il pi\u00f9 grande porto croato, che si trova al crocevia tra i corridoi dell\u2019Europa centrale, dell\u2019Adriatico e del Mediterraneo e le...\" \/>\n<meta property=\"og:url\" content=\"https:\/\/www.rijeka.hr\/it\/temi-per-i-cittadini\/affari-e-investimenti\/investite-in-fiume\/perche-fiume\/\" \/>\n<meta property=\"og:site_name\" content=\"Citt\u00e0 di Fiume\" \/>\n<meta property=\"article:modified_time\" content=\"2017-03-24T13:54:43+00:00\" \/>\n<meta name=\"twitter:card\" content=\"summary_large_image\" \/>\n<meta name=\"twitter:label1\" content=\"Est. reading time\" \/>\n\t<meta name=\"twitter:data1\" content=\"1 minute\" \/>\n<script type=\"application\/ld+json\" class=\"yoast-schema-graph\">{\"@context\":\"https:\/\/schema.org\",\"@graph\":[{\"@type\":\"WebPage\",\"@id\":\"https:\/\/www.rijeka.hr\/it\/temi-per-i-cittadini\/affari-e-investimenti\/investite-in-fiume\/perche-fiume\/\",\"url\":\"https:\/\/www.rijeka.hr\/it\/temi-per-i-cittadini\/affari-e-investimenti\/investite-in-fiume\/perche-fiume\/\",\"name\":\"Perch\u00e9 Fiume? - Citt\u00e0 di Fiume\",\"isPartOf\":{\"@id\":\"https:\/\/www.rijeka.hr\/it\/#website\"},\"datePublished\":\"2017-03-24T13:52:28+00:00\",\"dateModified\":\"2017-03-24T13:54:43+00:00\",\"breadcrumb\":{\"@id\":\"https:\/\/www.rijeka.hr\/it\/temi-per-i-cittadini\/affari-e-investimenti\/investite-in-fiume\/perche-fiume\/#breadcrumb\"},\"inLanguage\":\"it-IT\",\"potentialAction\":[{\"@type\":\"ReadAction\",\"target\":[\"https:\/\/www.rijeka.hr\/it\/temi-per-i-cittadini\/affari-e-investimenti\/investite-in-fiume\/perche-fiume\/\"]}]},{\"@type\":\"BreadcrumbList\",\"@id\":\"https:\/\/www.rijeka.hr\/it\/temi-per-i-cittadini\/affari-e-investimenti\/investite-in-fiume\/perche-fiume\/#breadcrumb\",\"itemListElement\":[{\"@type\":\"ListItem\",\"position\":1,\"name\":\"Po\u010detna stranica\",\"item\":\"https:\/\/www.rijeka.hr\/it\/\"},{\"@type\":\"ListItem\",\"position\":2,\"name\":\"Temi per i cittadini\",\"item\":\"https:\/\/www.rijeka.hr\/it\/temi-per-i-cittadini\/\"},{\"@type\":\"ListItem\",\"position\":3,\"name\":\"Affari e investimenti\",\"item\":\"https:\/\/www.rijeka.hr\/it\/temi-per-i-cittadini\/affari-e-investimenti\/\"},{\"@type\":\"ListItem\",\"position\":4,\"name\":\"Investire in Fiume\",\"item\":\"https:\/\/www.rijeka.hr\/it\/temi-per-i-cittadini\/affari-e-investimenti\/investite-in-fiume\/\"},{\"@type\":\"ListItem\",\"position\":5,\"name\":\"Perch\u00e9 Fiume?\"}]},{\"@type\":\"WebSite\",\"@id\":\"https:\/\/www.rijeka.hr\/it\/#website\",\"url\":\"https:\/\/www.rijeka.hr\/it\/\",\"name\":\"Citt\u00e0 di Fiume\",\"description\":\"Portale web della Citta&#039; di Fiume\",\"potentialAction\":[{\"@type\":\"SearchAction\",\"target\":{\"@type\":\"EntryPoint\",\"urlTemplate\":\"https:\/\/www.rijeka.hr\/it\/?s={search_term_string}\"},\"query-input\":{\"@type\":\"PropertyValueSpecification\",\"valueRequired\":true,\"valueName\":\"search_term_string\"}}],\"inLanguage\":\"it-IT\"}]}<\/script>\n<!-- \/ Yoast SEO plugin. -->","yoast_head_json":{"title":"Perch\u00e9 Fiume? - Citt\u00e0 di Fiume","robots":{"index":"index","follow":"follow","max-snippet":"max-snippet:-1","max-image-preview":"max-image-preview:large","max-video-preview":"max-video-preview:-1"},"canonical":"https:\/\/www.rijeka.hr\/it\/temi-per-i-cittadini\/affari-e-investimenti\/investite-in-fiume\/perche-fiume\/","og_locale":"it_IT","og_type":"article","og_title":"Perch\u00e9 Fiume? - Citt\u00e0 di Fiume","og_description":"Con la sua posizione geografica, collegamenti stradali e infrastrutture sviluppate, come pure lo spirito aperto e multiculturale dei suoi cittadini, Fiume \u00e8 una localit\u00e0 idonea per avviare business e in cui investire. Fiume \u00e8 il pi\u00f9 grande porto croato, che si trova al crocevia tra i corridoi dell\u2019Europa centrale, dell\u2019Adriatico e del Mediterraneo e le...","og_url":"https:\/\/www.rijeka.hr\/it\/temi-per-i-cittadini\/affari-e-investimenti\/investite-in-fiume\/perche-fiume\/","og_site_name":"Citt\u00e0 di Fiume","article_modified_time":"2017-03-24T13:54:43+00:00","twitter_card":"summary_large_image","twitter_misc":{"Est. reading time":"1 minute"},"schema":{"@context":"https:\/\/schema.org","@graph":[{"@type":"WebPage","@id":"https:\/\/www.rijeka.hr\/it\/temi-per-i-cittadini\/affari-e-investimenti\/investite-in-fiume\/perche-fiume\/","url":"https:\/\/www.rijeka.hr\/it\/temi-per-i-cittadini\/affari-e-investimenti\/investite-in-fiume\/perche-fiume\/","name":"Perch\u00e9 Fiume? - Citt\u00e0 di Fiume","isPartOf":{"@id":"https:\/\/www.rijeka.hr\/it\/#website"},"datePublished":"2017-03-24T13:52:28+00:00","dateModified":"2017-03-24T13:54:43+00:00","breadcrumb":{"@id":"https:\/\/www.rijeka.hr\/it\/temi-per-i-cittadini\/affari-e-investimenti\/investite-in-fiume\/perche-fiume\/#breadcrumb"},"inLanguage":"it-IT","potentialAction":[{"@type":"ReadAction","target":["https:\/\/www.rijeka.hr\/it\/temi-per-i-cittadini\/affari-e-investimenti\/investite-in-fiume\/perche-fiume\/"]}]},{"@type":"BreadcrumbList","@id":"https:\/\/www.rijeka.hr\/it\/temi-per-i-cittadini\/affari-e-investimenti\/investite-in-fiume\/perche-fiume\/#breadcrumb","itemListElement":[{"@type":"ListItem","position":1,"name":"Po\u010detna stranica","item":"https:\/\/www.rijeka.hr\/it\/"},{"@type":"ListItem","position":2,"name":"Temi per i cittadini","item":"https:\/\/www.rijeka.hr\/it\/temi-per-i-cittadini\/"},{"@type":"ListItem","position":3,"name":"Affari e investimenti","item":"https:\/\/www.rijeka.hr\/it\/temi-per-i-cittadini\/affari-e-investimenti\/"},{"@type":"ListItem","position":4,"name":"Investire in Fiume","item":"https:\/\/www.rijeka.hr\/it\/temi-per-i-cittadini\/affari-e-investimenti\/investite-in-fiume\/"},{"@type":"ListItem","position":5,"name":"Perch\u00e9 Fiume?"}]},{"@type":"WebSite","@id":"https:\/\/www.rijeka.hr\/it\/#website","url":"https:\/\/www.rijeka.hr\/it\/","name":"Citt\u00e0 di Fiume","description":"Portale web della Citta&#039; di Fiume","potentialAction":[{"@type":"SearchAction","target":{"@type":"EntryPoint","urlTemplate":"https:\/\/www.rijeka.hr\/it\/?s={search_term_string}"},"query-input":{"@type":"PropertyValueSpecification","valueRequired":true,"valueName":"search_term_string"}}],"inLanguage":"it-IT"}]}},"_links":{"self":[{"href":"https:\/\/www.rijeka.hr\/it\/wp-json\/wp\/v2\/pages\/4046","targetHints":{"allow":["GET"]}}],"collection":[{"href":"https:\/\/www.rijeka.hr\/it\/wp-json\/wp\/v2\/pages"}],"about":[{"href":"https:\/\/www.rijeka.hr\/it\/wp-json\/wp\/v2\/types\/page"}],"author":[{"embeddable":true,"href":"https:\/\/www.rijeka.hr\/it\/wp-json\/wp\/v2\/users\/2"}],"replies":[{"embeddable":true,"href":"https:\/\/www.rijeka.hr\/it\/wp-json\/wp\/v2\/comments?post=4046"}],"version-history":[{"count":2,"href":"https:\/\/www.rijeka.hr\/it\/wp-json\/wp\/v2\/pages\/4046\/revisions"}],"predecessor-version":[{"id":4048,"href":"https:\/\/www.rijeka.hr\/it\/wp-json\/wp\/v2\/pages\/4046\/revisions\/4048"}],"up":[{"embeddable":true,"href":"https:\/\/www.rijeka.hr\/it\/wp-json\/wp\/v2\/pages\/1099"}],"wp:attachment":[{"href":"https:\/\/www.rijeka.hr\/it\/wp-json\/wp\/v2\/media?parent=4046"}],"wp:term":[{"taxonomy":"post_tag","embeddable":true,"href":"https:\/\/www.rijeka.hr\/it\/wp-json\/wp\/v2\/tags?post=4046"}],"curies":[{"name":"wp","href":"https:\/\/api.w.org\/{rel}","templated":true}]}}