{"id":4070,"date":"2017-03-27T13:41:34","date_gmt":"2017-03-27T11:41:34","guid":{"rendered":"https:\/\/www.rijeka.hr\/it\/?page_id=4070"},"modified":"2024-11-05T10:45:06","modified_gmt":"2024-11-05T09:45:06","slug":"piani-territoriali","status":"publish","type":"page","link":"https:\/\/www.rijeka.hr\/it\/temi-per-i-cittadini\/abitazione-ed-edilizia\/pianificazione-urbanistica-2\/piani-territoriali\/","title":{"rendered":"Piani territoriali"},"content":{"rendered":"<p>Il Dipartimento cittadino dello sviluppo, dell&#8217;urbanistica, dell&#8217;ecologia e della gestione del territorio \u00e8 il titolare della redazione dei piani territoriali sul territorio della citt\u00e0 di Fiume. I redattori dei piani territoriali sono architetti autorizzati oppure altre persone giudiziarie autorizzate per la redazione dei piani territoriali.<\/p>\n<p>I seguenti documenti di attuazione inerenti all\u2019assestamento territoriale sono in vigore nella Citt\u00e0 di Fiume:<\/p>\n<p>Il Piano di assestamento territoriale della citt\u00e0 di Fiume \u00e8 il documento strategico dell\u2019assestamento territoriale adottato nel 2003 e armonizzato con il Regolamento della Legge sulla pianificazione territoriale del 2005. Nel mese di marzo 2017, sono state approvate le Modifiche al Paino di assestamento territoriale della citt\u00e0 di Fiume. Il piano urbanistico generale della citt\u00e0 di Fiume (PUG) \u00e8 stato approvato nel 2007 come base per la pianificazione territoriale e urbanistica ovvero per l\u2019approvazione dei Piani urbanistici di assestamento e dei Piani di assestamento particolareggiati. Nel mese di marzo 2017 sono state approvate le modifiche al Piano urbanistico generale della citt\u00e0 di Fiume.<\/p>\n<p>ll Piano urbanistico generale della Citt\u00e0 di Fiume &#8211;\u00a0uno strumento chiave per la gestione dello spazio e un meccanismo di base e un moderatore dello sviluppo complessivo della citt\u00e0 in tutti i segmenti. Il piano generale \u00e8 una base di pianificazione spaziale e urbanIstica, per l&#8217;adozione di piani urbanistici di assestamento e piani particolareggiati di assestamento.<\/p>\n<p>Uno sguardo e una spiegazione aggiuntiva per il territorio della citt\u00e0 di Fiume rispetto all\u2019applicabile documentazione territoriale e di pianificazione, si possono ottenere nei locali della Citt\u00e0 di Fiume \u2013 Dipartimento cittadino dello sviluppo, dell&#8217;urbanistica, dell&#8217;ecologia e della gestione del territorio, all&#8217;indirizzo: Piazza Tito n.3, V piano.<\/p>\n<p>&nbsp;<\/p>\n<p>&nbsp;<\/p>\n","protected":false},"excerpt":{"rendered":"<p>Il Dipartimento cittadino dello sviluppo, dell&#8217;urbanistica, dell&#8217;ecologia e della gestione del territorio \u00e8 il titolare della redazione dei piani territoriali sul territorio della citt\u00e0 di Fiume. I redattori dei piani territoriali sono architetti autorizzati oppure altre persone giudiziarie autorizzate per la redazione dei piani territoriali. I seguenti documenti di attuazione inerenti all\u2019assestamento territoriale sono in&#8230;<\/p>\n","protected":false},"author":20,"featured_media":0,"parent":1333,"menu_order":0,"comment_status":"closed","ping_status":"closed","template":"","meta":{"_acf_changed":false,"_trash_the_other_posts":false,"footnotes":"","_links_to":"","_links_to_target":""},"tags":[],"class_list":["post-4070","page","type-page","status-publish","hentry"],"acf":[],"yoast_head":"<!-- This site is optimized with the Yoast SEO plugin v24.4 - https:\/\/yoast.com\/wordpress\/plugins\/seo\/ -->\n<title>Piani territoriali - Citt\u00e0 di Fiume<\/title>\n<meta name=\"robots\" content=\"index, follow, max-snippet:-1, max-image-preview:large, max-video-preview:-1\" \/>\n<link rel=\"canonical\" href=\"https:\/\/www.rijeka.hr\/it\/temi-per-i-cittadini\/abitazione-ed-edilizia\/pianificazione-urbanistica-2\/piani-territoriali\/\" \/>\n<meta property=\"og:locale\" content=\"it_IT\" \/>\n<meta property=\"og:type\" content=\"article\" \/>\n<meta property=\"og:title\" content=\"Piani territoriali - Citt\u00e0 di Fiume\" \/>\n<meta property=\"og:description\" content=\"Il Dipartimento cittadino dello sviluppo, dell&#8217;urbanistica, dell&#8217;ecologia e della gestione del territorio \u00e8 il titolare della redazione dei piani territoriali sul territorio della citt\u00e0 di Fiume. I redattori dei piani territoriali sono architetti autorizzati oppure altre persone giudiziarie autorizzate per la redazione dei piani territoriali. I seguenti documenti di attuazione inerenti all\u2019assestamento territoriale sono in...\" \/>\n<meta property=\"og:url\" content=\"https:\/\/www.rijeka.hr\/it\/temi-per-i-cittadini\/abitazione-ed-edilizia\/pianificazione-urbanistica-2\/piani-territoriali\/\" \/>\n<meta property=\"og:site_name\" content=\"Citt\u00e0 di Fiume\" \/>\n<meta property=\"article:modified_time\" content=\"2024-11-05T09:45:06+00:00\" \/>\n<meta name=\"twitter:card\" content=\"summary_large_image\" \/>\n<meta name=\"twitter:label1\" content=\"Est. reading time\" \/>\n\t<meta name=\"twitter:data1\" content=\"1 minute\" \/>\n<script type=\"application\/ld+json\" class=\"yoast-schema-graph\">{\"@context\":\"https:\/\/schema.org\",\"@graph\":[{\"@type\":\"WebPage\",\"@id\":\"https:\/\/www.rijeka.hr\/it\/temi-per-i-cittadini\/abitazione-ed-edilizia\/pianificazione-urbanistica-2\/piani-territoriali\/\",\"url\":\"https:\/\/www.rijeka.hr\/it\/temi-per-i-cittadini\/abitazione-ed-edilizia\/pianificazione-urbanistica-2\/piani-territoriali\/\",\"name\":\"Piani territoriali - Citt\u00e0 di Fiume\",\"isPartOf\":{\"@id\":\"https:\/\/www.rijeka.hr\/it\/#website\"},\"datePublished\":\"2017-03-27T11:41:34+00:00\",\"dateModified\":\"2024-11-05T09:45:06+00:00\",\"breadcrumb\":{\"@id\":\"https:\/\/www.rijeka.hr\/it\/temi-per-i-cittadini\/abitazione-ed-edilizia\/pianificazione-urbanistica-2\/piani-territoriali\/#breadcrumb\"},\"inLanguage\":\"it-IT\",\"potentialAction\":[{\"@type\":\"ReadAction\",\"target\":[\"https:\/\/www.rijeka.hr\/it\/temi-per-i-cittadini\/abitazione-ed-edilizia\/pianificazione-urbanistica-2\/piani-territoriali\/\"]}]},{\"@type\":\"BreadcrumbList\",\"@id\":\"https:\/\/www.rijeka.hr\/it\/temi-per-i-cittadini\/abitazione-ed-edilizia\/pianificazione-urbanistica-2\/piani-territoriali\/#breadcrumb\",\"itemListElement\":[{\"@type\":\"ListItem\",\"position\":1,\"name\":\"Po\u010detna stranica\",\"item\":\"https:\/\/www.rijeka.hr\/it\/\"},{\"@type\":\"ListItem\",\"position\":2,\"name\":\"Temi per i cittadini\",\"item\":\"https:\/\/www.rijeka.hr\/it\/temi-per-i-cittadini\/\"},{\"@type\":\"ListItem\",\"position\":3,\"name\":\"Abitazione ed edilizia\",\"item\":\"https:\/\/www.rijeka.hr\/it\/temi-per-i-cittadini\/abitazione-ed-edilizia\/\"},{\"@type\":\"ListItem\",\"position\":4,\"name\":\"Pianificazione urbanistica\",\"item\":\"https:\/\/www.rijeka.hr\/it\/temi-per-i-cittadini\/abitazione-ed-edilizia\/pianificazione-urbanistica-2\/\"},{\"@type\":\"ListItem\",\"position\":5,\"name\":\"Piani territoriali\"}]},{\"@type\":\"WebSite\",\"@id\":\"https:\/\/www.rijeka.hr\/it\/#website\",\"url\":\"https:\/\/www.rijeka.hr\/it\/\",\"name\":\"Citt\u00e0 di Fiume\",\"description\":\"Portale web della Citta&#039; di Fiume\",\"potentialAction\":[{\"@type\":\"SearchAction\",\"target\":{\"@type\":\"EntryPoint\",\"urlTemplate\":\"https:\/\/www.rijeka.hr\/it\/?s={search_term_string}\"},\"query-input\":{\"@type\":\"PropertyValueSpecification\",\"valueRequired\":true,\"valueName\":\"search_term_string\"}}],\"inLanguage\":\"it-IT\"}]}<\/script>\n<!-- \/ Yoast SEO plugin. -->","yoast_head_json":{"title":"Piani territoriali - Citt\u00e0 di Fiume","robots":{"index":"index","follow":"follow","max-snippet":"max-snippet:-1","max-image-preview":"max-image-preview:large","max-video-preview":"max-video-preview:-1"},"canonical":"https:\/\/www.rijeka.hr\/it\/temi-per-i-cittadini\/abitazione-ed-edilizia\/pianificazione-urbanistica-2\/piani-territoriali\/","og_locale":"it_IT","og_type":"article","og_title":"Piani territoriali - Citt\u00e0 di Fiume","og_description":"Il Dipartimento cittadino dello sviluppo, dell&#8217;urbanistica, dell&#8217;ecologia e della gestione del territorio \u00e8 il titolare della redazione dei piani territoriali sul territorio della citt\u00e0 di Fiume. I redattori dei piani territoriali sono architetti autorizzati oppure altre persone giudiziarie autorizzate per la redazione dei piani territoriali. I seguenti documenti di attuazione inerenti all\u2019assestamento territoriale sono in...","og_url":"https:\/\/www.rijeka.hr\/it\/temi-per-i-cittadini\/abitazione-ed-edilizia\/pianificazione-urbanistica-2\/piani-territoriali\/","og_site_name":"Citt\u00e0 di Fiume","article_modified_time":"2024-11-05T09:45:06+00:00","twitter_card":"summary_large_image","twitter_misc":{"Est. reading time":"1 minute"},"schema":{"@context":"https:\/\/schema.org","@graph":[{"@type":"WebPage","@id":"https:\/\/www.rijeka.hr\/it\/temi-per-i-cittadini\/abitazione-ed-edilizia\/pianificazione-urbanistica-2\/piani-territoriali\/","url":"https:\/\/www.rijeka.hr\/it\/temi-per-i-cittadini\/abitazione-ed-edilizia\/pianificazione-urbanistica-2\/piani-territoriali\/","name":"Piani territoriali - Citt\u00e0 di Fiume","isPartOf":{"@id":"https:\/\/www.rijeka.hr\/it\/#website"},"datePublished":"2017-03-27T11:41:34+00:00","dateModified":"2024-11-05T09:45:06+00:00","breadcrumb":{"@id":"https:\/\/www.rijeka.hr\/it\/temi-per-i-cittadini\/abitazione-ed-edilizia\/pianificazione-urbanistica-2\/piani-territoriali\/#breadcrumb"},"inLanguage":"it-IT","potentialAction":[{"@type":"ReadAction","target":["https:\/\/www.rijeka.hr\/it\/temi-per-i-cittadini\/abitazione-ed-edilizia\/pianificazione-urbanistica-2\/piani-territoriali\/"]}]},{"@type":"BreadcrumbList","@id":"https:\/\/www.rijeka.hr\/it\/temi-per-i-cittadini\/abitazione-ed-edilizia\/pianificazione-urbanistica-2\/piani-territoriali\/#breadcrumb","itemListElement":[{"@type":"ListItem","position":1,"name":"Po\u010detna stranica","item":"https:\/\/www.rijeka.hr\/it\/"},{"@type":"ListItem","position":2,"name":"Temi per i cittadini","item":"https:\/\/www.rijeka.hr\/it\/temi-per-i-cittadini\/"},{"@type":"ListItem","position":3,"name":"Abitazione ed edilizia","item":"https:\/\/www.rijeka.hr\/it\/temi-per-i-cittadini\/abitazione-ed-edilizia\/"},{"@type":"ListItem","position":4,"name":"Pianificazione urbanistica","item":"https:\/\/www.rijeka.hr\/it\/temi-per-i-cittadini\/abitazione-ed-edilizia\/pianificazione-urbanistica-2\/"},{"@type":"ListItem","position":5,"name":"Piani territoriali"}]},{"@type":"WebSite","@id":"https:\/\/www.rijeka.hr\/it\/#website","url":"https:\/\/www.rijeka.hr\/it\/","name":"Citt\u00e0 di Fiume","description":"Portale web della Citta&#039; di Fiume","potentialAction":[{"@type":"SearchAction","target":{"@type":"EntryPoint","urlTemplate":"https:\/\/www.rijeka.hr\/it\/?s={search_term_string}"},"query-input":{"@type":"PropertyValueSpecification","valueRequired":true,"valueName":"search_term_string"}}],"inLanguage":"it-IT"}]}},"_links":{"self":[{"href":"https:\/\/www.rijeka.hr\/it\/wp-json\/wp\/v2\/pages\/4070","targetHints":{"allow":["GET"]}}],"collection":[{"href":"https:\/\/www.rijeka.hr\/it\/wp-json\/wp\/v2\/pages"}],"about":[{"href":"https:\/\/www.rijeka.hr\/it\/wp-json\/wp\/v2\/types\/page"}],"author":[{"embeddable":true,"href":"https:\/\/www.rijeka.hr\/it\/wp-json\/wp\/v2\/users\/20"}],"replies":[{"embeddable":true,"href":"https:\/\/www.rijeka.hr\/it\/wp-json\/wp\/v2\/comments?post=4070"}],"version-history":[{"count":14,"href":"https:\/\/www.rijeka.hr\/it\/wp-json\/wp\/v2\/pages\/4070\/revisions"}],"predecessor-version":[{"id":7617,"href":"https:\/\/www.rijeka.hr\/it\/wp-json\/wp\/v2\/pages\/4070\/revisions\/7617"}],"up":[{"embeddable":true,"href":"https:\/\/www.rijeka.hr\/it\/wp-json\/wp\/v2\/pages\/1333"}],"wp:attachment":[{"href":"https:\/\/www.rijeka.hr\/it\/wp-json\/wp\/v2\/media?parent=4070"}],"wp:term":[{"taxonomy":"post_tag","embeddable":true,"href":"https:\/\/www.rijeka.hr\/it\/wp-json\/wp\/v2\/tags?post=4070"}],"curies":[{"name":"wp","href":"https:\/\/api.w.org\/{rel}","templated":true}]}}