{"id":41,"date":"2016-07-22T09:32:51","date_gmt":"2016-07-22T07:32:51","guid":{"rendered":"https:\/\/www.rijeka.hr\/it\/?page_id=41"},"modified":"2019-11-08T10:25:56","modified_gmt":"2019-11-08T09:25:56","slug":"idrokinesiterapia-per-bambini-con-difficolta-nello-sviluppo-e-diversamente-abili","status":"publish","type":"page","link":"https:\/\/www.rijeka.hr\/it\/temi-per-i-cittadini\/famiglia-e-assistenza-sociale\/previdenza-sociale\/servizi-sociali-assistenza-laica\/idrokinesiterapia-per-bambini-con-difficolta-nello-sviluppo-e-diversamente-abili\/","title":{"rendered":"Idrokinesiterapia per bambini con difficolt\u00e0 nello sviluppo e diversamente abili"},"content":{"rendered":"<p>Lo scopo del progetto \u00e8 quello di migliorare lo stato di salute dei diversamente abili, sviluppare le loro abilit\u00e0 motorie e funzionali e la loro integrazione nella societ\u00e0. L\u2019idrokinesiterapia agisce preventivamente sulla possibilit\u00e0 della comparsa di nuove lesioni nei bambini con difficolt\u00e0 nello sviluppo e nei diversamente abili, mirando a mitigare le conseguenze causate dall\u2019handicap e da malattie croniche.<\/p>\n<p>Durante i mesi invernali il programma viene realizzato al polo natatorio di Cantrida, mentre durante l\u2019estate sulla spiaggia per i diversamente abili \u201cKostanj\u201d.<\/p>\n<p>Il concetto di lavoro si basa su tre livelli fondamentali. Ogni livello contiene certi esercizi, giochi e compiti che ogni nuotatore svolge con l\u2019assistenza dell\u2019istruttore. Si parte dai compiti pi\u00f9 semplici verso i compiti pi\u00f9 difficili, per attuare questo durante l\u2019adattamento ad una nuova situazione e il superamento della paura. In questo programma sono coinvolti pure i genitori dei bambini con difficolt\u00e0 nello sviluppo, affinch\u00e9 anche essi possano acquisire conoscenze e abilit\u00e0 sufficienti per il lavoro indipendente con bambini. All\u2019attuazione del progetto partecipano pure studenti \u2013 futuri<a href=\"http:\/\/www.pk-forca.hr\" target=\"_blank\" rel=\"noopener\"> fisioterapisti<\/a> come volontari.<\/p>\n<p>Il programma con l\u2019assistenza professionale viene attuato a partire dal 2006.<\/p>\n","protected":false},"excerpt":{"rendered":"<p>Lo scopo del progetto \u00e8 quello di migliorare lo stato di salute dei diversamente abili, sviluppare le loro abilit\u00e0 motorie e funzionali e la loro integrazione nella societ\u00e0. L\u2019idrokinesiterapia agisce preventivamente sulla possibilit\u00e0 della comparsa di nuove lesioni nei bambini con difficolt\u00e0 nello sviluppo e nei diversamente abili, mirando a mitigare le conseguenze causate dall\u2019handicap&#8230;<\/p>\n","protected":false},"author":6,"featured_media":0,"parent":21,"menu_order":0,"comment_status":"closed","ping_status":"closed","template":"","meta":{"_acf_changed":false,"_trash_the_other_posts":false,"footnotes":"","_links_to":"","_links_to_target":""},"tags":[],"class_list":["post-41","page","type-page","status-publish","hentry"],"acf":[],"yoast_head":"<!-- This site is optimized with the Yoast SEO plugin v24.4 - https:\/\/yoast.com\/wordpress\/plugins\/seo\/ -->\n<title>Idrokinesiterapia per bambini con difficolt\u00e0 nello sviluppo e diversamente abili - Citt\u00e0 di Fiume<\/title>\n<meta name=\"robots\" content=\"index, follow, max-snippet:-1, max-image-preview:large, max-video-preview:-1\" \/>\n<link rel=\"canonical\" href=\"https:\/\/www.rijeka.hr\/it\/temi-per-i-cittadini\/famiglia-e-assistenza-sociale\/previdenza-sociale\/servizi-sociali-assistenza-laica\/idrokinesiterapia-per-bambini-con-difficolta-nello-sviluppo-e-diversamente-abili\/\" \/>\n<meta property=\"og:locale\" content=\"it_IT\" \/>\n<meta property=\"og:type\" content=\"article\" \/>\n<meta property=\"og:title\" content=\"Idrokinesiterapia per bambini con difficolt\u00e0 nello sviluppo e diversamente abili - Citt\u00e0 di Fiume\" \/>\n<meta property=\"og:description\" content=\"Lo scopo del progetto \u00e8 quello di migliorare lo stato di salute dei diversamente abili, sviluppare le loro abilit\u00e0 motorie e funzionali e la loro integrazione nella societ\u00e0. L\u2019idrokinesiterapia agisce preventivamente sulla possibilit\u00e0 della comparsa di nuove lesioni nei bambini con difficolt\u00e0 nello sviluppo e nei diversamente abili, mirando a mitigare le conseguenze causate dall\u2019handicap...\" \/>\n<meta property=\"og:url\" content=\"https:\/\/www.rijeka.hr\/it\/temi-per-i-cittadini\/famiglia-e-assistenza-sociale\/previdenza-sociale\/servizi-sociali-assistenza-laica\/idrokinesiterapia-per-bambini-con-difficolta-nello-sviluppo-e-diversamente-abili\/\" \/>\n<meta property=\"og:site_name\" content=\"Citt\u00e0 di Fiume\" \/>\n<meta property=\"article:modified_time\" content=\"2019-11-08T09:25:56+00:00\" \/>\n<meta name=\"twitter:card\" content=\"summary_large_image\" \/>\n<meta name=\"twitter:label1\" content=\"Est. reading time\" \/>\n\t<meta name=\"twitter:data1\" content=\"1 minute\" \/>\n<script type=\"application\/ld+json\" class=\"yoast-schema-graph\">{\"@context\":\"https:\/\/schema.org\",\"@graph\":[{\"@type\":\"WebPage\",\"@id\":\"https:\/\/www.rijeka.hr\/it\/temi-per-i-cittadini\/famiglia-e-assistenza-sociale\/previdenza-sociale\/servizi-sociali-assistenza-laica\/idrokinesiterapia-per-bambini-con-difficolta-nello-sviluppo-e-diversamente-abili\/\",\"url\":\"https:\/\/www.rijeka.hr\/it\/temi-per-i-cittadini\/famiglia-e-assistenza-sociale\/previdenza-sociale\/servizi-sociali-assistenza-laica\/idrokinesiterapia-per-bambini-con-difficolta-nello-sviluppo-e-diversamente-abili\/\",\"name\":\"Idrokinesiterapia per bambini con difficolt\u00e0 nello sviluppo e diversamente abili - Citt\u00e0 di Fiume\",\"isPartOf\":{\"@id\":\"https:\/\/www.rijeka.hr\/it\/#website\"},\"datePublished\":\"2016-07-22T07:32:51+00:00\",\"dateModified\":\"2019-11-08T09:25:56+00:00\",\"breadcrumb\":{\"@id\":\"https:\/\/www.rijeka.hr\/it\/temi-per-i-cittadini\/famiglia-e-assistenza-sociale\/previdenza-sociale\/servizi-sociali-assistenza-laica\/idrokinesiterapia-per-bambini-con-difficolta-nello-sviluppo-e-diversamente-abili\/#breadcrumb\"},\"inLanguage\":\"it-IT\",\"potentialAction\":[{\"@type\":\"ReadAction\",\"target\":[\"https:\/\/www.rijeka.hr\/it\/temi-per-i-cittadini\/famiglia-e-assistenza-sociale\/previdenza-sociale\/servizi-sociali-assistenza-laica\/idrokinesiterapia-per-bambini-con-difficolta-nello-sviluppo-e-diversamente-abili\/\"]}]},{\"@type\":\"BreadcrumbList\",\"@id\":\"https:\/\/www.rijeka.hr\/it\/temi-per-i-cittadini\/famiglia-e-assistenza-sociale\/previdenza-sociale\/servizi-sociali-assistenza-laica\/idrokinesiterapia-per-bambini-con-difficolta-nello-sviluppo-e-diversamente-abili\/#breadcrumb\",\"itemListElement\":[{\"@type\":\"ListItem\",\"position\":1,\"name\":\"Po\u010detna stranica\",\"item\":\"https:\/\/www.rijeka.hr\/it\/\"},{\"@type\":\"ListItem\",\"position\":2,\"name\":\"Temi per i cittadini\",\"item\":\"https:\/\/www.rijeka.hr\/it\/temi-per-i-cittadini\/\"},{\"@type\":\"ListItem\",\"position\":3,\"name\":\"Famiglia e previdenza sociale\",\"item\":\"https:\/\/www.rijeka.hr\/it\/temi-per-i-cittadini\/famiglia-e-assistenza-sociale\/\"},{\"@type\":\"ListItem\",\"position\":4,\"name\":\"Previdenza sociale\",\"item\":\"https:\/\/www.rijeka.hr\/it\/temi-per-i-cittadini\/famiglia-e-assistenza-sociale\/previdenza-sociale\/\"},{\"@type\":\"ListItem\",\"position\":5,\"name\":\"Servizi sociali e assistenza laica\",\"item\":\"https:\/\/www.rijeka.hr\/it\/temi-per-i-cittadini\/famiglia-e-assistenza-sociale\/previdenza-sociale\/servizi-sociali-assistenza-laica\/\"},{\"@type\":\"ListItem\",\"position\":6,\"name\":\"Idrokinesiterapia per bambini con difficolt\u00e0 nello sviluppo e diversamente abili\"}]},{\"@type\":\"WebSite\",\"@id\":\"https:\/\/www.rijeka.hr\/it\/#website\",\"url\":\"https:\/\/www.rijeka.hr\/it\/\",\"name\":\"Citt\u00e0 di Fiume\",\"description\":\"Portale web della Citta&#039; di Fiume\",\"potentialAction\":[{\"@type\":\"SearchAction\",\"target\":{\"@type\":\"EntryPoint\",\"urlTemplate\":\"https:\/\/www.rijeka.hr\/it\/?s={search_term_string}\"},\"query-input\":{\"@type\":\"PropertyValueSpecification\",\"valueRequired\":true,\"valueName\":\"search_term_string\"}}],\"inLanguage\":\"it-IT\"}]}<\/script>\n<!-- \/ Yoast SEO plugin. -->","yoast_head_json":{"title":"Idrokinesiterapia per bambini con difficolt\u00e0 nello sviluppo e diversamente abili - Citt\u00e0 di Fiume","robots":{"index":"index","follow":"follow","max-snippet":"max-snippet:-1","max-image-preview":"max-image-preview:large","max-video-preview":"max-video-preview:-1"},"canonical":"https:\/\/www.rijeka.hr\/it\/temi-per-i-cittadini\/famiglia-e-assistenza-sociale\/previdenza-sociale\/servizi-sociali-assistenza-laica\/idrokinesiterapia-per-bambini-con-difficolta-nello-sviluppo-e-diversamente-abili\/","og_locale":"it_IT","og_type":"article","og_title":"Idrokinesiterapia per bambini con difficolt\u00e0 nello sviluppo e diversamente abili - Citt\u00e0 di Fiume","og_description":"Lo scopo del progetto \u00e8 quello di migliorare lo stato di salute dei diversamente abili, sviluppare le loro abilit\u00e0 motorie e funzionali e la loro integrazione nella societ\u00e0. L\u2019idrokinesiterapia agisce preventivamente sulla possibilit\u00e0 della comparsa di nuove lesioni nei bambini con difficolt\u00e0 nello sviluppo e nei diversamente abili, mirando a mitigare le conseguenze causate dall\u2019handicap...","og_url":"https:\/\/www.rijeka.hr\/it\/temi-per-i-cittadini\/famiglia-e-assistenza-sociale\/previdenza-sociale\/servizi-sociali-assistenza-laica\/idrokinesiterapia-per-bambini-con-difficolta-nello-sviluppo-e-diversamente-abili\/","og_site_name":"Citt\u00e0 di Fiume","article_modified_time":"2019-11-08T09:25:56+00:00","twitter_card":"summary_large_image","twitter_misc":{"Est. reading time":"1 minute"},"schema":{"@context":"https:\/\/schema.org","@graph":[{"@type":"WebPage","@id":"https:\/\/www.rijeka.hr\/it\/temi-per-i-cittadini\/famiglia-e-assistenza-sociale\/previdenza-sociale\/servizi-sociali-assistenza-laica\/idrokinesiterapia-per-bambini-con-difficolta-nello-sviluppo-e-diversamente-abili\/","url":"https:\/\/www.rijeka.hr\/it\/temi-per-i-cittadini\/famiglia-e-assistenza-sociale\/previdenza-sociale\/servizi-sociali-assistenza-laica\/idrokinesiterapia-per-bambini-con-difficolta-nello-sviluppo-e-diversamente-abili\/","name":"Idrokinesiterapia per bambini con difficolt\u00e0 nello sviluppo e diversamente abili - Citt\u00e0 di Fiume","isPartOf":{"@id":"https:\/\/www.rijeka.hr\/it\/#website"},"datePublished":"2016-07-22T07:32:51+00:00","dateModified":"2019-11-08T09:25:56+00:00","breadcrumb":{"@id":"https:\/\/www.rijeka.hr\/it\/temi-per-i-cittadini\/famiglia-e-assistenza-sociale\/previdenza-sociale\/servizi-sociali-assistenza-laica\/idrokinesiterapia-per-bambini-con-difficolta-nello-sviluppo-e-diversamente-abili\/#breadcrumb"},"inLanguage":"it-IT","potentialAction":[{"@type":"ReadAction","target":["https:\/\/www.rijeka.hr\/it\/temi-per-i-cittadini\/famiglia-e-assistenza-sociale\/previdenza-sociale\/servizi-sociali-assistenza-laica\/idrokinesiterapia-per-bambini-con-difficolta-nello-sviluppo-e-diversamente-abili\/"]}]},{"@type":"BreadcrumbList","@id":"https:\/\/www.rijeka.hr\/it\/temi-per-i-cittadini\/famiglia-e-assistenza-sociale\/previdenza-sociale\/servizi-sociali-assistenza-laica\/idrokinesiterapia-per-bambini-con-difficolta-nello-sviluppo-e-diversamente-abili\/#breadcrumb","itemListElement":[{"@type":"ListItem","position":1,"name":"Po\u010detna stranica","item":"https:\/\/www.rijeka.hr\/it\/"},{"@type":"ListItem","position":2,"name":"Temi per i cittadini","item":"https:\/\/www.rijeka.hr\/it\/temi-per-i-cittadini\/"},{"@type":"ListItem","position":3,"name":"Famiglia e previdenza sociale","item":"https:\/\/www.rijeka.hr\/it\/temi-per-i-cittadini\/famiglia-e-assistenza-sociale\/"},{"@type":"ListItem","position":4,"name":"Previdenza sociale","item":"https:\/\/www.rijeka.hr\/it\/temi-per-i-cittadini\/famiglia-e-assistenza-sociale\/previdenza-sociale\/"},{"@type":"ListItem","position":5,"name":"Servizi sociali e assistenza laica","item":"https:\/\/www.rijeka.hr\/it\/temi-per-i-cittadini\/famiglia-e-assistenza-sociale\/previdenza-sociale\/servizi-sociali-assistenza-laica\/"},{"@type":"ListItem","position":6,"name":"Idrokinesiterapia per bambini con difficolt\u00e0 nello sviluppo e diversamente abili"}]},{"@type":"WebSite","@id":"https:\/\/www.rijeka.hr\/it\/#website","url":"https:\/\/www.rijeka.hr\/it\/","name":"Citt\u00e0 di Fiume","description":"Portale web della Citta&#039; di Fiume","potentialAction":[{"@type":"SearchAction","target":{"@type":"EntryPoint","urlTemplate":"https:\/\/www.rijeka.hr\/it\/?s={search_term_string}"},"query-input":{"@type":"PropertyValueSpecification","valueRequired":true,"valueName":"search_term_string"}}],"inLanguage":"it-IT"}]}},"_links":{"self":[{"href":"https:\/\/www.rijeka.hr\/it\/wp-json\/wp\/v2\/pages\/41","targetHints":{"allow":["GET"]}}],"collection":[{"href":"https:\/\/www.rijeka.hr\/it\/wp-json\/wp\/v2\/pages"}],"about":[{"href":"https:\/\/www.rijeka.hr\/it\/wp-json\/wp\/v2\/types\/page"}],"author":[{"embeddable":true,"href":"https:\/\/www.rijeka.hr\/it\/wp-json\/wp\/v2\/users\/6"}],"replies":[{"embeddable":true,"href":"https:\/\/www.rijeka.hr\/it\/wp-json\/wp\/v2\/comments?post=41"}],"version-history":[{"count":2,"href":"https:\/\/www.rijeka.hr\/it\/wp-json\/wp\/v2\/pages\/41\/revisions"}],"predecessor-version":[{"id":6391,"href":"https:\/\/www.rijeka.hr\/it\/wp-json\/wp\/v2\/pages\/41\/revisions\/6391"}],"up":[{"embeddable":true,"href":"https:\/\/www.rijeka.hr\/it\/wp-json\/wp\/v2\/pages\/21"}],"wp:attachment":[{"href":"https:\/\/www.rijeka.hr\/it\/wp-json\/wp\/v2\/media?parent=41"}],"wp:term":[{"taxonomy":"post_tag","embeddable":true,"href":"https:\/\/www.rijeka.hr\/it\/wp-json\/wp\/v2\/tags?post=41"}],"curies":[{"name":"wp","href":"https:\/\/api.w.org\/{rel}","templated":true}]}}