{"id":4341,"date":"2017-05-15T13:50:20","date_gmt":"2017-05-15T11:50:20","guid":{"rendered":"https:\/\/www.rijeka.hr\/it\/?page_id=4341"},"modified":"2024-12-12T09:59:48","modified_gmt":"2024-12-12T08:59:48","slug":"rinnovo-rifacimento-delle-facciate-dei-tetti-entro-protetto-complesso-urbanistico-della-citta-fiume","status":"publish","type":"page","link":"https:\/\/www.rijeka.hr\/it\/temi-per-i-cittadini\/cultura\/patrimonio-culturale\/rinnovo-rifacimento-delle-facciate-dei-tetti-entro-protetto-complesso-urbanistico-della-citta-fiume\/","title":{"rendered":"Il rinnovo e il rifacimento delle facciate e dei tetti entro il protetto complesso urbanistico della citt\u00e0 di Fiume"},"content":{"rendered":"<p>La Citt\u00e0 di Fiume, su base biennale, pubblica l\u2019invito per l\u2019utilizzo dei mezzi raccolti a titolo della tassa sui monumenti e altri redditi del Bilancio della Citt\u00e0 di Fiume destinati a sovvenzionare il Programma di rifacimento e di rinnovo delle facciate e dei tetti.<\/p>\n<p>Il programma di rifacimento e di rinnovo delle facciate e dei tetti entro il protetto complesso urbanistico della citt\u00e0 di Fiume fornisce opportunit\u00e0 ai proprietari e comproprietari degli edifici individualmente registrati come bene culturale e degli edifici entro il protetto complesso urbanistico della citt\u00e0 di Fiume di rispondere all\u2019Invito pubblico presentando le proprie proposte e di realizzare, in questo modo, il diritto al sovvenzionamento relativo all\u2019attuazione del programma in una percentuale che viene fissata in conformit\u00e0 ai criteri specifici. Cos\u00ec il rinnovo degli edifici sistemati entro la zona A (zona prioritaria) e degli edifici individualmente registrati come bene culturale viene cofinanziato pari al 50%, mentre il rifacimento degli edifici situati entro le zone B o C vengono cofinanziati nell\u2019importo pari al 40%. Il Programma viene attuato secondo la stabilita Lista prioritaria, mentre il numero dei programmi che saranno cofinanziati dipende dai disponibili mezzi di bilancio della Citt\u00e0.<\/p>\n<p>A partire dal 2014, oltre dal fondo di riserva comune e dai prestiti erogati dalle banche commerciali, \u00e8 possibile finanziare il rimanente importo delle spese, per svolgere i lavori di rifacimento, dai mezzi per il miglioramento dell\u2019efficacia energetica nell\u2019edilizia residenziale attraverso concorsi pubblicati da parte del Fondo per la tutela ambientale e l\u2019efficacia energetica.<\/p>\n<p>Dal 2006, quando \u00e8 stato pubblicato il primo invito ai proprietari degli edifici entro il protetto complesso urbanistico della citt\u00e0 di Fiume e degli edifici individualmente registrati come bene culturale, numerose facciate e tetti sono stati rinnovati.<\/p>\n\n    <div class=\"featured-links\">\n\n        <ul>\n                                                <li class=\"type-url\"><a href=\"https:\/\/www.rijeka.hr\/wp-content\/uploads\/2016\/05\/Grafi\u010dki-prikaz-Urbanisti\u010dke-cjeline-grada-Rijeke.pdf\">Disegno grafico del complesso urbanistico della citt\u00e0 di Fiume<\/a><\/li>\n                                                                                                                                                                                                                                                                                                                                                                                                                                            <\/ul>\n \n    <\/div>\n\n    \n<p>Il Consiglio cittadino della Citt\u00e0 di Fiume ha approvato il Regolamento sull\u2019utilizzo dei mezzi provenienti dalla tassa sui monumenti per l\u2019attuazione di questo programma nel 2010, mentre nel 2014 sono stati approvati emendamenti al Regolamento.<\/p>\n<p>Dopo aver condotto il concorso viene determinata la Lista prioritaria per l\u2019utilizzo dei mezzi provenienti dalla tassa sui monumenti dal Bilancio della Citt\u00e0 di Fiume per cofinanziare il Programma di rifacimento e di rinnovo delle facciate e dei tetti degli edifici entro il Protetto complesso urbanistico della citt\u00e0 di Fiume per i seguenti due anni.<\/p>\n<p>&nbsp;<\/p>\n","protected":false},"excerpt":{"rendered":"<p>La Citt\u00e0 di Fiume, su base biennale, pubblica l\u2019invito per l\u2019utilizzo dei mezzi raccolti a titolo della tassa sui monumenti e altri redditi del Bilancio della Citt\u00e0 di Fiume destinati a sovvenzionare il Programma di rifacimento e di rinnovo delle facciate e dei tetti. Il programma di rifacimento e di rinnovo delle facciate e dei&#8230;<\/p>\n","protected":false},"author":14,"featured_media":0,"parent":1080,"menu_order":0,"comment_status":"closed","ping_status":"closed","template":"","meta":{"_acf_changed":false,"_trash_the_other_posts":false,"footnotes":"","_links_to":"","_links_to_target":""},"tags":[],"class_list":["post-4341","page","type-page","status-publish","hentry"],"acf":[],"yoast_head":"<!-- This site is optimized with the Yoast SEO plugin v24.4 - https:\/\/yoast.com\/wordpress\/plugins\/seo\/ -->\n<title>Il rinnovo e il rifacimento delle facciate e dei tetti entro il protetto complesso urbanistico della citt\u00e0 di Fiume - Citt\u00e0 di Fiume<\/title>\n<meta name=\"robots\" content=\"index, follow, max-snippet:-1, max-image-preview:large, max-video-preview:-1\" \/>\n<link rel=\"canonical\" href=\"https:\/\/www.rijeka.hr\/it\/temi-per-i-cittadini\/cultura\/patrimonio-culturale\/rinnovo-rifacimento-delle-facciate-dei-tetti-entro-protetto-complesso-urbanistico-della-citta-fiume\/\" \/>\n<meta property=\"og:locale\" content=\"it_IT\" \/>\n<meta property=\"og:type\" content=\"article\" \/>\n<meta property=\"og:title\" content=\"Il rinnovo e il rifacimento delle facciate e dei tetti entro il protetto complesso urbanistico della citt\u00e0 di Fiume - Citt\u00e0 di Fiume\" \/>\n<meta property=\"og:description\" content=\"La Citt\u00e0 di Fiume, su base biennale, pubblica l\u2019invito per l\u2019utilizzo dei mezzi raccolti a titolo della tassa sui monumenti e altri redditi del Bilancio della Citt\u00e0 di Fiume destinati a sovvenzionare il Programma di rifacimento e di rinnovo delle facciate e dei tetti. Il programma di rifacimento e di rinnovo delle facciate e dei...\" \/>\n<meta property=\"og:url\" content=\"https:\/\/www.rijeka.hr\/it\/temi-per-i-cittadini\/cultura\/patrimonio-culturale\/rinnovo-rifacimento-delle-facciate-dei-tetti-entro-protetto-complesso-urbanistico-della-citta-fiume\/\" \/>\n<meta property=\"og:site_name\" content=\"Citt\u00e0 di Fiume\" \/>\n<meta property=\"article:modified_time\" content=\"2024-12-12T08:59:48+00:00\" \/>\n<meta name=\"twitter:card\" content=\"summary_large_image\" \/>\n<meta name=\"twitter:label1\" content=\"Est. reading time\" \/>\n\t<meta name=\"twitter:data1\" content=\"2 minutes\" \/>\n<script type=\"application\/ld+json\" class=\"yoast-schema-graph\">{\"@context\":\"https:\/\/schema.org\",\"@graph\":[{\"@type\":\"WebPage\",\"@id\":\"https:\/\/www.rijeka.hr\/it\/temi-per-i-cittadini\/cultura\/patrimonio-culturale\/rinnovo-rifacimento-delle-facciate-dei-tetti-entro-protetto-complesso-urbanistico-della-citta-fiume\/\",\"url\":\"https:\/\/www.rijeka.hr\/it\/temi-per-i-cittadini\/cultura\/patrimonio-culturale\/rinnovo-rifacimento-delle-facciate-dei-tetti-entro-protetto-complesso-urbanistico-della-citta-fiume\/\",\"name\":\"Il rinnovo e il rifacimento delle facciate e dei tetti entro il protetto complesso urbanistico della citt\u00e0 di Fiume - Citt\u00e0 di Fiume\",\"isPartOf\":{\"@id\":\"https:\/\/www.rijeka.hr\/it\/#website\"},\"datePublished\":\"2017-05-15T11:50:20+00:00\",\"dateModified\":\"2024-12-12T08:59:48+00:00\",\"breadcrumb\":{\"@id\":\"https:\/\/www.rijeka.hr\/it\/temi-per-i-cittadini\/cultura\/patrimonio-culturale\/rinnovo-rifacimento-delle-facciate-dei-tetti-entro-protetto-complesso-urbanistico-della-citta-fiume\/#breadcrumb\"},\"inLanguage\":\"it-IT\",\"potentialAction\":[{\"@type\":\"ReadAction\",\"target\":[\"https:\/\/www.rijeka.hr\/it\/temi-per-i-cittadini\/cultura\/patrimonio-culturale\/rinnovo-rifacimento-delle-facciate-dei-tetti-entro-protetto-complesso-urbanistico-della-citta-fiume\/\"]}]},{\"@type\":\"BreadcrumbList\",\"@id\":\"https:\/\/www.rijeka.hr\/it\/temi-per-i-cittadini\/cultura\/patrimonio-culturale\/rinnovo-rifacimento-delle-facciate-dei-tetti-entro-protetto-complesso-urbanistico-della-citta-fiume\/#breadcrumb\",\"itemListElement\":[{\"@type\":\"ListItem\",\"position\":1,\"name\":\"Po\u010detna stranica\",\"item\":\"https:\/\/www.rijeka.hr\/it\/\"},{\"@type\":\"ListItem\",\"position\":2,\"name\":\"Temi per i cittadini\",\"item\":\"https:\/\/www.rijeka.hr\/it\/temi-per-i-cittadini\/\"},{\"@type\":\"ListItem\",\"position\":3,\"name\":\"Cultura\",\"item\":\"https:\/\/www.rijeka.hr\/it\/temi-per-i-cittadini\/cultura\/\"},{\"@type\":\"ListItem\",\"position\":4,\"name\":\"Patrimonio culturale\",\"item\":\"https:\/\/www.rijeka.hr\/it\/temi-per-i-cittadini\/cultura\/patrimonio-culturale\/\"},{\"@type\":\"ListItem\",\"position\":5,\"name\":\"Il rinnovo e il rifacimento delle facciate e dei tetti entro il protetto complesso urbanistico della citt\u00e0 di Fiume\"}]},{\"@type\":\"WebSite\",\"@id\":\"https:\/\/www.rijeka.hr\/it\/#website\",\"url\":\"https:\/\/www.rijeka.hr\/it\/\",\"name\":\"Citt\u00e0 di Fiume\",\"description\":\"Portale web della Citta&#039; di Fiume\",\"potentialAction\":[{\"@type\":\"SearchAction\",\"target\":{\"@type\":\"EntryPoint\",\"urlTemplate\":\"https:\/\/www.rijeka.hr\/it\/?s={search_term_string}\"},\"query-input\":{\"@type\":\"PropertyValueSpecification\",\"valueRequired\":true,\"valueName\":\"search_term_string\"}}],\"inLanguage\":\"it-IT\"}]}<\/script>\n<!-- \/ Yoast SEO plugin. -->","yoast_head_json":{"title":"Il rinnovo e il rifacimento delle facciate e dei tetti entro il protetto complesso urbanistico della citt\u00e0 di Fiume - Citt\u00e0 di Fiume","robots":{"index":"index","follow":"follow","max-snippet":"max-snippet:-1","max-image-preview":"max-image-preview:large","max-video-preview":"max-video-preview:-1"},"canonical":"https:\/\/www.rijeka.hr\/it\/temi-per-i-cittadini\/cultura\/patrimonio-culturale\/rinnovo-rifacimento-delle-facciate-dei-tetti-entro-protetto-complesso-urbanistico-della-citta-fiume\/","og_locale":"it_IT","og_type":"article","og_title":"Il rinnovo e il rifacimento delle facciate e dei tetti entro il protetto complesso urbanistico della citt\u00e0 di Fiume - Citt\u00e0 di Fiume","og_description":"La Citt\u00e0 di Fiume, su base biennale, pubblica l\u2019invito per l\u2019utilizzo dei mezzi raccolti a titolo della tassa sui monumenti e altri redditi del Bilancio della Citt\u00e0 di Fiume destinati a sovvenzionare il Programma di rifacimento e di rinnovo delle facciate e dei tetti. Il programma di rifacimento e di rinnovo delle facciate e dei...","og_url":"https:\/\/www.rijeka.hr\/it\/temi-per-i-cittadini\/cultura\/patrimonio-culturale\/rinnovo-rifacimento-delle-facciate-dei-tetti-entro-protetto-complesso-urbanistico-della-citta-fiume\/","og_site_name":"Citt\u00e0 di Fiume","article_modified_time":"2024-12-12T08:59:48+00:00","twitter_card":"summary_large_image","twitter_misc":{"Est. reading time":"2 minutes"},"schema":{"@context":"https:\/\/schema.org","@graph":[{"@type":"WebPage","@id":"https:\/\/www.rijeka.hr\/it\/temi-per-i-cittadini\/cultura\/patrimonio-culturale\/rinnovo-rifacimento-delle-facciate-dei-tetti-entro-protetto-complesso-urbanistico-della-citta-fiume\/","url":"https:\/\/www.rijeka.hr\/it\/temi-per-i-cittadini\/cultura\/patrimonio-culturale\/rinnovo-rifacimento-delle-facciate-dei-tetti-entro-protetto-complesso-urbanistico-della-citta-fiume\/","name":"Il rinnovo e il rifacimento delle facciate e dei tetti entro il protetto complesso urbanistico della citt\u00e0 di Fiume - Citt\u00e0 di Fiume","isPartOf":{"@id":"https:\/\/www.rijeka.hr\/it\/#website"},"datePublished":"2017-05-15T11:50:20+00:00","dateModified":"2024-12-12T08:59:48+00:00","breadcrumb":{"@id":"https:\/\/www.rijeka.hr\/it\/temi-per-i-cittadini\/cultura\/patrimonio-culturale\/rinnovo-rifacimento-delle-facciate-dei-tetti-entro-protetto-complesso-urbanistico-della-citta-fiume\/#breadcrumb"},"inLanguage":"it-IT","potentialAction":[{"@type":"ReadAction","target":["https:\/\/www.rijeka.hr\/it\/temi-per-i-cittadini\/cultura\/patrimonio-culturale\/rinnovo-rifacimento-delle-facciate-dei-tetti-entro-protetto-complesso-urbanistico-della-citta-fiume\/"]}]},{"@type":"BreadcrumbList","@id":"https:\/\/www.rijeka.hr\/it\/temi-per-i-cittadini\/cultura\/patrimonio-culturale\/rinnovo-rifacimento-delle-facciate-dei-tetti-entro-protetto-complesso-urbanistico-della-citta-fiume\/#breadcrumb","itemListElement":[{"@type":"ListItem","position":1,"name":"Po\u010detna stranica","item":"https:\/\/www.rijeka.hr\/it\/"},{"@type":"ListItem","position":2,"name":"Temi per i cittadini","item":"https:\/\/www.rijeka.hr\/it\/temi-per-i-cittadini\/"},{"@type":"ListItem","position":3,"name":"Cultura","item":"https:\/\/www.rijeka.hr\/it\/temi-per-i-cittadini\/cultura\/"},{"@type":"ListItem","position":4,"name":"Patrimonio culturale","item":"https:\/\/www.rijeka.hr\/it\/temi-per-i-cittadini\/cultura\/patrimonio-culturale\/"},{"@type":"ListItem","position":5,"name":"Il rinnovo e il rifacimento delle facciate e dei tetti entro il protetto complesso urbanistico della citt\u00e0 di Fiume"}]},{"@type":"WebSite","@id":"https:\/\/www.rijeka.hr\/it\/#website","url":"https:\/\/www.rijeka.hr\/it\/","name":"Citt\u00e0 di Fiume","description":"Portale web della Citta&#039; di Fiume","potentialAction":[{"@type":"SearchAction","target":{"@type":"EntryPoint","urlTemplate":"https:\/\/www.rijeka.hr\/it\/?s={search_term_string}"},"query-input":{"@type":"PropertyValueSpecification","valueRequired":true,"valueName":"search_term_string"}}],"inLanguage":"it-IT"}]}},"_links":{"self":[{"href":"https:\/\/www.rijeka.hr\/it\/wp-json\/wp\/v2\/pages\/4341","targetHints":{"allow":["GET"]}}],"collection":[{"href":"https:\/\/www.rijeka.hr\/it\/wp-json\/wp\/v2\/pages"}],"about":[{"href":"https:\/\/www.rijeka.hr\/it\/wp-json\/wp\/v2\/types\/page"}],"author":[{"embeddable":true,"href":"https:\/\/www.rijeka.hr\/it\/wp-json\/wp\/v2\/users\/14"}],"replies":[{"embeddable":true,"href":"https:\/\/www.rijeka.hr\/it\/wp-json\/wp\/v2\/comments?post=4341"}],"version-history":[{"count":4,"href":"https:\/\/www.rijeka.hr\/it\/wp-json\/wp\/v2\/pages\/4341\/revisions"}],"predecessor-version":[{"id":4348,"href":"https:\/\/www.rijeka.hr\/it\/wp-json\/wp\/v2\/pages\/4341\/revisions\/4348"}],"up":[{"embeddable":true,"href":"https:\/\/www.rijeka.hr\/it\/wp-json\/wp\/v2\/pages\/1080"}],"wp:attachment":[{"href":"https:\/\/www.rijeka.hr\/it\/wp-json\/wp\/v2\/media?parent=4341"}],"wp:term":[{"taxonomy":"post_tag","embeddable":true,"href":"https:\/\/www.rijeka.hr\/it\/wp-json\/wp\/v2\/tags?post=4341"}],"curies":[{"name":"wp","href":"https:\/\/api.w.org\/{rel}","templated":true}]}}