{"id":449,"date":"2016-07-29T09:13:28","date_gmt":"2016-07-29T07:13:28","guid":{"rendered":"https:\/\/www.rijeka.hr\/it\/?page_id=449"},"modified":"2024-01-12T12:10:06","modified_gmt":"2024-01-12T11:10:06","slug":"la-sicurezza-e-tutela-dei-diritti-dei-bambini-e-dei-giovani","status":"publish","type":"page","link":"https:\/\/www.rijeka.hr\/it\/la-sicurezza-e-tutela-dei-diritti-dei-bambini-e-dei-giovani\/","title":{"rendered":"La sicurezza e tutela dei diritti dei bambini e dei giovani"},"content":{"rendered":"<h3>Bambini e giovani nella citt\u00e0 sicura<\/h3>\n<p>Il centro informativo per la prevenzione della criminalit\u00e0 sul territorio della citt\u00e0 di Fiume svolge l\u2019educazione dei bambini e giovani incentrata sul tema della tutela della sicurezza personale.<\/p>\n<h3>Educazione alla partecipazione sicura al traffico<\/h3>\n<p>Il livello della conoscenza della circolazione stradale e degli spessi pericoli che la circolazione stradale comporta \u00e8 un importante fattore di guida sicura, pertanto l\u2019educazione alla partecipazione al traffico dovrebbe essere avviata fin dalla prima infanzia.<\/p>\n<h3>Sicurezza dei bambini su internet<\/h3>\n<p>Le istituzione e le associazioni sul territorio della citt\u00e0 di Fiume svolgono attivit\u00e0 allo scopo di promuovere un modo sicuro e responsabile in cui utilizzare internet e il cellulare, particolarmente tra la popolazione dei bambini e giovani.<\/p>\n<ul>\n<li><a href=\"http:\/\/www.ctk-rijeka.hr\/\">Il centro per la cultura tecnica di Fiume <\/a>organizza laboratori sulla sicurezza su internet per i bambini e i genitori.<\/li>\n<li><a href=\"http:\/\/www.tic-za-djecu.hr\/\">La Casa per l\u2019infanzia \u201cTi\u0107\u201d di Fiume<\/a> attraverso il suo lavoro di ricerca e l\u2019attuazione del progetto \u201cGli ambasciatori di Ti\u0107\u201d svolge una serie di attivit\u00e0 allo scopo di avvertire i pericoli che internet e le nuove tecnologie nascondono per bambini e giovani.<\/li>\n<\/ul>\n<h3>Tutela dei diritti dei bambini e dei giovani<\/h3>\n<p><strong>Oltre che attraverso le istituzioni, si cerca di tutelare i diritti dei bambini e dei giovani a Fiume e in Croazia, attraverso il lavoro di numerose associazioni. L\u2019ombudsman<\/strong> dei bambini promuove i diritti e gli interessi dei bambini in Croazia che sovrintende l\u2019applicazione di tutte le regole che riguardano la tutela dei diritti e degli interessi dei bambini, come pure le violazioni dei singoli diritti dei bambini e studia aspetti generali e i modi in cui sono stati violentati i diritti e gli interessi dei bambini.<\/p>\n<ul>\n<li><a href=\"http:\/\/www.dijete.hr\/\">L\u2019ufficio dell\u2019ombudsman dei bambini, Fiume<\/a>,\u00a0Trpimirova 2<\/li>\n<\/ul>\n<p>Oltre che attraverso le istituzioni, si cerca di tutelare i diritti dei bambini e dei giovani a Fiume e in Croazia, attraverso il lavoro di numerose associazioni, come l\u2019<a href=\"http:\/\/www.unicef.hr\/\" target=\"_blank\" rel=\"noopener noreferrer\">UNICEF<\/a>, la principale organizzazione mondiale che si prende cura dei bambini, dei loro diritti e delle loro esigenze.<\/p>\n","protected":false},"excerpt":{"rendered":"<p>Bambini e giovani nella citt\u00e0 sicura Il centro informativo per la prevenzione della criminalit\u00e0 sul territorio della citt\u00e0 di Fiume svolge l\u2019educazione dei bambini e giovani incentrata sul tema della tutela della sicurezza personale. Educazione alla partecipazione sicura al traffico Il livello della conoscenza della circolazione stradale e degli spessi pericoli che la circolazione stradale&#8230;<\/p>\n","protected":false},"author":2,"featured_media":0,"parent":0,"menu_order":0,"comment_status":"closed","ping_status":"closed","template":"","meta":{"_acf_changed":false,"_trash_the_other_posts":false,"footnotes":"","_links_to":"","_links_to_target":""},"tags":[],"class_list":["post-449","page","type-page","status-publish","hentry"],"acf":[],"yoast_head":"<!-- This site is optimized with the Yoast SEO plugin v24.4 - https:\/\/yoast.com\/wordpress\/plugins\/seo\/ -->\n<title>La sicurezza e tutela dei diritti dei bambini e dei giovani - Citt\u00e0 di Fiume<\/title>\n<meta name=\"robots\" content=\"index, follow, max-snippet:-1, max-image-preview:large, max-video-preview:-1\" \/>\n<link rel=\"canonical\" href=\"https:\/\/www.rijeka.hr\/it\/la-sicurezza-e-tutela-dei-diritti-dei-bambini-e-dei-giovani\/\" \/>\n<meta property=\"og:locale\" content=\"it_IT\" \/>\n<meta property=\"og:type\" content=\"article\" \/>\n<meta property=\"og:title\" content=\"La sicurezza e tutela dei diritti dei bambini e dei giovani - Citt\u00e0 di Fiume\" \/>\n<meta property=\"og:description\" content=\"Bambini e giovani nella citt\u00e0 sicura Il centro informativo per la prevenzione della criminalit\u00e0 sul territorio della citt\u00e0 di Fiume svolge l\u2019educazione dei bambini e giovani incentrata sul tema della tutela della sicurezza personale. Educazione alla partecipazione sicura al traffico Il livello della conoscenza della circolazione stradale e degli spessi pericoli che la circolazione stradale...\" \/>\n<meta property=\"og:url\" content=\"https:\/\/www.rijeka.hr\/it\/la-sicurezza-e-tutela-dei-diritti-dei-bambini-e-dei-giovani\/\" \/>\n<meta property=\"og:site_name\" content=\"Citt\u00e0 di Fiume\" \/>\n<meta property=\"article:modified_time\" content=\"2024-01-12T11:10:06+00:00\" \/>\n<meta name=\"twitter:card\" content=\"summary_large_image\" \/>\n<meta name=\"twitter:label1\" content=\"Est. reading time\" \/>\n\t<meta name=\"twitter:data1\" content=\"2 minutes\" \/>\n<script type=\"application\/ld+json\" class=\"yoast-schema-graph\">{\"@context\":\"https:\/\/schema.org\",\"@graph\":[{\"@type\":\"WebPage\",\"@id\":\"https:\/\/www.rijeka.hr\/it\/la-sicurezza-e-tutela-dei-diritti-dei-bambini-e-dei-giovani\/\",\"url\":\"https:\/\/www.rijeka.hr\/it\/la-sicurezza-e-tutela-dei-diritti-dei-bambini-e-dei-giovani\/\",\"name\":\"La sicurezza e tutela dei diritti dei bambini e dei giovani - Citt\u00e0 di Fiume\",\"isPartOf\":{\"@id\":\"https:\/\/www.rijeka.hr\/it\/#website\"},\"datePublished\":\"2016-07-29T07:13:28+00:00\",\"dateModified\":\"2024-01-12T11:10:06+00:00\",\"breadcrumb\":{\"@id\":\"https:\/\/www.rijeka.hr\/it\/la-sicurezza-e-tutela-dei-diritti-dei-bambini-e-dei-giovani\/#breadcrumb\"},\"inLanguage\":\"it-IT\",\"potentialAction\":[{\"@type\":\"ReadAction\",\"target\":[\"https:\/\/www.rijeka.hr\/it\/la-sicurezza-e-tutela-dei-diritti-dei-bambini-e-dei-giovani\/\"]}]},{\"@type\":\"BreadcrumbList\",\"@id\":\"https:\/\/www.rijeka.hr\/it\/la-sicurezza-e-tutela-dei-diritti-dei-bambini-e-dei-giovani\/#breadcrumb\",\"itemListElement\":[{\"@type\":\"ListItem\",\"position\":1,\"name\":\"Po\u010detna stranica\",\"item\":\"https:\/\/www.rijeka.hr\/it\/\"},{\"@type\":\"ListItem\",\"position\":2,\"name\":\"La sicurezza e tutela dei diritti dei bambini e dei giovani\"}]},{\"@type\":\"WebSite\",\"@id\":\"https:\/\/www.rijeka.hr\/it\/#website\",\"url\":\"https:\/\/www.rijeka.hr\/it\/\",\"name\":\"Citt\u00e0 di Fiume\",\"description\":\"Portale web della Citta&#039; di Fiume\",\"potentialAction\":[{\"@type\":\"SearchAction\",\"target\":{\"@type\":\"EntryPoint\",\"urlTemplate\":\"https:\/\/www.rijeka.hr\/it\/?s={search_term_string}\"},\"query-input\":{\"@type\":\"PropertyValueSpecification\",\"valueRequired\":true,\"valueName\":\"search_term_string\"}}],\"inLanguage\":\"it-IT\"}]}<\/script>\n<!-- \/ Yoast SEO plugin. -->","yoast_head_json":{"title":"La sicurezza e tutela dei diritti dei bambini e dei giovani - Citt\u00e0 di Fiume","robots":{"index":"index","follow":"follow","max-snippet":"max-snippet:-1","max-image-preview":"max-image-preview:large","max-video-preview":"max-video-preview:-1"},"canonical":"https:\/\/www.rijeka.hr\/it\/la-sicurezza-e-tutela-dei-diritti-dei-bambini-e-dei-giovani\/","og_locale":"it_IT","og_type":"article","og_title":"La sicurezza e tutela dei diritti dei bambini e dei giovani - Citt\u00e0 di Fiume","og_description":"Bambini e giovani nella citt\u00e0 sicura Il centro informativo per la prevenzione della criminalit\u00e0 sul territorio della citt\u00e0 di Fiume svolge l\u2019educazione dei bambini e giovani incentrata sul tema della tutela della sicurezza personale. Educazione alla partecipazione sicura al traffico Il livello della conoscenza della circolazione stradale e degli spessi pericoli che la circolazione stradale...","og_url":"https:\/\/www.rijeka.hr\/it\/la-sicurezza-e-tutela-dei-diritti-dei-bambini-e-dei-giovani\/","og_site_name":"Citt\u00e0 di Fiume","article_modified_time":"2024-01-12T11:10:06+00:00","twitter_card":"summary_large_image","twitter_misc":{"Est. reading time":"2 minutes"},"schema":{"@context":"https:\/\/schema.org","@graph":[{"@type":"WebPage","@id":"https:\/\/www.rijeka.hr\/it\/la-sicurezza-e-tutela-dei-diritti-dei-bambini-e-dei-giovani\/","url":"https:\/\/www.rijeka.hr\/it\/la-sicurezza-e-tutela-dei-diritti-dei-bambini-e-dei-giovani\/","name":"La sicurezza e tutela dei diritti dei bambini e dei giovani - Citt\u00e0 di Fiume","isPartOf":{"@id":"https:\/\/www.rijeka.hr\/it\/#website"},"datePublished":"2016-07-29T07:13:28+00:00","dateModified":"2024-01-12T11:10:06+00:00","breadcrumb":{"@id":"https:\/\/www.rijeka.hr\/it\/la-sicurezza-e-tutela-dei-diritti-dei-bambini-e-dei-giovani\/#breadcrumb"},"inLanguage":"it-IT","potentialAction":[{"@type":"ReadAction","target":["https:\/\/www.rijeka.hr\/it\/la-sicurezza-e-tutela-dei-diritti-dei-bambini-e-dei-giovani\/"]}]},{"@type":"BreadcrumbList","@id":"https:\/\/www.rijeka.hr\/it\/la-sicurezza-e-tutela-dei-diritti-dei-bambini-e-dei-giovani\/#breadcrumb","itemListElement":[{"@type":"ListItem","position":1,"name":"Po\u010detna stranica","item":"https:\/\/www.rijeka.hr\/it\/"},{"@type":"ListItem","position":2,"name":"La sicurezza e tutela dei diritti dei bambini e dei giovani"}]},{"@type":"WebSite","@id":"https:\/\/www.rijeka.hr\/it\/#website","url":"https:\/\/www.rijeka.hr\/it\/","name":"Citt\u00e0 di Fiume","description":"Portale web della Citta&#039; di Fiume","potentialAction":[{"@type":"SearchAction","target":{"@type":"EntryPoint","urlTemplate":"https:\/\/www.rijeka.hr\/it\/?s={search_term_string}"},"query-input":{"@type":"PropertyValueSpecification","valueRequired":true,"valueName":"search_term_string"}}],"inLanguage":"it-IT"}]}},"_links":{"self":[{"href":"https:\/\/www.rijeka.hr\/it\/wp-json\/wp\/v2\/pages\/449","targetHints":{"allow":["GET"]}}],"collection":[{"href":"https:\/\/www.rijeka.hr\/it\/wp-json\/wp\/v2\/pages"}],"about":[{"href":"https:\/\/www.rijeka.hr\/it\/wp-json\/wp\/v2\/types\/page"}],"author":[{"embeddable":true,"href":"https:\/\/www.rijeka.hr\/it\/wp-json\/wp\/v2\/users\/2"}],"replies":[{"embeddable":true,"href":"https:\/\/www.rijeka.hr\/it\/wp-json\/wp\/v2\/comments?post=449"}],"version-history":[{"count":17,"href":"https:\/\/www.rijeka.hr\/it\/wp-json\/wp\/v2\/pages\/449\/revisions"}],"predecessor-version":[{"id":4375,"href":"https:\/\/www.rijeka.hr\/it\/wp-json\/wp\/v2\/pages\/449\/revisions\/4375"}],"wp:attachment":[{"href":"https:\/\/www.rijeka.hr\/it\/wp-json\/wp\/v2\/media?parent=449"}],"wp:term":[{"taxonomy":"post_tag","embeddable":true,"href":"https:\/\/www.rijeka.hr\/it\/wp-json\/wp\/v2\/tags?post=449"}],"curies":[{"name":"wp","href":"https:\/\/api.w.org\/{rel}","templated":true}]}}