{"id":45,"date":"2016-07-22T09:57:59","date_gmt":"2016-07-22T07:57:59","guid":{"rendered":"https:\/\/www.rijeka.hr\/it\/?page_id=45"},"modified":"2021-08-11T16:04:31","modified_gmt":"2021-08-11T14:04:31","slug":"universita-della-terza-eta","status":"publish","type":"page","link":"https:\/\/www.rijeka.hr\/it\/temi-per-i-cittadini\/famiglia-e-assistenza-sociale\/previdenza-sociale\/servizi-sociali-assistenza-laica\/universita-della-terza-eta\/","title":{"rendered":"Universit\u00e0 della terza et\u00e0"},"content":{"rendered":"<p>&#8220;L\u2019universit\u00e0 della terza et\u00e0&#8221; \u00e8 stata avviata con l\u2019obiettivo di presentare alle persone della terza et\u00e0 gli ultimi ritrovati scientifici, fornire la possibilit\u00e0 di acquisire nuove conoscenze alle persone della terza et\u00e0 e permettere di collegare i ritrovi scientifici e le esperienze di vita e la promozione dell\u2019apprendimento permanente e della cultura dell\u2019apprendimento. Il programma \u00e8 dedicato alle persone che hanno compiuto 55 anni. Nella ricca offerta di programmi, attuati prevalentemente da professori universitari, ognuno pu\u00f2 trovare qualcosa per s\u00e9 stesso che desiderava da sempre.<\/p>\n<p>Il servizio \u00e8 finanziato nell\u2019ambito del concorso per<a href=\"https:\/\/www.rijeka.hr\/teme-za-gradane\/obitelj-i-drustvena-skrb\/socijalna-skrb\/financiranje-programa-projekata-zdravstvenoj-zastiti-socijalnoj-skrbi\/\"> programmi e progetti<\/a> pertinenti al comparto della tutela sanitaria e della previdenza sociale.<\/p>\n","protected":false},"excerpt":{"rendered":"<p>&#8220;L\u2019universit\u00e0 della terza et\u00e0&#8221; \u00e8 stata avviata con l\u2019obiettivo di presentare alle persone della terza et\u00e0 gli ultimi ritrovati scientifici, fornire la possibilit\u00e0 di acquisire nuove conoscenze alle persone della terza et\u00e0 e permettere di collegare i ritrovi scientifici e le esperienze di vita e la promozione dell\u2019apprendimento permanente e della cultura dell\u2019apprendimento. Il programma&#8230;<\/p>\n","protected":false},"author":6,"featured_media":0,"parent":21,"menu_order":0,"comment_status":"closed","ping_status":"closed","template":"","meta":{"_acf_changed":false,"_trash_the_other_posts":false,"footnotes":"","_links_to":"","_links_to_target":""},"tags":[],"class_list":["post-45","page","type-page","status-publish","hentry"],"acf":[],"yoast_head":"<!-- This site is optimized with the Yoast SEO plugin v24.4 - https:\/\/yoast.com\/wordpress\/plugins\/seo\/ -->\n<title>Universit\u00e0 della terza et\u00e0 - Citt\u00e0 di Fiume<\/title>\n<meta name=\"robots\" content=\"index, follow, max-snippet:-1, max-image-preview:large, max-video-preview:-1\" \/>\n<link rel=\"canonical\" href=\"https:\/\/www.rijeka.hr\/it\/temi-per-i-cittadini\/famiglia-e-assistenza-sociale\/previdenza-sociale\/servizi-sociali-assistenza-laica\/universita-della-terza-eta\/\" \/>\n<meta property=\"og:locale\" content=\"it_IT\" \/>\n<meta property=\"og:type\" content=\"article\" \/>\n<meta property=\"og:title\" content=\"Universit\u00e0 della terza et\u00e0 - Citt\u00e0 di Fiume\" \/>\n<meta property=\"og:description\" content=\"&#8220;L\u2019universit\u00e0 della terza et\u00e0&#8221; \u00e8 stata avviata con l\u2019obiettivo di presentare alle persone della terza et\u00e0 gli ultimi ritrovati scientifici, fornire la possibilit\u00e0 di acquisire nuove conoscenze alle persone della terza et\u00e0 e permettere di collegare i ritrovi scientifici e le esperienze di vita e la promozione dell\u2019apprendimento permanente e della cultura dell\u2019apprendimento. Il programma...\" \/>\n<meta property=\"og:url\" content=\"https:\/\/www.rijeka.hr\/it\/temi-per-i-cittadini\/famiglia-e-assistenza-sociale\/previdenza-sociale\/servizi-sociali-assistenza-laica\/universita-della-terza-eta\/\" \/>\n<meta property=\"og:site_name\" content=\"Citt\u00e0 di Fiume\" \/>\n<meta property=\"article:modified_time\" content=\"2021-08-11T14:04:31+00:00\" \/>\n<meta name=\"twitter:card\" content=\"summary_large_image\" \/>\n<meta name=\"twitter:label1\" content=\"Est. reading time\" \/>\n\t<meta name=\"twitter:data1\" content=\"1 minute\" \/>\n<script type=\"application\/ld+json\" class=\"yoast-schema-graph\">{\"@context\":\"https:\/\/schema.org\",\"@graph\":[{\"@type\":\"WebPage\",\"@id\":\"https:\/\/www.rijeka.hr\/it\/temi-per-i-cittadini\/famiglia-e-assistenza-sociale\/previdenza-sociale\/servizi-sociali-assistenza-laica\/universita-della-terza-eta\/\",\"url\":\"https:\/\/www.rijeka.hr\/it\/temi-per-i-cittadini\/famiglia-e-assistenza-sociale\/previdenza-sociale\/servizi-sociali-assistenza-laica\/universita-della-terza-eta\/\",\"name\":\"Universit\u00e0 della terza et\u00e0 - Citt\u00e0 di Fiume\",\"isPartOf\":{\"@id\":\"https:\/\/www.rijeka.hr\/it\/#website\"},\"datePublished\":\"2016-07-22T07:57:59+00:00\",\"dateModified\":\"2021-08-11T14:04:31+00:00\",\"breadcrumb\":{\"@id\":\"https:\/\/www.rijeka.hr\/it\/temi-per-i-cittadini\/famiglia-e-assistenza-sociale\/previdenza-sociale\/servizi-sociali-assistenza-laica\/universita-della-terza-eta\/#breadcrumb\"},\"inLanguage\":\"it-IT\",\"potentialAction\":[{\"@type\":\"ReadAction\",\"target\":[\"https:\/\/www.rijeka.hr\/it\/temi-per-i-cittadini\/famiglia-e-assistenza-sociale\/previdenza-sociale\/servizi-sociali-assistenza-laica\/universita-della-terza-eta\/\"]}]},{\"@type\":\"BreadcrumbList\",\"@id\":\"https:\/\/www.rijeka.hr\/it\/temi-per-i-cittadini\/famiglia-e-assistenza-sociale\/previdenza-sociale\/servizi-sociali-assistenza-laica\/universita-della-terza-eta\/#breadcrumb\",\"itemListElement\":[{\"@type\":\"ListItem\",\"position\":1,\"name\":\"Po\u010detna stranica\",\"item\":\"https:\/\/www.rijeka.hr\/it\/\"},{\"@type\":\"ListItem\",\"position\":2,\"name\":\"Temi per i cittadini\",\"item\":\"https:\/\/www.rijeka.hr\/it\/temi-per-i-cittadini\/\"},{\"@type\":\"ListItem\",\"position\":3,\"name\":\"Famiglia e previdenza sociale\",\"item\":\"https:\/\/www.rijeka.hr\/it\/temi-per-i-cittadini\/famiglia-e-assistenza-sociale\/\"},{\"@type\":\"ListItem\",\"position\":4,\"name\":\"Previdenza sociale\",\"item\":\"https:\/\/www.rijeka.hr\/it\/temi-per-i-cittadini\/famiglia-e-assistenza-sociale\/previdenza-sociale\/\"},{\"@type\":\"ListItem\",\"position\":5,\"name\":\"Servizi sociali e assistenza laica\",\"item\":\"https:\/\/www.rijeka.hr\/it\/temi-per-i-cittadini\/famiglia-e-assistenza-sociale\/previdenza-sociale\/servizi-sociali-assistenza-laica\/\"},{\"@type\":\"ListItem\",\"position\":6,\"name\":\"Universit\u00e0 della terza et\u00e0\"}]},{\"@type\":\"WebSite\",\"@id\":\"https:\/\/www.rijeka.hr\/it\/#website\",\"url\":\"https:\/\/www.rijeka.hr\/it\/\",\"name\":\"Citt\u00e0 di Fiume\",\"description\":\"Portale web della Citta&#039; di Fiume\",\"potentialAction\":[{\"@type\":\"SearchAction\",\"target\":{\"@type\":\"EntryPoint\",\"urlTemplate\":\"https:\/\/www.rijeka.hr\/it\/?s={search_term_string}\"},\"query-input\":{\"@type\":\"PropertyValueSpecification\",\"valueRequired\":true,\"valueName\":\"search_term_string\"}}],\"inLanguage\":\"it-IT\"}]}<\/script>\n<!-- \/ Yoast SEO plugin. -->","yoast_head_json":{"title":"Universit\u00e0 della terza et\u00e0 - Citt\u00e0 di Fiume","robots":{"index":"index","follow":"follow","max-snippet":"max-snippet:-1","max-image-preview":"max-image-preview:large","max-video-preview":"max-video-preview:-1"},"canonical":"https:\/\/www.rijeka.hr\/it\/temi-per-i-cittadini\/famiglia-e-assistenza-sociale\/previdenza-sociale\/servizi-sociali-assistenza-laica\/universita-della-terza-eta\/","og_locale":"it_IT","og_type":"article","og_title":"Universit\u00e0 della terza et\u00e0 - Citt\u00e0 di Fiume","og_description":"&#8220;L\u2019universit\u00e0 della terza et\u00e0&#8221; \u00e8 stata avviata con l\u2019obiettivo di presentare alle persone della terza et\u00e0 gli ultimi ritrovati scientifici, fornire la possibilit\u00e0 di acquisire nuove conoscenze alle persone della terza et\u00e0 e permettere di collegare i ritrovi scientifici e le esperienze di vita e la promozione dell\u2019apprendimento permanente e della cultura dell\u2019apprendimento. Il programma...","og_url":"https:\/\/www.rijeka.hr\/it\/temi-per-i-cittadini\/famiglia-e-assistenza-sociale\/previdenza-sociale\/servizi-sociali-assistenza-laica\/universita-della-terza-eta\/","og_site_name":"Citt\u00e0 di Fiume","article_modified_time":"2021-08-11T14:04:31+00:00","twitter_card":"summary_large_image","twitter_misc":{"Est. reading time":"1 minute"},"schema":{"@context":"https:\/\/schema.org","@graph":[{"@type":"WebPage","@id":"https:\/\/www.rijeka.hr\/it\/temi-per-i-cittadini\/famiglia-e-assistenza-sociale\/previdenza-sociale\/servizi-sociali-assistenza-laica\/universita-della-terza-eta\/","url":"https:\/\/www.rijeka.hr\/it\/temi-per-i-cittadini\/famiglia-e-assistenza-sociale\/previdenza-sociale\/servizi-sociali-assistenza-laica\/universita-della-terza-eta\/","name":"Universit\u00e0 della terza et\u00e0 - Citt\u00e0 di Fiume","isPartOf":{"@id":"https:\/\/www.rijeka.hr\/it\/#website"},"datePublished":"2016-07-22T07:57:59+00:00","dateModified":"2021-08-11T14:04:31+00:00","breadcrumb":{"@id":"https:\/\/www.rijeka.hr\/it\/temi-per-i-cittadini\/famiglia-e-assistenza-sociale\/previdenza-sociale\/servizi-sociali-assistenza-laica\/universita-della-terza-eta\/#breadcrumb"},"inLanguage":"it-IT","potentialAction":[{"@type":"ReadAction","target":["https:\/\/www.rijeka.hr\/it\/temi-per-i-cittadini\/famiglia-e-assistenza-sociale\/previdenza-sociale\/servizi-sociali-assistenza-laica\/universita-della-terza-eta\/"]}]},{"@type":"BreadcrumbList","@id":"https:\/\/www.rijeka.hr\/it\/temi-per-i-cittadini\/famiglia-e-assistenza-sociale\/previdenza-sociale\/servizi-sociali-assistenza-laica\/universita-della-terza-eta\/#breadcrumb","itemListElement":[{"@type":"ListItem","position":1,"name":"Po\u010detna stranica","item":"https:\/\/www.rijeka.hr\/it\/"},{"@type":"ListItem","position":2,"name":"Temi per i cittadini","item":"https:\/\/www.rijeka.hr\/it\/temi-per-i-cittadini\/"},{"@type":"ListItem","position":3,"name":"Famiglia e previdenza sociale","item":"https:\/\/www.rijeka.hr\/it\/temi-per-i-cittadini\/famiglia-e-assistenza-sociale\/"},{"@type":"ListItem","position":4,"name":"Previdenza sociale","item":"https:\/\/www.rijeka.hr\/it\/temi-per-i-cittadini\/famiglia-e-assistenza-sociale\/previdenza-sociale\/"},{"@type":"ListItem","position":5,"name":"Servizi sociali e assistenza laica","item":"https:\/\/www.rijeka.hr\/it\/temi-per-i-cittadini\/famiglia-e-assistenza-sociale\/previdenza-sociale\/servizi-sociali-assistenza-laica\/"},{"@type":"ListItem","position":6,"name":"Universit\u00e0 della terza et\u00e0"}]},{"@type":"WebSite","@id":"https:\/\/www.rijeka.hr\/it\/#website","url":"https:\/\/www.rijeka.hr\/it\/","name":"Citt\u00e0 di Fiume","description":"Portale web della Citta&#039; di Fiume","potentialAction":[{"@type":"SearchAction","target":{"@type":"EntryPoint","urlTemplate":"https:\/\/www.rijeka.hr\/it\/?s={search_term_string}"},"query-input":{"@type":"PropertyValueSpecification","valueRequired":true,"valueName":"search_term_string"}}],"inLanguage":"it-IT"}]}},"_links":{"self":[{"href":"https:\/\/www.rijeka.hr\/it\/wp-json\/wp\/v2\/pages\/45","targetHints":{"allow":["GET"]}}],"collection":[{"href":"https:\/\/www.rijeka.hr\/it\/wp-json\/wp\/v2\/pages"}],"about":[{"href":"https:\/\/www.rijeka.hr\/it\/wp-json\/wp\/v2\/types\/page"}],"author":[{"embeddable":true,"href":"https:\/\/www.rijeka.hr\/it\/wp-json\/wp\/v2\/users\/6"}],"replies":[{"embeddable":true,"href":"https:\/\/www.rijeka.hr\/it\/wp-json\/wp\/v2\/comments?post=45"}],"version-history":[{"count":4,"href":"https:\/\/www.rijeka.hr\/it\/wp-json\/wp\/v2\/pages\/45\/revisions"}],"predecessor-version":[{"id":13490,"href":"https:\/\/www.rijeka.hr\/it\/wp-json\/wp\/v2\/pages\/45\/revisions\/13490"}],"up":[{"embeddable":true,"href":"https:\/\/www.rijeka.hr\/it\/wp-json\/wp\/v2\/pages\/21"}],"wp:attachment":[{"href":"https:\/\/www.rijeka.hr\/it\/wp-json\/wp\/v2\/media?parent=45"}],"wp:term":[{"taxonomy":"post_tag","embeddable":true,"href":"https:\/\/www.rijeka.hr\/it\/wp-json\/wp\/v2\/tags?post=45"}],"curies":[{"name":"wp","href":"https:\/\/api.w.org\/{rel}","templated":true}]}}