{"id":4600,"date":"2017-08-09T14:12:39","date_gmt":"2017-08-09T12:12:39","guid":{"rendered":"https:\/\/www.rijeka.hr\/it\/?page_id=4600"},"modified":"2017-08-09T14:12:39","modified_gmt":"2017-08-09T12:12:39","slug":"registri-della-proprieta-fondiaria","status":"publish","type":"page","link":"https:\/\/www.rijeka.hr\/it\/temi-per-i-cittadini\/abitazione-ed-edilizia\/gestione-del-territorio\/registri-della-proprieta-fondiaria\/","title":{"rendered":"Registri della propriet\u00e0 fondiaria"},"content":{"rendered":"<p>Al fine di rendere pi\u00f9 efficace il lavoro, una banca dati dei suoli di propriet\u00e0 della Citt\u00e0 di Fiume \u00e8 stata creata, contenente informazioni su ogni particella di terreno. La banca dati \u00e8 costituita da una parte alfanumerica che contiene informazioni sui suoli e la banca dati GIS dove ogni particella di terreno \u00e8 disegnata per mostrare la sua forma e la sua esatta collocazione nello spazio. I dati contenuti nella base alfanumerica e nella base GIS sono reciprocamente collegati.<\/p>\n","protected":false},"excerpt":{"rendered":"<p>Al fine di rendere pi\u00f9 efficace il lavoro, una banca dati dei suoli di propriet\u00e0 della Citt\u00e0 di Fiume \u00e8 stata creata, contenente informazioni su ogni particella di terreno. La banca dati \u00e8 costituita da una parte alfanumerica che contiene informazioni sui suoli e la banca dati GIS dove ogni particella di terreno \u00e8 disegnata&#8230;<\/p>\n","protected":false},"author":12,"featured_media":0,"parent":4560,"menu_order":0,"comment_status":"closed","ping_status":"closed","template":"","meta":{"_acf_changed":false,"_trash_the_other_posts":false,"footnotes":"","_links_to":"","_links_to_target":""},"tags":[],"class_list":["post-4600","page","type-page","status-publish","hentry"],"acf":[],"yoast_head":"<!-- This site is optimized with the Yoast SEO plugin v24.4 - https:\/\/yoast.com\/wordpress\/plugins\/seo\/ -->\n<title>Registri della propriet\u00e0 fondiaria - Citt\u00e0 di Fiume<\/title>\n<meta name=\"robots\" content=\"index, follow, max-snippet:-1, max-image-preview:large, max-video-preview:-1\" \/>\n<link rel=\"canonical\" href=\"https:\/\/www.rijeka.hr\/it\/temi-per-i-cittadini\/abitazione-ed-edilizia\/gestione-del-territorio\/registri-della-proprieta-fondiaria\/\" \/>\n<meta property=\"og:locale\" content=\"it_IT\" \/>\n<meta property=\"og:type\" content=\"article\" \/>\n<meta property=\"og:title\" content=\"Registri della propriet\u00e0 fondiaria - Citt\u00e0 di Fiume\" \/>\n<meta property=\"og:description\" content=\"Al fine di rendere pi\u00f9 efficace il lavoro, una banca dati dei suoli di propriet\u00e0 della Citt\u00e0 di Fiume \u00e8 stata creata, contenente informazioni su ogni particella di terreno. La banca dati \u00e8 costituita da una parte alfanumerica che contiene informazioni sui suoli e la banca dati GIS dove ogni particella di terreno \u00e8 disegnata...\" \/>\n<meta property=\"og:url\" content=\"https:\/\/www.rijeka.hr\/it\/temi-per-i-cittadini\/abitazione-ed-edilizia\/gestione-del-territorio\/registri-della-proprieta-fondiaria\/\" \/>\n<meta property=\"og:site_name\" content=\"Citt\u00e0 di Fiume\" \/>\n<meta name=\"twitter:card\" content=\"summary_large_image\" \/>\n<script type=\"application\/ld+json\" class=\"yoast-schema-graph\">{\"@context\":\"https:\/\/schema.org\",\"@graph\":[{\"@type\":\"WebPage\",\"@id\":\"https:\/\/www.rijeka.hr\/it\/temi-per-i-cittadini\/abitazione-ed-edilizia\/gestione-del-territorio\/registri-della-proprieta-fondiaria\/\",\"url\":\"https:\/\/www.rijeka.hr\/it\/temi-per-i-cittadini\/abitazione-ed-edilizia\/gestione-del-territorio\/registri-della-proprieta-fondiaria\/\",\"name\":\"Registri della propriet\u00e0 fondiaria - Citt\u00e0 di Fiume\",\"isPartOf\":{\"@id\":\"https:\/\/www.rijeka.hr\/it\/#website\"},\"datePublished\":\"2017-08-09T12:12:39+00:00\",\"breadcrumb\":{\"@id\":\"https:\/\/www.rijeka.hr\/it\/temi-per-i-cittadini\/abitazione-ed-edilizia\/gestione-del-territorio\/registri-della-proprieta-fondiaria\/#breadcrumb\"},\"inLanguage\":\"it-IT\",\"potentialAction\":[{\"@type\":\"ReadAction\",\"target\":[\"https:\/\/www.rijeka.hr\/it\/temi-per-i-cittadini\/abitazione-ed-edilizia\/gestione-del-territorio\/registri-della-proprieta-fondiaria\/\"]}]},{\"@type\":\"BreadcrumbList\",\"@id\":\"https:\/\/www.rijeka.hr\/it\/temi-per-i-cittadini\/abitazione-ed-edilizia\/gestione-del-territorio\/registri-della-proprieta-fondiaria\/#breadcrumb\",\"itemListElement\":[{\"@type\":\"ListItem\",\"position\":1,\"name\":\"Po\u010detna stranica\",\"item\":\"https:\/\/www.rijeka.hr\/it\/\"},{\"@type\":\"ListItem\",\"position\":2,\"name\":\"Temi per i cittadini\",\"item\":\"https:\/\/www.rijeka.hr\/it\/temi-per-i-cittadini\/\"},{\"@type\":\"ListItem\",\"position\":3,\"name\":\"Abitazione ed edilizia\",\"item\":\"https:\/\/www.rijeka.hr\/it\/temi-per-i-cittadini\/abitazione-ed-edilizia\/\"},{\"@type\":\"ListItem\",\"position\":4,\"name\":\"Gestione del territorio\",\"item\":\"https:\/\/www.rijeka.hr\/it\/temi-per-i-cittadini\/abitazione-ed-edilizia\/gestione-del-territorio\/\"},{\"@type\":\"ListItem\",\"position\":5,\"name\":\"Registri della propriet\u00e0 fondiaria\"}]},{\"@type\":\"WebSite\",\"@id\":\"https:\/\/www.rijeka.hr\/it\/#website\",\"url\":\"https:\/\/www.rijeka.hr\/it\/\",\"name\":\"Citt\u00e0 di Fiume\",\"description\":\"Portale web della Citta&#039; di Fiume\",\"potentialAction\":[{\"@type\":\"SearchAction\",\"target\":{\"@type\":\"EntryPoint\",\"urlTemplate\":\"https:\/\/www.rijeka.hr\/it\/?s={search_term_string}\"},\"query-input\":{\"@type\":\"PropertyValueSpecification\",\"valueRequired\":true,\"valueName\":\"search_term_string\"}}],\"inLanguage\":\"it-IT\"}]}<\/script>\n<!-- \/ Yoast SEO plugin. -->","yoast_head_json":{"title":"Registri della propriet\u00e0 fondiaria - Citt\u00e0 di Fiume","robots":{"index":"index","follow":"follow","max-snippet":"max-snippet:-1","max-image-preview":"max-image-preview:large","max-video-preview":"max-video-preview:-1"},"canonical":"https:\/\/www.rijeka.hr\/it\/temi-per-i-cittadini\/abitazione-ed-edilizia\/gestione-del-territorio\/registri-della-proprieta-fondiaria\/","og_locale":"it_IT","og_type":"article","og_title":"Registri della propriet\u00e0 fondiaria - Citt\u00e0 di Fiume","og_description":"Al fine di rendere pi\u00f9 efficace il lavoro, una banca dati dei suoli di propriet\u00e0 della Citt\u00e0 di Fiume \u00e8 stata creata, contenente informazioni su ogni particella di terreno. La banca dati \u00e8 costituita da una parte alfanumerica che contiene informazioni sui suoli e la banca dati GIS dove ogni particella di terreno \u00e8 disegnata...","og_url":"https:\/\/www.rijeka.hr\/it\/temi-per-i-cittadini\/abitazione-ed-edilizia\/gestione-del-territorio\/registri-della-proprieta-fondiaria\/","og_site_name":"Citt\u00e0 di Fiume","twitter_card":"summary_large_image","schema":{"@context":"https:\/\/schema.org","@graph":[{"@type":"WebPage","@id":"https:\/\/www.rijeka.hr\/it\/temi-per-i-cittadini\/abitazione-ed-edilizia\/gestione-del-territorio\/registri-della-proprieta-fondiaria\/","url":"https:\/\/www.rijeka.hr\/it\/temi-per-i-cittadini\/abitazione-ed-edilizia\/gestione-del-territorio\/registri-della-proprieta-fondiaria\/","name":"Registri della propriet\u00e0 fondiaria - Citt\u00e0 di Fiume","isPartOf":{"@id":"https:\/\/www.rijeka.hr\/it\/#website"},"datePublished":"2017-08-09T12:12:39+00:00","breadcrumb":{"@id":"https:\/\/www.rijeka.hr\/it\/temi-per-i-cittadini\/abitazione-ed-edilizia\/gestione-del-territorio\/registri-della-proprieta-fondiaria\/#breadcrumb"},"inLanguage":"it-IT","potentialAction":[{"@type":"ReadAction","target":["https:\/\/www.rijeka.hr\/it\/temi-per-i-cittadini\/abitazione-ed-edilizia\/gestione-del-territorio\/registri-della-proprieta-fondiaria\/"]}]},{"@type":"BreadcrumbList","@id":"https:\/\/www.rijeka.hr\/it\/temi-per-i-cittadini\/abitazione-ed-edilizia\/gestione-del-territorio\/registri-della-proprieta-fondiaria\/#breadcrumb","itemListElement":[{"@type":"ListItem","position":1,"name":"Po\u010detna stranica","item":"https:\/\/www.rijeka.hr\/it\/"},{"@type":"ListItem","position":2,"name":"Temi per i cittadini","item":"https:\/\/www.rijeka.hr\/it\/temi-per-i-cittadini\/"},{"@type":"ListItem","position":3,"name":"Abitazione ed edilizia","item":"https:\/\/www.rijeka.hr\/it\/temi-per-i-cittadini\/abitazione-ed-edilizia\/"},{"@type":"ListItem","position":4,"name":"Gestione del territorio","item":"https:\/\/www.rijeka.hr\/it\/temi-per-i-cittadini\/abitazione-ed-edilizia\/gestione-del-territorio\/"},{"@type":"ListItem","position":5,"name":"Registri della propriet\u00e0 fondiaria"}]},{"@type":"WebSite","@id":"https:\/\/www.rijeka.hr\/it\/#website","url":"https:\/\/www.rijeka.hr\/it\/","name":"Citt\u00e0 di Fiume","description":"Portale web della Citta&#039; di Fiume","potentialAction":[{"@type":"SearchAction","target":{"@type":"EntryPoint","urlTemplate":"https:\/\/www.rijeka.hr\/it\/?s={search_term_string}"},"query-input":{"@type":"PropertyValueSpecification","valueRequired":true,"valueName":"search_term_string"}}],"inLanguage":"it-IT"}]}},"_links":{"self":[{"href":"https:\/\/www.rijeka.hr\/it\/wp-json\/wp\/v2\/pages\/4600","targetHints":{"allow":["GET"]}}],"collection":[{"href":"https:\/\/www.rijeka.hr\/it\/wp-json\/wp\/v2\/pages"}],"about":[{"href":"https:\/\/www.rijeka.hr\/it\/wp-json\/wp\/v2\/types\/page"}],"author":[{"embeddable":true,"href":"https:\/\/www.rijeka.hr\/it\/wp-json\/wp\/v2\/users\/12"}],"replies":[{"embeddable":true,"href":"https:\/\/www.rijeka.hr\/it\/wp-json\/wp\/v2\/comments?post=4600"}],"version-history":[{"count":2,"href":"https:\/\/www.rijeka.hr\/it\/wp-json\/wp\/v2\/pages\/4600\/revisions"}],"predecessor-version":[{"id":4602,"href":"https:\/\/www.rijeka.hr\/it\/wp-json\/wp\/v2\/pages\/4600\/revisions\/4602"}],"up":[{"embeddable":true,"href":"https:\/\/www.rijeka.hr\/it\/wp-json\/wp\/v2\/pages\/4560"}],"wp:attachment":[{"href":"https:\/\/www.rijeka.hr\/it\/wp-json\/wp\/v2\/media?parent=4600"}],"wp:term":[{"taxonomy":"post_tag","embeddable":true,"href":"https:\/\/www.rijeka.hr\/it\/wp-json\/wp\/v2\/tags?post=4600"}],"curies":[{"name":"wp","href":"https:\/\/api.w.org\/{rel}","templated":true}]}}