{"id":4720,"date":"2017-08-23T14:52:41","date_gmt":"2017-08-23T12:52:41","guid":{"rendered":"https:\/\/www.rijeka.hr\/it\/?page_id=4720"},"modified":"2017-08-28T08:52:15","modified_gmt":"2017-08-28T06:52:15","slug":"licence-to-carry-out-taxi-transport-services","status":"publish","type":"page","link":"https:\/\/www.rijeka.hr\/it\/temi-per-i-cittadini\/affari-e-investimenti\/concessioni-normativa-legale\/licence-to-carry-out-taxi-transport-services\/","title":{"rendered":"Licenza per l&#8217;esercizio del servizio di taxi"},"content":{"rendered":"<p>Il servizio di taxi sul territorio e dal territorio della Citt\u00e0 viene prestato sulla base della licenza per l\u2019esecuzione del servizio di taxi e del Contratto di concessione fino alla loro scadenza. La licenza viene rilasciata dalla Citt\u00e0, Dipartimento per gli affari comunali per un periodo di cinque anni. La licenza non \u00e8 trasferibile e pu\u00f2 essere usata solo dal titolare al quale la licenza \u00e8 stata rilasciata.<\/p>\n<p>Sul territorio della Citt\u00e0 di Fiume il servizio di taxi fino al 2010 veniva prestato in base al Contratto di concessione concluso tra la Citt\u00e0 di Fiume e tassisti dopo il condotto bando di gara. In conformit\u00e0 alla Legge sul trasporto stradale (Gazzetta ufficiale 178\/04 e 48\/05, 111\/06, 63\/08\u00a0e 124\/09) il servizio di taxi sul territorio della citt\u00e0 di Fiume \u00e8 stato regolato con la nuova Decisione sul servizio di taxi \u00a0(Gazzetta Ufficiale della Regione litoraneo \u2013 montana No\u00a0<a href=\"http:\/\/www.sn.pgz.hr\/default.asp?Link=odluke&amp;id=19295\">6\/10<\/a>,\u00a0<a href=\"http:\/\/www.sn.pgz.hr\/default.asp?Link=odluke&amp;id=19444\">10\/10<\/a>,\u00a0<a href=\"http:\/\/www.sn.pgz.hr\/default.asp?Link=odluke&amp;id=19806\">16\/10<\/a>), che serve come base per l\u2019esercizio del servizio di taxi autorizzato.<\/p>\n","protected":false},"excerpt":{"rendered":"<p>Il servizio di taxi sul territorio e dal territorio della Citt\u00e0 viene prestato sulla base della licenza per l\u2019esecuzione del servizio di taxi e del Contratto di concessione fino alla loro scadenza. La licenza viene rilasciata dalla Citt\u00e0, Dipartimento per gli affari comunali per un periodo di cinque anni. La licenza non \u00e8 trasferibile e&#8230;<\/p>\n","protected":false},"author":12,"featured_media":0,"parent":1108,"menu_order":0,"comment_status":"closed","ping_status":"closed","template":"","meta":{"_acf_changed":false,"_trash_the_other_posts":false,"footnotes":"","_links_to":"","_links_to_target":""},"tags":[],"class_list":["post-4720","page","type-page","status-publish","hentry"],"acf":[],"yoast_head":"<!-- This site is optimized with the Yoast SEO plugin v24.4 - https:\/\/yoast.com\/wordpress\/plugins\/seo\/ -->\n<title>Licenza per l&#039;esercizio del servizio di taxi - Citt\u00e0 di Fiume<\/title>\n<meta name=\"robots\" content=\"index, follow, max-snippet:-1, max-image-preview:large, max-video-preview:-1\" \/>\n<link rel=\"canonical\" href=\"https:\/\/www.rijeka.hr\/it\/temi-per-i-cittadini\/affari-e-investimenti\/concessioni-normativa-legale\/licence-to-carry-out-taxi-transport-services\/\" \/>\n<meta property=\"og:locale\" content=\"it_IT\" \/>\n<meta property=\"og:type\" content=\"article\" \/>\n<meta property=\"og:title\" content=\"Licenza per l&#039;esercizio del servizio di taxi - Citt\u00e0 di Fiume\" \/>\n<meta property=\"og:description\" content=\"Il servizio di taxi sul territorio e dal territorio della Citt\u00e0 viene prestato sulla base della licenza per l\u2019esecuzione del servizio di taxi e del Contratto di concessione fino alla loro scadenza. La licenza viene rilasciata dalla Citt\u00e0, Dipartimento per gli affari comunali per un periodo di cinque anni. La licenza non \u00e8 trasferibile e...\" \/>\n<meta property=\"og:url\" content=\"https:\/\/www.rijeka.hr\/it\/temi-per-i-cittadini\/affari-e-investimenti\/concessioni-normativa-legale\/licence-to-carry-out-taxi-transport-services\/\" \/>\n<meta property=\"og:site_name\" content=\"Citt\u00e0 di Fiume\" \/>\n<meta property=\"article:modified_time\" content=\"2017-08-28T06:52:15+00:00\" \/>\n<meta name=\"twitter:card\" content=\"summary_large_image\" \/>\n<meta name=\"twitter:label1\" content=\"Est. reading time\" \/>\n\t<meta name=\"twitter:data1\" content=\"1 minute\" \/>\n<script type=\"application\/ld+json\" class=\"yoast-schema-graph\">{\"@context\":\"https:\/\/schema.org\",\"@graph\":[{\"@type\":\"WebPage\",\"@id\":\"https:\/\/www.rijeka.hr\/it\/temi-per-i-cittadini\/affari-e-investimenti\/concessioni-normativa-legale\/licence-to-carry-out-taxi-transport-services\/\",\"url\":\"https:\/\/www.rijeka.hr\/it\/temi-per-i-cittadini\/affari-e-investimenti\/concessioni-normativa-legale\/licence-to-carry-out-taxi-transport-services\/\",\"name\":\"Licenza per l'esercizio del servizio di taxi - Citt\u00e0 di Fiume\",\"isPartOf\":{\"@id\":\"https:\/\/www.rijeka.hr\/it\/#website\"},\"datePublished\":\"2017-08-23T12:52:41+00:00\",\"dateModified\":\"2017-08-28T06:52:15+00:00\",\"breadcrumb\":{\"@id\":\"https:\/\/www.rijeka.hr\/it\/temi-per-i-cittadini\/affari-e-investimenti\/concessioni-normativa-legale\/licence-to-carry-out-taxi-transport-services\/#breadcrumb\"},\"inLanguage\":\"it-IT\",\"potentialAction\":[{\"@type\":\"ReadAction\",\"target\":[\"https:\/\/www.rijeka.hr\/it\/temi-per-i-cittadini\/affari-e-investimenti\/concessioni-normativa-legale\/licence-to-carry-out-taxi-transport-services\/\"]}]},{\"@type\":\"BreadcrumbList\",\"@id\":\"https:\/\/www.rijeka.hr\/it\/temi-per-i-cittadini\/affari-e-investimenti\/concessioni-normativa-legale\/licence-to-carry-out-taxi-transport-services\/#breadcrumb\",\"itemListElement\":[{\"@type\":\"ListItem\",\"position\":1,\"name\":\"Po\u010detna stranica\",\"item\":\"https:\/\/www.rijeka.hr\/it\/\"},{\"@type\":\"ListItem\",\"position\":2,\"name\":\"Temi per i cittadini\",\"item\":\"https:\/\/www.rijeka.hr\/it\/temi-per-i-cittadini\/\"},{\"@type\":\"ListItem\",\"position\":3,\"name\":\"Affari e investimenti\",\"item\":\"https:\/\/www.rijeka.hr\/it\/temi-per-i-cittadini\/affari-e-investimenti\/\"},{\"@type\":\"ListItem\",\"position\":4,\"name\":\"Licenze e norme di legge\",\"item\":\"https:\/\/www.rijeka.hr\/it\/temi-per-i-cittadini\/affari-e-investimenti\/concessioni-normativa-legale\/\"},{\"@type\":\"ListItem\",\"position\":5,\"name\":\"Licenza per l&#8217;esercizio del servizio di taxi\"}]},{\"@type\":\"WebSite\",\"@id\":\"https:\/\/www.rijeka.hr\/it\/#website\",\"url\":\"https:\/\/www.rijeka.hr\/it\/\",\"name\":\"Citt\u00e0 di Fiume\",\"description\":\"Portale web della Citta&#039; di Fiume\",\"potentialAction\":[{\"@type\":\"SearchAction\",\"target\":{\"@type\":\"EntryPoint\",\"urlTemplate\":\"https:\/\/www.rijeka.hr\/it\/?s={search_term_string}\"},\"query-input\":{\"@type\":\"PropertyValueSpecification\",\"valueRequired\":true,\"valueName\":\"search_term_string\"}}],\"inLanguage\":\"it-IT\"}]}<\/script>\n<!-- \/ Yoast SEO plugin. -->","yoast_head_json":{"title":"Licenza per l'esercizio del servizio di taxi - Citt\u00e0 di Fiume","robots":{"index":"index","follow":"follow","max-snippet":"max-snippet:-1","max-image-preview":"max-image-preview:large","max-video-preview":"max-video-preview:-1"},"canonical":"https:\/\/www.rijeka.hr\/it\/temi-per-i-cittadini\/affari-e-investimenti\/concessioni-normativa-legale\/licence-to-carry-out-taxi-transport-services\/","og_locale":"it_IT","og_type":"article","og_title":"Licenza per l'esercizio del servizio di taxi - Citt\u00e0 di Fiume","og_description":"Il servizio di taxi sul territorio e dal territorio della Citt\u00e0 viene prestato sulla base della licenza per l\u2019esecuzione del servizio di taxi e del Contratto di concessione fino alla loro scadenza. La licenza viene rilasciata dalla Citt\u00e0, Dipartimento per gli affari comunali per un periodo di cinque anni. La licenza non \u00e8 trasferibile e...","og_url":"https:\/\/www.rijeka.hr\/it\/temi-per-i-cittadini\/affari-e-investimenti\/concessioni-normativa-legale\/licence-to-carry-out-taxi-transport-services\/","og_site_name":"Citt\u00e0 di Fiume","article_modified_time":"2017-08-28T06:52:15+00:00","twitter_card":"summary_large_image","twitter_misc":{"Est. reading time":"1 minute"},"schema":{"@context":"https:\/\/schema.org","@graph":[{"@type":"WebPage","@id":"https:\/\/www.rijeka.hr\/it\/temi-per-i-cittadini\/affari-e-investimenti\/concessioni-normativa-legale\/licence-to-carry-out-taxi-transport-services\/","url":"https:\/\/www.rijeka.hr\/it\/temi-per-i-cittadini\/affari-e-investimenti\/concessioni-normativa-legale\/licence-to-carry-out-taxi-transport-services\/","name":"Licenza per l'esercizio del servizio di taxi - Citt\u00e0 di Fiume","isPartOf":{"@id":"https:\/\/www.rijeka.hr\/it\/#website"},"datePublished":"2017-08-23T12:52:41+00:00","dateModified":"2017-08-28T06:52:15+00:00","breadcrumb":{"@id":"https:\/\/www.rijeka.hr\/it\/temi-per-i-cittadini\/affari-e-investimenti\/concessioni-normativa-legale\/licence-to-carry-out-taxi-transport-services\/#breadcrumb"},"inLanguage":"it-IT","potentialAction":[{"@type":"ReadAction","target":["https:\/\/www.rijeka.hr\/it\/temi-per-i-cittadini\/affari-e-investimenti\/concessioni-normativa-legale\/licence-to-carry-out-taxi-transport-services\/"]}]},{"@type":"BreadcrumbList","@id":"https:\/\/www.rijeka.hr\/it\/temi-per-i-cittadini\/affari-e-investimenti\/concessioni-normativa-legale\/licence-to-carry-out-taxi-transport-services\/#breadcrumb","itemListElement":[{"@type":"ListItem","position":1,"name":"Po\u010detna stranica","item":"https:\/\/www.rijeka.hr\/it\/"},{"@type":"ListItem","position":2,"name":"Temi per i cittadini","item":"https:\/\/www.rijeka.hr\/it\/temi-per-i-cittadini\/"},{"@type":"ListItem","position":3,"name":"Affari e investimenti","item":"https:\/\/www.rijeka.hr\/it\/temi-per-i-cittadini\/affari-e-investimenti\/"},{"@type":"ListItem","position":4,"name":"Licenze e norme di legge","item":"https:\/\/www.rijeka.hr\/it\/temi-per-i-cittadini\/affari-e-investimenti\/concessioni-normativa-legale\/"},{"@type":"ListItem","position":5,"name":"Licenza per l&#8217;esercizio del servizio di taxi"}]},{"@type":"WebSite","@id":"https:\/\/www.rijeka.hr\/it\/#website","url":"https:\/\/www.rijeka.hr\/it\/","name":"Citt\u00e0 di Fiume","description":"Portale web della Citta&#039; di Fiume","potentialAction":[{"@type":"SearchAction","target":{"@type":"EntryPoint","urlTemplate":"https:\/\/www.rijeka.hr\/it\/?s={search_term_string}"},"query-input":{"@type":"PropertyValueSpecification","valueRequired":true,"valueName":"search_term_string"}}],"inLanguage":"it-IT"}]}},"_links":{"self":[{"href":"https:\/\/www.rijeka.hr\/it\/wp-json\/wp\/v2\/pages\/4720","targetHints":{"allow":["GET"]}}],"collection":[{"href":"https:\/\/www.rijeka.hr\/it\/wp-json\/wp\/v2\/pages"}],"about":[{"href":"https:\/\/www.rijeka.hr\/it\/wp-json\/wp\/v2\/types\/page"}],"author":[{"embeddable":true,"href":"https:\/\/www.rijeka.hr\/it\/wp-json\/wp\/v2\/users\/12"}],"replies":[{"embeddable":true,"href":"https:\/\/www.rijeka.hr\/it\/wp-json\/wp\/v2\/comments?post=4720"}],"version-history":[{"count":3,"href":"https:\/\/www.rijeka.hr\/it\/wp-json\/wp\/v2\/pages\/4720\/revisions"}],"predecessor-version":[{"id":4726,"href":"https:\/\/www.rijeka.hr\/it\/wp-json\/wp\/v2\/pages\/4720\/revisions\/4726"}],"up":[{"embeddable":true,"href":"https:\/\/www.rijeka.hr\/it\/wp-json\/wp\/v2\/pages\/1108"}],"wp:attachment":[{"href":"https:\/\/www.rijeka.hr\/it\/wp-json\/wp\/v2\/media?parent=4720"}],"wp:term":[{"taxonomy":"post_tag","embeddable":true,"href":"https:\/\/www.rijeka.hr\/it\/wp-json\/wp\/v2\/tags?post=4720"}],"curies":[{"name":"wp","href":"https:\/\/api.w.org\/{rel}","templated":true}]}}