{"id":5237,"date":"2017-10-31T10:25:38","date_gmt":"2017-10-31T09:25:38","guid":{"rendered":"https:\/\/www.rijeka.hr\/it\/?page_id=5237"},"modified":"2020-10-23T14:15:48","modified_gmt":"2020-10-23T12:15:48","slug":"programma-la-mia-fiume","status":"publish","type":"page","link":"https:\/\/www.rijeka.hr\/it\/temi-per-i-cittadini\/educazione-e-istruzione\/scuole-elementari\/linsegnamento-nelle-scuole-elementari-e-arricchito-da-numerosi-programmi-e-progetti\/programma-la-mia-fiume\/","title":{"rendered":"Programma &#8220;La mia Fiume&#8221;"},"content":{"rendered":"<p>Dal 2012, la Citt\u00e0 di Fiume attua nelle sue scuole un programma molto popolare intitolato \u201cLa mia Fiume\u201c con l\u2019idea di offrire ai nostri piccoli concittadini la possibilit\u00e0 di acquisire maggiori conoscenze della propria citt\u00e0 e di creare un rapporto emozionale positivo negli alunni verso il loro ambiente circostante.<\/p>\n<p>Tra le evidenze del suo successo \u00e8 il suo inserimento nella Strategia di sviluppo della Citt\u00e0 di Fiume per il periodo dal 2014 al 2020. La Strategia determina quale uno dei suoi obiettivi strategici l\u2019introduzione del programma educativo \u201cLa mia Fiume\u201d in tutte le scuole elementari di Fiume e in questo modo prevede di sviluppare il rapporto degli alunni verso la citt\u00e0 e la sua identit\u00e0, mentre con l\u2019introduzione del programma educativo nelle scuole elementari che promuover\u00e0 la nonviolenza, la tolleranza, e la solidariet\u00e0, vuole sviluppare negli alunni i fondamentali valori umani.<\/p>\n<p>Con questo programma interessante e originale s\u2019incoraggia con molto successo l\u2019espressione linguistica e creativa degli alunni che riguarda numerosi monumenti storici, attrazioni geografiche, artistiche, culturali e sportive della Citt\u00e0 di Fiume. Finora al programma potevano partecipare gli alunni delle quinte e delle seste classi delle scuole elementari cittadine, pertanto proprio per numerose attrazioni cittadine e il desiderio di continuare il Programma, esso \u00e8 stato ampliato con un altro libro di testo destinato agli alunni delle settime e delle ottave classi. A partire dall&#8217;anno scolastico 2014\/2015 anche gli alunni che frequentano queste classi possono partecipare all\u2019attuazione del Programma.<\/p>\n\n    <div class=\"featured-download\">\n\n        <ul>\n                                                                                                    <li class=\"type-pdf\"><a href=\"https:\/\/www.rijeka.hr\/it\/wp-content\/uploads\/sites\/3\/2017\/10\/Programma-educativo-La-Mia-Fiume.pdf\">\u201eLa mia Fiume\u201c, manuale per lo studio di storia e attualit\u00e0 locali per le quinte e seste classi <em>[pdf, 5 MB]<\/em><\/a><\/li>\n                                                                                                                                            <li class=\"type-pdf\"><a href=\"https:\/\/www.rijeka.hr\/it\/wp-content\/uploads\/sites\/3\/2018\/11\/\u201eLa-mia-Fiume\u201c-manuale-per-lo-studio-di-storia-e-attualit\u00e0-locali-per-le-settime-e-ottave-classi.pdf\">\u201eLa mia Fiume\u201c, manuale per lo studio di storia e attualit\u00e0 locali per le settime e ottave classi <em>[pdf, 8 MB]<\/em><\/a><\/li>\n                                                                                                                                                                                                                                                                                                                                                                                                                                                                                                                                                                                                                                                                                                                                                                                                                                                                            <\/ul>\n \n    <\/div>\n\n    \n<p>Entrambi i libri di testo per l\u2019insegnamento patriottico \u201cLa mia Fiume\u201d contengono 33 lezioni varie che sono state tradotte in italiano, allo scopo di avvicinare il suo contenuto agli alunni, appartenenti alla minoranza nazionale italiana. Oltre a questo, dobbiamo sottolineare che i libri di testo sono ricchi di illustrazioni secondo l\u2019et\u00e0 della popolazione destinata e attrezzati con componenti didattici e metodici che indicano il metodo in cui viene trattato il contenuto, gli incentivi creativi e di ricerca e le linee guida, e ogni unit\u00e0 contiene una serie di componenti che indicano l\u2019interdisciplinarit\u00e0.<\/p>\n<p>Entrambi i libri di testo sono stati redatti dallo stesso team di professionisti: l\u2019autore dei testi \u00e8 Velid \u0110eki\u0107, l\u2019autrice della parte metodica del libro di testo \u00e8 Karol Visinko, le illustrazioni nei libri di testo sono state realizzate da Ivan Mi\u0161kovi\u0107 mentre le foto sono state raccolte e trattate da Ivan Vranji\u0107 che \u00e8, inoltre, l\u2019editore grafico dei libri di testo e l\u2019autore del sito web su cui \u00e8 presentato il contenuto dei libri di testo. La revisione linguistica dei libri di testo \u00e8 stata svolta da Gordana O\u017ebolt. La traduzione \u00e8 stata affidata a Melita Sciucca, mentre la revisione linguistica dei testi in italiano a Patrizia Pitacco.<\/p>\n<p>Questo programma viene interamente finanziato dal bilancio della Citt\u00e0 di Fiume.<\/p>\n<p>Vista la dinamica del superamento delle singole unit\u00e0 educative e gli interessi degli alunni, tra trentatr\u00e9 temi contenuti in ogni libro di testo, gli insegnati possono scegliere i temi che saranno trattati in un anno scolastico. I temi comprendono vari elementi che definiscono la citt\u00e0, tra cui ci sono pure le informazioni sulla posizione geografica di Fiume, sull\u2019ambiente naturale e culturale e sullo sport e, soprattutto, sulla ricca storia della citt\u00e0.<\/p>\n","protected":false},"excerpt":{"rendered":"<p>Dal 2012, la Citt\u00e0 di Fiume attua nelle sue scuole un programma molto popolare intitolato \u201cLa mia Fiume\u201c con l\u2019idea di offrire ai nostri piccoli concittadini la possibilit\u00e0 di acquisire maggiori conoscenze della propria citt\u00e0 e di creare un rapporto emozionale positivo negli alunni verso il loro ambiente circostante. Tra le evidenze del suo successo&#8230;<\/p>\n","protected":false},"author":6,"featured_media":0,"parent":7505,"menu_order":63,"comment_status":"closed","ping_status":"closed","template":"","meta":{"_acf_changed":false,"_trash_the_other_posts":false,"footnotes":"","_links_to":"","_links_to_target":""},"tags":[],"class_list":["post-5237","page","type-page","status-publish","hentry"],"acf":[],"yoast_head":"<!-- This site is optimized with the Yoast SEO plugin v24.4 - https:\/\/yoast.com\/wordpress\/plugins\/seo\/ -->\n<title>Programma &quot;La mia Fiume&quot; - Citt\u00e0 di Fiume<\/title>\n<meta name=\"robots\" content=\"index, follow, max-snippet:-1, max-image-preview:large, max-video-preview:-1\" \/>\n<link rel=\"canonical\" href=\"https:\/\/www.rijeka.hr\/it\/temi-per-i-cittadini\/educazione-e-istruzione\/scuole-elementari\/linsegnamento-nelle-scuole-elementari-e-arricchito-da-numerosi-programmi-e-progetti\/programma-la-mia-fiume\/\" \/>\n<meta property=\"og:locale\" content=\"it_IT\" \/>\n<meta property=\"og:type\" content=\"article\" \/>\n<meta property=\"og:title\" content=\"Programma &quot;La mia Fiume&quot; - Citt\u00e0 di Fiume\" \/>\n<meta property=\"og:description\" content=\"Dal 2012, la Citt\u00e0 di Fiume attua nelle sue scuole un programma molto popolare intitolato \u201cLa mia Fiume\u201c con l\u2019idea di offrire ai nostri piccoli concittadini la possibilit\u00e0 di acquisire maggiori conoscenze della propria citt\u00e0 e di creare un rapporto emozionale positivo negli alunni verso il loro ambiente circostante. Tra le evidenze del suo successo...\" \/>\n<meta property=\"og:url\" content=\"https:\/\/www.rijeka.hr\/it\/temi-per-i-cittadini\/educazione-e-istruzione\/scuole-elementari\/linsegnamento-nelle-scuole-elementari-e-arricchito-da-numerosi-programmi-e-progetti\/programma-la-mia-fiume\/\" \/>\n<meta property=\"og:site_name\" content=\"Citt\u00e0 di Fiume\" \/>\n<meta property=\"article:modified_time\" content=\"2020-10-23T12:15:48+00:00\" \/>\n<meta name=\"twitter:card\" content=\"summary_large_image\" \/>\n<meta name=\"twitter:label1\" content=\"Est. reading time\" \/>\n\t<meta name=\"twitter:data1\" content=\"3 minutes\" \/>\n<script type=\"application\/ld+json\" class=\"yoast-schema-graph\">{\"@context\":\"https:\/\/schema.org\",\"@graph\":[{\"@type\":\"WebPage\",\"@id\":\"https:\/\/www.rijeka.hr\/it\/temi-per-i-cittadini\/educazione-e-istruzione\/scuole-elementari\/linsegnamento-nelle-scuole-elementari-e-arricchito-da-numerosi-programmi-e-progetti\/programma-la-mia-fiume\/\",\"url\":\"https:\/\/www.rijeka.hr\/it\/temi-per-i-cittadini\/educazione-e-istruzione\/scuole-elementari\/linsegnamento-nelle-scuole-elementari-e-arricchito-da-numerosi-programmi-e-progetti\/programma-la-mia-fiume\/\",\"name\":\"Programma \\\"La mia Fiume\\\" - Citt\u00e0 di Fiume\",\"isPartOf\":{\"@id\":\"https:\/\/www.rijeka.hr\/it\/#website\"},\"datePublished\":\"2017-10-31T09:25:38+00:00\",\"dateModified\":\"2020-10-23T12:15:48+00:00\",\"breadcrumb\":{\"@id\":\"https:\/\/www.rijeka.hr\/it\/temi-per-i-cittadini\/educazione-e-istruzione\/scuole-elementari\/linsegnamento-nelle-scuole-elementari-e-arricchito-da-numerosi-programmi-e-progetti\/programma-la-mia-fiume\/#breadcrumb\"},\"inLanguage\":\"it-IT\",\"potentialAction\":[{\"@type\":\"ReadAction\",\"target\":[\"https:\/\/www.rijeka.hr\/it\/temi-per-i-cittadini\/educazione-e-istruzione\/scuole-elementari\/linsegnamento-nelle-scuole-elementari-e-arricchito-da-numerosi-programmi-e-progetti\/programma-la-mia-fiume\/\"]}]},{\"@type\":\"BreadcrumbList\",\"@id\":\"https:\/\/www.rijeka.hr\/it\/temi-per-i-cittadini\/educazione-e-istruzione\/scuole-elementari\/linsegnamento-nelle-scuole-elementari-e-arricchito-da-numerosi-programmi-e-progetti\/programma-la-mia-fiume\/#breadcrumb\",\"itemListElement\":[{\"@type\":\"ListItem\",\"position\":1,\"name\":\"Po\u010detna stranica\",\"item\":\"https:\/\/www.rijeka.hr\/it\/\"},{\"@type\":\"ListItem\",\"position\":2,\"name\":\"Temi per i cittadini\",\"item\":\"https:\/\/www.rijeka.hr\/it\/temi-per-i-cittadini\/\"},{\"@type\":\"ListItem\",\"position\":3,\"name\":\"Educazione e istruzione\",\"item\":\"https:\/\/www.rijeka.hr\/it\/temi-per-i-cittadini\/educazione-e-istruzione\/\"},{\"@type\":\"ListItem\",\"position\":4,\"name\":\"Scuole elementari\",\"item\":\"https:\/\/www.rijeka.hr\/it\/temi-per-i-cittadini\/educazione-e-istruzione\/scuole-elementari\/\"},{\"@type\":\"ListItem\",\"position\":5,\"name\":\"Programmi e progetti attuati nelle scuole elementari\",\"item\":\"https:\/\/www.rijeka.hr\/it\/temi-per-i-cittadini\/educazione-e-istruzione\/scuole-elementari\/linsegnamento-nelle-scuole-elementari-e-arricchito-da-numerosi-programmi-e-progetti\/\"},{\"@type\":\"ListItem\",\"position\":6,\"name\":\"Programma &#8220;La mia Fiume&#8221;\"}]},{\"@type\":\"WebSite\",\"@id\":\"https:\/\/www.rijeka.hr\/it\/#website\",\"url\":\"https:\/\/www.rijeka.hr\/it\/\",\"name\":\"Citt\u00e0 di Fiume\",\"description\":\"Portale web della Citta&#039; di Fiume\",\"potentialAction\":[{\"@type\":\"SearchAction\",\"target\":{\"@type\":\"EntryPoint\",\"urlTemplate\":\"https:\/\/www.rijeka.hr\/it\/?s={search_term_string}\"},\"query-input\":{\"@type\":\"PropertyValueSpecification\",\"valueRequired\":true,\"valueName\":\"search_term_string\"}}],\"inLanguage\":\"it-IT\"}]}<\/script>\n<!-- \/ Yoast SEO plugin. -->","yoast_head_json":{"title":"Programma \"La mia Fiume\" - Citt\u00e0 di Fiume","robots":{"index":"index","follow":"follow","max-snippet":"max-snippet:-1","max-image-preview":"max-image-preview:large","max-video-preview":"max-video-preview:-1"},"canonical":"https:\/\/www.rijeka.hr\/it\/temi-per-i-cittadini\/educazione-e-istruzione\/scuole-elementari\/linsegnamento-nelle-scuole-elementari-e-arricchito-da-numerosi-programmi-e-progetti\/programma-la-mia-fiume\/","og_locale":"it_IT","og_type":"article","og_title":"Programma \"La mia Fiume\" - Citt\u00e0 di Fiume","og_description":"Dal 2012, la Citt\u00e0 di Fiume attua nelle sue scuole un programma molto popolare intitolato \u201cLa mia Fiume\u201c con l\u2019idea di offrire ai nostri piccoli concittadini la possibilit\u00e0 di acquisire maggiori conoscenze della propria citt\u00e0 e di creare un rapporto emozionale positivo negli alunni verso il loro ambiente circostante. Tra le evidenze del suo successo...","og_url":"https:\/\/www.rijeka.hr\/it\/temi-per-i-cittadini\/educazione-e-istruzione\/scuole-elementari\/linsegnamento-nelle-scuole-elementari-e-arricchito-da-numerosi-programmi-e-progetti\/programma-la-mia-fiume\/","og_site_name":"Citt\u00e0 di Fiume","article_modified_time":"2020-10-23T12:15:48+00:00","twitter_card":"summary_large_image","twitter_misc":{"Est. reading time":"3 minutes"},"schema":{"@context":"https:\/\/schema.org","@graph":[{"@type":"WebPage","@id":"https:\/\/www.rijeka.hr\/it\/temi-per-i-cittadini\/educazione-e-istruzione\/scuole-elementari\/linsegnamento-nelle-scuole-elementari-e-arricchito-da-numerosi-programmi-e-progetti\/programma-la-mia-fiume\/","url":"https:\/\/www.rijeka.hr\/it\/temi-per-i-cittadini\/educazione-e-istruzione\/scuole-elementari\/linsegnamento-nelle-scuole-elementari-e-arricchito-da-numerosi-programmi-e-progetti\/programma-la-mia-fiume\/","name":"Programma \"La mia Fiume\" - Citt\u00e0 di Fiume","isPartOf":{"@id":"https:\/\/www.rijeka.hr\/it\/#website"},"datePublished":"2017-10-31T09:25:38+00:00","dateModified":"2020-10-23T12:15:48+00:00","breadcrumb":{"@id":"https:\/\/www.rijeka.hr\/it\/temi-per-i-cittadini\/educazione-e-istruzione\/scuole-elementari\/linsegnamento-nelle-scuole-elementari-e-arricchito-da-numerosi-programmi-e-progetti\/programma-la-mia-fiume\/#breadcrumb"},"inLanguage":"it-IT","potentialAction":[{"@type":"ReadAction","target":["https:\/\/www.rijeka.hr\/it\/temi-per-i-cittadini\/educazione-e-istruzione\/scuole-elementari\/linsegnamento-nelle-scuole-elementari-e-arricchito-da-numerosi-programmi-e-progetti\/programma-la-mia-fiume\/"]}]},{"@type":"BreadcrumbList","@id":"https:\/\/www.rijeka.hr\/it\/temi-per-i-cittadini\/educazione-e-istruzione\/scuole-elementari\/linsegnamento-nelle-scuole-elementari-e-arricchito-da-numerosi-programmi-e-progetti\/programma-la-mia-fiume\/#breadcrumb","itemListElement":[{"@type":"ListItem","position":1,"name":"Po\u010detna stranica","item":"https:\/\/www.rijeka.hr\/it\/"},{"@type":"ListItem","position":2,"name":"Temi per i cittadini","item":"https:\/\/www.rijeka.hr\/it\/temi-per-i-cittadini\/"},{"@type":"ListItem","position":3,"name":"Educazione e istruzione","item":"https:\/\/www.rijeka.hr\/it\/temi-per-i-cittadini\/educazione-e-istruzione\/"},{"@type":"ListItem","position":4,"name":"Scuole elementari","item":"https:\/\/www.rijeka.hr\/it\/temi-per-i-cittadini\/educazione-e-istruzione\/scuole-elementari\/"},{"@type":"ListItem","position":5,"name":"Programmi e progetti attuati nelle scuole elementari","item":"https:\/\/www.rijeka.hr\/it\/temi-per-i-cittadini\/educazione-e-istruzione\/scuole-elementari\/linsegnamento-nelle-scuole-elementari-e-arricchito-da-numerosi-programmi-e-progetti\/"},{"@type":"ListItem","position":6,"name":"Programma &#8220;La mia Fiume&#8221;"}]},{"@type":"WebSite","@id":"https:\/\/www.rijeka.hr\/it\/#website","url":"https:\/\/www.rijeka.hr\/it\/","name":"Citt\u00e0 di Fiume","description":"Portale web della Citta&#039; di Fiume","potentialAction":[{"@type":"SearchAction","target":{"@type":"EntryPoint","urlTemplate":"https:\/\/www.rijeka.hr\/it\/?s={search_term_string}"},"query-input":{"@type":"PropertyValueSpecification","valueRequired":true,"valueName":"search_term_string"}}],"inLanguage":"it-IT"}]}},"_links":{"self":[{"href":"https:\/\/www.rijeka.hr\/it\/wp-json\/wp\/v2\/pages\/5237","targetHints":{"allow":["GET"]}}],"collection":[{"href":"https:\/\/www.rijeka.hr\/it\/wp-json\/wp\/v2\/pages"}],"about":[{"href":"https:\/\/www.rijeka.hr\/it\/wp-json\/wp\/v2\/types\/page"}],"author":[{"embeddable":true,"href":"https:\/\/www.rijeka.hr\/it\/wp-json\/wp\/v2\/users\/6"}],"replies":[{"embeddable":true,"href":"https:\/\/www.rijeka.hr\/it\/wp-json\/wp\/v2\/comments?post=5237"}],"version-history":[{"count":5,"href":"https:\/\/www.rijeka.hr\/it\/wp-json\/wp\/v2\/pages\/5237\/revisions"}],"predecessor-version":[{"id":11471,"href":"https:\/\/www.rijeka.hr\/it\/wp-json\/wp\/v2\/pages\/5237\/revisions\/11471"}],"up":[{"embeddable":true,"href":"https:\/\/www.rijeka.hr\/it\/wp-json\/wp\/v2\/pages\/7505"}],"wp:attachment":[{"href":"https:\/\/www.rijeka.hr\/it\/wp-json\/wp\/v2\/media?parent=5237"}],"wp:term":[{"taxonomy":"post_tag","embeddable":true,"href":"https:\/\/www.rijeka.hr\/it\/wp-json\/wp\/v2\/tags?post=5237"}],"curies":[{"name":"wp","href":"https:\/\/api.w.org\/{rel}","templated":true}]}}