{"id":5318,"date":"2017-11-14T10:52:38","date_gmt":"2017-11-14T09:52:38","guid":{"rendered":"https:\/\/www.rijeka.hr\/it\/?page_id=5318"},"modified":"2021-10-26T15:47:59","modified_gmt":"2021-10-26T13:47:59","slug":"agenzia-croata-per-le-pmi-e-investimenti-hamag-invest","status":"publish","type":"page","link":"https:\/\/www.rijeka.hr\/it\/temi-per-i-cittadini\/affari-e-investimenti\/finanziamento-e-assistenza\/istituzioni-di-supporto-e-infrastrutture\/istituzioni-di-supporto\/ufficio-per-il-trasferimento-tecnologico-delluniversita-degli-studi-di-fiume\/agenzia-croata-per-le-pmi-e-investimenti-hamag-invest\/","title":{"rendered":"Agenzia croata per le PMI e investimenti (HAMAG INVEST)"},"content":{"rendered":"<p>L&#8217;Agenzia croata per le PMI e gli investimenti (HAMAG INVEST) \u00e8 stata istituita dalla Repubblica di Croazia ai sensi della Legge sui incentivi per lo sviluppo delle PMI. Le attivit\u00e0 della HAMAG INVEST rientrano nelle competenze del Ministero dell&#8217;imprenditoria e dell&#8217;artigianato. L&#8217;Agenzia croata per le PMI e gli investimenti \u00e8 stata istituita con l&#8217;obiettivo di offrire un sostegno di qualit\u00e0 nell\u2019operazione delle PMI, consentendo in tal modo uno sviluppo economico pi\u00f9 facile e pi\u00f9 rapido a livello nazionale.<\/p>\n<p>Attivit\u00e0<\/p>\n<ul>\n<li>Incentivi per la fondazione e lo sviluppo delle PMI<\/li>\n<li>Incentivi per gli investimenti nelle PMI<\/li>\n<li>Prestiti alle PMI<\/li>\n<li>Emissione di garanzie sui prestiti<\/li>\n<li>Assegnazione di aiuti finanziari per ridurre i costi dei prestiti<\/li>\n<li>Sovvenzionamento degli interessi sui prestiti<\/li>\n<li>Attuazione degli appalti per la concessione in affitto o la vendita di beni immobili<\/li>\n<li>Assegnazione di sussidi per aumentare l&#8217;occupazione<\/li>\n<li>Assegnazione di sussidi per lo sviluppo delle moderne tecnologie<\/li>\n<li>Assegnazione di sussidi per la partecipazione a fiere ed esposizioni internazionali<\/li>\n<li>Sviluppo dell&#8217;imprenditoria femminile e giovanile<\/li>\n<li>Altre attivit\u00e0 professionali<\/li>\n<\/ul>\n","protected":false},"excerpt":{"rendered":"<p>L&#8217;Agenzia croata per le PMI e gli investimenti (HAMAG INVEST) \u00e8 stata istituita dalla Repubblica di Croazia ai sensi della Legge sui incentivi per lo sviluppo delle PMI. Le attivit\u00e0 della HAMAG INVEST rientrano nelle competenze del Ministero dell&#8217;imprenditoria e dell&#8217;artigianato. L&#8217;Agenzia croata per le PMI e gli investimenti \u00e8 stata istituita con l&#8217;obiettivo di&#8230;<\/p>\n","protected":false},"author":4,"featured_media":0,"parent":5338,"menu_order":0,"comment_status":"closed","ping_status":"closed","template":"","meta":{"_acf_changed":false,"_trash_the_other_posts":false,"footnotes":"","_links_to":"","_links_to_target":""},"tags":[],"class_list":["post-5318","page","type-page","status-publish","hentry"],"acf":[],"yoast_head":"<!-- This site is optimized with the Yoast SEO plugin v24.4 - https:\/\/yoast.com\/wordpress\/plugins\/seo\/ -->\n<title>Agenzia croata per le PMI e investimenti (HAMAG INVEST) - Citt\u00e0 di Fiume<\/title>\n<meta name=\"robots\" content=\"index, follow, max-snippet:-1, max-image-preview:large, max-video-preview:-1\" \/>\n<link rel=\"canonical\" href=\"https:\/\/www.rijeka.hr\/it\/temi-per-i-cittadini\/affari-e-investimenti\/finanziamento-e-assistenza\/istituzioni-di-supporto-e-infrastrutture\/istituzioni-di-supporto\/ufficio-per-il-trasferimento-tecnologico-delluniversita-degli-studi-di-fiume\/agenzia-croata-per-le-pmi-e-investimenti-hamag-invest\/\" \/>\n<meta property=\"og:locale\" content=\"it_IT\" \/>\n<meta property=\"og:type\" content=\"article\" \/>\n<meta property=\"og:title\" content=\"Agenzia croata per le PMI e investimenti (HAMAG INVEST) - Citt\u00e0 di Fiume\" \/>\n<meta property=\"og:description\" content=\"L&#8217;Agenzia croata per le PMI e gli investimenti (HAMAG INVEST) \u00e8 stata istituita dalla Repubblica di Croazia ai sensi della Legge sui incentivi per lo sviluppo delle PMI. Le attivit\u00e0 della HAMAG INVEST rientrano nelle competenze del Ministero dell&#8217;imprenditoria e dell&#8217;artigianato. L&#8217;Agenzia croata per le PMI e gli investimenti \u00e8 stata istituita con l&#8217;obiettivo di...\" \/>\n<meta property=\"og:url\" content=\"https:\/\/www.rijeka.hr\/it\/temi-per-i-cittadini\/affari-e-investimenti\/finanziamento-e-assistenza\/istituzioni-di-supporto-e-infrastrutture\/istituzioni-di-supporto\/ufficio-per-il-trasferimento-tecnologico-delluniversita-degli-studi-di-fiume\/agenzia-croata-per-le-pmi-e-investimenti-hamag-invest\/\" \/>\n<meta property=\"og:site_name\" content=\"Citt\u00e0 di Fiume\" \/>\n<meta property=\"article:modified_time\" content=\"2021-10-26T13:47:59+00:00\" \/>\n<meta name=\"twitter:card\" content=\"summary_large_image\" \/>\n<meta name=\"twitter:label1\" content=\"Est. reading time\" \/>\n\t<meta name=\"twitter:data1\" content=\"1 minute\" \/>\n<script type=\"application\/ld+json\" class=\"yoast-schema-graph\">{\"@context\":\"https:\/\/schema.org\",\"@graph\":[{\"@type\":\"WebPage\",\"@id\":\"https:\/\/www.rijeka.hr\/it\/temi-per-i-cittadini\/affari-e-investimenti\/finanziamento-e-assistenza\/istituzioni-di-supporto-e-infrastrutture\/istituzioni-di-supporto\/ufficio-per-il-trasferimento-tecnologico-delluniversita-degli-studi-di-fiume\/agenzia-croata-per-le-pmi-e-investimenti-hamag-invest\/\",\"url\":\"https:\/\/www.rijeka.hr\/it\/temi-per-i-cittadini\/affari-e-investimenti\/finanziamento-e-assistenza\/istituzioni-di-supporto-e-infrastrutture\/istituzioni-di-supporto\/ufficio-per-il-trasferimento-tecnologico-delluniversita-degli-studi-di-fiume\/agenzia-croata-per-le-pmi-e-investimenti-hamag-invest\/\",\"name\":\"Agenzia croata per le PMI e investimenti (HAMAG INVEST) - Citt\u00e0 di Fiume\",\"isPartOf\":{\"@id\":\"https:\/\/www.rijeka.hr\/it\/#website\"},\"datePublished\":\"2017-11-14T09:52:38+00:00\",\"dateModified\":\"2021-10-26T13:47:59+00:00\",\"breadcrumb\":{\"@id\":\"https:\/\/www.rijeka.hr\/it\/temi-per-i-cittadini\/affari-e-investimenti\/finanziamento-e-assistenza\/istituzioni-di-supporto-e-infrastrutture\/istituzioni-di-supporto\/ufficio-per-il-trasferimento-tecnologico-delluniversita-degli-studi-di-fiume\/agenzia-croata-per-le-pmi-e-investimenti-hamag-invest\/#breadcrumb\"},\"inLanguage\":\"it-IT\",\"potentialAction\":[{\"@type\":\"ReadAction\",\"target\":[\"https:\/\/www.rijeka.hr\/it\/temi-per-i-cittadini\/affari-e-investimenti\/finanziamento-e-assistenza\/istituzioni-di-supporto-e-infrastrutture\/istituzioni-di-supporto\/ufficio-per-il-trasferimento-tecnologico-delluniversita-degli-studi-di-fiume\/agenzia-croata-per-le-pmi-e-investimenti-hamag-invest\/\"]}]},{\"@type\":\"BreadcrumbList\",\"@id\":\"https:\/\/www.rijeka.hr\/it\/temi-per-i-cittadini\/affari-e-investimenti\/finanziamento-e-assistenza\/istituzioni-di-supporto-e-infrastrutture\/istituzioni-di-supporto\/ufficio-per-il-trasferimento-tecnologico-delluniversita-degli-studi-di-fiume\/agenzia-croata-per-le-pmi-e-investimenti-hamag-invest\/#breadcrumb\",\"itemListElement\":[{\"@type\":\"ListItem\",\"position\":1,\"name\":\"Po\u010detna stranica\",\"item\":\"https:\/\/www.rijeka.hr\/it\/\"},{\"@type\":\"ListItem\",\"position\":2,\"name\":\"Temi per i cittadini\",\"item\":\"https:\/\/www.rijeka.hr\/it\/temi-per-i-cittadini\/\"},{\"@type\":\"ListItem\",\"position\":3,\"name\":\"Affari e investimenti\",\"item\":\"https:\/\/www.rijeka.hr\/it\/temi-per-i-cittadini\/affari-e-investimenti\/\"},{\"@type\":\"ListItem\",\"position\":4,\"name\":\"Finanziamento e assistenza\",\"item\":\"https:\/\/www.rijeka.hr\/it\/temi-per-i-cittadini\/affari-e-investimenti\/finanziamento-e-assistenza\/\"},{\"@type\":\"ListItem\",\"position\":5,\"name\":\"Istituzioni di supporto e infrastrutture\",\"item\":\"https:\/\/www.rijeka.hr\/it\/temi-per-i-cittadini\/affari-e-investimenti\/finanziamento-e-assistenza\/istituzioni-di-supporto-e-infrastrutture\/\"},{\"@type\":\"ListItem\",\"position\":6,\"name\":\"Istituzioni di supporto\",\"item\":\"https:\/\/www.rijeka.hr\/it\/temi-per-i-cittadini\/affari-e-investimenti\/finanziamento-e-assistenza\/istituzioni-di-supporto-e-infrastrutture\/istituzioni-di-supporto\/\"},{\"@type\":\"ListItem\",\"position\":7,\"name\":\"Ufficio per il trasferimento tecnologico dell\u2019Universit\u00e0 degli studi di Fiume\",\"item\":\"https:\/\/www.rijeka.hr\/it\/temi-per-i-cittadini\/affari-e-investimenti\/finanziamento-e-assistenza\/istituzioni-di-supporto-e-infrastrutture\/istituzioni-di-supporto\/ufficio-per-il-trasferimento-tecnologico-delluniversita-degli-studi-di-fiume\/\"},{\"@type\":\"ListItem\",\"position\":8,\"name\":\"Agenzia croata per le PMI e investimenti (HAMAG INVEST)\"}]},{\"@type\":\"WebSite\",\"@id\":\"https:\/\/www.rijeka.hr\/it\/#website\",\"url\":\"https:\/\/www.rijeka.hr\/it\/\",\"name\":\"Citt\u00e0 di Fiume\",\"description\":\"Portale web della Citta&#039; di Fiume\",\"potentialAction\":[{\"@type\":\"SearchAction\",\"target\":{\"@type\":\"EntryPoint\",\"urlTemplate\":\"https:\/\/www.rijeka.hr\/it\/?s={search_term_string}\"},\"query-input\":{\"@type\":\"PropertyValueSpecification\",\"valueRequired\":true,\"valueName\":\"search_term_string\"}}],\"inLanguage\":\"it-IT\"}]}<\/script>\n<!-- \/ Yoast SEO plugin. -->","yoast_head_json":{"title":"Agenzia croata per le PMI e investimenti (HAMAG INVEST) - Citt\u00e0 di Fiume","robots":{"index":"index","follow":"follow","max-snippet":"max-snippet:-1","max-image-preview":"max-image-preview:large","max-video-preview":"max-video-preview:-1"},"canonical":"https:\/\/www.rijeka.hr\/it\/temi-per-i-cittadini\/affari-e-investimenti\/finanziamento-e-assistenza\/istituzioni-di-supporto-e-infrastrutture\/istituzioni-di-supporto\/ufficio-per-il-trasferimento-tecnologico-delluniversita-degli-studi-di-fiume\/agenzia-croata-per-le-pmi-e-investimenti-hamag-invest\/","og_locale":"it_IT","og_type":"article","og_title":"Agenzia croata per le PMI e investimenti (HAMAG INVEST) - Citt\u00e0 di Fiume","og_description":"L&#8217;Agenzia croata per le PMI e gli investimenti (HAMAG INVEST) \u00e8 stata istituita dalla Repubblica di Croazia ai sensi della Legge sui incentivi per lo sviluppo delle PMI. Le attivit\u00e0 della HAMAG INVEST rientrano nelle competenze del Ministero dell&#8217;imprenditoria e dell&#8217;artigianato. L&#8217;Agenzia croata per le PMI e gli investimenti \u00e8 stata istituita con l&#8217;obiettivo di...","og_url":"https:\/\/www.rijeka.hr\/it\/temi-per-i-cittadini\/affari-e-investimenti\/finanziamento-e-assistenza\/istituzioni-di-supporto-e-infrastrutture\/istituzioni-di-supporto\/ufficio-per-il-trasferimento-tecnologico-delluniversita-degli-studi-di-fiume\/agenzia-croata-per-le-pmi-e-investimenti-hamag-invest\/","og_site_name":"Citt\u00e0 di Fiume","article_modified_time":"2021-10-26T13:47:59+00:00","twitter_card":"summary_large_image","twitter_misc":{"Est. reading time":"1 minute"},"schema":{"@context":"https:\/\/schema.org","@graph":[{"@type":"WebPage","@id":"https:\/\/www.rijeka.hr\/it\/temi-per-i-cittadini\/affari-e-investimenti\/finanziamento-e-assistenza\/istituzioni-di-supporto-e-infrastrutture\/istituzioni-di-supporto\/ufficio-per-il-trasferimento-tecnologico-delluniversita-degli-studi-di-fiume\/agenzia-croata-per-le-pmi-e-investimenti-hamag-invest\/","url":"https:\/\/www.rijeka.hr\/it\/temi-per-i-cittadini\/affari-e-investimenti\/finanziamento-e-assistenza\/istituzioni-di-supporto-e-infrastrutture\/istituzioni-di-supporto\/ufficio-per-il-trasferimento-tecnologico-delluniversita-degli-studi-di-fiume\/agenzia-croata-per-le-pmi-e-investimenti-hamag-invest\/","name":"Agenzia croata per le PMI e investimenti (HAMAG INVEST) - Citt\u00e0 di Fiume","isPartOf":{"@id":"https:\/\/www.rijeka.hr\/it\/#website"},"datePublished":"2017-11-14T09:52:38+00:00","dateModified":"2021-10-26T13:47:59+00:00","breadcrumb":{"@id":"https:\/\/www.rijeka.hr\/it\/temi-per-i-cittadini\/affari-e-investimenti\/finanziamento-e-assistenza\/istituzioni-di-supporto-e-infrastrutture\/istituzioni-di-supporto\/ufficio-per-il-trasferimento-tecnologico-delluniversita-degli-studi-di-fiume\/agenzia-croata-per-le-pmi-e-investimenti-hamag-invest\/#breadcrumb"},"inLanguage":"it-IT","potentialAction":[{"@type":"ReadAction","target":["https:\/\/www.rijeka.hr\/it\/temi-per-i-cittadini\/affari-e-investimenti\/finanziamento-e-assistenza\/istituzioni-di-supporto-e-infrastrutture\/istituzioni-di-supporto\/ufficio-per-il-trasferimento-tecnologico-delluniversita-degli-studi-di-fiume\/agenzia-croata-per-le-pmi-e-investimenti-hamag-invest\/"]}]},{"@type":"BreadcrumbList","@id":"https:\/\/www.rijeka.hr\/it\/temi-per-i-cittadini\/affari-e-investimenti\/finanziamento-e-assistenza\/istituzioni-di-supporto-e-infrastrutture\/istituzioni-di-supporto\/ufficio-per-il-trasferimento-tecnologico-delluniversita-degli-studi-di-fiume\/agenzia-croata-per-le-pmi-e-investimenti-hamag-invest\/#breadcrumb","itemListElement":[{"@type":"ListItem","position":1,"name":"Po\u010detna stranica","item":"https:\/\/www.rijeka.hr\/it\/"},{"@type":"ListItem","position":2,"name":"Temi per i cittadini","item":"https:\/\/www.rijeka.hr\/it\/temi-per-i-cittadini\/"},{"@type":"ListItem","position":3,"name":"Affari e investimenti","item":"https:\/\/www.rijeka.hr\/it\/temi-per-i-cittadini\/affari-e-investimenti\/"},{"@type":"ListItem","position":4,"name":"Finanziamento e assistenza","item":"https:\/\/www.rijeka.hr\/it\/temi-per-i-cittadini\/affari-e-investimenti\/finanziamento-e-assistenza\/"},{"@type":"ListItem","position":5,"name":"Istituzioni di supporto e infrastrutture","item":"https:\/\/www.rijeka.hr\/it\/temi-per-i-cittadini\/affari-e-investimenti\/finanziamento-e-assistenza\/istituzioni-di-supporto-e-infrastrutture\/"},{"@type":"ListItem","position":6,"name":"Istituzioni di supporto","item":"https:\/\/www.rijeka.hr\/it\/temi-per-i-cittadini\/affari-e-investimenti\/finanziamento-e-assistenza\/istituzioni-di-supporto-e-infrastrutture\/istituzioni-di-supporto\/"},{"@type":"ListItem","position":7,"name":"Ufficio per il trasferimento tecnologico dell\u2019Universit\u00e0 degli studi di Fiume","item":"https:\/\/www.rijeka.hr\/it\/temi-per-i-cittadini\/affari-e-investimenti\/finanziamento-e-assistenza\/istituzioni-di-supporto-e-infrastrutture\/istituzioni-di-supporto\/ufficio-per-il-trasferimento-tecnologico-delluniversita-degli-studi-di-fiume\/"},{"@type":"ListItem","position":8,"name":"Agenzia croata per le PMI e investimenti (HAMAG INVEST)"}]},{"@type":"WebSite","@id":"https:\/\/www.rijeka.hr\/it\/#website","url":"https:\/\/www.rijeka.hr\/it\/","name":"Citt\u00e0 di Fiume","description":"Portale web della Citta&#039; di Fiume","potentialAction":[{"@type":"SearchAction","target":{"@type":"EntryPoint","urlTemplate":"https:\/\/www.rijeka.hr\/it\/?s={search_term_string}"},"query-input":{"@type":"PropertyValueSpecification","valueRequired":true,"valueName":"search_term_string"}}],"inLanguage":"it-IT"}]}},"_links":{"self":[{"href":"https:\/\/www.rijeka.hr\/it\/wp-json\/wp\/v2\/pages\/5318","targetHints":{"allow":["GET"]}}],"collection":[{"href":"https:\/\/www.rijeka.hr\/it\/wp-json\/wp\/v2\/pages"}],"about":[{"href":"https:\/\/www.rijeka.hr\/it\/wp-json\/wp\/v2\/types\/page"}],"author":[{"embeddable":true,"href":"https:\/\/www.rijeka.hr\/it\/wp-json\/wp\/v2\/users\/4"}],"replies":[{"embeddable":true,"href":"https:\/\/www.rijeka.hr\/it\/wp-json\/wp\/v2\/comments?post=5318"}],"version-history":[{"count":3,"href":"https:\/\/www.rijeka.hr\/it\/wp-json\/wp\/v2\/pages\/5318\/revisions"}],"predecessor-version":[{"id":5320,"href":"https:\/\/www.rijeka.hr\/it\/wp-json\/wp\/v2\/pages\/5318\/revisions\/5320"}],"up":[{"embeddable":true,"href":"https:\/\/www.rijeka.hr\/it\/wp-json\/wp\/v2\/pages\/5338"}],"wp:attachment":[{"href":"https:\/\/www.rijeka.hr\/it\/wp-json\/wp\/v2\/media?parent=5318"}],"wp:term":[{"taxonomy":"post_tag","embeddable":true,"href":"https:\/\/www.rijeka.hr\/it\/wp-json\/wp\/v2\/tags?post=5318"}],"curies":[{"name":"wp","href":"https:\/\/api.w.org\/{rel}","templated":true}]}}