{"id":5370,"date":"2017-11-17T10:48:47","date_gmt":"2017-11-17T09:48:47","guid":{"rendered":"https:\/\/www.rijeka.hr\/it\/?page_id=5370"},"modified":"2026-01-16T15:11:26","modified_gmt":"2026-01-16T14:11:26","slug":"impressum","status":"publish","type":"page","link":"https:\/\/www.rijeka.hr\/it\/impressum\/","title":{"rendered":"Impressum"},"content":{"rendered":"<p>Citta\u2019 di Fiume Online (Grad Rijeka Online) sono le pagine Internet elaborate ed edite dalla Citta\u2019 di Fiume.<br \/>\nIl <a href=\"https:\/\/www.rijeka.hr\/it\/amministrazione-cittadina\/dipartimenti-amministrativi\/dipartimento-amministrativo-per-gli-affari-del-sindaco-del-consiglio-cittadino-e-dellautogoverno-locale\/direzione-relazioni-con-i-media\/?noredirect=it_IT\">Direzione Relazioni con i media, Comunicazione online e Progetti in materia di trasparenza dell\u2019attivit\u00e0 amministrativa<\/a>\u00a0si occupa di informare i cittadini attraverso i media come pure del contenuto e dell\u2019aspetto grafico dei siti web della Citt\u00e0 di Fiume<br \/>\nIl contenuto del sito viene aggiornato quotidianamente con le novit\u00e0 riguardanti le attivit\u00e0 dell\u2019amministrazione cittadina, delle istituzioni e delle aziende municipalizzate di propriet\u00e0 della Citt\u00e0 e con informazioni su uno spettro di eventi in citt\u00e0 pi\u00f9 ampio.<\/p>\n<p style=\"text-align: center\">Izdava\u010d: Grad Rijeka<br \/>\nAdresa: Korzo 16, 51000 Rijeka<br \/>\nISSN 1333-9613<\/p>\n<p style=\"text-align: center\"><strong>Redattrice del portale Rijeka.hr:<br \/>\n<\/strong><strong>Smiljana Radovi\u0107 Lagator<\/strong><br \/>\nT <a href=\"tel:+385%2051%20209%20563\">+385 51 209 563<\/a><br \/>\nE-mail:\u00a0<a href=\"&#x6d;&#x61;&#x69;&#108;&#116;&#111;:s&#x6d;&#x69;&#x6c;&#x6a;&#97;&#110;a&#46;&#x72;&#x61;&#x64;&#x6f;&#118;&#105;c-&#x6c;&#x61;&#x67;&#x61;&#116;&#111;&#114;&#64;r&#x69;&#x6a;&#x65;&#x6b;&#97;&#46;hr\">&#x73;&#x6d;&#x69;&#x6c;&#106;&#97;na&#46;&#x72;&#x61;&#x64;&#x6f;&#118;&#105;c-l&#x61;&#x67;&#x61;&#x74;&#111;&#114;&#64;ri&#x6a;&#x65;&#x6b;&#x61;&#46;&#104;&#114;<\/a><\/p>\n<p style=\"text-align: center\"><strong>Giornalista e fotografo per portali cittadini:<\/strong><br \/>\nNeva Fun\u010di\u0107 Milo\u0161evi\u0107<br \/>\n<span class=\"description\">T.\u00a0<\/span><a role=\"link\" href=\"tel:+385 51 209 973\">+385 51 209 566<\/a><br \/>\nE-mail:\u00a0<a role=\"link\" href=\"mailto:neva&#46;&#102;&#117;&#110;&#99;&#105;&#99;&#45;&#109;&#105;&#108;&#111;&#115;&#101;&#118;&#105;&#x63;&#x40;&#x72;&#x69;&#x6a;&#x65;&#x6b;&#x61;&#x2e;&#x68;&#x72;\">&#x6e;e&#x76;&#97;&#x2e;&#102;u&#x6e;c&#x69;&#99;&#x2d;&#109;i&#x6c;&#111;&#x73;&#101;v&#x69;c&#x40;&#114;&#x69;&#106;e&#x6b;a&#x2e;&#104;&#x72;<\/a><\/p>\n<p style=\"text-align: center\"><strong>Consulente di assistenza tecnica <\/strong><br \/>\n<strong> Goran Grudi\u0107<\/strong><br \/>\nT <a href=\"tel:+385%2051%20209%20599\">+385 51 209 599<\/a><br \/>\nT <a href=\"tel:+385%2099%202197%20973\">+385 99 2197 973<\/a><br \/>\nE-mail: <a href=\"&#x6d;&#97;i&#x6c;&#116;o&#x3a;&#103;o&#x72;&#97;n&#x2e;&#103;r&#x75;&#100;i&#x63;&#64;r&#x69;&#106;e&#x6b;&#97;&#46;&#x68;&#114;\">&#x67;&#x6f;&#x72;&#x61;&#x6e;&#x2e;&#x67;&#x72;&#117;&#100;&#105;&#99;&#64;&#114;&#105;jeka&#x2e;&#x68;&#x72;<\/a><\/p>\n<p style=\"text-align: center\"><strong>Responsabile Direzione Relazioni con i media, Comunicazione online e Progetti in materia di trasparenza dell\u2019attivit\u00e0 amministrativa\u00a0<\/strong><br \/>\nT <a href=\"tel:+385%2051%20209%20229\">+385 51 209 229<\/a><br \/>\nT <a href=\"tel:+385%2098%20459%20284\">+385 98 459 284<\/a><br \/>\nE-mail: <a href=\"&#109;&#x61;&#x69;&#108;&#x74;&#x6f;&#58;&#x6c;&#x65;&#97;&#x40;&#x72;&#105;&#x6a;&#x65;&#107;&#x61;&#x2e;&#104;&#x72;\">&#x6c;&#101;a&#x40;&#x72;&#105;j&#x65;&#x6b;&#97;&#46;&#x68;&#114;<\/a><\/p>\n","protected":false},"excerpt":{"rendered":"<p>Citta\u2019 di Fiume Online (Grad Rijeka Online) sono le pagine Internet elaborate ed edite dalla Citta\u2019 di Fiume. Il Direzione Relazioni con i media, Comunicazione online e Progetti in materia di trasparenza dell\u2019attivit\u00e0 amministrativa\u00a0si occupa di informare i cittadini attraverso i media come pure del contenuto e dell\u2019aspetto grafico dei siti web della Citt\u00e0 di&#8230;<\/p>\n","protected":false},"author":13,"featured_media":0,"parent":0,"menu_order":98,"comment_status":"closed","ping_status":"closed","template":"","meta":{"_acf_changed":false,"_trash_the_other_posts":false,"footnotes":"","_links_to":"","_links_to_target":""},"tags":[],"class_list":["post-5370","page","type-page","status-publish","hentry"],"acf":[],"yoast_head":"<!-- This site is optimized with the Yoast SEO plugin v24.4 - https:\/\/yoast.com\/wordpress\/plugins\/seo\/ -->\n<title>Impressum - Citt\u00e0 di Fiume<\/title>\n<meta name=\"robots\" content=\"index, follow, max-snippet:-1, max-image-preview:large, max-video-preview:-1\" \/>\n<link rel=\"canonical\" href=\"https:\/\/www.rijeka.hr\/it\/impressum\/\" \/>\n<meta property=\"og:locale\" content=\"it_IT\" \/>\n<meta property=\"og:type\" content=\"article\" \/>\n<meta property=\"og:title\" content=\"Impressum - Citt\u00e0 di Fiume\" \/>\n<meta property=\"og:description\" content=\"Citta\u2019 di Fiume Online (Grad Rijeka Online) sono le pagine Internet elaborate ed edite dalla Citta\u2019 di Fiume. Il Direzione Relazioni con i media, Comunicazione online e Progetti in materia di trasparenza dell\u2019attivit\u00e0 amministrativa\u00a0si occupa di informare i cittadini attraverso i media come pure del contenuto e dell\u2019aspetto grafico dei siti web della Citt\u00e0 di...\" \/>\n<meta property=\"og:url\" content=\"https:\/\/www.rijeka.hr\/it\/impressum\/\" \/>\n<meta property=\"og:site_name\" content=\"Citt\u00e0 di Fiume\" \/>\n<meta property=\"article:modified_time\" content=\"2026-01-16T14:11:26+00:00\" \/>\n<meta name=\"twitter:card\" content=\"summary_large_image\" \/>\n<meta name=\"twitter:label1\" content=\"Est. reading time\" \/>\n\t<meta name=\"twitter:data1\" content=\"1 minute\" \/>\n<script type=\"application\/ld+json\" class=\"yoast-schema-graph\">{\"@context\":\"https:\/\/schema.org\",\"@graph\":[{\"@type\":\"WebPage\",\"@id\":\"https:\/\/www.rijeka.hr\/it\/impressum\/\",\"url\":\"https:\/\/www.rijeka.hr\/it\/impressum\/\",\"name\":\"Impressum - Citt\u00e0 di Fiume\",\"isPartOf\":{\"@id\":\"https:\/\/www.rijeka.hr\/it\/#website\"},\"datePublished\":\"2017-11-17T09:48:47+00:00\",\"dateModified\":\"2026-01-16T14:11:26+00:00\",\"breadcrumb\":{\"@id\":\"https:\/\/www.rijeka.hr\/it\/impressum\/#breadcrumb\"},\"inLanguage\":\"it-IT\",\"potentialAction\":[{\"@type\":\"ReadAction\",\"target\":[\"https:\/\/www.rijeka.hr\/it\/impressum\/\"]}]},{\"@type\":\"BreadcrumbList\",\"@id\":\"https:\/\/www.rijeka.hr\/it\/impressum\/#breadcrumb\",\"itemListElement\":[{\"@type\":\"ListItem\",\"position\":1,\"name\":\"Po\u010detna stranica\",\"item\":\"https:\/\/www.rijeka.hr\/it\/\"},{\"@type\":\"ListItem\",\"position\":2,\"name\":\"Impressum\"}]},{\"@type\":\"WebSite\",\"@id\":\"https:\/\/www.rijeka.hr\/it\/#website\",\"url\":\"https:\/\/www.rijeka.hr\/it\/\",\"name\":\"Citt\u00e0 di Fiume\",\"description\":\"Portale web della Citta&#039; di Fiume\",\"potentialAction\":[{\"@type\":\"SearchAction\",\"target\":{\"@type\":\"EntryPoint\",\"urlTemplate\":\"https:\/\/www.rijeka.hr\/it\/?s={search_term_string}\"},\"query-input\":{\"@type\":\"PropertyValueSpecification\",\"valueRequired\":true,\"valueName\":\"search_term_string\"}}],\"inLanguage\":\"it-IT\"}]}<\/script>\n<!-- \/ Yoast SEO plugin. -->","yoast_head_json":{"title":"Impressum - Citt\u00e0 di Fiume","robots":{"index":"index","follow":"follow","max-snippet":"max-snippet:-1","max-image-preview":"max-image-preview:large","max-video-preview":"max-video-preview:-1"},"canonical":"https:\/\/www.rijeka.hr\/it\/impressum\/","og_locale":"it_IT","og_type":"article","og_title":"Impressum - Citt\u00e0 di Fiume","og_description":"Citta\u2019 di Fiume Online (Grad Rijeka Online) sono le pagine Internet elaborate ed edite dalla Citta\u2019 di Fiume. Il Direzione Relazioni con i media, Comunicazione online e Progetti in materia di trasparenza dell\u2019attivit\u00e0 amministrativa\u00a0si occupa di informare i cittadini attraverso i media come pure del contenuto e dell\u2019aspetto grafico dei siti web della Citt\u00e0 di...","og_url":"https:\/\/www.rijeka.hr\/it\/impressum\/","og_site_name":"Citt\u00e0 di Fiume","article_modified_time":"2026-01-16T14:11:26+00:00","twitter_card":"summary_large_image","twitter_misc":{"Est. reading time":"1 minute"},"schema":{"@context":"https:\/\/schema.org","@graph":[{"@type":"WebPage","@id":"https:\/\/www.rijeka.hr\/it\/impressum\/","url":"https:\/\/www.rijeka.hr\/it\/impressum\/","name":"Impressum - Citt\u00e0 di Fiume","isPartOf":{"@id":"https:\/\/www.rijeka.hr\/it\/#website"},"datePublished":"2017-11-17T09:48:47+00:00","dateModified":"2026-01-16T14:11:26+00:00","breadcrumb":{"@id":"https:\/\/www.rijeka.hr\/it\/impressum\/#breadcrumb"},"inLanguage":"it-IT","potentialAction":[{"@type":"ReadAction","target":["https:\/\/www.rijeka.hr\/it\/impressum\/"]}]},{"@type":"BreadcrumbList","@id":"https:\/\/www.rijeka.hr\/it\/impressum\/#breadcrumb","itemListElement":[{"@type":"ListItem","position":1,"name":"Po\u010detna stranica","item":"https:\/\/www.rijeka.hr\/it\/"},{"@type":"ListItem","position":2,"name":"Impressum"}]},{"@type":"WebSite","@id":"https:\/\/www.rijeka.hr\/it\/#website","url":"https:\/\/www.rijeka.hr\/it\/","name":"Citt\u00e0 di Fiume","description":"Portale web della Citta&#039; di Fiume","potentialAction":[{"@type":"SearchAction","target":{"@type":"EntryPoint","urlTemplate":"https:\/\/www.rijeka.hr\/it\/?s={search_term_string}"},"query-input":{"@type":"PropertyValueSpecification","valueRequired":true,"valueName":"search_term_string"}}],"inLanguage":"it-IT"}]}},"_links":{"self":[{"href":"https:\/\/www.rijeka.hr\/it\/wp-json\/wp\/v2\/pages\/5370","targetHints":{"allow":["GET"]}}],"collection":[{"href":"https:\/\/www.rijeka.hr\/it\/wp-json\/wp\/v2\/pages"}],"about":[{"href":"https:\/\/www.rijeka.hr\/it\/wp-json\/wp\/v2\/types\/page"}],"author":[{"embeddable":true,"href":"https:\/\/www.rijeka.hr\/it\/wp-json\/wp\/v2\/users\/13"}],"replies":[{"embeddable":true,"href":"https:\/\/www.rijeka.hr\/it\/wp-json\/wp\/v2\/comments?post=5370"}],"version-history":[{"count":5,"href":"https:\/\/www.rijeka.hr\/it\/wp-json\/wp\/v2\/pages\/5370\/revisions"}],"predecessor-version":[{"id":20154,"href":"https:\/\/www.rijeka.hr\/it\/wp-json\/wp\/v2\/pages\/5370\/revisions\/20154"}],"wp:attachment":[{"href":"https:\/\/www.rijeka.hr\/it\/wp-json\/wp\/v2\/media?parent=5370"}],"wp:term":[{"taxonomy":"post_tag","embeddable":true,"href":"https:\/\/www.rijeka.hr\/it\/wp-json\/wp\/v2\/tags?post=5370"}],"curies":[{"name":"wp","href":"https:\/\/api.w.org\/{rel}","templated":true}]}}