{"id":548,"date":"2016-08-01T09:44:53","date_gmt":"2016-08-01T07:44:53","guid":{"rendered":"https:\/\/www.rijeka.hr\/it\/?page_id=548"},"modified":"2024-05-24T14:54:26","modified_gmt":"2024-05-24T12:54:26","slug":"rimborso-delle-spese-per-la-sistemazione-e-cure-mediche-allospedale-psichiatrico-di-lopaca","status":"publish","type":"page","link":"https:\/\/www.rijeka.hr\/it\/temi-per-i-cittadini\/famiglia-e-assistenza-sociale\/previdenza-sociale\/rimborso-delle-spese-e-sussidi\/rimborso-delle-spese\/rimborso-delle-spese-per-la-sistemazione-e-cure-mediche-allospedale-psichiatrico-di-lopaca\/","title":{"rendered":"Rimborso delle spese per la sistemazione e cure mediche all\u2019Ospedale psichiatrico di Lopa\u010da"},"content":{"rendered":"<p>La Citt\u00e0 di Fiume rimborsa parzialmente e interamente le spese per la sistemazione e cure mediche all\u2019Ospedale psichiatrico di Lopa\u010da ai cittadini per il tempo necessario.<\/p>\n<p>I beneficiari di quest\u2019assistenza che percepiscono redditi mensili regolari, sono tenuti a partecipare al rimborso delle spese. Il beneficiario che vive da solo partecipa al rimborso delle spese pari al 80% del reddito mensile, il beneficiario che ha famiglia con la quale vive insieme nel nucleo familiare pari al 40% del reddito mensile, mentre il beneficiario che ha famiglia con la quale vive insieme nel nucleo familiare e che viene mantenuta esclusivamente dal suo reddito, nell\u2019importo di 20% del reddito mensile. L\u2019importo del sussidio viene determinato ogni anno con la conclusione presa dal sindaco della Citt\u00e0 di Fiume.<\/p>\n<h2>Chi pu\u00f2 ricevere assistenza?<\/h2>\n<p>Persone che secondo il referto medico e l&#8217;opinione dello psichiatra hanno bisogno di cure mediche, e oltre a questo, ottengono il diritto all\u2019assegno di invalidit\u00e0 oppure all\u2019assegno di assistenza e cura presso Centro per la previdenza sociale di Fiume oppure membri del nucleo familiare che ottiene il garantito minimo compenso presso il Centro per la previdenza sociale di Fiume oppure il nucleo familiare il cui reddito mensile medio negli ultimi tre mesi \u00e8 stato inferiore al <strong>limite di reddito<\/strong> determinato dalla Citt\u00e0 di Fiume per ogni componente del nucleo familiare (il limite per il singolo ammonta a 2875 kune, per il nucleo familiare composto da due membri fino a 3625 kune, per il nucleo familiare composto da tre membri fino a 4875 kune, per quello composto da quattro membri fino a 6250 kune, e se il nucleo familiare \u00e8 composto da pi\u00f9 di quattro membri il limite aumenta di 875 kune per ogni ulteriore membro.)<\/p>\n<p>Una condizione aggiuntiva per la realizzazione di questo diritto: la persona non deve possedere un bene immobile di (com)propriet\u00e0 oltre a quello che serve per abitare (secondo bene immobile).<\/p>\n<h2>Come ottenere assistenza?<\/h2>\n<p>La domanda per ottenere questo diritto si presenta nella sala sportelli della Citt\u00e0 di Fiume, Piazza Tito 3, sportello nr. 1, ogni giorno lavorativo dalle 8:30 alle 15:30<\/p>\n<p>Nel corso del processo per il riconoscimento o la realizzazione del diritto i fatti e le circostanze possono essere modificate (ad esempio pu\u00f2 cambiare il numero dei familiari, l\u2019indirizzo), e il domandante oppure il beneficiario ha l\u2019obbligo di inoltrare la notifica al Dipartimento per la sanit\u00e0 e la previdenza sociale.<\/p>\n<p>Attraverso l\u2019applicazione e-consulente nell\u2019ambito del Programma sociale della Citt\u00e0 di Fiume, i cittadini possono venir a sapere se possono diventare beneficiari di questo tipo di assistenza e come realizzarla<\/p>\n\n    <div class=\"featured-links\">\n\n        <ul>\n                                                <li class=\"type-url\"><a href=\"https:\/\/e-usluge3.rijeka.hr\/apex\/f?p=101:2:0::NO::: \">e-Consulente nell\u2019ambito del Programma sociale della Citt\u00e0 di Fiume<\/a><\/li>\n                                                                <li class=\"type-url\"><a href=\"http:\/\/gov.rijeka.hr\/zahtjevi-i-obrasci\/zdravstvo-i-socijalna-skrb\/podmirenje-troskova-smjestaja-i-lijecenja-u-psihijatrijskoj-bolnici-lopaca\/113\"> Domanda per il rimborso delle spese di cure mediche all\u2019OP di Lopa\u010da <\/a><\/li>\n                                                                                                                                                                                                                                                                                                                                                                                                                <\/ul>\n \n    <\/div>\n\n    \n","protected":false},"excerpt":{"rendered":"<p>La Citt\u00e0 di Fiume rimborsa parzialmente e interamente le spese per la sistemazione e cure mediche all\u2019Ospedale psichiatrico di Lopa\u010da ai cittadini per il tempo necessario. I beneficiari di quest\u2019assistenza che percepiscono redditi mensili regolari, sono tenuti a partecipare al rimborso delle spese. Il beneficiario che vive da solo partecipa al rimborso delle spese pari&#8230;<\/p>\n","protected":false},"author":6,"featured_media":0,"parent":490,"menu_order":0,"comment_status":"closed","ping_status":"closed","template":"","meta":{"_acf_changed":false,"_trash_the_other_posts":false,"footnotes":"","_links_to":"","_links_to_target":""},"tags":[],"class_list":["post-548","page","type-page","status-publish","hentry"],"acf":[],"yoast_head":"<!-- This site is optimized with the Yoast SEO plugin v24.4 - https:\/\/yoast.com\/wordpress\/plugins\/seo\/ -->\n<title>Rimborso delle spese per la sistemazione e cure mediche all\u2019Ospedale psichiatrico di Lopa\u010da - Citt\u00e0 di Fiume<\/title>\n<meta name=\"robots\" content=\"index, follow, max-snippet:-1, max-image-preview:large, max-video-preview:-1\" \/>\n<link rel=\"canonical\" href=\"https:\/\/www.rijeka.hr\/it\/temi-per-i-cittadini\/famiglia-e-assistenza-sociale\/previdenza-sociale\/rimborso-delle-spese-e-sussidi\/rimborso-delle-spese\/rimborso-delle-spese-per-la-sistemazione-e-cure-mediche-allospedale-psichiatrico-di-lopaca\/\" \/>\n<meta property=\"og:locale\" content=\"it_IT\" \/>\n<meta property=\"og:type\" content=\"article\" \/>\n<meta property=\"og:title\" content=\"Rimborso delle spese per la sistemazione e cure mediche all\u2019Ospedale psichiatrico di Lopa\u010da - Citt\u00e0 di Fiume\" \/>\n<meta property=\"og:description\" content=\"La Citt\u00e0 di Fiume rimborsa parzialmente e interamente le spese per la sistemazione e cure mediche all\u2019Ospedale psichiatrico di Lopa\u010da ai cittadini per il tempo necessario. I beneficiari di quest\u2019assistenza che percepiscono redditi mensili regolari, sono tenuti a partecipare al rimborso delle spese. Il beneficiario che vive da solo partecipa al rimborso delle spese pari...\" \/>\n<meta property=\"og:url\" content=\"https:\/\/www.rijeka.hr\/it\/temi-per-i-cittadini\/famiglia-e-assistenza-sociale\/previdenza-sociale\/rimborso-delle-spese-e-sussidi\/rimborso-delle-spese\/rimborso-delle-spese-per-la-sistemazione-e-cure-mediche-allospedale-psichiatrico-di-lopaca\/\" \/>\n<meta property=\"og:site_name\" content=\"Citt\u00e0 di Fiume\" \/>\n<meta property=\"article:modified_time\" content=\"2024-05-24T12:54:26+00:00\" \/>\n<meta name=\"twitter:card\" content=\"summary_large_image\" \/>\n<meta name=\"twitter:label1\" content=\"Est. reading time\" \/>\n\t<meta name=\"twitter:data1\" content=\"2 minutes\" \/>\n<script type=\"application\/ld+json\" class=\"yoast-schema-graph\">{\"@context\":\"https:\/\/schema.org\",\"@graph\":[{\"@type\":\"WebPage\",\"@id\":\"https:\/\/www.rijeka.hr\/it\/temi-per-i-cittadini\/famiglia-e-assistenza-sociale\/previdenza-sociale\/rimborso-delle-spese-e-sussidi\/rimborso-delle-spese\/rimborso-delle-spese-per-la-sistemazione-e-cure-mediche-allospedale-psichiatrico-di-lopaca\/\",\"url\":\"https:\/\/www.rijeka.hr\/it\/temi-per-i-cittadini\/famiglia-e-assistenza-sociale\/previdenza-sociale\/rimborso-delle-spese-e-sussidi\/rimborso-delle-spese\/rimborso-delle-spese-per-la-sistemazione-e-cure-mediche-allospedale-psichiatrico-di-lopaca\/\",\"name\":\"Rimborso delle spese per la sistemazione e cure mediche all\u2019Ospedale psichiatrico di Lopa\u010da - Citt\u00e0 di Fiume\",\"isPartOf\":{\"@id\":\"https:\/\/www.rijeka.hr\/it\/#website\"},\"datePublished\":\"2016-08-01T07:44:53+00:00\",\"dateModified\":\"2024-05-24T12:54:26+00:00\",\"breadcrumb\":{\"@id\":\"https:\/\/www.rijeka.hr\/it\/temi-per-i-cittadini\/famiglia-e-assistenza-sociale\/previdenza-sociale\/rimborso-delle-spese-e-sussidi\/rimborso-delle-spese\/rimborso-delle-spese-per-la-sistemazione-e-cure-mediche-allospedale-psichiatrico-di-lopaca\/#breadcrumb\"},\"inLanguage\":\"it-IT\",\"potentialAction\":[{\"@type\":\"ReadAction\",\"target\":[\"https:\/\/www.rijeka.hr\/it\/temi-per-i-cittadini\/famiglia-e-assistenza-sociale\/previdenza-sociale\/rimborso-delle-spese-e-sussidi\/rimborso-delle-spese\/rimborso-delle-spese-per-la-sistemazione-e-cure-mediche-allospedale-psichiatrico-di-lopaca\/\"]}]},{\"@type\":\"BreadcrumbList\",\"@id\":\"https:\/\/www.rijeka.hr\/it\/temi-per-i-cittadini\/famiglia-e-assistenza-sociale\/previdenza-sociale\/rimborso-delle-spese-e-sussidi\/rimborso-delle-spese\/rimborso-delle-spese-per-la-sistemazione-e-cure-mediche-allospedale-psichiatrico-di-lopaca\/#breadcrumb\",\"itemListElement\":[{\"@type\":\"ListItem\",\"position\":1,\"name\":\"Po\u010detna stranica\",\"item\":\"https:\/\/www.rijeka.hr\/it\/\"},{\"@type\":\"ListItem\",\"position\":2,\"name\":\"Temi per i cittadini\",\"item\":\"https:\/\/www.rijeka.hr\/it\/temi-per-i-cittadini\/\"},{\"@type\":\"ListItem\",\"position\":3,\"name\":\"Famiglia e previdenza sociale\",\"item\":\"https:\/\/www.rijeka.hr\/it\/temi-per-i-cittadini\/famiglia-e-assistenza-sociale\/\"},{\"@type\":\"ListItem\",\"position\":4,\"name\":\"Previdenza sociale\",\"item\":\"https:\/\/www.rijeka.hr\/it\/temi-per-i-cittadini\/famiglia-e-assistenza-sociale\/previdenza-sociale\/\"},{\"@type\":\"ListItem\",\"position\":5,\"name\":\"Rimborso delle spese e sussidi\",\"item\":\"https:\/\/www.rijeka.hr\/it\/temi-per-i-cittadini\/famiglia-e-assistenza-sociale\/previdenza-sociale\/rimborso-delle-spese-e-sussidi\/\"},{\"@type\":\"ListItem\",\"position\":6,\"name\":\"Rimborso delle spese\",\"item\":\"https:\/\/www.rijeka.hr\/it\/temi-per-i-cittadini\/famiglia-e-assistenza-sociale\/previdenza-sociale\/rimborso-delle-spese-e-sussidi\/rimborso-delle-spese\/\"},{\"@type\":\"ListItem\",\"position\":7,\"name\":\"Rimborso delle spese per la sistemazione e cure mediche all\u2019Ospedale psichiatrico di Lopa\u010da\"}]},{\"@type\":\"WebSite\",\"@id\":\"https:\/\/www.rijeka.hr\/it\/#website\",\"url\":\"https:\/\/www.rijeka.hr\/it\/\",\"name\":\"Citt\u00e0 di Fiume\",\"description\":\"Portale web della Citta&#039; di Fiume\",\"potentialAction\":[{\"@type\":\"SearchAction\",\"target\":{\"@type\":\"EntryPoint\",\"urlTemplate\":\"https:\/\/www.rijeka.hr\/it\/?s={search_term_string}\"},\"query-input\":{\"@type\":\"PropertyValueSpecification\",\"valueRequired\":true,\"valueName\":\"search_term_string\"}}],\"inLanguage\":\"it-IT\"}]}<\/script>\n<!-- \/ Yoast SEO plugin. -->","yoast_head_json":{"title":"Rimborso delle spese per la sistemazione e cure mediche all\u2019Ospedale psichiatrico di Lopa\u010da - Citt\u00e0 di Fiume","robots":{"index":"index","follow":"follow","max-snippet":"max-snippet:-1","max-image-preview":"max-image-preview:large","max-video-preview":"max-video-preview:-1"},"canonical":"https:\/\/www.rijeka.hr\/it\/temi-per-i-cittadini\/famiglia-e-assistenza-sociale\/previdenza-sociale\/rimborso-delle-spese-e-sussidi\/rimborso-delle-spese\/rimborso-delle-spese-per-la-sistemazione-e-cure-mediche-allospedale-psichiatrico-di-lopaca\/","og_locale":"it_IT","og_type":"article","og_title":"Rimborso delle spese per la sistemazione e cure mediche all\u2019Ospedale psichiatrico di Lopa\u010da - Citt\u00e0 di Fiume","og_description":"La Citt\u00e0 di Fiume rimborsa parzialmente e interamente le spese per la sistemazione e cure mediche all\u2019Ospedale psichiatrico di Lopa\u010da ai cittadini per il tempo necessario. I beneficiari di quest\u2019assistenza che percepiscono redditi mensili regolari, sono tenuti a partecipare al rimborso delle spese. Il beneficiario che vive da solo partecipa al rimborso delle spese pari...","og_url":"https:\/\/www.rijeka.hr\/it\/temi-per-i-cittadini\/famiglia-e-assistenza-sociale\/previdenza-sociale\/rimborso-delle-spese-e-sussidi\/rimborso-delle-spese\/rimborso-delle-spese-per-la-sistemazione-e-cure-mediche-allospedale-psichiatrico-di-lopaca\/","og_site_name":"Citt\u00e0 di Fiume","article_modified_time":"2024-05-24T12:54:26+00:00","twitter_card":"summary_large_image","twitter_misc":{"Est. reading time":"2 minutes"},"schema":{"@context":"https:\/\/schema.org","@graph":[{"@type":"WebPage","@id":"https:\/\/www.rijeka.hr\/it\/temi-per-i-cittadini\/famiglia-e-assistenza-sociale\/previdenza-sociale\/rimborso-delle-spese-e-sussidi\/rimborso-delle-spese\/rimborso-delle-spese-per-la-sistemazione-e-cure-mediche-allospedale-psichiatrico-di-lopaca\/","url":"https:\/\/www.rijeka.hr\/it\/temi-per-i-cittadini\/famiglia-e-assistenza-sociale\/previdenza-sociale\/rimborso-delle-spese-e-sussidi\/rimborso-delle-spese\/rimborso-delle-spese-per-la-sistemazione-e-cure-mediche-allospedale-psichiatrico-di-lopaca\/","name":"Rimborso delle spese per la sistemazione e cure mediche all\u2019Ospedale psichiatrico di Lopa\u010da - Citt\u00e0 di Fiume","isPartOf":{"@id":"https:\/\/www.rijeka.hr\/it\/#website"},"datePublished":"2016-08-01T07:44:53+00:00","dateModified":"2024-05-24T12:54:26+00:00","breadcrumb":{"@id":"https:\/\/www.rijeka.hr\/it\/temi-per-i-cittadini\/famiglia-e-assistenza-sociale\/previdenza-sociale\/rimborso-delle-spese-e-sussidi\/rimborso-delle-spese\/rimborso-delle-spese-per-la-sistemazione-e-cure-mediche-allospedale-psichiatrico-di-lopaca\/#breadcrumb"},"inLanguage":"it-IT","potentialAction":[{"@type":"ReadAction","target":["https:\/\/www.rijeka.hr\/it\/temi-per-i-cittadini\/famiglia-e-assistenza-sociale\/previdenza-sociale\/rimborso-delle-spese-e-sussidi\/rimborso-delle-spese\/rimborso-delle-spese-per-la-sistemazione-e-cure-mediche-allospedale-psichiatrico-di-lopaca\/"]}]},{"@type":"BreadcrumbList","@id":"https:\/\/www.rijeka.hr\/it\/temi-per-i-cittadini\/famiglia-e-assistenza-sociale\/previdenza-sociale\/rimborso-delle-spese-e-sussidi\/rimborso-delle-spese\/rimborso-delle-spese-per-la-sistemazione-e-cure-mediche-allospedale-psichiatrico-di-lopaca\/#breadcrumb","itemListElement":[{"@type":"ListItem","position":1,"name":"Po\u010detna stranica","item":"https:\/\/www.rijeka.hr\/it\/"},{"@type":"ListItem","position":2,"name":"Temi per i cittadini","item":"https:\/\/www.rijeka.hr\/it\/temi-per-i-cittadini\/"},{"@type":"ListItem","position":3,"name":"Famiglia e previdenza sociale","item":"https:\/\/www.rijeka.hr\/it\/temi-per-i-cittadini\/famiglia-e-assistenza-sociale\/"},{"@type":"ListItem","position":4,"name":"Previdenza sociale","item":"https:\/\/www.rijeka.hr\/it\/temi-per-i-cittadini\/famiglia-e-assistenza-sociale\/previdenza-sociale\/"},{"@type":"ListItem","position":5,"name":"Rimborso delle spese e sussidi","item":"https:\/\/www.rijeka.hr\/it\/temi-per-i-cittadini\/famiglia-e-assistenza-sociale\/previdenza-sociale\/rimborso-delle-spese-e-sussidi\/"},{"@type":"ListItem","position":6,"name":"Rimborso delle spese","item":"https:\/\/www.rijeka.hr\/it\/temi-per-i-cittadini\/famiglia-e-assistenza-sociale\/previdenza-sociale\/rimborso-delle-spese-e-sussidi\/rimborso-delle-spese\/"},{"@type":"ListItem","position":7,"name":"Rimborso delle spese per la sistemazione e cure mediche all\u2019Ospedale psichiatrico di Lopa\u010da"}]},{"@type":"WebSite","@id":"https:\/\/www.rijeka.hr\/it\/#website","url":"https:\/\/www.rijeka.hr\/it\/","name":"Citt\u00e0 di Fiume","description":"Portale web della Citta&#039; di Fiume","potentialAction":[{"@type":"SearchAction","target":{"@type":"EntryPoint","urlTemplate":"https:\/\/www.rijeka.hr\/it\/?s={search_term_string}"},"query-input":{"@type":"PropertyValueSpecification","valueRequired":true,"valueName":"search_term_string"}}],"inLanguage":"it-IT"}]}},"_links":{"self":[{"href":"https:\/\/www.rijeka.hr\/it\/wp-json\/wp\/v2\/pages\/548","targetHints":{"allow":["GET"]}}],"collection":[{"href":"https:\/\/www.rijeka.hr\/it\/wp-json\/wp\/v2\/pages"}],"about":[{"href":"https:\/\/www.rijeka.hr\/it\/wp-json\/wp\/v2\/types\/page"}],"author":[{"embeddable":true,"href":"https:\/\/www.rijeka.hr\/it\/wp-json\/wp\/v2\/users\/6"}],"replies":[{"embeddable":true,"href":"https:\/\/www.rijeka.hr\/it\/wp-json\/wp\/v2\/comments?post=548"}],"version-history":[{"count":12,"href":"https:\/\/www.rijeka.hr\/it\/wp-json\/wp\/v2\/pages\/548\/revisions"}],"predecessor-version":[{"id":10313,"href":"https:\/\/www.rijeka.hr\/it\/wp-json\/wp\/v2\/pages\/548\/revisions\/10313"}],"up":[{"embeddable":true,"href":"https:\/\/www.rijeka.hr\/it\/wp-json\/wp\/v2\/pages\/490"}],"wp:attachment":[{"href":"https:\/\/www.rijeka.hr\/it\/wp-json\/wp\/v2\/media?parent=548"}],"wp:term":[{"taxonomy":"post_tag","embeddable":true,"href":"https:\/\/www.rijeka.hr\/it\/wp-json\/wp\/v2\/tags?post=548"}],"curies":[{"name":"wp","href":"https:\/\/api.w.org\/{rel}","templated":true}]}}