{"id":5577,"date":"2017-12-06T10:13:59","date_gmt":"2017-12-06T09:13:59","guid":{"rendered":"https:\/\/www.rijeka.hr\/it\/?page_id=5577"},"modified":"2024-01-15T10:55:16","modified_gmt":"2024-01-15T09:55:16","slug":"installazione-temporanea-di-oggetti-e-di-mezzi-pubblicitari","status":"publish","type":"page","link":"https:\/\/www.rijeka.hr\/it\/temi-per-i-cittadini\/affari-e-investimenti\/vani-daffari-2\/installazione-temporanea-di-oggetti-e-di-mezzi-pubblicitari\/","title":{"rendered":"Installazione di oggetti provvisori e di mezzi pubblicitari"},"content":{"rendered":"<p>Le condizioni e le modalit\u00e0 di utilizzo e di uso temporaneo delle aree pubbliche, degli immobili e dei terreni di propriet\u00e0 della Citt\u00e0 di Fiume a fini economici e di altro tipo per l&#8217;installazione di oggetti provvisori e dispositivi pubblicitari e altre attrezzature e dispositivi sono disciplinati dalla Decisione sulla messa a disposizione di aree pubbliche e immobili di propriet\u00e0 della Citt\u00e0 di Fiume per l&#8217;installazione di oggetti provvisori e dispositivi pubblicitari e altre attrezzature e dispositivi (Gazzetta ufficiale della Citt\u00e0 di Fiume n. 7\/19).<\/p>\n<p>Con il termine oggetti provvisori s\u2019intendono edicole, strutture di montaggio, dispositivi mobili, bancarelle, recinti e terrazze di ristoranti ecc.<\/p>\n<h3>Il modo di utilizzare le aree pubbliche<\/h3>\n<p>I beni immobili da essere utilizzarti per l&#8217;installazione di oggetti provvisori e mezzi pubblicitari vengono forniti a seguito della gara di appalto pubblico.<br \/>\nEccezionalmente, la Citt\u00e0 di Fiume pu\u00f2 approvare l&#8217;uso temporaneo di beni immobili per l&#8217;installazione di oggetti provvisori e mezzi pubblicitari durante l&#8217;organizzazione di manifestazioni festive, occasionali e pubbliche, con carattere sportivo, culturale, tecnico, politico, attivistico, umanitario, ecologico, educativo e simile, dove l&#8217;uso temporaneo di un bene immobile produce reddito in conformit\u00e0 alle regole commerciali.<\/p>\n<h3>Tributi e compensi<\/h3>\n<p>Il tasso commissionale per l&#8217;utilizzo di beni immobili \u00e8 fissato in base alla zona e allo scopo per cui i beni immobili sono resi disponibili. I beni immobili disponibili sono classificati in zone.<\/p>\n\n    <div class=\"featured-pages\">\n\n        <ul>\n                            <li><a href=\"https:\/\/www.rijeka.hr\/it\/temi-per-i-cittadini\/affari-e-investimenti\/imposte-e-indennizzi-2\/indennizzi-della-citta-di-fiume\/indennizzo-comunale\/\">Indennizzo comunale<\/a><\/li>\n                    <\/ul>\n \n    <\/div>\n\n    \n<p>L&#8217;uso temporaneo di beni immobili e \/ o mobili allo scopo di organizzare attivit\u00e0 aventi carattere sportivo, culturale, tecnico, umanitario, ecologico, educativo e simile, che sono sponsorizzate dalla Citt\u00e0 o che sono rilevanti per la Citt\u00e0, \u00e8 gratuito.<\/p>\n\n    <div class=\"featured-links\">\n\n        <ul>\n                                                <li class=\"type-url\"><a href=\"http:\/\/gov.rijeka.hr\/zahtjevi-i-obrasci\/komunalna-djelatnost-i-prijava-komunalnog-nereda\/koristenje-javnih-povrsina\/postavljanje-privremenih-objekata-i-reklamnih-predmeta\/165\">\u2022 Richiesta perl&#039;installazione di oggetti provvisori e mezzi pubblicitari<\/a><\/li>\n                                                                                                                                                                                                                                                                                                                                                                                                                                            <\/ul>\n \n    <\/div>\n\n    \n<h3>Localit\u00e0 per l&#8217;installazione di oggetti e dispositivi provvisori<\/h3>\n<p>Le localit\u00e0 per l&#8217;installazione di oggetti e dispositivi provvisori sono determinate nel Piano delle localit\u00e0.<br \/>\nLa Commissione responsabile dell&#8217;installazione di oggetti e dispositivi provvisori concede il proprio consenso all&#8217;installazione di oggetti e dispositivi provvisori, ai sensi del Regolamento sulle condizioni di installazione di oggetti e dispositivi provvisori (Gazzetta ufficiale della Regione littoraneo montana n. 1\/07, 54\/08).<\/p>\n\n    <div class=\"featured-links\">\n\n        <ul>\n                                                <li class=\"type-url\"><a href=\"http:\/\/gov.rijeka.hr\/zahtjevi-i-obrasci\/urbanizam-ekologija-i-gospodarenje-zemljistem\/utvrdjivanje-lokacije-predmeta-privremenih-objekata-ili-povrsina\/471\">\u2022 Richiesta per l\u2019identificazione di una localit\u00e0 per l&#039;installazione di oggetti e dispositivi temporanei<\/a><\/li>\n                                                                                                                                                                                                                                                                                                                                                                                                                                            <\/ul>\n \n    <\/div>\n\n    \n","protected":false},"excerpt":{"rendered":"<p>Le condizioni e le modalit\u00e0 di utilizzo e di uso temporaneo delle aree pubbliche, degli immobili e dei terreni di propriet\u00e0 della Citt\u00e0 di Fiume a fini economici e di altro tipo per l&#8217;installazione di oggetti provvisori e dispositivi pubblicitari e altre attrezzature e dispositivi sono disciplinati dalla Decisione sulla messa a disposizione di aree&#8230;<\/p>\n","protected":false},"author":12,"featured_media":0,"parent":1409,"menu_order":0,"comment_status":"closed","ping_status":"closed","template":"","meta":{"_acf_changed":false,"_trash_the_other_posts":false,"footnotes":"","_links_to":"","_links_to_target":""},"tags":[],"class_list":["post-5577","page","type-page","status-publish","hentry"],"acf":[],"yoast_head":"<!-- This site is optimized with the Yoast SEO plugin v24.4 - https:\/\/yoast.com\/wordpress\/plugins\/seo\/ -->\n<title>Installazione di oggetti provvisori e di mezzi pubblicitari - Citt\u00e0 di Fiume<\/title>\n<meta name=\"robots\" content=\"index, follow, max-snippet:-1, max-image-preview:large, max-video-preview:-1\" \/>\n<link rel=\"canonical\" href=\"https:\/\/www.rijeka.hr\/it\/temi-per-i-cittadini\/affari-e-investimenti\/vani-daffari-2\/installazione-temporanea-di-oggetti-e-di-mezzi-pubblicitari\/\" \/>\n<meta property=\"og:locale\" content=\"it_IT\" \/>\n<meta property=\"og:type\" content=\"article\" \/>\n<meta property=\"og:title\" content=\"Installazione di oggetti provvisori e di mezzi pubblicitari - Citt\u00e0 di Fiume\" \/>\n<meta property=\"og:description\" content=\"Le condizioni e le modalit\u00e0 di utilizzo e di uso temporaneo delle aree pubbliche, degli immobili e dei terreni di propriet\u00e0 della Citt\u00e0 di Fiume a fini economici e di altro tipo per l&#8217;installazione di oggetti provvisori e dispositivi pubblicitari e altre attrezzature e dispositivi sono disciplinati dalla Decisione sulla messa a disposizione di aree...\" \/>\n<meta property=\"og:url\" content=\"https:\/\/www.rijeka.hr\/it\/temi-per-i-cittadini\/affari-e-investimenti\/vani-daffari-2\/installazione-temporanea-di-oggetti-e-di-mezzi-pubblicitari\/\" \/>\n<meta property=\"og:site_name\" content=\"Citt\u00e0 di Fiume\" \/>\n<meta property=\"article:modified_time\" content=\"2024-01-15T09:55:16+00:00\" \/>\n<meta name=\"twitter:card\" content=\"summary_large_image\" \/>\n<meta name=\"twitter:label1\" content=\"Est. reading time\" \/>\n\t<meta name=\"twitter:data1\" content=\"2 minutes\" \/>\n<script type=\"application\/ld+json\" class=\"yoast-schema-graph\">{\"@context\":\"https:\/\/schema.org\",\"@graph\":[{\"@type\":\"WebPage\",\"@id\":\"https:\/\/www.rijeka.hr\/it\/temi-per-i-cittadini\/affari-e-investimenti\/vani-daffari-2\/installazione-temporanea-di-oggetti-e-di-mezzi-pubblicitari\/\",\"url\":\"https:\/\/www.rijeka.hr\/it\/temi-per-i-cittadini\/affari-e-investimenti\/vani-daffari-2\/installazione-temporanea-di-oggetti-e-di-mezzi-pubblicitari\/\",\"name\":\"Installazione di oggetti provvisori e di mezzi pubblicitari - Citt\u00e0 di Fiume\",\"isPartOf\":{\"@id\":\"https:\/\/www.rijeka.hr\/it\/#website\"},\"datePublished\":\"2017-12-06T09:13:59+00:00\",\"dateModified\":\"2024-01-15T09:55:16+00:00\",\"breadcrumb\":{\"@id\":\"https:\/\/www.rijeka.hr\/it\/temi-per-i-cittadini\/affari-e-investimenti\/vani-daffari-2\/installazione-temporanea-di-oggetti-e-di-mezzi-pubblicitari\/#breadcrumb\"},\"inLanguage\":\"it-IT\",\"potentialAction\":[{\"@type\":\"ReadAction\",\"target\":[\"https:\/\/www.rijeka.hr\/it\/temi-per-i-cittadini\/affari-e-investimenti\/vani-daffari-2\/installazione-temporanea-di-oggetti-e-di-mezzi-pubblicitari\/\"]}]},{\"@type\":\"BreadcrumbList\",\"@id\":\"https:\/\/www.rijeka.hr\/it\/temi-per-i-cittadini\/affari-e-investimenti\/vani-daffari-2\/installazione-temporanea-di-oggetti-e-di-mezzi-pubblicitari\/#breadcrumb\",\"itemListElement\":[{\"@type\":\"ListItem\",\"position\":1,\"name\":\"Po\u010detna stranica\",\"item\":\"https:\/\/www.rijeka.hr\/it\/\"},{\"@type\":\"ListItem\",\"position\":2,\"name\":\"Temi per i cittadini\",\"item\":\"https:\/\/www.rijeka.hr\/it\/temi-per-i-cittadini\/\"},{\"@type\":\"ListItem\",\"position\":3,\"name\":\"Affari e investimenti\",\"item\":\"https:\/\/www.rijeka.hr\/it\/temi-per-i-cittadini\/affari-e-investimenti\/\"},{\"@type\":\"ListItem\",\"position\":4,\"name\":\"Vani d&#8217;affari\",\"item\":\"https:\/\/www.rijeka.hr\/it\/temi-per-i-cittadini\/affari-e-investimenti\/vani-daffari-2\/\"},{\"@type\":\"ListItem\",\"position\":5,\"name\":\"Installazione di oggetti provvisori e di mezzi pubblicitari\"}]},{\"@type\":\"WebSite\",\"@id\":\"https:\/\/www.rijeka.hr\/it\/#website\",\"url\":\"https:\/\/www.rijeka.hr\/it\/\",\"name\":\"Citt\u00e0 di Fiume\",\"description\":\"Portale web della Citta&#039; di Fiume\",\"potentialAction\":[{\"@type\":\"SearchAction\",\"target\":{\"@type\":\"EntryPoint\",\"urlTemplate\":\"https:\/\/www.rijeka.hr\/it\/?s={search_term_string}\"},\"query-input\":{\"@type\":\"PropertyValueSpecification\",\"valueRequired\":true,\"valueName\":\"search_term_string\"}}],\"inLanguage\":\"it-IT\"}]}<\/script>\n<!-- \/ Yoast SEO plugin. -->","yoast_head_json":{"title":"Installazione di oggetti provvisori e di mezzi pubblicitari - Citt\u00e0 di Fiume","robots":{"index":"index","follow":"follow","max-snippet":"max-snippet:-1","max-image-preview":"max-image-preview:large","max-video-preview":"max-video-preview:-1"},"canonical":"https:\/\/www.rijeka.hr\/it\/temi-per-i-cittadini\/affari-e-investimenti\/vani-daffari-2\/installazione-temporanea-di-oggetti-e-di-mezzi-pubblicitari\/","og_locale":"it_IT","og_type":"article","og_title":"Installazione di oggetti provvisori e di mezzi pubblicitari - Citt\u00e0 di Fiume","og_description":"Le condizioni e le modalit\u00e0 di utilizzo e di uso temporaneo delle aree pubbliche, degli immobili e dei terreni di propriet\u00e0 della Citt\u00e0 di Fiume a fini economici e di altro tipo per l&#8217;installazione di oggetti provvisori e dispositivi pubblicitari e altre attrezzature e dispositivi sono disciplinati dalla Decisione sulla messa a disposizione di aree...","og_url":"https:\/\/www.rijeka.hr\/it\/temi-per-i-cittadini\/affari-e-investimenti\/vani-daffari-2\/installazione-temporanea-di-oggetti-e-di-mezzi-pubblicitari\/","og_site_name":"Citt\u00e0 di Fiume","article_modified_time":"2024-01-15T09:55:16+00:00","twitter_card":"summary_large_image","twitter_misc":{"Est. reading time":"2 minutes"},"schema":{"@context":"https:\/\/schema.org","@graph":[{"@type":"WebPage","@id":"https:\/\/www.rijeka.hr\/it\/temi-per-i-cittadini\/affari-e-investimenti\/vani-daffari-2\/installazione-temporanea-di-oggetti-e-di-mezzi-pubblicitari\/","url":"https:\/\/www.rijeka.hr\/it\/temi-per-i-cittadini\/affari-e-investimenti\/vani-daffari-2\/installazione-temporanea-di-oggetti-e-di-mezzi-pubblicitari\/","name":"Installazione di oggetti provvisori e di mezzi pubblicitari - Citt\u00e0 di Fiume","isPartOf":{"@id":"https:\/\/www.rijeka.hr\/it\/#website"},"datePublished":"2017-12-06T09:13:59+00:00","dateModified":"2024-01-15T09:55:16+00:00","breadcrumb":{"@id":"https:\/\/www.rijeka.hr\/it\/temi-per-i-cittadini\/affari-e-investimenti\/vani-daffari-2\/installazione-temporanea-di-oggetti-e-di-mezzi-pubblicitari\/#breadcrumb"},"inLanguage":"it-IT","potentialAction":[{"@type":"ReadAction","target":["https:\/\/www.rijeka.hr\/it\/temi-per-i-cittadini\/affari-e-investimenti\/vani-daffari-2\/installazione-temporanea-di-oggetti-e-di-mezzi-pubblicitari\/"]}]},{"@type":"BreadcrumbList","@id":"https:\/\/www.rijeka.hr\/it\/temi-per-i-cittadini\/affari-e-investimenti\/vani-daffari-2\/installazione-temporanea-di-oggetti-e-di-mezzi-pubblicitari\/#breadcrumb","itemListElement":[{"@type":"ListItem","position":1,"name":"Po\u010detna stranica","item":"https:\/\/www.rijeka.hr\/it\/"},{"@type":"ListItem","position":2,"name":"Temi per i cittadini","item":"https:\/\/www.rijeka.hr\/it\/temi-per-i-cittadini\/"},{"@type":"ListItem","position":3,"name":"Affari e investimenti","item":"https:\/\/www.rijeka.hr\/it\/temi-per-i-cittadini\/affari-e-investimenti\/"},{"@type":"ListItem","position":4,"name":"Vani d&#8217;affari","item":"https:\/\/www.rijeka.hr\/it\/temi-per-i-cittadini\/affari-e-investimenti\/vani-daffari-2\/"},{"@type":"ListItem","position":5,"name":"Installazione di oggetti provvisori e di mezzi pubblicitari"}]},{"@type":"WebSite","@id":"https:\/\/www.rijeka.hr\/it\/#website","url":"https:\/\/www.rijeka.hr\/it\/","name":"Citt\u00e0 di Fiume","description":"Portale web della Citta&#039; di Fiume","potentialAction":[{"@type":"SearchAction","target":{"@type":"EntryPoint","urlTemplate":"https:\/\/www.rijeka.hr\/it\/?s={search_term_string}"},"query-input":{"@type":"PropertyValueSpecification","valueRequired":true,"valueName":"search_term_string"}}],"inLanguage":"it-IT"}]}},"_links":{"self":[{"href":"https:\/\/www.rijeka.hr\/it\/wp-json\/wp\/v2\/pages\/5577","targetHints":{"allow":["GET"]}}],"collection":[{"href":"https:\/\/www.rijeka.hr\/it\/wp-json\/wp\/v2\/pages"}],"about":[{"href":"https:\/\/www.rijeka.hr\/it\/wp-json\/wp\/v2\/types\/page"}],"author":[{"embeddable":true,"href":"https:\/\/www.rijeka.hr\/it\/wp-json\/wp\/v2\/users\/12"}],"replies":[{"embeddable":true,"href":"https:\/\/www.rijeka.hr\/it\/wp-json\/wp\/v2\/comments?post=5577"}],"version-history":[{"count":11,"href":"https:\/\/www.rijeka.hr\/it\/wp-json\/wp\/v2\/pages\/5577\/revisions"}],"predecessor-version":[{"id":5579,"href":"https:\/\/www.rijeka.hr\/it\/wp-json\/wp\/v2\/pages\/5577\/revisions\/5579"}],"up":[{"embeddable":true,"href":"https:\/\/www.rijeka.hr\/it\/wp-json\/wp\/v2\/pages\/1409"}],"wp:attachment":[{"href":"https:\/\/www.rijeka.hr\/it\/wp-json\/wp\/v2\/media?parent=5577"}],"wp:term":[{"taxonomy":"post_tag","embeddable":true,"href":"https:\/\/www.rijeka.hr\/it\/wp-json\/wp\/v2\/tags?post=5577"}],"curies":[{"name":"wp","href":"https:\/\/api.w.org\/{rel}","templated":true}]}}