{"id":5607,"date":"2017-12-15T15:29:56","date_gmt":"2017-12-15T14:29:56","guid":{"rendered":"https:\/\/www.rijeka.hr\/it\/?page_id=5607"},"modified":"2017-12-18T09:42:01","modified_gmt":"2017-12-18T08:42:01","slug":"dichiarazione-dei-diritti-del-fanciullo","status":"publish","type":"page","link":"https:\/\/www.rijeka.hr\/it\/la-sicurezza-e-tutela-dei-diritti-dei-bambini-e-dei-giovani\/dichiarazione-dei-diritti-del-fanciullo\/","title":{"rendered":"Dichiarazione dei diritti del fanciullo"},"content":{"rendered":"<p>Nel 1959, l&#8217;Assemblea Generale delle Nazioni Unite ha adottato la Dichiarazione dei diritti del fanciullo. Questo \u00e8 stato il primo documento internazionale sulla protezione dei diritti dei bambini volto a proteggere la posizione dell\u2019infanzia nel mondo.<\/p>\n<p>Il documento pi\u00f9 importante per l&#8217;attuazione dei diritti dei bambini \u00e8 stato adottato nel 1989 dall&#8217;Assemblea Generale delle Nazioni Unite. Si tratta della Convenzione sui diritti dell&#8217;infanzia la quale contiene 54 articoli che regolano la posizione dei bambini nella societ\u00e0. Fino alla primavera del 1996 la Convenzione \u00e8 stata firmata da 187 paesi in tutto il mondo.<\/p>\n<p>La Repubblica di Croazia ha aderito alla Convenzione sui diritti dell&#8217;infanzia nel 1991. Con questo atto, la Croazia si \u00e8 impegnata davanti alla comunit\u00e0 internazionale ad applicare tutti i diritti che garantiscono la protezione dei diritti dei bambini.<\/p>\n<p>Abbiamo estratto le parti pi\u00f9 importanti dalla Convenzione sui diritti dell&#8217;infanzia, semplificandola per rendere il testo pi\u00f9 accessibile all&#8217;et\u00e0 infantile.<\/p>\n<ol>\n<li>OGNI FANCIULLO DEVE GODERE DI UGUALI DIRITTI<br \/>\nOgni fanciullo deve godere di uguali diritti, senza eccezione alcuna fondata sulla razza, il colore, la lingua, il sesso, la religione, le opinioni politiche o di altro genere, l\u2019origine etica o sociale, la propriet\u00e0 o ogni altra condizione, che si riferisca al fanciullo stesso.<\/li>\n<li>OGNI FANCIULLO HA IL DIRITTO ALLA VITA<\/li>\n<li>OGNI BAMBINO HA DIRITTO A UN NOME E DIRITTO AL BENESSERE SOCIALE<br \/>\nOgni fanciullo deve essere registrato subito dopo la nascita e deve avere diritto sin dalla nascita a un nome e ad acquisire una cittadinanza e, nei limiti del possibile, diritto di conoscere e di essere curato dai suoi genitori.<\/li>\n<li>DIRITTO ALLA LIBERT\u00c0 DI ESPRESSIONE<br \/>\nIl fanciullo ha diritto alla libert\u00e0 di espressione; questo diritto comprende la libert\u00e0 di ricercare, ricevere e diffondere informazioni e idee di ogni genere.<\/li>\n<li>DIRITTO ALLA LIBERTA &#8216;DEL PENSIERO<br \/>\nIl fanciullo ha diritto alla libert\u00e0 di pensiero, di coscienza e di religione, con una guida adeguata fornita dai genitori.<\/li>\n<li>DIRITTO ALLA LIBERT\u00c0 DI ASSOCIAZIONE<br \/>\nIl fanciullo ha diritto alla libert\u00e0 di associazione e di riunione pacifica.<\/li>\n<li>DIRITTO ALLA VITA PRIVATA<br \/>\nIl fanciullo ha diritto alla protezione contro interferenze nella sua vita privata, nella sua famiglia, nel suo domicilio o nella sua corrispondenza, e contro affronti illegali al suo onore e alla sua reputazione.<\/li>\n<li>DIRITTO ALLE INFORMAZIONI<br \/>\nIl fanciullo ha diritto di accedere a informazioni e a programmi da diverse fonti nazionali e internazionali. Lo stato dovrebbe incoraggiare i mass media a divulgare tali informazioni e programmi, in particolare quelli che mirano a promuovere il suo benessere sociale e spirituale, nonch\u00e9 la sua salute fisica e mentale, e ad adottare misure per proteggere il fanciullo da informazioni e programmi che potrebbero danneggiare il suo benessere.<\/li>\n<li>DIRITTO ALLA PROTEZIONE DA TUTTE LE FORME DELLA VIOLENZA<br \/>\nLo stato protegger\u00e0 il fanciullo da qualsiasi forma di negligenza da parte dei suoi genitori o di chiunque altro se ne prenda cura e avvier\u00e0 programmi di prevenzione della violenza e di assistenza alle vittime.<\/li>\n<li>FANCIULLI CHE RIMANGONO SENZA GENITORI HANNO DIRITTO A UNA CURA SPECIALE<br \/>\nUn fanciullo che venga privato del suo ambiente familiare avr\u00e0 diritto a speciale protezione e a una cura adeguata in un\u2019altra famiglia o in un\u2019istituzione che rispetter\u00e0 la sua origine culturale.<\/li>\n<li>FANCIULLI RIFUGIATI E FANCIULLI &#8211; VITTIME DELLA GUERRA HANNO DIRITTO A UNA PROTEZIONE SPECIALE<br \/>\nIl fanciullo rifugiato e il fanciullo che cerchi di ottenere lo status di rifugiato hanno diritto a una protezione speciale. Fanciulli in et\u00e0 inferiore ai 15 anni non possono direttamente partecipare alle ostilit\u00e0, n\u00e9 essere reclutati nelle forze armate. I fanciulli colpiti da un conflitto armato hanno diritto a una cura e protezione speciale.<\/li>\n<li>BAMBINI DISABILI HANNO DIRITTO A CURA SPECIALI E AL BENESSERE<br \/>\nUn fanciullo fisicamente o mentalmente disabile deve godere di una vita soddisfacente che garantisca la sua dignit\u00e0, che promuova la sua autonomia e faciliti la sua partecipazione attiva alla vita della comunit\u00e0.<\/li>\n<li>DIRITTO ALLA PROTEZIONE SOCIALE E SANITARIA<br \/>\nOgni fanciullo ha diritto alla tutela sociale e sanitaria. Ogni fanciullo ha diritto al godimento dei pi\u00f9 alti livelli raggiungibili di salute fisica e mentale e alla fruizione di cure mediche riabilitative.<\/li>\n<li>IL FANCIULLO HA DIRITTO ALL\u2019EDUCAZIONE<br \/>\nIl fanciullo ha diritto ad avere un\u2019educazione. Lo stato rende l\u2019educazione primaria gratuita ed obbligatoria per tutti; promuove lo sviluppo dell\u2019educazione secondaria disponibile a tutti, e rendere l&#8217;istruzione superiore accessibile a tutti sulla base delle capacit\u00e0.<\/li>\n<li>IL FANCIULLO HA DIRITTO AL RIPOSO E ALLO SVAGO<br \/>\nIl fanciullo ha diritto al riposo ed allo svago, a dedicarsi al gioco e ad attivit\u00e0 ricreative proprie della sua et\u00e0, ed a partecipare liberamente alla vita culturale ed artistica.<\/li>\n<li>IL FANCIULLO HA DIRITTO DI CONOSCERE I SUOI DIRITTI<\/li>\n<\/ol>\n<p>&nbsp;<\/p>\n<p>Fonti:<\/p>\n<ul>\n<li>D.Male\u0161, I.Star\u010devi\u0107: &#8220;Najljep\u0161e je biti dijete&#8221;, TIPEX d.o.o., Zagabria, 1996.<\/li>\n<li>D.Skok: &#8220;Diritti umani&#8221;, \u0160kolske novine, Zagabria, 1991.<\/li>\n<li>&#8220;I diritti dei bambini alla protezione durante conflitti armati e la Convenzione sui diritti dell&#8217;infanzia&#8221;, UNICEF, 1995.<\/li>\n<\/ul>\n<p>&nbsp;<\/p>\n","protected":false},"excerpt":{"rendered":"<p>Nel 1959, l&#8217;Assemblea Generale delle Nazioni Unite ha adottato la Dichiarazione dei diritti del fanciullo. Questo \u00e8 stato il primo documento internazionale sulla protezione dei diritti dei bambini volto a proteggere la posizione dell\u2019infanzia nel mondo. Il documento pi\u00f9 importante per l&#8217;attuazione dei diritti dei bambini \u00e8 stato adottato nel 1989 dall&#8217;Assemblea Generale delle Nazioni&#8230;<\/p>\n","protected":false},"author":28,"featured_media":0,"parent":449,"menu_order":0,"comment_status":"closed","ping_status":"closed","template":"","meta":{"_acf_changed":false,"_trash_the_other_posts":false,"footnotes":"","_links_to":"","_links_to_target":""},"tags":[],"class_list":["post-5607","page","type-page","status-publish","hentry"],"acf":[],"yoast_head":"<!-- This site is optimized with the Yoast SEO plugin v24.4 - https:\/\/yoast.com\/wordpress\/plugins\/seo\/ -->\n<title>Dichiarazione dei diritti del fanciullo - Citt\u00e0 di Fiume<\/title>\n<meta name=\"robots\" content=\"index, follow, max-snippet:-1, max-image-preview:large, max-video-preview:-1\" \/>\n<link rel=\"canonical\" href=\"https:\/\/www.rijeka.hr\/it\/la-sicurezza-e-tutela-dei-diritti-dei-bambini-e-dei-giovani\/dichiarazione-dei-diritti-del-fanciullo\/\" \/>\n<meta property=\"og:locale\" content=\"it_IT\" \/>\n<meta property=\"og:type\" content=\"article\" \/>\n<meta property=\"og:title\" content=\"Dichiarazione dei diritti del fanciullo - Citt\u00e0 di Fiume\" \/>\n<meta property=\"og:description\" content=\"Nel 1959, l&#8217;Assemblea Generale delle Nazioni Unite ha adottato la Dichiarazione dei diritti del fanciullo. Questo \u00e8 stato il primo documento internazionale sulla protezione dei diritti dei bambini volto a proteggere la posizione dell\u2019infanzia nel mondo. Il documento pi\u00f9 importante per l&#8217;attuazione dei diritti dei bambini \u00e8 stato adottato nel 1989 dall&#8217;Assemblea Generale delle Nazioni...\" \/>\n<meta property=\"og:url\" content=\"https:\/\/www.rijeka.hr\/it\/la-sicurezza-e-tutela-dei-diritti-dei-bambini-e-dei-giovani\/dichiarazione-dei-diritti-del-fanciullo\/\" \/>\n<meta property=\"og:site_name\" content=\"Citt\u00e0 di Fiume\" \/>\n<meta property=\"article:modified_time\" content=\"2017-12-18T08:42:01+00:00\" \/>\n<meta name=\"twitter:card\" content=\"summary_large_image\" \/>\n<meta name=\"twitter:label1\" content=\"Est. reading time\" \/>\n\t<meta name=\"twitter:data1\" content=\"4 minutes\" \/>\n<script type=\"application\/ld+json\" class=\"yoast-schema-graph\">{\"@context\":\"https:\/\/schema.org\",\"@graph\":[{\"@type\":\"WebPage\",\"@id\":\"https:\/\/www.rijeka.hr\/it\/la-sicurezza-e-tutela-dei-diritti-dei-bambini-e-dei-giovani\/dichiarazione-dei-diritti-del-fanciullo\/\",\"url\":\"https:\/\/www.rijeka.hr\/it\/la-sicurezza-e-tutela-dei-diritti-dei-bambini-e-dei-giovani\/dichiarazione-dei-diritti-del-fanciullo\/\",\"name\":\"Dichiarazione dei diritti del fanciullo - Citt\u00e0 di Fiume\",\"isPartOf\":{\"@id\":\"https:\/\/www.rijeka.hr\/it\/#website\"},\"datePublished\":\"2017-12-15T14:29:56+00:00\",\"dateModified\":\"2017-12-18T08:42:01+00:00\",\"breadcrumb\":{\"@id\":\"https:\/\/www.rijeka.hr\/it\/la-sicurezza-e-tutela-dei-diritti-dei-bambini-e-dei-giovani\/dichiarazione-dei-diritti-del-fanciullo\/#breadcrumb\"},\"inLanguage\":\"it-IT\",\"potentialAction\":[{\"@type\":\"ReadAction\",\"target\":[\"https:\/\/www.rijeka.hr\/it\/la-sicurezza-e-tutela-dei-diritti-dei-bambini-e-dei-giovani\/dichiarazione-dei-diritti-del-fanciullo\/\"]}]},{\"@type\":\"BreadcrumbList\",\"@id\":\"https:\/\/www.rijeka.hr\/it\/la-sicurezza-e-tutela-dei-diritti-dei-bambini-e-dei-giovani\/dichiarazione-dei-diritti-del-fanciullo\/#breadcrumb\",\"itemListElement\":[{\"@type\":\"ListItem\",\"position\":1,\"name\":\"Po\u010detna stranica\",\"item\":\"https:\/\/www.rijeka.hr\/it\/\"},{\"@type\":\"ListItem\",\"position\":2,\"name\":\"La sicurezza e tutela dei diritti dei bambini e dei giovani\",\"item\":\"https:\/\/www.rijeka.hr\/it\/la-sicurezza-e-tutela-dei-diritti-dei-bambini-e-dei-giovani\/\"},{\"@type\":\"ListItem\",\"position\":3,\"name\":\"Dichiarazione dei diritti del fanciullo\"}]},{\"@type\":\"WebSite\",\"@id\":\"https:\/\/www.rijeka.hr\/it\/#website\",\"url\":\"https:\/\/www.rijeka.hr\/it\/\",\"name\":\"Citt\u00e0 di Fiume\",\"description\":\"Portale web della Citta&#039; di Fiume\",\"potentialAction\":[{\"@type\":\"SearchAction\",\"target\":{\"@type\":\"EntryPoint\",\"urlTemplate\":\"https:\/\/www.rijeka.hr\/it\/?s={search_term_string}\"},\"query-input\":{\"@type\":\"PropertyValueSpecification\",\"valueRequired\":true,\"valueName\":\"search_term_string\"}}],\"inLanguage\":\"it-IT\"}]}<\/script>\n<!-- \/ Yoast SEO plugin. -->","yoast_head_json":{"title":"Dichiarazione dei diritti del fanciullo - Citt\u00e0 di Fiume","robots":{"index":"index","follow":"follow","max-snippet":"max-snippet:-1","max-image-preview":"max-image-preview:large","max-video-preview":"max-video-preview:-1"},"canonical":"https:\/\/www.rijeka.hr\/it\/la-sicurezza-e-tutela-dei-diritti-dei-bambini-e-dei-giovani\/dichiarazione-dei-diritti-del-fanciullo\/","og_locale":"it_IT","og_type":"article","og_title":"Dichiarazione dei diritti del fanciullo - Citt\u00e0 di Fiume","og_description":"Nel 1959, l&#8217;Assemblea Generale delle Nazioni Unite ha adottato la Dichiarazione dei diritti del fanciullo. Questo \u00e8 stato il primo documento internazionale sulla protezione dei diritti dei bambini volto a proteggere la posizione dell\u2019infanzia nel mondo. Il documento pi\u00f9 importante per l&#8217;attuazione dei diritti dei bambini \u00e8 stato adottato nel 1989 dall&#8217;Assemblea Generale delle Nazioni...","og_url":"https:\/\/www.rijeka.hr\/it\/la-sicurezza-e-tutela-dei-diritti-dei-bambini-e-dei-giovani\/dichiarazione-dei-diritti-del-fanciullo\/","og_site_name":"Citt\u00e0 di Fiume","article_modified_time":"2017-12-18T08:42:01+00:00","twitter_card":"summary_large_image","twitter_misc":{"Est. reading time":"4 minutes"},"schema":{"@context":"https:\/\/schema.org","@graph":[{"@type":"WebPage","@id":"https:\/\/www.rijeka.hr\/it\/la-sicurezza-e-tutela-dei-diritti-dei-bambini-e-dei-giovani\/dichiarazione-dei-diritti-del-fanciullo\/","url":"https:\/\/www.rijeka.hr\/it\/la-sicurezza-e-tutela-dei-diritti-dei-bambini-e-dei-giovani\/dichiarazione-dei-diritti-del-fanciullo\/","name":"Dichiarazione dei diritti del fanciullo - Citt\u00e0 di Fiume","isPartOf":{"@id":"https:\/\/www.rijeka.hr\/it\/#website"},"datePublished":"2017-12-15T14:29:56+00:00","dateModified":"2017-12-18T08:42:01+00:00","breadcrumb":{"@id":"https:\/\/www.rijeka.hr\/it\/la-sicurezza-e-tutela-dei-diritti-dei-bambini-e-dei-giovani\/dichiarazione-dei-diritti-del-fanciullo\/#breadcrumb"},"inLanguage":"it-IT","potentialAction":[{"@type":"ReadAction","target":["https:\/\/www.rijeka.hr\/it\/la-sicurezza-e-tutela-dei-diritti-dei-bambini-e-dei-giovani\/dichiarazione-dei-diritti-del-fanciullo\/"]}]},{"@type":"BreadcrumbList","@id":"https:\/\/www.rijeka.hr\/it\/la-sicurezza-e-tutela-dei-diritti-dei-bambini-e-dei-giovani\/dichiarazione-dei-diritti-del-fanciullo\/#breadcrumb","itemListElement":[{"@type":"ListItem","position":1,"name":"Po\u010detna stranica","item":"https:\/\/www.rijeka.hr\/it\/"},{"@type":"ListItem","position":2,"name":"La sicurezza e tutela dei diritti dei bambini e dei giovani","item":"https:\/\/www.rijeka.hr\/it\/la-sicurezza-e-tutela-dei-diritti-dei-bambini-e-dei-giovani\/"},{"@type":"ListItem","position":3,"name":"Dichiarazione dei diritti del fanciullo"}]},{"@type":"WebSite","@id":"https:\/\/www.rijeka.hr\/it\/#website","url":"https:\/\/www.rijeka.hr\/it\/","name":"Citt\u00e0 di Fiume","description":"Portale web della Citta&#039; di Fiume","potentialAction":[{"@type":"SearchAction","target":{"@type":"EntryPoint","urlTemplate":"https:\/\/www.rijeka.hr\/it\/?s={search_term_string}"},"query-input":{"@type":"PropertyValueSpecification","valueRequired":true,"valueName":"search_term_string"}}],"inLanguage":"it-IT"}]}},"_links":{"self":[{"href":"https:\/\/www.rijeka.hr\/it\/wp-json\/wp\/v2\/pages\/5607","targetHints":{"allow":["GET"]}}],"collection":[{"href":"https:\/\/www.rijeka.hr\/it\/wp-json\/wp\/v2\/pages"}],"about":[{"href":"https:\/\/www.rijeka.hr\/it\/wp-json\/wp\/v2\/types\/page"}],"author":[{"embeddable":true,"href":"https:\/\/www.rijeka.hr\/it\/wp-json\/wp\/v2\/users\/28"}],"replies":[{"embeddable":true,"href":"https:\/\/www.rijeka.hr\/it\/wp-json\/wp\/v2\/comments?post=5607"}],"version-history":[{"count":5,"href":"https:\/\/www.rijeka.hr\/it\/wp-json\/wp\/v2\/pages\/5607\/revisions"}],"predecessor-version":[{"id":5609,"href":"https:\/\/www.rijeka.hr\/it\/wp-json\/wp\/v2\/pages\/5607\/revisions\/5609"}],"up":[{"embeddable":true,"href":"https:\/\/www.rijeka.hr\/it\/wp-json\/wp\/v2\/pages\/449"}],"wp:attachment":[{"href":"https:\/\/www.rijeka.hr\/it\/wp-json\/wp\/v2\/media?parent=5607"}],"wp:term":[{"taxonomy":"post_tag","embeddable":true,"href":"https:\/\/www.rijeka.hr\/it\/wp-json\/wp\/v2\/tags?post=5607"}],"curies":[{"name":"wp","href":"https:\/\/api.w.org\/{rel}","templated":true}]}}