{"id":57,"date":"2016-07-22T09:44:54","date_gmt":"2016-07-22T07:44:54","guid":{"rendered":"https:\/\/www.rijeka.hr\/it\/?page_id=57"},"modified":"2019-11-08T10:33:22","modified_gmt":"2019-11-08T09:33:22","slug":"il-rifugio-della-societa-sorelle-della-misericordia-di-san-vincenzo-de-paoli","status":"publish","type":"page","link":"https:\/\/www.rijeka.hr\/it\/temi-per-i-cittadini\/famiglia-e-assistenza-sociale\/previdenza-sociale\/servizi-sociali-assistenza-laica\/il-rifugio-della-societa-sorelle-della-misericordia-di-san-vincenzo-de-paoli\/","title":{"rendered":"Il rifugio della Societ\u00e0 Sorelle della Misericordia di San Vincenzo de\u2019 Paoli"},"content":{"rendered":"<p>Il rifugio \u00e8 una delle attivit\u00e0 della Societ\u00e0 della Misericordia di San Vincenzo de\u2019 Paoli. Il rifugio \u00e8 stato fondato allo scopo di fornire assistenza alle persone che vivono ai margini della societ\u00e0 a causa delle difficili condizioni di vita (condizione di disoccupazione, malattia psichica, dipendenza, senzatetto), e ogni giorno distribuisce a pranzo pasti gratuiti.<\/p>\n","protected":false},"excerpt":{"rendered":"<p>Il rifugio \u00e8 una delle attivit\u00e0 della Societ\u00e0 della Misericordia di San Vincenzo de\u2019 Paoli. Il rifugio \u00e8 stato fondato allo scopo di fornire assistenza alle persone che vivono ai margini della societ\u00e0 a causa delle difficili condizioni di vita (condizione di disoccupazione, malattia psichica, dipendenza, senzatetto), e ogni giorno distribuisce a pranzo pasti gratuiti.<\/p>\n","protected":false},"author":6,"featured_media":0,"parent":21,"menu_order":0,"comment_status":"closed","ping_status":"closed","template":"","meta":{"_acf_changed":false,"_trash_the_other_posts":false,"footnotes":"","_links_to":"","_links_to_target":""},"tags":[],"class_list":["post-57","page","type-page","status-publish","hentry"],"acf":[],"yoast_head":"<!-- This site is optimized with the Yoast SEO plugin v24.4 - https:\/\/yoast.com\/wordpress\/plugins\/seo\/ -->\n<title>Il rifugio della Societ\u00e0 Sorelle della Misericordia di San Vincenzo de\u2019 Paoli - Citt\u00e0 di Fiume<\/title>\n<meta name=\"robots\" content=\"index, follow, max-snippet:-1, max-image-preview:large, max-video-preview:-1\" \/>\n<link rel=\"canonical\" href=\"https:\/\/www.rijeka.hr\/it\/temi-per-i-cittadini\/famiglia-e-assistenza-sociale\/previdenza-sociale\/servizi-sociali-assistenza-laica\/il-rifugio-della-societa-sorelle-della-misericordia-di-san-vincenzo-de-paoli\/\" \/>\n<meta property=\"og:locale\" content=\"it_IT\" \/>\n<meta property=\"og:type\" content=\"article\" \/>\n<meta property=\"og:title\" content=\"Il rifugio della Societ\u00e0 Sorelle della Misericordia di San Vincenzo de\u2019 Paoli - Citt\u00e0 di Fiume\" \/>\n<meta property=\"og:description\" content=\"Il rifugio \u00e8 una delle attivit\u00e0 della Societ\u00e0 della Misericordia di San Vincenzo de\u2019 Paoli. Il rifugio \u00e8 stato fondato allo scopo di fornire assistenza alle persone che vivono ai margini della societ\u00e0 a causa delle difficili condizioni di vita (condizione di disoccupazione, malattia psichica, dipendenza, senzatetto), e ogni giorno distribuisce a pranzo pasti gratuiti.\" \/>\n<meta property=\"og:url\" content=\"https:\/\/www.rijeka.hr\/it\/temi-per-i-cittadini\/famiglia-e-assistenza-sociale\/previdenza-sociale\/servizi-sociali-assistenza-laica\/il-rifugio-della-societa-sorelle-della-misericordia-di-san-vincenzo-de-paoli\/\" \/>\n<meta property=\"og:site_name\" content=\"Citt\u00e0 di Fiume\" \/>\n<meta property=\"article:modified_time\" content=\"2019-11-08T09:33:22+00:00\" \/>\n<meta name=\"twitter:card\" content=\"summary_large_image\" \/>\n<script type=\"application\/ld+json\" class=\"yoast-schema-graph\">{\"@context\":\"https:\/\/schema.org\",\"@graph\":[{\"@type\":\"WebPage\",\"@id\":\"https:\/\/www.rijeka.hr\/it\/temi-per-i-cittadini\/famiglia-e-assistenza-sociale\/previdenza-sociale\/servizi-sociali-assistenza-laica\/il-rifugio-della-societa-sorelle-della-misericordia-di-san-vincenzo-de-paoli\/\",\"url\":\"https:\/\/www.rijeka.hr\/it\/temi-per-i-cittadini\/famiglia-e-assistenza-sociale\/previdenza-sociale\/servizi-sociali-assistenza-laica\/il-rifugio-della-societa-sorelle-della-misericordia-di-san-vincenzo-de-paoli\/\",\"name\":\"Il rifugio della Societ\u00e0 Sorelle della Misericordia di San Vincenzo de\u2019 Paoli - Citt\u00e0 di Fiume\",\"isPartOf\":{\"@id\":\"https:\/\/www.rijeka.hr\/it\/#website\"},\"datePublished\":\"2016-07-22T07:44:54+00:00\",\"dateModified\":\"2019-11-08T09:33:22+00:00\",\"breadcrumb\":{\"@id\":\"https:\/\/www.rijeka.hr\/it\/temi-per-i-cittadini\/famiglia-e-assistenza-sociale\/previdenza-sociale\/servizi-sociali-assistenza-laica\/il-rifugio-della-societa-sorelle-della-misericordia-di-san-vincenzo-de-paoli\/#breadcrumb\"},\"inLanguage\":\"it-IT\",\"potentialAction\":[{\"@type\":\"ReadAction\",\"target\":[\"https:\/\/www.rijeka.hr\/it\/temi-per-i-cittadini\/famiglia-e-assistenza-sociale\/previdenza-sociale\/servizi-sociali-assistenza-laica\/il-rifugio-della-societa-sorelle-della-misericordia-di-san-vincenzo-de-paoli\/\"]}]},{\"@type\":\"BreadcrumbList\",\"@id\":\"https:\/\/www.rijeka.hr\/it\/temi-per-i-cittadini\/famiglia-e-assistenza-sociale\/previdenza-sociale\/servizi-sociali-assistenza-laica\/il-rifugio-della-societa-sorelle-della-misericordia-di-san-vincenzo-de-paoli\/#breadcrumb\",\"itemListElement\":[{\"@type\":\"ListItem\",\"position\":1,\"name\":\"Po\u010detna stranica\",\"item\":\"https:\/\/www.rijeka.hr\/it\/\"},{\"@type\":\"ListItem\",\"position\":2,\"name\":\"Temi per i cittadini\",\"item\":\"https:\/\/www.rijeka.hr\/it\/temi-per-i-cittadini\/\"},{\"@type\":\"ListItem\",\"position\":3,\"name\":\"Famiglia e previdenza sociale\",\"item\":\"https:\/\/www.rijeka.hr\/it\/temi-per-i-cittadini\/famiglia-e-assistenza-sociale\/\"},{\"@type\":\"ListItem\",\"position\":4,\"name\":\"Previdenza sociale\",\"item\":\"https:\/\/www.rijeka.hr\/it\/temi-per-i-cittadini\/famiglia-e-assistenza-sociale\/previdenza-sociale\/\"},{\"@type\":\"ListItem\",\"position\":5,\"name\":\"Servizi sociali e assistenza laica\",\"item\":\"https:\/\/www.rijeka.hr\/it\/temi-per-i-cittadini\/famiglia-e-assistenza-sociale\/previdenza-sociale\/servizi-sociali-assistenza-laica\/\"},{\"@type\":\"ListItem\",\"position\":6,\"name\":\"Il rifugio della Societ\u00e0 Sorelle della Misericordia di San Vincenzo de\u2019 Paoli\"}]},{\"@type\":\"WebSite\",\"@id\":\"https:\/\/www.rijeka.hr\/it\/#website\",\"url\":\"https:\/\/www.rijeka.hr\/it\/\",\"name\":\"Citt\u00e0 di Fiume\",\"description\":\"Portale web della Citta&#039; di Fiume\",\"potentialAction\":[{\"@type\":\"SearchAction\",\"target\":{\"@type\":\"EntryPoint\",\"urlTemplate\":\"https:\/\/www.rijeka.hr\/it\/?s={search_term_string}\"},\"query-input\":{\"@type\":\"PropertyValueSpecification\",\"valueRequired\":true,\"valueName\":\"search_term_string\"}}],\"inLanguage\":\"it-IT\"}]}<\/script>\n<!-- \/ Yoast SEO plugin. -->","yoast_head_json":{"title":"Il rifugio della Societ\u00e0 Sorelle della Misericordia di San Vincenzo de\u2019 Paoli - Citt\u00e0 di Fiume","robots":{"index":"index","follow":"follow","max-snippet":"max-snippet:-1","max-image-preview":"max-image-preview:large","max-video-preview":"max-video-preview:-1"},"canonical":"https:\/\/www.rijeka.hr\/it\/temi-per-i-cittadini\/famiglia-e-assistenza-sociale\/previdenza-sociale\/servizi-sociali-assistenza-laica\/il-rifugio-della-societa-sorelle-della-misericordia-di-san-vincenzo-de-paoli\/","og_locale":"it_IT","og_type":"article","og_title":"Il rifugio della Societ\u00e0 Sorelle della Misericordia di San Vincenzo de\u2019 Paoli - Citt\u00e0 di Fiume","og_description":"Il rifugio \u00e8 una delle attivit\u00e0 della Societ\u00e0 della Misericordia di San Vincenzo de\u2019 Paoli. Il rifugio \u00e8 stato fondato allo scopo di fornire assistenza alle persone che vivono ai margini della societ\u00e0 a causa delle difficili condizioni di vita (condizione di disoccupazione, malattia psichica, dipendenza, senzatetto), e ogni giorno distribuisce a pranzo pasti gratuiti.","og_url":"https:\/\/www.rijeka.hr\/it\/temi-per-i-cittadini\/famiglia-e-assistenza-sociale\/previdenza-sociale\/servizi-sociali-assistenza-laica\/il-rifugio-della-societa-sorelle-della-misericordia-di-san-vincenzo-de-paoli\/","og_site_name":"Citt\u00e0 di Fiume","article_modified_time":"2019-11-08T09:33:22+00:00","twitter_card":"summary_large_image","schema":{"@context":"https:\/\/schema.org","@graph":[{"@type":"WebPage","@id":"https:\/\/www.rijeka.hr\/it\/temi-per-i-cittadini\/famiglia-e-assistenza-sociale\/previdenza-sociale\/servizi-sociali-assistenza-laica\/il-rifugio-della-societa-sorelle-della-misericordia-di-san-vincenzo-de-paoli\/","url":"https:\/\/www.rijeka.hr\/it\/temi-per-i-cittadini\/famiglia-e-assistenza-sociale\/previdenza-sociale\/servizi-sociali-assistenza-laica\/il-rifugio-della-societa-sorelle-della-misericordia-di-san-vincenzo-de-paoli\/","name":"Il rifugio della Societ\u00e0 Sorelle della Misericordia di San Vincenzo de\u2019 Paoli - Citt\u00e0 di Fiume","isPartOf":{"@id":"https:\/\/www.rijeka.hr\/it\/#website"},"datePublished":"2016-07-22T07:44:54+00:00","dateModified":"2019-11-08T09:33:22+00:00","breadcrumb":{"@id":"https:\/\/www.rijeka.hr\/it\/temi-per-i-cittadini\/famiglia-e-assistenza-sociale\/previdenza-sociale\/servizi-sociali-assistenza-laica\/il-rifugio-della-societa-sorelle-della-misericordia-di-san-vincenzo-de-paoli\/#breadcrumb"},"inLanguage":"it-IT","potentialAction":[{"@type":"ReadAction","target":["https:\/\/www.rijeka.hr\/it\/temi-per-i-cittadini\/famiglia-e-assistenza-sociale\/previdenza-sociale\/servizi-sociali-assistenza-laica\/il-rifugio-della-societa-sorelle-della-misericordia-di-san-vincenzo-de-paoli\/"]}]},{"@type":"BreadcrumbList","@id":"https:\/\/www.rijeka.hr\/it\/temi-per-i-cittadini\/famiglia-e-assistenza-sociale\/previdenza-sociale\/servizi-sociali-assistenza-laica\/il-rifugio-della-societa-sorelle-della-misericordia-di-san-vincenzo-de-paoli\/#breadcrumb","itemListElement":[{"@type":"ListItem","position":1,"name":"Po\u010detna stranica","item":"https:\/\/www.rijeka.hr\/it\/"},{"@type":"ListItem","position":2,"name":"Temi per i cittadini","item":"https:\/\/www.rijeka.hr\/it\/temi-per-i-cittadini\/"},{"@type":"ListItem","position":3,"name":"Famiglia e previdenza sociale","item":"https:\/\/www.rijeka.hr\/it\/temi-per-i-cittadini\/famiglia-e-assistenza-sociale\/"},{"@type":"ListItem","position":4,"name":"Previdenza sociale","item":"https:\/\/www.rijeka.hr\/it\/temi-per-i-cittadini\/famiglia-e-assistenza-sociale\/previdenza-sociale\/"},{"@type":"ListItem","position":5,"name":"Servizi sociali e assistenza laica","item":"https:\/\/www.rijeka.hr\/it\/temi-per-i-cittadini\/famiglia-e-assistenza-sociale\/previdenza-sociale\/servizi-sociali-assistenza-laica\/"},{"@type":"ListItem","position":6,"name":"Il rifugio della Societ\u00e0 Sorelle della Misericordia di San Vincenzo de\u2019 Paoli"}]},{"@type":"WebSite","@id":"https:\/\/www.rijeka.hr\/it\/#website","url":"https:\/\/www.rijeka.hr\/it\/","name":"Citt\u00e0 di Fiume","description":"Portale web della Citta&#039; di Fiume","potentialAction":[{"@type":"SearchAction","target":{"@type":"EntryPoint","urlTemplate":"https:\/\/www.rijeka.hr\/it\/?s={search_term_string}"},"query-input":{"@type":"PropertyValueSpecification","valueRequired":true,"valueName":"search_term_string"}}],"inLanguage":"it-IT"}]}},"_links":{"self":[{"href":"https:\/\/www.rijeka.hr\/it\/wp-json\/wp\/v2\/pages\/57","targetHints":{"allow":["GET"]}}],"collection":[{"href":"https:\/\/www.rijeka.hr\/it\/wp-json\/wp\/v2\/pages"}],"about":[{"href":"https:\/\/www.rijeka.hr\/it\/wp-json\/wp\/v2\/types\/page"}],"author":[{"embeddable":true,"href":"https:\/\/www.rijeka.hr\/it\/wp-json\/wp\/v2\/users\/6"}],"replies":[{"embeddable":true,"href":"https:\/\/www.rijeka.hr\/it\/wp-json\/wp\/v2\/comments?post=57"}],"version-history":[{"count":4,"href":"https:\/\/www.rijeka.hr\/it\/wp-json\/wp\/v2\/pages\/57\/revisions"}],"predecessor-version":[{"id":8156,"href":"https:\/\/www.rijeka.hr\/it\/wp-json\/wp\/v2\/pages\/57\/revisions\/8156"}],"up":[{"embeddable":true,"href":"https:\/\/www.rijeka.hr\/it\/wp-json\/wp\/v2\/pages\/21"}],"wp:attachment":[{"href":"https:\/\/www.rijeka.hr\/it\/wp-json\/wp\/v2\/media?parent=57"}],"wp:term":[{"taxonomy":"post_tag","embeddable":true,"href":"https:\/\/www.rijeka.hr\/it\/wp-json\/wp\/v2\/tags?post=57"}],"curies":[{"name":"wp","href":"https:\/\/api.w.org\/{rel}","templated":true}]}}