{"id":574,"date":"2016-08-01T10:27:34","date_gmt":"2016-08-01T08:27:34","guid":{"rendered":"https:\/\/www.rijeka.hr\/it\/?page_id=574"},"modified":"2024-05-24T15:06:23","modified_gmt":"2024-05-24T13:06:23","slug":"sostegno-unico-ai-figli-dei-difensori-croati-caduti-deceduti-internati-o-scomparsi-nella-guerra-patriottica","status":"publish","type":"page","link":"https:\/\/www.rijeka.hr\/it\/temi-per-i-cittadini\/famiglia-e-assistenza-sociale\/previdenza-sociale\/rimborso-delle-spese-e-sussidi\/sussidi\/sostegno-unico-ai-figli-dei-difensori-croati-caduti-deceduti-internati-o-scomparsi-nella-guerra-patriottica\/","title":{"rendered":"Sostegno unico agli alunni e studenti regolari"},"content":{"rendered":"<p>Nel corso dell\u2019educazione secondaria e universitaria, la Citt\u00e0 di Fiume, assegna annualmente agli alunni\/studenti un sussidio nell\u2019importo di 1000 kune (l\u2019importo del sussidio viene determinato ogni anno nella conclusione rilasciata dal sindaco della Citt\u00e0 di Fiume) per l\u2019acquisto dei necessari accessori scolastici.<\/p>\n<p>Il sussidio viene versato sul conto corrente bancario.<\/p>\n<h2>Chi pu\u00f2 ottenere assistenza?<\/h2>\n<p>Gli alunni\/studenti regolari che ottengono il diritto all&#8217;assegno d&#8217;invalidit\u00e0 o l&#8217;indennit\u00e0 di accompagnamento presso il Centro per la previdenza sociale di Fiume, gli alunni\/studenti che hanno lo status dei figli dei difensori Croati caduti, deceduti, internati o scomparsi della Guerra patriottica, oppure gli alunni\/studenti che appartengono al nucleo familiare, beneficiario del minimo compenso presso il Centro per la previdenza sociale di Fiume.<\/p>\n<h2>Come ottenere assistenza?<\/h2>\n<p>La domanda per ottenere questo diritto si presenta per iscritto al Dipartimento cittadino per la sanit\u00e0 e la previdenza sociale, Citt\u00e0 di Fiume, Via del Corso 16, Fiume, oppure nella sala sportelli della Citt\u00e0 di Fiume, Piazza Tito 3, sportelli nr. 4 e 5, ogni giorno lavorativo dalle 8:30 alle 15:30.<\/p>\n<p>Attraverso l\u2019applicazione e-consulente nell\u2019ambito del Programma sociale della Citt\u00e0 di Fiume, i cittadini possono venir a sapere se possono diventare beneficiari di questo tipo di assistenza.<\/p>\n\n    <div class=\"featured-links\">\n\n        <ul>\n                                                <li class=\"type-url\"><a href=\"https:\/\/e-usluge3.rijeka.hr\/apex\/f?p=101:2:0::NO:::\">e-Consulente nell\u2019ambito del Programma sociale della Citt\u00e0 di Fiume<\/a><\/li>\n                                                                <li class=\"type-url\"><a href=\"http:\/\/gov.rijeka.hr\/zahtjevi-i-obrasci\/zdravstvo-i-socijalna-skrb\/novcana-pomoc-za-kupnju-skolskog-pribora-djeci-hrvatskih-branitelja\/149\">Domanda per il sussidio per l\u2019acquisto degli accessori scolastici agli alunni\/studenti regolari<\/a><\/li>\n                                                                                                                                                                                                                                                                                                                                                                                                                <\/ul>\n \n    <\/div>\n\n    \n","protected":false},"excerpt":{"rendered":"<p>Nel corso dell\u2019educazione secondaria e universitaria, la Citt\u00e0 di Fiume, assegna annualmente agli alunni\/studenti un sussidio nell\u2019importo di 1000 kune (l\u2019importo del sussidio viene determinato ogni anno nella conclusione rilasciata dal sindaco della Citt\u00e0 di Fiume) per l\u2019acquisto dei necessari accessori scolastici. Il sussidio viene versato sul conto corrente bancario. Chi pu\u00f2 ottenere assistenza? Gli&#8230;<\/p>\n","protected":false},"author":6,"featured_media":0,"parent":495,"menu_order":0,"comment_status":"closed","ping_status":"closed","template":"","meta":{"_acf_changed":false,"_trash_the_other_posts":false,"footnotes":"","_links_to":"","_links_to_target":""},"tags":[],"class_list":["post-574","page","type-page","status-publish","hentry"],"acf":[],"yoast_head":"<!-- This site is optimized with the Yoast SEO plugin v24.4 - https:\/\/yoast.com\/wordpress\/plugins\/seo\/ -->\n<title>Sostegno unico agli alunni e studenti regolari - Citt\u00e0 di Fiume<\/title>\n<meta name=\"robots\" content=\"index, follow, max-snippet:-1, max-image-preview:large, max-video-preview:-1\" \/>\n<link rel=\"canonical\" href=\"https:\/\/www.rijeka.hr\/it\/temi-per-i-cittadini\/famiglia-e-assistenza-sociale\/previdenza-sociale\/rimborso-delle-spese-e-sussidi\/sussidi\/sostegno-unico-ai-figli-dei-difensori-croati-caduti-deceduti-internati-o-scomparsi-nella-guerra-patriottica\/\" \/>\n<meta property=\"og:locale\" content=\"it_IT\" \/>\n<meta property=\"og:type\" content=\"article\" \/>\n<meta property=\"og:title\" content=\"Sostegno unico agli alunni e studenti regolari - Citt\u00e0 di Fiume\" \/>\n<meta property=\"og:description\" content=\"Nel corso dell\u2019educazione secondaria e universitaria, la Citt\u00e0 di Fiume, assegna annualmente agli alunni\/studenti un sussidio nell\u2019importo di 1000 kune (l\u2019importo del sussidio viene determinato ogni anno nella conclusione rilasciata dal sindaco della Citt\u00e0 di Fiume) per l\u2019acquisto dei necessari accessori scolastici. Il sussidio viene versato sul conto corrente bancario. Chi pu\u00f2 ottenere assistenza? Gli...\" \/>\n<meta property=\"og:url\" content=\"https:\/\/www.rijeka.hr\/it\/temi-per-i-cittadini\/famiglia-e-assistenza-sociale\/previdenza-sociale\/rimborso-delle-spese-e-sussidi\/sussidi\/sostegno-unico-ai-figli-dei-difensori-croati-caduti-deceduti-internati-o-scomparsi-nella-guerra-patriottica\/\" \/>\n<meta property=\"og:site_name\" content=\"Citt\u00e0 di Fiume\" \/>\n<meta property=\"article:modified_time\" content=\"2024-05-24T13:06:23+00:00\" \/>\n<meta name=\"twitter:card\" content=\"summary_large_image\" \/>\n<meta name=\"twitter:label1\" content=\"Est. reading time\" \/>\n\t<meta name=\"twitter:data1\" content=\"1 minute\" \/>\n<script type=\"application\/ld+json\" class=\"yoast-schema-graph\">{\"@context\":\"https:\/\/schema.org\",\"@graph\":[{\"@type\":\"WebPage\",\"@id\":\"https:\/\/www.rijeka.hr\/it\/temi-per-i-cittadini\/famiglia-e-assistenza-sociale\/previdenza-sociale\/rimborso-delle-spese-e-sussidi\/sussidi\/sostegno-unico-ai-figli-dei-difensori-croati-caduti-deceduti-internati-o-scomparsi-nella-guerra-patriottica\/\",\"url\":\"https:\/\/www.rijeka.hr\/it\/temi-per-i-cittadini\/famiglia-e-assistenza-sociale\/previdenza-sociale\/rimborso-delle-spese-e-sussidi\/sussidi\/sostegno-unico-ai-figli-dei-difensori-croati-caduti-deceduti-internati-o-scomparsi-nella-guerra-patriottica\/\",\"name\":\"Sostegno unico agli alunni e studenti regolari - Citt\u00e0 di Fiume\",\"isPartOf\":{\"@id\":\"https:\/\/www.rijeka.hr\/it\/#website\"},\"datePublished\":\"2016-08-01T08:27:34+00:00\",\"dateModified\":\"2024-05-24T13:06:23+00:00\",\"breadcrumb\":{\"@id\":\"https:\/\/www.rijeka.hr\/it\/temi-per-i-cittadini\/famiglia-e-assistenza-sociale\/previdenza-sociale\/rimborso-delle-spese-e-sussidi\/sussidi\/sostegno-unico-ai-figli-dei-difensori-croati-caduti-deceduti-internati-o-scomparsi-nella-guerra-patriottica\/#breadcrumb\"},\"inLanguage\":\"it-IT\",\"potentialAction\":[{\"@type\":\"ReadAction\",\"target\":[\"https:\/\/www.rijeka.hr\/it\/temi-per-i-cittadini\/famiglia-e-assistenza-sociale\/previdenza-sociale\/rimborso-delle-spese-e-sussidi\/sussidi\/sostegno-unico-ai-figli-dei-difensori-croati-caduti-deceduti-internati-o-scomparsi-nella-guerra-patriottica\/\"]}]},{\"@type\":\"BreadcrumbList\",\"@id\":\"https:\/\/www.rijeka.hr\/it\/temi-per-i-cittadini\/famiglia-e-assistenza-sociale\/previdenza-sociale\/rimborso-delle-spese-e-sussidi\/sussidi\/sostegno-unico-ai-figli-dei-difensori-croati-caduti-deceduti-internati-o-scomparsi-nella-guerra-patriottica\/#breadcrumb\",\"itemListElement\":[{\"@type\":\"ListItem\",\"position\":1,\"name\":\"Po\u010detna stranica\",\"item\":\"https:\/\/www.rijeka.hr\/it\/\"},{\"@type\":\"ListItem\",\"position\":2,\"name\":\"Temi per i cittadini\",\"item\":\"https:\/\/www.rijeka.hr\/it\/temi-per-i-cittadini\/\"},{\"@type\":\"ListItem\",\"position\":3,\"name\":\"Famiglia e previdenza sociale\",\"item\":\"https:\/\/www.rijeka.hr\/it\/temi-per-i-cittadini\/famiglia-e-assistenza-sociale\/\"},{\"@type\":\"ListItem\",\"position\":4,\"name\":\"Previdenza sociale\",\"item\":\"https:\/\/www.rijeka.hr\/it\/temi-per-i-cittadini\/famiglia-e-assistenza-sociale\/previdenza-sociale\/\"},{\"@type\":\"ListItem\",\"position\":5,\"name\":\"Rimborso delle spese e sussidi\",\"item\":\"https:\/\/www.rijeka.hr\/it\/temi-per-i-cittadini\/famiglia-e-assistenza-sociale\/previdenza-sociale\/rimborso-delle-spese-e-sussidi\/\"},{\"@type\":\"ListItem\",\"position\":6,\"name\":\"Sussidi\",\"item\":\"https:\/\/www.rijeka.hr\/it\/temi-per-i-cittadini\/famiglia-e-assistenza-sociale\/previdenza-sociale\/rimborso-delle-spese-e-sussidi\/sussidi\/\"},{\"@type\":\"ListItem\",\"position\":7,\"name\":\"Sostegno unico agli alunni e studenti regolari\"}]},{\"@type\":\"WebSite\",\"@id\":\"https:\/\/www.rijeka.hr\/it\/#website\",\"url\":\"https:\/\/www.rijeka.hr\/it\/\",\"name\":\"Citt\u00e0 di Fiume\",\"description\":\"Portale web della Citta&#039; di Fiume\",\"potentialAction\":[{\"@type\":\"SearchAction\",\"target\":{\"@type\":\"EntryPoint\",\"urlTemplate\":\"https:\/\/www.rijeka.hr\/it\/?s={search_term_string}\"},\"query-input\":{\"@type\":\"PropertyValueSpecification\",\"valueRequired\":true,\"valueName\":\"search_term_string\"}}],\"inLanguage\":\"it-IT\"}]}<\/script>\n<!-- \/ Yoast SEO plugin. -->","yoast_head_json":{"title":"Sostegno unico agli alunni e studenti regolari - Citt\u00e0 di Fiume","robots":{"index":"index","follow":"follow","max-snippet":"max-snippet:-1","max-image-preview":"max-image-preview:large","max-video-preview":"max-video-preview:-1"},"canonical":"https:\/\/www.rijeka.hr\/it\/temi-per-i-cittadini\/famiglia-e-assistenza-sociale\/previdenza-sociale\/rimborso-delle-spese-e-sussidi\/sussidi\/sostegno-unico-ai-figli-dei-difensori-croati-caduti-deceduti-internati-o-scomparsi-nella-guerra-patriottica\/","og_locale":"it_IT","og_type":"article","og_title":"Sostegno unico agli alunni e studenti regolari - Citt\u00e0 di Fiume","og_description":"Nel corso dell\u2019educazione secondaria e universitaria, la Citt\u00e0 di Fiume, assegna annualmente agli alunni\/studenti un sussidio nell\u2019importo di 1000 kune (l\u2019importo del sussidio viene determinato ogni anno nella conclusione rilasciata dal sindaco della Citt\u00e0 di Fiume) per l\u2019acquisto dei necessari accessori scolastici. Il sussidio viene versato sul conto corrente bancario. Chi pu\u00f2 ottenere assistenza? Gli...","og_url":"https:\/\/www.rijeka.hr\/it\/temi-per-i-cittadini\/famiglia-e-assistenza-sociale\/previdenza-sociale\/rimborso-delle-spese-e-sussidi\/sussidi\/sostegno-unico-ai-figli-dei-difensori-croati-caduti-deceduti-internati-o-scomparsi-nella-guerra-patriottica\/","og_site_name":"Citt\u00e0 di Fiume","article_modified_time":"2024-05-24T13:06:23+00:00","twitter_card":"summary_large_image","twitter_misc":{"Est. reading time":"1 minute"},"schema":{"@context":"https:\/\/schema.org","@graph":[{"@type":"WebPage","@id":"https:\/\/www.rijeka.hr\/it\/temi-per-i-cittadini\/famiglia-e-assistenza-sociale\/previdenza-sociale\/rimborso-delle-spese-e-sussidi\/sussidi\/sostegno-unico-ai-figli-dei-difensori-croati-caduti-deceduti-internati-o-scomparsi-nella-guerra-patriottica\/","url":"https:\/\/www.rijeka.hr\/it\/temi-per-i-cittadini\/famiglia-e-assistenza-sociale\/previdenza-sociale\/rimborso-delle-spese-e-sussidi\/sussidi\/sostegno-unico-ai-figli-dei-difensori-croati-caduti-deceduti-internati-o-scomparsi-nella-guerra-patriottica\/","name":"Sostegno unico agli alunni e studenti regolari - Citt\u00e0 di Fiume","isPartOf":{"@id":"https:\/\/www.rijeka.hr\/it\/#website"},"datePublished":"2016-08-01T08:27:34+00:00","dateModified":"2024-05-24T13:06:23+00:00","breadcrumb":{"@id":"https:\/\/www.rijeka.hr\/it\/temi-per-i-cittadini\/famiglia-e-assistenza-sociale\/previdenza-sociale\/rimborso-delle-spese-e-sussidi\/sussidi\/sostegno-unico-ai-figli-dei-difensori-croati-caduti-deceduti-internati-o-scomparsi-nella-guerra-patriottica\/#breadcrumb"},"inLanguage":"it-IT","potentialAction":[{"@type":"ReadAction","target":["https:\/\/www.rijeka.hr\/it\/temi-per-i-cittadini\/famiglia-e-assistenza-sociale\/previdenza-sociale\/rimborso-delle-spese-e-sussidi\/sussidi\/sostegno-unico-ai-figli-dei-difensori-croati-caduti-deceduti-internati-o-scomparsi-nella-guerra-patriottica\/"]}]},{"@type":"BreadcrumbList","@id":"https:\/\/www.rijeka.hr\/it\/temi-per-i-cittadini\/famiglia-e-assistenza-sociale\/previdenza-sociale\/rimborso-delle-spese-e-sussidi\/sussidi\/sostegno-unico-ai-figli-dei-difensori-croati-caduti-deceduti-internati-o-scomparsi-nella-guerra-patriottica\/#breadcrumb","itemListElement":[{"@type":"ListItem","position":1,"name":"Po\u010detna stranica","item":"https:\/\/www.rijeka.hr\/it\/"},{"@type":"ListItem","position":2,"name":"Temi per i cittadini","item":"https:\/\/www.rijeka.hr\/it\/temi-per-i-cittadini\/"},{"@type":"ListItem","position":3,"name":"Famiglia e previdenza sociale","item":"https:\/\/www.rijeka.hr\/it\/temi-per-i-cittadini\/famiglia-e-assistenza-sociale\/"},{"@type":"ListItem","position":4,"name":"Previdenza sociale","item":"https:\/\/www.rijeka.hr\/it\/temi-per-i-cittadini\/famiglia-e-assistenza-sociale\/previdenza-sociale\/"},{"@type":"ListItem","position":5,"name":"Rimborso delle spese e sussidi","item":"https:\/\/www.rijeka.hr\/it\/temi-per-i-cittadini\/famiglia-e-assistenza-sociale\/previdenza-sociale\/rimborso-delle-spese-e-sussidi\/"},{"@type":"ListItem","position":6,"name":"Sussidi","item":"https:\/\/www.rijeka.hr\/it\/temi-per-i-cittadini\/famiglia-e-assistenza-sociale\/previdenza-sociale\/rimborso-delle-spese-e-sussidi\/sussidi\/"},{"@type":"ListItem","position":7,"name":"Sostegno unico agli alunni e studenti regolari"}]},{"@type":"WebSite","@id":"https:\/\/www.rijeka.hr\/it\/#website","url":"https:\/\/www.rijeka.hr\/it\/","name":"Citt\u00e0 di Fiume","description":"Portale web della Citta&#039; di Fiume","potentialAction":[{"@type":"SearchAction","target":{"@type":"EntryPoint","urlTemplate":"https:\/\/www.rijeka.hr\/it\/?s={search_term_string}"},"query-input":{"@type":"PropertyValueSpecification","valueRequired":true,"valueName":"search_term_string"}}],"inLanguage":"it-IT"}]}},"_links":{"self":[{"href":"https:\/\/www.rijeka.hr\/it\/wp-json\/wp\/v2\/pages\/574","targetHints":{"allow":["GET"]}}],"collection":[{"href":"https:\/\/www.rijeka.hr\/it\/wp-json\/wp\/v2\/pages"}],"about":[{"href":"https:\/\/www.rijeka.hr\/it\/wp-json\/wp\/v2\/types\/page"}],"author":[{"embeddable":true,"href":"https:\/\/www.rijeka.hr\/it\/wp-json\/wp\/v2\/users\/6"}],"replies":[{"embeddable":true,"href":"https:\/\/www.rijeka.hr\/it\/wp-json\/wp\/v2\/comments?post=574"}],"version-history":[{"count":9,"href":"https:\/\/www.rijeka.hr\/it\/wp-json\/wp\/v2\/pages\/574\/revisions"}],"predecessor-version":[{"id":4411,"href":"https:\/\/www.rijeka.hr\/it\/wp-json\/wp\/v2\/pages\/574\/revisions\/4411"}],"up":[{"embeddable":true,"href":"https:\/\/www.rijeka.hr\/it\/wp-json\/wp\/v2\/pages\/495"}],"wp:attachment":[{"href":"https:\/\/www.rijeka.hr\/it\/wp-json\/wp\/v2\/media?parent=574"}],"wp:term":[{"taxonomy":"post_tag","embeddable":true,"href":"https:\/\/www.rijeka.hr\/it\/wp-json\/wp\/v2\/tags?post=574"}],"curies":[{"name":"wp","href":"https:\/\/api.w.org\/{rel}","templated":true}]}}