{"id":59,"date":"2016-07-22T09:53:30","date_gmt":"2016-07-22T07:53:30","guid":{"rendered":"https:\/\/www.rijeka.hr\/it\/?page_id=59"},"modified":"2019-11-11T08:28:12","modified_gmt":"2019-11-11T07:28:12","slug":"consultorio-di-sviluppo-korak-naprijed-un-passo-in-avanti-per-incoraggiare-i-bambini-con-necessita-particolari","status":"publish","type":"page","link":"https:\/\/www.rijeka.hr\/it\/temi-per-i-cittadini\/famiglia-e-assistenza-sociale\/previdenza-sociale\/servizi-sociali-assistenza-laica\/consultorio-di-sviluppo-korak-naprijed-un-passo-in-avanti-per-incoraggiare-i-bambini-con-necessita-particolari\/","title":{"rendered":"Consultorio di sviluppo &#8220;Korak naprijed \/ Un passo in avanti&#8221; \u2013 per incoraggiare i bambini con necessit\u00e0 particolari"},"content":{"rendered":"<p>Il progetto inerente al Consultorio di sviluppo <a href=\"http:\/\/www.okolonaokolo.hr\" target=\"_blank\" rel=\"noopener\">&#8220;Korak naprijed \/ Un passo in avanti&#8221; <\/a>\u00e8 dedicato ai bambini con difficolt\u00e0 nello sviluppo, che dopo un intervento precoce sono stati integrati negli asili d\u2019infanzia e nelle scuole regolari, e ai loro genitori. Nell\u2019ambito del progetto ai bambini e ai genitori sono offerte alcune possibilit\u00e0 per trascorrere il tempo libero in modo qualitativo, per progredire, attraverso laboratori creativi, terapie con danza e movimento, il lavoro consultivo con famiglie e conferenze educative al fine di incoraggiare le famiglie.<\/p>\n<p>Lo scopo del progetto \u00e8 quello di incoraggiare e sostenere lo sviluppo infantile e incoraggiare e rafforzare i potenziali e le risorse che la famiglia possiede per permettere ai famigliari di affrontare con successo le difficolt\u00e0 quotidiane attraverso l\u2019assistenza psicosociale, il supporto e l\u2019educazione della famiglia che ha un bambino con difficolt\u00e0 nello sviluppo. Con l\u2019attuazione di questo progetto si cerca di aumentare la confidenza e il collegamento emozionale dei familiari, di migliorare le abilit\u00e0 di comunicazione e di interazione creando in questo modo nelle famiglie un atmosfera pi\u00f9 rilassata e sicura.<\/p>\n<p>Il consultorio di sviluppo, in senso pi\u00f9 stretto, presta servizi consultivi ai fruitori, alle famiglie che hanno bambini con difficolt\u00e0 nello sviluppo e bambini a rischio di sviluppo in et\u00e0 prescolare, che riguardano una stima dei rischi di sviluppo, una stima psicologica e consulenze che includono le attivit\u00e0 proposte per incoraggiare lo sviluppo infantile.<\/p>\n","protected":false},"excerpt":{"rendered":"<p>Il progetto inerente al Consultorio di sviluppo &#8220;Korak naprijed \/ Un passo in avanti&#8221; \u00e8 dedicato ai bambini con difficolt\u00e0 nello sviluppo, che dopo un intervento precoce sono stati integrati negli asili d\u2019infanzia e nelle scuole regolari, e ai loro genitori. Nell\u2019ambito del progetto ai bambini e ai genitori sono offerte alcune possibilit\u00e0 per trascorrere&#8230;<\/p>\n","protected":false},"author":6,"featured_media":0,"parent":21,"menu_order":0,"comment_status":"closed","ping_status":"closed","template":"","meta":{"_acf_changed":false,"_trash_the_other_posts":false,"footnotes":"","_links_to":"","_links_to_target":""},"tags":[],"class_list":["post-59","page","type-page","status-publish","hentry"],"acf":[],"yoast_head":"<!-- This site is optimized with the Yoast SEO plugin v24.4 - https:\/\/yoast.com\/wordpress\/plugins\/seo\/ -->\n<title>Consultorio di sviluppo &quot;Korak naprijed \/ Un passo in avanti&quot; \u2013 per incoraggiare i bambini con necessit\u00e0 particolari - Citt\u00e0 di Fiume<\/title>\n<meta name=\"robots\" content=\"index, follow, max-snippet:-1, max-image-preview:large, max-video-preview:-1\" \/>\n<link rel=\"canonical\" href=\"https:\/\/www.rijeka.hr\/it\/temi-per-i-cittadini\/famiglia-e-assistenza-sociale\/previdenza-sociale\/servizi-sociali-assistenza-laica\/consultorio-di-sviluppo-korak-naprijed-un-passo-in-avanti-per-incoraggiare-i-bambini-con-necessita-particolari\/\" \/>\n<meta property=\"og:locale\" content=\"it_IT\" \/>\n<meta property=\"og:type\" content=\"article\" \/>\n<meta property=\"og:title\" content=\"Consultorio di sviluppo &quot;Korak naprijed \/ Un passo in avanti&quot; \u2013 per incoraggiare i bambini con necessit\u00e0 particolari - Citt\u00e0 di Fiume\" \/>\n<meta property=\"og:description\" content=\"Il progetto inerente al Consultorio di sviluppo &#8220;Korak naprijed \/ Un passo in avanti&#8221; \u00e8 dedicato ai bambini con difficolt\u00e0 nello sviluppo, che dopo un intervento precoce sono stati integrati negli asili d\u2019infanzia e nelle scuole regolari, e ai loro genitori. Nell\u2019ambito del progetto ai bambini e ai genitori sono offerte alcune possibilit\u00e0 per trascorrere...\" \/>\n<meta property=\"og:url\" content=\"https:\/\/www.rijeka.hr\/it\/temi-per-i-cittadini\/famiglia-e-assistenza-sociale\/previdenza-sociale\/servizi-sociali-assistenza-laica\/consultorio-di-sviluppo-korak-naprijed-un-passo-in-avanti-per-incoraggiare-i-bambini-con-necessita-particolari\/\" \/>\n<meta property=\"og:site_name\" content=\"Citt\u00e0 di Fiume\" \/>\n<meta property=\"article:modified_time\" content=\"2019-11-11T07:28:12+00:00\" \/>\n<meta name=\"twitter:card\" content=\"summary_large_image\" \/>\n<meta name=\"twitter:label1\" content=\"Est. reading time\" \/>\n\t<meta name=\"twitter:data1\" content=\"1 minute\" \/>\n<script type=\"application\/ld+json\" class=\"yoast-schema-graph\">{\"@context\":\"https:\/\/schema.org\",\"@graph\":[{\"@type\":\"WebPage\",\"@id\":\"https:\/\/www.rijeka.hr\/it\/temi-per-i-cittadini\/famiglia-e-assistenza-sociale\/previdenza-sociale\/servizi-sociali-assistenza-laica\/consultorio-di-sviluppo-korak-naprijed-un-passo-in-avanti-per-incoraggiare-i-bambini-con-necessita-particolari\/\",\"url\":\"https:\/\/www.rijeka.hr\/it\/temi-per-i-cittadini\/famiglia-e-assistenza-sociale\/previdenza-sociale\/servizi-sociali-assistenza-laica\/consultorio-di-sviluppo-korak-naprijed-un-passo-in-avanti-per-incoraggiare-i-bambini-con-necessita-particolari\/\",\"name\":\"Consultorio di sviluppo \\\"Korak naprijed \/ Un passo in avanti\\\" \u2013 per incoraggiare i bambini con necessit\u00e0 particolari - Citt\u00e0 di Fiume\",\"isPartOf\":{\"@id\":\"https:\/\/www.rijeka.hr\/it\/#website\"},\"datePublished\":\"2016-07-22T07:53:30+00:00\",\"dateModified\":\"2019-11-11T07:28:12+00:00\",\"breadcrumb\":{\"@id\":\"https:\/\/www.rijeka.hr\/it\/temi-per-i-cittadini\/famiglia-e-assistenza-sociale\/previdenza-sociale\/servizi-sociali-assistenza-laica\/consultorio-di-sviluppo-korak-naprijed-un-passo-in-avanti-per-incoraggiare-i-bambini-con-necessita-particolari\/#breadcrumb\"},\"inLanguage\":\"it-IT\",\"potentialAction\":[{\"@type\":\"ReadAction\",\"target\":[\"https:\/\/www.rijeka.hr\/it\/temi-per-i-cittadini\/famiglia-e-assistenza-sociale\/previdenza-sociale\/servizi-sociali-assistenza-laica\/consultorio-di-sviluppo-korak-naprijed-un-passo-in-avanti-per-incoraggiare-i-bambini-con-necessita-particolari\/\"]}]},{\"@type\":\"BreadcrumbList\",\"@id\":\"https:\/\/www.rijeka.hr\/it\/temi-per-i-cittadini\/famiglia-e-assistenza-sociale\/previdenza-sociale\/servizi-sociali-assistenza-laica\/consultorio-di-sviluppo-korak-naprijed-un-passo-in-avanti-per-incoraggiare-i-bambini-con-necessita-particolari\/#breadcrumb\",\"itemListElement\":[{\"@type\":\"ListItem\",\"position\":1,\"name\":\"Po\u010detna stranica\",\"item\":\"https:\/\/www.rijeka.hr\/it\/\"},{\"@type\":\"ListItem\",\"position\":2,\"name\":\"Temi per i cittadini\",\"item\":\"https:\/\/www.rijeka.hr\/it\/temi-per-i-cittadini\/\"},{\"@type\":\"ListItem\",\"position\":3,\"name\":\"Famiglia e previdenza sociale\",\"item\":\"https:\/\/www.rijeka.hr\/it\/temi-per-i-cittadini\/famiglia-e-assistenza-sociale\/\"},{\"@type\":\"ListItem\",\"position\":4,\"name\":\"Previdenza sociale\",\"item\":\"https:\/\/www.rijeka.hr\/it\/temi-per-i-cittadini\/famiglia-e-assistenza-sociale\/previdenza-sociale\/\"},{\"@type\":\"ListItem\",\"position\":5,\"name\":\"Servizi sociali e assistenza laica\",\"item\":\"https:\/\/www.rijeka.hr\/it\/temi-per-i-cittadini\/famiglia-e-assistenza-sociale\/previdenza-sociale\/servizi-sociali-assistenza-laica\/\"},{\"@type\":\"ListItem\",\"position\":6,\"name\":\"Consultorio di sviluppo &#8220;Korak naprijed \/ Un passo in avanti&#8221; \u2013 per incoraggiare i bambini con necessit\u00e0 particolari\"}]},{\"@type\":\"WebSite\",\"@id\":\"https:\/\/www.rijeka.hr\/it\/#website\",\"url\":\"https:\/\/www.rijeka.hr\/it\/\",\"name\":\"Citt\u00e0 di Fiume\",\"description\":\"Portale web della Citta&#039; di Fiume\",\"potentialAction\":[{\"@type\":\"SearchAction\",\"target\":{\"@type\":\"EntryPoint\",\"urlTemplate\":\"https:\/\/www.rijeka.hr\/it\/?s={search_term_string}\"},\"query-input\":{\"@type\":\"PropertyValueSpecification\",\"valueRequired\":true,\"valueName\":\"search_term_string\"}}],\"inLanguage\":\"it-IT\"}]}<\/script>\n<!-- \/ Yoast SEO plugin. -->","yoast_head_json":{"title":"Consultorio di sviluppo \"Korak naprijed \/ Un passo in avanti\" \u2013 per incoraggiare i bambini con necessit\u00e0 particolari - Citt\u00e0 di Fiume","robots":{"index":"index","follow":"follow","max-snippet":"max-snippet:-1","max-image-preview":"max-image-preview:large","max-video-preview":"max-video-preview:-1"},"canonical":"https:\/\/www.rijeka.hr\/it\/temi-per-i-cittadini\/famiglia-e-assistenza-sociale\/previdenza-sociale\/servizi-sociali-assistenza-laica\/consultorio-di-sviluppo-korak-naprijed-un-passo-in-avanti-per-incoraggiare-i-bambini-con-necessita-particolari\/","og_locale":"it_IT","og_type":"article","og_title":"Consultorio di sviluppo \"Korak naprijed \/ Un passo in avanti\" \u2013 per incoraggiare i bambini con necessit\u00e0 particolari - Citt\u00e0 di Fiume","og_description":"Il progetto inerente al Consultorio di sviluppo &#8220;Korak naprijed \/ Un passo in avanti&#8221; \u00e8 dedicato ai bambini con difficolt\u00e0 nello sviluppo, che dopo un intervento precoce sono stati integrati negli asili d\u2019infanzia e nelle scuole regolari, e ai loro genitori. Nell\u2019ambito del progetto ai bambini e ai genitori sono offerte alcune possibilit\u00e0 per trascorrere...","og_url":"https:\/\/www.rijeka.hr\/it\/temi-per-i-cittadini\/famiglia-e-assistenza-sociale\/previdenza-sociale\/servizi-sociali-assistenza-laica\/consultorio-di-sviluppo-korak-naprijed-un-passo-in-avanti-per-incoraggiare-i-bambini-con-necessita-particolari\/","og_site_name":"Citt\u00e0 di Fiume","article_modified_time":"2019-11-11T07:28:12+00:00","twitter_card":"summary_large_image","twitter_misc":{"Est. reading time":"1 minute"},"schema":{"@context":"https:\/\/schema.org","@graph":[{"@type":"WebPage","@id":"https:\/\/www.rijeka.hr\/it\/temi-per-i-cittadini\/famiglia-e-assistenza-sociale\/previdenza-sociale\/servizi-sociali-assistenza-laica\/consultorio-di-sviluppo-korak-naprijed-un-passo-in-avanti-per-incoraggiare-i-bambini-con-necessita-particolari\/","url":"https:\/\/www.rijeka.hr\/it\/temi-per-i-cittadini\/famiglia-e-assistenza-sociale\/previdenza-sociale\/servizi-sociali-assistenza-laica\/consultorio-di-sviluppo-korak-naprijed-un-passo-in-avanti-per-incoraggiare-i-bambini-con-necessita-particolari\/","name":"Consultorio di sviluppo \"Korak naprijed \/ Un passo in avanti\" \u2013 per incoraggiare i bambini con necessit\u00e0 particolari - Citt\u00e0 di Fiume","isPartOf":{"@id":"https:\/\/www.rijeka.hr\/it\/#website"},"datePublished":"2016-07-22T07:53:30+00:00","dateModified":"2019-11-11T07:28:12+00:00","breadcrumb":{"@id":"https:\/\/www.rijeka.hr\/it\/temi-per-i-cittadini\/famiglia-e-assistenza-sociale\/previdenza-sociale\/servizi-sociali-assistenza-laica\/consultorio-di-sviluppo-korak-naprijed-un-passo-in-avanti-per-incoraggiare-i-bambini-con-necessita-particolari\/#breadcrumb"},"inLanguage":"it-IT","potentialAction":[{"@type":"ReadAction","target":["https:\/\/www.rijeka.hr\/it\/temi-per-i-cittadini\/famiglia-e-assistenza-sociale\/previdenza-sociale\/servizi-sociali-assistenza-laica\/consultorio-di-sviluppo-korak-naprijed-un-passo-in-avanti-per-incoraggiare-i-bambini-con-necessita-particolari\/"]}]},{"@type":"BreadcrumbList","@id":"https:\/\/www.rijeka.hr\/it\/temi-per-i-cittadini\/famiglia-e-assistenza-sociale\/previdenza-sociale\/servizi-sociali-assistenza-laica\/consultorio-di-sviluppo-korak-naprijed-un-passo-in-avanti-per-incoraggiare-i-bambini-con-necessita-particolari\/#breadcrumb","itemListElement":[{"@type":"ListItem","position":1,"name":"Po\u010detna stranica","item":"https:\/\/www.rijeka.hr\/it\/"},{"@type":"ListItem","position":2,"name":"Temi per i cittadini","item":"https:\/\/www.rijeka.hr\/it\/temi-per-i-cittadini\/"},{"@type":"ListItem","position":3,"name":"Famiglia e previdenza sociale","item":"https:\/\/www.rijeka.hr\/it\/temi-per-i-cittadini\/famiglia-e-assistenza-sociale\/"},{"@type":"ListItem","position":4,"name":"Previdenza sociale","item":"https:\/\/www.rijeka.hr\/it\/temi-per-i-cittadini\/famiglia-e-assistenza-sociale\/previdenza-sociale\/"},{"@type":"ListItem","position":5,"name":"Servizi sociali e assistenza laica","item":"https:\/\/www.rijeka.hr\/it\/temi-per-i-cittadini\/famiglia-e-assistenza-sociale\/previdenza-sociale\/servizi-sociali-assistenza-laica\/"},{"@type":"ListItem","position":6,"name":"Consultorio di sviluppo &#8220;Korak naprijed \/ Un passo in avanti&#8221; \u2013 per incoraggiare i bambini con necessit\u00e0 particolari"}]},{"@type":"WebSite","@id":"https:\/\/www.rijeka.hr\/it\/#website","url":"https:\/\/www.rijeka.hr\/it\/","name":"Citt\u00e0 di Fiume","description":"Portale web della Citta&#039; di Fiume","potentialAction":[{"@type":"SearchAction","target":{"@type":"EntryPoint","urlTemplate":"https:\/\/www.rijeka.hr\/it\/?s={search_term_string}"},"query-input":{"@type":"PropertyValueSpecification","valueRequired":true,"valueName":"search_term_string"}}],"inLanguage":"it-IT"}]}},"_links":{"self":[{"href":"https:\/\/www.rijeka.hr\/it\/wp-json\/wp\/v2\/pages\/59","targetHints":{"allow":["GET"]}}],"collection":[{"href":"https:\/\/www.rijeka.hr\/it\/wp-json\/wp\/v2\/pages"}],"about":[{"href":"https:\/\/www.rijeka.hr\/it\/wp-json\/wp\/v2\/types\/page"}],"author":[{"embeddable":true,"href":"https:\/\/www.rijeka.hr\/it\/wp-json\/wp\/v2\/users\/6"}],"replies":[{"embeddable":true,"href":"https:\/\/www.rijeka.hr\/it\/wp-json\/wp\/v2\/comments?post=59"}],"version-history":[{"count":2,"href":"https:\/\/www.rijeka.hr\/it\/wp-json\/wp\/v2\/pages\/59\/revisions"}],"predecessor-version":[{"id":6431,"href":"https:\/\/www.rijeka.hr\/it\/wp-json\/wp\/v2\/pages\/59\/revisions\/6431"}],"up":[{"embeddable":true,"href":"https:\/\/www.rijeka.hr\/it\/wp-json\/wp\/v2\/pages\/21"}],"wp:attachment":[{"href":"https:\/\/www.rijeka.hr\/it\/wp-json\/wp\/v2\/media?parent=59"}],"wp:term":[{"taxonomy":"post_tag","embeddable":true,"href":"https:\/\/www.rijeka.hr\/it\/wp-json\/wp\/v2\/tags?post=59"}],"curies":[{"name":"wp","href":"https:\/\/api.w.org\/{rel}","templated":true}]}}