{"id":604,"date":"2016-08-01T12:15:56","date_gmt":"2016-08-01T10:15:56","guid":{"rendered":"https:\/\/www.rijeka.hr\/it\/?page_id=604"},"modified":"2021-07-09T12:50:53","modified_gmt":"2021-07-09T10:50:53","slug":"servizi-sociali-e-sanitari","status":"publish","type":"page","link":"https:\/\/www.rijeka.hr\/it\/temi-per-i-cittadini\/famiglia-e-assistenza-sociale\/persone-con-disabilita\/servizi-sociali-e-sanitari\/servizi-sociali-e-sanitari\/","title":{"rendered":"Servizi sociali e sanitari"},"content":{"rendered":"<h3>Servizi sanitari<\/h3>\n<p>Il programma di assistenza sanitaria della Citt\u00e0 di Fiume \u00e8 volto a prevenire e controllare la disabilit\u00e0 nei cittadini. Secondo le stime dell&#8217;Organizzazione mondiale della sanit\u00e0, le persone con disabilit\u00e0 rappresentano circa il 10% della popolazione mondiale. A causa delle loro esigenze specifiche a Fiume, esistono vari servizi sanitari dedicati alle persone con disabilit\u00e0 che mirano sia a prevenire ulteriori danni alla salute sia a mantenere il pi\u00f9 alto livello di qualit\u00e0 possibile delle loro vite.<\/p>\n<p>Qui sotto presentiamo la lista con le descrizioni dei vari servizi sanitari disponibili ai bambini con bisogni speciali e adulti con disabilit\u00e0.<\/p>\n<ul>\n<li><a href=\"https:\/\/www.rijeka.hr\/it\/salute\/servizi-sanitari-eo-servizi-consultivi\/continua-supervisione-dei-bambini-e-giovani-con-paralisi-cerebrale-e-con-altre-forme-di-disabilita-fisica\/?preview_id=116&amp;preview_nonce=6825d665c6&amp;preview=true\">Continua<\/a> supervisione dei bambini e giovani con paralisi cerebrale e con altre forme di disabilit\u00e0 fisica \u2013 Ambulatorio di medicina fisica e riabilitazione, Mile Batini\u0107, dott. med.<\/li>\n<li><a href=\"http:\/\/Idrokinesiterapia\">Idrokinesiterapia<\/a> per bambini con difficolt\u00e0 nello sviluppo e persone con disabilit\u00e0 \u2013 Club di nuoto Forca<\/li>\n<li>Nuoto terapeutico \u2013 Associazione \u201cSunce\u201d<\/li>\n<li><a href=\"http:\/\/www.pegaz-rijeka.hr\/\">Equitazione terapeutica<\/a> \u2013 Pegaz<\/li>\n<\/ul>\n<h3>Servizi sociali<\/h3>\n<p>Vari servizi sociali disponibili a Fiume ai disabili e ai bambini con bisogni speciali includono la riabilitazione, ovvero il supporto psicosociale e interventi precoci per incoraggiare lo sviluppo di abilit\u00e0 cognitive, funzionali, comunicative o sociali.<\/p>\n<p>Vi presentiamo alcuni servizi sociali dedicati alle persone con disabilit\u00e0. Ulteriori informazioni sono disponibili attraverso il contatto diretto con le singole associazioni dedicate ai bambini con bisogni speciali o adulti disabili.<\/p>\n<ul>\n<li><a href=\"https:\/\/www.rijeka.hr\/it\/famiglia-e-assistenza-sociale\/previdenza-sociale\/servizi-sociali\/laboratori-extra-istituzionali-per-bambini-e-giovani-con-disabilita\/\">Laboratori extra istituzionali per bambini e giovani con disabilit\u00e0<\/a> \u2013 Associazione delle persone affette da paralisi cerebrale<\/li>\n<li><a href=\"https:\/\/www.rijeka.hr\/it\/famiglia-e-assistenza-sociale\/previdenza-sociale\/servizi-sociali\/laboratori-creiamo-insieme-per-bambini-con-difficolta-nello-sviluppo\/\">Laboratori \u201cCreiamo insieme\u201d dedicati ai bambini con difficolt\u00e0 nello sviluppo<\/a> \u2013 La societ\u00e0 per la cibernetica della psicoterapia<\/li>\n<li>L<a href=\"https:\/\/www.rijeka.hr\/it\/famiglia-e-assistenza-sociale\/previdenza-sociale\/servizi-sociali\/laboratori-creativi-dedicati-alle-persone-affette-da-sclerosi-multipla\/\">aboratori creativi dedicati alle persone affette da sclerosi multipla<\/a> \u2013 La societ\u00e0 sclerosi multipla<\/li>\n<li><a href=\"https:\/\/www.rijeka.hr\/it\/famiglia-e-assistenza-sociale\/previdenza-sociale\/servizi-sociali\/cura-completa-per-i-diversamente-abili-nella-comunita\/\">Cura completa per i diversamente abili nella comunit\u00e0<\/a> \u2013 L\u2019associazione per l\u2019assistenza alle persone con ritardo mentale (Club Srce\/Cuore)<\/li>\n<li><a href=\"https:\/\/www.rijeka.hr\/it\/famiglia-e-assistenza-sociale\/previdenza-sociale\/servizi-sociali\/gruppi-di-sostegno-ai-genitori-e-laboratori-per-i-bambini-con-sindrome-di-down\/\">Gruppi di sostegno ai genitori e laboratori per bambini con sindrome di Down<\/a> \u2013 Associazione Sindrome di Down \u2013 Rijeka 21<\/li>\n<li><a href=\"https:\/\/www.rijeka.hr\/it\/famiglia-e-assistenza-sociale\/previdenza-sociale\/servizi-sociali\/il-progetto-di-sensibilizzazione-sulle-esigenze-dei-bambini-con-difficolta-nello-sviluppo-il-mio-amico-speciale\/\">Laboratorio \u201cIl mio amico speciale\u201d<\/a> \u2013 Centro per l\u2019intervento precoce OKOlonaOKOlo<\/li>\n<li><a href=\"https:\/\/www.rijeka.hr\/it\/famiglia-e-assistenza-sociale\/previdenza-sociale\/servizi-sociali\/simulazioni-musicali-per-bambini-ipoudenti-e-con-disturbi-del-linguaggio\/\">Simulazioni musicali <\/a>per bambini audiolesi e con disturbi del linguaggio \u2013 Il centro diurno per la riabilitazione Slava Ra\u0161kaj<\/li>\n<li><a href=\"https:\/\/www.rijeka.hr\/it\/famiglia-e-assistenza-sociale\/previdenza-sociale\/servizi-sociali\/intervento-precoce-fisioterapico-e-di-terapia-occupazionale-attraverso-il-servizio-ambulatorio-a-fiume\/\">Intervento precoce fisioterapico e di terapia occupazionale attraverso il servizio ambulatoriale a Fiume<\/a> \u2013 Centro per la riabilitazione Fortica a Kraljevica<\/li>\n<li><a href=\"https:\/\/www.rijeka.hr\/it\/famiglia-e-assistenza-sociale\/previdenza-sociale\/servizi-sociali\/festival-della-creativita-e-dei-conseguimenti-delle-persone-con-disabilita-i-fest\/\">Festival della creativit\u00e0 <\/a>e dei conseguimenti delle persone con disabilit\u00e0 (i-Fest)<\/li>\n<li><a href=\"https:\/\/www.rijeka.hr\/it\/famiglia-e-assistenza-sociale\/persone-con-disabilita\/programma-sociale\/\">Provvidenza per il trasporto<\/a> &#8211;\u00a0acquisto di furgoni per associazioni, pagamento delle spese di trasporto per associazioni, un furgone speciale, auto scuola, trasporto verso la scuola materna e la scuola<\/li>\n<li><a href=\"https:\/\/www.rijeka.hr\/it\/famiglia-e-assistenza-sociale\/previdenza-sociale\/servizi-sociali\/consultorio-di-sviluppo-korak-naprijed-un-passo-in-avanti-per-incoraggiare-i-bambini-con-necessita-particolari\/\">Consultorio di sviluppo &#8220;Korak naprijed \/ Un passo in avanti&#8221;<\/a> \u2013 per incoraggiare i bambini con necessit\u00e0 particolari \u2013 Centro per l\u2019intervento precoce OKOlonaOKOlo<\/li>\n<li><a href=\"https:\/\/www.rijeka.hr\/it\/famiglia-e-assistenza-sociale\/previdenza-sociale\/servizi-sociali\/educazione-per-i-genitori-dei-bambini-con-difficolta-nello-sviluppo-e-lavoro-con-bambini\/\">Educazione per i genitori dei bambini con difficolt\u00e0 nello sviluppo e lavoro con bambini con difficolt\u00e0 nello sviluppo e presone con disabilit\u00e0<\/a> \u2013 Associazione Dira<\/li>\n<\/ul>\n","protected":false},"excerpt":{"rendered":"<p>Servizi sanitari Il programma di assistenza sanitaria della Citt\u00e0 di Fiume \u00e8 volto a prevenire e controllare la disabilit\u00e0 nei cittadini. Secondo le stime dell&#8217;Organizzazione mondiale della sanit\u00e0, le persone con disabilit\u00e0 rappresentano circa il 10% della popolazione mondiale. A causa delle loro esigenze specifiche a Fiume, esistono vari servizi sanitari dedicati alle persone con&#8230;<\/p>\n","protected":false},"author":6,"featured_media":0,"parent":599,"menu_order":0,"comment_status":"closed","ping_status":"closed","template":"","meta":{"_acf_changed":false,"_trash_the_other_posts":false,"footnotes":"","_links_to":"","_links_to_target":""},"tags":[],"class_list":["post-604","page","type-page","status-publish","hentry"],"acf":[],"yoast_head":"<!-- This site is optimized with the Yoast SEO plugin v24.4 - https:\/\/yoast.com\/wordpress\/plugins\/seo\/ -->\n<title>Servizi sociali e sanitari - Citt\u00e0 di Fiume<\/title>\n<meta name=\"robots\" content=\"index, follow, max-snippet:-1, max-image-preview:large, max-video-preview:-1\" \/>\n<link rel=\"canonical\" href=\"https:\/\/www.rijeka.hr\/it\/temi-per-i-cittadini\/famiglia-e-assistenza-sociale\/persone-con-disabilita\/servizi-sociali-e-sanitari\/servizi-sociali-e-sanitari\/\" \/>\n<meta property=\"og:locale\" content=\"it_IT\" \/>\n<meta property=\"og:type\" content=\"article\" \/>\n<meta property=\"og:title\" content=\"Servizi sociali e sanitari - Citt\u00e0 di Fiume\" \/>\n<meta property=\"og:description\" content=\"Servizi sanitari Il programma di assistenza sanitaria della Citt\u00e0 di Fiume \u00e8 volto a prevenire e controllare la disabilit\u00e0 nei cittadini. Secondo le stime dell&#8217;Organizzazione mondiale della sanit\u00e0, le persone con disabilit\u00e0 rappresentano circa il 10% della popolazione mondiale. A causa delle loro esigenze specifiche a Fiume, esistono vari servizi sanitari dedicati alle persone con...\" \/>\n<meta property=\"og:url\" content=\"https:\/\/www.rijeka.hr\/it\/temi-per-i-cittadini\/famiglia-e-assistenza-sociale\/persone-con-disabilita\/servizi-sociali-e-sanitari\/servizi-sociali-e-sanitari\/\" \/>\n<meta property=\"og:site_name\" content=\"Citt\u00e0 di Fiume\" \/>\n<meta property=\"article:modified_time\" content=\"2021-07-09T10:50:53+00:00\" \/>\n<meta name=\"twitter:card\" content=\"summary_large_image\" \/>\n<meta name=\"twitter:label1\" content=\"Est. reading time\" \/>\n\t<meta name=\"twitter:data1\" content=\"2 minutes\" \/>\n<script type=\"application\/ld+json\" class=\"yoast-schema-graph\">{\"@context\":\"https:\/\/schema.org\",\"@graph\":[{\"@type\":\"WebPage\",\"@id\":\"https:\/\/www.rijeka.hr\/it\/temi-per-i-cittadini\/famiglia-e-assistenza-sociale\/persone-con-disabilita\/servizi-sociali-e-sanitari\/servizi-sociali-e-sanitari\/\",\"url\":\"https:\/\/www.rijeka.hr\/it\/temi-per-i-cittadini\/famiglia-e-assistenza-sociale\/persone-con-disabilita\/servizi-sociali-e-sanitari\/servizi-sociali-e-sanitari\/\",\"name\":\"Servizi sociali e sanitari - Citt\u00e0 di Fiume\",\"isPartOf\":{\"@id\":\"https:\/\/www.rijeka.hr\/it\/#website\"},\"datePublished\":\"2016-08-01T10:15:56+00:00\",\"dateModified\":\"2021-07-09T10:50:53+00:00\",\"breadcrumb\":{\"@id\":\"https:\/\/www.rijeka.hr\/it\/temi-per-i-cittadini\/famiglia-e-assistenza-sociale\/persone-con-disabilita\/servizi-sociali-e-sanitari\/servizi-sociali-e-sanitari\/#breadcrumb\"},\"inLanguage\":\"it-IT\",\"potentialAction\":[{\"@type\":\"ReadAction\",\"target\":[\"https:\/\/www.rijeka.hr\/it\/temi-per-i-cittadini\/famiglia-e-assistenza-sociale\/persone-con-disabilita\/servizi-sociali-e-sanitari\/servizi-sociali-e-sanitari\/\"]}]},{\"@type\":\"BreadcrumbList\",\"@id\":\"https:\/\/www.rijeka.hr\/it\/temi-per-i-cittadini\/famiglia-e-assistenza-sociale\/persone-con-disabilita\/servizi-sociali-e-sanitari\/servizi-sociali-e-sanitari\/#breadcrumb\",\"itemListElement\":[{\"@type\":\"ListItem\",\"position\":1,\"name\":\"Po\u010detna stranica\",\"item\":\"https:\/\/www.rijeka.hr\/it\/\"},{\"@type\":\"ListItem\",\"position\":2,\"name\":\"Temi per i cittadini\",\"item\":\"https:\/\/www.rijeka.hr\/it\/temi-per-i-cittadini\/\"},{\"@type\":\"ListItem\",\"position\":3,\"name\":\"Famiglia e previdenza sociale\",\"item\":\"https:\/\/www.rijeka.hr\/it\/temi-per-i-cittadini\/famiglia-e-assistenza-sociale\/\"},{\"@type\":\"ListItem\",\"position\":4,\"name\":\"Persone con disabilit\u00e0\",\"item\":\"https:\/\/www.rijeka.hr\/it\/temi-per-i-cittadini\/famiglia-e-assistenza-sociale\/persone-con-disabilita\/\"},{\"@type\":\"ListItem\",\"position\":5,\"name\":\"Istituzioni e servizi sociali e sanitari\",\"item\":\"https:\/\/www.rijeka.hr\/it\/temi-per-i-cittadini\/famiglia-e-assistenza-sociale\/persone-con-disabilita\/servizi-sociali-e-sanitari\/\"},{\"@type\":\"ListItem\",\"position\":6,\"name\":\"Servizi sociali e sanitari\"}]},{\"@type\":\"WebSite\",\"@id\":\"https:\/\/www.rijeka.hr\/it\/#website\",\"url\":\"https:\/\/www.rijeka.hr\/it\/\",\"name\":\"Citt\u00e0 di Fiume\",\"description\":\"Portale web della Citta&#039; di Fiume\",\"potentialAction\":[{\"@type\":\"SearchAction\",\"target\":{\"@type\":\"EntryPoint\",\"urlTemplate\":\"https:\/\/www.rijeka.hr\/it\/?s={search_term_string}\"},\"query-input\":{\"@type\":\"PropertyValueSpecification\",\"valueRequired\":true,\"valueName\":\"search_term_string\"}}],\"inLanguage\":\"it-IT\"}]}<\/script>\n<!-- \/ Yoast SEO plugin. -->","yoast_head_json":{"title":"Servizi sociali e sanitari - Citt\u00e0 di Fiume","robots":{"index":"index","follow":"follow","max-snippet":"max-snippet:-1","max-image-preview":"max-image-preview:large","max-video-preview":"max-video-preview:-1"},"canonical":"https:\/\/www.rijeka.hr\/it\/temi-per-i-cittadini\/famiglia-e-assistenza-sociale\/persone-con-disabilita\/servizi-sociali-e-sanitari\/servizi-sociali-e-sanitari\/","og_locale":"it_IT","og_type":"article","og_title":"Servizi sociali e sanitari - Citt\u00e0 di Fiume","og_description":"Servizi sanitari Il programma di assistenza sanitaria della Citt\u00e0 di Fiume \u00e8 volto a prevenire e controllare la disabilit\u00e0 nei cittadini. Secondo le stime dell&#8217;Organizzazione mondiale della sanit\u00e0, le persone con disabilit\u00e0 rappresentano circa il 10% della popolazione mondiale. A causa delle loro esigenze specifiche a Fiume, esistono vari servizi sanitari dedicati alle persone con...","og_url":"https:\/\/www.rijeka.hr\/it\/temi-per-i-cittadini\/famiglia-e-assistenza-sociale\/persone-con-disabilita\/servizi-sociali-e-sanitari\/servizi-sociali-e-sanitari\/","og_site_name":"Citt\u00e0 di Fiume","article_modified_time":"2021-07-09T10:50:53+00:00","twitter_card":"summary_large_image","twitter_misc":{"Est. reading time":"2 minutes"},"schema":{"@context":"https:\/\/schema.org","@graph":[{"@type":"WebPage","@id":"https:\/\/www.rijeka.hr\/it\/temi-per-i-cittadini\/famiglia-e-assistenza-sociale\/persone-con-disabilita\/servizi-sociali-e-sanitari\/servizi-sociali-e-sanitari\/","url":"https:\/\/www.rijeka.hr\/it\/temi-per-i-cittadini\/famiglia-e-assistenza-sociale\/persone-con-disabilita\/servizi-sociali-e-sanitari\/servizi-sociali-e-sanitari\/","name":"Servizi sociali e sanitari - Citt\u00e0 di Fiume","isPartOf":{"@id":"https:\/\/www.rijeka.hr\/it\/#website"},"datePublished":"2016-08-01T10:15:56+00:00","dateModified":"2021-07-09T10:50:53+00:00","breadcrumb":{"@id":"https:\/\/www.rijeka.hr\/it\/temi-per-i-cittadini\/famiglia-e-assistenza-sociale\/persone-con-disabilita\/servizi-sociali-e-sanitari\/servizi-sociali-e-sanitari\/#breadcrumb"},"inLanguage":"it-IT","potentialAction":[{"@type":"ReadAction","target":["https:\/\/www.rijeka.hr\/it\/temi-per-i-cittadini\/famiglia-e-assistenza-sociale\/persone-con-disabilita\/servizi-sociali-e-sanitari\/servizi-sociali-e-sanitari\/"]}]},{"@type":"BreadcrumbList","@id":"https:\/\/www.rijeka.hr\/it\/temi-per-i-cittadini\/famiglia-e-assistenza-sociale\/persone-con-disabilita\/servizi-sociali-e-sanitari\/servizi-sociali-e-sanitari\/#breadcrumb","itemListElement":[{"@type":"ListItem","position":1,"name":"Po\u010detna stranica","item":"https:\/\/www.rijeka.hr\/it\/"},{"@type":"ListItem","position":2,"name":"Temi per i cittadini","item":"https:\/\/www.rijeka.hr\/it\/temi-per-i-cittadini\/"},{"@type":"ListItem","position":3,"name":"Famiglia e previdenza sociale","item":"https:\/\/www.rijeka.hr\/it\/temi-per-i-cittadini\/famiglia-e-assistenza-sociale\/"},{"@type":"ListItem","position":4,"name":"Persone con disabilit\u00e0","item":"https:\/\/www.rijeka.hr\/it\/temi-per-i-cittadini\/famiglia-e-assistenza-sociale\/persone-con-disabilita\/"},{"@type":"ListItem","position":5,"name":"Istituzioni e servizi sociali e sanitari","item":"https:\/\/www.rijeka.hr\/it\/temi-per-i-cittadini\/famiglia-e-assistenza-sociale\/persone-con-disabilita\/servizi-sociali-e-sanitari\/"},{"@type":"ListItem","position":6,"name":"Servizi sociali e sanitari"}]},{"@type":"WebSite","@id":"https:\/\/www.rijeka.hr\/it\/#website","url":"https:\/\/www.rijeka.hr\/it\/","name":"Citt\u00e0 di Fiume","description":"Portale web della Citta&#039; di Fiume","potentialAction":[{"@type":"SearchAction","target":{"@type":"EntryPoint","urlTemplate":"https:\/\/www.rijeka.hr\/it\/?s={search_term_string}"},"query-input":{"@type":"PropertyValueSpecification","valueRequired":true,"valueName":"search_term_string"}}],"inLanguage":"it-IT"}]}},"_links":{"self":[{"href":"https:\/\/www.rijeka.hr\/it\/wp-json\/wp\/v2\/pages\/604","targetHints":{"allow":["GET"]}}],"collection":[{"href":"https:\/\/www.rijeka.hr\/it\/wp-json\/wp\/v2\/pages"}],"about":[{"href":"https:\/\/www.rijeka.hr\/it\/wp-json\/wp\/v2\/types\/page"}],"author":[{"embeddable":true,"href":"https:\/\/www.rijeka.hr\/it\/wp-json\/wp\/v2\/users\/6"}],"replies":[{"embeddable":true,"href":"https:\/\/www.rijeka.hr\/it\/wp-json\/wp\/v2\/comments?post=604"}],"version-history":[{"count":12,"href":"https:\/\/www.rijeka.hr\/it\/wp-json\/wp\/v2\/pages\/604\/revisions"}],"predecessor-version":[{"id":5963,"href":"https:\/\/www.rijeka.hr\/it\/wp-json\/wp\/v2\/pages\/604\/revisions\/5963"}],"up":[{"embeddable":true,"href":"https:\/\/www.rijeka.hr\/it\/wp-json\/wp\/v2\/pages\/599"}],"wp:attachment":[{"href":"https:\/\/www.rijeka.hr\/it\/wp-json\/wp\/v2\/media?parent=604"}],"wp:term":[{"taxonomy":"post_tag","embeddable":true,"href":"https:\/\/www.rijeka.hr\/it\/wp-json\/wp\/v2\/tags?post=604"}],"curies":[{"name":"wp","href":"https:\/\/api.w.org\/{rel}","templated":true}]}}