{"id":6289,"date":"2018-04-11T13:36:44","date_gmt":"2018-04-11T11:36:44","guid":{"rendered":"https:\/\/www.rijeka.hr\/it\/?page_id=6289"},"modified":"2024-05-24T14:54:13","modified_gmt":"2024-05-24T12:54:13","slug":"gli-over-65","status":"publish","type":"page","link":"https:\/\/www.rijeka.hr\/it\/temi-per-i-cittadini\/famiglia-e-assistenza-sociale\/previdenza-sociale\/rimborso-delle-spese-e-sussidi\/rimborso-delle-spese\/rimborso-delle-spese-per-labbonamento-al-trasporto-pubblico\/gli-over-65\/","title":{"rendered":"Gli over 65"},"content":{"rendered":"<p>La Citt\u00e0 di Fiume consente a questi cittadini corse gratuite su tutte le line e tutte le zone dove la municipalizzata \u201cAutotrolej\u201d presta il servizio di trasporto. L\u2019abbonamento annuale \u00e8 valido per un numero illimitato di corse dalla data di approvazione.<\/p>\n<h2>Chi pu\u00f2 ricevere assistenza?<\/h2>\n<p>Persone che hanno compiuto pi\u00f9 di 65 anni il cui reddito mensile \u00e8 inferiore a 2000 kune oppure hanno una disabilit\u00e0 fisica o intellettuale (persone sorde, non vedenti, persone affette da paralisi cerebrale o infantile, da sclerosi multipla, persone dializzate e pazienti con trapianto di rene, persone con disabilit\u00e0 intellettuali e persone con disabilit\u00e0 fisiche dell\u2019organismo fino al 70% e oltre) oppure sono vittime di guerra (invalidi militari croati della Guerra patriottica, vedovo\/vedova o genitore di un difensore croato caduto, internato o scomparso nella Guerra patriottica, ovvero invalidi di guerra militari e invalidi di guerra civili) oppure sono donatori di sangue (uomini con 40 e oltre, e donne con 25 e oltre donazioni di sangue).<\/p>\n<h2>Come ottenere assistenza?<\/h2>\n<p>L\u2019abbonamento mensile pu\u00f2 essere richiesto presso il punto vendita della municipalizzata Rijeka plus (Piazza Jela\u010di\u0107 3), previa presentazione della carta di identit\u00e0 e della documentazione che attesta una delle condizioni sopra citate (basso reddito, disabilit\u00e0 fisica o intellettuale, status di vittima di guerra o donatore di sangue).<\/p>\n<p>Attraverso l\u2019applicazione e-consulente nell\u2019ambito del Programma sociale della Citt\u00e0 di Fiume, i cittadini possono venir a sapere se possono diventare beneficiari di questo tipo di assistenza e come realizzarla.<\/p>\n","protected":false},"excerpt":{"rendered":"<p>La Citt\u00e0 di Fiume consente a questi cittadini corse gratuite su tutte le line e tutte le zone dove la municipalizzata \u201cAutotrolej\u201d presta il servizio di trasporto. L\u2019abbonamento annuale \u00e8 valido per un numero illimitato di corse dalla data di approvazione. Chi pu\u00f2 ricevere assistenza? Persone che hanno compiuto pi\u00f9 di 65 anni il cui&#8230;<\/p>\n","protected":false},"author":28,"featured_media":0,"parent":544,"menu_order":0,"comment_status":"closed","ping_status":"closed","template":"","meta":{"_acf_changed":false,"_trash_the_other_posts":false,"footnotes":"","_links_to":"","_links_to_target":""},"tags":[],"class_list":["post-6289","page","type-page","status-publish","hentry"],"acf":[],"yoast_head":"<!-- This site is optimized with the Yoast SEO plugin v24.4 - https:\/\/yoast.com\/wordpress\/plugins\/seo\/ -->\n<title>Gli over 65 - Citt\u00e0 di Fiume<\/title>\n<meta name=\"robots\" content=\"index, follow, max-snippet:-1, max-image-preview:large, max-video-preview:-1\" \/>\n<link rel=\"canonical\" href=\"https:\/\/www.rijeka.hr\/it\/temi-per-i-cittadini\/famiglia-e-assistenza-sociale\/previdenza-sociale\/rimborso-delle-spese-e-sussidi\/rimborso-delle-spese\/rimborso-delle-spese-per-labbonamento-al-trasporto-pubblico\/gli-over-65\/\" \/>\n<meta property=\"og:locale\" content=\"it_IT\" \/>\n<meta property=\"og:type\" content=\"article\" \/>\n<meta property=\"og:title\" content=\"Gli over 65 - Citt\u00e0 di Fiume\" \/>\n<meta property=\"og:description\" content=\"La Citt\u00e0 di Fiume consente a questi cittadini corse gratuite su tutte le line e tutte le zone dove la municipalizzata \u201cAutotrolej\u201d presta il servizio di trasporto. L\u2019abbonamento annuale \u00e8 valido per un numero illimitato di corse dalla data di approvazione. Chi pu\u00f2 ricevere assistenza? Persone che hanno compiuto pi\u00f9 di 65 anni il cui...\" \/>\n<meta property=\"og:url\" content=\"https:\/\/www.rijeka.hr\/it\/temi-per-i-cittadini\/famiglia-e-assistenza-sociale\/previdenza-sociale\/rimborso-delle-spese-e-sussidi\/rimborso-delle-spese\/rimborso-delle-spese-per-labbonamento-al-trasporto-pubblico\/gli-over-65\/\" \/>\n<meta property=\"og:site_name\" content=\"Citt\u00e0 di Fiume\" \/>\n<meta property=\"article:modified_time\" content=\"2024-05-24T12:54:13+00:00\" \/>\n<meta name=\"twitter:card\" content=\"summary_large_image\" \/>\n<meta name=\"twitter:label1\" content=\"Est. reading time\" \/>\n\t<meta name=\"twitter:data1\" content=\"1 minute\" \/>\n<script type=\"application\/ld+json\" class=\"yoast-schema-graph\">{\"@context\":\"https:\/\/schema.org\",\"@graph\":[{\"@type\":\"WebPage\",\"@id\":\"https:\/\/www.rijeka.hr\/it\/temi-per-i-cittadini\/famiglia-e-assistenza-sociale\/previdenza-sociale\/rimborso-delle-spese-e-sussidi\/rimborso-delle-spese\/rimborso-delle-spese-per-labbonamento-al-trasporto-pubblico\/gli-over-65\/\",\"url\":\"https:\/\/www.rijeka.hr\/it\/temi-per-i-cittadini\/famiglia-e-assistenza-sociale\/previdenza-sociale\/rimborso-delle-spese-e-sussidi\/rimborso-delle-spese\/rimborso-delle-spese-per-labbonamento-al-trasporto-pubblico\/gli-over-65\/\",\"name\":\"Gli over 65 - Citt\u00e0 di Fiume\",\"isPartOf\":{\"@id\":\"https:\/\/www.rijeka.hr\/it\/#website\"},\"datePublished\":\"2018-04-11T11:36:44+00:00\",\"dateModified\":\"2024-05-24T12:54:13+00:00\",\"breadcrumb\":{\"@id\":\"https:\/\/www.rijeka.hr\/it\/temi-per-i-cittadini\/famiglia-e-assistenza-sociale\/previdenza-sociale\/rimborso-delle-spese-e-sussidi\/rimborso-delle-spese\/rimborso-delle-spese-per-labbonamento-al-trasporto-pubblico\/gli-over-65\/#breadcrumb\"},\"inLanguage\":\"it-IT\",\"potentialAction\":[{\"@type\":\"ReadAction\",\"target\":[\"https:\/\/www.rijeka.hr\/it\/temi-per-i-cittadini\/famiglia-e-assistenza-sociale\/previdenza-sociale\/rimborso-delle-spese-e-sussidi\/rimborso-delle-spese\/rimborso-delle-spese-per-labbonamento-al-trasporto-pubblico\/gli-over-65\/\"]}]},{\"@type\":\"BreadcrumbList\",\"@id\":\"https:\/\/www.rijeka.hr\/it\/temi-per-i-cittadini\/famiglia-e-assistenza-sociale\/previdenza-sociale\/rimborso-delle-spese-e-sussidi\/rimborso-delle-spese\/rimborso-delle-spese-per-labbonamento-al-trasporto-pubblico\/gli-over-65\/#breadcrumb\",\"itemListElement\":[{\"@type\":\"ListItem\",\"position\":1,\"name\":\"Po\u010detna stranica\",\"item\":\"https:\/\/www.rijeka.hr\/it\/\"},{\"@type\":\"ListItem\",\"position\":2,\"name\":\"Temi per i cittadini\",\"item\":\"https:\/\/www.rijeka.hr\/it\/temi-per-i-cittadini\/\"},{\"@type\":\"ListItem\",\"position\":3,\"name\":\"Famiglia e previdenza sociale\",\"item\":\"https:\/\/www.rijeka.hr\/it\/temi-per-i-cittadini\/famiglia-e-assistenza-sociale\/\"},{\"@type\":\"ListItem\",\"position\":4,\"name\":\"Previdenza sociale\",\"item\":\"https:\/\/www.rijeka.hr\/it\/temi-per-i-cittadini\/famiglia-e-assistenza-sociale\/previdenza-sociale\/\"},{\"@type\":\"ListItem\",\"position\":5,\"name\":\"Rimborso delle spese e sussidi\",\"item\":\"https:\/\/www.rijeka.hr\/it\/temi-per-i-cittadini\/famiglia-e-assistenza-sociale\/previdenza-sociale\/rimborso-delle-spese-e-sussidi\/\"},{\"@type\":\"ListItem\",\"position\":6,\"name\":\"Rimborso delle spese\",\"item\":\"https:\/\/www.rijeka.hr\/it\/temi-per-i-cittadini\/famiglia-e-assistenza-sociale\/previdenza-sociale\/rimborso-delle-spese-e-sussidi\/rimborso-delle-spese\/\"},{\"@type\":\"ListItem\",\"position\":7,\"name\":\"Rimborso delle spese per l\u2019abbonamento al trasporto pubblico\",\"item\":\"https:\/\/www.rijeka.hr\/it\/temi-per-i-cittadini\/famiglia-e-assistenza-sociale\/previdenza-sociale\/rimborso-delle-spese-e-sussidi\/rimborso-delle-spese\/rimborso-delle-spese-per-labbonamento-al-trasporto-pubblico\/\"},{\"@type\":\"ListItem\",\"position\":8,\"name\":\"Gli over 65\"}]},{\"@type\":\"WebSite\",\"@id\":\"https:\/\/www.rijeka.hr\/it\/#website\",\"url\":\"https:\/\/www.rijeka.hr\/it\/\",\"name\":\"Citt\u00e0 di Fiume\",\"description\":\"Portale web della Citta&#039; di Fiume\",\"potentialAction\":[{\"@type\":\"SearchAction\",\"target\":{\"@type\":\"EntryPoint\",\"urlTemplate\":\"https:\/\/www.rijeka.hr\/it\/?s={search_term_string}\"},\"query-input\":{\"@type\":\"PropertyValueSpecification\",\"valueRequired\":true,\"valueName\":\"search_term_string\"}}],\"inLanguage\":\"it-IT\"}]}<\/script>\n<!-- \/ Yoast SEO plugin. -->","yoast_head_json":{"title":"Gli over 65 - Citt\u00e0 di Fiume","robots":{"index":"index","follow":"follow","max-snippet":"max-snippet:-1","max-image-preview":"max-image-preview:large","max-video-preview":"max-video-preview:-1"},"canonical":"https:\/\/www.rijeka.hr\/it\/temi-per-i-cittadini\/famiglia-e-assistenza-sociale\/previdenza-sociale\/rimborso-delle-spese-e-sussidi\/rimborso-delle-spese\/rimborso-delle-spese-per-labbonamento-al-trasporto-pubblico\/gli-over-65\/","og_locale":"it_IT","og_type":"article","og_title":"Gli over 65 - Citt\u00e0 di Fiume","og_description":"La Citt\u00e0 di Fiume consente a questi cittadini corse gratuite su tutte le line e tutte le zone dove la municipalizzata \u201cAutotrolej\u201d presta il servizio di trasporto. L\u2019abbonamento annuale \u00e8 valido per un numero illimitato di corse dalla data di approvazione. Chi pu\u00f2 ricevere assistenza? Persone che hanno compiuto pi\u00f9 di 65 anni il cui...","og_url":"https:\/\/www.rijeka.hr\/it\/temi-per-i-cittadini\/famiglia-e-assistenza-sociale\/previdenza-sociale\/rimborso-delle-spese-e-sussidi\/rimborso-delle-spese\/rimborso-delle-spese-per-labbonamento-al-trasporto-pubblico\/gli-over-65\/","og_site_name":"Citt\u00e0 di Fiume","article_modified_time":"2024-05-24T12:54:13+00:00","twitter_card":"summary_large_image","twitter_misc":{"Est. reading time":"1 minute"},"schema":{"@context":"https:\/\/schema.org","@graph":[{"@type":"WebPage","@id":"https:\/\/www.rijeka.hr\/it\/temi-per-i-cittadini\/famiglia-e-assistenza-sociale\/previdenza-sociale\/rimborso-delle-spese-e-sussidi\/rimborso-delle-spese\/rimborso-delle-spese-per-labbonamento-al-trasporto-pubblico\/gli-over-65\/","url":"https:\/\/www.rijeka.hr\/it\/temi-per-i-cittadini\/famiglia-e-assistenza-sociale\/previdenza-sociale\/rimborso-delle-spese-e-sussidi\/rimborso-delle-spese\/rimborso-delle-spese-per-labbonamento-al-trasporto-pubblico\/gli-over-65\/","name":"Gli over 65 - Citt\u00e0 di Fiume","isPartOf":{"@id":"https:\/\/www.rijeka.hr\/it\/#website"},"datePublished":"2018-04-11T11:36:44+00:00","dateModified":"2024-05-24T12:54:13+00:00","breadcrumb":{"@id":"https:\/\/www.rijeka.hr\/it\/temi-per-i-cittadini\/famiglia-e-assistenza-sociale\/previdenza-sociale\/rimborso-delle-spese-e-sussidi\/rimborso-delle-spese\/rimborso-delle-spese-per-labbonamento-al-trasporto-pubblico\/gli-over-65\/#breadcrumb"},"inLanguage":"it-IT","potentialAction":[{"@type":"ReadAction","target":["https:\/\/www.rijeka.hr\/it\/temi-per-i-cittadini\/famiglia-e-assistenza-sociale\/previdenza-sociale\/rimborso-delle-spese-e-sussidi\/rimborso-delle-spese\/rimborso-delle-spese-per-labbonamento-al-trasporto-pubblico\/gli-over-65\/"]}]},{"@type":"BreadcrumbList","@id":"https:\/\/www.rijeka.hr\/it\/temi-per-i-cittadini\/famiglia-e-assistenza-sociale\/previdenza-sociale\/rimborso-delle-spese-e-sussidi\/rimborso-delle-spese\/rimborso-delle-spese-per-labbonamento-al-trasporto-pubblico\/gli-over-65\/#breadcrumb","itemListElement":[{"@type":"ListItem","position":1,"name":"Po\u010detna stranica","item":"https:\/\/www.rijeka.hr\/it\/"},{"@type":"ListItem","position":2,"name":"Temi per i cittadini","item":"https:\/\/www.rijeka.hr\/it\/temi-per-i-cittadini\/"},{"@type":"ListItem","position":3,"name":"Famiglia e previdenza sociale","item":"https:\/\/www.rijeka.hr\/it\/temi-per-i-cittadini\/famiglia-e-assistenza-sociale\/"},{"@type":"ListItem","position":4,"name":"Previdenza sociale","item":"https:\/\/www.rijeka.hr\/it\/temi-per-i-cittadini\/famiglia-e-assistenza-sociale\/previdenza-sociale\/"},{"@type":"ListItem","position":5,"name":"Rimborso delle spese e sussidi","item":"https:\/\/www.rijeka.hr\/it\/temi-per-i-cittadini\/famiglia-e-assistenza-sociale\/previdenza-sociale\/rimborso-delle-spese-e-sussidi\/"},{"@type":"ListItem","position":6,"name":"Rimborso delle spese","item":"https:\/\/www.rijeka.hr\/it\/temi-per-i-cittadini\/famiglia-e-assistenza-sociale\/previdenza-sociale\/rimborso-delle-spese-e-sussidi\/rimborso-delle-spese\/"},{"@type":"ListItem","position":7,"name":"Rimborso delle spese per l\u2019abbonamento al trasporto pubblico","item":"https:\/\/www.rijeka.hr\/it\/temi-per-i-cittadini\/famiglia-e-assistenza-sociale\/previdenza-sociale\/rimborso-delle-spese-e-sussidi\/rimborso-delle-spese\/rimborso-delle-spese-per-labbonamento-al-trasporto-pubblico\/"},{"@type":"ListItem","position":8,"name":"Gli over 65"}]},{"@type":"WebSite","@id":"https:\/\/www.rijeka.hr\/it\/#website","url":"https:\/\/www.rijeka.hr\/it\/","name":"Citt\u00e0 di Fiume","description":"Portale web della Citta&#039; di Fiume","potentialAction":[{"@type":"SearchAction","target":{"@type":"EntryPoint","urlTemplate":"https:\/\/www.rijeka.hr\/it\/?s={search_term_string}"},"query-input":{"@type":"PropertyValueSpecification","valueRequired":true,"valueName":"search_term_string"}}],"inLanguage":"it-IT"}]}},"_links":{"self":[{"href":"https:\/\/www.rijeka.hr\/it\/wp-json\/wp\/v2\/pages\/6289","targetHints":{"allow":["GET"]}}],"collection":[{"href":"https:\/\/www.rijeka.hr\/it\/wp-json\/wp\/v2\/pages"}],"about":[{"href":"https:\/\/www.rijeka.hr\/it\/wp-json\/wp\/v2\/types\/page"}],"author":[{"embeddable":true,"href":"https:\/\/www.rijeka.hr\/it\/wp-json\/wp\/v2\/users\/28"}],"replies":[{"embeddable":true,"href":"https:\/\/www.rijeka.hr\/it\/wp-json\/wp\/v2\/comments?post=6289"}],"version-history":[{"count":5,"href":"https:\/\/www.rijeka.hr\/it\/wp-json\/wp\/v2\/pages\/6289\/revisions"}],"predecessor-version":[{"id":9909,"href":"https:\/\/www.rijeka.hr\/it\/wp-json\/wp\/v2\/pages\/6289\/revisions\/9909"}],"up":[{"embeddable":true,"href":"https:\/\/www.rijeka.hr\/it\/wp-json\/wp\/v2\/pages\/544"}],"wp:attachment":[{"href":"https:\/\/www.rijeka.hr\/it\/wp-json\/wp\/v2\/media?parent=6289"}],"wp:term":[{"taxonomy":"post_tag","embeddable":true,"href":"https:\/\/www.rijeka.hr\/it\/wp-json\/wp\/v2\/tags?post=6289"}],"curies":[{"name":"wp","href":"https:\/\/api.w.org\/{rel}","templated":true}]}}