{"id":643,"date":"2016-08-01T13:39:56","date_gmt":"2016-08-01T11:39:56","guid":{"rendered":"https:\/\/www.rijeka.hr\/it\/?page_id=643"},"modified":"2023-02-01T15:47:53","modified_gmt":"2023-02-01T14:47:53","slug":"la-vita-delle-persone-disabili-in-edifici","status":"publish","type":"page","link":"https:\/\/www.rijeka.hr\/it\/temi-per-i-cittadini\/famiglia-e-assistenza-sociale\/persone-con-disabilita\/garantire-la-mobilita-e-laccessibilita\/la-vita-delle-persone-disabili-in-edifici\/","title":{"rendered":"Vita delle persone disabili in edifici"},"content":{"rendered":"<h3>Installazione di rampe di accesso per disabili per edifici abitativi<\/h3>\n<p>Fino al 2014 sono state costruite oltre quaranta rampe di accesso per edifici abitativi in cui soggiornano persone con disabilit\u00e0, in base alle domande personalmente presentate.<\/p>\n<p>In seguito al <a href=\"http:\/\/narodne-novine.nn.hr\/clanci\/sluzbeni\/2013_06_78_1615.html\" target=\"_blank\" rel=\"noopener\">Regolamento<\/a> sull\u2019assicurazione dell\u2019accessibilit\u00e0 agli edifici per persone con disabilit\u00e0 e con ridotte capacit\u00e0 motorie adottato dal Ministero dell\u2019edilizia e dell\u2019assetto territoriale, sono state apportate certe modifiche alla risoluzione delle richieste presentate dopo il 1.mo aprile 2014 che in primo luogo riguarda la questione della propriet\u00e0, come pure la possibilit\u00e0 di cofinanziamento da parte del proprietario dell\u2019edificio.<\/p>\n<h3>Manuale &#8220;Consigli utili per l\u2019abitazione&#8221;<\/h3>\n<p><a href=\"http:\/\/www.udruga-stanara.hr\" target=\"_blank\" rel=\"noopener\">L\u2019associazione degli inquilini<\/a> \u00a0\u2013 comproprietari degli edifici abitativi ha pubblicato il manuale\u00a0 &#8220;Consigli utili per l\u2019abitazione \u2013 manuale per abitare in modo qualitativo&#8221;, alla cui stesura sul tema dell\u2019accessibilit\u00e0 degli edifici per perone con disabilit\u00e0 hanno partecipato anche i rappresentanti del progetto &#8220;Fiume &#8211; Citt\u00e0 sana&#8221;.<\/p>\n\n    <div class=\"featured-download\">\n\n        <ul>\n                                                                                                                                                                                                                                                                                                                                                                                                                                                                                                                                                                                                                                                                                                                                                                                                                                                                                                                                                        <\/ul>\n \n    <\/div>\n\n    \n","protected":false},"excerpt":{"rendered":"<p>Installazione di rampe di accesso per disabili per edifici abitativi Fino al 2014 sono state costruite oltre quaranta rampe di accesso per edifici abitativi in cui soggiornano persone con disabilit\u00e0, in base alle domande personalmente presentate. In seguito al Regolamento sull\u2019assicurazione dell\u2019accessibilit\u00e0 agli edifici per persone con disabilit\u00e0 e con ridotte capacit\u00e0 motorie adottato dal&#8230;<\/p>\n","protected":false},"author":6,"featured_media":0,"parent":625,"menu_order":0,"comment_status":"closed","ping_status":"closed","template":"","meta":{"_acf_changed":false,"_trash_the_other_posts":false,"footnotes":"","_links_to":"","_links_to_target":""},"tags":[],"class_list":["post-643","page","type-page","status-publish","hentry"],"acf":[],"yoast_head":"<!-- This site is optimized with the Yoast SEO plugin v24.4 - https:\/\/yoast.com\/wordpress\/plugins\/seo\/ -->\n<title>Vita delle persone disabili in edifici - Citt\u00e0 di Fiume<\/title>\n<meta name=\"robots\" content=\"index, follow, max-snippet:-1, max-image-preview:large, max-video-preview:-1\" \/>\n<link rel=\"canonical\" href=\"https:\/\/www.rijeka.hr\/it\/temi-per-i-cittadini\/famiglia-e-assistenza-sociale\/persone-con-disabilita\/garantire-la-mobilita-e-laccessibilita\/la-vita-delle-persone-disabili-in-edifici\/\" \/>\n<meta property=\"og:locale\" content=\"it_IT\" \/>\n<meta property=\"og:type\" content=\"article\" \/>\n<meta property=\"og:title\" content=\"Vita delle persone disabili in edifici - Citt\u00e0 di Fiume\" \/>\n<meta property=\"og:description\" content=\"Installazione di rampe di accesso per disabili per edifici abitativi Fino al 2014 sono state costruite oltre quaranta rampe di accesso per edifici abitativi in cui soggiornano persone con disabilit\u00e0, in base alle domande personalmente presentate. In seguito al Regolamento sull\u2019assicurazione dell\u2019accessibilit\u00e0 agli edifici per persone con disabilit\u00e0 e con ridotte capacit\u00e0 motorie adottato dal...\" \/>\n<meta property=\"og:url\" content=\"https:\/\/www.rijeka.hr\/it\/temi-per-i-cittadini\/famiglia-e-assistenza-sociale\/persone-con-disabilita\/garantire-la-mobilita-e-laccessibilita\/la-vita-delle-persone-disabili-in-edifici\/\" \/>\n<meta property=\"og:site_name\" content=\"Citt\u00e0 di Fiume\" \/>\n<meta property=\"article:modified_time\" content=\"2023-02-01T14:47:53+00:00\" \/>\n<meta name=\"twitter:card\" content=\"summary_large_image\" \/>\n<meta name=\"twitter:label1\" content=\"Est. reading time\" \/>\n\t<meta name=\"twitter:data1\" content=\"1 minute\" \/>\n<script type=\"application\/ld+json\" class=\"yoast-schema-graph\">{\"@context\":\"https:\/\/schema.org\",\"@graph\":[{\"@type\":\"WebPage\",\"@id\":\"https:\/\/www.rijeka.hr\/it\/temi-per-i-cittadini\/famiglia-e-assistenza-sociale\/persone-con-disabilita\/garantire-la-mobilita-e-laccessibilita\/la-vita-delle-persone-disabili-in-edifici\/\",\"url\":\"https:\/\/www.rijeka.hr\/it\/temi-per-i-cittadini\/famiglia-e-assistenza-sociale\/persone-con-disabilita\/garantire-la-mobilita-e-laccessibilita\/la-vita-delle-persone-disabili-in-edifici\/\",\"name\":\"Vita delle persone disabili in edifici - Citt\u00e0 di Fiume\",\"isPartOf\":{\"@id\":\"https:\/\/www.rijeka.hr\/it\/#website\"},\"datePublished\":\"2016-08-01T11:39:56+00:00\",\"dateModified\":\"2023-02-01T14:47:53+00:00\",\"breadcrumb\":{\"@id\":\"https:\/\/www.rijeka.hr\/it\/temi-per-i-cittadini\/famiglia-e-assistenza-sociale\/persone-con-disabilita\/garantire-la-mobilita-e-laccessibilita\/la-vita-delle-persone-disabili-in-edifici\/#breadcrumb\"},\"inLanguage\":\"it-IT\",\"potentialAction\":[{\"@type\":\"ReadAction\",\"target\":[\"https:\/\/www.rijeka.hr\/it\/temi-per-i-cittadini\/famiglia-e-assistenza-sociale\/persone-con-disabilita\/garantire-la-mobilita-e-laccessibilita\/la-vita-delle-persone-disabili-in-edifici\/\"]}]},{\"@type\":\"BreadcrumbList\",\"@id\":\"https:\/\/www.rijeka.hr\/it\/temi-per-i-cittadini\/famiglia-e-assistenza-sociale\/persone-con-disabilita\/garantire-la-mobilita-e-laccessibilita\/la-vita-delle-persone-disabili-in-edifici\/#breadcrumb\",\"itemListElement\":[{\"@type\":\"ListItem\",\"position\":1,\"name\":\"Po\u010detna stranica\",\"item\":\"https:\/\/www.rijeka.hr\/it\/\"},{\"@type\":\"ListItem\",\"position\":2,\"name\":\"Temi per i cittadini\",\"item\":\"https:\/\/www.rijeka.hr\/it\/temi-per-i-cittadini\/\"},{\"@type\":\"ListItem\",\"position\":3,\"name\":\"Famiglia e previdenza sociale\",\"item\":\"https:\/\/www.rijeka.hr\/it\/temi-per-i-cittadini\/famiglia-e-assistenza-sociale\/\"},{\"@type\":\"ListItem\",\"position\":4,\"name\":\"Persone con disabilit\u00e0\",\"item\":\"https:\/\/www.rijeka.hr\/it\/temi-per-i-cittadini\/famiglia-e-assistenza-sociale\/persone-con-disabilita\/\"},{\"@type\":\"ListItem\",\"position\":5,\"name\":\"Garantire la mobilit\u00e0 e l\u2019accessibilit\u00e0\",\"item\":\"https:\/\/www.rijeka.hr\/it\/temi-per-i-cittadini\/famiglia-e-assistenza-sociale\/persone-con-disabilita\/garantire-la-mobilita-e-laccessibilita\/\"},{\"@type\":\"ListItem\",\"position\":6,\"name\":\"Vita delle persone disabili in edifici\"}]},{\"@type\":\"WebSite\",\"@id\":\"https:\/\/www.rijeka.hr\/it\/#website\",\"url\":\"https:\/\/www.rijeka.hr\/it\/\",\"name\":\"Citt\u00e0 di Fiume\",\"description\":\"Portale web della Citta&#039; di Fiume\",\"potentialAction\":[{\"@type\":\"SearchAction\",\"target\":{\"@type\":\"EntryPoint\",\"urlTemplate\":\"https:\/\/www.rijeka.hr\/it\/?s={search_term_string}\"},\"query-input\":{\"@type\":\"PropertyValueSpecification\",\"valueRequired\":true,\"valueName\":\"search_term_string\"}}],\"inLanguage\":\"it-IT\"}]}<\/script>\n<!-- \/ Yoast SEO plugin. -->","yoast_head_json":{"title":"Vita delle persone disabili in edifici - Citt\u00e0 di Fiume","robots":{"index":"index","follow":"follow","max-snippet":"max-snippet:-1","max-image-preview":"max-image-preview:large","max-video-preview":"max-video-preview:-1"},"canonical":"https:\/\/www.rijeka.hr\/it\/temi-per-i-cittadini\/famiglia-e-assistenza-sociale\/persone-con-disabilita\/garantire-la-mobilita-e-laccessibilita\/la-vita-delle-persone-disabili-in-edifici\/","og_locale":"it_IT","og_type":"article","og_title":"Vita delle persone disabili in edifici - Citt\u00e0 di Fiume","og_description":"Installazione di rampe di accesso per disabili per edifici abitativi Fino al 2014 sono state costruite oltre quaranta rampe di accesso per edifici abitativi in cui soggiornano persone con disabilit\u00e0, in base alle domande personalmente presentate. In seguito al Regolamento sull\u2019assicurazione dell\u2019accessibilit\u00e0 agli edifici per persone con disabilit\u00e0 e con ridotte capacit\u00e0 motorie adottato dal...","og_url":"https:\/\/www.rijeka.hr\/it\/temi-per-i-cittadini\/famiglia-e-assistenza-sociale\/persone-con-disabilita\/garantire-la-mobilita-e-laccessibilita\/la-vita-delle-persone-disabili-in-edifici\/","og_site_name":"Citt\u00e0 di Fiume","article_modified_time":"2023-02-01T14:47:53+00:00","twitter_card":"summary_large_image","twitter_misc":{"Est. reading time":"1 minute"},"schema":{"@context":"https:\/\/schema.org","@graph":[{"@type":"WebPage","@id":"https:\/\/www.rijeka.hr\/it\/temi-per-i-cittadini\/famiglia-e-assistenza-sociale\/persone-con-disabilita\/garantire-la-mobilita-e-laccessibilita\/la-vita-delle-persone-disabili-in-edifici\/","url":"https:\/\/www.rijeka.hr\/it\/temi-per-i-cittadini\/famiglia-e-assistenza-sociale\/persone-con-disabilita\/garantire-la-mobilita-e-laccessibilita\/la-vita-delle-persone-disabili-in-edifici\/","name":"Vita delle persone disabili in edifici - Citt\u00e0 di Fiume","isPartOf":{"@id":"https:\/\/www.rijeka.hr\/it\/#website"},"datePublished":"2016-08-01T11:39:56+00:00","dateModified":"2023-02-01T14:47:53+00:00","breadcrumb":{"@id":"https:\/\/www.rijeka.hr\/it\/temi-per-i-cittadini\/famiglia-e-assistenza-sociale\/persone-con-disabilita\/garantire-la-mobilita-e-laccessibilita\/la-vita-delle-persone-disabili-in-edifici\/#breadcrumb"},"inLanguage":"it-IT","potentialAction":[{"@type":"ReadAction","target":["https:\/\/www.rijeka.hr\/it\/temi-per-i-cittadini\/famiglia-e-assistenza-sociale\/persone-con-disabilita\/garantire-la-mobilita-e-laccessibilita\/la-vita-delle-persone-disabili-in-edifici\/"]}]},{"@type":"BreadcrumbList","@id":"https:\/\/www.rijeka.hr\/it\/temi-per-i-cittadini\/famiglia-e-assistenza-sociale\/persone-con-disabilita\/garantire-la-mobilita-e-laccessibilita\/la-vita-delle-persone-disabili-in-edifici\/#breadcrumb","itemListElement":[{"@type":"ListItem","position":1,"name":"Po\u010detna stranica","item":"https:\/\/www.rijeka.hr\/it\/"},{"@type":"ListItem","position":2,"name":"Temi per i cittadini","item":"https:\/\/www.rijeka.hr\/it\/temi-per-i-cittadini\/"},{"@type":"ListItem","position":3,"name":"Famiglia e previdenza sociale","item":"https:\/\/www.rijeka.hr\/it\/temi-per-i-cittadini\/famiglia-e-assistenza-sociale\/"},{"@type":"ListItem","position":4,"name":"Persone con disabilit\u00e0","item":"https:\/\/www.rijeka.hr\/it\/temi-per-i-cittadini\/famiglia-e-assistenza-sociale\/persone-con-disabilita\/"},{"@type":"ListItem","position":5,"name":"Garantire la mobilit\u00e0 e l\u2019accessibilit\u00e0","item":"https:\/\/www.rijeka.hr\/it\/temi-per-i-cittadini\/famiglia-e-assistenza-sociale\/persone-con-disabilita\/garantire-la-mobilita-e-laccessibilita\/"},{"@type":"ListItem","position":6,"name":"Vita delle persone disabili in edifici"}]},{"@type":"WebSite","@id":"https:\/\/www.rijeka.hr\/it\/#website","url":"https:\/\/www.rijeka.hr\/it\/","name":"Citt\u00e0 di Fiume","description":"Portale web della Citta&#039; di Fiume","potentialAction":[{"@type":"SearchAction","target":{"@type":"EntryPoint","urlTemplate":"https:\/\/www.rijeka.hr\/it\/?s={search_term_string}"},"query-input":{"@type":"PropertyValueSpecification","valueRequired":true,"valueName":"search_term_string"}}],"inLanguage":"it-IT"}]}},"_links":{"self":[{"href":"https:\/\/www.rijeka.hr\/it\/wp-json\/wp\/v2\/pages\/643","targetHints":{"allow":["GET"]}}],"collection":[{"href":"https:\/\/www.rijeka.hr\/it\/wp-json\/wp\/v2\/pages"}],"about":[{"href":"https:\/\/www.rijeka.hr\/it\/wp-json\/wp\/v2\/types\/page"}],"author":[{"embeddable":true,"href":"https:\/\/www.rijeka.hr\/it\/wp-json\/wp\/v2\/users\/6"}],"replies":[{"embeddable":true,"href":"https:\/\/www.rijeka.hr\/it\/wp-json\/wp\/v2\/comments?post=643"}],"version-history":[{"count":13,"href":"https:\/\/www.rijeka.hr\/it\/wp-json\/wp\/v2\/pages\/643\/revisions"}],"predecessor-version":[{"id":5834,"href":"https:\/\/www.rijeka.hr\/it\/wp-json\/wp\/v2\/pages\/643\/revisions\/5834"}],"up":[{"embeddable":true,"href":"https:\/\/www.rijeka.hr\/it\/wp-json\/wp\/v2\/pages\/625"}],"wp:attachment":[{"href":"https:\/\/www.rijeka.hr\/it\/wp-json\/wp\/v2\/media?parent=643"}],"wp:term":[{"taxonomy":"post_tag","embeddable":true,"href":"https:\/\/www.rijeka.hr\/it\/wp-json\/wp\/v2\/tags?post=643"}],"curies":[{"name":"wp","href":"https:\/\/api.w.org\/{rel}","templated":true}]}}