{"id":6456,"date":"2018-05-14T13:13:41","date_gmt":"2018-05-14T11:13:41","guid":{"rendered":"https:\/\/www.rijeka.hr\/it\/?page_id=6456"},"modified":"2018-10-30T09:16:49","modified_gmt":"2018-10-30T08:16:49","slug":"mappa-di-rumore-per-la-citta-di-fiume","status":"publish","type":"page","link":"https:\/\/www.rijeka.hr\/it\/temi-per-i-cittadini\/famiglia-e-assistenza-sociale\/salute\/controllo-dei-fattori-ambientali-e-misure-di-prevenzione\/buka\/mappa-di-rumore-per-la-citta-di-fiume\/","title":{"rendered":"Mappa di rumore per la citt\u00e0 di Fiume"},"content":{"rendered":"<p>La mappa strategica di rumore \u00e8 la mappa fondamentale del rumore dedicata a una valutazione esauriente dell\u2019esposizione dei cittadini al rumore proveniente da diverse fonti.<\/p>\n<p>Nell&#8217;ambito della gestione ambientale completa nella citt\u00e0 di Fiume, gi\u00e0 nel 1997, \u00e8 stata preparata una base professionale per la stesura del Piano urbanistico generale della citt\u00e0 di Fiume, dove sono state individuate e sistematizzate tutte le fonti stazionarie di rumore, ristoranti, impianti sportivi e di intrattenimento, ed \u00e8 stata effettuata un&#8217;analisi del loro impatto.<\/p>\n<p>Nel 2008, con la societ\u00e0 DARH 2, sono stati firmati contratti per la stesura delle mappe strategiche e di conflitto di rumore dal traffico stradale e la mappa di conflitto di rumore ferroviario per la citt\u00e0 di Fiume.<\/p>\n<p>In questo progetto, in cui sono state preparate mappe strategiche e di conflitto per il traffico stradale e ferroviario, \u00e8 stata applicata la metodologia prevista dalla legge sulla protezione contro il rumore, direttiva 2002\/49 del Parlamento europeo e del Consiglio relativa alla valutazione e gestione del rumore e dalle raccomandazioni della Commissione europea 2003\/613 \/ CE del 5 agosto 2003.<\/p>\n<p>I risultati del progetto sono stati presentati in due sondaggi separati.<\/p>\n<p>Nell\u2019ambito del progetto sono state redatte le seguenti mappe:<\/p>\n<ul>\n<li>Mappa strategica di rumore dovuto al traffico stradale per giorno, notte e giorno-sera-notte,<\/li>\n<li>Mappa del conflitto di rumore dovuto al traffico stradale per giorno e notte,<\/li>\n<li>Mappa strategica di rumore ferroviario per giorno, notte e giorno-sera-notte<\/li>\n<li>Mappa del conflitto di rumore ferroviario per giorno e notte<\/li>\n<\/ul>\n","protected":false},"excerpt":{"rendered":"<p>La mappa strategica di rumore \u00e8 la mappa fondamentale del rumore dedicata a una valutazione esauriente dell\u2019esposizione dei cittadini al rumore proveniente da diverse fonti. Nell&#8217;ambito della gestione ambientale completa nella citt\u00e0 di Fiume, gi\u00e0 nel 1997, \u00e8 stata preparata una base professionale per la stesura del Piano urbanistico generale della citt\u00e0 di Fiume, dove&#8230;<\/p>\n","protected":false},"author":20,"featured_media":0,"parent":1019,"menu_order":0,"comment_status":"closed","ping_status":"closed","template":"","meta":{"_acf_changed":false,"_trash_the_other_posts":false,"footnotes":"","_links_to":"","_links_to_target":""},"tags":[],"class_list":["post-6456","page","type-page","status-publish","hentry"],"acf":[],"yoast_head":"<!-- This site is optimized with the Yoast SEO plugin v24.4 - https:\/\/yoast.com\/wordpress\/plugins\/seo\/ -->\n<title>Mappa di rumore per la citt\u00e0 di Fiume - Citt\u00e0 di Fiume<\/title>\n<meta name=\"robots\" content=\"index, follow, max-snippet:-1, max-image-preview:large, max-video-preview:-1\" \/>\n<link rel=\"canonical\" href=\"https:\/\/www.rijeka.hr\/it\/temi-per-i-cittadini\/famiglia-e-assistenza-sociale\/salute\/controllo-dei-fattori-ambientali-e-misure-di-prevenzione\/buka\/mappa-di-rumore-per-la-citta-di-fiume\/\" \/>\n<meta property=\"og:locale\" content=\"it_IT\" \/>\n<meta property=\"og:type\" content=\"article\" \/>\n<meta property=\"og:title\" content=\"Mappa di rumore per la citt\u00e0 di Fiume - Citt\u00e0 di Fiume\" \/>\n<meta property=\"og:description\" content=\"La mappa strategica di rumore \u00e8 la mappa fondamentale del rumore dedicata a una valutazione esauriente dell\u2019esposizione dei cittadini al rumore proveniente da diverse fonti. Nell&#8217;ambito della gestione ambientale completa nella citt\u00e0 di Fiume, gi\u00e0 nel 1997, \u00e8 stata preparata una base professionale per la stesura del Piano urbanistico generale della citt\u00e0 di Fiume, dove...\" \/>\n<meta property=\"og:url\" content=\"https:\/\/www.rijeka.hr\/it\/temi-per-i-cittadini\/famiglia-e-assistenza-sociale\/salute\/controllo-dei-fattori-ambientali-e-misure-di-prevenzione\/buka\/mappa-di-rumore-per-la-citta-di-fiume\/\" \/>\n<meta property=\"og:site_name\" content=\"Citt\u00e0 di Fiume\" \/>\n<meta property=\"article:modified_time\" content=\"2018-10-30T08:16:49+00:00\" \/>\n<meta name=\"twitter:card\" content=\"summary_large_image\" \/>\n<meta name=\"twitter:label1\" content=\"Est. reading time\" \/>\n\t<meta name=\"twitter:data1\" content=\"1 minute\" \/>\n<script type=\"application\/ld+json\" class=\"yoast-schema-graph\">{\"@context\":\"https:\/\/schema.org\",\"@graph\":[{\"@type\":\"WebPage\",\"@id\":\"https:\/\/www.rijeka.hr\/it\/temi-per-i-cittadini\/famiglia-e-assistenza-sociale\/salute\/controllo-dei-fattori-ambientali-e-misure-di-prevenzione\/buka\/mappa-di-rumore-per-la-citta-di-fiume\/\",\"url\":\"https:\/\/www.rijeka.hr\/it\/temi-per-i-cittadini\/famiglia-e-assistenza-sociale\/salute\/controllo-dei-fattori-ambientali-e-misure-di-prevenzione\/buka\/mappa-di-rumore-per-la-citta-di-fiume\/\",\"name\":\"Mappa di rumore per la citt\u00e0 di Fiume - Citt\u00e0 di Fiume\",\"isPartOf\":{\"@id\":\"https:\/\/www.rijeka.hr\/it\/#website\"},\"datePublished\":\"2018-05-14T11:13:41+00:00\",\"dateModified\":\"2018-10-30T08:16:49+00:00\",\"breadcrumb\":{\"@id\":\"https:\/\/www.rijeka.hr\/it\/temi-per-i-cittadini\/famiglia-e-assistenza-sociale\/salute\/controllo-dei-fattori-ambientali-e-misure-di-prevenzione\/buka\/mappa-di-rumore-per-la-citta-di-fiume\/#breadcrumb\"},\"inLanguage\":\"it-IT\",\"potentialAction\":[{\"@type\":\"ReadAction\",\"target\":[\"https:\/\/www.rijeka.hr\/it\/temi-per-i-cittadini\/famiglia-e-assistenza-sociale\/salute\/controllo-dei-fattori-ambientali-e-misure-di-prevenzione\/buka\/mappa-di-rumore-per-la-citta-di-fiume\/\"]}]},{\"@type\":\"BreadcrumbList\",\"@id\":\"https:\/\/www.rijeka.hr\/it\/temi-per-i-cittadini\/famiglia-e-assistenza-sociale\/salute\/controllo-dei-fattori-ambientali-e-misure-di-prevenzione\/buka\/mappa-di-rumore-per-la-citta-di-fiume\/#breadcrumb\",\"itemListElement\":[{\"@type\":\"ListItem\",\"position\":1,\"name\":\"Po\u010detna stranica\",\"item\":\"https:\/\/www.rijeka.hr\/it\/\"},{\"@type\":\"ListItem\",\"position\":2,\"name\":\"Temi per i cittadini\",\"item\":\"https:\/\/www.rijeka.hr\/it\/temi-per-i-cittadini\/\"},{\"@type\":\"ListItem\",\"position\":3,\"name\":\"Famiglia e previdenza sociale\",\"item\":\"https:\/\/www.rijeka.hr\/it\/temi-per-i-cittadini\/famiglia-e-assistenza-sociale\/\"},{\"@type\":\"ListItem\",\"position\":4,\"name\":\"Sanit\u00e0\",\"item\":\"https:\/\/www.rijeka.hr\/it\/temi-per-i-cittadini\/famiglia-e-assistenza-sociale\/salute\/\"},{\"@type\":\"ListItem\",\"position\":5,\"name\":\"Controllo dei fattori ambientali e misure di prevenzione\",\"item\":\"https:\/\/www.rijeka.hr\/it\/temi-per-i-cittadini\/famiglia-e-assistenza-sociale\/salute\/controllo-dei-fattori-ambientali-e-misure-di-prevenzione\/\"},{\"@type\":\"ListItem\",\"position\":6,\"name\":\"Rumore\",\"item\":\"https:\/\/www.rijeka.hr\/it\/temi-per-i-cittadini\/famiglia-e-assistenza-sociale\/salute\/controllo-dei-fattori-ambientali-e-misure-di-prevenzione\/buka\/\"},{\"@type\":\"ListItem\",\"position\":7,\"name\":\"Mappa di rumore per la citt\u00e0 di Fiume\"}]},{\"@type\":\"WebSite\",\"@id\":\"https:\/\/www.rijeka.hr\/it\/#website\",\"url\":\"https:\/\/www.rijeka.hr\/it\/\",\"name\":\"Citt\u00e0 di Fiume\",\"description\":\"Portale web della Citta&#039; di Fiume\",\"potentialAction\":[{\"@type\":\"SearchAction\",\"target\":{\"@type\":\"EntryPoint\",\"urlTemplate\":\"https:\/\/www.rijeka.hr\/it\/?s={search_term_string}\"},\"query-input\":{\"@type\":\"PropertyValueSpecification\",\"valueRequired\":true,\"valueName\":\"search_term_string\"}}],\"inLanguage\":\"it-IT\"}]}<\/script>\n<!-- \/ Yoast SEO plugin. -->","yoast_head_json":{"title":"Mappa di rumore per la citt\u00e0 di Fiume - Citt\u00e0 di Fiume","robots":{"index":"index","follow":"follow","max-snippet":"max-snippet:-1","max-image-preview":"max-image-preview:large","max-video-preview":"max-video-preview:-1"},"canonical":"https:\/\/www.rijeka.hr\/it\/temi-per-i-cittadini\/famiglia-e-assistenza-sociale\/salute\/controllo-dei-fattori-ambientali-e-misure-di-prevenzione\/buka\/mappa-di-rumore-per-la-citta-di-fiume\/","og_locale":"it_IT","og_type":"article","og_title":"Mappa di rumore per la citt\u00e0 di Fiume - Citt\u00e0 di Fiume","og_description":"La mappa strategica di rumore \u00e8 la mappa fondamentale del rumore dedicata a una valutazione esauriente dell\u2019esposizione dei cittadini al rumore proveniente da diverse fonti. Nell&#8217;ambito della gestione ambientale completa nella citt\u00e0 di Fiume, gi\u00e0 nel 1997, \u00e8 stata preparata una base professionale per la stesura del Piano urbanistico generale della citt\u00e0 di Fiume, dove...","og_url":"https:\/\/www.rijeka.hr\/it\/temi-per-i-cittadini\/famiglia-e-assistenza-sociale\/salute\/controllo-dei-fattori-ambientali-e-misure-di-prevenzione\/buka\/mappa-di-rumore-per-la-citta-di-fiume\/","og_site_name":"Citt\u00e0 di Fiume","article_modified_time":"2018-10-30T08:16:49+00:00","twitter_card":"summary_large_image","twitter_misc":{"Est. reading time":"1 minute"},"schema":{"@context":"https:\/\/schema.org","@graph":[{"@type":"WebPage","@id":"https:\/\/www.rijeka.hr\/it\/temi-per-i-cittadini\/famiglia-e-assistenza-sociale\/salute\/controllo-dei-fattori-ambientali-e-misure-di-prevenzione\/buka\/mappa-di-rumore-per-la-citta-di-fiume\/","url":"https:\/\/www.rijeka.hr\/it\/temi-per-i-cittadini\/famiglia-e-assistenza-sociale\/salute\/controllo-dei-fattori-ambientali-e-misure-di-prevenzione\/buka\/mappa-di-rumore-per-la-citta-di-fiume\/","name":"Mappa di rumore per la citt\u00e0 di Fiume - Citt\u00e0 di Fiume","isPartOf":{"@id":"https:\/\/www.rijeka.hr\/it\/#website"},"datePublished":"2018-05-14T11:13:41+00:00","dateModified":"2018-10-30T08:16:49+00:00","breadcrumb":{"@id":"https:\/\/www.rijeka.hr\/it\/temi-per-i-cittadini\/famiglia-e-assistenza-sociale\/salute\/controllo-dei-fattori-ambientali-e-misure-di-prevenzione\/buka\/mappa-di-rumore-per-la-citta-di-fiume\/#breadcrumb"},"inLanguage":"it-IT","potentialAction":[{"@type":"ReadAction","target":["https:\/\/www.rijeka.hr\/it\/temi-per-i-cittadini\/famiglia-e-assistenza-sociale\/salute\/controllo-dei-fattori-ambientali-e-misure-di-prevenzione\/buka\/mappa-di-rumore-per-la-citta-di-fiume\/"]}]},{"@type":"BreadcrumbList","@id":"https:\/\/www.rijeka.hr\/it\/temi-per-i-cittadini\/famiglia-e-assistenza-sociale\/salute\/controllo-dei-fattori-ambientali-e-misure-di-prevenzione\/buka\/mappa-di-rumore-per-la-citta-di-fiume\/#breadcrumb","itemListElement":[{"@type":"ListItem","position":1,"name":"Po\u010detna stranica","item":"https:\/\/www.rijeka.hr\/it\/"},{"@type":"ListItem","position":2,"name":"Temi per i cittadini","item":"https:\/\/www.rijeka.hr\/it\/temi-per-i-cittadini\/"},{"@type":"ListItem","position":3,"name":"Famiglia e previdenza sociale","item":"https:\/\/www.rijeka.hr\/it\/temi-per-i-cittadini\/famiglia-e-assistenza-sociale\/"},{"@type":"ListItem","position":4,"name":"Sanit\u00e0","item":"https:\/\/www.rijeka.hr\/it\/temi-per-i-cittadini\/famiglia-e-assistenza-sociale\/salute\/"},{"@type":"ListItem","position":5,"name":"Controllo dei fattori ambientali e misure di prevenzione","item":"https:\/\/www.rijeka.hr\/it\/temi-per-i-cittadini\/famiglia-e-assistenza-sociale\/salute\/controllo-dei-fattori-ambientali-e-misure-di-prevenzione\/"},{"@type":"ListItem","position":6,"name":"Rumore","item":"https:\/\/www.rijeka.hr\/it\/temi-per-i-cittadini\/famiglia-e-assistenza-sociale\/salute\/controllo-dei-fattori-ambientali-e-misure-di-prevenzione\/buka\/"},{"@type":"ListItem","position":7,"name":"Mappa di rumore per la citt\u00e0 di Fiume"}]},{"@type":"WebSite","@id":"https:\/\/www.rijeka.hr\/it\/#website","url":"https:\/\/www.rijeka.hr\/it\/","name":"Citt\u00e0 di Fiume","description":"Portale web della Citta&#039; di Fiume","potentialAction":[{"@type":"SearchAction","target":{"@type":"EntryPoint","urlTemplate":"https:\/\/www.rijeka.hr\/it\/?s={search_term_string}"},"query-input":{"@type":"PropertyValueSpecification","valueRequired":true,"valueName":"search_term_string"}}],"inLanguage":"it-IT"}]}},"_links":{"self":[{"href":"https:\/\/www.rijeka.hr\/it\/wp-json\/wp\/v2\/pages\/6456","targetHints":{"allow":["GET"]}}],"collection":[{"href":"https:\/\/www.rijeka.hr\/it\/wp-json\/wp\/v2\/pages"}],"about":[{"href":"https:\/\/www.rijeka.hr\/it\/wp-json\/wp\/v2\/types\/page"}],"author":[{"embeddable":true,"href":"https:\/\/www.rijeka.hr\/it\/wp-json\/wp\/v2\/users\/20"}],"replies":[{"embeddable":true,"href":"https:\/\/www.rijeka.hr\/it\/wp-json\/wp\/v2\/comments?post=6456"}],"version-history":[{"count":2,"href":"https:\/\/www.rijeka.hr\/it\/wp-json\/wp\/v2\/pages\/6456\/revisions"}],"predecessor-version":[{"id":6458,"href":"https:\/\/www.rijeka.hr\/it\/wp-json\/wp\/v2\/pages\/6456\/revisions\/6458"}],"up":[{"embeddable":true,"href":"https:\/\/www.rijeka.hr\/it\/wp-json\/wp\/v2\/pages\/1019"}],"wp:attachment":[{"href":"https:\/\/www.rijeka.hr\/it\/wp-json\/wp\/v2\/media?parent=6456"}],"wp:term":[{"taxonomy":"post_tag","embeddable":true,"href":"https:\/\/www.rijeka.hr\/it\/wp-json\/wp\/v2\/tags?post=6456"}],"curies":[{"name":"wp","href":"https:\/\/api.w.org\/{rel}","templated":true}]}}