{"id":6682,"date":"2018-06-21T09:24:14","date_gmt":"2018-06-21T07:24:14","guid":{"rendered":"https:\/\/www.rijeka.hr\/it\/?page_id=6682"},"modified":"2024-08-21T15:33:23","modified_gmt":"2024-08-21T13:33:23","slug":"scuole-elementari-fondate-dalla-citta-di-fiume","status":"publish","type":"page","link":"https:\/\/www.rijeka.hr\/it\/temi-per-i-cittadini\/educazione-e-istruzione\/scuole-elementari\/scuole-elementari-cittadine\/scuole-elementari-fondate-dalla-citta-di-fiume\/","title":{"rendered":"Scuole elementari fondate dalla Citt\u00e0 di Fiume"},"content":{"rendered":"<ul>\n<li><a title=\"Osnovna \u0161kola \u2013 Scuola elementare &quot;Belvedere&quot;\" href=\"http:\/\/os-belvedere-ri.skole.hr\/\" target=\"_blank\" rel=\"noopener\">Scuola elementare Belvedere<\/a><\/li>\n<li><a title=\"Osnovna \u0161kola \u2013 Scuola elementare &quot;Belvedere&quot;\" href=\"http:\/\/os-belvedere-ri.skole.hr\/\" target=\"_blank\" rel=\"noopener\">Scuola elementare<\/a><a title=\"Osnovna \u0161kola &quot;Brajda&quot;\" href=\"http:\/\/os-brajda-ri.skole.hr\/\" target=\"_self\"> Brajda <\/a><\/li>\n<li><a title=\"Osnovna \u0161kola \u2013 Scuola elementare &quot;Belvedere&quot;\" href=\"http:\/\/os-belvedere-ri.skole.hr\/\" target=\"_blank\" rel=\"noopener\">Scuola elementare<\/a><a title=\"Osnovna \u0161kola &quot;Centar&quot;\" href=\"http:\/\/os-centar-ri.skole.hr\/\" target=\"_self\"> Centar <\/a><\/li>\n<li><a href=\"http:\/\/os-dolac-ri.skole.hr\/\" target=\"_blank\" rel=\"noopener\">Scuola elementare &#8220;Dolac&#8221;<\/a><\/li>\n<li><a title=\"Osnovna \u0161kola \u2013 Scuola elementare &quot;Belvedere&quot;\" href=\"http:\/\/os-belvedere-ri.skole.hr\/\" target=\"_blank\" rel=\"noopener\">Scuola elementare<\/a><a title=\"Osnovna \u0161kola &quot;Eugen Kumi\u010di\u0107&quot;\" href=\"http:\/\/os-ekumicic-ri.skole.hr\/\" target=\"_self\"> Eugen Kumi\u010di\u0107 <\/a><\/li>\n<li><a title=\"Osnovna \u0161kola \u2013 Scuola elementare &quot;Belvedere&quot;\" href=\"http:\/\/os-belvedere-ri.skole.hr\/\" target=\"_blank\" rel=\"noopener\">Scuola elementare<\/a><a title=\"Osnovna \u0161kola &quot;Fran Frankovi\u0107&quot;\" href=\"http:\/\/os-ffrankovic-ri.skole.hr\/\" target=\"_self\"> Fran Frankovi\u0107 <\/a><\/li>\n<li><a title=\"Osnovna \u0161kola \u2013 Scuola elementare &quot;Belvedere&quot;\" href=\"http:\/\/os-belvedere-ri.skole.hr\/\" target=\"_blank\" rel=\"noopener\">Scuola elementare<\/a><a title=\"Osnovna \u0161kola \u2013 Scuola elementare &quot;Gelsi&quot;\" href=\"http:\/\/os-gelsi-ri.skole.hr\/\" target=\"_self\">-SE Gelsi <\/a><\/li>\n<li><a title=\"Osnovna \u0161kola \u2013 Scuola elementare &quot;Belvedere&quot;\" href=\"http:\/\/os-belvedere-ri.skole.hr\/\" target=\"_blank\" rel=\"noopener\">Scuola elementare<\/a><a title=\"Osnovna \u0161kola &quot;Gornja Ve\u017eica&quot;\" href=\"http:\/\/os-gornja-vezica-ri.skole.hr\/\" target=\"_self\"> Gornja Ve\u017eica <\/a><\/li>\n<li><a title=\"Osnovna \u0161kola \u2013 Scuola elementare &quot;Belvedere&quot;\" href=\"http:\/\/os-belvedere-ri.skole.hr\/\" target=\"_blank\" rel=\"noopener\">Scuola elementare<\/a><a title=\"Osnovna \u0161kola &quot;Ivan Zajc&quot;\" href=\"http:\/\/os-izajca-ri.skole.hr\/\" target=\"_self\"> Ivana Zajca <\/a><\/li>\n<li><a title=\"Osnovna \u0161kola \u2013 Scuola elementare &quot;Belvedere&quot;\" href=\"http:\/\/os-belvedere-ri.skole.hr\/\" target=\"_blank\" rel=\"noopener\">Scuola elementare<\/a><a title=\"Osnovna \u0161kola &quot;Kantrida&quot;\" href=\"http:\/\/www.os-kantrida-ri.skole.hr\/\" target=\"_self\"> Kantrida <\/a><\/li>\n<li><a title=\"Osnovna \u0161kola \u2013 Scuola elementare &quot;Belvedere&quot;\" href=\"http:\/\/os-belvedere-ri.skole.hr\/\" target=\"_blank\" rel=\"noopener\">Scuola elementare<\/a><a title=\"Osnovna \u0161kola &quot;Kozala&quot;\" href=\"http:\/\/os-kozala-ri.skole.hr\/\" target=\"_self\"> Kozala <\/a><\/li>\n<li><a title=\"Osnovna \u0161kola \u2013 Scuola elementare &quot;Belvedere&quot;\" href=\"http:\/\/os-belvedere-ri.skole.hr\/\" target=\"_blank\" rel=\"noopener\">Scuola elementare<\/a><a title=\"Osnovna \u0161kola &quot;Nikola Tesla&quot;\" href=\"http:\/\/os-ntesla-ri.skole.hr\/\" target=\"_self\"> Nikola Tesla <\/a><\/li>\n<li><a title=\"Osnovna \u0161kola \u2013 Scuola elementare &quot;Belvedere&quot;\" href=\"http:\/\/os-belvedere-ri.skole.hr\/\" target=\"_blank\" rel=\"noopener\">Scuola elementare<\/a><a title=\"Osnovna \u0161kola &quot;Pe\u0107ine&quot;\" href=\"http:\/\/os-pecine-ri.skole.hr\/\" target=\"_self\"> Pe\u0107ine <\/a><\/li>\n<li><a title=\"Osnovna \u0161kola \u2013 Scuola elementare &quot;Belvedere&quot;\" href=\"http:\/\/os-belvedere-ri.skole.hr\/\" target=\"_blank\" rel=\"noopener\">Scuola elementare<\/a><a title=\"Osnovna \u0161kola &quot;Pehlin&quot;\" href=\"http:\/\/os-pehlin-ri.skole.hr\/\" target=\"_self\"> Pehlin <\/a><\/li>\n<li><a title=\"Osnovna \u0161kola \u2013 Scuola elementare &quot;Belvedere&quot;\" href=\"http:\/\/os-belvedere-ri.skole.hr\/\" target=\"_blank\" rel=\"noopener\">Scuola elementare<\/a><a title=\"Osnovna \u0161kola &quot;Podmurvice&quot;\" href=\"http:\/\/os-podmurvice-ri.skole.hr\/\" target=\"_self\"> Podmurvice <\/a><\/li>\n<li><a title=\"Osnovna \u0161kola \u2013 Scuola elementare &quot;Belvedere&quot;\" href=\"http:\/\/os-belvedere-ri.skole.hr\/\" target=\"_blank\" rel=\"noopener\">Scuola elementare<\/a><a title=\"Osnovna \u0161kola \u2013 Scuola elementare &quot;San Nicolo&quot;\" href=\"http:\/\/os-san-nicolo-ri.skole.hr\/\" target=\"_self\">-SE San Nicolo <\/a><\/li>\n<li><a title=\"Osnovna \u0161kola \u2013 Scuola elementare &quot;Belvedere&quot;\" href=\"http:\/\/os-belvedere-ri.skole.hr\/\" target=\"_blank\" rel=\"noopener\">Scuola elementare<\/a><a title=\"Osnovna \u0161kola &quot;Srdo\u010di&quot;\" href=\"http:\/\/os-srdoci-ri.skole.hr\/\" target=\"_self\"> Srdo\u010di<\/a><\/li>\n<li><a title=\"Osnovna \u0161kola \u2013 Scuola elementare &quot;Belvedere&quot;\" href=\"http:\/\/os-belvedere-ri.skole.hr\/\" target=\"_blank\" rel=\"noopener\">Scuola elementare<\/a><a title=\"Osnovna \u0161kola \u0160kurinje\" href=\"http:\/\/os-skurinje-ri.skole.hr\/\"> \u0160kurinje<\/a><\/li>\n<li><a title=\"Osnovna \u0161kola \u2013 Scuola elementare &quot;Belvedere&quot;\" href=\"http:\/\/os-belvedere-ri.skole.hr\/\" target=\"_blank\" rel=\"noopener\">Scuola elementare<\/a><a title=\"Osnovna \u0161kola &quot;Trsat&quot;\" href=\"http:\/\/os-trsat-ri.skole.hr\/\" target=\"_self\"> Trsat <\/a><\/li>\n<li><a title=\"Osnovna \u0161kola \u2013 Scuola elementare &quot;Belvedere&quot;\" href=\"http:\/\/os-belvedere-ri.skole.hr\/\" target=\"_blank\" rel=\"noopener\">Scuola elementare<\/a><a title=\"Osnovna \u0161kola &quot;Turni\u0107&quot;\" href=\"http:\/\/os-turnic-ri.skole.hr\/\" target=\"_self\"> Turni\u0107 <\/a><\/li>\n<li><a title=\"Osnovna \u0161kola \u2013 Scuola elementare &quot;Belvedere&quot;\" href=\"http:\/\/os-belvedere-ri.skole.hr\/\" target=\"_blank\" rel=\"noopener\">Scuola elementare<\/a><a title=\"Osnovna \u0161kola &quot;Ve\u017eica&quot;\" href=\"http:\/\/os-vezica-ri.skole.hr\/\" target=\"_self\"> Ve\u017eica<\/a><\/li>\n<li><a title=\"Osnovna \u0161kola \u2013 Scuola elementare &quot;Belvedere&quot;\" href=\"http:\/\/os-belvedere-ri.skole.hr\/\" target=\"_blank\" rel=\"noopener\">Scuola elementare<\/a><a title=\"Osnovna \u0161kola &quot;Vladimir Gortan&quot;\" href=\"http:\/\/os-vgortan-ri.skole.hr\/\" target=\"_self\"> Vladimir Gortan<\/a><\/li>\n<li><a title=\"Osnovna \u0161kola \u2013 Scuola elementare &quot;Belvedere&quot;\" href=\"http:\/\/os-belvedere-ri.skole.hr\/\" target=\"_blank\" rel=\"noopener\">Scuola elementare<\/a><a title=\"Osnovna \u0161kola &quot;Zamet&quot;\" href=\"http:\/\/www.os-zamet-ri.skole.hr\" target=\"_blank\" rel=\"noopener\"> Zamet<\/a><\/li>\n<li><a title=\"Centar za odgoj i obrazovanje\" href=\"http:\/\/centar-odgojiobrazovanje-ri.skole.hr\/\" target=\"_blank\" rel=\"noopener\">Centro per l&#8217;educazione e l&#8217;istruzione<\/a><\/li>\n<li><a href=\"http:\/\/cza-ri.hr\/en\/center-for-autism-rijeka-2\/\">Centro per l&#8217;autismo di Fiume<\/a><\/li>\n<\/ul>\n","protected":false},"excerpt":{"rendered":"<p>Scuola elementare Belvedere Scuola elementare Brajda Scuola elementare Centar Scuola elementare &#8220;Dolac&#8221; Scuola elementare Eugen Kumi\u010di\u0107 Scuola elementare Fran Frankovi\u0107 Scuola elementare-SE Gelsi Scuola elementare Gornja Ve\u017eica Scuola elementare Ivana Zajca Scuola elementare Kantrida Scuola elementare Kozala Scuola elementare Nikola Tesla Scuola elementare Pe\u0107ine Scuola elementare Pehlin Scuola elementare Podmurvice Scuola elementare-SE San Nicolo Scuola&#8230;<\/p>\n","protected":false},"author":6,"featured_media":0,"parent":7086,"menu_order":0,"comment_status":"closed","ping_status":"closed","template":"","meta":{"_acf_changed":false,"_trash_the_other_posts":false,"footnotes":"","_links_to":"","_links_to_target":""},"tags":[],"class_list":["post-6682","page","type-page","status-publish","hentry"],"acf":[],"yoast_head":"<!-- This site is optimized with the Yoast SEO plugin v24.4 - https:\/\/yoast.com\/wordpress\/plugins\/seo\/ -->\n<title>Scuole elementari fondate dalla Citt\u00e0 di Fiume - Citt\u00e0 di Fiume<\/title>\n<meta name=\"robots\" content=\"index, follow, max-snippet:-1, max-image-preview:large, max-video-preview:-1\" \/>\n<link rel=\"canonical\" href=\"https:\/\/www.rijeka.hr\/it\/temi-per-i-cittadini\/educazione-e-istruzione\/scuole-elementari\/scuole-elementari-cittadine\/scuole-elementari-fondate-dalla-citta-di-fiume\/\" \/>\n<meta property=\"og:locale\" content=\"it_IT\" \/>\n<meta property=\"og:type\" content=\"article\" \/>\n<meta property=\"og:title\" content=\"Scuole elementari fondate dalla Citt\u00e0 di Fiume - Citt\u00e0 di Fiume\" \/>\n<meta property=\"og:description\" content=\"Scuola elementare Belvedere Scuola elementare Brajda Scuola elementare Centar Scuola elementare &#8220;Dolac&#8221; Scuola elementare Eugen Kumi\u010di\u0107 Scuola elementare Fran Frankovi\u0107 Scuola elementare-SE Gelsi Scuola elementare Gornja Ve\u017eica Scuola elementare Ivana Zajca Scuola elementare Kantrida Scuola elementare Kozala Scuola elementare Nikola Tesla Scuola elementare Pe\u0107ine Scuola elementare Pehlin Scuola elementare Podmurvice Scuola elementare-SE San Nicolo Scuola...\" \/>\n<meta property=\"og:url\" content=\"https:\/\/www.rijeka.hr\/it\/temi-per-i-cittadini\/educazione-e-istruzione\/scuole-elementari\/scuole-elementari-cittadine\/scuole-elementari-fondate-dalla-citta-di-fiume\/\" \/>\n<meta property=\"og:site_name\" content=\"Citt\u00e0 di Fiume\" \/>\n<meta property=\"article:modified_time\" content=\"2024-08-21T13:33:23+00:00\" \/>\n<meta name=\"twitter:card\" content=\"summary_large_image\" \/>\n<script type=\"application\/ld+json\" class=\"yoast-schema-graph\">{\"@context\":\"https:\/\/schema.org\",\"@graph\":[{\"@type\":\"WebPage\",\"@id\":\"https:\/\/www.rijeka.hr\/it\/temi-per-i-cittadini\/educazione-e-istruzione\/scuole-elementari\/scuole-elementari-cittadine\/scuole-elementari-fondate-dalla-citta-di-fiume\/\",\"url\":\"https:\/\/www.rijeka.hr\/it\/temi-per-i-cittadini\/educazione-e-istruzione\/scuole-elementari\/scuole-elementari-cittadine\/scuole-elementari-fondate-dalla-citta-di-fiume\/\",\"name\":\"Scuole elementari fondate dalla Citt\u00e0 di Fiume - Citt\u00e0 di Fiume\",\"isPartOf\":{\"@id\":\"https:\/\/www.rijeka.hr\/it\/#website\"},\"datePublished\":\"2018-06-21T07:24:14+00:00\",\"dateModified\":\"2024-08-21T13:33:23+00:00\",\"breadcrumb\":{\"@id\":\"https:\/\/www.rijeka.hr\/it\/temi-per-i-cittadini\/educazione-e-istruzione\/scuole-elementari\/scuole-elementari-cittadine\/scuole-elementari-fondate-dalla-citta-di-fiume\/#breadcrumb\"},\"inLanguage\":\"it-IT\",\"potentialAction\":[{\"@type\":\"ReadAction\",\"target\":[\"https:\/\/www.rijeka.hr\/it\/temi-per-i-cittadini\/educazione-e-istruzione\/scuole-elementari\/scuole-elementari-cittadine\/scuole-elementari-fondate-dalla-citta-di-fiume\/\"]}]},{\"@type\":\"BreadcrumbList\",\"@id\":\"https:\/\/www.rijeka.hr\/it\/temi-per-i-cittadini\/educazione-e-istruzione\/scuole-elementari\/scuole-elementari-cittadine\/scuole-elementari-fondate-dalla-citta-di-fiume\/#breadcrumb\",\"itemListElement\":[{\"@type\":\"ListItem\",\"position\":1,\"name\":\"Po\u010detna stranica\",\"item\":\"https:\/\/www.rijeka.hr\/it\/\"},{\"@type\":\"ListItem\",\"position\":2,\"name\":\"Temi per i cittadini\",\"item\":\"https:\/\/www.rijeka.hr\/it\/temi-per-i-cittadini\/\"},{\"@type\":\"ListItem\",\"position\":3,\"name\":\"Educazione e istruzione\",\"item\":\"https:\/\/www.rijeka.hr\/it\/temi-per-i-cittadini\/educazione-e-istruzione\/\"},{\"@type\":\"ListItem\",\"position\":4,\"name\":\"Scuole elementari\",\"item\":\"https:\/\/www.rijeka.hr\/it\/temi-per-i-cittadini\/educazione-e-istruzione\/scuole-elementari\/\"},{\"@type\":\"ListItem\",\"position\":5,\"name\":\"Scuole elementari cittadine\",\"item\":\"https:\/\/www.rijeka.hr\/it\/temi-per-i-cittadini\/educazione-e-istruzione\/scuole-elementari\/scuole-elementari-cittadine\/\"},{\"@type\":\"ListItem\",\"position\":6,\"name\":\"Scuole elementari fondate dalla Citt\u00e0 di Fiume\"}]},{\"@type\":\"WebSite\",\"@id\":\"https:\/\/www.rijeka.hr\/it\/#website\",\"url\":\"https:\/\/www.rijeka.hr\/it\/\",\"name\":\"Citt\u00e0 di Fiume\",\"description\":\"Portale web della Citta&#039; di Fiume\",\"potentialAction\":[{\"@type\":\"SearchAction\",\"target\":{\"@type\":\"EntryPoint\",\"urlTemplate\":\"https:\/\/www.rijeka.hr\/it\/?s={search_term_string}\"},\"query-input\":{\"@type\":\"PropertyValueSpecification\",\"valueRequired\":true,\"valueName\":\"search_term_string\"}}],\"inLanguage\":\"it-IT\"}]}<\/script>\n<!-- \/ Yoast SEO plugin. -->","yoast_head_json":{"title":"Scuole elementari fondate dalla Citt\u00e0 di Fiume - Citt\u00e0 di Fiume","robots":{"index":"index","follow":"follow","max-snippet":"max-snippet:-1","max-image-preview":"max-image-preview:large","max-video-preview":"max-video-preview:-1"},"canonical":"https:\/\/www.rijeka.hr\/it\/temi-per-i-cittadini\/educazione-e-istruzione\/scuole-elementari\/scuole-elementari-cittadine\/scuole-elementari-fondate-dalla-citta-di-fiume\/","og_locale":"it_IT","og_type":"article","og_title":"Scuole elementari fondate dalla Citt\u00e0 di Fiume - Citt\u00e0 di Fiume","og_description":"Scuola elementare Belvedere Scuola elementare Brajda Scuola elementare Centar Scuola elementare &#8220;Dolac&#8221; Scuola elementare Eugen Kumi\u010di\u0107 Scuola elementare Fran Frankovi\u0107 Scuola elementare-SE Gelsi Scuola elementare Gornja Ve\u017eica Scuola elementare Ivana Zajca Scuola elementare Kantrida Scuola elementare Kozala Scuola elementare Nikola Tesla Scuola elementare Pe\u0107ine Scuola elementare Pehlin Scuola elementare Podmurvice Scuola elementare-SE San Nicolo Scuola...","og_url":"https:\/\/www.rijeka.hr\/it\/temi-per-i-cittadini\/educazione-e-istruzione\/scuole-elementari\/scuole-elementari-cittadine\/scuole-elementari-fondate-dalla-citta-di-fiume\/","og_site_name":"Citt\u00e0 di Fiume","article_modified_time":"2024-08-21T13:33:23+00:00","twitter_card":"summary_large_image","schema":{"@context":"https:\/\/schema.org","@graph":[{"@type":"WebPage","@id":"https:\/\/www.rijeka.hr\/it\/temi-per-i-cittadini\/educazione-e-istruzione\/scuole-elementari\/scuole-elementari-cittadine\/scuole-elementari-fondate-dalla-citta-di-fiume\/","url":"https:\/\/www.rijeka.hr\/it\/temi-per-i-cittadini\/educazione-e-istruzione\/scuole-elementari\/scuole-elementari-cittadine\/scuole-elementari-fondate-dalla-citta-di-fiume\/","name":"Scuole elementari fondate dalla Citt\u00e0 di Fiume - Citt\u00e0 di Fiume","isPartOf":{"@id":"https:\/\/www.rijeka.hr\/it\/#website"},"datePublished":"2018-06-21T07:24:14+00:00","dateModified":"2024-08-21T13:33:23+00:00","breadcrumb":{"@id":"https:\/\/www.rijeka.hr\/it\/temi-per-i-cittadini\/educazione-e-istruzione\/scuole-elementari\/scuole-elementari-cittadine\/scuole-elementari-fondate-dalla-citta-di-fiume\/#breadcrumb"},"inLanguage":"it-IT","potentialAction":[{"@type":"ReadAction","target":["https:\/\/www.rijeka.hr\/it\/temi-per-i-cittadini\/educazione-e-istruzione\/scuole-elementari\/scuole-elementari-cittadine\/scuole-elementari-fondate-dalla-citta-di-fiume\/"]}]},{"@type":"BreadcrumbList","@id":"https:\/\/www.rijeka.hr\/it\/temi-per-i-cittadini\/educazione-e-istruzione\/scuole-elementari\/scuole-elementari-cittadine\/scuole-elementari-fondate-dalla-citta-di-fiume\/#breadcrumb","itemListElement":[{"@type":"ListItem","position":1,"name":"Po\u010detna stranica","item":"https:\/\/www.rijeka.hr\/it\/"},{"@type":"ListItem","position":2,"name":"Temi per i cittadini","item":"https:\/\/www.rijeka.hr\/it\/temi-per-i-cittadini\/"},{"@type":"ListItem","position":3,"name":"Educazione e istruzione","item":"https:\/\/www.rijeka.hr\/it\/temi-per-i-cittadini\/educazione-e-istruzione\/"},{"@type":"ListItem","position":4,"name":"Scuole elementari","item":"https:\/\/www.rijeka.hr\/it\/temi-per-i-cittadini\/educazione-e-istruzione\/scuole-elementari\/"},{"@type":"ListItem","position":5,"name":"Scuole elementari cittadine","item":"https:\/\/www.rijeka.hr\/it\/temi-per-i-cittadini\/educazione-e-istruzione\/scuole-elementari\/scuole-elementari-cittadine\/"},{"@type":"ListItem","position":6,"name":"Scuole elementari fondate dalla Citt\u00e0 di Fiume"}]},{"@type":"WebSite","@id":"https:\/\/www.rijeka.hr\/it\/#website","url":"https:\/\/www.rijeka.hr\/it\/","name":"Citt\u00e0 di Fiume","description":"Portale web della Citta&#039; di Fiume","potentialAction":[{"@type":"SearchAction","target":{"@type":"EntryPoint","urlTemplate":"https:\/\/www.rijeka.hr\/it\/?s={search_term_string}"},"query-input":{"@type":"PropertyValueSpecification","valueRequired":true,"valueName":"search_term_string"}}],"inLanguage":"it-IT"}]}},"_links":{"self":[{"href":"https:\/\/www.rijeka.hr\/it\/wp-json\/wp\/v2\/pages\/6682","targetHints":{"allow":["GET"]}}],"collection":[{"href":"https:\/\/www.rijeka.hr\/it\/wp-json\/wp\/v2\/pages"}],"about":[{"href":"https:\/\/www.rijeka.hr\/it\/wp-json\/wp\/v2\/types\/page"}],"author":[{"embeddable":true,"href":"https:\/\/www.rijeka.hr\/it\/wp-json\/wp\/v2\/users\/6"}],"replies":[{"embeddable":true,"href":"https:\/\/www.rijeka.hr\/it\/wp-json\/wp\/v2\/comments?post=6682"}],"version-history":[{"count":5,"href":"https:\/\/www.rijeka.hr\/it\/wp-json\/wp\/v2\/pages\/6682\/revisions"}],"predecessor-version":[{"id":10515,"href":"https:\/\/www.rijeka.hr\/it\/wp-json\/wp\/v2\/pages\/6682\/revisions\/10515"}],"up":[{"embeddable":true,"href":"https:\/\/www.rijeka.hr\/it\/wp-json\/wp\/v2\/pages\/7086"}],"wp:attachment":[{"href":"https:\/\/www.rijeka.hr\/it\/wp-json\/wp\/v2\/media?parent=6682"}],"wp:term":[{"taxonomy":"post_tag","embeddable":true,"href":"https:\/\/www.rijeka.hr\/it\/wp-json\/wp\/v2\/tags?post=6682"}],"curies":[{"name":"wp","href":"https:\/\/api.w.org\/{rel}","templated":true}]}}