{"id":690,"date":"2016-08-02T08:35:43","date_gmt":"2016-08-02T06:35:43","guid":{"rendered":"https:\/\/www.rijeka.hr\/it\/?page_id=690"},"modified":"2020-02-26T15:41:33","modified_gmt":"2020-02-26T14:41:33","slug":"elezioni","status":"publish","type":"page","link":"https:\/\/www.rijeka.hr\/it\/temi-per-i-cittadini\/cittadinanza-attiva\/elezioni\/","title":{"rendered":"Elezioni"},"content":{"rendered":"<p><strong>Le elezioni per i membri del consiglio cittadino e per il sindaco e i vicesindaci e i membri del consiglio e i rappresentanti delle minoranze nazionali vanno indette dal Governo della Repubblica di Croazia<\/strong>, e tutte le informazioni sulle elezioni sono disponibili sul sito della <a href=\"http:\/\/www.izbori.hr\" target=\"_blank\" rel=\"noopener\">Commissione elettorale statale<\/a>.\u00a0<strong>Le elezioni per i membri dei consigli dei comitati di quartiere vanno indetti dal Consiglio della Citt\u00e0 di Fiume.\u00a0<\/strong>Le attivit\u00e0 elettorali a livello della Citt\u00e0 di Fiume, dalla procedura di proposta della candidatura, l\u2019annuncio della lista con i luoghi elettorali fino al trattamento dei risultati delle elezioni vanno attuate dalla Commissione elettorale della Citt\u00e0 di Fiume.<\/p>\n<p>I risultati delle elezioni per i consigli dei comitati di quartiere della Citt\u00e0 di Fiume:<\/p>\n\n        <div class=\"featured-subpages\">\n\n            <ul>\n                <li class=\"page_item page-item-17088 page_item_has_children\"><a href=\"https:\/\/www.rijeka.hr\/it\/temi-per-i-cittadini\/cittadinanza-attiva\/elezioni\/elezioni-per-membri-dei-consigli-dei-comitati-di-quartiere-nel-comprensorio-della-citta-di-fiume\/\">Elezioni per i membri dei consigli dei comitati di quartiere nel comprensorio della citt\u00e0 di Fiume<\/a><\/li>\n<li class=\"page_item page-item-716\"><a href=\"https:\/\/www.rijeka.hr\/it\/temi-per-i-cittadini\/cittadinanza-attiva\/elezioni\/i-risultati-delle-elezioni-per-i-consigli-dei-comitati-di-quartiere-della-citta-di-fiume-2005\/\">I risultati delle elezioni per i consigli dei comitati di quartiere della Citt\u00e0 di Fiume 2005.<\/a><\/li>\n<li class=\"page_item page-item-718\"><a href=\"https:\/\/www.rijeka.hr\/it\/temi-per-i-cittadini\/cittadinanza-attiva\/elezioni\/i-risultati-delle-elezioni-per-i-consigli-dei-comitati-di-quartiere-della-citta-di-fiume-2006\/\">I risultati delle elezioni per i consigli dei comitati di quartiere della Citt\u00e0 di Fiume 2006.<\/a><\/li>\n<li class=\"page_item page-item-720\"><a href=\"https:\/\/www.rijeka.hr\/it\/temi-per-i-cittadini\/cittadinanza-attiva\/elezioni\/rezultati-izbora-vijeca-mjesnih-odbora-grada-rijeke-2010\/\">I risultati delle elezioni per i consigli dei comitati di quartiere della Citt\u00e0 di Fiume 2010.<\/a><\/li>\n<li class=\"page_item page-item-722\"><a href=\"https:\/\/www.rijeka.hr\/it\/temi-per-i-cittadini\/cittadinanza-attiva\/elezioni\/i-risultati-delle-elezioni-per-i-consigli-dei-comitati-di-quartiere-della-citta-di-fiume-2014\/\">I risultati delle elezioni per i consigli dei comitati di quartiere della Citt\u00e0 di Fiume 2014.<\/a><\/li>\n            <\/ul>\n     \n        <\/div>\n\n        \n<h3>Documenti<\/h3>\n<ul>\n<li><strong>Delibera sull\u2019elezione dei membri dei Consiglio dei comitati di quartiere nel comprensorio della citt\u00e0 di Fiume<\/strong> (&#8220;Gazzetta Ufficiale&#8221; della Regione litoraneo-montana n. <a href=\"http:\/\/www.sn.pgz.hr\/default.asp?Link=odluke&amp;id=27279\" target=\"_blank\" rel=\"noopener\">14\/13<\/a>,\u00a0&#8220;Gazzetta Ufficiale della Citt\u00e0 di Fiume&#8221; n. <a href=\"http:\/\/sn.rijeka.hr\/2014\/07\/odluka-o-raspisivanju-izbora-za-clanove-vijeca-mjesnih-odbora-na-podrucju-grada-rijeke\/\" target=\"_blank\" rel=\"noopener\">10\/14<\/a>)<\/li>\n<\/ul>\n<p>Il diritto al voto generale e uguale in Croazia hanno i cittadini croati che hanno compiuto 18 anni. \u00c8 possibile esercitare il voto una sola volta e nessuno pu\u00f2 essere ritenuto responsabile per aver votato o per essersi astenuto dal voto. La segretezza del voto \u00e8 garantita dalla Costituzione.<\/p>\n<p>Nell\u2019albo degli elettori sono registrati tutti i cittadini croati che hanno compiuto 18 anni. Dobbiamo pertanto distinguere l\u2019elenco degli elettori dall\u2019albo degli elettori. L\u2019elenco degli elettori fa parte dell\u2019albo degli elettori che va redatto per ogni elezione dopo la chiusura dell\u2019albo (10 giorni prima della data dell\u2019elezione), dove sono registrati tutti gli elettori residenti nella Repubblica di Croazia con le carte d\u2019identit\u00e0 valide, come pure gli elettori senza la residenza nella Repubblica di Croazia che si sono registrati attivamente. Tutti i cittadini croati possono verificare i dati personali online sul sito web <a href=\"https:\/\/biraci.gov.hr\/RegistarBiraca\/\" target=\"_blank\" rel=\"noopener\">dell\u2019Albo degli elettori<\/a>.\u00a0Sullo stesso sito \u00e8 possibile verificare quanti elettori si sono registrati al loro indirizzo o a qualsiasi altro indirizzo nella Repubblica di Croazia. \u00c8 possibile inoltre verificare se l\u2019indirizzo nell\u2019albo degli elettori corrisponde a quello nel registro delle unit\u00e0 spaziali.<\/p>\n","protected":false},"excerpt":{"rendered":"<p>Le elezioni per i membri del consiglio cittadino e per il sindaco e i vicesindaci e i membri del consiglio e i rappresentanti delle minoranze nazionali vanno indette dal Governo della Repubblica di Croazia, e tutte le informazioni sulle elezioni sono disponibili sul sito della Commissione elettorale statale.\u00a0Le elezioni per i membri dei consigli dei&#8230;<\/p>\n","protected":false},"author":6,"featured_media":0,"parent":684,"menu_order":0,"comment_status":"closed","ping_status":"closed","template":"","meta":{"_acf_changed":false,"_trash_the_other_posts":false,"footnotes":"","_links_to":"","_links_to_target":""},"tags":[],"class_list":["post-690","page","type-page","status-publish","hentry"],"acf":[],"yoast_head":"<!-- This site is optimized with the Yoast SEO plugin v24.4 - https:\/\/yoast.com\/wordpress\/plugins\/seo\/ -->\n<title>Elezioni - Citt\u00e0 di Fiume<\/title>\n<meta name=\"robots\" content=\"index, follow, max-snippet:-1, max-image-preview:large, max-video-preview:-1\" \/>\n<link rel=\"canonical\" href=\"https:\/\/www.rijeka.hr\/it\/temi-per-i-cittadini\/cittadinanza-attiva\/elezioni\/\" \/>\n<meta property=\"og:locale\" content=\"it_IT\" \/>\n<meta property=\"og:type\" content=\"article\" \/>\n<meta property=\"og:title\" content=\"Elezioni - Citt\u00e0 di Fiume\" \/>\n<meta property=\"og:description\" content=\"Le elezioni per i membri del consiglio cittadino e per il sindaco e i vicesindaci e i membri del consiglio e i rappresentanti delle minoranze nazionali vanno indette dal Governo della Repubblica di Croazia, e tutte le informazioni sulle elezioni sono disponibili sul sito della Commissione elettorale statale.\u00a0Le elezioni per i membri dei consigli dei...\" \/>\n<meta property=\"og:url\" content=\"https:\/\/www.rijeka.hr\/it\/temi-per-i-cittadini\/cittadinanza-attiva\/elezioni\/\" \/>\n<meta property=\"og:site_name\" content=\"Citt\u00e0 di Fiume\" \/>\n<meta property=\"article:modified_time\" content=\"2020-02-26T14:41:33+00:00\" \/>\n<meta name=\"twitter:card\" content=\"summary_large_image\" \/>\n<meta name=\"twitter:label1\" content=\"Est. reading time\" \/>\n\t<meta name=\"twitter:data1\" content=\"2 minutes\" \/>\n<script type=\"application\/ld+json\" class=\"yoast-schema-graph\">{\"@context\":\"https:\/\/schema.org\",\"@graph\":[{\"@type\":\"WebPage\",\"@id\":\"https:\/\/www.rijeka.hr\/it\/temi-per-i-cittadini\/cittadinanza-attiva\/elezioni\/\",\"url\":\"https:\/\/www.rijeka.hr\/it\/temi-per-i-cittadini\/cittadinanza-attiva\/elezioni\/\",\"name\":\"Elezioni - Citt\u00e0 di Fiume\",\"isPartOf\":{\"@id\":\"https:\/\/www.rijeka.hr\/it\/#website\"},\"datePublished\":\"2016-08-02T06:35:43+00:00\",\"dateModified\":\"2020-02-26T14:41:33+00:00\",\"breadcrumb\":{\"@id\":\"https:\/\/www.rijeka.hr\/it\/temi-per-i-cittadini\/cittadinanza-attiva\/elezioni\/#breadcrumb\"},\"inLanguage\":\"it-IT\",\"potentialAction\":[{\"@type\":\"ReadAction\",\"target\":[\"https:\/\/www.rijeka.hr\/it\/temi-per-i-cittadini\/cittadinanza-attiva\/elezioni\/\"]}]},{\"@type\":\"BreadcrumbList\",\"@id\":\"https:\/\/www.rijeka.hr\/it\/temi-per-i-cittadini\/cittadinanza-attiva\/elezioni\/#breadcrumb\",\"itemListElement\":[{\"@type\":\"ListItem\",\"position\":1,\"name\":\"Po\u010detna stranica\",\"item\":\"https:\/\/www.rijeka.hr\/it\/\"},{\"@type\":\"ListItem\",\"position\":2,\"name\":\"Temi per i cittadini\",\"item\":\"https:\/\/www.rijeka.hr\/it\/temi-per-i-cittadini\/\"},{\"@type\":\"ListItem\",\"position\":3,\"name\":\"Cittadinanza attiva\",\"item\":\"https:\/\/www.rijeka.hr\/it\/temi-per-i-cittadini\/cittadinanza-attiva\/\"},{\"@type\":\"ListItem\",\"position\":4,\"name\":\"Elezioni\"}]},{\"@type\":\"WebSite\",\"@id\":\"https:\/\/www.rijeka.hr\/it\/#website\",\"url\":\"https:\/\/www.rijeka.hr\/it\/\",\"name\":\"Citt\u00e0 di Fiume\",\"description\":\"Portale web della Citta&#039; di Fiume\",\"potentialAction\":[{\"@type\":\"SearchAction\",\"target\":{\"@type\":\"EntryPoint\",\"urlTemplate\":\"https:\/\/www.rijeka.hr\/it\/?s={search_term_string}\"},\"query-input\":{\"@type\":\"PropertyValueSpecification\",\"valueRequired\":true,\"valueName\":\"search_term_string\"}}],\"inLanguage\":\"it-IT\"}]}<\/script>\n<!-- \/ Yoast SEO plugin. -->","yoast_head_json":{"title":"Elezioni - Citt\u00e0 di Fiume","robots":{"index":"index","follow":"follow","max-snippet":"max-snippet:-1","max-image-preview":"max-image-preview:large","max-video-preview":"max-video-preview:-1"},"canonical":"https:\/\/www.rijeka.hr\/it\/temi-per-i-cittadini\/cittadinanza-attiva\/elezioni\/","og_locale":"it_IT","og_type":"article","og_title":"Elezioni - Citt\u00e0 di Fiume","og_description":"Le elezioni per i membri del consiglio cittadino e per il sindaco e i vicesindaci e i membri del consiglio e i rappresentanti delle minoranze nazionali vanno indette dal Governo della Repubblica di Croazia, e tutte le informazioni sulle elezioni sono disponibili sul sito della Commissione elettorale statale.\u00a0Le elezioni per i membri dei consigli dei...","og_url":"https:\/\/www.rijeka.hr\/it\/temi-per-i-cittadini\/cittadinanza-attiva\/elezioni\/","og_site_name":"Citt\u00e0 di Fiume","article_modified_time":"2020-02-26T14:41:33+00:00","twitter_card":"summary_large_image","twitter_misc":{"Est. reading time":"2 minutes"},"schema":{"@context":"https:\/\/schema.org","@graph":[{"@type":"WebPage","@id":"https:\/\/www.rijeka.hr\/it\/temi-per-i-cittadini\/cittadinanza-attiva\/elezioni\/","url":"https:\/\/www.rijeka.hr\/it\/temi-per-i-cittadini\/cittadinanza-attiva\/elezioni\/","name":"Elezioni - Citt\u00e0 di Fiume","isPartOf":{"@id":"https:\/\/www.rijeka.hr\/it\/#website"},"datePublished":"2016-08-02T06:35:43+00:00","dateModified":"2020-02-26T14:41:33+00:00","breadcrumb":{"@id":"https:\/\/www.rijeka.hr\/it\/temi-per-i-cittadini\/cittadinanza-attiva\/elezioni\/#breadcrumb"},"inLanguage":"it-IT","potentialAction":[{"@type":"ReadAction","target":["https:\/\/www.rijeka.hr\/it\/temi-per-i-cittadini\/cittadinanza-attiva\/elezioni\/"]}]},{"@type":"BreadcrumbList","@id":"https:\/\/www.rijeka.hr\/it\/temi-per-i-cittadini\/cittadinanza-attiva\/elezioni\/#breadcrumb","itemListElement":[{"@type":"ListItem","position":1,"name":"Po\u010detna stranica","item":"https:\/\/www.rijeka.hr\/it\/"},{"@type":"ListItem","position":2,"name":"Temi per i cittadini","item":"https:\/\/www.rijeka.hr\/it\/temi-per-i-cittadini\/"},{"@type":"ListItem","position":3,"name":"Cittadinanza attiva","item":"https:\/\/www.rijeka.hr\/it\/temi-per-i-cittadini\/cittadinanza-attiva\/"},{"@type":"ListItem","position":4,"name":"Elezioni"}]},{"@type":"WebSite","@id":"https:\/\/www.rijeka.hr\/it\/#website","url":"https:\/\/www.rijeka.hr\/it\/","name":"Citt\u00e0 di Fiume","description":"Portale web della Citta&#039; di Fiume","potentialAction":[{"@type":"SearchAction","target":{"@type":"EntryPoint","urlTemplate":"https:\/\/www.rijeka.hr\/it\/?s={search_term_string}"},"query-input":{"@type":"PropertyValueSpecification","valueRequired":true,"valueName":"search_term_string"}}],"inLanguage":"it-IT"}]}},"_links":{"self":[{"href":"https:\/\/www.rijeka.hr\/it\/wp-json\/wp\/v2\/pages\/690","targetHints":{"allow":["GET"]}}],"collection":[{"href":"https:\/\/www.rijeka.hr\/it\/wp-json\/wp\/v2\/pages"}],"about":[{"href":"https:\/\/www.rijeka.hr\/it\/wp-json\/wp\/v2\/types\/page"}],"author":[{"embeddable":true,"href":"https:\/\/www.rijeka.hr\/it\/wp-json\/wp\/v2\/users\/6"}],"replies":[{"embeddable":true,"href":"https:\/\/www.rijeka.hr\/it\/wp-json\/wp\/v2\/comments?post=690"}],"version-history":[{"count":4,"href":"https:\/\/www.rijeka.hr\/it\/wp-json\/wp\/v2\/pages\/690\/revisions"}],"predecessor-version":[{"id":5958,"href":"https:\/\/www.rijeka.hr\/it\/wp-json\/wp\/v2\/pages\/690\/revisions\/5958"}],"up":[{"embeddable":true,"href":"https:\/\/www.rijeka.hr\/it\/wp-json\/wp\/v2\/pages\/684"}],"wp:attachment":[{"href":"https:\/\/www.rijeka.hr\/it\/wp-json\/wp\/v2\/media?parent=690"}],"wp:term":[{"taxonomy":"post_tag","embeddable":true,"href":"https:\/\/www.rijeka.hr\/it\/wp-json\/wp\/v2\/tags?post=690"}],"curies":[{"name":"wp","href":"https:\/\/api.w.org\/{rel}","templated":true}]}}