{"id":694,"date":"2016-08-02T08:45:19","date_gmt":"2016-08-02T06:45:19","guid":{"rendered":"https:\/\/www.rijeka.hr\/it\/?page_id=694"},"modified":"2024-01-25T13:08:44","modified_gmt":"2024-01-25T12:08:44","slug":"bilancio-partecipativo","status":"publish","type":"page","link":"https:\/\/www.rijeka.hr\/it\/temi-per-i-cittadini\/cittadinanza-attiva\/bilancio-partecipativo\/","title":{"rendered":"Bilancio partecipativo"},"content":{"rendered":"<p><strong>Il coinvolgimento dei cittadini nella pianificazione e nell\u2019esborso dei mezzi di bilancio sul comprensorio della citt\u00e0 di Fiume<\/strong><strong>, ovvero nel bilancio partecipativo<\/strong>, che a livello globale viene promosso sempre di pi\u00f9 come un metodo importante per coinvolgere i cittadini nelle attivit\u00e0 della pubblica amministrazione, a Fiume \u00e8 stato reso possibile attraverso tre modelli:<\/p>\n\n    <div class=\"featured-pages\">\n\n        <ul>\n                            <li><a href=\"https:\/\/www.rijeka.hr\/it\/temi-per-i-cittadini\/cittadinanza-attiva\/bilancio-partecipativo\/piccoli-interventi-comunali\/\">Piccoli interventi comunali<\/a><\/li>\n                            <li><a href=\"https:\/\/www.rijeka.hr\/it\/temi-per-i-cittadini\/cittadinanza-attiva\/bilancio-partecipativo\/il-programma-di-partenariato-locale-di-fiume\/\">Il programma fiumano di partenariato locale<\/a><\/li>\n                            <li><a href=\"https:\/\/www.rijeka.hr\/it\/temi-per-i-cittadini\/cittadinanza-attiva\/bilancio-partecipativo\/gioco-educativo-per-compilare-il-bilancio-proracunaj-me\/\">Gioco educativo per compilare il bilancio \u2013 Prora\u010dunaj me!<\/a><\/li>\n                    <\/ul>\n \n    <\/div>\n\n    \n<p>Oltre ai detti modelli, i cittadini possono inviare le proprie proposte inerenti al bilancio compilando il modulo online per il coinvolgimento nella pianificazione e nella deliberazione in merito al bilancio o utilizzando il modulo contenuto nel Bilancio in breve per l\u2019anno in corso che possono compilare e inviare per posta all\u2019indirizzo:<\/p>\n<p>Ufficio della Citt\u00e0 di Fiume<br \/>\n(Coinvolgimento dei cittadini nella deliberazione in merito al bilancio)<br \/>\nKorzo 16<br \/>\n51000 Rijeka<\/p>\n\n    <div class=\"featured-links\">\n\n        <ul>\n                                                <li class=\"type-url\"><a href=\"http:\/\/ekonzultacije.rijeka.hr\/obrazac-za-sudjelovanje-u-planiranju-i-donosenju-proracuna\/\">Obrazac za sudjelovanje u planiranju i dono\u0161enju prora\u010duna<\/a><\/li>\n                                                                                                                                                                                                                                                                                                                                                                                                                                            <\/ul>\n \n    <\/div>\n\n    \n\n    <div class=\"featured-download\">\n\n        <ul>\n                                                                                                    <li class=\"type-jpeg\"><a href=\"https:\/\/www.rijeka.hr\/it\/wp-content\/uploads\/sites\/3\/2020\/08\/Kljuc-600x384.jpg\" data-rel=\"lightbox-image-0\" data-rl_title=\"\" data-rl_caption=\"\" title=\"\">Kljuc-600x384 <em>[jpeg, 12 KB]<\/em><\/a><\/li>\n                                                                                                                                                                                                                                                                                                                                                                                                                                                                                                                                                                                                                                                                                                                                                                                                                                                                                                        <\/ul>\n \n    <\/div>\n\n    \n","protected":false},"excerpt":{"rendered":"<p>Il coinvolgimento dei cittadini nella pianificazione e nell\u2019esborso dei mezzi di bilancio sul comprensorio della citt\u00e0 di Fiume, ovvero nel bilancio partecipativo, che a livello globale viene promosso sempre di pi\u00f9 come un metodo importante per coinvolgere i cittadini nelle attivit\u00e0 della pubblica amministrazione, a Fiume \u00e8 stato reso possibile attraverso tre modelli: Oltre ai&#8230;<\/p>\n","protected":false},"author":6,"featured_media":0,"parent":684,"menu_order":0,"comment_status":"closed","ping_status":"closed","template":"","meta":{"_acf_changed":false,"_trash_the_other_posts":false,"footnotes":"","_links_to":"","_links_to_target":""},"tags":[],"class_list":["post-694","page","type-page","status-publish","hentry"],"acf":[],"yoast_head":"<!-- This site is optimized with the Yoast SEO plugin v24.4 - https:\/\/yoast.com\/wordpress\/plugins\/seo\/ -->\n<title>Bilancio partecipativo - Citt\u00e0 di Fiume<\/title>\n<meta name=\"robots\" content=\"index, follow, max-snippet:-1, max-image-preview:large, max-video-preview:-1\" \/>\n<link rel=\"canonical\" href=\"https:\/\/www.rijeka.hr\/it\/temi-per-i-cittadini\/cittadinanza-attiva\/bilancio-partecipativo\/\" \/>\n<meta property=\"og:locale\" content=\"it_IT\" \/>\n<meta property=\"og:type\" content=\"article\" \/>\n<meta property=\"og:title\" content=\"Bilancio partecipativo - Citt\u00e0 di Fiume\" \/>\n<meta property=\"og:description\" content=\"Il coinvolgimento dei cittadini nella pianificazione e nell\u2019esborso dei mezzi di bilancio sul comprensorio della citt\u00e0 di Fiume, ovvero nel bilancio partecipativo, che a livello globale viene promosso sempre di pi\u00f9 come un metodo importante per coinvolgere i cittadini nelle attivit\u00e0 della pubblica amministrazione, a Fiume \u00e8 stato reso possibile attraverso tre modelli: Oltre ai...\" \/>\n<meta property=\"og:url\" content=\"https:\/\/www.rijeka.hr\/it\/temi-per-i-cittadini\/cittadinanza-attiva\/bilancio-partecipativo\/\" \/>\n<meta property=\"og:site_name\" content=\"Citt\u00e0 di Fiume\" \/>\n<meta property=\"article:modified_time\" content=\"2024-01-25T12:08:44+00:00\" \/>\n<meta name=\"twitter:card\" content=\"summary_large_image\" \/>\n<meta name=\"twitter:label1\" content=\"Est. reading time\" \/>\n\t<meta name=\"twitter:data1\" content=\"1 minute\" \/>\n<script type=\"application\/ld+json\" class=\"yoast-schema-graph\">{\"@context\":\"https:\/\/schema.org\",\"@graph\":[{\"@type\":\"WebPage\",\"@id\":\"https:\/\/www.rijeka.hr\/it\/temi-per-i-cittadini\/cittadinanza-attiva\/bilancio-partecipativo\/\",\"url\":\"https:\/\/www.rijeka.hr\/it\/temi-per-i-cittadini\/cittadinanza-attiva\/bilancio-partecipativo\/\",\"name\":\"Bilancio partecipativo - Citt\u00e0 di Fiume\",\"isPartOf\":{\"@id\":\"https:\/\/www.rijeka.hr\/it\/#website\"},\"datePublished\":\"2016-08-02T06:45:19+00:00\",\"dateModified\":\"2024-01-25T12:08:44+00:00\",\"breadcrumb\":{\"@id\":\"https:\/\/www.rijeka.hr\/it\/temi-per-i-cittadini\/cittadinanza-attiva\/bilancio-partecipativo\/#breadcrumb\"},\"inLanguage\":\"it-IT\",\"potentialAction\":[{\"@type\":\"ReadAction\",\"target\":[\"https:\/\/www.rijeka.hr\/it\/temi-per-i-cittadini\/cittadinanza-attiva\/bilancio-partecipativo\/\"]}]},{\"@type\":\"BreadcrumbList\",\"@id\":\"https:\/\/www.rijeka.hr\/it\/temi-per-i-cittadini\/cittadinanza-attiva\/bilancio-partecipativo\/#breadcrumb\",\"itemListElement\":[{\"@type\":\"ListItem\",\"position\":1,\"name\":\"Po\u010detna stranica\",\"item\":\"https:\/\/www.rijeka.hr\/it\/\"},{\"@type\":\"ListItem\",\"position\":2,\"name\":\"Temi per i cittadini\",\"item\":\"https:\/\/www.rijeka.hr\/it\/temi-per-i-cittadini\/\"},{\"@type\":\"ListItem\",\"position\":3,\"name\":\"Cittadinanza attiva\",\"item\":\"https:\/\/www.rijeka.hr\/it\/temi-per-i-cittadini\/cittadinanza-attiva\/\"},{\"@type\":\"ListItem\",\"position\":4,\"name\":\"Bilancio partecipativo\"}]},{\"@type\":\"WebSite\",\"@id\":\"https:\/\/www.rijeka.hr\/it\/#website\",\"url\":\"https:\/\/www.rijeka.hr\/it\/\",\"name\":\"Citt\u00e0 di Fiume\",\"description\":\"Portale web della Citta&#039; di Fiume\",\"potentialAction\":[{\"@type\":\"SearchAction\",\"target\":{\"@type\":\"EntryPoint\",\"urlTemplate\":\"https:\/\/www.rijeka.hr\/it\/?s={search_term_string}\"},\"query-input\":{\"@type\":\"PropertyValueSpecification\",\"valueRequired\":true,\"valueName\":\"search_term_string\"}}],\"inLanguage\":\"it-IT\"}]}<\/script>\n<!-- \/ Yoast SEO plugin. -->","yoast_head_json":{"title":"Bilancio partecipativo - Citt\u00e0 di Fiume","robots":{"index":"index","follow":"follow","max-snippet":"max-snippet:-1","max-image-preview":"max-image-preview:large","max-video-preview":"max-video-preview:-1"},"canonical":"https:\/\/www.rijeka.hr\/it\/temi-per-i-cittadini\/cittadinanza-attiva\/bilancio-partecipativo\/","og_locale":"it_IT","og_type":"article","og_title":"Bilancio partecipativo - Citt\u00e0 di Fiume","og_description":"Il coinvolgimento dei cittadini nella pianificazione e nell\u2019esborso dei mezzi di bilancio sul comprensorio della citt\u00e0 di Fiume, ovvero nel bilancio partecipativo, che a livello globale viene promosso sempre di pi\u00f9 come un metodo importante per coinvolgere i cittadini nelle attivit\u00e0 della pubblica amministrazione, a Fiume \u00e8 stato reso possibile attraverso tre modelli: Oltre ai...","og_url":"https:\/\/www.rijeka.hr\/it\/temi-per-i-cittadini\/cittadinanza-attiva\/bilancio-partecipativo\/","og_site_name":"Citt\u00e0 di Fiume","article_modified_time":"2024-01-25T12:08:44+00:00","twitter_card":"summary_large_image","twitter_misc":{"Est. reading time":"1 minute"},"schema":{"@context":"https:\/\/schema.org","@graph":[{"@type":"WebPage","@id":"https:\/\/www.rijeka.hr\/it\/temi-per-i-cittadini\/cittadinanza-attiva\/bilancio-partecipativo\/","url":"https:\/\/www.rijeka.hr\/it\/temi-per-i-cittadini\/cittadinanza-attiva\/bilancio-partecipativo\/","name":"Bilancio partecipativo - Citt\u00e0 di Fiume","isPartOf":{"@id":"https:\/\/www.rijeka.hr\/it\/#website"},"datePublished":"2016-08-02T06:45:19+00:00","dateModified":"2024-01-25T12:08:44+00:00","breadcrumb":{"@id":"https:\/\/www.rijeka.hr\/it\/temi-per-i-cittadini\/cittadinanza-attiva\/bilancio-partecipativo\/#breadcrumb"},"inLanguage":"it-IT","potentialAction":[{"@type":"ReadAction","target":["https:\/\/www.rijeka.hr\/it\/temi-per-i-cittadini\/cittadinanza-attiva\/bilancio-partecipativo\/"]}]},{"@type":"BreadcrumbList","@id":"https:\/\/www.rijeka.hr\/it\/temi-per-i-cittadini\/cittadinanza-attiva\/bilancio-partecipativo\/#breadcrumb","itemListElement":[{"@type":"ListItem","position":1,"name":"Po\u010detna stranica","item":"https:\/\/www.rijeka.hr\/it\/"},{"@type":"ListItem","position":2,"name":"Temi per i cittadini","item":"https:\/\/www.rijeka.hr\/it\/temi-per-i-cittadini\/"},{"@type":"ListItem","position":3,"name":"Cittadinanza attiva","item":"https:\/\/www.rijeka.hr\/it\/temi-per-i-cittadini\/cittadinanza-attiva\/"},{"@type":"ListItem","position":4,"name":"Bilancio partecipativo"}]},{"@type":"WebSite","@id":"https:\/\/www.rijeka.hr\/it\/#website","url":"https:\/\/www.rijeka.hr\/it\/","name":"Citt\u00e0 di Fiume","description":"Portale web della Citta&#039; di Fiume","potentialAction":[{"@type":"SearchAction","target":{"@type":"EntryPoint","urlTemplate":"https:\/\/www.rijeka.hr\/it\/?s={search_term_string}"},"query-input":{"@type":"PropertyValueSpecification","valueRequired":true,"valueName":"search_term_string"}}],"inLanguage":"it-IT"}]}},"_links":{"self":[{"href":"https:\/\/www.rijeka.hr\/it\/wp-json\/wp\/v2\/pages\/694","targetHints":{"allow":["GET"]}}],"collection":[{"href":"https:\/\/www.rijeka.hr\/it\/wp-json\/wp\/v2\/pages"}],"about":[{"href":"https:\/\/www.rijeka.hr\/it\/wp-json\/wp\/v2\/types\/page"}],"author":[{"embeddable":true,"href":"https:\/\/www.rijeka.hr\/it\/wp-json\/wp\/v2\/users\/6"}],"replies":[{"embeddable":true,"href":"https:\/\/www.rijeka.hr\/it\/wp-json\/wp\/v2\/comments?post=694"}],"version-history":[{"count":10,"href":"https:\/\/www.rijeka.hr\/it\/wp-json\/wp\/v2\/pages\/694\/revisions"}],"predecessor-version":[{"id":1544,"href":"https:\/\/www.rijeka.hr\/it\/wp-json\/wp\/v2\/pages\/694\/revisions\/1544"}],"up":[{"embeddable":true,"href":"https:\/\/www.rijeka.hr\/it\/wp-json\/wp\/v2\/pages\/684"}],"wp:attachment":[{"href":"https:\/\/www.rijeka.hr\/it\/wp-json\/wp\/v2\/media?parent=694"}],"wp:term":[{"taxonomy":"post_tag","embeddable":true,"href":"https:\/\/www.rijeka.hr\/it\/wp-json\/wp\/v2\/tags?post=694"}],"curies":[{"name":"wp","href":"https:\/\/api.w.org\/{rel}","templated":true}]}}