{"id":7028,"date":"2018-08-23T15:17:17","date_gmt":"2018-08-23T13:17:17","guid":{"rendered":"https:\/\/www.rijeka.hr\/it\/?page_id=7028"},"modified":"2019-11-19T10:45:10","modified_gmt":"2019-11-19T09:45:10","slug":"scuole-medie-superiori","status":"publish","type":"page","link":"https:\/\/www.rijeka.hr\/it\/temi-per-i-cittadini\/educazione-e-istruzione\/educazione-e-istruzione-dei-bambini-con-difficolta-nello-sviluppo\/scuole-medie-superiori\/","title":{"rendered":"Scuole medie superiori"},"content":{"rendered":"<p>Gli studenti delle scuole medie superiori con difficolt\u00e0 nello sviluppo si abilitano secondo i programmi adattati in due scuole:<\/p>\n<ul>\n<li>Centro di educazione e formazione (fondato dalla Citt\u00e0 di Fiume)<\/li>\n<li>Scuola di economia Mijo Mirkovi\u0107 (fondata dalla Regione litoraneo &#8211; montana)<\/li>\n<\/ul>\n<p>Un trasporto speciale viene organizzato per bambini con difficolt\u00e0 nello sviluppo.<\/p>\n","protected":false},"excerpt":{"rendered":"<p>Gli studenti delle scuole medie superiori con difficolt\u00e0 nello sviluppo si abilitano secondo i programmi adattati in due scuole: Centro di educazione e formazione (fondato dalla Citt\u00e0 di Fiume) Scuola di economia Mijo Mirkovi\u0107 (fondata dalla Regione litoraneo &#8211; montana) Un trasporto speciale viene organizzato per bambini con difficolt\u00e0 nello sviluppo.<\/p>\n","protected":false},"author":6,"featured_media":0,"parent":296,"menu_order":0,"comment_status":"closed","ping_status":"closed","template":"","meta":{"_acf_changed":false,"_trash_the_other_posts":false,"footnotes":"","_links_to":"","_links_to_target":""},"tags":[],"class_list":["post-7028","page","type-page","status-publish","hentry"],"acf":[],"yoast_head":"<!-- This site is optimized with the Yoast SEO plugin v24.4 - https:\/\/yoast.com\/wordpress\/plugins\/seo\/ -->\n<title>Scuole medie superiori - Citt\u00e0 di Fiume<\/title>\n<meta name=\"robots\" content=\"index, follow, max-snippet:-1, max-image-preview:large, max-video-preview:-1\" \/>\n<link rel=\"canonical\" href=\"https:\/\/www.rijeka.hr\/it\/temi-per-i-cittadini\/educazione-e-istruzione\/educazione-e-istruzione-dei-bambini-con-difficolta-nello-sviluppo\/scuole-medie-superiori\/\" \/>\n<meta property=\"og:locale\" content=\"it_IT\" \/>\n<meta property=\"og:type\" content=\"article\" \/>\n<meta property=\"og:title\" content=\"Scuole medie superiori - Citt\u00e0 di Fiume\" \/>\n<meta property=\"og:description\" content=\"Gli studenti delle scuole medie superiori con difficolt\u00e0 nello sviluppo si abilitano secondo i programmi adattati in due scuole: Centro di educazione e formazione (fondato dalla Citt\u00e0 di Fiume) Scuola di economia Mijo Mirkovi\u0107 (fondata dalla Regione litoraneo &#8211; montana) Un trasporto speciale viene organizzato per bambini con difficolt\u00e0 nello sviluppo.\" \/>\n<meta property=\"og:url\" content=\"https:\/\/www.rijeka.hr\/it\/temi-per-i-cittadini\/educazione-e-istruzione\/educazione-e-istruzione-dei-bambini-con-difficolta-nello-sviluppo\/scuole-medie-superiori\/\" \/>\n<meta property=\"og:site_name\" content=\"Citt\u00e0 di Fiume\" \/>\n<meta property=\"article:modified_time\" content=\"2019-11-19T09:45:10+00:00\" \/>\n<meta name=\"twitter:card\" content=\"summary_large_image\" \/>\n<script type=\"application\/ld+json\" class=\"yoast-schema-graph\">{\"@context\":\"https:\/\/schema.org\",\"@graph\":[{\"@type\":\"WebPage\",\"@id\":\"https:\/\/www.rijeka.hr\/it\/temi-per-i-cittadini\/educazione-e-istruzione\/educazione-e-istruzione-dei-bambini-con-difficolta-nello-sviluppo\/scuole-medie-superiori\/\",\"url\":\"https:\/\/www.rijeka.hr\/it\/temi-per-i-cittadini\/educazione-e-istruzione\/educazione-e-istruzione-dei-bambini-con-difficolta-nello-sviluppo\/scuole-medie-superiori\/\",\"name\":\"Scuole medie superiori - Citt\u00e0 di Fiume\",\"isPartOf\":{\"@id\":\"https:\/\/www.rijeka.hr\/it\/#website\"},\"datePublished\":\"2018-08-23T13:17:17+00:00\",\"dateModified\":\"2019-11-19T09:45:10+00:00\",\"breadcrumb\":{\"@id\":\"https:\/\/www.rijeka.hr\/it\/temi-per-i-cittadini\/educazione-e-istruzione\/educazione-e-istruzione-dei-bambini-con-difficolta-nello-sviluppo\/scuole-medie-superiori\/#breadcrumb\"},\"inLanguage\":\"it-IT\",\"potentialAction\":[{\"@type\":\"ReadAction\",\"target\":[\"https:\/\/www.rijeka.hr\/it\/temi-per-i-cittadini\/educazione-e-istruzione\/educazione-e-istruzione-dei-bambini-con-difficolta-nello-sviluppo\/scuole-medie-superiori\/\"]}]},{\"@type\":\"BreadcrumbList\",\"@id\":\"https:\/\/www.rijeka.hr\/it\/temi-per-i-cittadini\/educazione-e-istruzione\/educazione-e-istruzione-dei-bambini-con-difficolta-nello-sviluppo\/scuole-medie-superiori\/#breadcrumb\",\"itemListElement\":[{\"@type\":\"ListItem\",\"position\":1,\"name\":\"Po\u010detna stranica\",\"item\":\"https:\/\/www.rijeka.hr\/it\/\"},{\"@type\":\"ListItem\",\"position\":2,\"name\":\"Temi per i cittadini\",\"item\":\"https:\/\/www.rijeka.hr\/it\/temi-per-i-cittadini\/\"},{\"@type\":\"ListItem\",\"position\":3,\"name\":\"Educazione e istruzione\",\"item\":\"https:\/\/www.rijeka.hr\/it\/temi-per-i-cittadini\/educazione-e-istruzione\/\"},{\"@type\":\"ListItem\",\"position\":4,\"name\":\"Educazione e istruzione dei bambini con disturbi nello sviluppo\",\"item\":\"https:\/\/www.rijeka.hr\/it\/temi-per-i-cittadini\/educazione-e-istruzione\/educazione-e-istruzione-dei-bambini-con-difficolta-nello-sviluppo\/\"},{\"@type\":\"ListItem\",\"position\":5,\"name\":\"Scuole medie superiori\"}]},{\"@type\":\"WebSite\",\"@id\":\"https:\/\/www.rijeka.hr\/it\/#website\",\"url\":\"https:\/\/www.rijeka.hr\/it\/\",\"name\":\"Citt\u00e0 di Fiume\",\"description\":\"Portale web della Citta&#039; di Fiume\",\"potentialAction\":[{\"@type\":\"SearchAction\",\"target\":{\"@type\":\"EntryPoint\",\"urlTemplate\":\"https:\/\/www.rijeka.hr\/it\/?s={search_term_string}\"},\"query-input\":{\"@type\":\"PropertyValueSpecification\",\"valueRequired\":true,\"valueName\":\"search_term_string\"}}],\"inLanguage\":\"it-IT\"}]}<\/script>\n<!-- \/ Yoast SEO plugin. -->","yoast_head_json":{"title":"Scuole medie superiori - Citt\u00e0 di Fiume","robots":{"index":"index","follow":"follow","max-snippet":"max-snippet:-1","max-image-preview":"max-image-preview:large","max-video-preview":"max-video-preview:-1"},"canonical":"https:\/\/www.rijeka.hr\/it\/temi-per-i-cittadini\/educazione-e-istruzione\/educazione-e-istruzione-dei-bambini-con-difficolta-nello-sviluppo\/scuole-medie-superiori\/","og_locale":"it_IT","og_type":"article","og_title":"Scuole medie superiori - Citt\u00e0 di Fiume","og_description":"Gli studenti delle scuole medie superiori con difficolt\u00e0 nello sviluppo si abilitano secondo i programmi adattati in due scuole: Centro di educazione e formazione (fondato dalla Citt\u00e0 di Fiume) Scuola di economia Mijo Mirkovi\u0107 (fondata dalla Regione litoraneo &#8211; montana) Un trasporto speciale viene organizzato per bambini con difficolt\u00e0 nello sviluppo.","og_url":"https:\/\/www.rijeka.hr\/it\/temi-per-i-cittadini\/educazione-e-istruzione\/educazione-e-istruzione-dei-bambini-con-difficolta-nello-sviluppo\/scuole-medie-superiori\/","og_site_name":"Citt\u00e0 di Fiume","article_modified_time":"2019-11-19T09:45:10+00:00","twitter_card":"summary_large_image","schema":{"@context":"https:\/\/schema.org","@graph":[{"@type":"WebPage","@id":"https:\/\/www.rijeka.hr\/it\/temi-per-i-cittadini\/educazione-e-istruzione\/educazione-e-istruzione-dei-bambini-con-difficolta-nello-sviluppo\/scuole-medie-superiori\/","url":"https:\/\/www.rijeka.hr\/it\/temi-per-i-cittadini\/educazione-e-istruzione\/educazione-e-istruzione-dei-bambini-con-difficolta-nello-sviluppo\/scuole-medie-superiori\/","name":"Scuole medie superiori - Citt\u00e0 di Fiume","isPartOf":{"@id":"https:\/\/www.rijeka.hr\/it\/#website"},"datePublished":"2018-08-23T13:17:17+00:00","dateModified":"2019-11-19T09:45:10+00:00","breadcrumb":{"@id":"https:\/\/www.rijeka.hr\/it\/temi-per-i-cittadini\/educazione-e-istruzione\/educazione-e-istruzione-dei-bambini-con-difficolta-nello-sviluppo\/scuole-medie-superiori\/#breadcrumb"},"inLanguage":"it-IT","potentialAction":[{"@type":"ReadAction","target":["https:\/\/www.rijeka.hr\/it\/temi-per-i-cittadini\/educazione-e-istruzione\/educazione-e-istruzione-dei-bambini-con-difficolta-nello-sviluppo\/scuole-medie-superiori\/"]}]},{"@type":"BreadcrumbList","@id":"https:\/\/www.rijeka.hr\/it\/temi-per-i-cittadini\/educazione-e-istruzione\/educazione-e-istruzione-dei-bambini-con-difficolta-nello-sviluppo\/scuole-medie-superiori\/#breadcrumb","itemListElement":[{"@type":"ListItem","position":1,"name":"Po\u010detna stranica","item":"https:\/\/www.rijeka.hr\/it\/"},{"@type":"ListItem","position":2,"name":"Temi per i cittadini","item":"https:\/\/www.rijeka.hr\/it\/temi-per-i-cittadini\/"},{"@type":"ListItem","position":3,"name":"Educazione e istruzione","item":"https:\/\/www.rijeka.hr\/it\/temi-per-i-cittadini\/educazione-e-istruzione\/"},{"@type":"ListItem","position":4,"name":"Educazione e istruzione dei bambini con disturbi nello sviluppo","item":"https:\/\/www.rijeka.hr\/it\/temi-per-i-cittadini\/educazione-e-istruzione\/educazione-e-istruzione-dei-bambini-con-difficolta-nello-sviluppo\/"},{"@type":"ListItem","position":5,"name":"Scuole medie superiori"}]},{"@type":"WebSite","@id":"https:\/\/www.rijeka.hr\/it\/#website","url":"https:\/\/www.rijeka.hr\/it\/","name":"Citt\u00e0 di Fiume","description":"Portale web della Citta&#039; di Fiume","potentialAction":[{"@type":"SearchAction","target":{"@type":"EntryPoint","urlTemplate":"https:\/\/www.rijeka.hr\/it\/?s={search_term_string}"},"query-input":{"@type":"PropertyValueSpecification","valueRequired":true,"valueName":"search_term_string"}}],"inLanguage":"it-IT"}]}},"_links":{"self":[{"href":"https:\/\/www.rijeka.hr\/it\/wp-json\/wp\/v2\/pages\/7028","targetHints":{"allow":["GET"]}}],"collection":[{"href":"https:\/\/www.rijeka.hr\/it\/wp-json\/wp\/v2\/pages"}],"about":[{"href":"https:\/\/www.rijeka.hr\/it\/wp-json\/wp\/v2\/types\/page"}],"author":[{"embeddable":true,"href":"https:\/\/www.rijeka.hr\/it\/wp-json\/wp\/v2\/users\/6"}],"replies":[{"embeddable":true,"href":"https:\/\/www.rijeka.hr\/it\/wp-json\/wp\/v2\/comments?post=7028"}],"version-history":[{"count":3,"href":"https:\/\/www.rijeka.hr\/it\/wp-json\/wp\/v2\/pages\/7028\/revisions"}],"predecessor-version":[{"id":7032,"href":"https:\/\/www.rijeka.hr\/it\/wp-json\/wp\/v2\/pages\/7028\/revisions\/7032"}],"up":[{"embeddable":true,"href":"https:\/\/www.rijeka.hr\/it\/wp-json\/wp\/v2\/pages\/296"}],"wp:attachment":[{"href":"https:\/\/www.rijeka.hr\/it\/wp-json\/wp\/v2\/media?parent=7028"}],"wp:term":[{"taxonomy":"post_tag","embeddable":true,"href":"https:\/\/www.rijeka.hr\/it\/wp-json\/wp\/v2\/tags?post=7028"}],"curies":[{"name":"wp","href":"https:\/\/api.w.org\/{rel}","templated":true}]}}