{"id":7161,"date":"2018-09-11T15:00:02","date_gmt":"2018-09-11T13:00:02","guid":{"rendered":"https:\/\/www.rijeka.hr\/it\/?page_id=7161"},"modified":"2025-01-16T15:55:41","modified_gmt":"2025-01-16T14:55:41","slug":"asili-dinfanzia-fondati-dalla-citta","status":"publish","type":"page","link":"https:\/\/www.rijeka.hr\/it\/temi-per-i-cittadini\/educazione-e-istruzione\/scuole-materne\/asili-dinfanzia-fondati-dalla-citta\/","title":{"rendered":"Asili d&#8217;infanzia fondati dalla Citt\u00e0"},"content":{"rendered":"<p>La Citt\u00e0 di Fiume \u00e8 fondatore degli enti\u00a0<a href=\"http:\/\/rivrtici.hr\/\">Asili di Fiume<\/a>, l&#8217;Asilo d&#8217;infanzia Su\u0161ak e l&#8217;Asilo d&#8217;infanzia More presso i quali si svolgono programmi regolari di educazione prescolare e numerosi altri programmi per i bambini che hanno compiuto 6 sei mesi fino all\u2019inizio della scuola elementare. Oltre ai programmi regolari, presso gli asili cittadini, vengono attuati anche i programmi <strong><a href=\"https:\/\/www.rijeka.hr\/teme-za-gradane\/odgoj-i-obrazovanje\/djecji-vrtici\/predskolski-odgoj-djece-s-teskocama-razvoju\/\">dedicati ai bambini con difficolt\u00e0 nello sviluppo,<\/a><\/strong> per <strong><a href=\"https:\/\/www.rijeka.hr\/teme-za-gradane\/odgoj-i-obrazovanje\/poticanje-darovitosti\/\">bambini dotati<\/a><\/strong>, per bambini <strong><a href=\"https:\/\/www.rijeka.hr\/teme-za-gradane\/odgoj-i-obrazovanje\/odgoj-obrazovanje-pripadnika-nacionalnih-manjina\/\">appartenenti alle minoranze nazionali<\/a><\/strong>, programmi <strong><a href=\"https:\/\/www.rijeka.hr\/teme-za-gradane\/odgoj-i-obrazovanje\/djecji-vrtici\/program-predskole\/\">prescolari<\/a><\/strong>, e programmi arricchiti da contenuti specifici (insegnamento di lingue straniere e altri programmi con contenuti artistici, culturali, religiosi e sportivi) e il lavoro educativo semi-giornaliero nell\u2019ambito dell\u2019Ospedale pediatrico di Cantrida.<\/p>\n<p>Ogni anno gli asili cittadini indicono il bando per l\u2019iscrizione dei bambini agli asili d\u2019infanzia. Ulteriori informazioni sui programmi e sulle iscrizioni sono disponibili sul sito web dell\u2019<strong><a href=\"http:\/\/rivrtici.hr\">Ente Asili di Fiume.<\/a><\/strong><\/p>\n<p>Il genitore-beneficiario del servizio residente nel territorio della citt\u00e0 di Fiume, a dipendenza del reddito mensile per ogni componete del nucleo familiare, partecipa all\u2019intera retta mensile di frequenza dei programmi d\u2019asilo.<\/p>\n<p>La Citt\u00e0 di Fiume presta assistenza interamente o parzialmente nel rimborso delle spese che riguardano il programma regolare di educazione prescolare per le fasce socialmente disagiate i cui figli frequentano <a href=\"https:\/\/www.rijeka.hr\/teme-za-gradane\/obitelj-i-drustvena-skrb\/socijalna-skrb\/naknade-mjesecnih-troskova-novcane-pomoci\/naknade-troskova\/podmirenje-troskova-boravka-jaslicamavrticima\/\"><strong>asili nido e asili d\u2019infanzia.<\/strong><\/a><\/p>\n<p>Le attivit\u00e0 dell\u2019educazione prescolare sono stabilite con il Programma di necessit\u00e0 pubbliche nel campo dell\u2019educazione prescolare e della cura dei bambini in et\u00e0 prescolare precoce.<\/p>\n<p>Gli asili d\u2019infanzia sono stabiliti con il Piano della rete degli asili d\u2019infanzia sul territorio della citt\u00e0 di Fiume.<\/p>\n\n    <div class=\"featured-links\">\n\n        <ul>\n                                                <li class=\"type-url\"><a href=\"https:\/\/www.rijeka.hr\/it\/amministrazione-cittadina\/istituzioni\/istituzioni-educativo-scolastiche\/djecji-vrtici\/?noredirect=it_IT \">Lista degli asili d\u2019infanzia fondati dalla Citt\u00e0<\/a><\/li>\n                                                                                                                                                                                                                                                                                                                                                                                                                                            <\/ul>\n \n    <\/div>\n\n    \n<p>&nbsp;<\/p>\n","protected":false},"excerpt":{"rendered":"<p>La Citt\u00e0 di Fiume \u00e8 fondatore degli enti\u00a0Asili di Fiume, l&#8217;Asilo d&#8217;infanzia Su\u0161ak e l&#8217;Asilo d&#8217;infanzia More presso i quali si svolgono programmi regolari di educazione prescolare e numerosi altri programmi per i bambini che hanno compiuto 6 sei mesi fino all\u2019inizio della scuola elementare. Oltre ai programmi regolari, presso gli asili cittadini, vengono attuati&#8230;<\/p>\n","protected":false},"author":6,"featured_media":0,"parent":292,"menu_order":0,"comment_status":"closed","ping_status":"closed","template":"","meta":{"_acf_changed":false,"_trash_the_other_posts":false,"footnotes":"","_links_to":"","_links_to_target":""},"tags":[],"class_list":["post-7161","page","type-page","status-publish","hentry"],"acf":[],"yoast_head":"<!-- This site is optimized with the Yoast SEO plugin v24.4 - https:\/\/yoast.com\/wordpress\/plugins\/seo\/ -->\n<title>Asili d&#039;infanzia fondati dalla Citt\u00e0 - Citt\u00e0 di Fiume<\/title>\n<meta name=\"robots\" content=\"index, follow, max-snippet:-1, max-image-preview:large, max-video-preview:-1\" \/>\n<link rel=\"canonical\" href=\"https:\/\/www.rijeka.hr\/it\/temi-per-i-cittadini\/educazione-e-istruzione\/scuole-materne\/asili-dinfanzia-fondati-dalla-citta\/\" \/>\n<meta property=\"og:locale\" content=\"it_IT\" \/>\n<meta property=\"og:type\" content=\"article\" \/>\n<meta property=\"og:title\" content=\"Asili d&#039;infanzia fondati dalla Citt\u00e0 - Citt\u00e0 di Fiume\" \/>\n<meta property=\"og:description\" content=\"La Citt\u00e0 di Fiume \u00e8 fondatore degli enti\u00a0Asili di Fiume, l&#8217;Asilo d&#8217;infanzia Su\u0161ak e l&#8217;Asilo d&#8217;infanzia More presso i quali si svolgono programmi regolari di educazione prescolare e numerosi altri programmi per i bambini che hanno compiuto 6 sei mesi fino all\u2019inizio della scuola elementare. Oltre ai programmi regolari, presso gli asili cittadini, vengono attuati...\" \/>\n<meta property=\"og:url\" content=\"https:\/\/www.rijeka.hr\/it\/temi-per-i-cittadini\/educazione-e-istruzione\/scuole-materne\/asili-dinfanzia-fondati-dalla-citta\/\" \/>\n<meta property=\"og:site_name\" content=\"Citt\u00e0 di Fiume\" \/>\n<meta property=\"article:modified_time\" content=\"2025-01-16T14:55:41+00:00\" \/>\n<meta name=\"twitter:card\" content=\"summary_large_image\" \/>\n<meta name=\"twitter:label1\" content=\"Est. reading time\" \/>\n\t<meta name=\"twitter:data1\" content=\"1 minute\" \/>\n<script type=\"application\/ld+json\" class=\"yoast-schema-graph\">{\"@context\":\"https:\/\/schema.org\",\"@graph\":[{\"@type\":\"WebPage\",\"@id\":\"https:\/\/www.rijeka.hr\/it\/temi-per-i-cittadini\/educazione-e-istruzione\/scuole-materne\/asili-dinfanzia-fondati-dalla-citta\/\",\"url\":\"https:\/\/www.rijeka.hr\/it\/temi-per-i-cittadini\/educazione-e-istruzione\/scuole-materne\/asili-dinfanzia-fondati-dalla-citta\/\",\"name\":\"Asili d'infanzia fondati dalla Citt\u00e0 - Citt\u00e0 di Fiume\",\"isPartOf\":{\"@id\":\"https:\/\/www.rijeka.hr\/it\/#website\"},\"datePublished\":\"2018-09-11T13:00:02+00:00\",\"dateModified\":\"2025-01-16T14:55:41+00:00\",\"breadcrumb\":{\"@id\":\"https:\/\/www.rijeka.hr\/it\/temi-per-i-cittadini\/educazione-e-istruzione\/scuole-materne\/asili-dinfanzia-fondati-dalla-citta\/#breadcrumb\"},\"inLanguage\":\"it-IT\",\"potentialAction\":[{\"@type\":\"ReadAction\",\"target\":[\"https:\/\/www.rijeka.hr\/it\/temi-per-i-cittadini\/educazione-e-istruzione\/scuole-materne\/asili-dinfanzia-fondati-dalla-citta\/\"]}]},{\"@type\":\"BreadcrumbList\",\"@id\":\"https:\/\/www.rijeka.hr\/it\/temi-per-i-cittadini\/educazione-e-istruzione\/scuole-materne\/asili-dinfanzia-fondati-dalla-citta\/#breadcrumb\",\"itemListElement\":[{\"@type\":\"ListItem\",\"position\":1,\"name\":\"Po\u010detna stranica\",\"item\":\"https:\/\/www.rijeka.hr\/it\/\"},{\"@type\":\"ListItem\",\"position\":2,\"name\":\"Temi per i cittadini\",\"item\":\"https:\/\/www.rijeka.hr\/it\/temi-per-i-cittadini\/\"},{\"@type\":\"ListItem\",\"position\":3,\"name\":\"Educazione e istruzione\",\"item\":\"https:\/\/www.rijeka.hr\/it\/temi-per-i-cittadini\/educazione-e-istruzione\/\"},{\"@type\":\"ListItem\",\"position\":4,\"name\":\"Scuole materne\",\"item\":\"https:\/\/www.rijeka.hr\/it\/temi-per-i-cittadini\/educazione-e-istruzione\/scuole-materne\/\"},{\"@type\":\"ListItem\",\"position\":5,\"name\":\"Asili d&#8217;infanzia fondati dalla Citt\u00e0\"}]},{\"@type\":\"WebSite\",\"@id\":\"https:\/\/www.rijeka.hr\/it\/#website\",\"url\":\"https:\/\/www.rijeka.hr\/it\/\",\"name\":\"Citt\u00e0 di Fiume\",\"description\":\"Portale web della Citta&#039; di Fiume\",\"potentialAction\":[{\"@type\":\"SearchAction\",\"target\":{\"@type\":\"EntryPoint\",\"urlTemplate\":\"https:\/\/www.rijeka.hr\/it\/?s={search_term_string}\"},\"query-input\":{\"@type\":\"PropertyValueSpecification\",\"valueRequired\":true,\"valueName\":\"search_term_string\"}}],\"inLanguage\":\"it-IT\"}]}<\/script>\n<!-- \/ Yoast SEO plugin. -->","yoast_head_json":{"title":"Asili d'infanzia fondati dalla Citt\u00e0 - Citt\u00e0 di Fiume","robots":{"index":"index","follow":"follow","max-snippet":"max-snippet:-1","max-image-preview":"max-image-preview:large","max-video-preview":"max-video-preview:-1"},"canonical":"https:\/\/www.rijeka.hr\/it\/temi-per-i-cittadini\/educazione-e-istruzione\/scuole-materne\/asili-dinfanzia-fondati-dalla-citta\/","og_locale":"it_IT","og_type":"article","og_title":"Asili d'infanzia fondati dalla Citt\u00e0 - Citt\u00e0 di Fiume","og_description":"La Citt\u00e0 di Fiume \u00e8 fondatore degli enti\u00a0Asili di Fiume, l&#8217;Asilo d&#8217;infanzia Su\u0161ak e l&#8217;Asilo d&#8217;infanzia More presso i quali si svolgono programmi regolari di educazione prescolare e numerosi altri programmi per i bambini che hanno compiuto 6 sei mesi fino all\u2019inizio della scuola elementare. Oltre ai programmi regolari, presso gli asili cittadini, vengono attuati...","og_url":"https:\/\/www.rijeka.hr\/it\/temi-per-i-cittadini\/educazione-e-istruzione\/scuole-materne\/asili-dinfanzia-fondati-dalla-citta\/","og_site_name":"Citt\u00e0 di Fiume","article_modified_time":"2025-01-16T14:55:41+00:00","twitter_card":"summary_large_image","twitter_misc":{"Est. reading time":"1 minute"},"schema":{"@context":"https:\/\/schema.org","@graph":[{"@type":"WebPage","@id":"https:\/\/www.rijeka.hr\/it\/temi-per-i-cittadini\/educazione-e-istruzione\/scuole-materne\/asili-dinfanzia-fondati-dalla-citta\/","url":"https:\/\/www.rijeka.hr\/it\/temi-per-i-cittadini\/educazione-e-istruzione\/scuole-materne\/asili-dinfanzia-fondati-dalla-citta\/","name":"Asili d'infanzia fondati dalla Citt\u00e0 - Citt\u00e0 di Fiume","isPartOf":{"@id":"https:\/\/www.rijeka.hr\/it\/#website"},"datePublished":"2018-09-11T13:00:02+00:00","dateModified":"2025-01-16T14:55:41+00:00","breadcrumb":{"@id":"https:\/\/www.rijeka.hr\/it\/temi-per-i-cittadini\/educazione-e-istruzione\/scuole-materne\/asili-dinfanzia-fondati-dalla-citta\/#breadcrumb"},"inLanguage":"it-IT","potentialAction":[{"@type":"ReadAction","target":["https:\/\/www.rijeka.hr\/it\/temi-per-i-cittadini\/educazione-e-istruzione\/scuole-materne\/asili-dinfanzia-fondati-dalla-citta\/"]}]},{"@type":"BreadcrumbList","@id":"https:\/\/www.rijeka.hr\/it\/temi-per-i-cittadini\/educazione-e-istruzione\/scuole-materne\/asili-dinfanzia-fondati-dalla-citta\/#breadcrumb","itemListElement":[{"@type":"ListItem","position":1,"name":"Po\u010detna stranica","item":"https:\/\/www.rijeka.hr\/it\/"},{"@type":"ListItem","position":2,"name":"Temi per i cittadini","item":"https:\/\/www.rijeka.hr\/it\/temi-per-i-cittadini\/"},{"@type":"ListItem","position":3,"name":"Educazione e istruzione","item":"https:\/\/www.rijeka.hr\/it\/temi-per-i-cittadini\/educazione-e-istruzione\/"},{"@type":"ListItem","position":4,"name":"Scuole materne","item":"https:\/\/www.rijeka.hr\/it\/temi-per-i-cittadini\/educazione-e-istruzione\/scuole-materne\/"},{"@type":"ListItem","position":5,"name":"Asili d&#8217;infanzia fondati dalla Citt\u00e0"}]},{"@type":"WebSite","@id":"https:\/\/www.rijeka.hr\/it\/#website","url":"https:\/\/www.rijeka.hr\/it\/","name":"Citt\u00e0 di Fiume","description":"Portale web della Citta&#039; di Fiume","potentialAction":[{"@type":"SearchAction","target":{"@type":"EntryPoint","urlTemplate":"https:\/\/www.rijeka.hr\/it\/?s={search_term_string}"},"query-input":{"@type":"PropertyValueSpecification","valueRequired":true,"valueName":"search_term_string"}}],"inLanguage":"it-IT"}]}},"_links":{"self":[{"href":"https:\/\/www.rijeka.hr\/it\/wp-json\/wp\/v2\/pages\/7161","targetHints":{"allow":["GET"]}}],"collection":[{"href":"https:\/\/www.rijeka.hr\/it\/wp-json\/wp\/v2\/pages"}],"about":[{"href":"https:\/\/www.rijeka.hr\/it\/wp-json\/wp\/v2\/types\/page"}],"author":[{"embeddable":true,"href":"https:\/\/www.rijeka.hr\/it\/wp-json\/wp\/v2\/users\/6"}],"replies":[{"embeddable":true,"href":"https:\/\/www.rijeka.hr\/it\/wp-json\/wp\/v2\/comments?post=7161"}],"version-history":[{"count":9,"href":"https:\/\/www.rijeka.hr\/it\/wp-json\/wp\/v2\/pages\/7161\/revisions"}],"predecessor-version":[{"id":7943,"href":"https:\/\/www.rijeka.hr\/it\/wp-json\/wp\/v2\/pages\/7161\/revisions\/7943"}],"up":[{"embeddable":true,"href":"https:\/\/www.rijeka.hr\/it\/wp-json\/wp\/v2\/pages\/292"}],"wp:attachment":[{"href":"https:\/\/www.rijeka.hr\/it\/wp-json\/wp\/v2\/media?parent=7161"}],"wp:term":[{"taxonomy":"post_tag","embeddable":true,"href":"https:\/\/www.rijeka.hr\/it\/wp-json\/wp\/v2\/tags?post=7161"}],"curies":[{"name":"wp","href":"https:\/\/api.w.org\/{rel}","templated":true}]}}