{"id":720,"date":"2016-08-02T09:08:34","date_gmt":"2016-08-02T07:08:34","guid":{"rendered":"https:\/\/www.rijeka.hr\/it\/?page_id=720"},"modified":"2018-02-02T15:43:10","modified_gmt":"2018-02-02T14:43:10","slug":"rezultati-izbora-vijeca-mjesnih-odbora-grada-rijeke-2010","status":"publish","type":"page","link":"https:\/\/www.rijeka.hr\/it\/temi-per-i-cittadini\/cittadinanza-attiva\/elezioni\/rezultati-izbora-vijeca-mjesnih-odbora-grada-rijeke-2010\/","title":{"rendered":"I risultati delle elezioni per i consigli dei comitati di quartiere della Citt\u00e0 di Fiume 2010."},"content":{"rendered":"<ul>\n<li><a href=\"https:\/\/www.rijeka.hr\/wp-content\/uploads\/2010\/05\/Mjesni-odbor-Sveti-Nikola.pdf\">Mjesni odbor Sveti Nikola<\/a><\/li>\n<li><a href=\"https:\/\/www.rijeka.hr\/wp-content\/uploads\/2010\/05\/Mjesni-odbor-Drenova.pdf\">Mjesni odbor Drenova<\/a><\/li>\n<li><a href=\"https:\/\/www.rijeka.hr\/wp-content\/uploads\/2010\/05\/Mjesni-odbor-Gornja-Ve\u017eica.pdf\">Mjesni odbor Gornja Ve\u017eica<\/a><\/li>\n<li><a href=\"https:\/\/www.rijeka.hr\/wp-content\/uploads\/2010\/05\/Mjesni-odbor-Zamet.pdf\">Mjesni odbor Zamet<\/a><\/li>\n<li><a href=\"https:\/\/www.rijeka.hr\/wp-content\/uploads\/2010\/05\/Mjesni-odbor-Banderovo.pdf\">Mjesni odbor Banderovo<\/a><\/li>\n<li><a href=\"https:\/\/www.rijeka.hr\/wp-content\/uploads\/2010\/05\/Mjesni-odbor-Belveder.pdf\">Mjesni odbor Belveder<\/a><\/li>\n<li><a href=\"https:\/\/www.rijeka.hr\/wp-content\/uploads\/2010\/05\/Mjesni-odbor-Brajda-Dolac.pdf\">Mjesni odbor Brajda-Dolac<\/a><\/li>\n<li><a href=\"https:\/\/www.rijeka.hr\/wp-content\/uploads\/2010\/05\/Mjesni-odbor-Bra\u0161\u0107ine-Pulac.pdf\">Mjesni odbor Bra\u0161\u0107ine-Pulac<\/a><\/li>\n<li><a href=\"https:\/\/www.rijeka.hr\/wp-content\/uploads\/2010\/05\/Mjesni-odbor-Bulevard.pdf\">Mjesni odbor Bulevard<\/a><\/li>\n<li><a href=\"https:\/\/www.rijeka.hr\/wp-content\/uploads\/2010\/05\/Mjesni-odbor-Centar-Su\u0161ak.pdf\">Mjesni odbor Centar-Su\u0161ak<\/a><\/li>\n<li><a href=\"https:\/\/www.rijeka.hr\/wp-content\/uploads\/2010\/05\/Mjesni-odbor-Draga.pdf\">Mjesni odbor Draga<\/a><\/li>\n<li><a href=\"https:\/\/www.rijeka.hr\/wp-content\/uploads\/2010\/05\/Mjesni-odbor-Grbci.pdf\">Mjesni odbor Grbci<\/a><\/li>\n<li><a href=\"https:\/\/www.rijeka.hr\/wp-content\/uploads\/2010\/05\/Mjesni-odbor-Kantrida.pdf\">Mjesni odbor Kantrida<\/a><\/li>\n<li><a href=\"https:\/\/www.rijeka.hr\/wp-content\/uploads\/2010\/05\/Mjesni-odbor-Kozala.pdf\">Mjesni odbor Kozala<\/a><\/li>\n<li><a href=\"https:\/\/www.rijeka.hr\/wp-content\/uploads\/2010\/05\/Mjesni-odbor-Krimeja.pdf\">Mjesni odbor Krimeja<\/a><\/li>\n<li><a href=\"https:\/\/www.rijeka.hr\/wp-content\/uploads\/2010\/05\/Mjesni-odbor-Luka.pdf\">Mjesni odbor Luka<\/a><\/li>\n<li><a href=\"https:\/\/www.rijeka.hr\/wp-content\/uploads\/2010\/05\/Mjesni-odbor-Mlaka.pdf\">Mjesni odbor Mlaka<\/a><\/li>\n<li><a href=\"https:\/\/www.rijeka.hr\/wp-content\/uploads\/2010\/05\/Mjesni-odbor-Orehovica.pdf\">Mjesni odbor Orehovica<\/a><\/li>\n<li><a href=\"https:\/\/www.rijeka.hr\/wp-content\/uploads\/2010\/05\/Mjesni-odbor-Pa\u0161ac.pdf\">Mjesni odbor Pa\u0161ac<\/a><\/li>\n<li><a href=\"https:\/\/www.rijeka.hr\/wp-content\/uploads\/2010\/05\/Mjesni-odbor-Pe\u0107ine.pdf\">Mjesni odbor Pe\u0107ine<\/a><\/li>\n<li><a href=\"https:\/\/www.rijeka.hr\/wp-content\/uploads\/2010\/05\/Mjesni-odbor-Pehlin.pdf\">Mjesni odbor Pehlin<\/a><\/li>\n<li><a href=\"https:\/\/www.rijeka.hr\/wp-content\/uploads\/2010\/05\/Mjesni-odbor-Podmurvice.pdf\">Mjesni odbor Podmurvice<\/a><\/li>\n<li><a href=\"https:\/\/www.rijeka.hr\/wp-content\/uploads\/2010\/05\/Mjesni-odbor-Podve\u017eica.pdf\">Mjesni odbor Podve\u017eica<\/a><\/li>\n<li><a href=\"https:\/\/www.rijeka.hr\/wp-content\/uploads\/2010\/05\/Mjesni-odbor-Potok.pdf\">Mjesni odbor Potok<\/a><\/li>\n<li><a href=\"https:\/\/www.rijeka.hr\/wp-content\/uploads\/2010\/05\/Mjesni-odbor-Srdo\u010di.pdf\">Mjesni odbor Srdo\u010di<\/a><\/li>\n<li><a href=\"https:\/\/www.rijeka.hr\/wp-content\/uploads\/2010\/05\/Mjesni-odbor-Sveti-Kuzam.pdf\">Mjesni odbor Sveti Kuzam<\/a><\/li>\n<li><a href=\"https:\/\/www.rijeka.hr\/wp-content\/uploads\/2010\/05\/Mjesni-odbor-Svilno.pdf\">Mjesni odbor Svilno<\/a><\/li>\n<li><a href=\"https:\/\/www.rijeka.hr\/wp-content\/uploads\/2010\/05\/Mjesni-odbor-\u0160kolji\u0107.pdf\">Mjesni odbor \u0160kolji\u0107<\/a><\/li>\n<li><a href=\"https:\/\/www.rijeka.hr\/wp-content\/uploads\/2010\/05\/Mjesni-odbor-\u0160kurinje.pdf\">Mjesni odbor \u0160kurinje<\/a><\/li>\n<li><a href=\"https:\/\/www.rijeka.hr\/wp-content\/uploads\/2010\/05\/Mjesni-odbor-\u0160kurinjska-draga.pdf\">Mjesni odbor \u0160kurinjska draga<\/a><\/li>\n<li><a href=\"https:\/\/www.rijeka.hr\/wp-content\/uploads\/2010\/05\/Mjesni-odbor-Grad-Trsat.pdf\">Mjesni odbor Grad Trsat<\/a><\/li>\n<li><a href=\"https:\/\/www.rijeka.hr\/wp-content\/uploads\/2010\/05\/Mjesni-odbor-Turni\u0107.pdf\">Mjesni odbor Turni\u0107<\/a><\/li>\n<li><a href=\"https:\/\/www.rijeka.hr\/wp-content\/uploads\/2010\/05\/Mjesni-odbor-Vojak.pdf\">Mjesni odbor Vojak<\/a><\/li>\n<li><a href=\"https:\/\/www.rijeka.hr\/wp-content\/uploads\/2010\/05\/Mjesni-odbor-Gornji-Zamet.pdf\">Mjesni odbor Gornji Zamet<\/a><\/li>\n<\/ul>\n<p>&nbsp;<\/p>\n","protected":false},"excerpt":{"rendered":"<p>Mjesni odbor Sveti Nikola Mjesni odbor Drenova Mjesni odbor Gornja Ve\u017eica Mjesni odbor Zamet Mjesni odbor Banderovo Mjesni odbor Belveder Mjesni odbor Brajda-Dolac Mjesni odbor Bra\u0161\u0107ine-Pulac Mjesni odbor Bulevard Mjesni odbor Centar-Su\u0161ak Mjesni odbor Draga Mjesni odbor Grbci Mjesni odbor Kantrida Mjesni odbor Kozala Mjesni odbor Krimeja Mjesni odbor Luka Mjesni odbor Mlaka Mjesni odbor&#8230;<\/p>\n","protected":false},"author":3,"featured_media":0,"parent":690,"menu_order":0,"comment_status":"closed","ping_status":"closed","template":"","meta":{"_acf_changed":false,"_trash_the_other_posts":false,"footnotes":"","_links_to":"","_links_to_target":""},"tags":[],"class_list":["post-720","page","type-page","status-publish","hentry"],"acf":[],"yoast_head":"<!-- This site is optimized with the Yoast SEO plugin v24.4 - https:\/\/yoast.com\/wordpress\/plugins\/seo\/ -->\n<title>I risultati delle elezioni per i consigli dei comitati di quartiere della Citt\u00e0 di Fiume 2010. - Citt\u00e0 di Fiume<\/title>\n<meta name=\"robots\" content=\"index, follow, max-snippet:-1, max-image-preview:large, max-video-preview:-1\" \/>\n<link rel=\"canonical\" href=\"https:\/\/www.rijeka.hr\/it\/temi-per-i-cittadini\/cittadinanza-attiva\/elezioni\/rezultati-izbora-vijeca-mjesnih-odbora-grada-rijeke-2010\/\" \/>\n<meta property=\"og:locale\" content=\"it_IT\" \/>\n<meta property=\"og:type\" content=\"article\" \/>\n<meta property=\"og:title\" content=\"I risultati delle elezioni per i consigli dei comitati di quartiere della Citt\u00e0 di Fiume 2010. - Citt\u00e0 di Fiume\" \/>\n<meta property=\"og:description\" content=\"Mjesni odbor Sveti Nikola Mjesni odbor Drenova Mjesni odbor Gornja Ve\u017eica Mjesni odbor Zamet Mjesni odbor Banderovo Mjesni odbor Belveder Mjesni odbor Brajda-Dolac Mjesni odbor Bra\u0161\u0107ine-Pulac Mjesni odbor Bulevard Mjesni odbor Centar-Su\u0161ak Mjesni odbor Draga Mjesni odbor Grbci Mjesni odbor Kantrida Mjesni odbor Kozala Mjesni odbor Krimeja Mjesni odbor Luka Mjesni odbor Mlaka Mjesni odbor...\" \/>\n<meta property=\"og:url\" content=\"https:\/\/www.rijeka.hr\/it\/temi-per-i-cittadini\/cittadinanza-attiva\/elezioni\/rezultati-izbora-vijeca-mjesnih-odbora-grada-rijeke-2010\/\" \/>\n<meta property=\"og:site_name\" content=\"Citt\u00e0 di Fiume\" \/>\n<meta property=\"article:modified_time\" content=\"2018-02-02T14:43:10+00:00\" \/>\n<meta name=\"twitter:card\" content=\"summary_large_image\" \/>\n<meta name=\"twitter:label1\" content=\"Est. reading time\" \/>\n\t<meta name=\"twitter:data1\" content=\"1 minute\" \/>\n<script type=\"application\/ld+json\" class=\"yoast-schema-graph\">{\"@context\":\"https:\/\/schema.org\",\"@graph\":[{\"@type\":\"WebPage\",\"@id\":\"https:\/\/www.rijeka.hr\/it\/temi-per-i-cittadini\/cittadinanza-attiva\/elezioni\/rezultati-izbora-vijeca-mjesnih-odbora-grada-rijeke-2010\/\",\"url\":\"https:\/\/www.rijeka.hr\/it\/temi-per-i-cittadini\/cittadinanza-attiva\/elezioni\/rezultati-izbora-vijeca-mjesnih-odbora-grada-rijeke-2010\/\",\"name\":\"I risultati delle elezioni per i consigli dei comitati di quartiere della Citt\u00e0 di Fiume 2010. - Citt\u00e0 di Fiume\",\"isPartOf\":{\"@id\":\"https:\/\/www.rijeka.hr\/it\/#website\"},\"datePublished\":\"2016-08-02T07:08:34+00:00\",\"dateModified\":\"2018-02-02T14:43:10+00:00\",\"breadcrumb\":{\"@id\":\"https:\/\/www.rijeka.hr\/it\/temi-per-i-cittadini\/cittadinanza-attiva\/elezioni\/rezultati-izbora-vijeca-mjesnih-odbora-grada-rijeke-2010\/#breadcrumb\"},\"inLanguage\":\"it-IT\",\"potentialAction\":[{\"@type\":\"ReadAction\",\"target\":[\"https:\/\/www.rijeka.hr\/it\/temi-per-i-cittadini\/cittadinanza-attiva\/elezioni\/rezultati-izbora-vijeca-mjesnih-odbora-grada-rijeke-2010\/\"]}]},{\"@type\":\"BreadcrumbList\",\"@id\":\"https:\/\/www.rijeka.hr\/it\/temi-per-i-cittadini\/cittadinanza-attiva\/elezioni\/rezultati-izbora-vijeca-mjesnih-odbora-grada-rijeke-2010\/#breadcrumb\",\"itemListElement\":[{\"@type\":\"ListItem\",\"position\":1,\"name\":\"Po\u010detna stranica\",\"item\":\"https:\/\/www.rijeka.hr\/it\/\"},{\"@type\":\"ListItem\",\"position\":2,\"name\":\"Temi per i cittadini\",\"item\":\"https:\/\/www.rijeka.hr\/it\/temi-per-i-cittadini\/\"},{\"@type\":\"ListItem\",\"position\":3,\"name\":\"Cittadinanza attiva\",\"item\":\"https:\/\/www.rijeka.hr\/it\/temi-per-i-cittadini\/cittadinanza-attiva\/\"},{\"@type\":\"ListItem\",\"position\":4,\"name\":\"Elezioni\",\"item\":\"https:\/\/www.rijeka.hr\/it\/temi-per-i-cittadini\/cittadinanza-attiva\/elezioni\/\"},{\"@type\":\"ListItem\",\"position\":5,\"name\":\"I risultati delle elezioni per i consigli dei comitati di quartiere della Citt\u00e0 di Fiume 2010.\"}]},{\"@type\":\"WebSite\",\"@id\":\"https:\/\/www.rijeka.hr\/it\/#website\",\"url\":\"https:\/\/www.rijeka.hr\/it\/\",\"name\":\"Citt\u00e0 di Fiume\",\"description\":\"Portale web della Citta&#039; di Fiume\",\"potentialAction\":[{\"@type\":\"SearchAction\",\"target\":{\"@type\":\"EntryPoint\",\"urlTemplate\":\"https:\/\/www.rijeka.hr\/it\/?s={search_term_string}\"},\"query-input\":{\"@type\":\"PropertyValueSpecification\",\"valueRequired\":true,\"valueName\":\"search_term_string\"}}],\"inLanguage\":\"it-IT\"}]}<\/script>\n<!-- \/ Yoast SEO plugin. -->","yoast_head_json":{"title":"I risultati delle elezioni per i consigli dei comitati di quartiere della Citt\u00e0 di Fiume 2010. - Citt\u00e0 di Fiume","robots":{"index":"index","follow":"follow","max-snippet":"max-snippet:-1","max-image-preview":"max-image-preview:large","max-video-preview":"max-video-preview:-1"},"canonical":"https:\/\/www.rijeka.hr\/it\/temi-per-i-cittadini\/cittadinanza-attiva\/elezioni\/rezultati-izbora-vijeca-mjesnih-odbora-grada-rijeke-2010\/","og_locale":"it_IT","og_type":"article","og_title":"I risultati delle elezioni per i consigli dei comitati di quartiere della Citt\u00e0 di Fiume 2010. - Citt\u00e0 di Fiume","og_description":"Mjesni odbor Sveti Nikola Mjesni odbor Drenova Mjesni odbor Gornja Ve\u017eica Mjesni odbor Zamet Mjesni odbor Banderovo Mjesni odbor Belveder Mjesni odbor Brajda-Dolac Mjesni odbor Bra\u0161\u0107ine-Pulac Mjesni odbor Bulevard Mjesni odbor Centar-Su\u0161ak Mjesni odbor Draga Mjesni odbor Grbci Mjesni odbor Kantrida Mjesni odbor Kozala Mjesni odbor Krimeja Mjesni odbor Luka Mjesni odbor Mlaka Mjesni odbor...","og_url":"https:\/\/www.rijeka.hr\/it\/temi-per-i-cittadini\/cittadinanza-attiva\/elezioni\/rezultati-izbora-vijeca-mjesnih-odbora-grada-rijeke-2010\/","og_site_name":"Citt\u00e0 di Fiume","article_modified_time":"2018-02-02T14:43:10+00:00","twitter_card":"summary_large_image","twitter_misc":{"Est. reading time":"1 minute"},"schema":{"@context":"https:\/\/schema.org","@graph":[{"@type":"WebPage","@id":"https:\/\/www.rijeka.hr\/it\/temi-per-i-cittadini\/cittadinanza-attiva\/elezioni\/rezultati-izbora-vijeca-mjesnih-odbora-grada-rijeke-2010\/","url":"https:\/\/www.rijeka.hr\/it\/temi-per-i-cittadini\/cittadinanza-attiva\/elezioni\/rezultati-izbora-vijeca-mjesnih-odbora-grada-rijeke-2010\/","name":"I risultati delle elezioni per i consigli dei comitati di quartiere della Citt\u00e0 di Fiume 2010. - Citt\u00e0 di Fiume","isPartOf":{"@id":"https:\/\/www.rijeka.hr\/it\/#website"},"datePublished":"2016-08-02T07:08:34+00:00","dateModified":"2018-02-02T14:43:10+00:00","breadcrumb":{"@id":"https:\/\/www.rijeka.hr\/it\/temi-per-i-cittadini\/cittadinanza-attiva\/elezioni\/rezultati-izbora-vijeca-mjesnih-odbora-grada-rijeke-2010\/#breadcrumb"},"inLanguage":"it-IT","potentialAction":[{"@type":"ReadAction","target":["https:\/\/www.rijeka.hr\/it\/temi-per-i-cittadini\/cittadinanza-attiva\/elezioni\/rezultati-izbora-vijeca-mjesnih-odbora-grada-rijeke-2010\/"]}]},{"@type":"BreadcrumbList","@id":"https:\/\/www.rijeka.hr\/it\/temi-per-i-cittadini\/cittadinanza-attiva\/elezioni\/rezultati-izbora-vijeca-mjesnih-odbora-grada-rijeke-2010\/#breadcrumb","itemListElement":[{"@type":"ListItem","position":1,"name":"Po\u010detna stranica","item":"https:\/\/www.rijeka.hr\/it\/"},{"@type":"ListItem","position":2,"name":"Temi per i cittadini","item":"https:\/\/www.rijeka.hr\/it\/temi-per-i-cittadini\/"},{"@type":"ListItem","position":3,"name":"Cittadinanza attiva","item":"https:\/\/www.rijeka.hr\/it\/temi-per-i-cittadini\/cittadinanza-attiva\/"},{"@type":"ListItem","position":4,"name":"Elezioni","item":"https:\/\/www.rijeka.hr\/it\/temi-per-i-cittadini\/cittadinanza-attiva\/elezioni\/"},{"@type":"ListItem","position":5,"name":"I risultati delle elezioni per i consigli dei comitati di quartiere della Citt\u00e0 di Fiume 2010."}]},{"@type":"WebSite","@id":"https:\/\/www.rijeka.hr\/it\/#website","url":"https:\/\/www.rijeka.hr\/it\/","name":"Citt\u00e0 di Fiume","description":"Portale web della Citta&#039; di Fiume","potentialAction":[{"@type":"SearchAction","target":{"@type":"EntryPoint","urlTemplate":"https:\/\/www.rijeka.hr\/it\/?s={search_term_string}"},"query-input":{"@type":"PropertyValueSpecification","valueRequired":true,"valueName":"search_term_string"}}],"inLanguage":"it-IT"}]}},"_links":{"self":[{"href":"https:\/\/www.rijeka.hr\/it\/wp-json\/wp\/v2\/pages\/720","targetHints":{"allow":["GET"]}}],"collection":[{"href":"https:\/\/www.rijeka.hr\/it\/wp-json\/wp\/v2\/pages"}],"about":[{"href":"https:\/\/www.rijeka.hr\/it\/wp-json\/wp\/v2\/types\/page"}],"author":[{"embeddable":true,"href":"https:\/\/www.rijeka.hr\/it\/wp-json\/wp\/v2\/users\/3"}],"replies":[{"embeddable":true,"href":"https:\/\/www.rijeka.hr\/it\/wp-json\/wp\/v2\/comments?post=720"}],"version-history":[{"count":1,"href":"https:\/\/www.rijeka.hr\/it\/wp-json\/wp\/v2\/pages\/720\/revisions"}],"predecessor-version":[{"id":721,"href":"https:\/\/www.rijeka.hr\/it\/wp-json\/wp\/v2\/pages\/720\/revisions\/721"}],"up":[{"embeddable":true,"href":"https:\/\/www.rijeka.hr\/it\/wp-json\/wp\/v2\/pages\/690"}],"wp:attachment":[{"href":"https:\/\/www.rijeka.hr\/it\/wp-json\/wp\/v2\/media?parent=720"}],"wp:term":[{"taxonomy":"post_tag","embeddable":true,"href":"https:\/\/www.rijeka.hr\/it\/wp-json\/wp\/v2\/tags?post=720"}],"curies":[{"name":"wp","href":"https:\/\/api.w.org\/{rel}","templated":true}]}}