{"id":7385,"date":"2018-10-22T11:14:01","date_gmt":"2018-10-22T09:14:01","guid":{"rendered":"https:\/\/www.rijeka.hr\/it\/?page_id=7385"},"modified":"2020-09-23T10:33:43","modified_gmt":"2020-09-23T08:33:43","slug":"programma-informatica-dalla-prima-alla-quarta-classe-delle-scuole-elementari","status":"publish","type":"page","link":"https:\/\/www.rijeka.hr\/it\/temi-per-i-cittadini\/educazione-e-istruzione\/scuole-elementari\/linsegnamento-nelle-scuole-elementari-e-arricchito-da-numerosi-programmi-e-progetti\/programma-informatica-dalla-prima-alla-quarta-classe-delle-scuole-elementari\/","title":{"rendered":"Programma &#8220;Informatica dalla prima alla quarta classe della scuola elementare&#8221;"},"content":{"rendered":"<p>Il progetto relativo all\u2019Insegnamento precoce dell\u2019informatica \u00e8 stato introdotto sperimentalmente in sei scuole elementari a Fiume nel 2002\/2003. Dall&#8217;anno scolastico 2003\/2004 \u00e8 stato introdotto l&#8217;insegnamento precoce dell&#8217;informatica nella maggior parte delle scuole elementari di Fiume. Grazie al progetto d\u2019insegnamento precoce dell&#8217;informatica dalla prima alla quarta classe della scuola elementare, gli alunni hanno acquisito le conoscenze di base, ovvero un&#8217;alfabetizzazione informatica di base.<\/p>\n<p>A partire dall&#8217;anno scolastico 2018\/2019, la Citt\u00e0 di Fiume ha introdotto un nuovo programma modernizzato e aggiornato d\u2019insegnamento precoce dell&#8217;informatica, armonizzato con lo sviluppo dinamico delle tecnologie. L&#8217;obiettivo era quello di includere il maggior numero possibile di alluni allo scopo di utilizzare attivamente il computer e quindi incoraggiare e nutrire l&#8217;interesse per le nuove tecnologie, con meccanismi per identificare i crescenti pericoli e le sfide che queste nuove tecnologie pongono agli alunni oggi. Invece di un curriculum, \u00e8 stato sviluppato un curriculum aperto con risultati di apprendimento per ogni classe (dalla prima alla quarta) della scuola elementare e le linee guida di accompagnamento per l&#8217;attuazione del curriculum, caratterizzato dalla flessibilit\u00e0 nella scelta del contenuto e del metodo di lavoro.<\/p>\n<p>Per quasi 20 anni, il programma viene finanziato dal bilancio della Citt\u00e0 di Fiume e implementato nelle scuole interessate a Fiume per 35 ore scolastiche durante un anno scolastico, o un&#8217;ora scolastica settimanale. Nell&#8217;anno scolastico 2019\/2020, il programma \u00e8 stato implementato come un&#8217;attivit\u00e0 extracurricolare sviluppata e finanziata dalla Citt\u00e0 di Fiume, mentre a partire dall&#8217;anno scolastico 2020\/2021 si svolge come una materia elettiva finanziata dal Ministero competente.<\/p>\n","protected":false},"excerpt":{"rendered":"<p>Il progetto relativo all\u2019Insegnamento precoce dell\u2019informatica \u00e8 stato introdotto sperimentalmente in sei scuole elementari a Fiume nel 2002\/2003. Dall&#8217;anno scolastico 2003\/2004 \u00e8 stato introdotto l&#8217;insegnamento precoce dell&#8217;informatica nella maggior parte delle scuole elementari di Fiume. Grazie al progetto d\u2019insegnamento precoce dell&#8217;informatica dalla prima alla quarta classe della scuola elementare, gli alunni hanno acquisito le conoscenze&#8230;<\/p>\n","protected":false},"author":6,"featured_media":0,"parent":7505,"menu_order":65,"comment_status":"closed","ping_status":"closed","template":"","meta":{"_acf_changed":false,"_trash_the_other_posts":false,"footnotes":"","_links_to":"","_links_to_target":""},"tags":[],"class_list":["post-7385","page","type-page","status-publish","hentry"],"acf":[],"yoast_head":"<!-- This site is optimized with the Yoast SEO plugin v24.4 - https:\/\/yoast.com\/wordpress\/plugins\/seo\/ -->\n<title>Programma &quot;Informatica dalla prima alla quarta classe della scuola elementare&quot; - Citt\u00e0 di Fiume<\/title>\n<meta name=\"robots\" content=\"index, follow, max-snippet:-1, max-image-preview:large, max-video-preview:-1\" \/>\n<link rel=\"canonical\" href=\"https:\/\/www.rijeka.hr\/it\/temi-per-i-cittadini\/educazione-e-istruzione\/scuole-elementari\/linsegnamento-nelle-scuole-elementari-e-arricchito-da-numerosi-programmi-e-progetti\/programma-informatica-dalla-prima-alla-quarta-classe-delle-scuole-elementari\/\" \/>\n<meta property=\"og:locale\" content=\"it_IT\" \/>\n<meta property=\"og:type\" content=\"article\" \/>\n<meta property=\"og:title\" content=\"Programma &quot;Informatica dalla prima alla quarta classe della scuola elementare&quot; - Citt\u00e0 di Fiume\" \/>\n<meta property=\"og:description\" content=\"Il progetto relativo all\u2019Insegnamento precoce dell\u2019informatica \u00e8 stato introdotto sperimentalmente in sei scuole elementari a Fiume nel 2002\/2003. Dall&#8217;anno scolastico 2003\/2004 \u00e8 stato introdotto l&#8217;insegnamento precoce dell&#8217;informatica nella maggior parte delle scuole elementari di Fiume. Grazie al progetto d\u2019insegnamento precoce dell&#8217;informatica dalla prima alla quarta classe della scuola elementare, gli alunni hanno acquisito le conoscenze...\" \/>\n<meta property=\"og:url\" content=\"https:\/\/www.rijeka.hr\/it\/temi-per-i-cittadini\/educazione-e-istruzione\/scuole-elementari\/linsegnamento-nelle-scuole-elementari-e-arricchito-da-numerosi-programmi-e-progetti\/programma-informatica-dalla-prima-alla-quarta-classe-delle-scuole-elementari\/\" \/>\n<meta property=\"og:site_name\" content=\"Citt\u00e0 di Fiume\" \/>\n<meta property=\"article:modified_time\" content=\"2020-09-23T08:33:43+00:00\" \/>\n<meta name=\"twitter:card\" content=\"summary_large_image\" \/>\n<meta name=\"twitter:label1\" content=\"Est. reading time\" \/>\n\t<meta name=\"twitter:data1\" content=\"1 minute\" \/>\n<script type=\"application\/ld+json\" class=\"yoast-schema-graph\">{\"@context\":\"https:\/\/schema.org\",\"@graph\":[{\"@type\":\"WebPage\",\"@id\":\"https:\/\/www.rijeka.hr\/it\/temi-per-i-cittadini\/educazione-e-istruzione\/scuole-elementari\/linsegnamento-nelle-scuole-elementari-e-arricchito-da-numerosi-programmi-e-progetti\/programma-informatica-dalla-prima-alla-quarta-classe-delle-scuole-elementari\/\",\"url\":\"https:\/\/www.rijeka.hr\/it\/temi-per-i-cittadini\/educazione-e-istruzione\/scuole-elementari\/linsegnamento-nelle-scuole-elementari-e-arricchito-da-numerosi-programmi-e-progetti\/programma-informatica-dalla-prima-alla-quarta-classe-delle-scuole-elementari\/\",\"name\":\"Programma \\\"Informatica dalla prima alla quarta classe della scuola elementare\\\" - Citt\u00e0 di Fiume\",\"isPartOf\":{\"@id\":\"https:\/\/www.rijeka.hr\/it\/#website\"},\"datePublished\":\"2018-10-22T09:14:01+00:00\",\"dateModified\":\"2020-09-23T08:33:43+00:00\",\"breadcrumb\":{\"@id\":\"https:\/\/www.rijeka.hr\/it\/temi-per-i-cittadini\/educazione-e-istruzione\/scuole-elementari\/linsegnamento-nelle-scuole-elementari-e-arricchito-da-numerosi-programmi-e-progetti\/programma-informatica-dalla-prima-alla-quarta-classe-delle-scuole-elementari\/#breadcrumb\"},\"inLanguage\":\"it-IT\",\"potentialAction\":[{\"@type\":\"ReadAction\",\"target\":[\"https:\/\/www.rijeka.hr\/it\/temi-per-i-cittadini\/educazione-e-istruzione\/scuole-elementari\/linsegnamento-nelle-scuole-elementari-e-arricchito-da-numerosi-programmi-e-progetti\/programma-informatica-dalla-prima-alla-quarta-classe-delle-scuole-elementari\/\"]}]},{\"@type\":\"BreadcrumbList\",\"@id\":\"https:\/\/www.rijeka.hr\/it\/temi-per-i-cittadini\/educazione-e-istruzione\/scuole-elementari\/linsegnamento-nelle-scuole-elementari-e-arricchito-da-numerosi-programmi-e-progetti\/programma-informatica-dalla-prima-alla-quarta-classe-delle-scuole-elementari\/#breadcrumb\",\"itemListElement\":[{\"@type\":\"ListItem\",\"position\":1,\"name\":\"Po\u010detna stranica\",\"item\":\"https:\/\/www.rijeka.hr\/it\/\"},{\"@type\":\"ListItem\",\"position\":2,\"name\":\"Temi per i cittadini\",\"item\":\"https:\/\/www.rijeka.hr\/it\/temi-per-i-cittadini\/\"},{\"@type\":\"ListItem\",\"position\":3,\"name\":\"Educazione e istruzione\",\"item\":\"https:\/\/www.rijeka.hr\/it\/temi-per-i-cittadini\/educazione-e-istruzione\/\"},{\"@type\":\"ListItem\",\"position\":4,\"name\":\"Scuole elementari\",\"item\":\"https:\/\/www.rijeka.hr\/it\/temi-per-i-cittadini\/educazione-e-istruzione\/scuole-elementari\/\"},{\"@type\":\"ListItem\",\"position\":5,\"name\":\"Programmi e progetti attuati nelle scuole elementari\",\"item\":\"https:\/\/www.rijeka.hr\/it\/temi-per-i-cittadini\/educazione-e-istruzione\/scuole-elementari\/linsegnamento-nelle-scuole-elementari-e-arricchito-da-numerosi-programmi-e-progetti\/\"},{\"@type\":\"ListItem\",\"position\":6,\"name\":\"Programma &#8220;Informatica dalla prima alla quarta classe della scuola elementare&#8221;\"}]},{\"@type\":\"WebSite\",\"@id\":\"https:\/\/www.rijeka.hr\/it\/#website\",\"url\":\"https:\/\/www.rijeka.hr\/it\/\",\"name\":\"Citt\u00e0 di Fiume\",\"description\":\"Portale web della Citta&#039; di Fiume\",\"potentialAction\":[{\"@type\":\"SearchAction\",\"target\":{\"@type\":\"EntryPoint\",\"urlTemplate\":\"https:\/\/www.rijeka.hr\/it\/?s={search_term_string}\"},\"query-input\":{\"@type\":\"PropertyValueSpecification\",\"valueRequired\":true,\"valueName\":\"search_term_string\"}}],\"inLanguage\":\"it-IT\"}]}<\/script>\n<!-- \/ Yoast SEO plugin. -->","yoast_head_json":{"title":"Programma \"Informatica dalla prima alla quarta classe della scuola elementare\" - Citt\u00e0 di Fiume","robots":{"index":"index","follow":"follow","max-snippet":"max-snippet:-1","max-image-preview":"max-image-preview:large","max-video-preview":"max-video-preview:-1"},"canonical":"https:\/\/www.rijeka.hr\/it\/temi-per-i-cittadini\/educazione-e-istruzione\/scuole-elementari\/linsegnamento-nelle-scuole-elementari-e-arricchito-da-numerosi-programmi-e-progetti\/programma-informatica-dalla-prima-alla-quarta-classe-delle-scuole-elementari\/","og_locale":"it_IT","og_type":"article","og_title":"Programma \"Informatica dalla prima alla quarta classe della scuola elementare\" - Citt\u00e0 di Fiume","og_description":"Il progetto relativo all\u2019Insegnamento precoce dell\u2019informatica \u00e8 stato introdotto sperimentalmente in sei scuole elementari a Fiume nel 2002\/2003. Dall&#8217;anno scolastico 2003\/2004 \u00e8 stato introdotto l&#8217;insegnamento precoce dell&#8217;informatica nella maggior parte delle scuole elementari di Fiume. Grazie al progetto d\u2019insegnamento precoce dell&#8217;informatica dalla prima alla quarta classe della scuola elementare, gli alunni hanno acquisito le conoscenze...","og_url":"https:\/\/www.rijeka.hr\/it\/temi-per-i-cittadini\/educazione-e-istruzione\/scuole-elementari\/linsegnamento-nelle-scuole-elementari-e-arricchito-da-numerosi-programmi-e-progetti\/programma-informatica-dalla-prima-alla-quarta-classe-delle-scuole-elementari\/","og_site_name":"Citt\u00e0 di Fiume","article_modified_time":"2020-09-23T08:33:43+00:00","twitter_card":"summary_large_image","twitter_misc":{"Est. reading time":"1 minute"},"schema":{"@context":"https:\/\/schema.org","@graph":[{"@type":"WebPage","@id":"https:\/\/www.rijeka.hr\/it\/temi-per-i-cittadini\/educazione-e-istruzione\/scuole-elementari\/linsegnamento-nelle-scuole-elementari-e-arricchito-da-numerosi-programmi-e-progetti\/programma-informatica-dalla-prima-alla-quarta-classe-delle-scuole-elementari\/","url":"https:\/\/www.rijeka.hr\/it\/temi-per-i-cittadini\/educazione-e-istruzione\/scuole-elementari\/linsegnamento-nelle-scuole-elementari-e-arricchito-da-numerosi-programmi-e-progetti\/programma-informatica-dalla-prima-alla-quarta-classe-delle-scuole-elementari\/","name":"Programma \"Informatica dalla prima alla quarta classe della scuola elementare\" - Citt\u00e0 di Fiume","isPartOf":{"@id":"https:\/\/www.rijeka.hr\/it\/#website"},"datePublished":"2018-10-22T09:14:01+00:00","dateModified":"2020-09-23T08:33:43+00:00","breadcrumb":{"@id":"https:\/\/www.rijeka.hr\/it\/temi-per-i-cittadini\/educazione-e-istruzione\/scuole-elementari\/linsegnamento-nelle-scuole-elementari-e-arricchito-da-numerosi-programmi-e-progetti\/programma-informatica-dalla-prima-alla-quarta-classe-delle-scuole-elementari\/#breadcrumb"},"inLanguage":"it-IT","potentialAction":[{"@type":"ReadAction","target":["https:\/\/www.rijeka.hr\/it\/temi-per-i-cittadini\/educazione-e-istruzione\/scuole-elementari\/linsegnamento-nelle-scuole-elementari-e-arricchito-da-numerosi-programmi-e-progetti\/programma-informatica-dalla-prima-alla-quarta-classe-delle-scuole-elementari\/"]}]},{"@type":"BreadcrumbList","@id":"https:\/\/www.rijeka.hr\/it\/temi-per-i-cittadini\/educazione-e-istruzione\/scuole-elementari\/linsegnamento-nelle-scuole-elementari-e-arricchito-da-numerosi-programmi-e-progetti\/programma-informatica-dalla-prima-alla-quarta-classe-delle-scuole-elementari\/#breadcrumb","itemListElement":[{"@type":"ListItem","position":1,"name":"Po\u010detna stranica","item":"https:\/\/www.rijeka.hr\/it\/"},{"@type":"ListItem","position":2,"name":"Temi per i cittadini","item":"https:\/\/www.rijeka.hr\/it\/temi-per-i-cittadini\/"},{"@type":"ListItem","position":3,"name":"Educazione e istruzione","item":"https:\/\/www.rijeka.hr\/it\/temi-per-i-cittadini\/educazione-e-istruzione\/"},{"@type":"ListItem","position":4,"name":"Scuole elementari","item":"https:\/\/www.rijeka.hr\/it\/temi-per-i-cittadini\/educazione-e-istruzione\/scuole-elementari\/"},{"@type":"ListItem","position":5,"name":"Programmi e progetti attuati nelle scuole elementari","item":"https:\/\/www.rijeka.hr\/it\/temi-per-i-cittadini\/educazione-e-istruzione\/scuole-elementari\/linsegnamento-nelle-scuole-elementari-e-arricchito-da-numerosi-programmi-e-progetti\/"},{"@type":"ListItem","position":6,"name":"Programma &#8220;Informatica dalla prima alla quarta classe della scuola elementare&#8221;"}]},{"@type":"WebSite","@id":"https:\/\/www.rijeka.hr\/it\/#website","url":"https:\/\/www.rijeka.hr\/it\/","name":"Citt\u00e0 di Fiume","description":"Portale web della Citta&#039; di Fiume","potentialAction":[{"@type":"SearchAction","target":{"@type":"EntryPoint","urlTemplate":"https:\/\/www.rijeka.hr\/it\/?s={search_term_string}"},"query-input":{"@type":"PropertyValueSpecification","valueRequired":true,"valueName":"search_term_string"}}],"inLanguage":"it-IT"}]}},"_links":{"self":[{"href":"https:\/\/www.rijeka.hr\/it\/wp-json\/wp\/v2\/pages\/7385","targetHints":{"allow":["GET"]}}],"collection":[{"href":"https:\/\/www.rijeka.hr\/it\/wp-json\/wp\/v2\/pages"}],"about":[{"href":"https:\/\/www.rijeka.hr\/it\/wp-json\/wp\/v2\/types\/page"}],"author":[{"embeddable":true,"href":"https:\/\/www.rijeka.hr\/it\/wp-json\/wp\/v2\/users\/6"}],"replies":[{"embeddable":true,"href":"https:\/\/www.rijeka.hr\/it\/wp-json\/wp\/v2\/comments?post=7385"}],"version-history":[{"count":3,"href":"https:\/\/www.rijeka.hr\/it\/wp-json\/wp\/v2\/pages\/7385\/revisions"}],"predecessor-version":[{"id":11256,"href":"https:\/\/www.rijeka.hr\/it\/wp-json\/wp\/v2\/pages\/7385\/revisions\/11256"}],"up":[{"embeddable":true,"href":"https:\/\/www.rijeka.hr\/it\/wp-json\/wp\/v2\/pages\/7505"}],"wp:attachment":[{"href":"https:\/\/www.rijeka.hr\/it\/wp-json\/wp\/v2\/media?parent=7385"}],"wp:term":[{"taxonomy":"post_tag","embeddable":true,"href":"https:\/\/www.rijeka.hr\/it\/wp-json\/wp\/v2\/tags?post=7385"}],"curies":[{"name":"wp","href":"https:\/\/api.w.org\/{rel}","templated":true}]}}