{"id":7394,"date":"2018-10-22T15:52:15","date_gmt":"2018-10-22T13:52:15","guid":{"rendered":"https:\/\/www.rijeka.hr\/it\/?page_id=7394"},"modified":"2020-09-24T15:01:36","modified_gmt":"2020-09-24T13:01:36","slug":"insegnanti-di-sostegno-supporto-nellintegrazione-di-alunni-con-disabilita","status":"publish","type":"page","link":"https:\/\/www.rijeka.hr\/it\/temi-per-i-cittadini\/educazione-e-istruzione\/scuole-elementari\/linsegnamento-nelle-scuole-elementari-e-arricchito-da-numerosi-programmi-e-progetti\/insegnanti-di-sostegno-supporto-nellintegrazione-di-alunni-con-disabilita\/","title":{"rendered":"Insegnanti di sostegno &#8211; supporto all&#8217;integrazione di alunni con disabilit\u00e0"},"content":{"rendered":"<p>Insegnanti di sostegno offrono supporto agli alunni con disabilit\u00e0 integrati nelle classi regolari delle scuole elementari. Conformemente alle possibilit\u00e0 di bilancio e all&#8217;idea di educazione inclusiva, la Citt\u00e0 di Fiume \u00e8 stata tra le prime citt\u00e0 nella Repubblica di Croazia a sostenere l&#8217;inclusione di un gran numero di insegnanti di sostegno per il lavoro con bambini con disabilit\u00e0.<\/p>\n<p>La Citt\u00e0 di Fiume finanzia e monitora professionalmente il lavoro degli insegnanti di sostegno dall&#8217;anno scolastico 2008\/2009 e dall&#8217;anno scolastico 2014\/2015 i fondi per l&#8217;assunzione degli insegnanti di sostegno vengono procurati attraverso il Fondo sociale europeo e, come tutti questi anni, anche dal bilancio della Citt\u00e0 di Fiume. Vale a dire, tutti gli alunni hanno diritto a un&#8217;istruzione di qualit\u00e0, compresi gli alunni con disabilit\u00e0 che rappresentano un gruppo particolarmente vulnerabile.<\/p>\n<p>Nelle scuole elementari a Fiume, circa 545 alunni con disabilit\u00e0 sono attualmente integrati nel sistema educativo regolare. Alcuni di questi alunni, oltre a padroneggiare il curriculum, hanno una serie di altre esigenze che l&#8217;insegnante non \u00e8 sempre in grado di soddisfare. A questi alunni vogliamo assicurare un insegnante di sostegno, che contribuir\u00e0 alla qualit\u00e0 dell&#8217;integrazione nella classe.<\/p>\n<p>L\u2019insegnane di sostegno fornisce supporto diretto all\u2019alunno e supporto indiretto agli insegnanti e agli altri alunni nella classe. L&#8217;inclusione degli insegnanti di sostegno aumenta l&#8217;inclusione sociale e facilita l&#8217;integrazione degli alunni con disabilit\u00e0 nelle scuole.<\/p>\n<p>Per molti anni, la Citt\u00e0 di Fiume procura fondi per un insegnante rom, nonch\u00e9 per un insegnante di sostegno per studenti appartenenti alla minoranza nazionale rom, che aiuta gli alunni appartenenti alla minoranza nazionale rom a padroneggiare i materiali scolastici e a scrivere i compiti. Questa forma di sostegno agli alunni e alle loro famiglie facilita il loro inserimento alla scuola e la comprensione e l\u2019accettazione della scuola.<\/p>\n","protected":false},"excerpt":{"rendered":"<p>Insegnanti di sostegno offrono supporto agli alunni con disabilit\u00e0 integrati nelle classi regolari delle scuole elementari. Conformemente alle possibilit\u00e0 di bilancio e all&#8217;idea di educazione inclusiva, la Citt\u00e0 di Fiume \u00e8 stata tra le prime citt\u00e0 nella Repubblica di Croazia a sostenere l&#8217;inclusione di un gran numero di insegnanti di sostegno per il lavoro con&#8230;<\/p>\n","protected":false},"author":6,"featured_media":0,"parent":7505,"menu_order":69,"comment_status":"closed","ping_status":"closed","template":"","meta":{"_acf_changed":false,"_trash_the_other_posts":false,"footnotes":"","_links_to":"","_links_to_target":""},"tags":[],"class_list":["post-7394","page","type-page","status-publish","hentry"],"acf":[],"yoast_head":"<!-- This site is optimized with the Yoast SEO plugin v24.4 - https:\/\/yoast.com\/wordpress\/plugins\/seo\/ -->\n<title>Insegnanti di sostegno - supporto all&#039;integrazione di alunni con disabilit\u00e0 - Citt\u00e0 di Fiume<\/title>\n<meta name=\"robots\" content=\"index, follow, max-snippet:-1, max-image-preview:large, max-video-preview:-1\" \/>\n<link rel=\"canonical\" href=\"https:\/\/www.rijeka.hr\/it\/temi-per-i-cittadini\/educazione-e-istruzione\/scuole-elementari\/linsegnamento-nelle-scuole-elementari-e-arricchito-da-numerosi-programmi-e-progetti\/insegnanti-di-sostegno-supporto-nellintegrazione-di-alunni-con-disabilita\/\" \/>\n<meta property=\"og:locale\" content=\"it_IT\" \/>\n<meta property=\"og:type\" content=\"article\" \/>\n<meta property=\"og:title\" content=\"Insegnanti di sostegno - supporto all&#039;integrazione di alunni con disabilit\u00e0 - Citt\u00e0 di Fiume\" \/>\n<meta property=\"og:description\" content=\"Insegnanti di sostegno offrono supporto agli alunni con disabilit\u00e0 integrati nelle classi regolari delle scuole elementari. Conformemente alle possibilit\u00e0 di bilancio e all&#8217;idea di educazione inclusiva, la Citt\u00e0 di Fiume \u00e8 stata tra le prime citt\u00e0 nella Repubblica di Croazia a sostenere l&#8217;inclusione di un gran numero di insegnanti di sostegno per il lavoro con...\" \/>\n<meta property=\"og:url\" content=\"https:\/\/www.rijeka.hr\/it\/temi-per-i-cittadini\/educazione-e-istruzione\/scuole-elementari\/linsegnamento-nelle-scuole-elementari-e-arricchito-da-numerosi-programmi-e-progetti\/insegnanti-di-sostegno-supporto-nellintegrazione-di-alunni-con-disabilita\/\" \/>\n<meta property=\"og:site_name\" content=\"Citt\u00e0 di Fiume\" \/>\n<meta property=\"article:modified_time\" content=\"2020-09-24T13:01:36+00:00\" \/>\n<meta name=\"twitter:card\" content=\"summary_large_image\" \/>\n<meta name=\"twitter:label1\" content=\"Est. reading time\" \/>\n\t<meta name=\"twitter:data1\" content=\"1 minute\" \/>\n<script type=\"application\/ld+json\" class=\"yoast-schema-graph\">{\"@context\":\"https:\/\/schema.org\",\"@graph\":[{\"@type\":\"WebPage\",\"@id\":\"https:\/\/www.rijeka.hr\/it\/temi-per-i-cittadini\/educazione-e-istruzione\/scuole-elementari\/linsegnamento-nelle-scuole-elementari-e-arricchito-da-numerosi-programmi-e-progetti\/insegnanti-di-sostegno-supporto-nellintegrazione-di-alunni-con-disabilita\/\",\"url\":\"https:\/\/www.rijeka.hr\/it\/temi-per-i-cittadini\/educazione-e-istruzione\/scuole-elementari\/linsegnamento-nelle-scuole-elementari-e-arricchito-da-numerosi-programmi-e-progetti\/insegnanti-di-sostegno-supporto-nellintegrazione-di-alunni-con-disabilita\/\",\"name\":\"Insegnanti di sostegno - supporto all'integrazione di alunni con disabilit\u00e0 - Citt\u00e0 di Fiume\",\"isPartOf\":{\"@id\":\"https:\/\/www.rijeka.hr\/it\/#website\"},\"datePublished\":\"2018-10-22T13:52:15+00:00\",\"dateModified\":\"2020-09-24T13:01:36+00:00\",\"breadcrumb\":{\"@id\":\"https:\/\/www.rijeka.hr\/it\/temi-per-i-cittadini\/educazione-e-istruzione\/scuole-elementari\/linsegnamento-nelle-scuole-elementari-e-arricchito-da-numerosi-programmi-e-progetti\/insegnanti-di-sostegno-supporto-nellintegrazione-di-alunni-con-disabilita\/#breadcrumb\"},\"inLanguage\":\"it-IT\",\"potentialAction\":[{\"@type\":\"ReadAction\",\"target\":[\"https:\/\/www.rijeka.hr\/it\/temi-per-i-cittadini\/educazione-e-istruzione\/scuole-elementari\/linsegnamento-nelle-scuole-elementari-e-arricchito-da-numerosi-programmi-e-progetti\/insegnanti-di-sostegno-supporto-nellintegrazione-di-alunni-con-disabilita\/\"]}]},{\"@type\":\"BreadcrumbList\",\"@id\":\"https:\/\/www.rijeka.hr\/it\/temi-per-i-cittadini\/educazione-e-istruzione\/scuole-elementari\/linsegnamento-nelle-scuole-elementari-e-arricchito-da-numerosi-programmi-e-progetti\/insegnanti-di-sostegno-supporto-nellintegrazione-di-alunni-con-disabilita\/#breadcrumb\",\"itemListElement\":[{\"@type\":\"ListItem\",\"position\":1,\"name\":\"Po\u010detna stranica\",\"item\":\"https:\/\/www.rijeka.hr\/it\/\"},{\"@type\":\"ListItem\",\"position\":2,\"name\":\"Temi per i cittadini\",\"item\":\"https:\/\/www.rijeka.hr\/it\/temi-per-i-cittadini\/\"},{\"@type\":\"ListItem\",\"position\":3,\"name\":\"Educazione e istruzione\",\"item\":\"https:\/\/www.rijeka.hr\/it\/temi-per-i-cittadini\/educazione-e-istruzione\/\"},{\"@type\":\"ListItem\",\"position\":4,\"name\":\"Scuole elementari\",\"item\":\"https:\/\/www.rijeka.hr\/it\/temi-per-i-cittadini\/educazione-e-istruzione\/scuole-elementari\/\"},{\"@type\":\"ListItem\",\"position\":5,\"name\":\"Programmi e progetti attuati nelle scuole elementari\",\"item\":\"https:\/\/www.rijeka.hr\/it\/temi-per-i-cittadini\/educazione-e-istruzione\/scuole-elementari\/linsegnamento-nelle-scuole-elementari-e-arricchito-da-numerosi-programmi-e-progetti\/\"},{\"@type\":\"ListItem\",\"position\":6,\"name\":\"Insegnanti di sostegno &#8211; supporto all&#8217;integrazione di alunni con disabilit\u00e0\"}]},{\"@type\":\"WebSite\",\"@id\":\"https:\/\/www.rijeka.hr\/it\/#website\",\"url\":\"https:\/\/www.rijeka.hr\/it\/\",\"name\":\"Citt\u00e0 di Fiume\",\"description\":\"Portale web della Citta&#039; di Fiume\",\"potentialAction\":[{\"@type\":\"SearchAction\",\"target\":{\"@type\":\"EntryPoint\",\"urlTemplate\":\"https:\/\/www.rijeka.hr\/it\/?s={search_term_string}\"},\"query-input\":{\"@type\":\"PropertyValueSpecification\",\"valueRequired\":true,\"valueName\":\"search_term_string\"}}],\"inLanguage\":\"it-IT\"}]}<\/script>\n<!-- \/ Yoast SEO plugin. -->","yoast_head_json":{"title":"Insegnanti di sostegno - supporto all'integrazione di alunni con disabilit\u00e0 - Citt\u00e0 di Fiume","robots":{"index":"index","follow":"follow","max-snippet":"max-snippet:-1","max-image-preview":"max-image-preview:large","max-video-preview":"max-video-preview:-1"},"canonical":"https:\/\/www.rijeka.hr\/it\/temi-per-i-cittadini\/educazione-e-istruzione\/scuole-elementari\/linsegnamento-nelle-scuole-elementari-e-arricchito-da-numerosi-programmi-e-progetti\/insegnanti-di-sostegno-supporto-nellintegrazione-di-alunni-con-disabilita\/","og_locale":"it_IT","og_type":"article","og_title":"Insegnanti di sostegno - supporto all'integrazione di alunni con disabilit\u00e0 - Citt\u00e0 di Fiume","og_description":"Insegnanti di sostegno offrono supporto agli alunni con disabilit\u00e0 integrati nelle classi regolari delle scuole elementari. Conformemente alle possibilit\u00e0 di bilancio e all&#8217;idea di educazione inclusiva, la Citt\u00e0 di Fiume \u00e8 stata tra le prime citt\u00e0 nella Repubblica di Croazia a sostenere l&#8217;inclusione di un gran numero di insegnanti di sostegno per il lavoro con...","og_url":"https:\/\/www.rijeka.hr\/it\/temi-per-i-cittadini\/educazione-e-istruzione\/scuole-elementari\/linsegnamento-nelle-scuole-elementari-e-arricchito-da-numerosi-programmi-e-progetti\/insegnanti-di-sostegno-supporto-nellintegrazione-di-alunni-con-disabilita\/","og_site_name":"Citt\u00e0 di Fiume","article_modified_time":"2020-09-24T13:01:36+00:00","twitter_card":"summary_large_image","twitter_misc":{"Est. reading time":"1 minute"},"schema":{"@context":"https:\/\/schema.org","@graph":[{"@type":"WebPage","@id":"https:\/\/www.rijeka.hr\/it\/temi-per-i-cittadini\/educazione-e-istruzione\/scuole-elementari\/linsegnamento-nelle-scuole-elementari-e-arricchito-da-numerosi-programmi-e-progetti\/insegnanti-di-sostegno-supporto-nellintegrazione-di-alunni-con-disabilita\/","url":"https:\/\/www.rijeka.hr\/it\/temi-per-i-cittadini\/educazione-e-istruzione\/scuole-elementari\/linsegnamento-nelle-scuole-elementari-e-arricchito-da-numerosi-programmi-e-progetti\/insegnanti-di-sostegno-supporto-nellintegrazione-di-alunni-con-disabilita\/","name":"Insegnanti di sostegno - supporto all'integrazione di alunni con disabilit\u00e0 - Citt\u00e0 di Fiume","isPartOf":{"@id":"https:\/\/www.rijeka.hr\/it\/#website"},"datePublished":"2018-10-22T13:52:15+00:00","dateModified":"2020-09-24T13:01:36+00:00","breadcrumb":{"@id":"https:\/\/www.rijeka.hr\/it\/temi-per-i-cittadini\/educazione-e-istruzione\/scuole-elementari\/linsegnamento-nelle-scuole-elementari-e-arricchito-da-numerosi-programmi-e-progetti\/insegnanti-di-sostegno-supporto-nellintegrazione-di-alunni-con-disabilita\/#breadcrumb"},"inLanguage":"it-IT","potentialAction":[{"@type":"ReadAction","target":["https:\/\/www.rijeka.hr\/it\/temi-per-i-cittadini\/educazione-e-istruzione\/scuole-elementari\/linsegnamento-nelle-scuole-elementari-e-arricchito-da-numerosi-programmi-e-progetti\/insegnanti-di-sostegno-supporto-nellintegrazione-di-alunni-con-disabilita\/"]}]},{"@type":"BreadcrumbList","@id":"https:\/\/www.rijeka.hr\/it\/temi-per-i-cittadini\/educazione-e-istruzione\/scuole-elementari\/linsegnamento-nelle-scuole-elementari-e-arricchito-da-numerosi-programmi-e-progetti\/insegnanti-di-sostegno-supporto-nellintegrazione-di-alunni-con-disabilita\/#breadcrumb","itemListElement":[{"@type":"ListItem","position":1,"name":"Po\u010detna stranica","item":"https:\/\/www.rijeka.hr\/it\/"},{"@type":"ListItem","position":2,"name":"Temi per i cittadini","item":"https:\/\/www.rijeka.hr\/it\/temi-per-i-cittadini\/"},{"@type":"ListItem","position":3,"name":"Educazione e istruzione","item":"https:\/\/www.rijeka.hr\/it\/temi-per-i-cittadini\/educazione-e-istruzione\/"},{"@type":"ListItem","position":4,"name":"Scuole elementari","item":"https:\/\/www.rijeka.hr\/it\/temi-per-i-cittadini\/educazione-e-istruzione\/scuole-elementari\/"},{"@type":"ListItem","position":5,"name":"Programmi e progetti attuati nelle scuole elementari","item":"https:\/\/www.rijeka.hr\/it\/temi-per-i-cittadini\/educazione-e-istruzione\/scuole-elementari\/linsegnamento-nelle-scuole-elementari-e-arricchito-da-numerosi-programmi-e-progetti\/"},{"@type":"ListItem","position":6,"name":"Insegnanti di sostegno &#8211; supporto all&#8217;integrazione di alunni con disabilit\u00e0"}]},{"@type":"WebSite","@id":"https:\/\/www.rijeka.hr\/it\/#website","url":"https:\/\/www.rijeka.hr\/it\/","name":"Citt\u00e0 di Fiume","description":"Portale web della Citta&#039; di Fiume","potentialAction":[{"@type":"SearchAction","target":{"@type":"EntryPoint","urlTemplate":"https:\/\/www.rijeka.hr\/it\/?s={search_term_string}"},"query-input":{"@type":"PropertyValueSpecification","valueRequired":true,"valueName":"search_term_string"}}],"inLanguage":"it-IT"}]}},"_links":{"self":[{"href":"https:\/\/www.rijeka.hr\/it\/wp-json\/wp\/v2\/pages\/7394","targetHints":{"allow":["GET"]}}],"collection":[{"href":"https:\/\/www.rijeka.hr\/it\/wp-json\/wp\/v2\/pages"}],"about":[{"href":"https:\/\/www.rijeka.hr\/it\/wp-json\/wp\/v2\/types\/page"}],"author":[{"embeddable":true,"href":"https:\/\/www.rijeka.hr\/it\/wp-json\/wp\/v2\/users\/6"}],"replies":[{"embeddable":true,"href":"https:\/\/www.rijeka.hr\/it\/wp-json\/wp\/v2\/comments?post=7394"}],"version-history":[{"count":3,"href":"https:\/\/www.rijeka.hr\/it\/wp-json\/wp\/v2\/pages\/7394\/revisions"}],"predecessor-version":[{"id":7397,"href":"https:\/\/www.rijeka.hr\/it\/wp-json\/wp\/v2\/pages\/7394\/revisions\/7397"}],"up":[{"embeddable":true,"href":"https:\/\/www.rijeka.hr\/it\/wp-json\/wp\/v2\/pages\/7505"}],"wp:attachment":[{"href":"https:\/\/www.rijeka.hr\/it\/wp-json\/wp\/v2\/media?parent=7394"}],"wp:term":[{"taxonomy":"post_tag","embeddable":true,"href":"https:\/\/www.rijeka.hr\/it\/wp-json\/wp\/v2\/tags?post=7394"}],"curies":[{"name":"wp","href":"https:\/\/api.w.org\/{rel}","templated":true}]}}