{"id":7398,"date":"2018-10-23T13:02:53","date_gmt":"2018-10-23T11:02:53","guid":{"rendered":"https:\/\/www.rijeka.hr\/it\/?page_id=7398"},"modified":"2021-09-16T12:24:21","modified_gmt":"2021-09-16T10:24:21","slug":"programma-liado-atelier-di-arti-visive-e-di-ricerca","status":"publish","type":"page","link":"https:\/\/www.rijeka.hr\/it\/temi-per-i-cittadini\/educazione-e-istruzione\/scuole-elementari\/linsegnamento-nelle-scuole-elementari-e-arricchito-da-numerosi-programmi-e-progetti\/programma-liado-atelier-di-arti-visive-e-di-ricerca\/","title":{"rendered":"Programma &#8220;LIADO&#8221; &#8211; atelier di arti visive e di ricerca"},"content":{"rendered":"<p>Il programma raduna alunni dalla quinta all&#8217;ottava classe delle scuole elementari con lo scopo di sviluppare e incoraggiare la creativit\u00e0 nei bambini. Per partecipare al programma Liado, gli alunni sono sottoposti ad un test che include la creativit\u00e0 generale, la creativit\u00e0 artistica, il disegno e la pittura. Guidati da un mentore, circondati da pennelli, colori e altri strumenti, i bambini esprimono la loro abilit\u00e0 artistica e creativit\u00e0.<\/p>\n","protected":false},"excerpt":{"rendered":"<p>Il programma raduna alunni dalla quinta all&#8217;ottava classe delle scuole elementari con lo scopo di sviluppare e incoraggiare la creativit\u00e0 nei bambini. Per partecipare al programma Liado, gli alunni sono sottoposti ad un test che include la creativit\u00e0 generale, la creativit\u00e0 artistica, il disegno e la pittura. Guidati da un mentore, circondati da pennelli, colori&#8230;<\/p>\n","protected":false},"author":6,"featured_media":0,"parent":7505,"menu_order":72,"comment_status":"closed","ping_status":"closed","template":"","meta":{"_acf_changed":false,"_trash_the_other_posts":false,"footnotes":"","_links_to":"","_links_to_target":""},"tags":[],"class_list":["post-7398","page","type-page","status-publish","hentry"],"acf":[],"yoast_head":"<!-- This site is optimized with the Yoast SEO plugin v24.4 - https:\/\/yoast.com\/wordpress\/plugins\/seo\/ -->\n<title>Programma &quot;LIADO&quot; - atelier di arti visive e di ricerca - Citt\u00e0 di Fiume<\/title>\n<meta name=\"robots\" content=\"index, follow, max-snippet:-1, max-image-preview:large, max-video-preview:-1\" \/>\n<link rel=\"canonical\" href=\"https:\/\/www.rijeka.hr\/it\/temi-per-i-cittadini\/educazione-e-istruzione\/scuole-elementari\/linsegnamento-nelle-scuole-elementari-e-arricchito-da-numerosi-programmi-e-progetti\/programma-liado-atelier-di-arti-visive-e-di-ricerca\/\" \/>\n<meta property=\"og:locale\" content=\"it_IT\" \/>\n<meta property=\"og:type\" content=\"article\" \/>\n<meta property=\"og:title\" content=\"Programma &quot;LIADO&quot; - atelier di arti visive e di ricerca - Citt\u00e0 di Fiume\" \/>\n<meta property=\"og:description\" content=\"Il programma raduna alunni dalla quinta all&#8217;ottava classe delle scuole elementari con lo scopo di sviluppare e incoraggiare la creativit\u00e0 nei bambini. Per partecipare al programma Liado, gli alunni sono sottoposti ad un test che include la creativit\u00e0 generale, la creativit\u00e0 artistica, il disegno e la pittura. Guidati da un mentore, circondati da pennelli, colori...\" \/>\n<meta property=\"og:url\" content=\"https:\/\/www.rijeka.hr\/it\/temi-per-i-cittadini\/educazione-e-istruzione\/scuole-elementari\/linsegnamento-nelle-scuole-elementari-e-arricchito-da-numerosi-programmi-e-progetti\/programma-liado-atelier-di-arti-visive-e-di-ricerca\/\" \/>\n<meta property=\"og:site_name\" content=\"Citt\u00e0 di Fiume\" \/>\n<meta property=\"article:modified_time\" content=\"2021-09-16T10:24:21+00:00\" \/>\n<meta name=\"twitter:card\" content=\"summary_large_image\" \/>\n<script type=\"application\/ld+json\" class=\"yoast-schema-graph\">{\"@context\":\"https:\/\/schema.org\",\"@graph\":[{\"@type\":\"WebPage\",\"@id\":\"https:\/\/www.rijeka.hr\/it\/temi-per-i-cittadini\/educazione-e-istruzione\/scuole-elementari\/linsegnamento-nelle-scuole-elementari-e-arricchito-da-numerosi-programmi-e-progetti\/programma-liado-atelier-di-arti-visive-e-di-ricerca\/\",\"url\":\"https:\/\/www.rijeka.hr\/it\/temi-per-i-cittadini\/educazione-e-istruzione\/scuole-elementari\/linsegnamento-nelle-scuole-elementari-e-arricchito-da-numerosi-programmi-e-progetti\/programma-liado-atelier-di-arti-visive-e-di-ricerca\/\",\"name\":\"Programma \\\"LIADO\\\" - atelier di arti visive e di ricerca - Citt\u00e0 di Fiume\",\"isPartOf\":{\"@id\":\"https:\/\/www.rijeka.hr\/it\/#website\"},\"datePublished\":\"2018-10-23T11:02:53+00:00\",\"dateModified\":\"2021-09-16T10:24:21+00:00\",\"breadcrumb\":{\"@id\":\"https:\/\/www.rijeka.hr\/it\/temi-per-i-cittadini\/educazione-e-istruzione\/scuole-elementari\/linsegnamento-nelle-scuole-elementari-e-arricchito-da-numerosi-programmi-e-progetti\/programma-liado-atelier-di-arti-visive-e-di-ricerca\/#breadcrumb\"},\"inLanguage\":\"it-IT\",\"potentialAction\":[{\"@type\":\"ReadAction\",\"target\":[\"https:\/\/www.rijeka.hr\/it\/temi-per-i-cittadini\/educazione-e-istruzione\/scuole-elementari\/linsegnamento-nelle-scuole-elementari-e-arricchito-da-numerosi-programmi-e-progetti\/programma-liado-atelier-di-arti-visive-e-di-ricerca\/\"]}]},{\"@type\":\"BreadcrumbList\",\"@id\":\"https:\/\/www.rijeka.hr\/it\/temi-per-i-cittadini\/educazione-e-istruzione\/scuole-elementari\/linsegnamento-nelle-scuole-elementari-e-arricchito-da-numerosi-programmi-e-progetti\/programma-liado-atelier-di-arti-visive-e-di-ricerca\/#breadcrumb\",\"itemListElement\":[{\"@type\":\"ListItem\",\"position\":1,\"name\":\"Po\u010detna stranica\",\"item\":\"https:\/\/www.rijeka.hr\/it\/\"},{\"@type\":\"ListItem\",\"position\":2,\"name\":\"Temi per i cittadini\",\"item\":\"https:\/\/www.rijeka.hr\/it\/temi-per-i-cittadini\/\"},{\"@type\":\"ListItem\",\"position\":3,\"name\":\"Educazione e istruzione\",\"item\":\"https:\/\/www.rijeka.hr\/it\/temi-per-i-cittadini\/educazione-e-istruzione\/\"},{\"@type\":\"ListItem\",\"position\":4,\"name\":\"Scuole elementari\",\"item\":\"https:\/\/www.rijeka.hr\/it\/temi-per-i-cittadini\/educazione-e-istruzione\/scuole-elementari\/\"},{\"@type\":\"ListItem\",\"position\":5,\"name\":\"Programmi e progetti attuati nelle scuole elementari\",\"item\":\"https:\/\/www.rijeka.hr\/it\/temi-per-i-cittadini\/educazione-e-istruzione\/scuole-elementari\/linsegnamento-nelle-scuole-elementari-e-arricchito-da-numerosi-programmi-e-progetti\/\"},{\"@type\":\"ListItem\",\"position\":6,\"name\":\"Programma &#8220;LIADO&#8221; &#8211; atelier di arti visive e di ricerca\"}]},{\"@type\":\"WebSite\",\"@id\":\"https:\/\/www.rijeka.hr\/it\/#website\",\"url\":\"https:\/\/www.rijeka.hr\/it\/\",\"name\":\"Citt\u00e0 di Fiume\",\"description\":\"Portale web della Citta&#039; di Fiume\",\"potentialAction\":[{\"@type\":\"SearchAction\",\"target\":{\"@type\":\"EntryPoint\",\"urlTemplate\":\"https:\/\/www.rijeka.hr\/it\/?s={search_term_string}\"},\"query-input\":{\"@type\":\"PropertyValueSpecification\",\"valueRequired\":true,\"valueName\":\"search_term_string\"}}],\"inLanguage\":\"it-IT\"}]}<\/script>\n<!-- \/ Yoast SEO plugin. -->","yoast_head_json":{"title":"Programma \"LIADO\" - atelier di arti visive e di ricerca - Citt\u00e0 di Fiume","robots":{"index":"index","follow":"follow","max-snippet":"max-snippet:-1","max-image-preview":"max-image-preview:large","max-video-preview":"max-video-preview:-1"},"canonical":"https:\/\/www.rijeka.hr\/it\/temi-per-i-cittadini\/educazione-e-istruzione\/scuole-elementari\/linsegnamento-nelle-scuole-elementari-e-arricchito-da-numerosi-programmi-e-progetti\/programma-liado-atelier-di-arti-visive-e-di-ricerca\/","og_locale":"it_IT","og_type":"article","og_title":"Programma \"LIADO\" - atelier di arti visive e di ricerca - Citt\u00e0 di Fiume","og_description":"Il programma raduna alunni dalla quinta all&#8217;ottava classe delle scuole elementari con lo scopo di sviluppare e incoraggiare la creativit\u00e0 nei bambini. Per partecipare al programma Liado, gli alunni sono sottoposti ad un test che include la creativit\u00e0 generale, la creativit\u00e0 artistica, il disegno e la pittura. Guidati da un mentore, circondati da pennelli, colori...","og_url":"https:\/\/www.rijeka.hr\/it\/temi-per-i-cittadini\/educazione-e-istruzione\/scuole-elementari\/linsegnamento-nelle-scuole-elementari-e-arricchito-da-numerosi-programmi-e-progetti\/programma-liado-atelier-di-arti-visive-e-di-ricerca\/","og_site_name":"Citt\u00e0 di Fiume","article_modified_time":"2021-09-16T10:24:21+00:00","twitter_card":"summary_large_image","schema":{"@context":"https:\/\/schema.org","@graph":[{"@type":"WebPage","@id":"https:\/\/www.rijeka.hr\/it\/temi-per-i-cittadini\/educazione-e-istruzione\/scuole-elementari\/linsegnamento-nelle-scuole-elementari-e-arricchito-da-numerosi-programmi-e-progetti\/programma-liado-atelier-di-arti-visive-e-di-ricerca\/","url":"https:\/\/www.rijeka.hr\/it\/temi-per-i-cittadini\/educazione-e-istruzione\/scuole-elementari\/linsegnamento-nelle-scuole-elementari-e-arricchito-da-numerosi-programmi-e-progetti\/programma-liado-atelier-di-arti-visive-e-di-ricerca\/","name":"Programma \"LIADO\" - atelier di arti visive e di ricerca - Citt\u00e0 di Fiume","isPartOf":{"@id":"https:\/\/www.rijeka.hr\/it\/#website"},"datePublished":"2018-10-23T11:02:53+00:00","dateModified":"2021-09-16T10:24:21+00:00","breadcrumb":{"@id":"https:\/\/www.rijeka.hr\/it\/temi-per-i-cittadini\/educazione-e-istruzione\/scuole-elementari\/linsegnamento-nelle-scuole-elementari-e-arricchito-da-numerosi-programmi-e-progetti\/programma-liado-atelier-di-arti-visive-e-di-ricerca\/#breadcrumb"},"inLanguage":"it-IT","potentialAction":[{"@type":"ReadAction","target":["https:\/\/www.rijeka.hr\/it\/temi-per-i-cittadini\/educazione-e-istruzione\/scuole-elementari\/linsegnamento-nelle-scuole-elementari-e-arricchito-da-numerosi-programmi-e-progetti\/programma-liado-atelier-di-arti-visive-e-di-ricerca\/"]}]},{"@type":"BreadcrumbList","@id":"https:\/\/www.rijeka.hr\/it\/temi-per-i-cittadini\/educazione-e-istruzione\/scuole-elementari\/linsegnamento-nelle-scuole-elementari-e-arricchito-da-numerosi-programmi-e-progetti\/programma-liado-atelier-di-arti-visive-e-di-ricerca\/#breadcrumb","itemListElement":[{"@type":"ListItem","position":1,"name":"Po\u010detna stranica","item":"https:\/\/www.rijeka.hr\/it\/"},{"@type":"ListItem","position":2,"name":"Temi per i cittadini","item":"https:\/\/www.rijeka.hr\/it\/temi-per-i-cittadini\/"},{"@type":"ListItem","position":3,"name":"Educazione e istruzione","item":"https:\/\/www.rijeka.hr\/it\/temi-per-i-cittadini\/educazione-e-istruzione\/"},{"@type":"ListItem","position":4,"name":"Scuole elementari","item":"https:\/\/www.rijeka.hr\/it\/temi-per-i-cittadini\/educazione-e-istruzione\/scuole-elementari\/"},{"@type":"ListItem","position":5,"name":"Programmi e progetti attuati nelle scuole elementari","item":"https:\/\/www.rijeka.hr\/it\/temi-per-i-cittadini\/educazione-e-istruzione\/scuole-elementari\/linsegnamento-nelle-scuole-elementari-e-arricchito-da-numerosi-programmi-e-progetti\/"},{"@type":"ListItem","position":6,"name":"Programma &#8220;LIADO&#8221; &#8211; atelier di arti visive e di ricerca"}]},{"@type":"WebSite","@id":"https:\/\/www.rijeka.hr\/it\/#website","url":"https:\/\/www.rijeka.hr\/it\/","name":"Citt\u00e0 di Fiume","description":"Portale web della Citta&#039; di Fiume","potentialAction":[{"@type":"SearchAction","target":{"@type":"EntryPoint","urlTemplate":"https:\/\/www.rijeka.hr\/it\/?s={search_term_string}"},"query-input":{"@type":"PropertyValueSpecification","valueRequired":true,"valueName":"search_term_string"}}],"inLanguage":"it-IT"}]}},"_links":{"self":[{"href":"https:\/\/www.rijeka.hr\/it\/wp-json\/wp\/v2\/pages\/7398","targetHints":{"allow":["GET"]}}],"collection":[{"href":"https:\/\/www.rijeka.hr\/it\/wp-json\/wp\/v2\/pages"}],"about":[{"href":"https:\/\/www.rijeka.hr\/it\/wp-json\/wp\/v2\/types\/page"}],"author":[{"embeddable":true,"href":"https:\/\/www.rijeka.hr\/it\/wp-json\/wp\/v2\/users\/6"}],"replies":[{"embeddable":true,"href":"https:\/\/www.rijeka.hr\/it\/wp-json\/wp\/v2\/comments?post=7398"}],"version-history":[{"count":5,"href":"https:\/\/www.rijeka.hr\/it\/wp-json\/wp\/v2\/pages\/7398\/revisions"}],"predecessor-version":[{"id":7401,"href":"https:\/\/www.rijeka.hr\/it\/wp-json\/wp\/v2\/pages\/7398\/revisions\/7401"}],"up":[{"embeddable":true,"href":"https:\/\/www.rijeka.hr\/it\/wp-json\/wp\/v2\/pages\/7505"}],"wp:attachment":[{"href":"https:\/\/www.rijeka.hr\/it\/wp-json\/wp\/v2\/media?parent=7398"}],"wp:term":[{"taxonomy":"post_tag","embeddable":true,"href":"https:\/\/www.rijeka.hr\/it\/wp-json\/wp\/v2\/tags?post=7398"}],"curies":[{"name":"wp","href":"https:\/\/api.w.org\/{rel}","templated":true}]}}