{"id":7462,"date":"2018-10-30T14:27:31","date_gmt":"2018-10-30T13:27:31","guid":{"rendered":"https:\/\/www.rijeka.hr\/it\/?page_id=7462"},"modified":"2018-11-07T09:54:52","modified_gmt":"2018-11-07T08:54:52","slug":"rassegne-dei-progetti-che-rientrano-nella-materia-di-educazione-civica","status":"publish","type":"page","link":"https:\/\/www.rijeka.hr\/it\/temi-per-i-cittadini\/educazione-e-istruzione\/scuole-elementari\/linsegnamento-nelle-scuole-elementari-e-arricchito-da-numerosi-programmi-e-progetti\/rassegne-dei-progetti-che-rientrano-nella-materia-di-educazione-civica\/","title":{"rendered":"Rassegne dei progetti che rientrano nella materia di educazione civica"},"content":{"rendered":"<p>L&#8217;Agenzia per l&#8217;istruzione e per la formazione degli insegnanti con il sostegno della Citt\u00e0 di Fiume organizza la rassegna dei progetti che vengono attuati, nell&#8217;ambito del Programma nazionale di educazione ai diritti umani, come parte obbligatoria del sistema educativo, negli asili d&#8217;infanzia e nelle scuole elementari. Il loro obiettivo \u00e8 quello di consentire ai bambini in et\u00e0 prescolare e agli studenti delle scuole elementari e delle scuole medie superiori l&#8217;acquisizione di competenze civiche e altre competenze chiave per l&#8217;apprendimento permanente.<\/p>\n<p>Il programma nazionale per l&#8217;educazione ai diritti umani \u00e8 stato adottato dal governo della Repubblica di Croazia verso la fine del 1999. Da allora, \u00e8 diventato una parte obbligatoria dell&#8217;attivit\u00e0 educativa nell\u2019ambito del sistema educativo. Il suo scopo \u00e8 quello di introdurre ai bambini, ai giovani e agli adulti i valori chiave della societ\u00e0 civile, nonch\u00e9 lo sviluppo di quelle abilit\u00e0 intellettuali e sociali che sono indispensabili per un&#8217;efficace partecipazione all&#8217;evoluzione democratica della societ\u00e0 croata.<\/p>\n","protected":false},"excerpt":{"rendered":"<p>L&#8217;Agenzia per l&#8217;istruzione e per la formazione degli insegnanti con il sostegno della Citt\u00e0 di Fiume organizza la rassegna dei progetti che vengono attuati, nell&#8217;ambito del Programma nazionale di educazione ai diritti umani, come parte obbligatoria del sistema educativo, negli asili d&#8217;infanzia e nelle scuole elementari. Il loro obiettivo \u00e8 quello di consentire ai bambini&#8230;<\/p>\n","protected":false},"author":6,"featured_media":0,"parent":7505,"menu_order":80,"comment_status":"closed","ping_status":"closed","template":"","meta":{"_acf_changed":false,"_trash_the_other_posts":false,"footnotes":"","_links_to":"","_links_to_target":""},"tags":[],"class_list":["post-7462","page","type-page","status-publish","hentry"],"acf":[],"yoast_head":"<!-- This site is optimized with the Yoast SEO plugin v24.4 - https:\/\/yoast.com\/wordpress\/plugins\/seo\/ -->\n<title>Rassegne dei progetti che rientrano nella materia di educazione civica - Citt\u00e0 di Fiume<\/title>\n<meta name=\"robots\" content=\"index, follow, max-snippet:-1, max-image-preview:large, max-video-preview:-1\" \/>\n<link rel=\"canonical\" href=\"https:\/\/www.rijeka.hr\/it\/temi-per-i-cittadini\/educazione-e-istruzione\/scuole-elementari\/linsegnamento-nelle-scuole-elementari-e-arricchito-da-numerosi-programmi-e-progetti\/rassegne-dei-progetti-che-rientrano-nella-materia-di-educazione-civica\/\" \/>\n<meta property=\"og:locale\" content=\"it_IT\" \/>\n<meta property=\"og:type\" content=\"article\" \/>\n<meta property=\"og:title\" content=\"Rassegne dei progetti che rientrano nella materia di educazione civica - Citt\u00e0 di Fiume\" \/>\n<meta property=\"og:description\" content=\"L&#8217;Agenzia per l&#8217;istruzione e per la formazione degli insegnanti con il sostegno della Citt\u00e0 di Fiume organizza la rassegna dei progetti che vengono attuati, nell&#8217;ambito del Programma nazionale di educazione ai diritti umani, come parte obbligatoria del sistema educativo, negli asili d&#8217;infanzia e nelle scuole elementari. Il loro obiettivo \u00e8 quello di consentire ai bambini...\" \/>\n<meta property=\"og:url\" content=\"https:\/\/www.rijeka.hr\/it\/temi-per-i-cittadini\/educazione-e-istruzione\/scuole-elementari\/linsegnamento-nelle-scuole-elementari-e-arricchito-da-numerosi-programmi-e-progetti\/rassegne-dei-progetti-che-rientrano-nella-materia-di-educazione-civica\/\" \/>\n<meta property=\"og:site_name\" content=\"Citt\u00e0 di Fiume\" \/>\n<meta property=\"article:modified_time\" content=\"2018-11-07T08:54:52+00:00\" \/>\n<meta name=\"twitter:card\" content=\"summary_large_image\" \/>\n<meta name=\"twitter:label1\" content=\"Est. reading time\" \/>\n\t<meta name=\"twitter:data1\" content=\"1 minute\" \/>\n<script type=\"application\/ld+json\" class=\"yoast-schema-graph\">{\"@context\":\"https:\/\/schema.org\",\"@graph\":[{\"@type\":\"WebPage\",\"@id\":\"https:\/\/www.rijeka.hr\/it\/temi-per-i-cittadini\/educazione-e-istruzione\/scuole-elementari\/linsegnamento-nelle-scuole-elementari-e-arricchito-da-numerosi-programmi-e-progetti\/rassegne-dei-progetti-che-rientrano-nella-materia-di-educazione-civica\/\",\"url\":\"https:\/\/www.rijeka.hr\/it\/temi-per-i-cittadini\/educazione-e-istruzione\/scuole-elementari\/linsegnamento-nelle-scuole-elementari-e-arricchito-da-numerosi-programmi-e-progetti\/rassegne-dei-progetti-che-rientrano-nella-materia-di-educazione-civica\/\",\"name\":\"Rassegne dei progetti che rientrano nella materia di educazione civica - Citt\u00e0 di Fiume\",\"isPartOf\":{\"@id\":\"https:\/\/www.rijeka.hr\/it\/#website\"},\"datePublished\":\"2018-10-30T13:27:31+00:00\",\"dateModified\":\"2018-11-07T08:54:52+00:00\",\"breadcrumb\":{\"@id\":\"https:\/\/www.rijeka.hr\/it\/temi-per-i-cittadini\/educazione-e-istruzione\/scuole-elementari\/linsegnamento-nelle-scuole-elementari-e-arricchito-da-numerosi-programmi-e-progetti\/rassegne-dei-progetti-che-rientrano-nella-materia-di-educazione-civica\/#breadcrumb\"},\"inLanguage\":\"it-IT\",\"potentialAction\":[{\"@type\":\"ReadAction\",\"target\":[\"https:\/\/www.rijeka.hr\/it\/temi-per-i-cittadini\/educazione-e-istruzione\/scuole-elementari\/linsegnamento-nelle-scuole-elementari-e-arricchito-da-numerosi-programmi-e-progetti\/rassegne-dei-progetti-che-rientrano-nella-materia-di-educazione-civica\/\"]}]},{\"@type\":\"BreadcrumbList\",\"@id\":\"https:\/\/www.rijeka.hr\/it\/temi-per-i-cittadini\/educazione-e-istruzione\/scuole-elementari\/linsegnamento-nelle-scuole-elementari-e-arricchito-da-numerosi-programmi-e-progetti\/rassegne-dei-progetti-che-rientrano-nella-materia-di-educazione-civica\/#breadcrumb\",\"itemListElement\":[{\"@type\":\"ListItem\",\"position\":1,\"name\":\"Po\u010detna stranica\",\"item\":\"https:\/\/www.rijeka.hr\/it\/\"},{\"@type\":\"ListItem\",\"position\":2,\"name\":\"Temi per i cittadini\",\"item\":\"https:\/\/www.rijeka.hr\/it\/temi-per-i-cittadini\/\"},{\"@type\":\"ListItem\",\"position\":3,\"name\":\"Educazione e istruzione\",\"item\":\"https:\/\/www.rijeka.hr\/it\/temi-per-i-cittadini\/educazione-e-istruzione\/\"},{\"@type\":\"ListItem\",\"position\":4,\"name\":\"Scuole elementari\",\"item\":\"https:\/\/www.rijeka.hr\/it\/temi-per-i-cittadini\/educazione-e-istruzione\/scuole-elementari\/\"},{\"@type\":\"ListItem\",\"position\":5,\"name\":\"Programmi e progetti attuati nelle scuole elementari\",\"item\":\"https:\/\/www.rijeka.hr\/it\/temi-per-i-cittadini\/educazione-e-istruzione\/scuole-elementari\/linsegnamento-nelle-scuole-elementari-e-arricchito-da-numerosi-programmi-e-progetti\/\"},{\"@type\":\"ListItem\",\"position\":6,\"name\":\"Rassegne dei progetti che rientrano nella materia di educazione civica\"}]},{\"@type\":\"WebSite\",\"@id\":\"https:\/\/www.rijeka.hr\/it\/#website\",\"url\":\"https:\/\/www.rijeka.hr\/it\/\",\"name\":\"Citt\u00e0 di Fiume\",\"description\":\"Portale web della Citta&#039; di Fiume\",\"potentialAction\":[{\"@type\":\"SearchAction\",\"target\":{\"@type\":\"EntryPoint\",\"urlTemplate\":\"https:\/\/www.rijeka.hr\/it\/?s={search_term_string}\"},\"query-input\":{\"@type\":\"PropertyValueSpecification\",\"valueRequired\":true,\"valueName\":\"search_term_string\"}}],\"inLanguage\":\"it-IT\"}]}<\/script>\n<!-- \/ Yoast SEO plugin. -->","yoast_head_json":{"title":"Rassegne dei progetti che rientrano nella materia di educazione civica - Citt\u00e0 di Fiume","robots":{"index":"index","follow":"follow","max-snippet":"max-snippet:-1","max-image-preview":"max-image-preview:large","max-video-preview":"max-video-preview:-1"},"canonical":"https:\/\/www.rijeka.hr\/it\/temi-per-i-cittadini\/educazione-e-istruzione\/scuole-elementari\/linsegnamento-nelle-scuole-elementari-e-arricchito-da-numerosi-programmi-e-progetti\/rassegne-dei-progetti-che-rientrano-nella-materia-di-educazione-civica\/","og_locale":"it_IT","og_type":"article","og_title":"Rassegne dei progetti che rientrano nella materia di educazione civica - Citt\u00e0 di Fiume","og_description":"L&#8217;Agenzia per l&#8217;istruzione e per la formazione degli insegnanti con il sostegno della Citt\u00e0 di Fiume organizza la rassegna dei progetti che vengono attuati, nell&#8217;ambito del Programma nazionale di educazione ai diritti umani, come parte obbligatoria del sistema educativo, negli asili d&#8217;infanzia e nelle scuole elementari. Il loro obiettivo \u00e8 quello di consentire ai bambini...","og_url":"https:\/\/www.rijeka.hr\/it\/temi-per-i-cittadini\/educazione-e-istruzione\/scuole-elementari\/linsegnamento-nelle-scuole-elementari-e-arricchito-da-numerosi-programmi-e-progetti\/rassegne-dei-progetti-che-rientrano-nella-materia-di-educazione-civica\/","og_site_name":"Citt\u00e0 di Fiume","article_modified_time":"2018-11-07T08:54:52+00:00","twitter_card":"summary_large_image","twitter_misc":{"Est. reading time":"1 minute"},"schema":{"@context":"https:\/\/schema.org","@graph":[{"@type":"WebPage","@id":"https:\/\/www.rijeka.hr\/it\/temi-per-i-cittadini\/educazione-e-istruzione\/scuole-elementari\/linsegnamento-nelle-scuole-elementari-e-arricchito-da-numerosi-programmi-e-progetti\/rassegne-dei-progetti-che-rientrano-nella-materia-di-educazione-civica\/","url":"https:\/\/www.rijeka.hr\/it\/temi-per-i-cittadini\/educazione-e-istruzione\/scuole-elementari\/linsegnamento-nelle-scuole-elementari-e-arricchito-da-numerosi-programmi-e-progetti\/rassegne-dei-progetti-che-rientrano-nella-materia-di-educazione-civica\/","name":"Rassegne dei progetti che rientrano nella materia di educazione civica - Citt\u00e0 di Fiume","isPartOf":{"@id":"https:\/\/www.rijeka.hr\/it\/#website"},"datePublished":"2018-10-30T13:27:31+00:00","dateModified":"2018-11-07T08:54:52+00:00","breadcrumb":{"@id":"https:\/\/www.rijeka.hr\/it\/temi-per-i-cittadini\/educazione-e-istruzione\/scuole-elementari\/linsegnamento-nelle-scuole-elementari-e-arricchito-da-numerosi-programmi-e-progetti\/rassegne-dei-progetti-che-rientrano-nella-materia-di-educazione-civica\/#breadcrumb"},"inLanguage":"it-IT","potentialAction":[{"@type":"ReadAction","target":["https:\/\/www.rijeka.hr\/it\/temi-per-i-cittadini\/educazione-e-istruzione\/scuole-elementari\/linsegnamento-nelle-scuole-elementari-e-arricchito-da-numerosi-programmi-e-progetti\/rassegne-dei-progetti-che-rientrano-nella-materia-di-educazione-civica\/"]}]},{"@type":"BreadcrumbList","@id":"https:\/\/www.rijeka.hr\/it\/temi-per-i-cittadini\/educazione-e-istruzione\/scuole-elementari\/linsegnamento-nelle-scuole-elementari-e-arricchito-da-numerosi-programmi-e-progetti\/rassegne-dei-progetti-che-rientrano-nella-materia-di-educazione-civica\/#breadcrumb","itemListElement":[{"@type":"ListItem","position":1,"name":"Po\u010detna stranica","item":"https:\/\/www.rijeka.hr\/it\/"},{"@type":"ListItem","position":2,"name":"Temi per i cittadini","item":"https:\/\/www.rijeka.hr\/it\/temi-per-i-cittadini\/"},{"@type":"ListItem","position":3,"name":"Educazione e istruzione","item":"https:\/\/www.rijeka.hr\/it\/temi-per-i-cittadini\/educazione-e-istruzione\/"},{"@type":"ListItem","position":4,"name":"Scuole elementari","item":"https:\/\/www.rijeka.hr\/it\/temi-per-i-cittadini\/educazione-e-istruzione\/scuole-elementari\/"},{"@type":"ListItem","position":5,"name":"Programmi e progetti attuati nelle scuole elementari","item":"https:\/\/www.rijeka.hr\/it\/temi-per-i-cittadini\/educazione-e-istruzione\/scuole-elementari\/linsegnamento-nelle-scuole-elementari-e-arricchito-da-numerosi-programmi-e-progetti\/"},{"@type":"ListItem","position":6,"name":"Rassegne dei progetti che rientrano nella materia di educazione civica"}]},{"@type":"WebSite","@id":"https:\/\/www.rijeka.hr\/it\/#website","url":"https:\/\/www.rijeka.hr\/it\/","name":"Citt\u00e0 di Fiume","description":"Portale web della Citta&#039; di Fiume","potentialAction":[{"@type":"SearchAction","target":{"@type":"EntryPoint","urlTemplate":"https:\/\/www.rijeka.hr\/it\/?s={search_term_string}"},"query-input":{"@type":"PropertyValueSpecification","valueRequired":true,"valueName":"search_term_string"}}],"inLanguage":"it-IT"}]}},"_links":{"self":[{"href":"https:\/\/www.rijeka.hr\/it\/wp-json\/wp\/v2\/pages\/7462","targetHints":{"allow":["GET"]}}],"collection":[{"href":"https:\/\/www.rijeka.hr\/it\/wp-json\/wp\/v2\/pages"}],"about":[{"href":"https:\/\/www.rijeka.hr\/it\/wp-json\/wp\/v2\/types\/page"}],"author":[{"embeddable":true,"href":"https:\/\/www.rijeka.hr\/it\/wp-json\/wp\/v2\/users\/6"}],"replies":[{"embeddable":true,"href":"https:\/\/www.rijeka.hr\/it\/wp-json\/wp\/v2\/comments?post=7462"}],"version-history":[{"count":5,"href":"https:\/\/www.rijeka.hr\/it\/wp-json\/wp\/v2\/pages\/7462\/revisions"}],"predecessor-version":[{"id":7468,"href":"https:\/\/www.rijeka.hr\/it\/wp-json\/wp\/v2\/pages\/7462\/revisions\/7468"}],"up":[{"embeddable":true,"href":"https:\/\/www.rijeka.hr\/it\/wp-json\/wp\/v2\/pages\/7505"}],"wp:attachment":[{"href":"https:\/\/www.rijeka.hr\/it\/wp-json\/wp\/v2\/media?parent=7462"}],"wp:term":[{"taxonomy":"post_tag","embeddable":true,"href":"https:\/\/www.rijeka.hr\/it\/wp-json\/wp\/v2\/tags?post=7462"}],"curies":[{"name":"wp","href":"https:\/\/api.w.org\/{rel}","templated":true}]}}