{"id":7527,"date":"2018-11-08T14:28:30","date_gmt":"2018-11-08T13:28:30","guid":{"rendered":"https:\/\/www.rijeka.hr\/it\/?page_id=7527"},"modified":"2021-09-15T09:06:30","modified_gmt":"2021-09-15T07:06:30","slug":"piccola-scuola-della-sana-alimentazione","status":"publish","type":"page","link":"https:\/\/www.rijeka.hr\/it\/temi-per-i-cittadini\/educazione-e-istruzione\/scuole-elementari\/linsegnamento-nelle-scuole-elementari-e-arricchito-da-numerosi-programmi-e-progetti\/piccola-scuola-della-sana-alimentazione\/","title":{"rendered":"Piccola scuola della sana alimentazione"},"content":{"rendered":"<p>Il programma &#8220;Piccola scuola della sana alimentazione&#8221; \u00e8 stato creato con l&#8217;obiettivo di migliorare l&#8217;alimentazione dei bambini in et\u00e0 scolare, con l\u2019adozione delle corrette abitudini alimentari e la preservazione della salute introducendo pasti sani nei pasti scolastici organizzati e con l\u2019educazione dei bambini e dei loro insegnanti. L&#8217;attuazione di questo programma contribuisce alla conservazione e al miglioramento della salute dei bambini in et\u00e0 scolare acquisendo le conoscenze necessarie in materia di alimentazione e adottando metodi e modi comportamentali per uno stile di vita sano.<\/p>\n<p>In collaborazione con l&#8217;Istituto educativo per la salute pubblica e la Citt\u00e0 di Fiume, l&#8217;implementazione del progetto \u00e8 stata avviata nel secondo periodo scolastico dell&#8217;anno scolastico 2015\/2016 nelle quinte classi in dieci scuole elementari di Fiume, mentre nell&#8217;anno scolastico 2016\/2017 tutte le altre scuole elementari si sono incluse nel progetto.<\/p>\n","protected":false},"excerpt":{"rendered":"<p>Il programma &#8220;Piccola scuola della sana alimentazione&#8221; \u00e8 stato creato con l&#8217;obiettivo di migliorare l&#8217;alimentazione dei bambini in et\u00e0 scolare, con l\u2019adozione delle corrette abitudini alimentari e la preservazione della salute introducendo pasti sani nei pasti scolastici organizzati e con l\u2019educazione dei bambini e dei loro insegnanti. L&#8217;attuazione di questo programma contribuisce alla conservazione e&#8230;<\/p>\n","protected":false},"author":3,"featured_media":0,"parent":7505,"menu_order":0,"comment_status":"closed","ping_status":"closed","template":"","meta":{"_acf_changed":false,"_trash_the_other_posts":false,"footnotes":"","_links_to":"","_links_to_target":""},"tags":[],"class_list":["post-7527","page","type-page","status-publish","hentry"],"acf":[],"yoast_head":"<!-- This site is optimized with the Yoast SEO plugin v24.4 - https:\/\/yoast.com\/wordpress\/plugins\/seo\/ -->\n<title>Piccola scuola della sana alimentazione - Citt\u00e0 di Fiume<\/title>\n<meta name=\"robots\" content=\"index, follow, max-snippet:-1, max-image-preview:large, max-video-preview:-1\" \/>\n<link rel=\"canonical\" href=\"https:\/\/www.rijeka.hr\/it\/temi-per-i-cittadini\/educazione-e-istruzione\/scuole-elementari\/linsegnamento-nelle-scuole-elementari-e-arricchito-da-numerosi-programmi-e-progetti\/piccola-scuola-della-sana-alimentazione\/\" \/>\n<meta property=\"og:locale\" content=\"it_IT\" \/>\n<meta property=\"og:type\" content=\"article\" \/>\n<meta property=\"og:title\" content=\"Piccola scuola della sana alimentazione - Citt\u00e0 di Fiume\" \/>\n<meta property=\"og:description\" content=\"Il programma &#8220;Piccola scuola della sana alimentazione&#8221; \u00e8 stato creato con l&#8217;obiettivo di migliorare l&#8217;alimentazione dei bambini in et\u00e0 scolare, con l\u2019adozione delle corrette abitudini alimentari e la preservazione della salute introducendo pasti sani nei pasti scolastici organizzati e con l\u2019educazione dei bambini e dei loro insegnanti. L&#8217;attuazione di questo programma contribuisce alla conservazione e...\" \/>\n<meta property=\"og:url\" content=\"https:\/\/www.rijeka.hr\/it\/temi-per-i-cittadini\/educazione-e-istruzione\/scuole-elementari\/linsegnamento-nelle-scuole-elementari-e-arricchito-da-numerosi-programmi-e-progetti\/piccola-scuola-della-sana-alimentazione\/\" \/>\n<meta property=\"og:site_name\" content=\"Citt\u00e0 di Fiume\" \/>\n<meta property=\"article:modified_time\" content=\"2021-09-15T07:06:30+00:00\" \/>\n<meta name=\"twitter:card\" content=\"summary_large_image\" \/>\n<meta name=\"twitter:label1\" content=\"Est. reading time\" \/>\n\t<meta name=\"twitter:data1\" content=\"1 minute\" \/>\n<script type=\"application\/ld+json\" class=\"yoast-schema-graph\">{\"@context\":\"https:\/\/schema.org\",\"@graph\":[{\"@type\":\"WebPage\",\"@id\":\"https:\/\/www.rijeka.hr\/it\/temi-per-i-cittadini\/educazione-e-istruzione\/scuole-elementari\/linsegnamento-nelle-scuole-elementari-e-arricchito-da-numerosi-programmi-e-progetti\/piccola-scuola-della-sana-alimentazione\/\",\"url\":\"https:\/\/www.rijeka.hr\/it\/temi-per-i-cittadini\/educazione-e-istruzione\/scuole-elementari\/linsegnamento-nelle-scuole-elementari-e-arricchito-da-numerosi-programmi-e-progetti\/piccola-scuola-della-sana-alimentazione\/\",\"name\":\"Piccola scuola della sana alimentazione - Citt\u00e0 di Fiume\",\"isPartOf\":{\"@id\":\"https:\/\/www.rijeka.hr\/it\/#website\"},\"datePublished\":\"2018-11-08T13:28:30+00:00\",\"dateModified\":\"2021-09-15T07:06:30+00:00\",\"breadcrumb\":{\"@id\":\"https:\/\/www.rijeka.hr\/it\/temi-per-i-cittadini\/educazione-e-istruzione\/scuole-elementari\/linsegnamento-nelle-scuole-elementari-e-arricchito-da-numerosi-programmi-e-progetti\/piccola-scuola-della-sana-alimentazione\/#breadcrumb\"},\"inLanguage\":\"it-IT\",\"potentialAction\":[{\"@type\":\"ReadAction\",\"target\":[\"https:\/\/www.rijeka.hr\/it\/temi-per-i-cittadini\/educazione-e-istruzione\/scuole-elementari\/linsegnamento-nelle-scuole-elementari-e-arricchito-da-numerosi-programmi-e-progetti\/piccola-scuola-della-sana-alimentazione\/\"]}]},{\"@type\":\"BreadcrumbList\",\"@id\":\"https:\/\/www.rijeka.hr\/it\/temi-per-i-cittadini\/educazione-e-istruzione\/scuole-elementari\/linsegnamento-nelle-scuole-elementari-e-arricchito-da-numerosi-programmi-e-progetti\/piccola-scuola-della-sana-alimentazione\/#breadcrumb\",\"itemListElement\":[{\"@type\":\"ListItem\",\"position\":1,\"name\":\"Po\u010detna stranica\",\"item\":\"https:\/\/www.rijeka.hr\/it\/\"},{\"@type\":\"ListItem\",\"position\":2,\"name\":\"Temi per i cittadini\",\"item\":\"https:\/\/www.rijeka.hr\/it\/temi-per-i-cittadini\/\"},{\"@type\":\"ListItem\",\"position\":3,\"name\":\"Educazione e istruzione\",\"item\":\"https:\/\/www.rijeka.hr\/it\/temi-per-i-cittadini\/educazione-e-istruzione\/\"},{\"@type\":\"ListItem\",\"position\":4,\"name\":\"Scuole elementari\",\"item\":\"https:\/\/www.rijeka.hr\/it\/temi-per-i-cittadini\/educazione-e-istruzione\/scuole-elementari\/\"},{\"@type\":\"ListItem\",\"position\":5,\"name\":\"Programmi e progetti attuati nelle scuole elementari\",\"item\":\"https:\/\/www.rijeka.hr\/it\/temi-per-i-cittadini\/educazione-e-istruzione\/scuole-elementari\/linsegnamento-nelle-scuole-elementari-e-arricchito-da-numerosi-programmi-e-progetti\/\"},{\"@type\":\"ListItem\",\"position\":6,\"name\":\"Piccola scuola della sana alimentazione\"}]},{\"@type\":\"WebSite\",\"@id\":\"https:\/\/www.rijeka.hr\/it\/#website\",\"url\":\"https:\/\/www.rijeka.hr\/it\/\",\"name\":\"Citt\u00e0 di Fiume\",\"description\":\"Portale web della Citta&#039; di Fiume\",\"potentialAction\":[{\"@type\":\"SearchAction\",\"target\":{\"@type\":\"EntryPoint\",\"urlTemplate\":\"https:\/\/www.rijeka.hr\/it\/?s={search_term_string}\"},\"query-input\":{\"@type\":\"PropertyValueSpecification\",\"valueRequired\":true,\"valueName\":\"search_term_string\"}}],\"inLanguage\":\"it-IT\"}]}<\/script>\n<!-- \/ Yoast SEO plugin. -->","yoast_head_json":{"title":"Piccola scuola della sana alimentazione - Citt\u00e0 di Fiume","robots":{"index":"index","follow":"follow","max-snippet":"max-snippet:-1","max-image-preview":"max-image-preview:large","max-video-preview":"max-video-preview:-1"},"canonical":"https:\/\/www.rijeka.hr\/it\/temi-per-i-cittadini\/educazione-e-istruzione\/scuole-elementari\/linsegnamento-nelle-scuole-elementari-e-arricchito-da-numerosi-programmi-e-progetti\/piccola-scuola-della-sana-alimentazione\/","og_locale":"it_IT","og_type":"article","og_title":"Piccola scuola della sana alimentazione - Citt\u00e0 di Fiume","og_description":"Il programma &#8220;Piccola scuola della sana alimentazione&#8221; \u00e8 stato creato con l&#8217;obiettivo di migliorare l&#8217;alimentazione dei bambini in et\u00e0 scolare, con l\u2019adozione delle corrette abitudini alimentari e la preservazione della salute introducendo pasti sani nei pasti scolastici organizzati e con l\u2019educazione dei bambini e dei loro insegnanti. L&#8217;attuazione di questo programma contribuisce alla conservazione e...","og_url":"https:\/\/www.rijeka.hr\/it\/temi-per-i-cittadini\/educazione-e-istruzione\/scuole-elementari\/linsegnamento-nelle-scuole-elementari-e-arricchito-da-numerosi-programmi-e-progetti\/piccola-scuola-della-sana-alimentazione\/","og_site_name":"Citt\u00e0 di Fiume","article_modified_time":"2021-09-15T07:06:30+00:00","twitter_card":"summary_large_image","twitter_misc":{"Est. reading time":"1 minute"},"schema":{"@context":"https:\/\/schema.org","@graph":[{"@type":"WebPage","@id":"https:\/\/www.rijeka.hr\/it\/temi-per-i-cittadini\/educazione-e-istruzione\/scuole-elementari\/linsegnamento-nelle-scuole-elementari-e-arricchito-da-numerosi-programmi-e-progetti\/piccola-scuola-della-sana-alimentazione\/","url":"https:\/\/www.rijeka.hr\/it\/temi-per-i-cittadini\/educazione-e-istruzione\/scuole-elementari\/linsegnamento-nelle-scuole-elementari-e-arricchito-da-numerosi-programmi-e-progetti\/piccola-scuola-della-sana-alimentazione\/","name":"Piccola scuola della sana alimentazione - Citt\u00e0 di Fiume","isPartOf":{"@id":"https:\/\/www.rijeka.hr\/it\/#website"},"datePublished":"2018-11-08T13:28:30+00:00","dateModified":"2021-09-15T07:06:30+00:00","breadcrumb":{"@id":"https:\/\/www.rijeka.hr\/it\/temi-per-i-cittadini\/educazione-e-istruzione\/scuole-elementari\/linsegnamento-nelle-scuole-elementari-e-arricchito-da-numerosi-programmi-e-progetti\/piccola-scuola-della-sana-alimentazione\/#breadcrumb"},"inLanguage":"it-IT","potentialAction":[{"@type":"ReadAction","target":["https:\/\/www.rijeka.hr\/it\/temi-per-i-cittadini\/educazione-e-istruzione\/scuole-elementari\/linsegnamento-nelle-scuole-elementari-e-arricchito-da-numerosi-programmi-e-progetti\/piccola-scuola-della-sana-alimentazione\/"]}]},{"@type":"BreadcrumbList","@id":"https:\/\/www.rijeka.hr\/it\/temi-per-i-cittadini\/educazione-e-istruzione\/scuole-elementari\/linsegnamento-nelle-scuole-elementari-e-arricchito-da-numerosi-programmi-e-progetti\/piccola-scuola-della-sana-alimentazione\/#breadcrumb","itemListElement":[{"@type":"ListItem","position":1,"name":"Po\u010detna stranica","item":"https:\/\/www.rijeka.hr\/it\/"},{"@type":"ListItem","position":2,"name":"Temi per i cittadini","item":"https:\/\/www.rijeka.hr\/it\/temi-per-i-cittadini\/"},{"@type":"ListItem","position":3,"name":"Educazione e istruzione","item":"https:\/\/www.rijeka.hr\/it\/temi-per-i-cittadini\/educazione-e-istruzione\/"},{"@type":"ListItem","position":4,"name":"Scuole elementari","item":"https:\/\/www.rijeka.hr\/it\/temi-per-i-cittadini\/educazione-e-istruzione\/scuole-elementari\/"},{"@type":"ListItem","position":5,"name":"Programmi e progetti attuati nelle scuole elementari","item":"https:\/\/www.rijeka.hr\/it\/temi-per-i-cittadini\/educazione-e-istruzione\/scuole-elementari\/linsegnamento-nelle-scuole-elementari-e-arricchito-da-numerosi-programmi-e-progetti\/"},{"@type":"ListItem","position":6,"name":"Piccola scuola della sana alimentazione"}]},{"@type":"WebSite","@id":"https:\/\/www.rijeka.hr\/it\/#website","url":"https:\/\/www.rijeka.hr\/it\/","name":"Citt\u00e0 di Fiume","description":"Portale web della Citta&#039; di Fiume","potentialAction":[{"@type":"SearchAction","target":{"@type":"EntryPoint","urlTemplate":"https:\/\/www.rijeka.hr\/it\/?s={search_term_string}"},"query-input":{"@type":"PropertyValueSpecification","valueRequired":true,"valueName":"search_term_string"}}],"inLanguage":"it-IT"}]}},"_links":{"self":[{"href":"https:\/\/www.rijeka.hr\/it\/wp-json\/wp\/v2\/pages\/7527","targetHints":{"allow":["GET"]}}],"collection":[{"href":"https:\/\/www.rijeka.hr\/it\/wp-json\/wp\/v2\/pages"}],"about":[{"href":"https:\/\/www.rijeka.hr\/it\/wp-json\/wp\/v2\/types\/page"}],"author":[{"embeddable":true,"href":"https:\/\/www.rijeka.hr\/it\/wp-json\/wp\/v2\/users\/3"}],"replies":[{"embeddable":true,"href":"https:\/\/www.rijeka.hr\/it\/wp-json\/wp\/v2\/comments?post=7527"}],"version-history":[{"count":4,"href":"https:\/\/www.rijeka.hr\/it\/wp-json\/wp\/v2\/pages\/7527\/revisions"}],"predecessor-version":[{"id":7531,"href":"https:\/\/www.rijeka.hr\/it\/wp-json\/wp\/v2\/pages\/7527\/revisions\/7531"}],"up":[{"embeddable":true,"href":"https:\/\/www.rijeka.hr\/it\/wp-json\/wp\/v2\/pages\/7505"}],"wp:attachment":[{"href":"https:\/\/www.rijeka.hr\/it\/wp-json\/wp\/v2\/media?parent=7527"}],"wp:term":[{"taxonomy":"post_tag","embeddable":true,"href":"https:\/\/www.rijeka.hr\/it\/wp-json\/wp\/v2\/tags?post=7527"}],"curies":[{"name":"wp","href":"https:\/\/api.w.org\/{rel}","templated":true}]}}