{"id":7594,"date":"2018-11-19T14:23:14","date_gmt":"2018-11-19T13:23:14","guid":{"rendered":"https:\/\/www.rijeka.hr\/it\/?page_id=7594"},"modified":"2020-07-27T09:38:22","modified_gmt":"2020-07-27T07:38:22","slug":"dallidea-alla-realizzazione","status":"publish","type":"page","link":"https:\/\/www.rijeka.hr\/it\/temi-per-i-cittadini\/affari-e-investimenti\/diventa-imprenditore\/inizio-dei-propri-affari\/dallidea-alla-realizzazione\/","title":{"rendered":"Dall&#8217;idea alla realizzazione"},"content":{"rendered":"<p>\u00c8 un lungo percorso da un&#8217;idea imprenditoriale fino alla sua realizzazione e quindi anche una grande sfida per tutti coloro che intendono diventare imprenditori. Una buona idea imprenditoriale \u00e8 una combinazione di interessi e competenze dei dipendenti futuri, non richiede un elevato investimento iniziale n\u00e9 l&#8217;assunzione di molti dipendenti durante il primo anno di attivit\u00e0, \u00e8 rivolta al mercato in cui esiste la domanda e ha il suo riconoscibile vantaggio competitivo.<\/p>\n<p>Il passo successivo consiste nell&#8217;elaborazione e nello sviluppo di un piano aziendale e infine nell&#8217;apertura della propria attivit\u00e0. Ci sono diversi tipi di aziende a disposizione dell&#8217;imprenditore che possono essere istituite, dopo questa decisione segue il processo di registrazione.<\/p>\n<p>Per ottenere assistenza e informazioni sull&#8217;apertura e l&#8217;avvio delle attivit\u00e0 aziendali, le parti interessate possono contattare il Cento imprenditoriale informativo. Se vogliono una stima della loro idea imprenditoriale e assistenza nella preparazione dei loro piani aziendali, gli imprenditori possono contattare i professionisti <a href=\"http:\/\/www.porin.hr\/\">dell&#8217;Agenzia di sviluppo regionale PORIN<\/a>.<\/p>\n","protected":false},"excerpt":{"rendered":"<p>\u00c8 un lungo percorso da un&#8217;idea imprenditoriale fino alla sua realizzazione e quindi anche una grande sfida per tutti coloro che intendono diventare imprenditori. Una buona idea imprenditoriale \u00e8 una combinazione di interessi e competenze dei dipendenti futuri, non richiede un elevato investimento iniziale n\u00e9 l&#8217;assunzione di molti dipendenti durante il primo anno di attivit\u00e0,&#8230;<\/p>\n","protected":false},"author":4,"featured_media":0,"parent":7858,"menu_order":0,"comment_status":"closed","ping_status":"closed","template":"","meta":{"_acf_changed":false,"_trash_the_other_posts":false,"footnotes":"","_links_to":"","_links_to_target":""},"tags":[],"class_list":["post-7594","page","type-page","status-publish","hentry"],"acf":[],"yoast_head":"<!-- This site is optimized with the Yoast SEO plugin v24.4 - https:\/\/yoast.com\/wordpress\/plugins\/seo\/ -->\n<title>Dall&#039;idea alla realizzazione - Citt\u00e0 di Fiume<\/title>\n<meta name=\"robots\" content=\"index, follow, max-snippet:-1, max-image-preview:large, max-video-preview:-1\" \/>\n<link rel=\"canonical\" href=\"https:\/\/www.rijeka.hr\/it\/temi-per-i-cittadini\/affari-e-investimenti\/diventa-imprenditore\/inizio-dei-propri-affari\/dallidea-alla-realizzazione\/\" \/>\n<meta property=\"og:locale\" content=\"it_IT\" \/>\n<meta property=\"og:type\" content=\"article\" \/>\n<meta property=\"og:title\" content=\"Dall&#039;idea alla realizzazione - Citt\u00e0 di Fiume\" \/>\n<meta property=\"og:description\" content=\"\u00c8 un lungo percorso da un&#8217;idea imprenditoriale fino alla sua realizzazione e quindi anche una grande sfida per tutti coloro che intendono diventare imprenditori. Una buona idea imprenditoriale \u00e8 una combinazione di interessi e competenze dei dipendenti futuri, non richiede un elevato investimento iniziale n\u00e9 l&#8217;assunzione di molti dipendenti durante il primo anno di attivit\u00e0,...\" \/>\n<meta property=\"og:url\" content=\"https:\/\/www.rijeka.hr\/it\/temi-per-i-cittadini\/affari-e-investimenti\/diventa-imprenditore\/inizio-dei-propri-affari\/dallidea-alla-realizzazione\/\" \/>\n<meta property=\"og:site_name\" content=\"Citt\u00e0 di Fiume\" \/>\n<meta property=\"article:modified_time\" content=\"2020-07-27T07:38:22+00:00\" \/>\n<meta name=\"twitter:card\" content=\"summary_large_image\" \/>\n<meta name=\"twitter:label1\" content=\"Est. reading time\" \/>\n\t<meta name=\"twitter:data1\" content=\"1 minute\" \/>\n<script type=\"application\/ld+json\" class=\"yoast-schema-graph\">{\"@context\":\"https:\/\/schema.org\",\"@graph\":[{\"@type\":\"WebPage\",\"@id\":\"https:\/\/www.rijeka.hr\/it\/temi-per-i-cittadini\/affari-e-investimenti\/diventa-imprenditore\/inizio-dei-propri-affari\/dallidea-alla-realizzazione\/\",\"url\":\"https:\/\/www.rijeka.hr\/it\/temi-per-i-cittadini\/affari-e-investimenti\/diventa-imprenditore\/inizio-dei-propri-affari\/dallidea-alla-realizzazione\/\",\"name\":\"Dall'idea alla realizzazione - Citt\u00e0 di Fiume\",\"isPartOf\":{\"@id\":\"https:\/\/www.rijeka.hr\/it\/#website\"},\"datePublished\":\"2018-11-19T13:23:14+00:00\",\"dateModified\":\"2020-07-27T07:38:22+00:00\",\"breadcrumb\":{\"@id\":\"https:\/\/www.rijeka.hr\/it\/temi-per-i-cittadini\/affari-e-investimenti\/diventa-imprenditore\/inizio-dei-propri-affari\/dallidea-alla-realizzazione\/#breadcrumb\"},\"inLanguage\":\"it-IT\",\"potentialAction\":[{\"@type\":\"ReadAction\",\"target\":[\"https:\/\/www.rijeka.hr\/it\/temi-per-i-cittadini\/affari-e-investimenti\/diventa-imprenditore\/inizio-dei-propri-affari\/dallidea-alla-realizzazione\/\"]}]},{\"@type\":\"BreadcrumbList\",\"@id\":\"https:\/\/www.rijeka.hr\/it\/temi-per-i-cittadini\/affari-e-investimenti\/diventa-imprenditore\/inizio-dei-propri-affari\/dallidea-alla-realizzazione\/#breadcrumb\",\"itemListElement\":[{\"@type\":\"ListItem\",\"position\":1,\"name\":\"Po\u010detna stranica\",\"item\":\"https:\/\/www.rijeka.hr\/it\/\"},{\"@type\":\"ListItem\",\"position\":2,\"name\":\"Temi per i cittadini\",\"item\":\"https:\/\/www.rijeka.hr\/it\/temi-per-i-cittadini\/\"},{\"@type\":\"ListItem\",\"position\":3,\"name\":\"Affari e investimenti\",\"item\":\"https:\/\/www.rijeka.hr\/it\/temi-per-i-cittadini\/affari-e-investimenti\/\"},{\"@type\":\"ListItem\",\"position\":4,\"name\":\"Diventa imprenditore\",\"item\":\"https:\/\/www.rijeka.hr\/it\/temi-per-i-cittadini\/affari-e-investimenti\/diventa-imprenditore\/\"},{\"@type\":\"ListItem\",\"position\":5,\"name\":\"Inizio dei propri affari\",\"item\":\"https:\/\/www.rijeka.hr\/it\/temi-per-i-cittadini\/affari-e-investimenti\/diventa-imprenditore\/inizio-dei-propri-affari\/\"},{\"@type\":\"ListItem\",\"position\":6,\"name\":\"Dall&#8217;idea alla realizzazione\"}]},{\"@type\":\"WebSite\",\"@id\":\"https:\/\/www.rijeka.hr\/it\/#website\",\"url\":\"https:\/\/www.rijeka.hr\/it\/\",\"name\":\"Citt\u00e0 di Fiume\",\"description\":\"Portale web della Citta&#039; di Fiume\",\"potentialAction\":[{\"@type\":\"SearchAction\",\"target\":{\"@type\":\"EntryPoint\",\"urlTemplate\":\"https:\/\/www.rijeka.hr\/it\/?s={search_term_string}\"},\"query-input\":{\"@type\":\"PropertyValueSpecification\",\"valueRequired\":true,\"valueName\":\"search_term_string\"}}],\"inLanguage\":\"it-IT\"}]}<\/script>\n<!-- \/ Yoast SEO plugin. -->","yoast_head_json":{"title":"Dall'idea alla realizzazione - Citt\u00e0 di Fiume","robots":{"index":"index","follow":"follow","max-snippet":"max-snippet:-1","max-image-preview":"max-image-preview:large","max-video-preview":"max-video-preview:-1"},"canonical":"https:\/\/www.rijeka.hr\/it\/temi-per-i-cittadini\/affari-e-investimenti\/diventa-imprenditore\/inizio-dei-propri-affari\/dallidea-alla-realizzazione\/","og_locale":"it_IT","og_type":"article","og_title":"Dall'idea alla realizzazione - Citt\u00e0 di Fiume","og_description":"\u00c8 un lungo percorso da un&#8217;idea imprenditoriale fino alla sua realizzazione e quindi anche una grande sfida per tutti coloro che intendono diventare imprenditori. Una buona idea imprenditoriale \u00e8 una combinazione di interessi e competenze dei dipendenti futuri, non richiede un elevato investimento iniziale n\u00e9 l&#8217;assunzione di molti dipendenti durante il primo anno di attivit\u00e0,...","og_url":"https:\/\/www.rijeka.hr\/it\/temi-per-i-cittadini\/affari-e-investimenti\/diventa-imprenditore\/inizio-dei-propri-affari\/dallidea-alla-realizzazione\/","og_site_name":"Citt\u00e0 di Fiume","article_modified_time":"2020-07-27T07:38:22+00:00","twitter_card":"summary_large_image","twitter_misc":{"Est. reading time":"1 minute"},"schema":{"@context":"https:\/\/schema.org","@graph":[{"@type":"WebPage","@id":"https:\/\/www.rijeka.hr\/it\/temi-per-i-cittadini\/affari-e-investimenti\/diventa-imprenditore\/inizio-dei-propri-affari\/dallidea-alla-realizzazione\/","url":"https:\/\/www.rijeka.hr\/it\/temi-per-i-cittadini\/affari-e-investimenti\/diventa-imprenditore\/inizio-dei-propri-affari\/dallidea-alla-realizzazione\/","name":"Dall'idea alla realizzazione - Citt\u00e0 di Fiume","isPartOf":{"@id":"https:\/\/www.rijeka.hr\/it\/#website"},"datePublished":"2018-11-19T13:23:14+00:00","dateModified":"2020-07-27T07:38:22+00:00","breadcrumb":{"@id":"https:\/\/www.rijeka.hr\/it\/temi-per-i-cittadini\/affari-e-investimenti\/diventa-imprenditore\/inizio-dei-propri-affari\/dallidea-alla-realizzazione\/#breadcrumb"},"inLanguage":"it-IT","potentialAction":[{"@type":"ReadAction","target":["https:\/\/www.rijeka.hr\/it\/temi-per-i-cittadini\/affari-e-investimenti\/diventa-imprenditore\/inizio-dei-propri-affari\/dallidea-alla-realizzazione\/"]}]},{"@type":"BreadcrumbList","@id":"https:\/\/www.rijeka.hr\/it\/temi-per-i-cittadini\/affari-e-investimenti\/diventa-imprenditore\/inizio-dei-propri-affari\/dallidea-alla-realizzazione\/#breadcrumb","itemListElement":[{"@type":"ListItem","position":1,"name":"Po\u010detna stranica","item":"https:\/\/www.rijeka.hr\/it\/"},{"@type":"ListItem","position":2,"name":"Temi per i cittadini","item":"https:\/\/www.rijeka.hr\/it\/temi-per-i-cittadini\/"},{"@type":"ListItem","position":3,"name":"Affari e investimenti","item":"https:\/\/www.rijeka.hr\/it\/temi-per-i-cittadini\/affari-e-investimenti\/"},{"@type":"ListItem","position":4,"name":"Diventa imprenditore","item":"https:\/\/www.rijeka.hr\/it\/temi-per-i-cittadini\/affari-e-investimenti\/diventa-imprenditore\/"},{"@type":"ListItem","position":5,"name":"Inizio dei propri affari","item":"https:\/\/www.rijeka.hr\/it\/temi-per-i-cittadini\/affari-e-investimenti\/diventa-imprenditore\/inizio-dei-propri-affari\/"},{"@type":"ListItem","position":6,"name":"Dall&#8217;idea alla realizzazione"}]},{"@type":"WebSite","@id":"https:\/\/www.rijeka.hr\/it\/#website","url":"https:\/\/www.rijeka.hr\/it\/","name":"Citt\u00e0 di Fiume","description":"Portale web della Citta&#039; di Fiume","potentialAction":[{"@type":"SearchAction","target":{"@type":"EntryPoint","urlTemplate":"https:\/\/www.rijeka.hr\/it\/?s={search_term_string}"},"query-input":{"@type":"PropertyValueSpecification","valueRequired":true,"valueName":"search_term_string"}}],"inLanguage":"it-IT"}]}},"_links":{"self":[{"href":"https:\/\/www.rijeka.hr\/it\/wp-json\/wp\/v2\/pages\/7594","targetHints":{"allow":["GET"]}}],"collection":[{"href":"https:\/\/www.rijeka.hr\/it\/wp-json\/wp\/v2\/pages"}],"about":[{"href":"https:\/\/www.rijeka.hr\/it\/wp-json\/wp\/v2\/types\/page"}],"author":[{"embeddable":true,"href":"https:\/\/www.rijeka.hr\/it\/wp-json\/wp\/v2\/users\/4"}],"replies":[{"embeddable":true,"href":"https:\/\/www.rijeka.hr\/it\/wp-json\/wp\/v2\/comments?post=7594"}],"version-history":[{"count":4,"href":"https:\/\/www.rijeka.hr\/it\/wp-json\/wp\/v2\/pages\/7594\/revisions"}],"predecessor-version":[{"id":7597,"href":"https:\/\/www.rijeka.hr\/it\/wp-json\/wp\/v2\/pages\/7594\/revisions\/7597"}],"up":[{"embeddable":true,"href":"https:\/\/www.rijeka.hr\/it\/wp-json\/wp\/v2\/pages\/7858"}],"wp:attachment":[{"href":"https:\/\/www.rijeka.hr\/it\/wp-json\/wp\/v2\/media?parent=7594"}],"wp:term":[{"taxonomy":"post_tag","embeddable":true,"href":"https:\/\/www.rijeka.hr\/it\/wp-json\/wp\/v2\/tags?post=7594"}],"curies":[{"name":"wp","href":"https:\/\/api.w.org\/{rel}","templated":true}]}}