{"id":770,"date":"2016-08-02T13:33:16","date_gmt":"2016-08-02T11:33:16","guid":{"rendered":"https:\/\/www.rijeka.hr\/it\/?page_id=770"},"modified":"2024-01-19T08:38:54","modified_gmt":"2024-01-19T07:38:54","slug":"misure-a-sostegno-della-natalita","status":"publish","type":"page","link":"https:\/\/www.rijeka.hr\/it\/misure-a-sostegno-della-natalita\/","title":{"rendered":"Misure in favore della popolazione"},"content":{"rendered":"<p>Ogni uomo decide personalmente dove vivr\u00e0 e sotto quali condizioni, dove frequenter\u00e0 l\u2019universit\u00e0, dove e di che cosa si occuper\u00e0 e infine se si sposer\u00e0 e se avr\u00e0 dei figli. Dall\u2019altro lato, l\u2019amministrazione locale decide su certi investimenti che influiscono su quelle decisioni individuali. Gli sforzi della Citt\u00e0 rivolti alla costruzione di alloggi attraverso l\u2019edilizia abitativa agevolata e secondo altri modelli, sono infatti l\u2019espressione della consapevolezza del fatto che famiglie senza una soluzione abitativa di qualit\u00e0 difficilmente decidono di avere discendenti o pi\u00f9 figli. \u00c8 evidente che l\u2019investimento in nuove scuole materne, programmi di soggiorno prolungato nelle scuole, di ammodernamento e miglioramento del trasporto pubblico cittadino e parcheggio, come pure numerosi programmi educativi e di prevenzione sanitaria e attivit\u00e0 per bambini e giovani \u2013 sono misure rivolte all\u2019attuazione di un\u2019attiva politica demografica a livello cittadino.<\/p>\n<p>Il Campus universitario \u00e8 un investimento molto importane nella futura immagine demografica, presumendo che parte di studenti neo-arrivati, dopo gli studi continueranno a vivere e lavorare nella nostra citt\u00e0.<\/p>\n<p>Alcune tra le misure importanti:<\/p>\n<ul>\n<li><a href=\"http:\/\/www.apos.hr\/\">Programma di edilizia agevolata\u00a0<\/a><\/li>\n<li><a href=\"https:\/\/www.rijeka.hr\/it\/temi-per-i-cittadini\/educazione-e-istruzione\/scuole-materne\/?noredirect=it_IT\">Collocamento dei bambini in et\u00e0 prescolare<\/a> quando i genitori sono al lavoro<\/li>\n<li>Soggiorno prolungato \/ a tempo pieno dei bambini nelle classi inferiori delle <a href=\"https:\/\/www.rijeka.hr\/it\/amministrazione-cittadina\/istituzioni\/istituzioni-educativo-scolastiche\/scuole-elementari\/\">scuole elementari<\/a><\/li>\n<li>Sostegno unico per gli <a href=\"https:\/\/www.rijeka.hr\/it\/temi-per-i-cittadini\/famiglia-e-assistenza-sociale\/bambini-e-giovani\/misure-a-sostegno-della-natalita\/sostegno-unico\/\">accessori per i neonati<\/a><\/li>\n<li>Buono regalo nell&#8217;importo di 2.000 kune<a href=\"https:\/\/www.rijeka.hr\/teme-za-gradane\/obitelj-i-drustvena-skrb\/socijalna-skrb\/naknade-mjesecnih-troskova-novcane-pomoci\/novcane-pomoci\/jednokratna-potpora-poklon-bon-nabavu-opreme-novorodenceta\/\">\u00a0<\/a> ai genitori dei neonati appartenenti alle fasce socialmente vulnerabili.<\/li>\n<li>Uno sviluppo continuo di varie misure\u00a0nell\u2019ambito della tutela sanitaria e sociale dei bambini e dei giovani<\/li>\n<li>Sistemazione della citt\u00e0\u00a0secondo le necessit\u00e0\u00a0dei bambini e dei giovani\u00a0e lo sviluppo di programmi scolastici\u00a0e\u00a0manifestazioni\u00a0dedicati a loro.<\/li>\n<\/ul>\n<p>&nbsp;<\/p>\n","protected":false},"excerpt":{"rendered":"<p>Ogni uomo decide personalmente dove vivr\u00e0 e sotto quali condizioni, dove frequenter\u00e0 l\u2019universit\u00e0, dove e di che cosa si occuper\u00e0 e infine se si sposer\u00e0 e se avr\u00e0 dei figli. Dall\u2019altro lato, l\u2019amministrazione locale decide su certi investimenti che influiscono su quelle decisioni individuali. Gli sforzi della Citt\u00e0 rivolti alla costruzione di alloggi attraverso l\u2019edilizia&#8230;<\/p>\n","protected":false},"author":2,"featured_media":0,"parent":0,"menu_order":0,"comment_status":"closed","ping_status":"closed","template":"","meta":{"_acf_changed":false,"_trash_the_other_posts":false,"footnotes":"","_links_to":"","_links_to_target":""},"tags":[],"class_list":["post-770","page","type-page","status-publish","hentry"],"acf":[],"yoast_head":"<!-- This site is optimized with the Yoast SEO plugin v24.4 - https:\/\/yoast.com\/wordpress\/plugins\/seo\/ -->\n<title>Misure in favore della popolazione - Citt\u00e0 di Fiume<\/title>\n<meta name=\"robots\" content=\"index, follow, max-snippet:-1, max-image-preview:large, max-video-preview:-1\" \/>\n<link rel=\"canonical\" href=\"https:\/\/www.rijeka.hr\/it\/misure-a-sostegno-della-natalita\/\" \/>\n<meta property=\"og:locale\" content=\"it_IT\" \/>\n<meta property=\"og:type\" content=\"article\" \/>\n<meta property=\"og:title\" content=\"Misure in favore della popolazione - Citt\u00e0 di Fiume\" \/>\n<meta property=\"og:description\" content=\"Ogni uomo decide personalmente dove vivr\u00e0 e sotto quali condizioni, dove frequenter\u00e0 l\u2019universit\u00e0, dove e di che cosa si occuper\u00e0 e infine se si sposer\u00e0 e se avr\u00e0 dei figli. Dall\u2019altro lato, l\u2019amministrazione locale decide su certi investimenti che influiscono su quelle decisioni individuali. Gli sforzi della Citt\u00e0 rivolti alla costruzione di alloggi attraverso l\u2019edilizia...\" \/>\n<meta property=\"og:url\" content=\"https:\/\/www.rijeka.hr\/it\/misure-a-sostegno-della-natalita\/\" \/>\n<meta property=\"og:site_name\" content=\"Citt\u00e0 di Fiume\" \/>\n<meta property=\"article:modified_time\" content=\"2024-01-19T07:38:54+00:00\" \/>\n<meta name=\"twitter:card\" content=\"summary_large_image\" \/>\n<meta name=\"twitter:label1\" content=\"Est. reading time\" \/>\n\t<meta name=\"twitter:data1\" content=\"1 minute\" \/>\n<script type=\"application\/ld+json\" class=\"yoast-schema-graph\">{\"@context\":\"https:\/\/schema.org\",\"@graph\":[{\"@type\":\"WebPage\",\"@id\":\"https:\/\/www.rijeka.hr\/it\/misure-a-sostegno-della-natalita\/\",\"url\":\"https:\/\/www.rijeka.hr\/it\/misure-a-sostegno-della-natalita\/\",\"name\":\"Misure in favore della popolazione - Citt\u00e0 di Fiume\",\"isPartOf\":{\"@id\":\"https:\/\/www.rijeka.hr\/it\/#website\"},\"datePublished\":\"2016-08-02T11:33:16+00:00\",\"dateModified\":\"2024-01-19T07:38:54+00:00\",\"breadcrumb\":{\"@id\":\"https:\/\/www.rijeka.hr\/it\/misure-a-sostegno-della-natalita\/#breadcrumb\"},\"inLanguage\":\"it-IT\",\"potentialAction\":[{\"@type\":\"ReadAction\",\"target\":[\"https:\/\/www.rijeka.hr\/it\/misure-a-sostegno-della-natalita\/\"]}]},{\"@type\":\"BreadcrumbList\",\"@id\":\"https:\/\/www.rijeka.hr\/it\/misure-a-sostegno-della-natalita\/#breadcrumb\",\"itemListElement\":[{\"@type\":\"ListItem\",\"position\":1,\"name\":\"Po\u010detna stranica\",\"item\":\"https:\/\/www.rijeka.hr\/it\/\"},{\"@type\":\"ListItem\",\"position\":2,\"name\":\"Misure in favore della popolazione\"}]},{\"@type\":\"WebSite\",\"@id\":\"https:\/\/www.rijeka.hr\/it\/#website\",\"url\":\"https:\/\/www.rijeka.hr\/it\/\",\"name\":\"Citt\u00e0 di Fiume\",\"description\":\"Portale web della Citta&#039; di Fiume\",\"potentialAction\":[{\"@type\":\"SearchAction\",\"target\":{\"@type\":\"EntryPoint\",\"urlTemplate\":\"https:\/\/www.rijeka.hr\/it\/?s={search_term_string}\"},\"query-input\":{\"@type\":\"PropertyValueSpecification\",\"valueRequired\":true,\"valueName\":\"search_term_string\"}}],\"inLanguage\":\"it-IT\"}]}<\/script>\n<!-- \/ Yoast SEO plugin. -->","yoast_head_json":{"title":"Misure in favore della popolazione - Citt\u00e0 di Fiume","robots":{"index":"index","follow":"follow","max-snippet":"max-snippet:-1","max-image-preview":"max-image-preview:large","max-video-preview":"max-video-preview:-1"},"canonical":"https:\/\/www.rijeka.hr\/it\/misure-a-sostegno-della-natalita\/","og_locale":"it_IT","og_type":"article","og_title":"Misure in favore della popolazione - Citt\u00e0 di Fiume","og_description":"Ogni uomo decide personalmente dove vivr\u00e0 e sotto quali condizioni, dove frequenter\u00e0 l\u2019universit\u00e0, dove e di che cosa si occuper\u00e0 e infine se si sposer\u00e0 e se avr\u00e0 dei figli. Dall\u2019altro lato, l\u2019amministrazione locale decide su certi investimenti che influiscono su quelle decisioni individuali. Gli sforzi della Citt\u00e0 rivolti alla costruzione di alloggi attraverso l\u2019edilizia...","og_url":"https:\/\/www.rijeka.hr\/it\/misure-a-sostegno-della-natalita\/","og_site_name":"Citt\u00e0 di Fiume","article_modified_time":"2024-01-19T07:38:54+00:00","twitter_card":"summary_large_image","twitter_misc":{"Est. reading time":"1 minute"},"schema":{"@context":"https:\/\/schema.org","@graph":[{"@type":"WebPage","@id":"https:\/\/www.rijeka.hr\/it\/misure-a-sostegno-della-natalita\/","url":"https:\/\/www.rijeka.hr\/it\/misure-a-sostegno-della-natalita\/","name":"Misure in favore della popolazione - Citt\u00e0 di Fiume","isPartOf":{"@id":"https:\/\/www.rijeka.hr\/it\/#website"},"datePublished":"2016-08-02T11:33:16+00:00","dateModified":"2024-01-19T07:38:54+00:00","breadcrumb":{"@id":"https:\/\/www.rijeka.hr\/it\/misure-a-sostegno-della-natalita\/#breadcrumb"},"inLanguage":"it-IT","potentialAction":[{"@type":"ReadAction","target":["https:\/\/www.rijeka.hr\/it\/misure-a-sostegno-della-natalita\/"]}]},{"@type":"BreadcrumbList","@id":"https:\/\/www.rijeka.hr\/it\/misure-a-sostegno-della-natalita\/#breadcrumb","itemListElement":[{"@type":"ListItem","position":1,"name":"Po\u010detna stranica","item":"https:\/\/www.rijeka.hr\/it\/"},{"@type":"ListItem","position":2,"name":"Misure in favore della popolazione"}]},{"@type":"WebSite","@id":"https:\/\/www.rijeka.hr\/it\/#website","url":"https:\/\/www.rijeka.hr\/it\/","name":"Citt\u00e0 di Fiume","description":"Portale web della Citta&#039; di Fiume","potentialAction":[{"@type":"SearchAction","target":{"@type":"EntryPoint","urlTemplate":"https:\/\/www.rijeka.hr\/it\/?s={search_term_string}"},"query-input":{"@type":"PropertyValueSpecification","valueRequired":true,"valueName":"search_term_string"}}],"inLanguage":"it-IT"}]}},"_links":{"self":[{"href":"https:\/\/www.rijeka.hr\/it\/wp-json\/wp\/v2\/pages\/770","targetHints":{"allow":["GET"]}}],"collection":[{"href":"https:\/\/www.rijeka.hr\/it\/wp-json\/wp\/v2\/pages"}],"about":[{"href":"https:\/\/www.rijeka.hr\/it\/wp-json\/wp\/v2\/types\/page"}],"author":[{"embeddable":true,"href":"https:\/\/www.rijeka.hr\/it\/wp-json\/wp\/v2\/users\/2"}],"replies":[{"embeddable":true,"href":"https:\/\/www.rijeka.hr\/it\/wp-json\/wp\/v2\/comments?post=770"}],"version-history":[{"count":6,"href":"https:\/\/www.rijeka.hr\/it\/wp-json\/wp\/v2\/pages\/770\/revisions"}],"predecessor-version":[{"id":13485,"href":"https:\/\/www.rijeka.hr\/it\/wp-json\/wp\/v2\/pages\/770\/revisions\/13485"}],"wp:attachment":[{"href":"https:\/\/www.rijeka.hr\/it\/wp-json\/wp\/v2\/media?parent=770"}],"wp:term":[{"taxonomy":"post_tag","embeddable":true,"href":"https:\/\/www.rijeka.hr\/it\/wp-json\/wp\/v2\/tags?post=770"}],"curies":[{"name":"wp","href":"https:\/\/api.w.org\/{rel}","templated":true}]}}