{"id":7726,"date":"2018-12-04T10:57:57","date_gmt":"2018-12-04T09:57:57","guid":{"rendered":"https:\/\/www.rijeka.hr\/it\/?page_id=7726"},"modified":"2024-09-26T11:31:13","modified_gmt":"2024-09-26T09:31:13","slug":"servizi-competenti","status":"publish","type":"page","link":"https:\/\/www.rijeka.hr\/it\/temi-per-i-cittadini\/abitazione-ed-edilizia\/sicurezza-giornaliera\/vivere-una-citta-sicura\/sicurezza-stradale\/servizi-competenti\/","title":{"rendered":"Servizi competenti"},"content":{"rendered":"<p>La <a href=\"https:\/\/www.rijeka.hr\/it\/amministrazione-cittadina\/dipartimenti-cittadini\/dipartimento-gli-affari-comunali\/direzione-polizia-stradale\/?noredirect=it_IT\">Direzione per la polizia stradale<\/a> svolge compiti di vigilanza sui veicoli in divieto di sosta o parcheggio e del regolamento del traffico al fine di risolvere, in modo efficace, i problemi del traffico in citt\u00e0, e cos\u00ec migliorare la qualit\u00e0 della vita dei cittadini.<\/p>\n<p><a href=\"http:\/\/www.primorska.policija.hr\/DefaultPu.aspx?id=1275\">La stazione di polizia stradale di Fiume<\/a> si occupa della sicurezza stradale sul territorio della citt\u00e0 di Fiume.<\/p>\n","protected":false},"excerpt":{"rendered":"<p>La Direzione per la polizia stradale svolge compiti di vigilanza sui veicoli in divieto di sosta o parcheggio e del regolamento del traffico al fine di risolvere, in modo efficace, i problemi del traffico in citt\u00e0, e cos\u00ec migliorare la qualit\u00e0 della vita dei cittadini. La stazione di polizia stradale di Fiume si occupa della&#8230;<\/p>\n","protected":false},"author":12,"featured_media":0,"parent":7724,"menu_order":0,"comment_status":"closed","ping_status":"closed","template":"","meta":{"_acf_changed":false,"_trash_the_other_posts":false,"footnotes":"","_links_to":"","_links_to_target":""},"tags":[],"class_list":["post-7726","page","type-page","status-publish","hentry"],"acf":[],"yoast_head":"<!-- This site is optimized with the Yoast SEO plugin v24.4 - https:\/\/yoast.com\/wordpress\/plugins\/seo\/ -->\n<title>Servizi competenti - Citt\u00e0 di Fiume<\/title>\n<meta name=\"robots\" content=\"index, follow, max-snippet:-1, max-image-preview:large, max-video-preview:-1\" \/>\n<link rel=\"canonical\" href=\"https:\/\/www.rijeka.hr\/it\/temi-per-i-cittadini\/abitazione-ed-edilizia\/sicurezza-giornaliera\/vivere-una-citta-sicura\/sicurezza-stradale\/servizi-competenti\/\" \/>\n<meta property=\"og:locale\" content=\"it_IT\" \/>\n<meta property=\"og:type\" content=\"article\" \/>\n<meta property=\"og:title\" content=\"Servizi competenti - Citt\u00e0 di Fiume\" \/>\n<meta property=\"og:description\" content=\"La Direzione per la polizia stradale svolge compiti di vigilanza sui veicoli in divieto di sosta o parcheggio e del regolamento del traffico al fine di risolvere, in modo efficace, i problemi del traffico in citt\u00e0, e cos\u00ec migliorare la qualit\u00e0 della vita dei cittadini. La stazione di polizia stradale di Fiume si occupa della...\" \/>\n<meta property=\"og:url\" content=\"https:\/\/www.rijeka.hr\/it\/temi-per-i-cittadini\/abitazione-ed-edilizia\/sicurezza-giornaliera\/vivere-una-citta-sicura\/sicurezza-stradale\/servizi-competenti\/\" \/>\n<meta property=\"og:site_name\" content=\"Citt\u00e0 di Fiume\" \/>\n<meta property=\"article:modified_time\" content=\"2024-09-26T09:31:13+00:00\" \/>\n<meta name=\"twitter:card\" content=\"summary_large_image\" \/>\n<script type=\"application\/ld+json\" class=\"yoast-schema-graph\">{\"@context\":\"https:\/\/schema.org\",\"@graph\":[{\"@type\":\"WebPage\",\"@id\":\"https:\/\/www.rijeka.hr\/it\/temi-per-i-cittadini\/abitazione-ed-edilizia\/sicurezza-giornaliera\/vivere-una-citta-sicura\/sicurezza-stradale\/servizi-competenti\/\",\"url\":\"https:\/\/www.rijeka.hr\/it\/temi-per-i-cittadini\/abitazione-ed-edilizia\/sicurezza-giornaliera\/vivere-una-citta-sicura\/sicurezza-stradale\/servizi-competenti\/\",\"name\":\"Servizi competenti - Citt\u00e0 di Fiume\",\"isPartOf\":{\"@id\":\"https:\/\/www.rijeka.hr\/it\/#website\"},\"datePublished\":\"2018-12-04T09:57:57+00:00\",\"dateModified\":\"2024-09-26T09:31:13+00:00\",\"breadcrumb\":{\"@id\":\"https:\/\/www.rijeka.hr\/it\/temi-per-i-cittadini\/abitazione-ed-edilizia\/sicurezza-giornaliera\/vivere-una-citta-sicura\/sicurezza-stradale\/servizi-competenti\/#breadcrumb\"},\"inLanguage\":\"it-IT\",\"potentialAction\":[{\"@type\":\"ReadAction\",\"target\":[\"https:\/\/www.rijeka.hr\/it\/temi-per-i-cittadini\/abitazione-ed-edilizia\/sicurezza-giornaliera\/vivere-una-citta-sicura\/sicurezza-stradale\/servizi-competenti\/\"]}]},{\"@type\":\"BreadcrumbList\",\"@id\":\"https:\/\/www.rijeka.hr\/it\/temi-per-i-cittadini\/abitazione-ed-edilizia\/sicurezza-giornaliera\/vivere-una-citta-sicura\/sicurezza-stradale\/servizi-competenti\/#breadcrumb\",\"itemListElement\":[{\"@type\":\"ListItem\",\"position\":1,\"name\":\"Po\u010detna stranica\",\"item\":\"https:\/\/www.rijeka.hr\/it\/\"},{\"@type\":\"ListItem\",\"position\":2,\"name\":\"Temi per i cittadini\",\"item\":\"https:\/\/www.rijeka.hr\/it\/temi-per-i-cittadini\/\"},{\"@type\":\"ListItem\",\"position\":3,\"name\":\"Abitazione ed edilizia\",\"item\":\"https:\/\/www.rijeka.hr\/it\/temi-per-i-cittadini\/abitazione-ed-edilizia\/\"},{\"@type\":\"ListItem\",\"position\":4,\"name\":\"Sicurezza giornaliera\",\"item\":\"https:\/\/www.rijeka.hr\/it\/temi-per-i-cittadini\/abitazione-ed-edilizia\/sicurezza-giornaliera\/\"},{\"@type\":\"ListItem\",\"position\":5,\"name\":\"Vivere in una citt\u00e0 sicura\",\"item\":\"https:\/\/www.rijeka.hr\/it\/temi-per-i-cittadini\/abitazione-ed-edilizia\/sicurezza-giornaliera\/vivere-una-citta-sicura\/\"},{\"@type\":\"ListItem\",\"position\":6,\"name\":\"Sicurezza stradale\",\"item\":\"https:\/\/www.rijeka.hr\/it\/temi-per-i-cittadini\/abitazione-ed-edilizia\/sicurezza-giornaliera\/vivere-una-citta-sicura\/sicurezza-stradale\/\"},{\"@type\":\"ListItem\",\"position\":7,\"name\":\"Servizi competenti\"}]},{\"@type\":\"WebSite\",\"@id\":\"https:\/\/www.rijeka.hr\/it\/#website\",\"url\":\"https:\/\/www.rijeka.hr\/it\/\",\"name\":\"Citt\u00e0 di Fiume\",\"description\":\"Portale web della Citta&#039; di Fiume\",\"potentialAction\":[{\"@type\":\"SearchAction\",\"target\":{\"@type\":\"EntryPoint\",\"urlTemplate\":\"https:\/\/www.rijeka.hr\/it\/?s={search_term_string}\"},\"query-input\":{\"@type\":\"PropertyValueSpecification\",\"valueRequired\":true,\"valueName\":\"search_term_string\"}}],\"inLanguage\":\"it-IT\"}]}<\/script>\n<!-- \/ Yoast SEO plugin. -->","yoast_head_json":{"title":"Servizi competenti - Citt\u00e0 di Fiume","robots":{"index":"index","follow":"follow","max-snippet":"max-snippet:-1","max-image-preview":"max-image-preview:large","max-video-preview":"max-video-preview:-1"},"canonical":"https:\/\/www.rijeka.hr\/it\/temi-per-i-cittadini\/abitazione-ed-edilizia\/sicurezza-giornaliera\/vivere-una-citta-sicura\/sicurezza-stradale\/servizi-competenti\/","og_locale":"it_IT","og_type":"article","og_title":"Servizi competenti - Citt\u00e0 di Fiume","og_description":"La Direzione per la polizia stradale svolge compiti di vigilanza sui veicoli in divieto di sosta o parcheggio e del regolamento del traffico al fine di risolvere, in modo efficace, i problemi del traffico in citt\u00e0, e cos\u00ec migliorare la qualit\u00e0 della vita dei cittadini. La stazione di polizia stradale di Fiume si occupa della...","og_url":"https:\/\/www.rijeka.hr\/it\/temi-per-i-cittadini\/abitazione-ed-edilizia\/sicurezza-giornaliera\/vivere-una-citta-sicura\/sicurezza-stradale\/servizi-competenti\/","og_site_name":"Citt\u00e0 di Fiume","article_modified_time":"2024-09-26T09:31:13+00:00","twitter_card":"summary_large_image","schema":{"@context":"https:\/\/schema.org","@graph":[{"@type":"WebPage","@id":"https:\/\/www.rijeka.hr\/it\/temi-per-i-cittadini\/abitazione-ed-edilizia\/sicurezza-giornaliera\/vivere-una-citta-sicura\/sicurezza-stradale\/servizi-competenti\/","url":"https:\/\/www.rijeka.hr\/it\/temi-per-i-cittadini\/abitazione-ed-edilizia\/sicurezza-giornaliera\/vivere-una-citta-sicura\/sicurezza-stradale\/servizi-competenti\/","name":"Servizi competenti - Citt\u00e0 di Fiume","isPartOf":{"@id":"https:\/\/www.rijeka.hr\/it\/#website"},"datePublished":"2018-12-04T09:57:57+00:00","dateModified":"2024-09-26T09:31:13+00:00","breadcrumb":{"@id":"https:\/\/www.rijeka.hr\/it\/temi-per-i-cittadini\/abitazione-ed-edilizia\/sicurezza-giornaliera\/vivere-una-citta-sicura\/sicurezza-stradale\/servizi-competenti\/#breadcrumb"},"inLanguage":"it-IT","potentialAction":[{"@type":"ReadAction","target":["https:\/\/www.rijeka.hr\/it\/temi-per-i-cittadini\/abitazione-ed-edilizia\/sicurezza-giornaliera\/vivere-una-citta-sicura\/sicurezza-stradale\/servizi-competenti\/"]}]},{"@type":"BreadcrumbList","@id":"https:\/\/www.rijeka.hr\/it\/temi-per-i-cittadini\/abitazione-ed-edilizia\/sicurezza-giornaliera\/vivere-una-citta-sicura\/sicurezza-stradale\/servizi-competenti\/#breadcrumb","itemListElement":[{"@type":"ListItem","position":1,"name":"Po\u010detna stranica","item":"https:\/\/www.rijeka.hr\/it\/"},{"@type":"ListItem","position":2,"name":"Temi per i cittadini","item":"https:\/\/www.rijeka.hr\/it\/temi-per-i-cittadini\/"},{"@type":"ListItem","position":3,"name":"Abitazione ed edilizia","item":"https:\/\/www.rijeka.hr\/it\/temi-per-i-cittadini\/abitazione-ed-edilizia\/"},{"@type":"ListItem","position":4,"name":"Sicurezza giornaliera","item":"https:\/\/www.rijeka.hr\/it\/temi-per-i-cittadini\/abitazione-ed-edilizia\/sicurezza-giornaliera\/"},{"@type":"ListItem","position":5,"name":"Vivere in una citt\u00e0 sicura","item":"https:\/\/www.rijeka.hr\/it\/temi-per-i-cittadini\/abitazione-ed-edilizia\/sicurezza-giornaliera\/vivere-una-citta-sicura\/"},{"@type":"ListItem","position":6,"name":"Sicurezza stradale","item":"https:\/\/www.rijeka.hr\/it\/temi-per-i-cittadini\/abitazione-ed-edilizia\/sicurezza-giornaliera\/vivere-una-citta-sicura\/sicurezza-stradale\/"},{"@type":"ListItem","position":7,"name":"Servizi competenti"}]},{"@type":"WebSite","@id":"https:\/\/www.rijeka.hr\/it\/#website","url":"https:\/\/www.rijeka.hr\/it\/","name":"Citt\u00e0 di Fiume","description":"Portale web della Citta&#039; di Fiume","potentialAction":[{"@type":"SearchAction","target":{"@type":"EntryPoint","urlTemplate":"https:\/\/www.rijeka.hr\/it\/?s={search_term_string}"},"query-input":{"@type":"PropertyValueSpecification","valueRequired":true,"valueName":"search_term_string"}}],"inLanguage":"it-IT"}]}},"_links":{"self":[{"href":"https:\/\/www.rijeka.hr\/it\/wp-json\/wp\/v2\/pages\/7726","targetHints":{"allow":["GET"]}}],"collection":[{"href":"https:\/\/www.rijeka.hr\/it\/wp-json\/wp\/v2\/pages"}],"about":[{"href":"https:\/\/www.rijeka.hr\/it\/wp-json\/wp\/v2\/types\/page"}],"author":[{"embeddable":true,"href":"https:\/\/www.rijeka.hr\/it\/wp-json\/wp\/v2\/users\/12"}],"replies":[{"embeddable":true,"href":"https:\/\/www.rijeka.hr\/it\/wp-json\/wp\/v2\/comments?post=7726"}],"version-history":[{"count":3,"href":"https:\/\/www.rijeka.hr\/it\/wp-json\/wp\/v2\/pages\/7726\/revisions"}],"predecessor-version":[{"id":7729,"href":"https:\/\/www.rijeka.hr\/it\/wp-json\/wp\/v2\/pages\/7726\/revisions\/7729"}],"up":[{"embeddable":true,"href":"https:\/\/www.rijeka.hr\/it\/wp-json\/wp\/v2\/pages\/7724"}],"wp:attachment":[{"href":"https:\/\/www.rijeka.hr\/it\/wp-json\/wp\/v2\/media?parent=7726"}],"wp:term":[{"taxonomy":"post_tag","embeddable":true,"href":"https:\/\/www.rijeka.hr\/it\/wp-json\/wp\/v2\/tags?post=7726"}],"curies":[{"name":"wp","href":"https:\/\/api.w.org\/{rel}","templated":true}]}}