{"id":7748,"date":"2018-12-05T13:40:46","date_gmt":"2018-12-05T12:40:46","guid":{"rendered":"https:\/\/www.rijeka.hr\/it\/?page_id=7748"},"modified":"2023-02-02T09:24:34","modified_gmt":"2023-02-02T08:24:34","slug":"il-sistema-antincendio-fiume","status":"publish","type":"page","link":"https:\/\/www.rijeka.hr\/it\/temi-per-i-cittadini\/abitazione-ed-edilizia\/sicurezza-giornaliera\/il-sistema-antincendio-fiume\/","title":{"rendered":"Il sistema antincendio a Fiume"},"content":{"rendered":"<p>Oltre al Corpo dei vigili del fuoco della Citt\u00e0 di Fiume, che conta circa 140 vigili del fuoco, a Fiume operano due associazioni dei vigili del fuoco volontari &#8220;Su\u0161ak&#8221; e &#8220;Drenova&#8221; con rispettivamente circa 20 vigili del fuoco e le squadre antincendio che operano all&#8217;interno del cantiere navale &#8220;3. maj &#8221; e dell\u2019azienda &#8220;Luka&#8221; di Fiume, le cui attivit\u00e0 sono coordinate dalla Comunit\u00e0 dei vigili del fuoco della citt\u00e0 di Fiume.<\/p>\n<p>Il Corpo dei vigili del fuoco viene finanziato dal bilancio dello Stato, attraverso fondi decentrati destinati alla lotta antincendio, mentre la Citt\u00e0 di Fiume e le unit\u00e0 di autogoverno locale che operano nel circondario di Fiume ogni anno procurano fondi aggiuntivi per il funzionamento del Corpo dei vigli del fuoco.<\/p>\n<p>I Corpo dei vigili del fuoco eredita la tradizione della prima organizzazione antincendio fondata nel territorio croato nel 1863.<\/p>\n","protected":false},"excerpt":{"rendered":"<p>Oltre al Corpo dei vigili del fuoco della Citt\u00e0 di Fiume, che conta circa 140 vigili del fuoco, a Fiume operano due associazioni dei vigili del fuoco volontari &#8220;Su\u0161ak&#8221; e &#8220;Drenova&#8221; con rispettivamente circa 20 vigili del fuoco e le squadre antincendio che operano all&#8217;interno del cantiere navale &#8220;3. maj &#8221; e dell\u2019azienda &#8220;Luka&#8221; di&#8230;<\/p>\n","protected":false},"author":75,"featured_media":0,"parent":1040,"menu_order":0,"comment_status":"closed","ping_status":"closed","template":"","meta":{"_acf_changed":false,"_trash_the_other_posts":false,"footnotes":"","_links_to":"","_links_to_target":""},"tags":[],"class_list":["post-7748","page","type-page","status-publish","hentry"],"acf":[],"yoast_head":"<!-- This site is optimized with the Yoast SEO plugin v24.4 - https:\/\/yoast.com\/wordpress\/plugins\/seo\/ -->\n<title>Il sistema antincendio a Fiume - Citt\u00e0 di Fiume<\/title>\n<meta name=\"robots\" content=\"index, follow, max-snippet:-1, max-image-preview:large, max-video-preview:-1\" \/>\n<link rel=\"canonical\" href=\"https:\/\/www.rijeka.hr\/it\/temi-per-i-cittadini\/abitazione-ed-edilizia\/sicurezza-giornaliera\/il-sistema-antincendio-fiume\/\" \/>\n<meta property=\"og:locale\" content=\"it_IT\" \/>\n<meta property=\"og:type\" content=\"article\" \/>\n<meta property=\"og:title\" content=\"Il sistema antincendio a Fiume - Citt\u00e0 di Fiume\" \/>\n<meta property=\"og:description\" content=\"Oltre al Corpo dei vigili del fuoco della Citt\u00e0 di Fiume, che conta circa 140 vigili del fuoco, a Fiume operano due associazioni dei vigili del fuoco volontari &#8220;Su\u0161ak&#8221; e &#8220;Drenova&#8221; con rispettivamente circa 20 vigili del fuoco e le squadre antincendio che operano all&#8217;interno del cantiere navale &#8220;3. maj &#8221; e dell\u2019azienda &#8220;Luka&#8221; di...\" \/>\n<meta property=\"og:url\" content=\"https:\/\/www.rijeka.hr\/it\/temi-per-i-cittadini\/abitazione-ed-edilizia\/sicurezza-giornaliera\/il-sistema-antincendio-fiume\/\" \/>\n<meta property=\"og:site_name\" content=\"Citt\u00e0 di Fiume\" \/>\n<meta property=\"article:modified_time\" content=\"2023-02-02T08:24:34+00:00\" \/>\n<meta name=\"twitter:card\" content=\"summary_large_image\" \/>\n<meta name=\"twitter:label1\" content=\"Est. reading time\" \/>\n\t<meta name=\"twitter:data1\" content=\"1 minute\" \/>\n<script type=\"application\/ld+json\" class=\"yoast-schema-graph\">{\"@context\":\"https:\/\/schema.org\",\"@graph\":[{\"@type\":\"WebPage\",\"@id\":\"https:\/\/www.rijeka.hr\/it\/temi-per-i-cittadini\/abitazione-ed-edilizia\/sicurezza-giornaliera\/il-sistema-antincendio-fiume\/\",\"url\":\"https:\/\/www.rijeka.hr\/it\/temi-per-i-cittadini\/abitazione-ed-edilizia\/sicurezza-giornaliera\/il-sistema-antincendio-fiume\/\",\"name\":\"Il sistema antincendio a Fiume - Citt\u00e0 di Fiume\",\"isPartOf\":{\"@id\":\"https:\/\/www.rijeka.hr\/it\/#website\"},\"datePublished\":\"2018-12-05T12:40:46+00:00\",\"dateModified\":\"2023-02-02T08:24:34+00:00\",\"breadcrumb\":{\"@id\":\"https:\/\/www.rijeka.hr\/it\/temi-per-i-cittadini\/abitazione-ed-edilizia\/sicurezza-giornaliera\/il-sistema-antincendio-fiume\/#breadcrumb\"},\"inLanguage\":\"it-IT\",\"potentialAction\":[{\"@type\":\"ReadAction\",\"target\":[\"https:\/\/www.rijeka.hr\/it\/temi-per-i-cittadini\/abitazione-ed-edilizia\/sicurezza-giornaliera\/il-sistema-antincendio-fiume\/\"]}]},{\"@type\":\"BreadcrumbList\",\"@id\":\"https:\/\/www.rijeka.hr\/it\/temi-per-i-cittadini\/abitazione-ed-edilizia\/sicurezza-giornaliera\/il-sistema-antincendio-fiume\/#breadcrumb\",\"itemListElement\":[{\"@type\":\"ListItem\",\"position\":1,\"name\":\"Po\u010detna stranica\",\"item\":\"https:\/\/www.rijeka.hr\/it\/\"},{\"@type\":\"ListItem\",\"position\":2,\"name\":\"Temi per i cittadini\",\"item\":\"https:\/\/www.rijeka.hr\/it\/temi-per-i-cittadini\/\"},{\"@type\":\"ListItem\",\"position\":3,\"name\":\"Abitazione ed edilizia\",\"item\":\"https:\/\/www.rijeka.hr\/it\/temi-per-i-cittadini\/abitazione-ed-edilizia\/\"},{\"@type\":\"ListItem\",\"position\":4,\"name\":\"Sicurezza giornaliera\",\"item\":\"https:\/\/www.rijeka.hr\/it\/temi-per-i-cittadini\/abitazione-ed-edilizia\/sicurezza-giornaliera\/\"},{\"@type\":\"ListItem\",\"position\":5,\"name\":\"Il sistema antincendio a Fiume\"}]},{\"@type\":\"WebSite\",\"@id\":\"https:\/\/www.rijeka.hr\/it\/#website\",\"url\":\"https:\/\/www.rijeka.hr\/it\/\",\"name\":\"Citt\u00e0 di Fiume\",\"description\":\"Portale web della Citta&#039; di Fiume\",\"potentialAction\":[{\"@type\":\"SearchAction\",\"target\":{\"@type\":\"EntryPoint\",\"urlTemplate\":\"https:\/\/www.rijeka.hr\/it\/?s={search_term_string}\"},\"query-input\":{\"@type\":\"PropertyValueSpecification\",\"valueRequired\":true,\"valueName\":\"search_term_string\"}}],\"inLanguage\":\"it-IT\"}]}<\/script>\n<!-- \/ Yoast SEO plugin. -->","yoast_head_json":{"title":"Il sistema antincendio a Fiume - Citt\u00e0 di Fiume","robots":{"index":"index","follow":"follow","max-snippet":"max-snippet:-1","max-image-preview":"max-image-preview:large","max-video-preview":"max-video-preview:-1"},"canonical":"https:\/\/www.rijeka.hr\/it\/temi-per-i-cittadini\/abitazione-ed-edilizia\/sicurezza-giornaliera\/il-sistema-antincendio-fiume\/","og_locale":"it_IT","og_type":"article","og_title":"Il sistema antincendio a Fiume - Citt\u00e0 di Fiume","og_description":"Oltre al Corpo dei vigili del fuoco della Citt\u00e0 di Fiume, che conta circa 140 vigili del fuoco, a Fiume operano due associazioni dei vigili del fuoco volontari &#8220;Su\u0161ak&#8221; e &#8220;Drenova&#8221; con rispettivamente circa 20 vigili del fuoco e le squadre antincendio che operano all&#8217;interno del cantiere navale &#8220;3. maj &#8221; e dell\u2019azienda &#8220;Luka&#8221; di...","og_url":"https:\/\/www.rijeka.hr\/it\/temi-per-i-cittadini\/abitazione-ed-edilizia\/sicurezza-giornaliera\/il-sistema-antincendio-fiume\/","og_site_name":"Citt\u00e0 di Fiume","article_modified_time":"2023-02-02T08:24:34+00:00","twitter_card":"summary_large_image","twitter_misc":{"Est. reading time":"1 minute"},"schema":{"@context":"https:\/\/schema.org","@graph":[{"@type":"WebPage","@id":"https:\/\/www.rijeka.hr\/it\/temi-per-i-cittadini\/abitazione-ed-edilizia\/sicurezza-giornaliera\/il-sistema-antincendio-fiume\/","url":"https:\/\/www.rijeka.hr\/it\/temi-per-i-cittadini\/abitazione-ed-edilizia\/sicurezza-giornaliera\/il-sistema-antincendio-fiume\/","name":"Il sistema antincendio a Fiume - Citt\u00e0 di Fiume","isPartOf":{"@id":"https:\/\/www.rijeka.hr\/it\/#website"},"datePublished":"2018-12-05T12:40:46+00:00","dateModified":"2023-02-02T08:24:34+00:00","breadcrumb":{"@id":"https:\/\/www.rijeka.hr\/it\/temi-per-i-cittadini\/abitazione-ed-edilizia\/sicurezza-giornaliera\/il-sistema-antincendio-fiume\/#breadcrumb"},"inLanguage":"it-IT","potentialAction":[{"@type":"ReadAction","target":["https:\/\/www.rijeka.hr\/it\/temi-per-i-cittadini\/abitazione-ed-edilizia\/sicurezza-giornaliera\/il-sistema-antincendio-fiume\/"]}]},{"@type":"BreadcrumbList","@id":"https:\/\/www.rijeka.hr\/it\/temi-per-i-cittadini\/abitazione-ed-edilizia\/sicurezza-giornaliera\/il-sistema-antincendio-fiume\/#breadcrumb","itemListElement":[{"@type":"ListItem","position":1,"name":"Po\u010detna stranica","item":"https:\/\/www.rijeka.hr\/it\/"},{"@type":"ListItem","position":2,"name":"Temi per i cittadini","item":"https:\/\/www.rijeka.hr\/it\/temi-per-i-cittadini\/"},{"@type":"ListItem","position":3,"name":"Abitazione ed edilizia","item":"https:\/\/www.rijeka.hr\/it\/temi-per-i-cittadini\/abitazione-ed-edilizia\/"},{"@type":"ListItem","position":4,"name":"Sicurezza giornaliera","item":"https:\/\/www.rijeka.hr\/it\/temi-per-i-cittadini\/abitazione-ed-edilizia\/sicurezza-giornaliera\/"},{"@type":"ListItem","position":5,"name":"Il sistema antincendio a Fiume"}]},{"@type":"WebSite","@id":"https:\/\/www.rijeka.hr\/it\/#website","url":"https:\/\/www.rijeka.hr\/it\/","name":"Citt\u00e0 di Fiume","description":"Portale web della Citta&#039; di Fiume","potentialAction":[{"@type":"SearchAction","target":{"@type":"EntryPoint","urlTemplate":"https:\/\/www.rijeka.hr\/it\/?s={search_term_string}"},"query-input":{"@type":"PropertyValueSpecification","valueRequired":true,"valueName":"search_term_string"}}],"inLanguage":"it-IT"}]}},"_links":{"self":[{"href":"https:\/\/www.rijeka.hr\/it\/wp-json\/wp\/v2\/pages\/7748","targetHints":{"allow":["GET"]}}],"collection":[{"href":"https:\/\/www.rijeka.hr\/it\/wp-json\/wp\/v2\/pages"}],"about":[{"href":"https:\/\/www.rijeka.hr\/it\/wp-json\/wp\/v2\/types\/page"}],"author":[{"embeddable":true,"href":"https:\/\/www.rijeka.hr\/it\/wp-json\/wp\/v2\/users\/75"}],"replies":[{"embeddable":true,"href":"https:\/\/www.rijeka.hr\/it\/wp-json\/wp\/v2\/comments?post=7748"}],"version-history":[{"count":3,"href":"https:\/\/www.rijeka.hr\/it\/wp-json\/wp\/v2\/pages\/7748\/revisions"}],"predecessor-version":[{"id":7749,"href":"https:\/\/www.rijeka.hr\/it\/wp-json\/wp\/v2\/pages\/7748\/revisions\/7749"}],"up":[{"embeddable":true,"href":"https:\/\/www.rijeka.hr\/it\/wp-json\/wp\/v2\/pages\/1040"}],"wp:attachment":[{"href":"https:\/\/www.rijeka.hr\/it\/wp-json\/wp\/v2\/media?parent=7748"}],"wp:term":[{"taxonomy":"post_tag","embeddable":true,"href":"https:\/\/www.rijeka.hr\/it\/wp-json\/wp\/v2\/tags?post=7748"}],"curies":[{"name":"wp","href":"https:\/\/api.w.org\/{rel}","templated":true}]}}