{"id":7825,"date":"2018-12-27T12:51:56","date_gmt":"2018-12-27T11:51:56","guid":{"rendered":"https:\/\/www.rijeka.hr\/it\/?page_id=7825"},"modified":"2018-12-27T13:12:37","modified_gmt":"2018-12-27T12:12:37","slug":"servizi-igienici-pubblici","status":"publish","type":"page","link":"https:\/\/www.rijeka.hr\/it\/temi-per-i-cittadini\/abitazione-ed-edilizia\/servizi-igienici-pubblici\/","title":{"rendered":"Bagni pubblici"},"content":{"rendered":"<h2>Bagni pubblici in edifici<\/h2>\n<p>I bagni pubblici si trovano presso il santuario di Tersatto, in Delta, in piazza \u017dabica &#8211; Chiesa dei Cappuccini, all\u2019ultima fermata degli autobus a Cantrida.<\/p>\n<h2>Bagni autopulenti<\/h2>\n<p>Questi bagni si trovano a Tersatto &#8211; vicino alla pista di atletica presso il Campus all&#8217;indirizzo Slavko Krautzek, presso la stazione Delta terminal degli autobus suburbani, nel parco Jo\u017ea Vlahovi\u0107 &#8211; Skate park, all\u2019ultima fermata degli autobus a Turkovo, in via Riva Boduli.<\/p>\n<h2>Bagno pubblico cittadino<\/h2>\n<p>I cittadini che per qualsiasi motivo non possono utilizzare il proprio bagno o non hanno il bagno, possono utilizzare il bagno cittadino situato nel quartiere di Scoglietto nei giorni di luned\u00ec, mercoled\u00ec e venerd\u00ec, dalle 14 alle 18.00 h (utilizzo fino alle 18.30) tutto l&#8217;anno, tranne nel periodo dal 1.mo luglio al 1.mo settembre, quando sono in corso i lavori di manutenzione. Il bagno pubblico cittadino \u00e8 disponibile gratuitamente per gli utenti.<\/p>\n<h2>Bagni pubblici sulle spiagge<\/h2>\n<p>Questi bagni pubblici sono disponibili solo durante la stagione balneare.<\/p>\n","protected":false},"excerpt":{"rendered":"<p>Bagni pubblici in edifici I bagni pubblici si trovano presso il santuario di Tersatto, in Delta, in piazza \u017dabica &#8211; Chiesa dei Cappuccini, all\u2019ultima fermata degli autobus a Cantrida. Bagni autopulenti Questi bagni si trovano a Tersatto &#8211; vicino alla pista di atletica presso il Campus all&#8217;indirizzo Slavko Krautzek, presso la stazione Delta terminal degli&#8230;<\/p>\n","protected":false},"author":13,"featured_media":0,"parent":341,"menu_order":49,"comment_status":"closed","ping_status":"closed","template":"","meta":{"_acf_changed":false,"_trash_the_other_posts":false,"footnotes":"","_links_to":"","_links_to_target":""},"tags":[],"class_list":["post-7825","page","type-page","status-publish","hentry"],"acf":[],"yoast_head":"<!-- This site is optimized with the Yoast SEO plugin v24.4 - https:\/\/yoast.com\/wordpress\/plugins\/seo\/ -->\n<title>Bagni pubblici - Citt\u00e0 di Fiume<\/title>\n<meta name=\"robots\" content=\"index, follow, max-snippet:-1, max-image-preview:large, max-video-preview:-1\" \/>\n<link rel=\"canonical\" href=\"https:\/\/www.rijeka.hr\/it\/temi-per-i-cittadini\/abitazione-ed-edilizia\/servizi-igienici-pubblici\/\" \/>\n<meta property=\"og:locale\" content=\"it_IT\" \/>\n<meta property=\"og:type\" content=\"article\" \/>\n<meta property=\"og:title\" content=\"Bagni pubblici - Citt\u00e0 di Fiume\" \/>\n<meta property=\"og:description\" content=\"Bagni pubblici in edifici I bagni pubblici si trovano presso il santuario di Tersatto, in Delta, in piazza \u017dabica &#8211; Chiesa dei Cappuccini, all\u2019ultima fermata degli autobus a Cantrida. Bagni autopulenti Questi bagni si trovano a Tersatto &#8211; vicino alla pista di atletica presso il Campus all&#8217;indirizzo Slavko Krautzek, presso la stazione Delta terminal degli...\" \/>\n<meta property=\"og:url\" content=\"https:\/\/www.rijeka.hr\/it\/temi-per-i-cittadini\/abitazione-ed-edilizia\/servizi-igienici-pubblici\/\" \/>\n<meta property=\"og:site_name\" content=\"Citt\u00e0 di Fiume\" \/>\n<meta property=\"article:modified_time\" content=\"2018-12-27T12:12:37+00:00\" \/>\n<meta name=\"twitter:card\" content=\"summary_large_image\" \/>\n<meta name=\"twitter:label1\" content=\"Est. reading time\" \/>\n\t<meta name=\"twitter:data1\" content=\"1 minute\" \/>\n<script type=\"application\/ld+json\" class=\"yoast-schema-graph\">{\"@context\":\"https:\/\/schema.org\",\"@graph\":[{\"@type\":\"WebPage\",\"@id\":\"https:\/\/www.rijeka.hr\/it\/temi-per-i-cittadini\/abitazione-ed-edilizia\/servizi-igienici-pubblici\/\",\"url\":\"https:\/\/www.rijeka.hr\/it\/temi-per-i-cittadini\/abitazione-ed-edilizia\/servizi-igienici-pubblici\/\",\"name\":\"Bagni pubblici - Citt\u00e0 di Fiume\",\"isPartOf\":{\"@id\":\"https:\/\/www.rijeka.hr\/it\/#website\"},\"datePublished\":\"2018-12-27T11:51:56+00:00\",\"dateModified\":\"2018-12-27T12:12:37+00:00\",\"breadcrumb\":{\"@id\":\"https:\/\/www.rijeka.hr\/it\/temi-per-i-cittadini\/abitazione-ed-edilizia\/servizi-igienici-pubblici\/#breadcrumb\"},\"inLanguage\":\"it-IT\",\"potentialAction\":[{\"@type\":\"ReadAction\",\"target\":[\"https:\/\/www.rijeka.hr\/it\/temi-per-i-cittadini\/abitazione-ed-edilizia\/servizi-igienici-pubblici\/\"]}]},{\"@type\":\"BreadcrumbList\",\"@id\":\"https:\/\/www.rijeka.hr\/it\/temi-per-i-cittadini\/abitazione-ed-edilizia\/servizi-igienici-pubblici\/#breadcrumb\",\"itemListElement\":[{\"@type\":\"ListItem\",\"position\":1,\"name\":\"Po\u010detna stranica\",\"item\":\"https:\/\/www.rijeka.hr\/it\/\"},{\"@type\":\"ListItem\",\"position\":2,\"name\":\"Temi per i cittadini\",\"item\":\"https:\/\/www.rijeka.hr\/it\/temi-per-i-cittadini\/\"},{\"@type\":\"ListItem\",\"position\":3,\"name\":\"Abitazione ed edilizia\",\"item\":\"https:\/\/www.rijeka.hr\/it\/temi-per-i-cittadini\/abitazione-ed-edilizia\/\"},{\"@type\":\"ListItem\",\"position\":4,\"name\":\"Bagni pubblici\"}]},{\"@type\":\"WebSite\",\"@id\":\"https:\/\/www.rijeka.hr\/it\/#website\",\"url\":\"https:\/\/www.rijeka.hr\/it\/\",\"name\":\"Citt\u00e0 di Fiume\",\"description\":\"Portale web della Citta&#039; di Fiume\",\"potentialAction\":[{\"@type\":\"SearchAction\",\"target\":{\"@type\":\"EntryPoint\",\"urlTemplate\":\"https:\/\/www.rijeka.hr\/it\/?s={search_term_string}\"},\"query-input\":{\"@type\":\"PropertyValueSpecification\",\"valueRequired\":true,\"valueName\":\"search_term_string\"}}],\"inLanguage\":\"it-IT\"}]}<\/script>\n<!-- \/ Yoast SEO plugin. -->","yoast_head_json":{"title":"Bagni pubblici - Citt\u00e0 di Fiume","robots":{"index":"index","follow":"follow","max-snippet":"max-snippet:-1","max-image-preview":"max-image-preview:large","max-video-preview":"max-video-preview:-1"},"canonical":"https:\/\/www.rijeka.hr\/it\/temi-per-i-cittadini\/abitazione-ed-edilizia\/servizi-igienici-pubblici\/","og_locale":"it_IT","og_type":"article","og_title":"Bagni pubblici - Citt\u00e0 di Fiume","og_description":"Bagni pubblici in edifici I bagni pubblici si trovano presso il santuario di Tersatto, in Delta, in piazza \u017dabica &#8211; Chiesa dei Cappuccini, all\u2019ultima fermata degli autobus a Cantrida. Bagni autopulenti Questi bagni si trovano a Tersatto &#8211; vicino alla pista di atletica presso il Campus all&#8217;indirizzo Slavko Krautzek, presso la stazione Delta terminal degli...","og_url":"https:\/\/www.rijeka.hr\/it\/temi-per-i-cittadini\/abitazione-ed-edilizia\/servizi-igienici-pubblici\/","og_site_name":"Citt\u00e0 di Fiume","article_modified_time":"2018-12-27T12:12:37+00:00","twitter_card":"summary_large_image","twitter_misc":{"Est. reading time":"1 minute"},"schema":{"@context":"https:\/\/schema.org","@graph":[{"@type":"WebPage","@id":"https:\/\/www.rijeka.hr\/it\/temi-per-i-cittadini\/abitazione-ed-edilizia\/servizi-igienici-pubblici\/","url":"https:\/\/www.rijeka.hr\/it\/temi-per-i-cittadini\/abitazione-ed-edilizia\/servizi-igienici-pubblici\/","name":"Bagni pubblici - Citt\u00e0 di Fiume","isPartOf":{"@id":"https:\/\/www.rijeka.hr\/it\/#website"},"datePublished":"2018-12-27T11:51:56+00:00","dateModified":"2018-12-27T12:12:37+00:00","breadcrumb":{"@id":"https:\/\/www.rijeka.hr\/it\/temi-per-i-cittadini\/abitazione-ed-edilizia\/servizi-igienici-pubblici\/#breadcrumb"},"inLanguage":"it-IT","potentialAction":[{"@type":"ReadAction","target":["https:\/\/www.rijeka.hr\/it\/temi-per-i-cittadini\/abitazione-ed-edilizia\/servizi-igienici-pubblici\/"]}]},{"@type":"BreadcrumbList","@id":"https:\/\/www.rijeka.hr\/it\/temi-per-i-cittadini\/abitazione-ed-edilizia\/servizi-igienici-pubblici\/#breadcrumb","itemListElement":[{"@type":"ListItem","position":1,"name":"Po\u010detna stranica","item":"https:\/\/www.rijeka.hr\/it\/"},{"@type":"ListItem","position":2,"name":"Temi per i cittadini","item":"https:\/\/www.rijeka.hr\/it\/temi-per-i-cittadini\/"},{"@type":"ListItem","position":3,"name":"Abitazione ed edilizia","item":"https:\/\/www.rijeka.hr\/it\/temi-per-i-cittadini\/abitazione-ed-edilizia\/"},{"@type":"ListItem","position":4,"name":"Bagni pubblici"}]},{"@type":"WebSite","@id":"https:\/\/www.rijeka.hr\/it\/#website","url":"https:\/\/www.rijeka.hr\/it\/","name":"Citt\u00e0 di Fiume","description":"Portale web della Citta&#039; di Fiume","potentialAction":[{"@type":"SearchAction","target":{"@type":"EntryPoint","urlTemplate":"https:\/\/www.rijeka.hr\/it\/?s={search_term_string}"},"query-input":{"@type":"PropertyValueSpecification","valueRequired":true,"valueName":"search_term_string"}}],"inLanguage":"it-IT"}]}},"_links":{"self":[{"href":"https:\/\/www.rijeka.hr\/it\/wp-json\/wp\/v2\/pages\/7825","targetHints":{"allow":["GET"]}}],"collection":[{"href":"https:\/\/www.rijeka.hr\/it\/wp-json\/wp\/v2\/pages"}],"about":[{"href":"https:\/\/www.rijeka.hr\/it\/wp-json\/wp\/v2\/types\/page"}],"author":[{"embeddable":true,"href":"https:\/\/www.rijeka.hr\/it\/wp-json\/wp\/v2\/users\/13"}],"replies":[{"embeddable":true,"href":"https:\/\/www.rijeka.hr\/it\/wp-json\/wp\/v2\/comments?post=7825"}],"version-history":[{"count":6,"href":"https:\/\/www.rijeka.hr\/it\/wp-json\/wp\/v2\/pages\/7825\/revisions"}],"predecessor-version":[{"id":7831,"href":"https:\/\/www.rijeka.hr\/it\/wp-json\/wp\/v2\/pages\/7825\/revisions\/7831"}],"up":[{"embeddable":true,"href":"https:\/\/www.rijeka.hr\/it\/wp-json\/wp\/v2\/pages\/341"}],"wp:attachment":[{"href":"https:\/\/www.rijeka.hr\/it\/wp-json\/wp\/v2\/media?parent=7825"}],"wp:term":[{"taxonomy":"post_tag","embeddable":true,"href":"https:\/\/www.rijeka.hr\/it\/wp-json\/wp\/v2\/tags?post=7825"}],"curies":[{"name":"wp","href":"https:\/\/api.w.org\/{rel}","templated":true}]}}