{"id":7874,"date":"2019-01-03T15:01:11","date_gmt":"2019-01-03T14:01:11","guid":{"rendered":"https:\/\/www.rijeka.hr\/it\/?page_id=7874"},"modified":"2021-05-13T13:29:19","modified_gmt":"2021-05-13T11:29:19","slug":"tipi-di-aziende","status":"publish","type":"page","link":"https:\/\/www.rijeka.hr\/it\/temi-per-i-cittadini\/affari-e-investimenti\/diventa-imprenditore\/inizio-dei-propri-affari\/tipi-di-aziende\/","title":{"rendered":"Tipi di aziende"},"content":{"rendered":"<p>Tipi di societ\u00e0 e procedura di registrazione:<\/p>\n<ul>\n<li><strong>Societ\u00e0 a responsabilit\u00e0 limitata \u2013 S.r.l<\/strong>. \u00e8 una societ\u00e0 in cui una o pi\u00f9 persone giuridiche o fisiche investono le quote di partecipazione con cui partecipano al capitale sociale concordato in anticipo. I fondatori di una societ\u00e0 a responsabilit\u00e0 limitata possono essere persone fisiche o giuridiche estere e domestiche. L&#8217;ammontare minimo del capitale sociale di una societ\u00e0 a responsabilit\u00e0 limitata ammonta a 20.000,00 kune, il 50% della partecipazione pu\u00f2 essere entrato in\u00a0oggetti e vari diritti. La societ\u00e0 a responsabilit\u00e0 limitata viene costituita in base allo Statuto sociale che deve essere firmato da tutti i fondatori e viene redatto in forma di atto notarile. La societ\u00e0 ottiene la sua personalit\u00e0 giuridica dal giorno dell\u2019iscrizione al registro delle imprese.<\/li>\n<li><strong>Societ\u00e0 per azioni<\/strong> \u00e8 una societ\u00e0 in cui i soci (azionisti) partecipano con le loro partecipazioni al capitale azionario diviso in azioni. La societ\u00e0 per azioni \u00e8 una persona giuridica che ottiene la sua personalit\u00e0 giuridica dal giorno dell\u2019iscrizione al registro delle imprese. L&#8217;ammontare minimo del capitale sociale necessario per la costituzione di una societ\u00e0 per azioni non deve essere inferiore a un controvalore di 200.000,00 kune.<\/li>\n<li><strong>Societ\u00e0 in accomandita<\/strong> \u00e8 una societ\u00e0 in cui due o pi\u00f9 persone si associano per esercitare in modo permanente l&#8217;attivit\u00e0 della loro societ\u00e0 comune, in cui almeno una persona ha la responsabilit\u00e0 illimitata e in solido per gli obblighi della societ\u00e0 con tutto il suo patrimonio (socio accomandatario), e almeno una persona \u00e8 responsabile della societ\u00e0 solo fino all&#8217;importo della sua rispettiva partecipazione alla societ\u00e0 (socio accomandante). La societ\u00e0 in accomandita \u00e8 una persona giuridica che ottiene la sua personalit\u00e0 giuridica dal giorno dell\u2019iscrizione al registro delle societ\u00e0 e non ha un capitale sociale. La societ\u00e0 viene costituita in base allo Statuto sociale (Contratto sociale) che non deve essere concluso in forma di atto notarile.<\/li>\n<li><strong>Societ\u00e0 in nome collettivo<\/strong> \u00e8 una societ\u00e0 in cui due o pi\u00f9 persone si associano per esercitare permanentemente l&#8217;attivit\u00e0 della loro societ\u00e0 comune, e ogni partner \u00e8 responsabile nei confronti dei creditori della societ\u00e0 con il loro intero patrimonio. La societ\u00e0 in nome collettivo non ha un capitale sociale. I partner devono entrare quote uguali nella societ\u00e0 che possono essere in denaro, oggetti, diritti, lavoro e altri servizi e beni.<\/li>\n<li><strong>Associazione economica d\u2019interesse<\/strong> \u00e8 una persona giuridica costituita da due o pi\u00f9 persone fisiche o giuridiche al fine di agevolare e promuovere l\u2019esercizio delle attivit\u00e0 economiche, loro oggetto sociale, senza scopo di lucro per la persona giuridica. L&#8217;associazione viene costituita senza un capitale sociale e i diritti dei membri non possono essere espressi in titoli. L\u2019associazione viene costituita stipulando l\u2019atto costitutivo dell&#8217;associazione, che deve essere redatto in forma di atto notarile.<\/li>\n<\/ul>\n","protected":false},"excerpt":{"rendered":"<p>Tipi di societ\u00e0 e procedura di registrazione: Societ\u00e0 a responsabilit\u00e0 limitata \u2013 S.r.l. \u00e8 una societ\u00e0 in cui una o pi\u00f9 persone giuridiche o fisiche investono le quote di partecipazione con cui partecipano al capitale sociale concordato in anticipo. I fondatori di una societ\u00e0 a responsabilit\u00e0 limitata possono essere persone fisiche o giuridiche estere e&#8230;<\/p>\n","protected":false},"author":4,"featured_media":0,"parent":7858,"menu_order":0,"comment_status":"closed","ping_status":"closed","template":"","meta":{"_acf_changed":false,"_trash_the_other_posts":false,"footnotes":"","_links_to":"","_links_to_target":""},"tags":[],"class_list":["post-7874","page","type-page","status-publish","hentry"],"acf":[],"yoast_head":"<!-- This site is optimized with the Yoast SEO plugin v24.4 - https:\/\/yoast.com\/wordpress\/plugins\/seo\/ -->\n<title>Tipi di aziende - Citt\u00e0 di Fiume<\/title>\n<meta name=\"robots\" content=\"index, follow, max-snippet:-1, max-image-preview:large, max-video-preview:-1\" \/>\n<link rel=\"canonical\" href=\"https:\/\/www.rijeka.hr\/it\/temi-per-i-cittadini\/affari-e-investimenti\/diventa-imprenditore\/inizio-dei-propri-affari\/tipi-di-aziende\/\" \/>\n<meta property=\"og:locale\" content=\"it_IT\" \/>\n<meta property=\"og:type\" content=\"article\" \/>\n<meta property=\"og:title\" content=\"Tipi di aziende - Citt\u00e0 di Fiume\" \/>\n<meta property=\"og:description\" content=\"Tipi di societ\u00e0 e procedura di registrazione: Societ\u00e0 a responsabilit\u00e0 limitata \u2013 S.r.l. \u00e8 una societ\u00e0 in cui una o pi\u00f9 persone giuridiche o fisiche investono le quote di partecipazione con cui partecipano al capitale sociale concordato in anticipo. I fondatori di una societ\u00e0 a responsabilit\u00e0 limitata possono essere persone fisiche o giuridiche estere e...\" \/>\n<meta property=\"og:url\" content=\"https:\/\/www.rijeka.hr\/it\/temi-per-i-cittadini\/affari-e-investimenti\/diventa-imprenditore\/inizio-dei-propri-affari\/tipi-di-aziende\/\" \/>\n<meta property=\"og:site_name\" content=\"Citt\u00e0 di Fiume\" \/>\n<meta property=\"article:modified_time\" content=\"2021-05-13T11:29:19+00:00\" \/>\n<meta name=\"twitter:card\" content=\"summary_large_image\" \/>\n<meta name=\"twitter:label1\" content=\"Est. reading time\" \/>\n\t<meta name=\"twitter:data1\" content=\"2 minutes\" \/>\n<script type=\"application\/ld+json\" class=\"yoast-schema-graph\">{\"@context\":\"https:\/\/schema.org\",\"@graph\":[{\"@type\":\"WebPage\",\"@id\":\"https:\/\/www.rijeka.hr\/it\/temi-per-i-cittadini\/affari-e-investimenti\/diventa-imprenditore\/inizio-dei-propri-affari\/tipi-di-aziende\/\",\"url\":\"https:\/\/www.rijeka.hr\/it\/temi-per-i-cittadini\/affari-e-investimenti\/diventa-imprenditore\/inizio-dei-propri-affari\/tipi-di-aziende\/\",\"name\":\"Tipi di aziende - Citt\u00e0 di Fiume\",\"isPartOf\":{\"@id\":\"https:\/\/www.rijeka.hr\/it\/#website\"},\"datePublished\":\"2019-01-03T14:01:11+00:00\",\"dateModified\":\"2021-05-13T11:29:19+00:00\",\"breadcrumb\":{\"@id\":\"https:\/\/www.rijeka.hr\/it\/temi-per-i-cittadini\/affari-e-investimenti\/diventa-imprenditore\/inizio-dei-propri-affari\/tipi-di-aziende\/#breadcrumb\"},\"inLanguage\":\"it-IT\",\"potentialAction\":[{\"@type\":\"ReadAction\",\"target\":[\"https:\/\/www.rijeka.hr\/it\/temi-per-i-cittadini\/affari-e-investimenti\/diventa-imprenditore\/inizio-dei-propri-affari\/tipi-di-aziende\/\"]}]},{\"@type\":\"BreadcrumbList\",\"@id\":\"https:\/\/www.rijeka.hr\/it\/temi-per-i-cittadini\/affari-e-investimenti\/diventa-imprenditore\/inizio-dei-propri-affari\/tipi-di-aziende\/#breadcrumb\",\"itemListElement\":[{\"@type\":\"ListItem\",\"position\":1,\"name\":\"Po\u010detna stranica\",\"item\":\"https:\/\/www.rijeka.hr\/it\/\"},{\"@type\":\"ListItem\",\"position\":2,\"name\":\"Temi per i cittadini\",\"item\":\"https:\/\/www.rijeka.hr\/it\/temi-per-i-cittadini\/\"},{\"@type\":\"ListItem\",\"position\":3,\"name\":\"Affari e investimenti\",\"item\":\"https:\/\/www.rijeka.hr\/it\/temi-per-i-cittadini\/affari-e-investimenti\/\"},{\"@type\":\"ListItem\",\"position\":4,\"name\":\"Diventa imprenditore\",\"item\":\"https:\/\/www.rijeka.hr\/it\/temi-per-i-cittadini\/affari-e-investimenti\/diventa-imprenditore\/\"},{\"@type\":\"ListItem\",\"position\":5,\"name\":\"Inizio dei propri affari\",\"item\":\"https:\/\/www.rijeka.hr\/it\/temi-per-i-cittadini\/affari-e-investimenti\/diventa-imprenditore\/inizio-dei-propri-affari\/\"},{\"@type\":\"ListItem\",\"position\":6,\"name\":\"Tipi di aziende\"}]},{\"@type\":\"WebSite\",\"@id\":\"https:\/\/www.rijeka.hr\/it\/#website\",\"url\":\"https:\/\/www.rijeka.hr\/it\/\",\"name\":\"Citt\u00e0 di Fiume\",\"description\":\"Portale web della Citta&#039; di Fiume\",\"potentialAction\":[{\"@type\":\"SearchAction\",\"target\":{\"@type\":\"EntryPoint\",\"urlTemplate\":\"https:\/\/www.rijeka.hr\/it\/?s={search_term_string}\"},\"query-input\":{\"@type\":\"PropertyValueSpecification\",\"valueRequired\":true,\"valueName\":\"search_term_string\"}}],\"inLanguage\":\"it-IT\"}]}<\/script>\n<!-- \/ Yoast SEO plugin. -->","yoast_head_json":{"title":"Tipi di aziende - Citt\u00e0 di Fiume","robots":{"index":"index","follow":"follow","max-snippet":"max-snippet:-1","max-image-preview":"max-image-preview:large","max-video-preview":"max-video-preview:-1"},"canonical":"https:\/\/www.rijeka.hr\/it\/temi-per-i-cittadini\/affari-e-investimenti\/diventa-imprenditore\/inizio-dei-propri-affari\/tipi-di-aziende\/","og_locale":"it_IT","og_type":"article","og_title":"Tipi di aziende - Citt\u00e0 di Fiume","og_description":"Tipi di societ\u00e0 e procedura di registrazione: Societ\u00e0 a responsabilit\u00e0 limitata \u2013 S.r.l. \u00e8 una societ\u00e0 in cui una o pi\u00f9 persone giuridiche o fisiche investono le quote di partecipazione con cui partecipano al capitale sociale concordato in anticipo. I fondatori di una societ\u00e0 a responsabilit\u00e0 limitata possono essere persone fisiche o giuridiche estere e...","og_url":"https:\/\/www.rijeka.hr\/it\/temi-per-i-cittadini\/affari-e-investimenti\/diventa-imprenditore\/inizio-dei-propri-affari\/tipi-di-aziende\/","og_site_name":"Citt\u00e0 di Fiume","article_modified_time":"2021-05-13T11:29:19+00:00","twitter_card":"summary_large_image","twitter_misc":{"Est. reading time":"2 minutes"},"schema":{"@context":"https:\/\/schema.org","@graph":[{"@type":"WebPage","@id":"https:\/\/www.rijeka.hr\/it\/temi-per-i-cittadini\/affari-e-investimenti\/diventa-imprenditore\/inizio-dei-propri-affari\/tipi-di-aziende\/","url":"https:\/\/www.rijeka.hr\/it\/temi-per-i-cittadini\/affari-e-investimenti\/diventa-imprenditore\/inizio-dei-propri-affari\/tipi-di-aziende\/","name":"Tipi di aziende - Citt\u00e0 di Fiume","isPartOf":{"@id":"https:\/\/www.rijeka.hr\/it\/#website"},"datePublished":"2019-01-03T14:01:11+00:00","dateModified":"2021-05-13T11:29:19+00:00","breadcrumb":{"@id":"https:\/\/www.rijeka.hr\/it\/temi-per-i-cittadini\/affari-e-investimenti\/diventa-imprenditore\/inizio-dei-propri-affari\/tipi-di-aziende\/#breadcrumb"},"inLanguage":"it-IT","potentialAction":[{"@type":"ReadAction","target":["https:\/\/www.rijeka.hr\/it\/temi-per-i-cittadini\/affari-e-investimenti\/diventa-imprenditore\/inizio-dei-propri-affari\/tipi-di-aziende\/"]}]},{"@type":"BreadcrumbList","@id":"https:\/\/www.rijeka.hr\/it\/temi-per-i-cittadini\/affari-e-investimenti\/diventa-imprenditore\/inizio-dei-propri-affari\/tipi-di-aziende\/#breadcrumb","itemListElement":[{"@type":"ListItem","position":1,"name":"Po\u010detna stranica","item":"https:\/\/www.rijeka.hr\/it\/"},{"@type":"ListItem","position":2,"name":"Temi per i cittadini","item":"https:\/\/www.rijeka.hr\/it\/temi-per-i-cittadini\/"},{"@type":"ListItem","position":3,"name":"Affari e investimenti","item":"https:\/\/www.rijeka.hr\/it\/temi-per-i-cittadini\/affari-e-investimenti\/"},{"@type":"ListItem","position":4,"name":"Diventa imprenditore","item":"https:\/\/www.rijeka.hr\/it\/temi-per-i-cittadini\/affari-e-investimenti\/diventa-imprenditore\/"},{"@type":"ListItem","position":5,"name":"Inizio dei propri affari","item":"https:\/\/www.rijeka.hr\/it\/temi-per-i-cittadini\/affari-e-investimenti\/diventa-imprenditore\/inizio-dei-propri-affari\/"},{"@type":"ListItem","position":6,"name":"Tipi di aziende"}]},{"@type":"WebSite","@id":"https:\/\/www.rijeka.hr\/it\/#website","url":"https:\/\/www.rijeka.hr\/it\/","name":"Citt\u00e0 di Fiume","description":"Portale web della Citta&#039; di Fiume","potentialAction":[{"@type":"SearchAction","target":{"@type":"EntryPoint","urlTemplate":"https:\/\/www.rijeka.hr\/it\/?s={search_term_string}"},"query-input":{"@type":"PropertyValueSpecification","valueRequired":true,"valueName":"search_term_string"}}],"inLanguage":"it-IT"}]}},"_links":{"self":[{"href":"https:\/\/www.rijeka.hr\/it\/wp-json\/wp\/v2\/pages\/7874","targetHints":{"allow":["GET"]}}],"collection":[{"href":"https:\/\/www.rijeka.hr\/it\/wp-json\/wp\/v2\/pages"}],"about":[{"href":"https:\/\/www.rijeka.hr\/it\/wp-json\/wp\/v2\/types\/page"}],"author":[{"embeddable":true,"href":"https:\/\/www.rijeka.hr\/it\/wp-json\/wp\/v2\/users\/4"}],"replies":[{"embeddable":true,"href":"https:\/\/www.rijeka.hr\/it\/wp-json\/wp\/v2\/comments?post=7874"}],"version-history":[{"count":7,"href":"https:\/\/www.rijeka.hr\/it\/wp-json\/wp\/v2\/pages\/7874\/revisions"}],"predecessor-version":[{"id":7881,"href":"https:\/\/www.rijeka.hr\/it\/wp-json\/wp\/v2\/pages\/7874\/revisions\/7881"}],"up":[{"embeddable":true,"href":"https:\/\/www.rijeka.hr\/it\/wp-json\/wp\/v2\/pages\/7858"}],"wp:attachment":[{"href":"https:\/\/www.rijeka.hr\/it\/wp-json\/wp\/v2\/media?parent=7874"}],"wp:term":[{"taxonomy":"post_tag","embeddable":true,"href":"https:\/\/www.rijeka.hr\/it\/wp-json\/wp\/v2\/tags?post=7874"}],"curies":[{"name":"wp","href":"https:\/\/api.w.org\/{rel}","templated":true}]}}