{"id":801,"date":"2016-08-02T15:13:17","date_gmt":"2016-08-02T13:13:17","guid":{"rendered":"https:\/\/www.rijeka.hr\/it\/?page_id=801"},"modified":"2019-11-06T09:42:38","modified_gmt":"2019-11-06T08:42:38","slug":"festival-delle-scienze","status":"publish","type":"page","link":"https:\/\/www.rijeka.hr\/it\/tempo-libero-dei-giovani\/manifestazioni-per-bambini-e-giovani\/festival-delle-scienze\/","title":{"rendered":"Festival delle scienze"},"content":{"rendered":"<p>Il Festival delle scienze \u00e8 la manifestazione volta ad avvicinare la scienza al pubblico, ovvero a informare il pubblico sulle attivit\u00e0 e sui risultati nel campo della scienza, migliorare la percezione pubblica degli scienziati e motivare i giovani alla ricerca e all\u2019acquisto di nuovi saperi.<\/p>\n<p>Con numerosi contenuti attraenti che trattano temi scelti (conferenze popolari, laboratori per scuole elementari e medie superiori, caff\u00e8 scientifici, tribune, mostre, spettacoli) il festival cerca di mostrare la scienza in modo popolare, allegro e comprensibile a tutti.<\/p>\n<p>Dalla sua fondazione nel 2001 fino ad oggi il Festival delle scienze \u00e8 cresciuto in un evento rispettabile che si distingue per la particolarit\u00e0 dei temi e per la diversit\u00e0 dei luoghi in cui i programmi vengono organizzati. Il festival fiumano si distingue dagli altri festival nel paese per un grande numero dei contenuti a cui possono partecipare gli alunni di Fiume assieme ai loro insegnanti. Il contributo speciale del Festival \u00e8 nel fatto che incoraggia all\u2019apprendimento attivo e promuove, in modo popolare, le scienze naturali tra i bambini e i giovani. Siamo orgogliosi perch\u00e9 l\u2019edizione fiumana del Festival sempre contribuisce alla creazione della societ\u00e0 del sapere a Fiume.<\/p>\n<p>Il Festival delle scienze a Fiume viene organizzato dall\u2019associazione \u201cZlatni rez\u201d in collaborazione con numerosi partner e con il supporto della Citt\u00e0 di Fiume, ulteriori informazioni sono disponibili sul sito del <a href=\"http:\/\/www.festivalznanosti.hr\/\" target=\"_blank\" rel=\"noopener\">Festival delle scienze<\/a>.<\/p>\n","protected":false},"excerpt":{"rendered":"<p>Il Festival delle scienze \u00e8 la manifestazione volta ad avvicinare la scienza al pubblico, ovvero a informare il pubblico sulle attivit\u00e0 e sui risultati nel campo della scienza, migliorare la percezione pubblica degli scienziati e motivare i giovani alla ricerca e all\u2019acquisto di nuovi saperi. Con numerosi contenuti attraenti che trattano temi scelti (conferenze popolari,&#8230;<\/p>\n","protected":false},"author":2,"featured_media":0,"parent":464,"menu_order":0,"comment_status":"closed","ping_status":"closed","template":"","meta":{"_acf_changed":false,"_trash_the_other_posts":false,"footnotes":"","_links_to":"","_links_to_target":""},"tags":[],"class_list":["post-801","page","type-page","status-publish","hentry"],"acf":[],"yoast_head":"<!-- This site is optimized with the Yoast SEO plugin v24.4 - https:\/\/yoast.com\/wordpress\/plugins\/seo\/ -->\n<title>Festival delle scienze - Citt\u00e0 di Fiume<\/title>\n<meta name=\"robots\" content=\"index, follow, max-snippet:-1, max-image-preview:large, max-video-preview:-1\" \/>\n<link rel=\"canonical\" href=\"https:\/\/www.rijeka.hr\/it\/tempo-libero-dei-giovani\/manifestazioni-per-bambini-e-giovani\/festival-delle-scienze\/\" \/>\n<meta property=\"og:locale\" content=\"it_IT\" \/>\n<meta property=\"og:type\" content=\"article\" \/>\n<meta property=\"og:title\" content=\"Festival delle scienze - Citt\u00e0 di Fiume\" \/>\n<meta property=\"og:description\" content=\"Il Festival delle scienze \u00e8 la manifestazione volta ad avvicinare la scienza al pubblico, ovvero a informare il pubblico sulle attivit\u00e0 e sui risultati nel campo della scienza, migliorare la percezione pubblica degli scienziati e motivare i giovani alla ricerca e all\u2019acquisto di nuovi saperi. Con numerosi contenuti attraenti che trattano temi scelti (conferenze popolari,...\" \/>\n<meta property=\"og:url\" content=\"https:\/\/www.rijeka.hr\/it\/tempo-libero-dei-giovani\/manifestazioni-per-bambini-e-giovani\/festival-delle-scienze\/\" \/>\n<meta property=\"og:site_name\" content=\"Citt\u00e0 di Fiume\" \/>\n<meta property=\"article:modified_time\" content=\"2019-11-06T08:42:38+00:00\" \/>\n<meta name=\"twitter:card\" content=\"summary_large_image\" \/>\n<meta name=\"twitter:label1\" content=\"Est. reading time\" \/>\n\t<meta name=\"twitter:data1\" content=\"1 minute\" \/>\n<script type=\"application\/ld+json\" class=\"yoast-schema-graph\">{\"@context\":\"https:\/\/schema.org\",\"@graph\":[{\"@type\":\"WebPage\",\"@id\":\"https:\/\/www.rijeka.hr\/it\/tempo-libero-dei-giovani\/manifestazioni-per-bambini-e-giovani\/festival-delle-scienze\/\",\"url\":\"https:\/\/www.rijeka.hr\/it\/tempo-libero-dei-giovani\/manifestazioni-per-bambini-e-giovani\/festival-delle-scienze\/\",\"name\":\"Festival delle scienze - Citt\u00e0 di Fiume\",\"isPartOf\":{\"@id\":\"https:\/\/www.rijeka.hr\/it\/#website\"},\"datePublished\":\"2016-08-02T13:13:17+00:00\",\"dateModified\":\"2019-11-06T08:42:38+00:00\",\"breadcrumb\":{\"@id\":\"https:\/\/www.rijeka.hr\/it\/tempo-libero-dei-giovani\/manifestazioni-per-bambini-e-giovani\/festival-delle-scienze\/#breadcrumb\"},\"inLanguage\":\"it-IT\",\"potentialAction\":[{\"@type\":\"ReadAction\",\"target\":[\"https:\/\/www.rijeka.hr\/it\/tempo-libero-dei-giovani\/manifestazioni-per-bambini-e-giovani\/festival-delle-scienze\/\"]}]},{\"@type\":\"BreadcrumbList\",\"@id\":\"https:\/\/www.rijeka.hr\/it\/tempo-libero-dei-giovani\/manifestazioni-per-bambini-e-giovani\/festival-delle-scienze\/#breadcrumb\",\"itemListElement\":[{\"@type\":\"ListItem\",\"position\":1,\"name\":\"Po\u010detna stranica\",\"item\":\"https:\/\/www.rijeka.hr\/it\/\"},{\"@type\":\"ListItem\",\"position\":2,\"name\":\"Tempo libero dei giovani\",\"item\":\"https:\/\/www.rijeka.hr\/it\/tempo-libero-dei-giovani\/\"},{\"@type\":\"ListItem\",\"position\":3,\"name\":\"Manifestazioni per bambini e giovani\",\"item\":\"https:\/\/www.rijeka.hr\/it\/tempo-libero-dei-giovani\/manifestazioni-per-bambini-e-giovani\/\"},{\"@type\":\"ListItem\",\"position\":4,\"name\":\"Festival delle scienze\"}]},{\"@type\":\"WebSite\",\"@id\":\"https:\/\/www.rijeka.hr\/it\/#website\",\"url\":\"https:\/\/www.rijeka.hr\/it\/\",\"name\":\"Citt\u00e0 di Fiume\",\"description\":\"Portale web della Citta&#039; di Fiume\",\"potentialAction\":[{\"@type\":\"SearchAction\",\"target\":{\"@type\":\"EntryPoint\",\"urlTemplate\":\"https:\/\/www.rijeka.hr\/it\/?s={search_term_string}\"},\"query-input\":{\"@type\":\"PropertyValueSpecification\",\"valueRequired\":true,\"valueName\":\"search_term_string\"}}],\"inLanguage\":\"it-IT\"}]}<\/script>\n<!-- \/ Yoast SEO plugin. -->","yoast_head_json":{"title":"Festival delle scienze - Citt\u00e0 di Fiume","robots":{"index":"index","follow":"follow","max-snippet":"max-snippet:-1","max-image-preview":"max-image-preview:large","max-video-preview":"max-video-preview:-1"},"canonical":"https:\/\/www.rijeka.hr\/it\/tempo-libero-dei-giovani\/manifestazioni-per-bambini-e-giovani\/festival-delle-scienze\/","og_locale":"it_IT","og_type":"article","og_title":"Festival delle scienze - Citt\u00e0 di Fiume","og_description":"Il Festival delle scienze \u00e8 la manifestazione volta ad avvicinare la scienza al pubblico, ovvero a informare il pubblico sulle attivit\u00e0 e sui risultati nel campo della scienza, migliorare la percezione pubblica degli scienziati e motivare i giovani alla ricerca e all\u2019acquisto di nuovi saperi. Con numerosi contenuti attraenti che trattano temi scelti (conferenze popolari,...","og_url":"https:\/\/www.rijeka.hr\/it\/tempo-libero-dei-giovani\/manifestazioni-per-bambini-e-giovani\/festival-delle-scienze\/","og_site_name":"Citt\u00e0 di Fiume","article_modified_time":"2019-11-06T08:42:38+00:00","twitter_card":"summary_large_image","twitter_misc":{"Est. reading time":"1 minute"},"schema":{"@context":"https:\/\/schema.org","@graph":[{"@type":"WebPage","@id":"https:\/\/www.rijeka.hr\/it\/tempo-libero-dei-giovani\/manifestazioni-per-bambini-e-giovani\/festival-delle-scienze\/","url":"https:\/\/www.rijeka.hr\/it\/tempo-libero-dei-giovani\/manifestazioni-per-bambini-e-giovani\/festival-delle-scienze\/","name":"Festival delle scienze - Citt\u00e0 di Fiume","isPartOf":{"@id":"https:\/\/www.rijeka.hr\/it\/#website"},"datePublished":"2016-08-02T13:13:17+00:00","dateModified":"2019-11-06T08:42:38+00:00","breadcrumb":{"@id":"https:\/\/www.rijeka.hr\/it\/tempo-libero-dei-giovani\/manifestazioni-per-bambini-e-giovani\/festival-delle-scienze\/#breadcrumb"},"inLanguage":"it-IT","potentialAction":[{"@type":"ReadAction","target":["https:\/\/www.rijeka.hr\/it\/tempo-libero-dei-giovani\/manifestazioni-per-bambini-e-giovani\/festival-delle-scienze\/"]}]},{"@type":"BreadcrumbList","@id":"https:\/\/www.rijeka.hr\/it\/tempo-libero-dei-giovani\/manifestazioni-per-bambini-e-giovani\/festival-delle-scienze\/#breadcrumb","itemListElement":[{"@type":"ListItem","position":1,"name":"Po\u010detna stranica","item":"https:\/\/www.rijeka.hr\/it\/"},{"@type":"ListItem","position":2,"name":"Tempo libero dei giovani","item":"https:\/\/www.rijeka.hr\/it\/tempo-libero-dei-giovani\/"},{"@type":"ListItem","position":3,"name":"Manifestazioni per bambini e giovani","item":"https:\/\/www.rijeka.hr\/it\/tempo-libero-dei-giovani\/manifestazioni-per-bambini-e-giovani\/"},{"@type":"ListItem","position":4,"name":"Festival delle scienze"}]},{"@type":"WebSite","@id":"https:\/\/www.rijeka.hr\/it\/#website","url":"https:\/\/www.rijeka.hr\/it\/","name":"Citt\u00e0 di Fiume","description":"Portale web della Citta&#039; di Fiume","potentialAction":[{"@type":"SearchAction","target":{"@type":"EntryPoint","urlTemplate":"https:\/\/www.rijeka.hr\/it\/?s={search_term_string}"},"query-input":{"@type":"PropertyValueSpecification","valueRequired":true,"valueName":"search_term_string"}}],"inLanguage":"it-IT"}]}},"_links":{"self":[{"href":"https:\/\/www.rijeka.hr\/it\/wp-json\/wp\/v2\/pages\/801","targetHints":{"allow":["GET"]}}],"collection":[{"href":"https:\/\/www.rijeka.hr\/it\/wp-json\/wp\/v2\/pages"}],"about":[{"href":"https:\/\/www.rijeka.hr\/it\/wp-json\/wp\/v2\/types\/page"}],"author":[{"embeddable":true,"href":"https:\/\/www.rijeka.hr\/it\/wp-json\/wp\/v2\/users\/2"}],"replies":[{"embeddable":true,"href":"https:\/\/www.rijeka.hr\/it\/wp-json\/wp\/v2\/comments?post=801"}],"version-history":[{"count":2,"href":"https:\/\/www.rijeka.hr\/it\/wp-json\/wp\/v2\/pages\/801\/revisions"}],"predecessor-version":[{"id":5644,"href":"https:\/\/www.rijeka.hr\/it\/wp-json\/wp\/v2\/pages\/801\/revisions\/5644"}],"up":[{"embeddable":true,"href":"https:\/\/www.rijeka.hr\/it\/wp-json\/wp\/v2\/pages\/464"}],"wp:attachment":[{"href":"https:\/\/www.rijeka.hr\/it\/wp-json\/wp\/v2\/media?parent=801"}],"wp:term":[{"taxonomy":"post_tag","embeddable":true,"href":"https:\/\/www.rijeka.hr\/it\/wp-json\/wp\/v2\/tags?post=801"}],"curies":[{"name":"wp","href":"https:\/\/api.w.org\/{rel}","templated":true}]}}