{"id":8034,"date":"2019-01-29T13:35:07","date_gmt":"2019-01-29T12:35:07","guid":{"rendered":"https:\/\/www.rijeka.hr\/it\/?page_id=8034"},"modified":"2021-05-13T13:30:21","modified_gmt":"2021-05-13T11:30:21","slug":"innovatori","status":"publish","type":"page","link":"https:\/\/www.rijeka.hr\/it\/temi-per-i-cittadini\/affari-e-investimenti\/diventa-imprenditore\/inizio-dei-propri-affari\/innovatori\/","title":{"rendered":"Innovatori"},"content":{"rendered":"<p>Le sovvenzioni intese a incoraggiare l&#8217;attivit\u00e0 di innovatori e commercializzare innovazioni.<\/p>\n<p>La Citt\u00e0 di Fiume sostiene l&#8217;attivit\u00e0 di innovazione, in particolare dei giovani, attraverso il suo Programma di necessit\u00e0 pubbliche nel campo della cultura tecnica.<\/p>\n<p>La Citt\u00e0 di Fiume attraverso il suo Programma generale di misure volte a incentivare lo sviluppo dell&#8217;imprenditorialit\u00e0 sul territorio della citt\u00e0 di Fiume sovvenziona lo sviluppo della commercializzazione di prodotti e servizi innovativi al fine di incoraggiare lo sviluppo di innovazioni e il successo commerciale di prodotti e \/ o di servizi.<\/p>\n<p>Istituzioni e aziende che forniscono supporto nella trasformazione di un&#8217;innovazione in un prodotto:<\/p>\n<ul>\n<li><a href=\"http:\/\/fipro.hr\/\">Zaklada za financiranje izradbe prototipova FIPRO<\/a><\/li>\n<li><a href=\"http:\/\/www.step.uniri.hr\/\">Znanstveno-tehnologijski park Sveu\u010dili\u0161ta u Rijeci (Step RI)<\/a><\/li>\n<li><a href=\"http:\/\/www.utt.uniri.hr\/\">Ured za transfer tehnologije Sveu\u010dili\u0161ta u Rijeci (SuR UTT)<\/a><\/li>\n<li><a href=\"http:\/\/www.teh-nova.hr\/\">Teh-nova d.o.o.<\/a><\/li>\n<\/ul>\n","protected":false},"excerpt":{"rendered":"<p>Le sovvenzioni intese a incoraggiare l&#8217;attivit\u00e0 di innovatori e commercializzare innovazioni. La Citt\u00e0 di Fiume sostiene l&#8217;attivit\u00e0 di innovazione, in particolare dei giovani, attraverso il suo Programma di necessit\u00e0 pubbliche nel campo della cultura tecnica. La Citt\u00e0 di Fiume attraverso il suo Programma generale di misure volte a incentivare lo sviluppo dell&#8217;imprenditorialit\u00e0 sul territorio della&#8230;<\/p>\n","protected":false},"author":4,"featured_media":0,"parent":7858,"menu_order":0,"comment_status":"closed","ping_status":"closed","template":"","meta":{"_acf_changed":false,"_trash_the_other_posts":false,"footnotes":"","_links_to":"","_links_to_target":""},"tags":[],"class_list":["post-8034","page","type-page","status-publish","hentry"],"acf":[],"yoast_head":"<!-- This site is optimized with the Yoast SEO plugin v24.4 - https:\/\/yoast.com\/wordpress\/plugins\/seo\/ -->\n<title>Innovatori - Citt\u00e0 di Fiume<\/title>\n<meta name=\"robots\" content=\"index, follow, max-snippet:-1, max-image-preview:large, max-video-preview:-1\" \/>\n<link rel=\"canonical\" href=\"https:\/\/www.rijeka.hr\/it\/temi-per-i-cittadini\/affari-e-investimenti\/diventa-imprenditore\/inizio-dei-propri-affari\/innovatori\/\" \/>\n<meta property=\"og:locale\" content=\"it_IT\" \/>\n<meta property=\"og:type\" content=\"article\" \/>\n<meta property=\"og:title\" content=\"Innovatori - Citt\u00e0 di Fiume\" \/>\n<meta property=\"og:description\" content=\"Le sovvenzioni intese a incoraggiare l&#8217;attivit\u00e0 di innovatori e commercializzare innovazioni. La Citt\u00e0 di Fiume sostiene l&#8217;attivit\u00e0 di innovazione, in particolare dei giovani, attraverso il suo Programma di necessit\u00e0 pubbliche nel campo della cultura tecnica. La Citt\u00e0 di Fiume attraverso il suo Programma generale di misure volte a incentivare lo sviluppo dell&#8217;imprenditorialit\u00e0 sul territorio della...\" \/>\n<meta property=\"og:url\" content=\"https:\/\/www.rijeka.hr\/it\/temi-per-i-cittadini\/affari-e-investimenti\/diventa-imprenditore\/inizio-dei-propri-affari\/innovatori\/\" \/>\n<meta property=\"og:site_name\" content=\"Citt\u00e0 di Fiume\" \/>\n<meta property=\"article:modified_time\" content=\"2021-05-13T11:30:21+00:00\" \/>\n<meta name=\"twitter:card\" content=\"summary_large_image\" \/>\n<meta name=\"twitter:label1\" content=\"Est. reading time\" \/>\n\t<meta name=\"twitter:data1\" content=\"1 minute\" \/>\n<script type=\"application\/ld+json\" class=\"yoast-schema-graph\">{\"@context\":\"https:\/\/schema.org\",\"@graph\":[{\"@type\":\"WebPage\",\"@id\":\"https:\/\/www.rijeka.hr\/it\/temi-per-i-cittadini\/affari-e-investimenti\/diventa-imprenditore\/inizio-dei-propri-affari\/innovatori\/\",\"url\":\"https:\/\/www.rijeka.hr\/it\/temi-per-i-cittadini\/affari-e-investimenti\/diventa-imprenditore\/inizio-dei-propri-affari\/innovatori\/\",\"name\":\"Innovatori - Citt\u00e0 di Fiume\",\"isPartOf\":{\"@id\":\"https:\/\/www.rijeka.hr\/it\/#website\"},\"datePublished\":\"2019-01-29T12:35:07+00:00\",\"dateModified\":\"2021-05-13T11:30:21+00:00\",\"breadcrumb\":{\"@id\":\"https:\/\/www.rijeka.hr\/it\/temi-per-i-cittadini\/affari-e-investimenti\/diventa-imprenditore\/inizio-dei-propri-affari\/innovatori\/#breadcrumb\"},\"inLanguage\":\"it-IT\",\"potentialAction\":[{\"@type\":\"ReadAction\",\"target\":[\"https:\/\/www.rijeka.hr\/it\/temi-per-i-cittadini\/affari-e-investimenti\/diventa-imprenditore\/inizio-dei-propri-affari\/innovatori\/\"]}]},{\"@type\":\"BreadcrumbList\",\"@id\":\"https:\/\/www.rijeka.hr\/it\/temi-per-i-cittadini\/affari-e-investimenti\/diventa-imprenditore\/inizio-dei-propri-affari\/innovatori\/#breadcrumb\",\"itemListElement\":[{\"@type\":\"ListItem\",\"position\":1,\"name\":\"Po\u010detna stranica\",\"item\":\"https:\/\/www.rijeka.hr\/it\/\"},{\"@type\":\"ListItem\",\"position\":2,\"name\":\"Temi per i cittadini\",\"item\":\"https:\/\/www.rijeka.hr\/it\/temi-per-i-cittadini\/\"},{\"@type\":\"ListItem\",\"position\":3,\"name\":\"Affari e investimenti\",\"item\":\"https:\/\/www.rijeka.hr\/it\/temi-per-i-cittadini\/affari-e-investimenti\/\"},{\"@type\":\"ListItem\",\"position\":4,\"name\":\"Diventa imprenditore\",\"item\":\"https:\/\/www.rijeka.hr\/it\/temi-per-i-cittadini\/affari-e-investimenti\/diventa-imprenditore\/\"},{\"@type\":\"ListItem\",\"position\":5,\"name\":\"Inizio dei propri affari\",\"item\":\"https:\/\/www.rijeka.hr\/it\/temi-per-i-cittadini\/affari-e-investimenti\/diventa-imprenditore\/inizio-dei-propri-affari\/\"},{\"@type\":\"ListItem\",\"position\":6,\"name\":\"Innovatori\"}]},{\"@type\":\"WebSite\",\"@id\":\"https:\/\/www.rijeka.hr\/it\/#website\",\"url\":\"https:\/\/www.rijeka.hr\/it\/\",\"name\":\"Citt\u00e0 di Fiume\",\"description\":\"Portale web della Citta&#039; di Fiume\",\"potentialAction\":[{\"@type\":\"SearchAction\",\"target\":{\"@type\":\"EntryPoint\",\"urlTemplate\":\"https:\/\/www.rijeka.hr\/it\/?s={search_term_string}\"},\"query-input\":{\"@type\":\"PropertyValueSpecification\",\"valueRequired\":true,\"valueName\":\"search_term_string\"}}],\"inLanguage\":\"it-IT\"}]}<\/script>\n<!-- \/ Yoast SEO plugin. -->","yoast_head_json":{"title":"Innovatori - Citt\u00e0 di Fiume","robots":{"index":"index","follow":"follow","max-snippet":"max-snippet:-1","max-image-preview":"max-image-preview:large","max-video-preview":"max-video-preview:-1"},"canonical":"https:\/\/www.rijeka.hr\/it\/temi-per-i-cittadini\/affari-e-investimenti\/diventa-imprenditore\/inizio-dei-propri-affari\/innovatori\/","og_locale":"it_IT","og_type":"article","og_title":"Innovatori - Citt\u00e0 di Fiume","og_description":"Le sovvenzioni intese a incoraggiare l&#8217;attivit\u00e0 di innovatori e commercializzare innovazioni. La Citt\u00e0 di Fiume sostiene l&#8217;attivit\u00e0 di innovazione, in particolare dei giovani, attraverso il suo Programma di necessit\u00e0 pubbliche nel campo della cultura tecnica. La Citt\u00e0 di Fiume attraverso il suo Programma generale di misure volte a incentivare lo sviluppo dell&#8217;imprenditorialit\u00e0 sul territorio della...","og_url":"https:\/\/www.rijeka.hr\/it\/temi-per-i-cittadini\/affari-e-investimenti\/diventa-imprenditore\/inizio-dei-propri-affari\/innovatori\/","og_site_name":"Citt\u00e0 di Fiume","article_modified_time":"2021-05-13T11:30:21+00:00","twitter_card":"summary_large_image","twitter_misc":{"Est. reading time":"1 minute"},"schema":{"@context":"https:\/\/schema.org","@graph":[{"@type":"WebPage","@id":"https:\/\/www.rijeka.hr\/it\/temi-per-i-cittadini\/affari-e-investimenti\/diventa-imprenditore\/inizio-dei-propri-affari\/innovatori\/","url":"https:\/\/www.rijeka.hr\/it\/temi-per-i-cittadini\/affari-e-investimenti\/diventa-imprenditore\/inizio-dei-propri-affari\/innovatori\/","name":"Innovatori - Citt\u00e0 di Fiume","isPartOf":{"@id":"https:\/\/www.rijeka.hr\/it\/#website"},"datePublished":"2019-01-29T12:35:07+00:00","dateModified":"2021-05-13T11:30:21+00:00","breadcrumb":{"@id":"https:\/\/www.rijeka.hr\/it\/temi-per-i-cittadini\/affari-e-investimenti\/diventa-imprenditore\/inizio-dei-propri-affari\/innovatori\/#breadcrumb"},"inLanguage":"it-IT","potentialAction":[{"@type":"ReadAction","target":["https:\/\/www.rijeka.hr\/it\/temi-per-i-cittadini\/affari-e-investimenti\/diventa-imprenditore\/inizio-dei-propri-affari\/innovatori\/"]}]},{"@type":"BreadcrumbList","@id":"https:\/\/www.rijeka.hr\/it\/temi-per-i-cittadini\/affari-e-investimenti\/diventa-imprenditore\/inizio-dei-propri-affari\/innovatori\/#breadcrumb","itemListElement":[{"@type":"ListItem","position":1,"name":"Po\u010detna stranica","item":"https:\/\/www.rijeka.hr\/it\/"},{"@type":"ListItem","position":2,"name":"Temi per i cittadini","item":"https:\/\/www.rijeka.hr\/it\/temi-per-i-cittadini\/"},{"@type":"ListItem","position":3,"name":"Affari e investimenti","item":"https:\/\/www.rijeka.hr\/it\/temi-per-i-cittadini\/affari-e-investimenti\/"},{"@type":"ListItem","position":4,"name":"Diventa imprenditore","item":"https:\/\/www.rijeka.hr\/it\/temi-per-i-cittadini\/affari-e-investimenti\/diventa-imprenditore\/"},{"@type":"ListItem","position":5,"name":"Inizio dei propri affari","item":"https:\/\/www.rijeka.hr\/it\/temi-per-i-cittadini\/affari-e-investimenti\/diventa-imprenditore\/inizio-dei-propri-affari\/"},{"@type":"ListItem","position":6,"name":"Innovatori"}]},{"@type":"WebSite","@id":"https:\/\/www.rijeka.hr\/it\/#website","url":"https:\/\/www.rijeka.hr\/it\/","name":"Citt\u00e0 di Fiume","description":"Portale web della Citta&#039; di Fiume","potentialAction":[{"@type":"SearchAction","target":{"@type":"EntryPoint","urlTemplate":"https:\/\/www.rijeka.hr\/it\/?s={search_term_string}"},"query-input":{"@type":"PropertyValueSpecification","valueRequired":true,"valueName":"search_term_string"}}],"inLanguage":"it-IT"}]}},"_links":{"self":[{"href":"https:\/\/www.rijeka.hr\/it\/wp-json\/wp\/v2\/pages\/8034","targetHints":{"allow":["GET"]}}],"collection":[{"href":"https:\/\/www.rijeka.hr\/it\/wp-json\/wp\/v2\/pages"}],"about":[{"href":"https:\/\/www.rijeka.hr\/it\/wp-json\/wp\/v2\/types\/page"}],"author":[{"embeddable":true,"href":"https:\/\/www.rijeka.hr\/it\/wp-json\/wp\/v2\/users\/4"}],"replies":[{"embeddable":true,"href":"https:\/\/www.rijeka.hr\/it\/wp-json\/wp\/v2\/comments?post=8034"}],"version-history":[{"count":8,"href":"https:\/\/www.rijeka.hr\/it\/wp-json\/wp\/v2\/pages\/8034\/revisions"}],"predecessor-version":[{"id":8042,"href":"https:\/\/www.rijeka.hr\/it\/wp-json\/wp\/v2\/pages\/8034\/revisions\/8042"}],"up":[{"embeddable":true,"href":"https:\/\/www.rijeka.hr\/it\/wp-json\/wp\/v2\/pages\/7858"}],"wp:attachment":[{"href":"https:\/\/www.rijeka.hr\/it\/wp-json\/wp\/v2\/media?parent=8034"}],"wp:term":[{"taxonomy":"post_tag","embeddable":true,"href":"https:\/\/www.rijeka.hr\/it\/wp-json\/wp\/v2\/tags?post=8034"}],"curies":[{"name":"wp","href":"https:\/\/api.w.org\/{rel}","templated":true}]}}