{"id":809,"date":"2016-08-02T15:20:08","date_gmt":"2016-08-02T13:20:08","guid":{"rendered":"https:\/\/www.rijeka.hr\/it\/?page_id=809"},"modified":"2019-11-18T10:47:21","modified_gmt":"2019-11-18T09:47:21","slug":"djecji-tjedan","status":"publish","type":"page","link":"https:\/\/www.rijeka.hr\/it\/tempo-libero-dei-giovani\/manifestazioni-per-bambini-e-giovani\/djecji-tjedan\/","title":{"rendered":"Settimana dell\u2019infanzia"},"content":{"rendered":"<p>La Settimana dell\u2019infanzia \u00e8 una manifestazione tradizionale dedicata ai bambini che si svolge sotto lo slogan &#8220;L&#8217;amore per i bambini innanzitutto&#8221; durante la prima settimana del mese di ottobre attraverso contenuti specialmente ideati, allo scopo di promuovere i diritti dell\u2019infanzia, la loro posizione nella societ\u00e0 e nella comunit\u00e0 locale. Ogni anno, organizzazioni che si occupano dei diritti umani e delle libert\u00e0, incitano la societ\u00e0 a prendere misure concrete rivolte alla tutela e al miglioramento dei diritti dell\u2019infanzia, per una migliore comprensione, l\u2019accettazione e il benessere di tutti i bambini.<\/p>\n<p>Oltre alla celebrazione della Giornata internazionale del bambino e della Settimana dell\u2019infanzia, il Dipartimento municipale per l\u2019educazione e l\u2019istruzione, in collaborazione con associazioni e istituzioni della Citt\u00e0 di Fiume, prepara una serie di spettacoli scelti per l\u2019occasione, giochi e attivit\u00e0 creative dedicate ai bambini che vedono la partecipazione dei bambini.<\/p>\n<p>Ulteriori informazioni sono disponibili sul sito della <a href=\"http:\/\/www.savez-dnd.hr\/djecji-tjedan\/\" target=\"_blank\" rel=\"noopener\">Settimana dell\u2019infanzia<\/a>.<\/p>\n<p>&nbsp;<\/p>\n","protected":false},"excerpt":{"rendered":"<p>La Settimana dell\u2019infanzia \u00e8 una manifestazione tradizionale dedicata ai bambini che si svolge sotto lo slogan &#8220;L&#8217;amore per i bambini innanzitutto&#8221; durante la prima settimana del mese di ottobre attraverso contenuti specialmente ideati, allo scopo di promuovere i diritti dell\u2019infanzia, la loro posizione nella societ\u00e0 e nella comunit\u00e0 locale. Ogni anno, organizzazioni che si occupano&#8230;<\/p>\n","protected":false},"author":2,"featured_media":0,"parent":464,"menu_order":0,"comment_status":"closed","ping_status":"closed","template":"","meta":{"_acf_changed":false,"_trash_the_other_posts":false,"footnotes":"","_links_to":"","_links_to_target":""},"tags":[],"class_list":["post-809","page","type-page","status-publish","hentry"],"acf":[],"yoast_head":"<!-- This site is optimized with the Yoast SEO plugin v24.4 - https:\/\/yoast.com\/wordpress\/plugins\/seo\/ -->\n<title>Settimana dell\u2019infanzia - Citt\u00e0 di Fiume<\/title>\n<meta name=\"robots\" content=\"index, follow, max-snippet:-1, max-image-preview:large, max-video-preview:-1\" \/>\n<link rel=\"canonical\" href=\"https:\/\/www.rijeka.hr\/it\/tempo-libero-dei-giovani\/manifestazioni-per-bambini-e-giovani\/djecji-tjedan\/\" \/>\n<meta property=\"og:locale\" content=\"it_IT\" \/>\n<meta property=\"og:type\" content=\"article\" \/>\n<meta property=\"og:title\" content=\"Settimana dell\u2019infanzia - Citt\u00e0 di Fiume\" \/>\n<meta property=\"og:description\" content=\"La Settimana dell\u2019infanzia \u00e8 una manifestazione tradizionale dedicata ai bambini che si svolge sotto lo slogan &#8220;L&#8217;amore per i bambini innanzitutto&#8221; durante la prima settimana del mese di ottobre attraverso contenuti specialmente ideati, allo scopo di promuovere i diritti dell\u2019infanzia, la loro posizione nella societ\u00e0 e nella comunit\u00e0 locale. Ogni anno, organizzazioni che si occupano...\" \/>\n<meta property=\"og:url\" content=\"https:\/\/www.rijeka.hr\/it\/tempo-libero-dei-giovani\/manifestazioni-per-bambini-e-giovani\/djecji-tjedan\/\" \/>\n<meta property=\"og:site_name\" content=\"Citt\u00e0 di Fiume\" \/>\n<meta property=\"article:modified_time\" content=\"2019-11-18T09:47:21+00:00\" \/>\n<meta name=\"twitter:card\" content=\"summary_large_image\" \/>\n<meta name=\"twitter:label1\" content=\"Est. reading time\" \/>\n\t<meta name=\"twitter:data1\" content=\"1 minute\" \/>\n<script type=\"application\/ld+json\" class=\"yoast-schema-graph\">{\"@context\":\"https:\/\/schema.org\",\"@graph\":[{\"@type\":\"WebPage\",\"@id\":\"https:\/\/www.rijeka.hr\/it\/tempo-libero-dei-giovani\/manifestazioni-per-bambini-e-giovani\/djecji-tjedan\/\",\"url\":\"https:\/\/www.rijeka.hr\/it\/tempo-libero-dei-giovani\/manifestazioni-per-bambini-e-giovani\/djecji-tjedan\/\",\"name\":\"Settimana dell\u2019infanzia - Citt\u00e0 di Fiume\",\"isPartOf\":{\"@id\":\"https:\/\/www.rijeka.hr\/it\/#website\"},\"datePublished\":\"2016-08-02T13:20:08+00:00\",\"dateModified\":\"2019-11-18T09:47:21+00:00\",\"breadcrumb\":{\"@id\":\"https:\/\/www.rijeka.hr\/it\/tempo-libero-dei-giovani\/manifestazioni-per-bambini-e-giovani\/djecji-tjedan\/#breadcrumb\"},\"inLanguage\":\"it-IT\",\"potentialAction\":[{\"@type\":\"ReadAction\",\"target\":[\"https:\/\/www.rijeka.hr\/it\/tempo-libero-dei-giovani\/manifestazioni-per-bambini-e-giovani\/djecji-tjedan\/\"]}]},{\"@type\":\"BreadcrumbList\",\"@id\":\"https:\/\/www.rijeka.hr\/it\/tempo-libero-dei-giovani\/manifestazioni-per-bambini-e-giovani\/djecji-tjedan\/#breadcrumb\",\"itemListElement\":[{\"@type\":\"ListItem\",\"position\":1,\"name\":\"Po\u010detna stranica\",\"item\":\"https:\/\/www.rijeka.hr\/it\/\"},{\"@type\":\"ListItem\",\"position\":2,\"name\":\"Tempo libero dei giovani\",\"item\":\"https:\/\/www.rijeka.hr\/it\/tempo-libero-dei-giovani\/\"},{\"@type\":\"ListItem\",\"position\":3,\"name\":\"Manifestazioni per bambini e giovani\",\"item\":\"https:\/\/www.rijeka.hr\/it\/tempo-libero-dei-giovani\/manifestazioni-per-bambini-e-giovani\/\"},{\"@type\":\"ListItem\",\"position\":4,\"name\":\"Settimana dell\u2019infanzia\"}]},{\"@type\":\"WebSite\",\"@id\":\"https:\/\/www.rijeka.hr\/it\/#website\",\"url\":\"https:\/\/www.rijeka.hr\/it\/\",\"name\":\"Citt\u00e0 di Fiume\",\"description\":\"Portale web della Citta&#039; di Fiume\",\"potentialAction\":[{\"@type\":\"SearchAction\",\"target\":{\"@type\":\"EntryPoint\",\"urlTemplate\":\"https:\/\/www.rijeka.hr\/it\/?s={search_term_string}\"},\"query-input\":{\"@type\":\"PropertyValueSpecification\",\"valueRequired\":true,\"valueName\":\"search_term_string\"}}],\"inLanguage\":\"it-IT\"}]}<\/script>\n<!-- \/ Yoast SEO plugin. -->","yoast_head_json":{"title":"Settimana dell\u2019infanzia - Citt\u00e0 di Fiume","robots":{"index":"index","follow":"follow","max-snippet":"max-snippet:-1","max-image-preview":"max-image-preview:large","max-video-preview":"max-video-preview:-1"},"canonical":"https:\/\/www.rijeka.hr\/it\/tempo-libero-dei-giovani\/manifestazioni-per-bambini-e-giovani\/djecji-tjedan\/","og_locale":"it_IT","og_type":"article","og_title":"Settimana dell\u2019infanzia - Citt\u00e0 di Fiume","og_description":"La Settimana dell\u2019infanzia \u00e8 una manifestazione tradizionale dedicata ai bambini che si svolge sotto lo slogan &#8220;L&#8217;amore per i bambini innanzitutto&#8221; durante la prima settimana del mese di ottobre attraverso contenuti specialmente ideati, allo scopo di promuovere i diritti dell\u2019infanzia, la loro posizione nella societ\u00e0 e nella comunit\u00e0 locale. Ogni anno, organizzazioni che si occupano...","og_url":"https:\/\/www.rijeka.hr\/it\/tempo-libero-dei-giovani\/manifestazioni-per-bambini-e-giovani\/djecji-tjedan\/","og_site_name":"Citt\u00e0 di Fiume","article_modified_time":"2019-11-18T09:47:21+00:00","twitter_card":"summary_large_image","twitter_misc":{"Est. reading time":"1 minute"},"schema":{"@context":"https:\/\/schema.org","@graph":[{"@type":"WebPage","@id":"https:\/\/www.rijeka.hr\/it\/tempo-libero-dei-giovani\/manifestazioni-per-bambini-e-giovani\/djecji-tjedan\/","url":"https:\/\/www.rijeka.hr\/it\/tempo-libero-dei-giovani\/manifestazioni-per-bambini-e-giovani\/djecji-tjedan\/","name":"Settimana dell\u2019infanzia - Citt\u00e0 di Fiume","isPartOf":{"@id":"https:\/\/www.rijeka.hr\/it\/#website"},"datePublished":"2016-08-02T13:20:08+00:00","dateModified":"2019-11-18T09:47:21+00:00","breadcrumb":{"@id":"https:\/\/www.rijeka.hr\/it\/tempo-libero-dei-giovani\/manifestazioni-per-bambini-e-giovani\/djecji-tjedan\/#breadcrumb"},"inLanguage":"it-IT","potentialAction":[{"@type":"ReadAction","target":["https:\/\/www.rijeka.hr\/it\/tempo-libero-dei-giovani\/manifestazioni-per-bambini-e-giovani\/djecji-tjedan\/"]}]},{"@type":"BreadcrumbList","@id":"https:\/\/www.rijeka.hr\/it\/tempo-libero-dei-giovani\/manifestazioni-per-bambini-e-giovani\/djecji-tjedan\/#breadcrumb","itemListElement":[{"@type":"ListItem","position":1,"name":"Po\u010detna stranica","item":"https:\/\/www.rijeka.hr\/it\/"},{"@type":"ListItem","position":2,"name":"Tempo libero dei giovani","item":"https:\/\/www.rijeka.hr\/it\/tempo-libero-dei-giovani\/"},{"@type":"ListItem","position":3,"name":"Manifestazioni per bambini e giovani","item":"https:\/\/www.rijeka.hr\/it\/tempo-libero-dei-giovani\/manifestazioni-per-bambini-e-giovani\/"},{"@type":"ListItem","position":4,"name":"Settimana dell\u2019infanzia"}]},{"@type":"WebSite","@id":"https:\/\/www.rijeka.hr\/it\/#website","url":"https:\/\/www.rijeka.hr\/it\/","name":"Citt\u00e0 di Fiume","description":"Portale web della Citta&#039; di Fiume","potentialAction":[{"@type":"SearchAction","target":{"@type":"EntryPoint","urlTemplate":"https:\/\/www.rijeka.hr\/it\/?s={search_term_string}"},"query-input":{"@type":"PropertyValueSpecification","valueRequired":true,"valueName":"search_term_string"}}],"inLanguage":"it-IT"}]}},"_links":{"self":[{"href":"https:\/\/www.rijeka.hr\/it\/wp-json\/wp\/v2\/pages\/809","targetHints":{"allow":["GET"]}}],"collection":[{"href":"https:\/\/www.rijeka.hr\/it\/wp-json\/wp\/v2\/pages"}],"about":[{"href":"https:\/\/www.rijeka.hr\/it\/wp-json\/wp\/v2\/types\/page"}],"author":[{"embeddable":true,"href":"https:\/\/www.rijeka.hr\/it\/wp-json\/wp\/v2\/users\/2"}],"replies":[{"embeddable":true,"href":"https:\/\/www.rijeka.hr\/it\/wp-json\/wp\/v2\/comments?post=809"}],"version-history":[{"count":3,"href":"https:\/\/www.rijeka.hr\/it\/wp-json\/wp\/v2\/pages\/809\/revisions"}],"predecessor-version":[{"id":5251,"href":"https:\/\/www.rijeka.hr\/it\/wp-json\/wp\/v2\/pages\/809\/revisions\/5251"}],"up":[{"embeddable":true,"href":"https:\/\/www.rijeka.hr\/it\/wp-json\/wp\/v2\/pages\/464"}],"wp:attachment":[{"href":"https:\/\/www.rijeka.hr\/it\/wp-json\/wp\/v2\/media?parent=809"}],"wp:term":[{"taxonomy":"post_tag","embeddable":true,"href":"https:\/\/www.rijeka.hr\/it\/wp-json\/wp\/v2\/tags?post=809"}],"curies":[{"name":"wp","href":"https:\/\/api.w.org\/{rel}","templated":true}]}}