{"id":816,"date":"2016-08-02T16:07:18","date_gmt":"2016-08-02T14:07:18","guid":{"rendered":"https:\/\/www.rijeka.hr\/it\/?page_id=816"},"modified":"2019-11-18T10:54:42","modified_gmt":"2019-11-18T09:54:42","slug":"una-fiume-di-psicologia","status":"publish","type":"page","link":"https:\/\/www.rijeka.hr\/it\/tempo-libero-dei-giovani\/manifestazioni-per-bambini-e-giovani\/una-fiume-di-psicologia\/","title":{"rendered":"Una Fiume di psicologia"},"content":{"rendered":"<p>La manifestazione \u201cUna Fiume di psicologia\u201d che viene promossa a livello nazionale nell\u2019ambito della Settimana della Psicologia, con l&#8217;obiettivo di mostrare ampie e varie opportunit\u00e0, in cui psicologi possono contribuire al miglioramento della qualit\u00e0 di vita delle persone e della comunit\u00e0. L&#8217;obiettivo della manifestazione \u201cUna Fiume di psicologia\u201d \u00e8 quello di popolarizzare la psicologia e promuovere la sua posizione nella societ\u00e0 organizzando conferenze popolari, laboratori, promozioni, dibattiti, tribune, mostre e caff\u00e8 scientifici in diversi locali a Fiume e nel suo circondario.<\/p>\n<p>Il programma comprende vari temi, mentre le attivit\u00e0 programmatiche sono dedicate a tutte le fasce di et\u00e0 dei cittadini. Di anno in anno le attivit\u00e0 promosse nell\u2019ambito della manifestazione crescono sempre di pi\u00f9 e c\u2019\u00e8 sempre pi\u00f9 gente che vista questa manifestazione che ci porta a concludere che i cittadini di Fiume sono assai interessati alla psicologia. La manifestazione Una Fiume di psicologia viene organizzata dal Dipartimento di Psicologia della Facolt\u00e0 di Lettere e di Filosofia di Fiume, in collaborazione con numerosi partner, e uno degli sponsor della manifestazione \u00e8 la Citt\u00e0 di Fiume.<\/p>\n<p>La manifestazione \u201cUna Fiume di psicologia\u201d \u00e8 stata premiata con numerosi riconoscimenti e premi professionali, come pure con il premio nazionale per l scienza. La manifestazione ha il suo lato umanitario. Vale a dire che a partire dal 2012, durante la manifestazione \u201cUna Fiume di psicologia\u201d attraverso la vendita di materiali pubblicitari sugli stand sono stati raccolti mezzi finanziari per:<\/p>\n<ul>\n<li>la sistemazione del Reparto per l\u2019infanzia e l\u2019adolescenza dell\u2019Ospedale psichiatrico di Lopa\u010da (2012)<\/li>\n<li>Reparto di riabilitazione neurocognitiva dell\u2019Ospedale psichiatrico di Rab (Arbe) (2013)<\/li>\n<li>l\u2019acquisto di giocatoli didattici specializzati per bambini con lesioni motorie nell\u2019Ente Asili di Fiume (2014)<\/li>\n<li>l\u2019acquisto di attrezzature per il Centro di riabilitazione Fortica, Kraljevica (2015)<\/li>\n<li>l\u2019acquisto di software che faciliter\u00e0 il lavoro quotidiano dei bambini e dei riabilitatori-educatori del Centro per l\u2019educazione e l\u2019istruzione di Fiume (2016)<\/li>\n<li>attrezzamento dell\u2019aula destinata alla prassi professionale degli alunni con difficolt\u00e0 nello sviluppo della scuola di economia Mijo Mirkovi\u0107 di Fiume (2017)<\/li>\n<\/ul>\n<p>Ulteriori informazioni sono disponibili sul sito web della manifestazione\u00a0<a href=\"http:\/\/www.rijekapsihologije.org\/\">Una Fiume di psicologia<\/a>.<\/p>\n","protected":false},"excerpt":{"rendered":"<p>La manifestazione \u201cUna Fiume di psicologia\u201d che viene promossa a livello nazionale nell\u2019ambito della Settimana della Psicologia, con l&#8217;obiettivo di mostrare ampie e varie opportunit\u00e0, in cui psicologi possono contribuire al miglioramento della qualit\u00e0 di vita delle persone e della comunit\u00e0. L&#8217;obiettivo della manifestazione \u201cUna Fiume di psicologia\u201d \u00e8 quello di popolarizzare la psicologia e&#8230;<\/p>\n","protected":false},"author":2,"featured_media":0,"parent":464,"menu_order":0,"comment_status":"closed","ping_status":"closed","template":"","meta":{"_acf_changed":false,"_trash_the_other_posts":false,"footnotes":"","_links_to":"","_links_to_target":""},"tags":[],"class_list":["post-816","page","type-page","status-publish","hentry"],"acf":[],"yoast_head":"<!-- This site is optimized with the Yoast SEO plugin v24.4 - https:\/\/yoast.com\/wordpress\/plugins\/seo\/ -->\n<title>Una Fiume di psicologia - Citt\u00e0 di Fiume<\/title>\n<meta name=\"robots\" content=\"index, follow, max-snippet:-1, max-image-preview:large, max-video-preview:-1\" \/>\n<link rel=\"canonical\" href=\"https:\/\/www.rijeka.hr\/it\/tempo-libero-dei-giovani\/manifestazioni-per-bambini-e-giovani\/una-fiume-di-psicologia\/\" \/>\n<meta property=\"og:locale\" content=\"it_IT\" \/>\n<meta property=\"og:type\" content=\"article\" \/>\n<meta property=\"og:title\" content=\"Una Fiume di psicologia - Citt\u00e0 di Fiume\" \/>\n<meta property=\"og:description\" content=\"La manifestazione \u201cUna Fiume di psicologia\u201d che viene promossa a livello nazionale nell\u2019ambito della Settimana della Psicologia, con l&#8217;obiettivo di mostrare ampie e varie opportunit\u00e0, in cui psicologi possono contribuire al miglioramento della qualit\u00e0 di vita delle persone e della comunit\u00e0. L&#8217;obiettivo della manifestazione \u201cUna Fiume di psicologia\u201d \u00e8 quello di popolarizzare la psicologia e...\" \/>\n<meta property=\"og:url\" content=\"https:\/\/www.rijeka.hr\/it\/tempo-libero-dei-giovani\/manifestazioni-per-bambini-e-giovani\/una-fiume-di-psicologia\/\" \/>\n<meta property=\"og:site_name\" content=\"Citt\u00e0 di Fiume\" \/>\n<meta property=\"article:modified_time\" content=\"2019-11-18T09:54:42+00:00\" \/>\n<meta name=\"twitter:card\" content=\"summary_large_image\" \/>\n<meta name=\"twitter:label1\" content=\"Est. reading time\" \/>\n\t<meta name=\"twitter:data1\" content=\"2 minutes\" \/>\n<script type=\"application\/ld+json\" class=\"yoast-schema-graph\">{\"@context\":\"https:\/\/schema.org\",\"@graph\":[{\"@type\":\"WebPage\",\"@id\":\"https:\/\/www.rijeka.hr\/it\/tempo-libero-dei-giovani\/manifestazioni-per-bambini-e-giovani\/una-fiume-di-psicologia\/\",\"url\":\"https:\/\/www.rijeka.hr\/it\/tempo-libero-dei-giovani\/manifestazioni-per-bambini-e-giovani\/una-fiume-di-psicologia\/\",\"name\":\"Una Fiume di psicologia - Citt\u00e0 di Fiume\",\"isPartOf\":{\"@id\":\"https:\/\/www.rijeka.hr\/it\/#website\"},\"datePublished\":\"2016-08-02T14:07:18+00:00\",\"dateModified\":\"2019-11-18T09:54:42+00:00\",\"breadcrumb\":{\"@id\":\"https:\/\/www.rijeka.hr\/it\/tempo-libero-dei-giovani\/manifestazioni-per-bambini-e-giovani\/una-fiume-di-psicologia\/#breadcrumb\"},\"inLanguage\":\"it-IT\",\"potentialAction\":[{\"@type\":\"ReadAction\",\"target\":[\"https:\/\/www.rijeka.hr\/it\/tempo-libero-dei-giovani\/manifestazioni-per-bambini-e-giovani\/una-fiume-di-psicologia\/\"]}]},{\"@type\":\"BreadcrumbList\",\"@id\":\"https:\/\/www.rijeka.hr\/it\/tempo-libero-dei-giovani\/manifestazioni-per-bambini-e-giovani\/una-fiume-di-psicologia\/#breadcrumb\",\"itemListElement\":[{\"@type\":\"ListItem\",\"position\":1,\"name\":\"Po\u010detna stranica\",\"item\":\"https:\/\/www.rijeka.hr\/it\/\"},{\"@type\":\"ListItem\",\"position\":2,\"name\":\"Tempo libero dei giovani\",\"item\":\"https:\/\/www.rijeka.hr\/it\/tempo-libero-dei-giovani\/\"},{\"@type\":\"ListItem\",\"position\":3,\"name\":\"Manifestazioni per bambini e giovani\",\"item\":\"https:\/\/www.rijeka.hr\/it\/tempo-libero-dei-giovani\/manifestazioni-per-bambini-e-giovani\/\"},{\"@type\":\"ListItem\",\"position\":4,\"name\":\"Una Fiume di psicologia\"}]},{\"@type\":\"WebSite\",\"@id\":\"https:\/\/www.rijeka.hr\/it\/#website\",\"url\":\"https:\/\/www.rijeka.hr\/it\/\",\"name\":\"Citt\u00e0 di Fiume\",\"description\":\"Portale web della Citta&#039; di Fiume\",\"potentialAction\":[{\"@type\":\"SearchAction\",\"target\":{\"@type\":\"EntryPoint\",\"urlTemplate\":\"https:\/\/www.rijeka.hr\/it\/?s={search_term_string}\"},\"query-input\":{\"@type\":\"PropertyValueSpecification\",\"valueRequired\":true,\"valueName\":\"search_term_string\"}}],\"inLanguage\":\"it-IT\"}]}<\/script>\n<!-- \/ Yoast SEO plugin. -->","yoast_head_json":{"title":"Una Fiume di psicologia - Citt\u00e0 di Fiume","robots":{"index":"index","follow":"follow","max-snippet":"max-snippet:-1","max-image-preview":"max-image-preview:large","max-video-preview":"max-video-preview:-1"},"canonical":"https:\/\/www.rijeka.hr\/it\/tempo-libero-dei-giovani\/manifestazioni-per-bambini-e-giovani\/una-fiume-di-psicologia\/","og_locale":"it_IT","og_type":"article","og_title":"Una Fiume di psicologia - Citt\u00e0 di Fiume","og_description":"La manifestazione \u201cUna Fiume di psicologia\u201d che viene promossa a livello nazionale nell\u2019ambito della Settimana della Psicologia, con l&#8217;obiettivo di mostrare ampie e varie opportunit\u00e0, in cui psicologi possono contribuire al miglioramento della qualit\u00e0 di vita delle persone e della comunit\u00e0. L&#8217;obiettivo della manifestazione \u201cUna Fiume di psicologia\u201d \u00e8 quello di popolarizzare la psicologia e...","og_url":"https:\/\/www.rijeka.hr\/it\/tempo-libero-dei-giovani\/manifestazioni-per-bambini-e-giovani\/una-fiume-di-psicologia\/","og_site_name":"Citt\u00e0 di Fiume","article_modified_time":"2019-11-18T09:54:42+00:00","twitter_card":"summary_large_image","twitter_misc":{"Est. reading time":"2 minutes"},"schema":{"@context":"https:\/\/schema.org","@graph":[{"@type":"WebPage","@id":"https:\/\/www.rijeka.hr\/it\/tempo-libero-dei-giovani\/manifestazioni-per-bambini-e-giovani\/una-fiume-di-psicologia\/","url":"https:\/\/www.rijeka.hr\/it\/tempo-libero-dei-giovani\/manifestazioni-per-bambini-e-giovani\/una-fiume-di-psicologia\/","name":"Una Fiume di psicologia - Citt\u00e0 di Fiume","isPartOf":{"@id":"https:\/\/www.rijeka.hr\/it\/#website"},"datePublished":"2016-08-02T14:07:18+00:00","dateModified":"2019-11-18T09:54:42+00:00","breadcrumb":{"@id":"https:\/\/www.rijeka.hr\/it\/tempo-libero-dei-giovani\/manifestazioni-per-bambini-e-giovani\/una-fiume-di-psicologia\/#breadcrumb"},"inLanguage":"it-IT","potentialAction":[{"@type":"ReadAction","target":["https:\/\/www.rijeka.hr\/it\/tempo-libero-dei-giovani\/manifestazioni-per-bambini-e-giovani\/una-fiume-di-psicologia\/"]}]},{"@type":"BreadcrumbList","@id":"https:\/\/www.rijeka.hr\/it\/tempo-libero-dei-giovani\/manifestazioni-per-bambini-e-giovani\/una-fiume-di-psicologia\/#breadcrumb","itemListElement":[{"@type":"ListItem","position":1,"name":"Po\u010detna stranica","item":"https:\/\/www.rijeka.hr\/it\/"},{"@type":"ListItem","position":2,"name":"Tempo libero dei giovani","item":"https:\/\/www.rijeka.hr\/it\/tempo-libero-dei-giovani\/"},{"@type":"ListItem","position":3,"name":"Manifestazioni per bambini e giovani","item":"https:\/\/www.rijeka.hr\/it\/tempo-libero-dei-giovani\/manifestazioni-per-bambini-e-giovani\/"},{"@type":"ListItem","position":4,"name":"Una Fiume di psicologia"}]},{"@type":"WebSite","@id":"https:\/\/www.rijeka.hr\/it\/#website","url":"https:\/\/www.rijeka.hr\/it\/","name":"Citt\u00e0 di Fiume","description":"Portale web della Citta&#039; di Fiume","potentialAction":[{"@type":"SearchAction","target":{"@type":"EntryPoint","urlTemplate":"https:\/\/www.rijeka.hr\/it\/?s={search_term_string}"},"query-input":{"@type":"PropertyValueSpecification","valueRequired":true,"valueName":"search_term_string"}}],"inLanguage":"it-IT"}]}},"_links":{"self":[{"href":"https:\/\/www.rijeka.hr\/it\/wp-json\/wp\/v2\/pages\/816","targetHints":{"allow":["GET"]}}],"collection":[{"href":"https:\/\/www.rijeka.hr\/it\/wp-json\/wp\/v2\/pages"}],"about":[{"href":"https:\/\/www.rijeka.hr\/it\/wp-json\/wp\/v2\/types\/page"}],"author":[{"embeddable":true,"href":"https:\/\/www.rijeka.hr\/it\/wp-json\/wp\/v2\/users\/2"}],"replies":[{"embeddable":true,"href":"https:\/\/www.rijeka.hr\/it\/wp-json\/wp\/v2\/comments?post=816"}],"version-history":[{"count":5,"href":"https:\/\/www.rijeka.hr\/it\/wp-json\/wp\/v2\/pages\/816\/revisions"}],"predecessor-version":[{"id":3657,"href":"https:\/\/www.rijeka.hr\/it\/wp-json\/wp\/v2\/pages\/816\/revisions\/3657"}],"up":[{"embeddable":true,"href":"https:\/\/www.rijeka.hr\/it\/wp-json\/wp\/v2\/pages\/464"}],"wp:attachment":[{"href":"https:\/\/www.rijeka.hr\/it\/wp-json\/wp\/v2\/media?parent=816"}],"wp:term":[{"taxonomy":"post_tag","embeddable":true,"href":"https:\/\/www.rijeka.hr\/it\/wp-json\/wp\/v2\/tags?post=816"}],"curies":[{"name":"wp","href":"https:\/\/api.w.org\/{rel}","templated":true}]}}